{"id":17879,"date":"2025-02-07T20:49:36","date_gmt":"2025-02-07T16:49:36","guid":{"rendered":"https:\/\/airsystems.ge\/shop\/product\/ucb-mini-u-form-sound-isolation-ceiling-bracket\/"},"modified":"2025-02-07T20:51:14","modified_gmt":"2025-02-07T16:51:14","slug":"ucb-mini-u-form-sound-isolation-ceiling-bracket","status":"publish","type":"product","link":"https:\/\/airrent.ge\/fr\/produit\/ucb-mini-u-form-sound-isolation-ceiling-bracket\/","title":{"rendered":"UCB.mini : Support de plafond \u00e0 isolation acoustique en U"},"content":{"rendered":"<table border=\"1\" width=\"281\" cellspacing=\"1\" cellpadding=\"1\">\n<tbody>\n<tr>\n<td>\n<p align=\"center\"><strong>TYPE<\/strong><\/p>\n<\/td>\n<td>\n<p align=\"center\"><strong>LOAD RANGE (daN)<\/strong><\/p>\n<\/td>\n<\/tr>\n<tr>\n<td>\n<p align=\"center\"><b>UCB.mini 20<\/b><\/p>\n<\/td>\n<td>\n<p align=\"center\">8-20<\/p>\n<\/td>\n<\/tr>\n<tr>\n<td>\n<p align=\"center\"><b>UCB.mini 50<\/b><\/p>\n<\/td>\n<td>\n<p align=\"center\">20-50<\/p>\n<\/td>\n<\/tr>\n<\/tbody>\n<\/table>\n<p><img loading=\"lazy\" decoding=\"async\" class=\"alignleft wp-image-10864 size-medium\" src=\"https:\/\/antivibration-systems.com\/wp-content\/uploads\/2020\/12\/Vibro-Mini-Deflection-300x185.png\" sizes=\"auto, (max-width: 300px) 100vw, 300px\" srcset=\"https:\/\/antivibration-systems.com\/wp-content\/uploads\/2020\/12\/Vibro-Mini-Deflection-300x185.png 300w, https:\/\/antivibration-systems.com\/wp-content\/uploads\/2020\/12\/Vibro-Mini-Deflection-768x473.png 768w, https:\/\/antivibration-systems.com\/wp-content\/uploads\/2020\/12\/Vibro-Mini-Deflection.png 975w\" alt=\"\" width=\"300\" height=\"185\" \/><\/p>\n","protected":false},"excerpt":{"rendered":"<p>Support d&rsquo;isolation acoustique en U pour contreventement mural, suspension au plafond et suspension d&rsquo;accessoires.<\/p>\n<p>Vibro-UCB.mini est un support d&rsquo;isolation acoustique en U, utilis\u00e9 dans une vari\u00e9t\u00e9 d&rsquo;applications murales et de plafonds, o\u00f9 un support structurel combin\u00e9 \u00e0 une isolation vibratoire est n\u00e9cessaire. Cela comprend le contreventement mural, la suspension au plafond et la suspension d&rsquo;accessoires.<br \/>\nCes supports sont utilis\u00e9s dans les plafonds \u00e0 solives en bois, les syst\u00e8mes de retenue murale et de plafond, pour une isolation acoustique accrue dans la gamme des basses et hautes fr\u00e9quences.<\/p>\n<p>Corps principal :<\/p>\n<p>Acier doux selon DIN EN 10111\/10051 prot\u00e9g\u00e9 par une plaque de zinc selon DIN 50961.<br \/>\nUn trou de 14 mm sur le dessus<br \/>\nUn trou filet\u00e9 M6 en bas.<br \/>\nTrous lat\u00e9raux auxiliaires pour une fixation facile par vis.<br \/>\nIsolateur de vibrations : Coussinet en caoutchouc Vibro-mini<\/p>\n<p>Remarque :<br \/>\n\u2013 La tige d&rsquo;ancrage de la suspension peut \u00eatre perpendiculaire.<br \/>\n\u2013 Le tampon en caoutchouc peut \u00eatre install\u00e9 pr\u00e9-comprim\u00e9 en serrant l&rsquo;\u00e9crou et la rondelle sur le dessus du support.<br \/>\n\u2013 La vis traversante emp\u00eache la machine de tomber en cas de destruction par le feu de la pi\u00e8ce \u00e9lastique. (Fail Safe)<br \/>\n\u2013 Gr\u00e2ce \u00e0 sa conception pionni\u00e8re, le Vibro-mini offre une grande d\u00e9flexion (ce qui signifie de meilleurs r\u00e9sultats anti-vibratoires) lorsqu&rsquo;il est charg\u00e9.<\/p>\n","protected":false},"featured_media":17876,"template":"","meta":[],"product_brand":[],"product_cat":[707],"product_tag":[],"class_list":{"0":"post-17879","1":"product","2":"type-product","3":"status-publish","4":"has-post-thumbnail","6":"product_cat-vibration-anti-bruit-acoustique-fr","8":"first","9":"instock","10":"shipping-taxable","11":"product-type-simple"},"yoast_head":"<!-- This site is optimized with the Yoast SEO plugin v27.1.1 - https:\/\/yoast.com\/product\/yoast-seo-wordpress\/ -->\n<title>UCB.mini : Support de plafond \u00e0 isolation acoustique en U - AirRent.ge<\/title>\n<meta name=\"robots\" content=\"index, follow, max-snippet:-1, max-image-preview:large, max-video-preview:-1\" \/>\n<link rel=\"canonical\" href=\"https:\/\/airrent.ge\/fr\/produit\/ucb-mini-u-form-sound-isolation-ceiling-bracket\/\" \/>\n<meta property=\"og:locale\" content=\"fr_FR\" \/>\n<meta property=\"og:type\" content=\"article\" \/>\n<meta property=\"og:title\" content=\"UCB.mini : Support de plafond \u00e0 isolation acoustique en U - AirRent.ge\" \/>\n<meta property=\"og:description\" content=\"Support d&#039;isolation acoustique en U pour contreventement mural, suspension au plafond et suspension d&#039;accessoires.  Vibro-UCB.mini est un support d&#039;isolation acoustique en U, utilis\u00e9 dans une vari\u00e9t\u00e9 d&#039;applications murales et de plafonds, o\u00f9 un support structurel combin\u00e9 \u00e0 une isolation vibratoire est n\u00e9cessaire. Cela comprend le contreventement mural, la suspension au plafond et la suspension d&#039;accessoires. Ces supports sont utilis\u00e9s dans les plafonds \u00e0 solives en bois, les syst\u00e8mes de retenue murale et de plafond, pour une isolation acoustique accrue dans la gamme des basses et hautes fr\u00e9quences.  Corps principal :  Acier doux selon DIN EN 10111\/10051 prot\u00e9g\u00e9 par une plaque de zinc selon DIN 50961. Un trou de 14 mm sur le dessus Un trou filet\u00e9 M6 en bas. Trous lat\u00e9raux auxiliaires pour une fixation facile par vis. Isolateur de vibrations : Coussinet en caoutchouc Vibro-mini  Remarque : \u2013 La tige d&#039;ancrage de la suspension peut \u00eatre perpendiculaire. \u2013 Le tampon en caoutchouc peut \u00eatre install\u00e9 pr\u00e9-comprim\u00e9 en serrant l&#039;\u00e9crou et la rondelle sur le dessus du support. \u2013 La vis traversante emp\u00eache la machine de tomber en cas de destruction par le feu de la pi\u00e8ce \u00e9lastique. (Fail Safe) \u2013 Gr\u00e2ce \u00e0 sa conception pionni\u00e8re, le Vibro-mini offre une grande d\u00e9flexion (ce qui signifie de meilleurs r\u00e9sultats anti-vibratoires) lorsqu&#039;il est charg\u00e9.\" \/>\n<meta property=\"og:url\" content=\"https:\/\/airrent.ge\/fr\/produit\/ucb-mini-u-form-sound-isolation-ceiling-bracket\/\" \/>\n<meta property=\"og:site_name\" content=\"AirRent.ge\" \/>\n<meta property=\"article:modified_time\" content=\"2025-02-07T16:51:14+00:00\" \/>\n<meta property=\"og:image\" content=\"https:\/\/airrent.ge\/wp-content\/uploads\/2025\/02\/VIBRO-UCB_perspective.jpg\" \/>\n\t<meta property=\"og:image:width\" content=\"800\" \/>\n\t<meta property=\"og:image:height\" content=\"600\" \/>\n\t<meta property=\"og:image:type\" content=\"image\/jpeg\" \/>\n<meta name=\"twitter:card\" content=\"summary_large_image\" \/>\n<script type=\"application\/ld+json\" class=\"yoast-schema-graph\">{\"@context\":\"https:\/\/schema.org\",\"@graph\":[{\"@type\":\"WebPage\",\"@id\":\"https:\/\/airrent.ge\/fr\/produit\/ucb-mini-u-form-sound-isolation-ceiling-bracket\/\",\"url\":\"https:\/\/airrent.ge\/fr\/produit\/ucb-mini-u-form-sound-isolation-ceiling-bracket\/\",\"name\":\"UCB.mini : Support de plafond \u00e0 isolation acoustique en U - AirRent.ge\",\"isPartOf\":{\"@id\":\"https:\/\/airrent.ge\/#website\"},\"primaryImageOfPage\":{\"@id\":\"https:\/\/airrent.ge\/fr\/produit\/ucb-mini-u-form-sound-isolation-ceiling-bracket\/#primaryimage\"},\"image\":{\"@id\":\"https:\/\/airrent.ge\/fr\/produit\/ucb-mini-u-form-sound-isolation-ceiling-bracket\/#primaryimage\"},\"thumbnailUrl\":\"https:\/\/airrent.ge\/wp-content\/uploads\/2025\/02\/VIBRO-UCB_perspective.jpg\",\"datePublished\":\"2025-02-07T16:49:36+00:00\",\"dateModified\":\"2025-02-07T16:51:14+00:00\",\"breadcrumb\":{\"@id\":\"https:\/\/airrent.ge\/fr\/produit\/ucb-mini-u-form-sound-isolation-ceiling-bracket\/#breadcrumb\"},\"inLanguage\":\"fr-FR\",\"potentialAction\":[{\"@type\":\"ReadAction\",\"target\":[\"https:\/\/airrent.ge\/fr\/produit\/ucb-mini-u-form-sound-isolation-ceiling-bracket\/\"]}]},{\"@type\":\"ImageObject\",\"inLanguage\":\"fr-FR\",\"@id\":\"https:\/\/airrent.ge\/fr\/produit\/ucb-mini-u-form-sound-isolation-ceiling-bracket\/#primaryimage\",\"url\":\"https:\/\/airrent.ge\/wp-content\/uploads\/2025\/02\/VIBRO-UCB_perspective.jpg\",\"contentUrl\":\"https:\/\/airrent.ge\/wp-content\/uploads\/2025\/02\/VIBRO-UCB_perspective.jpg\",\"width\":800,\"height\":600},{\"@type\":\"BreadcrumbList\",\"@id\":\"https:\/\/airrent.ge\/fr\/produit\/ucb-mini-u-form-sound-isolation-ceiling-bracket\/#breadcrumb\",\"itemListElement\":[{\"@type\":\"ListItem\",\"position\":1,\"name\":\"Home\",\"item\":\"https:\/\/airrent.ge\/fr\/home\/\"},{\"@type\":\"ListItem\",\"position\":2,\"name\":\"Products\",\"item\":\"https:\/\/airrent.ge\/fr\/products\/\"},{\"@type\":\"ListItem\",\"position\":3,\"name\":\"UCB.mini : Support de plafond \u00e0 isolation acoustique en U\"}]},{\"@type\":\"WebSite\",\"@id\":\"https:\/\/airrent.ge\/#website\",\"url\":\"https:\/\/airrent.ge\/\",\"name\":\"airrent.ge\",\"description\":\"Rental Services\",\"publisher\":{\"@id\":\"https:\/\/airrent.ge\/#organization\"},\"potentialAction\":[{\"@type\":\"SearchAction\",\"target\":{\"@type\":\"EntryPoint\",\"urlTemplate\":\"https:\/\/airrent.ge\/?s={search_term_string}\"},\"query-input\":{\"@type\":\"PropertyValueSpecification\",\"valueRequired\":true,\"valueName\":\"search_term_string\"}}],\"inLanguage\":\"fr-FR\"},{\"@type\":\"Organization\",\"@id\":\"https:\/\/airrent.ge\/#organization\",\"name\":\"airrent.ge\",\"url\":\"https:\/\/airrent.ge\/\",\"logo\":{\"@type\":\"ImageObject\",\"inLanguage\":\"fr-FR\",\"@id\":\"https:\/\/airrent.ge\/#\/schema\/logo\/image\/\",\"url\":\"https:\/\/airrent.ge\/wp-content\/uploads\/2026\/03\/airrent.png\",\"contentUrl\":\"https:\/\/airrent.ge\/wp-content\/uploads\/2026\/03\/airrent.png\",\"width\":1536,\"height\":1024,\"caption\":\"airrent.ge\"},\"image\":{\"@id\":\"https:\/\/airrent.ge\/#\/schema\/logo\/image\/\"}}]}<\/script>\n<!-- \/ Yoast SEO plugin. -->","yoast_head_json":{"title":"UCB.mini : Support de plafond \u00e0 isolation acoustique en U - AirRent.ge","robots":{"index":"index","follow":"follow","max-snippet":"max-snippet:-1","max-image-preview":"max-image-preview:large","max-video-preview":"max-video-preview:-1"},"canonical":"https:\/\/airrent.ge\/fr\/produit\/ucb-mini-u-form-sound-isolation-ceiling-bracket\/","og_locale":"fr_FR","og_type":"article","og_title":"UCB.mini : Support de plafond \u00e0 isolation acoustique en U - AirRent.ge","og_description":"Support d'isolation acoustique en U pour contreventement mural, suspension au plafond et suspension d'accessoires.  Vibro-UCB.mini est un support d'isolation acoustique en U, utilis\u00e9 dans une vari\u00e9t\u00e9 d'applications murales et de plafonds, o\u00f9 un support structurel combin\u00e9 \u00e0 une isolation vibratoire est n\u00e9cessaire. Cela comprend le contreventement mural, la suspension au plafond et la suspension d'accessoires. Ces supports sont utilis\u00e9s dans les plafonds \u00e0 solives en bois, les syst\u00e8mes de retenue murale et de plafond, pour une isolation acoustique accrue dans la gamme des basses et hautes fr\u00e9quences.  Corps principal :  Acier doux selon DIN EN 10111\/10051 prot\u00e9g\u00e9 par une plaque de zinc selon DIN 50961. Un trou de 14 mm sur le dessus Un trou filet\u00e9 M6 en bas. Trous lat\u00e9raux auxiliaires pour une fixation facile par vis. Isolateur de vibrations : Coussinet en caoutchouc Vibro-mini  Remarque : \u2013 La tige d'ancrage de la suspension peut \u00eatre perpendiculaire. \u2013 Le tampon en caoutchouc peut \u00eatre install\u00e9 pr\u00e9-comprim\u00e9 en serrant l'\u00e9crou et la rondelle sur le dessus du support. \u2013 La vis traversante emp\u00eache la machine de tomber en cas de destruction par le feu de la pi\u00e8ce \u00e9lastique. (Fail Safe) \u2013 Gr\u00e2ce \u00e0 sa conception pionni\u00e8re, le Vibro-mini offre une grande d\u00e9flexion (ce qui signifie de meilleurs r\u00e9sultats anti-vibratoires) lorsqu'il est charg\u00e9.","og_url":"https:\/\/airrent.ge\/fr\/produit\/ucb-mini-u-form-sound-isolation-ceiling-bracket\/","og_site_name":"AirRent.ge","article_modified_time":"2025-02-07T16:51:14+00:00","og_image":[{"width":800,"height":600,"url":"https:\/\/airrent.ge\/wp-content\/uploads\/2025\/02\/VIBRO-UCB_perspective.jpg","type":"image\/jpeg"}],"twitter_card":"summary_large_image","schema":{"@context":"https:\/\/schema.org","@graph":[{"@type":"WebPage","@id":"https:\/\/airrent.ge\/fr\/produit\/ucb-mini-u-form-sound-isolation-ceiling-bracket\/","url":"https:\/\/airrent.ge\/fr\/produit\/ucb-mini-u-form-sound-isolation-ceiling-bracket\/","name":"UCB.mini : Support de plafond \u00e0 isolation acoustique en U - AirRent.ge","isPartOf":{"@id":"https:\/\/airrent.ge\/#website"},"primaryImageOfPage":{"@id":"https:\/\/airrent.ge\/fr\/produit\/ucb-mini-u-form-sound-isolation-ceiling-bracket\/#primaryimage"},"image":{"@id":"https:\/\/airrent.ge\/fr\/produit\/ucb-mini-u-form-sound-isolation-ceiling-bracket\/#primaryimage"},"thumbnailUrl":"https:\/\/airrent.ge\/wp-content\/uploads\/2025\/02\/VIBRO-UCB_perspective.jpg","datePublished":"2025-02-07T16:49:36+00:00","dateModified":"2025-02-07T16:51:14+00:00","breadcrumb":{"@id":"https:\/\/airrent.ge\/fr\/produit\/ucb-mini-u-form-sound-isolation-ceiling-bracket\/#breadcrumb"},"inLanguage":"fr-FR","potentialAction":[{"@type":"ReadAction","target":["https:\/\/airrent.ge\/fr\/produit\/ucb-mini-u-form-sound-isolation-ceiling-bracket\/"]}]},{"@type":"ImageObject","inLanguage":"fr-FR","@id":"https:\/\/airrent.ge\/fr\/produit\/ucb-mini-u-form-sound-isolation-ceiling-bracket\/#primaryimage","url":"https:\/\/airrent.ge\/wp-content\/uploads\/2025\/02\/VIBRO-UCB_perspective.jpg","contentUrl":"https:\/\/airrent.ge\/wp-content\/uploads\/2025\/02\/VIBRO-UCB_perspective.jpg","width":800,"height":600},{"@type":"BreadcrumbList","@id":"https:\/\/airrent.ge\/fr\/produit\/ucb-mini-u-form-sound-isolation-ceiling-bracket\/#breadcrumb","itemListElement":[{"@type":"ListItem","position":1,"name":"Home","item":"https:\/\/airrent.ge\/fr\/home\/"},{"@type":"ListItem","position":2,"name":"Products","item":"https:\/\/airrent.ge\/fr\/products\/"},{"@type":"ListItem","position":3,"name":"UCB.mini : Support de plafond \u00e0 isolation acoustique en U"}]},{"@type":"WebSite","@id":"https:\/\/airrent.ge\/#website","url":"https:\/\/airrent.ge\/","name":"airrent.ge","description":"Rental Services","publisher":{"@id":"https:\/\/airrent.ge\/#organization"},"potentialAction":[{"@type":"SearchAction","target":{"@type":"EntryPoint","urlTemplate":"https:\/\/airrent.ge\/?s={search_term_string}"},"query-input":{"@type":"PropertyValueSpecification","valueRequired":true,"valueName":"search_term_string"}}],"inLanguage":"fr-FR"},{"@type":"Organization","@id":"https:\/\/airrent.ge\/#organization","name":"airrent.ge","url":"https:\/\/airrent.ge\/","logo":{"@type":"ImageObject","inLanguage":"fr-FR","@id":"https:\/\/airrent.ge\/#\/schema\/logo\/image\/","url":"https:\/\/airrent.ge\/wp-content\/uploads\/2026\/03\/airrent.png","contentUrl":"https:\/\/airrent.ge\/wp-content\/uploads\/2026\/03\/airrent.png","width":1536,"height":1024,"caption":"airrent.ge"},"image":{"@id":"https:\/\/airrent.ge\/#\/schema\/logo\/image\/"}}]}},"_links":{"self":[{"href":"https:\/\/airrent.ge\/fr\/wp-json\/wp\/v2\/product\/17879","targetHints":{"allow":["GET"]}}],"collection":[{"href":"https:\/\/airrent.ge\/fr\/wp-json\/wp\/v2\/product"}],"about":[{"href":"https:\/\/airrent.ge\/fr\/wp-json\/wp\/v2\/types\/product"}],"wp:featuredmedia":[{"embeddable":true,"href":"https:\/\/airrent.ge\/fr\/wp-json\/wp\/v2\/media\/17876"}],"wp:attachment":[{"href":"https:\/\/airrent.ge\/fr\/wp-json\/wp\/v2\/media?parent=17879"}],"wp:term":[{"taxonomy":"product_brand","embeddable":true,"href":"https:\/\/airrent.ge\/fr\/wp-json\/wp\/v2\/product_brand?post=17879"},{"taxonomy":"product_cat","embeddable":true,"href":"https:\/\/airrent.ge\/fr\/wp-json\/wp\/v2\/product_cat?post=17879"},{"taxonomy":"product_tag","embeddable":true,"href":"https:\/\/airrent.ge\/fr\/wp-json\/wp\/v2\/product_tag?post=17879"}],"curies":[{"name":"wp","href":"https:\/\/api.w.org\/{rel}","templated":true}]}}