{"id":18060,"date":"2025-02-07T21:31:44","date_gmt":"2025-02-07T17:31:44","guid":{"rendered":"https:\/\/airsystems.ge\/shop\/product\/vibro-amr-anti-vibration-spring-isolator-with-lateral-restrain\/"},"modified":"2025-02-07T21:33:11","modified_gmt":"2025-02-07T17:33:11","slug":"vibro-amr-anti-vibration-spring-isolator-with-lateral-restrain","status":"publish","type":"product","link":"https:\/\/airrent.ge\/fr\/produit\/vibro-amr-anti-vibration-spring-isolator-with-lateral-restrain\/","title":{"rendered":"Vibro-AMR : Isolateur \u00e0 ressort antivibratoire avec retenue lat\u00e9rale"},"content":{"rendered":"<p><img loading=\"lazy\" decoding=\"async\" class=\"alignleft size-full wp-image-4899\" src=\"https:\/\/antivibration-systems.com\/wp-content\/uploads\/2014\/01\/Vibro-AMR-Selection-Table.jpg\" alt=\"Vibro-AMR Selection Table\" width=\"297\" height=\"169\" \/><\/p>\n<p>&nbsp;<\/p>\n<p>&nbsp;<\/p>\n<p>&nbsp;<\/p>\n<p>&nbsp;<\/p>\n<p>&nbsp;<\/p>\n<p>More load ranges available upon request.<\/p>\n<p>Static deflection 25 mm under maximum load<br \/>\nNatural frequency up to 3 Hz under maximum load<\/p>\n<p>Available also with 50 mm deflection<br \/>\nAvailable also with wire mesh internal damping (AMRD)<\/p>\n","protected":false},"excerpt":{"rendered":"<p>Isolateurs \u00e0 ressort antivibratoire avec retenue lat\u00e9rale, utilis\u00e9s pour l&rsquo;isolation des vibrations \u00e0 basse fr\u00e9quence<\/p>\n<p>DESCRIPTION<\/p>\n<p>Le support d&rsquo;isolateur \u00e0 ressort Vibro-\u0391MR est un dispositif de retenue antivibratoire multidirectionnel avec des but\u00e9es de fin de course relatives. Il peut \u00eatre utilis\u00e9 pour le contr\u00f4le des vibrations \u00e0 basse fr\u00e9quence (rotation \u00e0 basse vitesse de 400 tr\/min et plus) qui n\u00e9cessite \u00e9galement une retenue lat\u00e9rale et verticale et une protection contre les tremblements de terre et la pression excessive du vent. Ils peuvent supporter des forces de nature tension, compression, cisaillement.<\/p>\n<p>Une peinture en poudre polyester prot\u00e8ge les plaques m\u00e9talliques de l&rsquo;oxydation.<\/p>\n<p>APPLICATIONS<\/p>\n<p>Il est recommand\u00e9 d&rsquo;utiliser Vibro-AM.Restrained pour l&rsquo;isolation m\u00e9canique du bruit et des vibrations pour :<\/p>\n<p>Les \u00e9quipements vibrants sont susceptibles d&rsquo;\u00eatre soumis \u00e0 des \u00e9v\u00e9nements sismiques.<br \/>\nLorsque l&rsquo;\u00e9quipement vibrant est susceptible de voir son centre de masse consid\u00e9rablement modifi\u00e9.<br \/>\nLorsque des charges de vent \u00e9lev\u00e9es ou d&rsquo;autres forces externes sont appliqu\u00e9es.<br \/>\nIl y a deux trous sur la base pour la fixation avec des boulons traversants M8 (non inclus). Sur la partie sup\u00e9rieure, il y a un boulon M8 pour fixer le Vibro-AMR \u00e0 la machine. Le bo\u00eetier du Vibro-AMR est con\u00e7u pour limiter les mouvements verticaux et horizontaux de l&rsquo;\u00e9quipement isol\u00e9 et offre une protection sismique.<\/p>\n<p>Toutes les pi\u00e8ces m\u00e9talliques du Vibro-AMR sont construites \u00e0 partir de plaques m\u00e9talliques d&rsquo;\u00e9paisseur ad\u00e9quate correctement form\u00e9es sans points de soudure. Le profil en caoutchouc \u00e0 sa base agit comme un brise-son et augmente l&rsquo;efficacit\u00e9 de l&rsquo;isolation dans les hautes fr\u00e9quences. Les deux axes horizontaux qui retiennent le ressort dans les mouvements verticaux et horizontaux sont recouverts de caoutchouc pour \u00e9viter la transmission du bruit.<\/p>\n<p>Le Vibro-AMR peut offrir simultan\u00e9ment une protection antisismique, en supportant avec succ\u00e8s les forces lat\u00e9rales de pression du vent et en m\u00eame temps, en r\u00e9duisant la transmission des vibrations aux structures de support.<\/p>\n<p>Si une r\u00e9gulation de la hauteur est n\u00e9cessaire, une vis de v\u00e9rin sp\u00e9ciale peut \u00eatre fournie avec les \u00e9crous et les rondelles n\u00e9cessaires.<\/p>\n","protected":false},"featured_media":18057,"template":"","meta":[],"product_brand":[],"product_cat":[707],"product_tag":[],"class_list":{"0":"post-18060","1":"product","2":"type-product","3":"status-publish","4":"has-post-thumbnail","6":"product_cat-vibration-anti-bruit-acoustique-fr","8":"first","9":"instock","10":"shipping-taxable","11":"product-type-simple"},"yoast_head":"<!-- This site is optimized with the Yoast SEO plugin v27.1.1 - https:\/\/yoast.com\/product\/yoast-seo-wordpress\/ -->\n<title>Vibro-AMR : Isolateur \u00e0 ressort antivibratoire avec retenue lat\u00e9rale - AirRent.ge<\/title>\n<meta name=\"robots\" content=\"index, follow, max-snippet:-1, max-image-preview:large, max-video-preview:-1\" \/>\n<link rel=\"canonical\" href=\"https:\/\/airrent.ge\/fr\/produit\/vibro-amr-anti-vibration-spring-isolator-with-lateral-restrain\/\" \/>\n<meta property=\"og:locale\" content=\"fr_FR\" \/>\n<meta property=\"og:type\" content=\"article\" \/>\n<meta property=\"og:title\" content=\"Vibro-AMR : Isolateur \u00e0 ressort antivibratoire avec retenue lat\u00e9rale - AirRent.ge\" \/>\n<meta property=\"og:description\" content=\"Isolateurs \u00e0 ressort antivibratoire avec retenue lat\u00e9rale, utilis\u00e9s pour l&#039;isolation des vibrations \u00e0 basse fr\u00e9quence  DESCRIPTION  Le support d&#039;isolateur \u00e0 ressort Vibro-\u0391MR est un dispositif de retenue antivibratoire multidirectionnel avec des but\u00e9es de fin de course relatives. Il peut \u00eatre utilis\u00e9 pour le contr\u00f4le des vibrations \u00e0 basse fr\u00e9quence (rotation \u00e0 basse vitesse de 400 tr\/min et plus) qui n\u00e9cessite \u00e9galement une retenue lat\u00e9rale et verticale et une protection contre les tremblements de terre et la pression excessive du vent. Ils peuvent supporter des forces de nature tension, compression, cisaillement.  Une peinture en poudre polyester prot\u00e8ge les plaques m\u00e9talliques de l&#039;oxydation.  APPLICATIONS  Il est recommand\u00e9 d&#039;utiliser Vibro-AM.Restrained pour l&#039;isolation m\u00e9canique du bruit et des vibrations pour :  Les \u00e9quipements vibrants sont susceptibles d&#039;\u00eatre soumis \u00e0 des \u00e9v\u00e9nements sismiques. Lorsque l&#039;\u00e9quipement vibrant est susceptible de voir son centre de masse consid\u00e9rablement modifi\u00e9. Lorsque des charges de vent \u00e9lev\u00e9es ou d&#039;autres forces externes sont appliqu\u00e9es. Il y a deux trous sur la base pour la fixation avec des boulons traversants M8 (non inclus). Sur la partie sup\u00e9rieure, il y a un boulon M8 pour fixer le Vibro-AMR \u00e0 la machine. Le bo\u00eetier du Vibro-AMR est con\u00e7u pour limiter les mouvements verticaux et horizontaux de l&#039;\u00e9quipement isol\u00e9 et offre une protection sismique.  Toutes les pi\u00e8ces m\u00e9talliques du Vibro-AMR sont construites \u00e0 partir de plaques m\u00e9talliques d&#039;\u00e9paisseur ad\u00e9quate correctement form\u00e9es sans points de soudure. Le profil en caoutchouc \u00e0 sa base agit comme un brise-son et augmente l&#039;efficacit\u00e9 de l&#039;isolation dans les hautes fr\u00e9quences. Les deux axes horizontaux qui retiennent le ressort dans les mouvements verticaux et horizontaux sont recouverts de caoutchouc pour \u00e9viter la transmission du bruit.  Le Vibro-AMR peut offrir simultan\u00e9ment une protection antisismique, en supportant avec succ\u00e8s les forces lat\u00e9rales de pression du vent et en m\u00eame temps, en r\u00e9duisant la transmission des vibrations aux structures de support.  Si une r\u00e9gulation de la hauteur est n\u00e9cessaire, une vis de v\u00e9rin sp\u00e9ciale peut \u00eatre fournie avec les \u00e9crous et les rondelles n\u00e9cessaires.\" \/>\n<meta property=\"og:url\" content=\"https:\/\/airrent.ge\/fr\/produit\/vibro-amr-anti-vibration-spring-isolator-with-lateral-restrain\/\" \/>\n<meta property=\"og:site_name\" content=\"AirRent.ge\" \/>\n<meta property=\"article:modified_time\" content=\"2025-02-07T17:33:11+00:00\" \/>\n<meta property=\"og:image\" content=\"https:\/\/airrent.ge\/wp-content\/uploads\/2025\/02\/vibro-amr-web-1.jpg\" \/>\n\t<meta property=\"og:image:width\" content=\"412\" \/>\n\t<meta property=\"og:image:height\" content=\"330\" \/>\n\t<meta property=\"og:image:type\" content=\"image\/jpeg\" \/>\n<meta name=\"twitter:card\" content=\"summary_large_image\" \/>\n<script type=\"application\/ld+json\" class=\"yoast-schema-graph\">{\"@context\":\"https:\/\/schema.org\",\"@graph\":[{\"@type\":\"WebPage\",\"@id\":\"https:\/\/airrent.ge\/fr\/produit\/vibro-amr-anti-vibration-spring-isolator-with-lateral-restrain\/\",\"url\":\"https:\/\/airrent.ge\/fr\/produit\/vibro-amr-anti-vibration-spring-isolator-with-lateral-restrain\/\",\"name\":\"Vibro-AMR : Isolateur \u00e0 ressort antivibratoire avec retenue lat\u00e9rale - AirRent.ge\",\"isPartOf\":{\"@id\":\"https:\/\/airrent.ge\/#website\"},\"primaryImageOfPage\":{\"@id\":\"https:\/\/airrent.ge\/fr\/produit\/vibro-amr-anti-vibration-spring-isolator-with-lateral-restrain\/#primaryimage\"},\"image\":{\"@id\":\"https:\/\/airrent.ge\/fr\/produit\/vibro-amr-anti-vibration-spring-isolator-with-lateral-restrain\/#primaryimage\"},\"thumbnailUrl\":\"https:\/\/airrent.ge\/wp-content\/uploads\/2025\/02\/vibro-amr-web-1.jpg\",\"datePublished\":\"2025-02-07T17:31:44+00:00\",\"dateModified\":\"2025-02-07T17:33:11+00:00\",\"breadcrumb\":{\"@id\":\"https:\/\/airrent.ge\/fr\/produit\/vibro-amr-anti-vibration-spring-isolator-with-lateral-restrain\/#breadcrumb\"},\"inLanguage\":\"fr-FR\",\"potentialAction\":[{\"@type\":\"ReadAction\",\"target\":[\"https:\/\/airrent.ge\/fr\/produit\/vibro-amr-anti-vibration-spring-isolator-with-lateral-restrain\/\"]}]},{\"@type\":\"ImageObject\",\"inLanguage\":\"fr-FR\",\"@id\":\"https:\/\/airrent.ge\/fr\/produit\/vibro-amr-anti-vibration-spring-isolator-with-lateral-restrain\/#primaryimage\",\"url\":\"https:\/\/airrent.ge\/wp-content\/uploads\/2025\/02\/vibro-amr-web-1.jpg\",\"contentUrl\":\"https:\/\/airrent.ge\/wp-content\/uploads\/2025\/02\/vibro-amr-web-1.jpg\",\"width\":412,\"height\":330},{\"@type\":\"BreadcrumbList\",\"@id\":\"https:\/\/airrent.ge\/fr\/produit\/vibro-amr-anti-vibration-spring-isolator-with-lateral-restrain\/#breadcrumb\",\"itemListElement\":[{\"@type\":\"ListItem\",\"position\":1,\"name\":\"Home\",\"item\":\"https:\/\/airrent.ge\/fr\/home\/\"},{\"@type\":\"ListItem\",\"position\":2,\"name\":\"Products\",\"item\":\"https:\/\/airrent.ge\/fr\/products\/\"},{\"@type\":\"ListItem\",\"position\":3,\"name\":\"Vibro-AMR : Isolateur \u00e0 ressort antivibratoire avec retenue lat\u00e9rale\"}]},{\"@type\":\"WebSite\",\"@id\":\"https:\/\/airrent.ge\/#website\",\"url\":\"https:\/\/airrent.ge\/\",\"name\":\"airrent.ge\",\"description\":\"Rental Services\",\"publisher\":{\"@id\":\"https:\/\/airrent.ge\/#organization\"},\"potentialAction\":[{\"@type\":\"SearchAction\",\"target\":{\"@type\":\"EntryPoint\",\"urlTemplate\":\"https:\/\/airrent.ge\/?s={search_term_string}\"},\"query-input\":{\"@type\":\"PropertyValueSpecification\",\"valueRequired\":true,\"valueName\":\"search_term_string\"}}],\"inLanguage\":\"fr-FR\"},{\"@type\":\"Organization\",\"@id\":\"https:\/\/airrent.ge\/#organization\",\"name\":\"airrent.ge\",\"url\":\"https:\/\/airrent.ge\/\",\"logo\":{\"@type\":\"ImageObject\",\"inLanguage\":\"fr-FR\",\"@id\":\"https:\/\/airrent.ge\/#\/schema\/logo\/image\/\",\"url\":\"https:\/\/airrent.ge\/wp-content\/uploads\/2026\/03\/airrent.png\",\"contentUrl\":\"https:\/\/airrent.ge\/wp-content\/uploads\/2026\/03\/airrent.png\",\"width\":1536,\"height\":1024,\"caption\":\"airrent.ge\"},\"image\":{\"@id\":\"https:\/\/airrent.ge\/#\/schema\/logo\/image\/\"}}]}<\/script>\n<!-- \/ Yoast SEO plugin. -->","yoast_head_json":{"title":"Vibro-AMR : Isolateur \u00e0 ressort antivibratoire avec retenue lat\u00e9rale - AirRent.ge","robots":{"index":"index","follow":"follow","max-snippet":"max-snippet:-1","max-image-preview":"max-image-preview:large","max-video-preview":"max-video-preview:-1"},"canonical":"https:\/\/airrent.ge\/fr\/produit\/vibro-amr-anti-vibration-spring-isolator-with-lateral-restrain\/","og_locale":"fr_FR","og_type":"article","og_title":"Vibro-AMR : Isolateur \u00e0 ressort antivibratoire avec retenue lat\u00e9rale - AirRent.ge","og_description":"Isolateurs \u00e0 ressort antivibratoire avec retenue lat\u00e9rale, utilis\u00e9s pour l'isolation des vibrations \u00e0 basse fr\u00e9quence  DESCRIPTION  Le support d'isolateur \u00e0 ressort Vibro-\u0391MR est un dispositif de retenue antivibratoire multidirectionnel avec des but\u00e9es de fin de course relatives. Il peut \u00eatre utilis\u00e9 pour le contr\u00f4le des vibrations \u00e0 basse fr\u00e9quence (rotation \u00e0 basse vitesse de 400 tr\/min et plus) qui n\u00e9cessite \u00e9galement une retenue lat\u00e9rale et verticale et une protection contre les tremblements de terre et la pression excessive du vent. Ils peuvent supporter des forces de nature tension, compression, cisaillement.  Une peinture en poudre polyester prot\u00e8ge les plaques m\u00e9talliques de l'oxydation.  APPLICATIONS  Il est recommand\u00e9 d'utiliser Vibro-AM.Restrained pour l'isolation m\u00e9canique du bruit et des vibrations pour :  Les \u00e9quipements vibrants sont susceptibles d'\u00eatre soumis \u00e0 des \u00e9v\u00e9nements sismiques. Lorsque l'\u00e9quipement vibrant est susceptible de voir son centre de masse consid\u00e9rablement modifi\u00e9. Lorsque des charges de vent \u00e9lev\u00e9es ou d'autres forces externes sont appliqu\u00e9es. Il y a deux trous sur la base pour la fixation avec des boulons traversants M8 (non inclus). Sur la partie sup\u00e9rieure, il y a un boulon M8 pour fixer le Vibro-AMR \u00e0 la machine. Le bo\u00eetier du Vibro-AMR est con\u00e7u pour limiter les mouvements verticaux et horizontaux de l'\u00e9quipement isol\u00e9 et offre une protection sismique.  Toutes les pi\u00e8ces m\u00e9talliques du Vibro-AMR sont construites \u00e0 partir de plaques m\u00e9talliques d'\u00e9paisseur ad\u00e9quate correctement form\u00e9es sans points de soudure. Le profil en caoutchouc \u00e0 sa base agit comme un brise-son et augmente l'efficacit\u00e9 de l'isolation dans les hautes fr\u00e9quences. Les deux axes horizontaux qui retiennent le ressort dans les mouvements verticaux et horizontaux sont recouverts de caoutchouc pour \u00e9viter la transmission du bruit.  Le Vibro-AMR peut offrir simultan\u00e9ment une protection antisismique, en supportant avec succ\u00e8s les forces lat\u00e9rales de pression du vent et en m\u00eame temps, en r\u00e9duisant la transmission des vibrations aux structures de support.  Si une r\u00e9gulation de la hauteur est n\u00e9cessaire, une vis de v\u00e9rin sp\u00e9ciale peut \u00eatre fournie avec les \u00e9crous et les rondelles n\u00e9cessaires.","og_url":"https:\/\/airrent.ge\/fr\/produit\/vibro-amr-anti-vibration-spring-isolator-with-lateral-restrain\/","og_site_name":"AirRent.ge","article_modified_time":"2025-02-07T17:33:11+00:00","og_image":[{"width":412,"height":330,"url":"https:\/\/airrent.ge\/wp-content\/uploads\/2025\/02\/vibro-amr-web-1.jpg","type":"image\/jpeg"}],"twitter_card":"summary_large_image","schema":{"@context":"https:\/\/schema.org","@graph":[{"@type":"WebPage","@id":"https:\/\/airrent.ge\/fr\/produit\/vibro-amr-anti-vibration-spring-isolator-with-lateral-restrain\/","url":"https:\/\/airrent.ge\/fr\/produit\/vibro-amr-anti-vibration-spring-isolator-with-lateral-restrain\/","name":"Vibro-AMR : Isolateur \u00e0 ressort antivibratoire avec retenue lat\u00e9rale - AirRent.ge","isPartOf":{"@id":"https:\/\/airrent.ge\/#website"},"primaryImageOfPage":{"@id":"https:\/\/airrent.ge\/fr\/produit\/vibro-amr-anti-vibration-spring-isolator-with-lateral-restrain\/#primaryimage"},"image":{"@id":"https:\/\/airrent.ge\/fr\/produit\/vibro-amr-anti-vibration-spring-isolator-with-lateral-restrain\/#primaryimage"},"thumbnailUrl":"https:\/\/airrent.ge\/wp-content\/uploads\/2025\/02\/vibro-amr-web-1.jpg","datePublished":"2025-02-07T17:31:44+00:00","dateModified":"2025-02-07T17:33:11+00:00","breadcrumb":{"@id":"https:\/\/airrent.ge\/fr\/produit\/vibro-amr-anti-vibration-spring-isolator-with-lateral-restrain\/#breadcrumb"},"inLanguage":"fr-FR","potentialAction":[{"@type":"ReadAction","target":["https:\/\/airrent.ge\/fr\/produit\/vibro-amr-anti-vibration-spring-isolator-with-lateral-restrain\/"]}]},{"@type":"ImageObject","inLanguage":"fr-FR","@id":"https:\/\/airrent.ge\/fr\/produit\/vibro-amr-anti-vibration-spring-isolator-with-lateral-restrain\/#primaryimage","url":"https:\/\/airrent.ge\/wp-content\/uploads\/2025\/02\/vibro-amr-web-1.jpg","contentUrl":"https:\/\/airrent.ge\/wp-content\/uploads\/2025\/02\/vibro-amr-web-1.jpg","width":412,"height":330},{"@type":"BreadcrumbList","@id":"https:\/\/airrent.ge\/fr\/produit\/vibro-amr-anti-vibration-spring-isolator-with-lateral-restrain\/#breadcrumb","itemListElement":[{"@type":"ListItem","position":1,"name":"Home","item":"https:\/\/airrent.ge\/fr\/home\/"},{"@type":"ListItem","position":2,"name":"Products","item":"https:\/\/airrent.ge\/fr\/products\/"},{"@type":"ListItem","position":3,"name":"Vibro-AMR : Isolateur \u00e0 ressort antivibratoire avec retenue lat\u00e9rale"}]},{"@type":"WebSite","@id":"https:\/\/airrent.ge\/#website","url":"https:\/\/airrent.ge\/","name":"airrent.ge","description":"Rental Services","publisher":{"@id":"https:\/\/airrent.ge\/#organization"},"potentialAction":[{"@type":"SearchAction","target":{"@type":"EntryPoint","urlTemplate":"https:\/\/airrent.ge\/?s={search_term_string}"},"query-input":{"@type":"PropertyValueSpecification","valueRequired":true,"valueName":"search_term_string"}}],"inLanguage":"fr-FR"},{"@type":"Organization","@id":"https:\/\/airrent.ge\/#organization","name":"airrent.ge","url":"https:\/\/airrent.ge\/","logo":{"@type":"ImageObject","inLanguage":"fr-FR","@id":"https:\/\/airrent.ge\/#\/schema\/logo\/image\/","url":"https:\/\/airrent.ge\/wp-content\/uploads\/2026\/03\/airrent.png","contentUrl":"https:\/\/airrent.ge\/wp-content\/uploads\/2026\/03\/airrent.png","width":1536,"height":1024,"caption":"airrent.ge"},"image":{"@id":"https:\/\/airrent.ge\/#\/schema\/logo\/image\/"}}]}},"_links":{"self":[{"href":"https:\/\/airrent.ge\/fr\/wp-json\/wp\/v2\/product\/18060","targetHints":{"allow":["GET"]}}],"collection":[{"href":"https:\/\/airrent.ge\/fr\/wp-json\/wp\/v2\/product"}],"about":[{"href":"https:\/\/airrent.ge\/fr\/wp-json\/wp\/v2\/types\/product"}],"wp:featuredmedia":[{"embeddable":true,"href":"https:\/\/airrent.ge\/fr\/wp-json\/wp\/v2\/media\/18057"}],"wp:attachment":[{"href":"https:\/\/airrent.ge\/fr\/wp-json\/wp\/v2\/media?parent=18060"}],"wp:term":[{"taxonomy":"product_brand","embeddable":true,"href":"https:\/\/airrent.ge\/fr\/wp-json\/wp\/v2\/product_brand?post=18060"},{"taxonomy":"product_cat","embeddable":true,"href":"https:\/\/airrent.ge\/fr\/wp-json\/wp\/v2\/product_cat?post=18060"},{"taxonomy":"product_tag","embeddable":true,"href":"https:\/\/airrent.ge\/fr\/wp-json\/wp\/v2\/product_tag?post=18060"}],"curies":[{"name":"wp","href":"https:\/\/api.w.org\/{rel}","templated":true}]}}