{"id":18373,"date":"2025-02-07T22:53:24","date_gmt":"2025-02-07T18:53:24","guid":{"rendered":"https:\/\/airsystems.ge\/shop\/product\/vibro-msr-wm\/"},"modified":"2025-02-07T22:54:49","modified_gmt":"2025-02-07T18:54:49","slug":"vibro-msr-wm","status":"publish","type":"product","link":"https:\/\/airrent.ge\/fr\/produit\/vibro-msr-wm\/","title":{"rendered":"Vibro-MSR.wm"},"content":{"rendered":"<p><img loading=\"lazy\" decoding=\"async\" class=\" wp-image-4812 aligncenter\" src=\"https:\/\/antivibration-systems.com\/wp-content\/uploads\/2017\/10\/selection-table-msr.jpg\" sizes=\"auto, (max-width: 512px) 100vw, 512px\" srcset=\"https:\/\/antivibration-systems.com\/wp-content\/uploads\/2017\/10\/selection-table-msr.jpg 682w, https:\/\/antivibration-systems.com\/wp-content\/uploads\/2017\/10\/selection-table-msr-300x88.jpg 300w\" alt=\"selection table msr\" width=\"573\" height=\"168\" \/><strong>Operating Characteristics<\/strong><br \/>\nDeflection 25 mm at maximum load<br \/>\nNatural Frequency: 3 Hz at maximum load<br \/>\nOperating temperature: -70 0 C to 200 0 C (upon request)<br \/>\nTheoretical Vibration Attenuation up to 95%<\/p>\n","protected":false},"excerpt":{"rendered":"<p>Vibro-MSR.wm est un support antivibratoire \u00e0 ressort avec retenue multidirectionnelle avec but\u00e9es de fin de course relatives et coussin interne en treillis m\u00e9tallique en acier inoxydable<\/p>\n<p>Vibro-MSR.wm est un support antivibratoire \u00e0 ressort avec retenue multidirectionnelle avec but\u00e9es de fin de course relatives et coussin interne en treillis m\u00e9tallique en acier inoxydable. Les plaques m\u00e9talliques sont prot\u00e9g\u00e9es de l&rsquo;oxydation par une peinture en poudre polyester. Sur la partie inf\u00e9rieure, il peut \u00eatre fix\u00e9 \u00e0 l&rsquo;aide de boulons traversants M8.<\/p>\n<p>Sur la partie sup\u00e9rieure des amortisseurs de vibrations \u00e0 treillis m\u00e9tallique Vibro-MSR.wm, il y a un rivet filet\u00e9 M8 afin d&rsquo;\u00eatre fix\u00e9 \u00e0 la machine. Dans le diam\u00e8tre int\u00e9rieur du ressort h\u00e9lico\u00efdal, il y a un coussin r\u00e9silient en treillis m\u00e9tallique en acier inoxydable tricot\u00e9 qui augmente le facteur d&rsquo;amortissement et limite l&rsquo;amplification \u00e0 la fr\u00e9quence naturelle.<\/p>\n<p>Le Vibro-MSR.wm peut \u00eatre utilis\u00e9 pour le contr\u00f4le des vibrations \u00e0 basse fr\u00e9quence (rotation \u00e0 basse vitesse de 400 tr\/min et plus) qui n\u00e9cessitent \u00e9galement une retenue lat\u00e9rale et verticale et une protection contre les tremblements de terre et la pression excessive du vent, tels que les compresseurs d&rsquo;air, les moteurs \u00e0 deux temps, les refroidisseurs, les refroidisseurs d&rsquo;eau, les unit\u00e9s de traitement d&rsquo;air. Il peut \u00eatre utilis\u00e9 pour l&rsquo;isolation des vibrations des \u00e9quipements m\u00e9caniques dans les applications militaires marines et avioniques. Il fonctionne bien dans les environnements difficiles et r\u00e9siste \u00e9galement aux liquides et \u00e0 la poussi\u00e8re normaux.<\/p>\n<p>De plus, il s&rsquo;agit d&rsquo;un \u00e9l\u00e9ment non fluant ou durcissant r\u00e9sistant au vieillissement. Il est recommand\u00e9 de l&rsquo;utiliser pour l&rsquo;isolation m\u00e9canique du bruit et des vibrations des \u00e9quipements vibrants susceptibles d&rsquo;\u00eatre soumis \u00e0 des \u00e9v\u00e9nements sismiques. Lorsque l&rsquo;\u00e9quipement vibrant est susceptible d&rsquo;\u00eatre soumis \u00e0 des alternances importantes du centre de masse. Lorsque des charges de vent \u00e9lev\u00e9es ou d&rsquo;autres forces externes sont appliqu\u00e9es. Par cons\u00e9quent, les amortisseurs de vibrations en treillis m\u00e9tallique Vibro-MSR.wm offrent l&rsquo;isolation accrue des vibrations d&rsquo;un support \u00e0 ressort de d\u00e9flexion de 25 mm avec la protection accrue d&rsquo;un syst\u00e8me de retenue qui utilise la technologie du treillis m\u00e9tallique pour isoler les vibrations.<\/p>\n","protected":false},"featured_media":18370,"template":"","meta":[],"product_brand":[],"product_cat":[707],"product_tag":[],"class_list":{"0":"post-18373","1":"product","2":"type-product","3":"status-publish","4":"has-post-thumbnail","6":"product_cat-vibration-anti-bruit-acoustique-fr","8":"first","9":"instock","10":"shipping-taxable","11":"product-type-simple"},"yoast_head":"<!-- This site is optimized with the Yoast SEO plugin v27.1.1 - https:\/\/yoast.com\/product\/yoast-seo-wordpress\/ -->\n<title>Vibro-MSR.wm - AirRent.ge<\/title>\n<meta name=\"robots\" content=\"index, follow, max-snippet:-1, max-image-preview:large, max-video-preview:-1\" \/>\n<link rel=\"canonical\" href=\"https:\/\/airrent.ge\/fr\/produit\/vibro-msr-wm\/\" \/>\n<meta property=\"og:locale\" content=\"fr_FR\" \/>\n<meta property=\"og:type\" content=\"article\" \/>\n<meta property=\"og:title\" content=\"Vibro-MSR.wm - AirRent.ge\" \/>\n<meta property=\"og:description\" content=\"Vibro-MSR.wm est un support antivibratoire \u00e0 ressort avec retenue multidirectionnelle avec but\u00e9es de fin de course relatives et coussin interne en treillis m\u00e9tallique en acier inoxydable  Vibro-MSR.wm est un support antivibratoire \u00e0 ressort avec retenue multidirectionnelle avec but\u00e9es de fin de course relatives et coussin interne en treillis m\u00e9tallique en acier inoxydable. Les plaques m\u00e9talliques sont prot\u00e9g\u00e9es de l&#039;oxydation par une peinture en poudre polyester. Sur la partie inf\u00e9rieure, il peut \u00eatre fix\u00e9 \u00e0 l&#039;aide de boulons traversants M8.  Sur la partie sup\u00e9rieure des amortisseurs de vibrations \u00e0 treillis m\u00e9tallique Vibro-MSR.wm, il y a un rivet filet\u00e9 M8 afin d&#039;\u00eatre fix\u00e9 \u00e0 la machine. Dans le diam\u00e8tre int\u00e9rieur du ressort h\u00e9lico\u00efdal, il y a un coussin r\u00e9silient en treillis m\u00e9tallique en acier inoxydable tricot\u00e9 qui augmente le facteur d&#039;amortissement et limite l&#039;amplification \u00e0 la fr\u00e9quence naturelle.  Le Vibro-MSR.wm peut \u00eatre utilis\u00e9 pour le contr\u00f4le des vibrations \u00e0 basse fr\u00e9quence (rotation \u00e0 basse vitesse de 400 tr\/min et plus) qui n\u00e9cessitent \u00e9galement une retenue lat\u00e9rale et verticale et une protection contre les tremblements de terre et la pression excessive du vent, tels que les compresseurs d&#039;air, les moteurs \u00e0 deux temps, les refroidisseurs, les refroidisseurs d&#039;eau, les unit\u00e9s de traitement d&#039;air. Il peut \u00eatre utilis\u00e9 pour l&#039;isolation des vibrations des \u00e9quipements m\u00e9caniques dans les applications militaires marines et avioniques. Il fonctionne bien dans les environnements difficiles et r\u00e9siste \u00e9galement aux liquides et \u00e0 la poussi\u00e8re normaux.  De plus, il s&#039;agit d&#039;un \u00e9l\u00e9ment non fluant ou durcissant r\u00e9sistant au vieillissement. Il est recommand\u00e9 de l&#039;utiliser pour l&#039;isolation m\u00e9canique du bruit et des vibrations des \u00e9quipements vibrants susceptibles d&#039;\u00eatre soumis \u00e0 des \u00e9v\u00e9nements sismiques. Lorsque l&#039;\u00e9quipement vibrant est susceptible d&#039;\u00eatre soumis \u00e0 des alternances importantes du centre de masse. Lorsque des charges de vent \u00e9lev\u00e9es ou d&#039;autres forces externes sont appliqu\u00e9es. Par cons\u00e9quent, les amortisseurs de vibrations en treillis m\u00e9tallique Vibro-MSR.wm offrent l&#039;isolation accrue des vibrations d&#039;un support \u00e0 ressort de d\u00e9flexion de 25 mm avec la protection accrue d&#039;un syst\u00e8me de retenue qui utilise la technologie du treillis m\u00e9tallique pour isoler les vibrations.\" \/>\n<meta property=\"og:url\" content=\"https:\/\/airrent.ge\/fr\/produit\/vibro-msr-wm\/\" \/>\n<meta property=\"og:site_name\" content=\"AirRent.ge\" \/>\n<meta property=\"article:modified_time\" content=\"2025-02-07T18:54:49+00:00\" \/>\n<meta property=\"og:image\" content=\"https:\/\/airrent.ge\/wp-content\/uploads\/2025\/02\/msr-capture-1.jpg\" \/>\n\t<meta property=\"og:image:width\" content=\"232\" \/>\n\t<meta property=\"og:image:height\" content=\"166\" \/>\n\t<meta property=\"og:image:type\" content=\"image\/jpeg\" \/>\n<meta name=\"twitter:card\" content=\"summary_large_image\" \/>\n<script type=\"application\/ld+json\" class=\"yoast-schema-graph\">{\"@context\":\"https:\/\/schema.org\",\"@graph\":[{\"@type\":\"WebPage\",\"@id\":\"https:\/\/airrent.ge\/fr\/produit\/vibro-msr-wm\/\",\"url\":\"https:\/\/airrent.ge\/fr\/produit\/vibro-msr-wm\/\",\"name\":\"Vibro-MSR.wm - AirRent.ge\",\"isPartOf\":{\"@id\":\"https:\/\/airrent.ge\/#website\"},\"primaryImageOfPage\":{\"@id\":\"https:\/\/airrent.ge\/fr\/produit\/vibro-msr-wm\/#primaryimage\"},\"image\":{\"@id\":\"https:\/\/airrent.ge\/fr\/produit\/vibro-msr-wm\/#primaryimage\"},\"thumbnailUrl\":\"https:\/\/airrent.ge\/wp-content\/uploads\/2025\/02\/msr-capture-1.jpg\",\"datePublished\":\"2025-02-07T18:53:24+00:00\",\"dateModified\":\"2025-02-07T18:54:49+00:00\",\"breadcrumb\":{\"@id\":\"https:\/\/airrent.ge\/fr\/produit\/vibro-msr-wm\/#breadcrumb\"},\"inLanguage\":\"fr-FR\",\"potentialAction\":[{\"@type\":\"ReadAction\",\"target\":[\"https:\/\/airrent.ge\/fr\/produit\/vibro-msr-wm\/\"]}]},{\"@type\":\"ImageObject\",\"inLanguage\":\"fr-FR\",\"@id\":\"https:\/\/airrent.ge\/fr\/produit\/vibro-msr-wm\/#primaryimage\",\"url\":\"https:\/\/airrent.ge\/wp-content\/uploads\/2025\/02\/msr-capture-1.jpg\",\"contentUrl\":\"https:\/\/airrent.ge\/wp-content\/uploads\/2025\/02\/msr-capture-1.jpg\",\"width\":232,\"height\":166},{\"@type\":\"BreadcrumbList\",\"@id\":\"https:\/\/airrent.ge\/fr\/produit\/vibro-msr-wm\/#breadcrumb\",\"itemListElement\":[{\"@type\":\"ListItem\",\"position\":1,\"name\":\"Home\",\"item\":\"https:\/\/airrent.ge\/fr\/home\/\"},{\"@type\":\"ListItem\",\"position\":2,\"name\":\"Products\",\"item\":\"https:\/\/airrent.ge\/fr\/products\/\"},{\"@type\":\"ListItem\",\"position\":3,\"name\":\"Vibro-MSR.wm\"}]},{\"@type\":\"WebSite\",\"@id\":\"https:\/\/airrent.ge\/#website\",\"url\":\"https:\/\/airrent.ge\/\",\"name\":\"airrent.ge\",\"description\":\"Rental Services\",\"publisher\":{\"@id\":\"https:\/\/airrent.ge\/#organization\"},\"potentialAction\":[{\"@type\":\"SearchAction\",\"target\":{\"@type\":\"EntryPoint\",\"urlTemplate\":\"https:\/\/airrent.ge\/?s={search_term_string}\"},\"query-input\":{\"@type\":\"PropertyValueSpecification\",\"valueRequired\":true,\"valueName\":\"search_term_string\"}}],\"inLanguage\":\"fr-FR\"},{\"@type\":\"Organization\",\"@id\":\"https:\/\/airrent.ge\/#organization\",\"name\":\"airrent.ge\",\"url\":\"https:\/\/airrent.ge\/\",\"logo\":{\"@type\":\"ImageObject\",\"inLanguage\":\"fr-FR\",\"@id\":\"https:\/\/airrent.ge\/#\/schema\/logo\/image\/\",\"url\":\"https:\/\/airrent.ge\/wp-content\/uploads\/2026\/03\/airrent.png\",\"contentUrl\":\"https:\/\/airrent.ge\/wp-content\/uploads\/2026\/03\/airrent.png\",\"width\":1536,\"height\":1024,\"caption\":\"airrent.ge\"},\"image\":{\"@id\":\"https:\/\/airrent.ge\/#\/schema\/logo\/image\/\"}}]}<\/script>\n<!-- \/ Yoast SEO plugin. -->","yoast_head_json":{"title":"Vibro-MSR.wm - AirRent.ge","robots":{"index":"index","follow":"follow","max-snippet":"max-snippet:-1","max-image-preview":"max-image-preview:large","max-video-preview":"max-video-preview:-1"},"canonical":"https:\/\/airrent.ge\/fr\/produit\/vibro-msr-wm\/","og_locale":"fr_FR","og_type":"article","og_title":"Vibro-MSR.wm - AirRent.ge","og_description":"Vibro-MSR.wm est un support antivibratoire \u00e0 ressort avec retenue multidirectionnelle avec but\u00e9es de fin de course relatives et coussin interne en treillis m\u00e9tallique en acier inoxydable  Vibro-MSR.wm est un support antivibratoire \u00e0 ressort avec retenue multidirectionnelle avec but\u00e9es de fin de course relatives et coussin interne en treillis m\u00e9tallique en acier inoxydable. Les plaques m\u00e9talliques sont prot\u00e9g\u00e9es de l'oxydation par une peinture en poudre polyester. Sur la partie inf\u00e9rieure, il peut \u00eatre fix\u00e9 \u00e0 l'aide de boulons traversants M8.  Sur la partie sup\u00e9rieure des amortisseurs de vibrations \u00e0 treillis m\u00e9tallique Vibro-MSR.wm, il y a un rivet filet\u00e9 M8 afin d'\u00eatre fix\u00e9 \u00e0 la machine. Dans le diam\u00e8tre int\u00e9rieur du ressort h\u00e9lico\u00efdal, il y a un coussin r\u00e9silient en treillis m\u00e9tallique en acier inoxydable tricot\u00e9 qui augmente le facteur d'amortissement et limite l'amplification \u00e0 la fr\u00e9quence naturelle.  Le Vibro-MSR.wm peut \u00eatre utilis\u00e9 pour le contr\u00f4le des vibrations \u00e0 basse fr\u00e9quence (rotation \u00e0 basse vitesse de 400 tr\/min et plus) qui n\u00e9cessitent \u00e9galement une retenue lat\u00e9rale et verticale et une protection contre les tremblements de terre et la pression excessive du vent, tels que les compresseurs d'air, les moteurs \u00e0 deux temps, les refroidisseurs, les refroidisseurs d'eau, les unit\u00e9s de traitement d'air. Il peut \u00eatre utilis\u00e9 pour l'isolation des vibrations des \u00e9quipements m\u00e9caniques dans les applications militaires marines et avioniques. Il fonctionne bien dans les environnements difficiles et r\u00e9siste \u00e9galement aux liquides et \u00e0 la poussi\u00e8re normaux.  De plus, il s'agit d'un \u00e9l\u00e9ment non fluant ou durcissant r\u00e9sistant au vieillissement. Il est recommand\u00e9 de l'utiliser pour l'isolation m\u00e9canique du bruit et des vibrations des \u00e9quipements vibrants susceptibles d'\u00eatre soumis \u00e0 des \u00e9v\u00e9nements sismiques. Lorsque l'\u00e9quipement vibrant est susceptible d'\u00eatre soumis \u00e0 des alternances importantes du centre de masse. Lorsque des charges de vent \u00e9lev\u00e9es ou d'autres forces externes sont appliqu\u00e9es. Par cons\u00e9quent, les amortisseurs de vibrations en treillis m\u00e9tallique Vibro-MSR.wm offrent l'isolation accrue des vibrations d'un support \u00e0 ressort de d\u00e9flexion de 25 mm avec la protection accrue d'un syst\u00e8me de retenue qui utilise la technologie du treillis m\u00e9tallique pour isoler les vibrations.","og_url":"https:\/\/airrent.ge\/fr\/produit\/vibro-msr-wm\/","og_site_name":"AirRent.ge","article_modified_time":"2025-02-07T18:54:49+00:00","og_image":[{"width":232,"height":166,"url":"https:\/\/airrent.ge\/wp-content\/uploads\/2025\/02\/msr-capture-1.jpg","type":"image\/jpeg"}],"twitter_card":"summary_large_image","schema":{"@context":"https:\/\/schema.org","@graph":[{"@type":"WebPage","@id":"https:\/\/airrent.ge\/fr\/produit\/vibro-msr-wm\/","url":"https:\/\/airrent.ge\/fr\/produit\/vibro-msr-wm\/","name":"Vibro-MSR.wm - AirRent.ge","isPartOf":{"@id":"https:\/\/airrent.ge\/#website"},"primaryImageOfPage":{"@id":"https:\/\/airrent.ge\/fr\/produit\/vibro-msr-wm\/#primaryimage"},"image":{"@id":"https:\/\/airrent.ge\/fr\/produit\/vibro-msr-wm\/#primaryimage"},"thumbnailUrl":"https:\/\/airrent.ge\/wp-content\/uploads\/2025\/02\/msr-capture-1.jpg","datePublished":"2025-02-07T18:53:24+00:00","dateModified":"2025-02-07T18:54:49+00:00","breadcrumb":{"@id":"https:\/\/airrent.ge\/fr\/produit\/vibro-msr-wm\/#breadcrumb"},"inLanguage":"fr-FR","potentialAction":[{"@type":"ReadAction","target":["https:\/\/airrent.ge\/fr\/produit\/vibro-msr-wm\/"]}]},{"@type":"ImageObject","inLanguage":"fr-FR","@id":"https:\/\/airrent.ge\/fr\/produit\/vibro-msr-wm\/#primaryimage","url":"https:\/\/airrent.ge\/wp-content\/uploads\/2025\/02\/msr-capture-1.jpg","contentUrl":"https:\/\/airrent.ge\/wp-content\/uploads\/2025\/02\/msr-capture-1.jpg","width":232,"height":166},{"@type":"BreadcrumbList","@id":"https:\/\/airrent.ge\/fr\/produit\/vibro-msr-wm\/#breadcrumb","itemListElement":[{"@type":"ListItem","position":1,"name":"Home","item":"https:\/\/airrent.ge\/fr\/home\/"},{"@type":"ListItem","position":2,"name":"Products","item":"https:\/\/airrent.ge\/fr\/products\/"},{"@type":"ListItem","position":3,"name":"Vibro-MSR.wm"}]},{"@type":"WebSite","@id":"https:\/\/airrent.ge\/#website","url":"https:\/\/airrent.ge\/","name":"airrent.ge","description":"Rental Services","publisher":{"@id":"https:\/\/airrent.ge\/#organization"},"potentialAction":[{"@type":"SearchAction","target":{"@type":"EntryPoint","urlTemplate":"https:\/\/airrent.ge\/?s={search_term_string}"},"query-input":{"@type":"PropertyValueSpecification","valueRequired":true,"valueName":"search_term_string"}}],"inLanguage":"fr-FR"},{"@type":"Organization","@id":"https:\/\/airrent.ge\/#organization","name":"airrent.ge","url":"https:\/\/airrent.ge\/","logo":{"@type":"ImageObject","inLanguage":"fr-FR","@id":"https:\/\/airrent.ge\/#\/schema\/logo\/image\/","url":"https:\/\/airrent.ge\/wp-content\/uploads\/2026\/03\/airrent.png","contentUrl":"https:\/\/airrent.ge\/wp-content\/uploads\/2026\/03\/airrent.png","width":1536,"height":1024,"caption":"airrent.ge"},"image":{"@id":"https:\/\/airrent.ge\/#\/schema\/logo\/image\/"}}]}},"_links":{"self":[{"href":"https:\/\/airrent.ge\/fr\/wp-json\/wp\/v2\/product\/18373","targetHints":{"allow":["GET"]}}],"collection":[{"href":"https:\/\/airrent.ge\/fr\/wp-json\/wp\/v2\/product"}],"about":[{"href":"https:\/\/airrent.ge\/fr\/wp-json\/wp\/v2\/types\/product"}],"wp:featuredmedia":[{"embeddable":true,"href":"https:\/\/airrent.ge\/fr\/wp-json\/wp\/v2\/media\/18370"}],"wp:attachment":[{"href":"https:\/\/airrent.ge\/fr\/wp-json\/wp\/v2\/media?parent=18373"}],"wp:term":[{"taxonomy":"product_brand","embeddable":true,"href":"https:\/\/airrent.ge\/fr\/wp-json\/wp\/v2\/product_brand?post=18373"},{"taxonomy":"product_cat","embeddable":true,"href":"https:\/\/airrent.ge\/fr\/wp-json\/wp\/v2\/product_cat?post=18373"},{"taxonomy":"product_tag","embeddable":true,"href":"https:\/\/airrent.ge\/fr\/wp-json\/wp\/v2\/product_tag?post=18373"}],"curies":[{"name":"wp","href":"https:\/\/api.w.org\/{rel}","templated":true}]}}