{"id":24091,"date":"2025-02-23T23:10:20","date_gmt":"2025-02-23T19:10:20","guid":{"rendered":"https:\/\/airsystems.ge\/shop\/product\/false-ceiling-acoustic-panels-alphacoustic-ceiling\/"},"modified":"2025-02-23T23:13:52","modified_gmt":"2025-02-23T19:13:52","slug":"false-ceiling-acoustic-panels-alphacoustic-ceiling","status":"publish","type":"product","link":"https:\/\/airrent.ge\/fr\/produit\/false-ceiling-acoustic-panels-alphacoustic-ceiling\/","title":{"rendered":"Panneaux acoustiques pour faux plafonds ALPHAcoustic \u2013 Ceiling"},"content":{"rendered":"","protected":false},"excerpt":{"rendered":"<div class=\"woocommerce-product-details__short-description\">\n<p>ALPHAcoustic \u2013 Ceiling est un panneau acoustique sans cadre qui remplace les dalles de faux plafonds afin de cr\u00e9er une meilleure acoustique de la pi\u00e8ce. Il est envelopp\u00e9 d&rsquo;un tissu acoustique transparent qui garantit que le noyau, fabriqu\u00e9 \u00e0 partir de laine de roche produite industriellement, a des performances acoustiques maximales. Il r\u00e9duit les \u00e9chos et les r\u00e9verb\u00e9rations et am\u00e9liore l&rsquo;acoustique int\u00e9rieure, offrant ainsi un meilleur environnement acoustique.<\/p>\n<p>ALPHAcoustic \u2013 Ceiling ne perturbe pas visuellement l&rsquo;espace. De plus, les panneaux n&rsquo;affectent pas la fonctionnalit\u00e9 des syst\u00e8mes de climatisation ou d&rsquo;\u00e9clairage.<\/p>\n<p>ALPHAcoustic \u2013 Ceiling est sp\u00e9cialement con\u00e7u pour obtenir une absorption sonore maximale dans une bande de fr\u00e9quence acoustique sp\u00e9cifique. L&rsquo;indice d&rsquo;absorption acoustique (a\u03c2) selon les normes ISO 354.2003 et ISO 11654.1997, le coefficient d&rsquo;absorption acoustique pratique indicatif (\u03b1p) et le coefficient d&rsquo;absorption acoustique pond\u00e9r\u00e9 (ap) sont indiqu\u00e9s dans le graphique et le tableau ci-dessous (voir documents techniques)<\/p>\n<p>Dimensions standard : 59,3 x 59,3 cm et 119,3 x 59,3 cm<br \/>\n\u00c9paisseur standard : 30 ou 50 mm<\/p>\n<p>Cat\u00e9gorie : Panneaux acoustiques<\/p>\n<\/div>\n<div class=\"product_meta\"><\/div>\n","protected":false},"featured_media":24044,"template":"","meta":[],"product_brand":[],"product_cat":[739,778,738],"product_tag":[],"class_list":{"0":"post-24091","1":"product","2":"type-product","3":"status-publish","4":"has-post-thumbnail","6":"product_cat-architectural-acoustic-fr","7":"product_cat-acoustics-noise-fr","8":"product_cat-acoustic-panels-fr","10":"first","11":"instock","12":"shipping-taxable","13":"product-type-simple"},"yoast_head":"<!-- This site is optimized with the Yoast SEO plugin v27.1.1 - https:\/\/yoast.com\/product\/yoast-seo-wordpress\/ -->\n<title>Panneaux acoustiques pour faux plafonds ALPHAcoustic \u2013 Ceiling - AirRent.ge<\/title>\n<meta name=\"robots\" content=\"index, follow, max-snippet:-1, max-image-preview:large, max-video-preview:-1\" \/>\n<link rel=\"canonical\" href=\"https:\/\/airrent.ge\/fr\/produit\/false-ceiling-acoustic-panels-alphacoustic-ceiling\/\" \/>\n<meta property=\"og:locale\" content=\"fr_FR\" \/>\n<meta property=\"og:type\" content=\"article\" \/>\n<meta property=\"og:title\" content=\"Panneaux acoustiques pour faux plafonds ALPHAcoustic \u2013 Ceiling - AirRent.ge\" \/>\n<meta property=\"og:description\" content=\"ALPHAcoustic \u2013 Ceiling est un panneau acoustique sans cadre qui remplace les dalles de faux plafonds afin de cr\u00e9er une meilleure acoustique de la pi\u00e8ce. Il est envelopp\u00e9 d&#039;un tissu acoustique transparent qui garantit que le noyau, fabriqu\u00e9 \u00e0 partir de laine de roche produite industriellement, a des performances acoustiques maximales. Il r\u00e9duit les \u00e9chos et les r\u00e9verb\u00e9rations et am\u00e9liore l&#039;acoustique int\u00e9rieure, offrant ainsi un meilleur environnement acoustique.  ALPHAcoustic \u2013 Ceiling ne perturbe pas visuellement l&#039;espace. De plus, les panneaux n&#039;affectent pas la fonctionnalit\u00e9 des syst\u00e8mes de climatisation ou d&#039;\u00e9clairage.  ALPHAcoustic \u2013 Ceiling est sp\u00e9cialement con\u00e7u pour obtenir une absorption sonore maximale dans une bande de fr\u00e9quence acoustique sp\u00e9cifique. L&#039;indice d&#039;absorption acoustique (a\u03c2) selon les normes ISO 354.2003 et ISO 11654.1997, le coefficient d&#039;absorption acoustique pratique indicatif (\u03b1p) et le coefficient d&#039;absorption acoustique pond\u00e9r\u00e9 (ap) sont indiqu\u00e9s dans le graphique et le tableau ci-dessous (voir documents techniques)  Dimensions standard : 59,3 x 59,3 cm et 119,3 x 59,3 cm \u00c9paisseur standard : 30 ou 50 mm  Cat\u00e9gorie : Panneaux acoustiques\" \/>\n<meta property=\"og:url\" content=\"https:\/\/airrent.ge\/fr\/produit\/false-ceiling-acoustic-panels-alphacoustic-ceiling\/\" \/>\n<meta property=\"og:site_name\" content=\"AirRent.ge\" \/>\n<meta property=\"article:modified_time\" content=\"2025-02-23T19:13:52+00:00\" \/>\n<meta property=\"og:image\" content=\"https:\/\/airrent.ge\/wp-content\/uploads\/2025\/02\/alphacoustic-ceiling.jpg\" \/>\n\t<meta property=\"og:image:width\" content=\"753\" \/>\n\t<meta property=\"og:image:height\" content=\"502\" \/>\n\t<meta property=\"og:image:type\" content=\"image\/jpeg\" \/>\n<meta name=\"twitter:card\" content=\"summary_large_image\" \/>\n<script type=\"application\/ld+json\" class=\"yoast-schema-graph\">{\"@context\":\"https:\/\/schema.org\",\"@graph\":[{\"@type\":\"WebPage\",\"@id\":\"https:\/\/airrent.ge\/fr\/produit\/false-ceiling-acoustic-panels-alphacoustic-ceiling\/\",\"url\":\"https:\/\/airrent.ge\/fr\/produit\/false-ceiling-acoustic-panels-alphacoustic-ceiling\/\",\"name\":\"Panneaux acoustiques pour faux plafonds ALPHAcoustic \u2013 Ceiling - AirRent.ge\",\"isPartOf\":{\"@id\":\"https:\/\/airrent.ge\/#website\"},\"primaryImageOfPage\":{\"@id\":\"https:\/\/airrent.ge\/fr\/produit\/false-ceiling-acoustic-panels-alphacoustic-ceiling\/#primaryimage\"},\"image\":{\"@id\":\"https:\/\/airrent.ge\/fr\/produit\/false-ceiling-acoustic-panels-alphacoustic-ceiling\/#primaryimage\"},\"thumbnailUrl\":\"https:\/\/airrent.ge\/wp-content\/uploads\/2025\/02\/alphacoustic-ceiling.jpg\",\"datePublished\":\"2025-02-23T19:10:20+00:00\",\"dateModified\":\"2025-02-23T19:13:52+00:00\",\"breadcrumb\":{\"@id\":\"https:\/\/airrent.ge\/fr\/produit\/false-ceiling-acoustic-panels-alphacoustic-ceiling\/#breadcrumb\"},\"inLanguage\":\"fr-FR\",\"potentialAction\":[{\"@type\":\"ReadAction\",\"target\":[\"https:\/\/airrent.ge\/fr\/produit\/false-ceiling-acoustic-panels-alphacoustic-ceiling\/\"]}]},{\"@type\":\"ImageObject\",\"inLanguage\":\"fr-FR\",\"@id\":\"https:\/\/airrent.ge\/fr\/produit\/false-ceiling-acoustic-panels-alphacoustic-ceiling\/#primaryimage\",\"url\":\"https:\/\/airrent.ge\/wp-content\/uploads\/2025\/02\/alphacoustic-ceiling.jpg\",\"contentUrl\":\"https:\/\/airrent.ge\/wp-content\/uploads\/2025\/02\/alphacoustic-ceiling.jpg\",\"width\":753,\"height\":502},{\"@type\":\"BreadcrumbList\",\"@id\":\"https:\/\/airrent.ge\/fr\/produit\/false-ceiling-acoustic-panels-alphacoustic-ceiling\/#breadcrumb\",\"itemListElement\":[{\"@type\":\"ListItem\",\"position\":1,\"name\":\"Home\",\"item\":\"https:\/\/airrent.ge\/fr\/home\/\"},{\"@type\":\"ListItem\",\"position\":2,\"name\":\"Products\",\"item\":\"https:\/\/airrent.ge\/fr\/products\/\"},{\"@type\":\"ListItem\",\"position\":3,\"name\":\"Panneaux acoustiques pour faux plafonds ALPHAcoustic \u2013 Ceiling\"}]},{\"@type\":\"WebSite\",\"@id\":\"https:\/\/airrent.ge\/#website\",\"url\":\"https:\/\/airrent.ge\/\",\"name\":\"airrent.ge\",\"description\":\"Rental Services\",\"publisher\":{\"@id\":\"https:\/\/airrent.ge\/#organization\"},\"potentialAction\":[{\"@type\":\"SearchAction\",\"target\":{\"@type\":\"EntryPoint\",\"urlTemplate\":\"https:\/\/airrent.ge\/?s={search_term_string}\"},\"query-input\":{\"@type\":\"PropertyValueSpecification\",\"valueRequired\":true,\"valueName\":\"search_term_string\"}}],\"inLanguage\":\"fr-FR\"},{\"@type\":\"Organization\",\"@id\":\"https:\/\/airrent.ge\/#organization\",\"name\":\"airrent.ge\",\"url\":\"https:\/\/airrent.ge\/\",\"logo\":{\"@type\":\"ImageObject\",\"inLanguage\":\"fr-FR\",\"@id\":\"https:\/\/airrent.ge\/#\/schema\/logo\/image\/\",\"url\":\"https:\/\/airrent.ge\/wp-content\/uploads\/2026\/03\/airrent.png\",\"contentUrl\":\"https:\/\/airrent.ge\/wp-content\/uploads\/2026\/03\/airrent.png\",\"width\":1536,\"height\":1024,\"caption\":\"airrent.ge\"},\"image\":{\"@id\":\"https:\/\/airrent.ge\/#\/schema\/logo\/image\/\"}}]}<\/script>\n<!-- \/ Yoast SEO plugin. -->","yoast_head_json":{"title":"Panneaux acoustiques pour faux plafonds ALPHAcoustic \u2013 Ceiling - AirRent.ge","robots":{"index":"index","follow":"follow","max-snippet":"max-snippet:-1","max-image-preview":"max-image-preview:large","max-video-preview":"max-video-preview:-1"},"canonical":"https:\/\/airrent.ge\/fr\/produit\/false-ceiling-acoustic-panels-alphacoustic-ceiling\/","og_locale":"fr_FR","og_type":"article","og_title":"Panneaux acoustiques pour faux plafonds ALPHAcoustic \u2013 Ceiling - AirRent.ge","og_description":"ALPHAcoustic \u2013 Ceiling est un panneau acoustique sans cadre qui remplace les dalles de faux plafonds afin de cr\u00e9er une meilleure acoustique de la pi\u00e8ce. Il est envelopp\u00e9 d'un tissu acoustique transparent qui garantit que le noyau, fabriqu\u00e9 \u00e0 partir de laine de roche produite industriellement, a des performances acoustiques maximales. Il r\u00e9duit les \u00e9chos et les r\u00e9verb\u00e9rations et am\u00e9liore l'acoustique int\u00e9rieure, offrant ainsi un meilleur environnement acoustique.  ALPHAcoustic \u2013 Ceiling ne perturbe pas visuellement l'espace. De plus, les panneaux n'affectent pas la fonctionnalit\u00e9 des syst\u00e8mes de climatisation ou d'\u00e9clairage.  ALPHAcoustic \u2013 Ceiling est sp\u00e9cialement con\u00e7u pour obtenir une absorption sonore maximale dans une bande de fr\u00e9quence acoustique sp\u00e9cifique. L'indice d'absorption acoustique (a\u03c2) selon les normes ISO 354.2003 et ISO 11654.1997, le coefficient d'absorption acoustique pratique indicatif (\u03b1p) et le coefficient d'absorption acoustique pond\u00e9r\u00e9 (ap) sont indiqu\u00e9s dans le graphique et le tableau ci-dessous (voir documents techniques)  Dimensions standard : 59,3 x 59,3 cm et 119,3 x 59,3 cm \u00c9paisseur standard : 30 ou 50 mm  Cat\u00e9gorie : Panneaux acoustiques","og_url":"https:\/\/airrent.ge\/fr\/produit\/false-ceiling-acoustic-panels-alphacoustic-ceiling\/","og_site_name":"AirRent.ge","article_modified_time":"2025-02-23T19:13:52+00:00","og_image":[{"width":753,"height":502,"url":"https:\/\/airrent.ge\/wp-content\/uploads\/2025\/02\/alphacoustic-ceiling.jpg","type":"image\/jpeg"}],"twitter_card":"summary_large_image","schema":{"@context":"https:\/\/schema.org","@graph":[{"@type":"WebPage","@id":"https:\/\/airrent.ge\/fr\/produit\/false-ceiling-acoustic-panels-alphacoustic-ceiling\/","url":"https:\/\/airrent.ge\/fr\/produit\/false-ceiling-acoustic-panels-alphacoustic-ceiling\/","name":"Panneaux acoustiques pour faux plafonds ALPHAcoustic \u2013 Ceiling - AirRent.ge","isPartOf":{"@id":"https:\/\/airrent.ge\/#website"},"primaryImageOfPage":{"@id":"https:\/\/airrent.ge\/fr\/produit\/false-ceiling-acoustic-panels-alphacoustic-ceiling\/#primaryimage"},"image":{"@id":"https:\/\/airrent.ge\/fr\/produit\/false-ceiling-acoustic-panels-alphacoustic-ceiling\/#primaryimage"},"thumbnailUrl":"https:\/\/airrent.ge\/wp-content\/uploads\/2025\/02\/alphacoustic-ceiling.jpg","datePublished":"2025-02-23T19:10:20+00:00","dateModified":"2025-02-23T19:13:52+00:00","breadcrumb":{"@id":"https:\/\/airrent.ge\/fr\/produit\/false-ceiling-acoustic-panels-alphacoustic-ceiling\/#breadcrumb"},"inLanguage":"fr-FR","potentialAction":[{"@type":"ReadAction","target":["https:\/\/airrent.ge\/fr\/produit\/false-ceiling-acoustic-panels-alphacoustic-ceiling\/"]}]},{"@type":"ImageObject","inLanguage":"fr-FR","@id":"https:\/\/airrent.ge\/fr\/produit\/false-ceiling-acoustic-panels-alphacoustic-ceiling\/#primaryimage","url":"https:\/\/airrent.ge\/wp-content\/uploads\/2025\/02\/alphacoustic-ceiling.jpg","contentUrl":"https:\/\/airrent.ge\/wp-content\/uploads\/2025\/02\/alphacoustic-ceiling.jpg","width":753,"height":502},{"@type":"BreadcrumbList","@id":"https:\/\/airrent.ge\/fr\/produit\/false-ceiling-acoustic-panels-alphacoustic-ceiling\/#breadcrumb","itemListElement":[{"@type":"ListItem","position":1,"name":"Home","item":"https:\/\/airrent.ge\/fr\/home\/"},{"@type":"ListItem","position":2,"name":"Products","item":"https:\/\/airrent.ge\/fr\/products\/"},{"@type":"ListItem","position":3,"name":"Panneaux acoustiques pour faux plafonds ALPHAcoustic \u2013 Ceiling"}]},{"@type":"WebSite","@id":"https:\/\/airrent.ge\/#website","url":"https:\/\/airrent.ge\/","name":"airrent.ge","description":"Rental Services","publisher":{"@id":"https:\/\/airrent.ge\/#organization"},"potentialAction":[{"@type":"SearchAction","target":{"@type":"EntryPoint","urlTemplate":"https:\/\/airrent.ge\/?s={search_term_string}"},"query-input":{"@type":"PropertyValueSpecification","valueRequired":true,"valueName":"search_term_string"}}],"inLanguage":"fr-FR"},{"@type":"Organization","@id":"https:\/\/airrent.ge\/#organization","name":"airrent.ge","url":"https:\/\/airrent.ge\/","logo":{"@type":"ImageObject","inLanguage":"fr-FR","@id":"https:\/\/airrent.ge\/#\/schema\/logo\/image\/","url":"https:\/\/airrent.ge\/wp-content\/uploads\/2026\/03\/airrent.png","contentUrl":"https:\/\/airrent.ge\/wp-content\/uploads\/2026\/03\/airrent.png","width":1536,"height":1024,"caption":"airrent.ge"},"image":{"@id":"https:\/\/airrent.ge\/#\/schema\/logo\/image\/"}}]}},"_links":{"self":[{"href":"https:\/\/airrent.ge\/fr\/wp-json\/wp\/v2\/product\/24091","targetHints":{"allow":["GET"]}}],"collection":[{"href":"https:\/\/airrent.ge\/fr\/wp-json\/wp\/v2\/product"}],"about":[{"href":"https:\/\/airrent.ge\/fr\/wp-json\/wp\/v2\/types\/product"}],"wp:featuredmedia":[{"embeddable":true,"href":"https:\/\/airrent.ge\/fr\/wp-json\/wp\/v2\/media\/24044"}],"wp:attachment":[{"href":"https:\/\/airrent.ge\/fr\/wp-json\/wp\/v2\/media?parent=24091"}],"wp:term":[{"taxonomy":"product_brand","embeddable":true,"href":"https:\/\/airrent.ge\/fr\/wp-json\/wp\/v2\/product_brand?post=24091"},{"taxonomy":"product_cat","embeddable":true,"href":"https:\/\/airrent.ge\/fr\/wp-json\/wp\/v2\/product_cat?post=24091"},{"taxonomy":"product_tag","embeddable":true,"href":"https:\/\/airrent.ge\/fr\/wp-json\/wp\/v2\/product_tag?post=24091"}],"curies":[{"name":"wp","href":"https:\/\/api.w.org\/{rel}","templated":true}]}}