{"id":24463,"date":"2025-02-24T00:25:31","date_gmt":"2025-02-23T20:25:31","guid":{"rendered":"https:\/\/airsystems.ge\/shop\/product\/luminous-acoustic-ceiling-alphacoustic-sky-fos\/"},"modified":"2025-02-24T00:27:03","modified_gmt":"2025-02-23T20:27:03","slug":"luminous-acoustic-ceiling-alphacoustic-sky-fos","status":"publish","type":"product","link":"https:\/\/airrent.ge\/fr\/produit\/luminous-acoustic-ceiling-alphacoustic-sky-fos\/","title":{"rendered":"Plafond acoustique lumineux ALPHAcoustic \u2013 Sky.Fos"},"content":{"rendered":"","protected":false},"excerpt":{"rendered":"<p>Design\/Format Rectangulaire\/Polygonal<\/p>\n<p>ALPHAcoustic \u2013 Sky.Fos est une nouvelle s\u00e9rie de panneaux acoustiques qui combinent acoustique et \u00e9clairage. Nomm\u00e9s d&rsquo;apr\u00e8s le mot grec \u00ab \u03a6\u03a9\u03a3 \u00bb qui signifie Lumi\u00e8re, ces panneaux de plafond acoustiques\/lumineux peuvent \u00eatre suspendus horizontalement au plafond ou fix\u00e9s verticalement au mur. Les LED cach\u00e9es, \u00e0 haute intensit\u00e9, diffusent la lumi\u00e8re uniform\u00e9ment sur la surface en tissu du panneau avant.<\/p>\n<p>Cat\u00e9gorie : Panneaux acoustiques avec lumi\u00e8re<\/p>\n","protected":false},"featured_media":24458,"template":"","meta":[],"product_brand":[],"product_cat":[739,778,955],"product_tag":[],"class_list":{"0":"post-24463","1":"product","2":"type-product","3":"status-publish","4":"has-post-thumbnail","6":"product_cat-architectural-acoustic-fr","7":"product_cat-acoustics-noise-fr","8":"product_cat-acoustiques-panneaux-lumiere-fr","10":"first","11":"instock","12":"shipping-taxable","13":"product-type-simple"},"yoast_head":"<!-- This site is optimized with the Yoast SEO plugin v27.1.1 - https:\/\/yoast.com\/product\/yoast-seo-wordpress\/ -->\n<title>Plafond acoustique lumineux ALPHAcoustic \u2013 Sky.Fos - AirRent.ge<\/title>\n<meta name=\"robots\" content=\"index, follow, max-snippet:-1, max-image-preview:large, max-video-preview:-1\" \/>\n<link rel=\"canonical\" href=\"https:\/\/airrent.ge\/fr\/produit\/luminous-acoustic-ceiling-alphacoustic-sky-fos\/\" \/>\n<meta property=\"og:locale\" content=\"fr_FR\" \/>\n<meta property=\"og:type\" content=\"article\" \/>\n<meta property=\"og:title\" content=\"Plafond acoustique lumineux ALPHAcoustic \u2013 Sky.Fos - AirRent.ge\" \/>\n<meta property=\"og:description\" content=\"Design\/Format Rectangulaire\/Polygonal  ALPHAcoustic \u2013 Sky.Fos est une nouvelle s\u00e9rie de panneaux acoustiques qui combinent acoustique et \u00e9clairage. Nomm\u00e9s d&#039;apr\u00e8s le mot grec \u00ab \u03a6\u03a9\u03a3 \u00bb qui signifie Lumi\u00e8re, ces panneaux de plafond acoustiques\/lumineux peuvent \u00eatre suspendus horizontalement au plafond ou fix\u00e9s verticalement au mur. Les LED cach\u00e9es, \u00e0 haute intensit\u00e9, diffusent la lumi\u00e8re uniform\u00e9ment sur la surface en tissu du panneau avant.  Cat\u00e9gorie : Panneaux acoustiques avec lumi\u00e8re\" \/>\n<meta property=\"og:url\" content=\"https:\/\/airrent.ge\/fr\/produit\/luminous-acoustic-ceiling-alphacoustic-sky-fos\/\" \/>\n<meta property=\"og:site_name\" content=\"AirRent.ge\" \/>\n<meta property=\"article:modified_time\" content=\"2025-02-23T20:27:03+00:00\" \/>\n<meta property=\"og:image\" content=\"https:\/\/airrent.ge\/wp-content\/uploads\/2025\/02\/Sky-REC-1.2-2.jpg\" \/>\n\t<meta property=\"og:image:width\" content=\"800\" \/>\n\t<meta property=\"og:image:height\" content=\"600\" \/>\n\t<meta property=\"og:image:type\" content=\"image\/jpeg\" \/>\n<meta name=\"twitter:card\" content=\"summary_large_image\" \/>\n<script type=\"application\/ld+json\" class=\"yoast-schema-graph\">{\"@context\":\"https:\/\/schema.org\",\"@graph\":[{\"@type\":\"WebPage\",\"@id\":\"https:\/\/airrent.ge\/fr\/produit\/luminous-acoustic-ceiling-alphacoustic-sky-fos\/\",\"url\":\"https:\/\/airrent.ge\/fr\/produit\/luminous-acoustic-ceiling-alphacoustic-sky-fos\/\",\"name\":\"Plafond acoustique lumineux ALPHAcoustic \u2013 Sky.Fos - AirRent.ge\",\"isPartOf\":{\"@id\":\"https:\/\/airrent.ge\/#website\"},\"primaryImageOfPage\":{\"@id\":\"https:\/\/airrent.ge\/fr\/produit\/luminous-acoustic-ceiling-alphacoustic-sky-fos\/#primaryimage\"},\"image\":{\"@id\":\"https:\/\/airrent.ge\/fr\/produit\/luminous-acoustic-ceiling-alphacoustic-sky-fos\/#primaryimage\"},\"thumbnailUrl\":\"https:\/\/airrent.ge\/wp-content\/uploads\/2025\/02\/Sky-REC-1.2-2.jpg\",\"datePublished\":\"2025-02-23T20:25:31+00:00\",\"dateModified\":\"2025-02-23T20:27:03+00:00\",\"breadcrumb\":{\"@id\":\"https:\/\/airrent.ge\/fr\/produit\/luminous-acoustic-ceiling-alphacoustic-sky-fos\/#breadcrumb\"},\"inLanguage\":\"fr-FR\",\"potentialAction\":[{\"@type\":\"ReadAction\",\"target\":[\"https:\/\/airrent.ge\/fr\/produit\/luminous-acoustic-ceiling-alphacoustic-sky-fos\/\"]}]},{\"@type\":\"ImageObject\",\"inLanguage\":\"fr-FR\",\"@id\":\"https:\/\/airrent.ge\/fr\/produit\/luminous-acoustic-ceiling-alphacoustic-sky-fos\/#primaryimage\",\"url\":\"https:\/\/airrent.ge\/wp-content\/uploads\/2025\/02\/Sky-REC-1.2-2.jpg\",\"contentUrl\":\"https:\/\/airrent.ge\/wp-content\/uploads\/2025\/02\/Sky-REC-1.2-2.jpg\",\"width\":800,\"height\":600},{\"@type\":\"BreadcrumbList\",\"@id\":\"https:\/\/airrent.ge\/fr\/produit\/luminous-acoustic-ceiling-alphacoustic-sky-fos\/#breadcrumb\",\"itemListElement\":[{\"@type\":\"ListItem\",\"position\":1,\"name\":\"Home\",\"item\":\"https:\/\/airrent.ge\/fr\/home\/\"},{\"@type\":\"ListItem\",\"position\":2,\"name\":\"Products\",\"item\":\"https:\/\/airrent.ge\/fr\/products\/\"},{\"@type\":\"ListItem\",\"position\":3,\"name\":\"Plafond acoustique lumineux ALPHAcoustic \u2013 Sky.Fos\"}]},{\"@type\":\"WebSite\",\"@id\":\"https:\/\/airrent.ge\/#website\",\"url\":\"https:\/\/airrent.ge\/\",\"name\":\"airrent.ge\",\"description\":\"Rental Services\",\"publisher\":{\"@id\":\"https:\/\/airrent.ge\/#organization\"},\"potentialAction\":[{\"@type\":\"SearchAction\",\"target\":{\"@type\":\"EntryPoint\",\"urlTemplate\":\"https:\/\/airrent.ge\/?s={search_term_string}\"},\"query-input\":{\"@type\":\"PropertyValueSpecification\",\"valueRequired\":true,\"valueName\":\"search_term_string\"}}],\"inLanguage\":\"fr-FR\"},{\"@type\":\"Organization\",\"@id\":\"https:\/\/airrent.ge\/#organization\",\"name\":\"airrent.ge\",\"url\":\"https:\/\/airrent.ge\/\",\"logo\":{\"@type\":\"ImageObject\",\"inLanguage\":\"fr-FR\",\"@id\":\"https:\/\/airrent.ge\/#\/schema\/logo\/image\/\",\"url\":\"https:\/\/airrent.ge\/wp-content\/uploads\/2026\/03\/airrent.png\",\"contentUrl\":\"https:\/\/airrent.ge\/wp-content\/uploads\/2026\/03\/airrent.png\",\"width\":1536,\"height\":1024,\"caption\":\"airrent.ge\"},\"image\":{\"@id\":\"https:\/\/airrent.ge\/#\/schema\/logo\/image\/\"}}]}<\/script>\n<!-- \/ Yoast SEO plugin. -->","yoast_head_json":{"title":"Plafond acoustique lumineux ALPHAcoustic \u2013 Sky.Fos - AirRent.ge","robots":{"index":"index","follow":"follow","max-snippet":"max-snippet:-1","max-image-preview":"max-image-preview:large","max-video-preview":"max-video-preview:-1"},"canonical":"https:\/\/airrent.ge\/fr\/produit\/luminous-acoustic-ceiling-alphacoustic-sky-fos\/","og_locale":"fr_FR","og_type":"article","og_title":"Plafond acoustique lumineux ALPHAcoustic \u2013 Sky.Fos - AirRent.ge","og_description":"Design\/Format Rectangulaire\/Polygonal  ALPHAcoustic \u2013 Sky.Fos est une nouvelle s\u00e9rie de panneaux acoustiques qui combinent acoustique et \u00e9clairage. Nomm\u00e9s d'apr\u00e8s le mot grec \u00ab \u03a6\u03a9\u03a3 \u00bb qui signifie Lumi\u00e8re, ces panneaux de plafond acoustiques\/lumineux peuvent \u00eatre suspendus horizontalement au plafond ou fix\u00e9s verticalement au mur. Les LED cach\u00e9es, \u00e0 haute intensit\u00e9, diffusent la lumi\u00e8re uniform\u00e9ment sur la surface en tissu du panneau avant.  Cat\u00e9gorie : Panneaux acoustiques avec lumi\u00e8re","og_url":"https:\/\/airrent.ge\/fr\/produit\/luminous-acoustic-ceiling-alphacoustic-sky-fos\/","og_site_name":"AirRent.ge","article_modified_time":"2025-02-23T20:27:03+00:00","og_image":[{"width":800,"height":600,"url":"https:\/\/airrent.ge\/wp-content\/uploads\/2025\/02\/Sky-REC-1.2-2.jpg","type":"image\/jpeg"}],"twitter_card":"summary_large_image","schema":{"@context":"https:\/\/schema.org","@graph":[{"@type":"WebPage","@id":"https:\/\/airrent.ge\/fr\/produit\/luminous-acoustic-ceiling-alphacoustic-sky-fos\/","url":"https:\/\/airrent.ge\/fr\/produit\/luminous-acoustic-ceiling-alphacoustic-sky-fos\/","name":"Plafond acoustique lumineux ALPHAcoustic \u2013 Sky.Fos - AirRent.ge","isPartOf":{"@id":"https:\/\/airrent.ge\/#website"},"primaryImageOfPage":{"@id":"https:\/\/airrent.ge\/fr\/produit\/luminous-acoustic-ceiling-alphacoustic-sky-fos\/#primaryimage"},"image":{"@id":"https:\/\/airrent.ge\/fr\/produit\/luminous-acoustic-ceiling-alphacoustic-sky-fos\/#primaryimage"},"thumbnailUrl":"https:\/\/airrent.ge\/wp-content\/uploads\/2025\/02\/Sky-REC-1.2-2.jpg","datePublished":"2025-02-23T20:25:31+00:00","dateModified":"2025-02-23T20:27:03+00:00","breadcrumb":{"@id":"https:\/\/airrent.ge\/fr\/produit\/luminous-acoustic-ceiling-alphacoustic-sky-fos\/#breadcrumb"},"inLanguage":"fr-FR","potentialAction":[{"@type":"ReadAction","target":["https:\/\/airrent.ge\/fr\/produit\/luminous-acoustic-ceiling-alphacoustic-sky-fos\/"]}]},{"@type":"ImageObject","inLanguage":"fr-FR","@id":"https:\/\/airrent.ge\/fr\/produit\/luminous-acoustic-ceiling-alphacoustic-sky-fos\/#primaryimage","url":"https:\/\/airrent.ge\/wp-content\/uploads\/2025\/02\/Sky-REC-1.2-2.jpg","contentUrl":"https:\/\/airrent.ge\/wp-content\/uploads\/2025\/02\/Sky-REC-1.2-2.jpg","width":800,"height":600},{"@type":"BreadcrumbList","@id":"https:\/\/airrent.ge\/fr\/produit\/luminous-acoustic-ceiling-alphacoustic-sky-fos\/#breadcrumb","itemListElement":[{"@type":"ListItem","position":1,"name":"Home","item":"https:\/\/airrent.ge\/fr\/home\/"},{"@type":"ListItem","position":2,"name":"Products","item":"https:\/\/airrent.ge\/fr\/products\/"},{"@type":"ListItem","position":3,"name":"Plafond acoustique lumineux ALPHAcoustic \u2013 Sky.Fos"}]},{"@type":"WebSite","@id":"https:\/\/airrent.ge\/#website","url":"https:\/\/airrent.ge\/","name":"airrent.ge","description":"Rental Services","publisher":{"@id":"https:\/\/airrent.ge\/#organization"},"potentialAction":[{"@type":"SearchAction","target":{"@type":"EntryPoint","urlTemplate":"https:\/\/airrent.ge\/?s={search_term_string}"},"query-input":{"@type":"PropertyValueSpecification","valueRequired":true,"valueName":"search_term_string"}}],"inLanguage":"fr-FR"},{"@type":"Organization","@id":"https:\/\/airrent.ge\/#organization","name":"airrent.ge","url":"https:\/\/airrent.ge\/","logo":{"@type":"ImageObject","inLanguage":"fr-FR","@id":"https:\/\/airrent.ge\/#\/schema\/logo\/image\/","url":"https:\/\/airrent.ge\/wp-content\/uploads\/2026\/03\/airrent.png","contentUrl":"https:\/\/airrent.ge\/wp-content\/uploads\/2026\/03\/airrent.png","width":1536,"height":1024,"caption":"airrent.ge"},"image":{"@id":"https:\/\/airrent.ge\/#\/schema\/logo\/image\/"}}]}},"_links":{"self":[{"href":"https:\/\/airrent.ge\/fr\/wp-json\/wp\/v2\/product\/24463","targetHints":{"allow":["GET"]}}],"collection":[{"href":"https:\/\/airrent.ge\/fr\/wp-json\/wp\/v2\/product"}],"about":[{"href":"https:\/\/airrent.ge\/fr\/wp-json\/wp\/v2\/types\/product"}],"wp:featuredmedia":[{"embeddable":true,"href":"https:\/\/airrent.ge\/fr\/wp-json\/wp\/v2\/media\/24458"}],"wp:attachment":[{"href":"https:\/\/airrent.ge\/fr\/wp-json\/wp\/v2\/media?parent=24463"}],"wp:term":[{"taxonomy":"product_brand","embeddable":true,"href":"https:\/\/airrent.ge\/fr\/wp-json\/wp\/v2\/product_brand?post=24463"},{"taxonomy":"product_cat","embeddable":true,"href":"https:\/\/airrent.ge\/fr\/wp-json\/wp\/v2\/product_cat?post=24463"},{"taxonomy":"product_tag","embeddable":true,"href":"https:\/\/airrent.ge\/fr\/wp-json\/wp\/v2\/product_tag?post=24463"}],"curies":[{"name":"wp","href":"https:\/\/api.w.org\/{rel}","templated":true}]}}