{"id":24791,"date":"2024-01-24T22:27:05","date_gmt":"2024-01-24T18:27:05","guid":{"rendered":"https:\/\/airsystems.ge\/shop\/product\/dantherm-cdp-175-ducted-swimming-pool-and-commercial-dehumidifiers\/"},"modified":"2025-02-25T17:21:39","modified_gmt":"2025-02-25T13:21:39","slug":"dantherm-cdp-175-ducted-swimming-pool-and-commercial-dehumidifiers","status":"publish","type":"product","link":"https:\/\/airrent.ge\/fr\/produit\/dantherm-cdp-175-ducted-swimming-pool-and-commercial-dehumidifiers\/","title":{"rendered":"Dantherm CDP 175 \u2013 d\u00e9shumidificateurs gainables pour piscines et locaux commerciaux"},"content":{"rendered":"<div class=\"md:text-center\">\n<h3 class=\"text-black font-bold text-lg md:text-xl lg:text-2xl\"><strong>Product specifications<\/strong><\/h3>\n<\/div>\n<div class=\" md:mt-10\">\n<div class=\"\">\n<div class=\"lg:mt-0 \">\n<div id=\"spec-cdp-175\" class=\"prose max-w-full md:overflow-auto\" data-spec-content=\"\">\n<div class=\"spreadsheet-container hidden md:block\">\n<table class=\"w-full table-fixed mb-0\">\n<thead>\n<tr>\n<th class=\"font-bold text-base\"><span class=\"block px-4\">Specifications<\/span><\/th>\n<th class=\"font-bold text-base text-center\"><span class=\"block px-10 md:px-20\">Units<\/span><\/th>\n<th class=\"font-bold text-base text-center will-change\"><span class=\"block px-4\">CDP\u00a0175<\/span><\/th>\n<\/tr>\n<\/thead>\n<tbody>\n<tr class=\"bg-grey-200\/50 p-2\">\n<td colspan=\"1\"><span class=\"block px-4\">Operating temperature range<\/span><\/td>\n<td class=\"text-center\">\n<div class=\"px-10 md:px-20 flex items-center justify-center\">\u00b0C<\/div>\n<\/td>\n<td class=\"text-center will-change\">\n<div class=\"px-10 md:px-20 flex items-center justify-center\">15-38<\/div>\n<\/td>\n<\/tr>\n<tr class=\" p-2\">\n<td colspan=\"1\"><span class=\"block px-4\">Operating humidity range<\/span><\/td>\n<td class=\"text-center\">\n<div class=\"px-10 md:px-20 flex items-center justify-center\">% RH<\/div>\n<\/td>\n<td class=\"text-center will-change\">\n<div class=\"px-10 md:px-20 flex items-center justify-center\">40-95<\/div>\n<\/td>\n<\/tr>\n<tr class=\"bg-grey-200\/50 p-2\">\n<td colspan=\"1\"><span class=\"block px-4\">Air flow, nominal<\/span><\/td>\n<td class=\"text-center\">\n<div class=\"px-10 md:px-20 flex items-center justify-center\">m\u00b3\/h<\/div>\n<\/td>\n<td class=\"text-center will-change\">\n<div class=\"px-10 md:px-20 flex items-center justify-center\">3,600<\/div>\n<\/td>\n<\/tr>\n<tr class=\" p-2\">\n<td colspan=\"1\"><span class=\"block px-4\">Air flow, range<\/span><\/td>\n<td class=\"text-center\">\n<div class=\"px-10 md:px-20 flex items-center justify-center\">m\u00b3\/h<\/div>\n<\/td>\n<td class=\"text-center will-change\">\n<div class=\"px-10 md:px-20 flex items-center justify-center\">1,500-3,600<\/div>\n<\/td>\n<\/tr>\n<tr class=\"bg-grey-200\/50 p-2\">\n<td colspan=\"1\"><span class=\"block px-4\">Dehumidification capacity @ 30\u00b0C\/60% RH<\/span><\/td>\n<td class=\"text-center\">\n<div class=\"px-10 md:px-20 flex items-center justify-center\">l\/24h<\/div>\n<\/td>\n<td class=\"text-center will-change\">\n<div class=\"px-10 md:px-20 flex items-center justify-center\">170<\/div>\n<\/td>\n<\/tr>\n<tr class=\" p-2\">\n<td colspan=\"1\"><span class=\"block px-4\">Dehumidification capacity @ 20\u00b0C\/60% RH<\/span><\/td>\n<td class=\"text-center\">\n<div class=\"px-10 md:px-20 flex items-center justify-center\">l\/24h<\/div>\n<\/td>\n<td class=\"text-center will-change\">\n<div class=\"px-10 md:px-20 flex items-center justify-center\">100<\/div>\n<\/td>\n<\/tr>\n<tr class=\"bg-grey-200\/50 p-2\">\n<td colspan=\"1\"><span class=\"block px-4\">Dehumidification capacity @ 30\u00b0C\/60% RH<\/span><\/td>\n<td class=\"text-center\">\n<div class=\"px-10 md:px-20 flex items-center justify-center\">l\/24h<\/div>\n<\/td>\n<td class=\"text-center will-change\">\n<div class=\"px-10 md:px-20 flex items-center justify-center\">\n<p>261 (15% outdoor air w\/9,0 g\/kg)<\/p>\n<div data-mount=\"ToolTip\" data-text=\"15% outdoor air w\/ 9,0 g\/kg\">\n<div class=\"ml-2 appearance-none hover:opacity-75\" role=\"button\"><\/div>\n<\/div>\n<\/div>\n<\/td>\n<\/tr>\n<tr class=\" p-2\">\n<td colspan=\"1\"><span class=\"block px-4\">Specific Energy Consumption (SEC)<\/span><\/td>\n<td class=\"text-center\">\n<div class=\"px-10 md:px-20 flex items-center justify-center\">kWh\/l<\/div>\n<\/td>\n<td class=\"text-center will-change\">\n<div class=\"px-10 md:px-20 flex items-center justify-center\">\n<p>0.45 (30\u00b0C\/60% RH @ nominal airflow)<\/p>\n<div data-mount=\"ToolTip\" data-text=\"30\u00b0C\/60% RH @ nominal airflow\">\n<div class=\"ml-2 appearance-none hover:opacity-75\" role=\"button\"><\/div>\n<\/div>\n<\/div>\n<\/td>\n<\/tr>\n<tr class=\"bg-grey-200\/50 p-2\">\n<td colspan=\"1\"><span class=\"block px-4\">Specific Energy Consumption (SEC)<\/span><\/td>\n<td class=\"text-center\">\n<div class=\"px-10 md:px-20 flex items-center justify-center\">kWh\/l<\/div>\n<\/td>\n<td class=\"text-center will-change\">\n<div class=\"px-10 md:px-20 flex items-center justify-center\">\n<p>0.67 (20\u00b0C\/60% RH @ nominal airflow)<\/p>\n<div data-mount=\"ToolTip\" data-text=\"20\u00b0C\/60% RH @ nominal airflow\">\n<div class=\"ml-2 appearance-none hover:opacity-75\" role=\"button\"><\/div>\n<\/div>\n<\/div>\n<\/td>\n<\/tr>\n<tr class=\" p-2\">\n<td colspan=\"1\"><span class=\"block px-4\">Max. external pressure loss<\/span><\/td>\n<td class=\"text-center\">\n<div class=\"px-10 md:px-20 flex items-center justify-center\">Pa<\/div>\n<\/td>\n<td class=\"text-center will-change\">\n<div class=\"px-10 md:px-20 flex items-center justify-center\">450<\/div>\n<\/td>\n<\/tr>\n<tr class=\"bg-grey-200\/50 p-2\">\n<td colspan=\"1\"><span class=\"block px-4\">R454C gas weight\/CO\u2082 equivalent<\/span><\/td>\n<td class=\"text-center\">\n<div class=\"px-10 md:px-20 flex items-center justify-center\">kg\/t<\/div>\n<\/td>\n<td class=\"text-center will-change\">\n<div class=\"px-10 md:px-20 flex items-center justify-center\">1.7\/0.25<\/div>\n<\/td>\n<\/tr>\n<tr class=\" p-2\">\n<td colspan=\"1\"><span class=\"block px-4\">Power supply<\/span><\/td>\n<td class=\"text-center\">\n<div class=\"px-10 md:px-20 flex items-center justify-center\">V\/Hz<\/div>\n<\/td>\n<td class=\"text-center will-change\">\n<div class=\"px-10 md:px-20 flex items-center justify-center\">400\/3ph\/50<\/div>\n<\/td>\n<\/tr>\n<tr class=\"bg-grey-200\/50 p-2\">\n<td colspan=\"1\"><span class=\"block px-4\">Power consumption, nominal air flow<\/span><\/td>\n<td class=\"text-center\">\n<div class=\"px-10 md:px-20 flex items-center justify-center\">kW<\/div>\n<\/td>\n<td class=\"text-center will-change\">\n<div class=\"px-10 md:px-20 flex items-center justify-center\">4.6<\/div>\n<\/td>\n<\/tr>\n<tr class=\" p-2\">\n<td colspan=\"1\"><span class=\"block px-4\">Current, max.<\/span><\/td>\n<td class=\"text-center\">\n<div class=\"px-10 md:px-20 flex items-center justify-center\">A<\/div>\n<\/td>\n<td class=\"text-center will-change\">\n<div class=\"px-10 md:px-20 flex items-center justify-center\">9.1<\/div>\n<\/td>\n<\/tr>\n<tr class=\"bg-grey-200\/50 p-2\">\n<td colspan=\"1\"><span class=\"block px-4\">@ 20\u00b0C\/60%<\/span><\/td>\n<td class=\"text-center\">\n<div class=\"px-10 md:px-20 flex items-center justify-center\">kW<\/div>\n<\/td>\n<td class=\"text-center will-change\">\n<div class=\"px-10 md:px-20 flex items-center justify-center\">2.6<\/div>\n<\/td>\n<\/tr>\n<tr class=\" p-2\">\n<td colspan=\"1\"><span class=\"block px-4\">@ 30\u00b0C\/60%<\/span><\/td>\n<td class=\"text-center\">\n<div class=\"px-10 md:px-20 flex items-center justify-center\">kW<\/div>\n<\/td>\n<td class=\"text-center will-change\">\n<div class=\"px-10 md:px-20 flex items-center justify-center\">3.2<\/div>\n<\/td>\n<\/tr>\n<tr class=\"bg-grey-200\/50 p-2\">\n<td colspan=\"1\"><span class=\"block px-4\">Maximum<\/span><\/td>\n<td class=\"text-center\">\n<div class=\"px-10 md:px-20 flex items-center justify-center\">kW<\/div>\n<\/td>\n<td class=\"text-center will-change\">\n<div class=\"px-10 md:px-20 flex items-center justify-center\">4.6<\/div>\n<\/td>\n<\/tr>\n<tr class=\" p-2\">\n<td colspan=\"1\"><span class=\"block px-4\">Product size (w x d x h)<\/span><\/td>\n<td class=\"text-center\">\n<div class=\"px-10 md:px-20 flex items-center justify-center\">mm<\/div>\n<\/td>\n<td class=\"text-center will-change\">\n<div class=\"px-10 md:px-20 flex items-center justify-center\">1400 x 1010 x 975<\/div>\n<\/td>\n<\/tr>\n<tr class=\"bg-grey-200\/50 p-2\">\n<td colspan=\"1\"><span class=\"block px-4\">Weight (w\/o water-cooled condenser)<\/span><\/td>\n<td class=\"text-center\">\n<div class=\"px-10 md:px-20 flex items-center justify-center\">kg<\/div>\n<\/td>\n<td class=\"text-center will-change\">\n<div class=\"px-10 md:px-20 flex items-center justify-center\">240<\/div>\n<\/td>\n<\/tr>\n<tr class=\" p-2\">\n<td colspan=\"1\"><span class=\"block px-4\">Colour<\/span><\/td>\n<td class=\"text-center\">\n<div class=\"px-10 md:px-20 flex items-center justify-center\"><\/div>\n<\/td>\n<td class=\"text-center will-change\">\n<div class=\"px-10 md:px-20 flex items-center justify-center\">RAL 9016<\/div>\n<\/td>\n<\/tr>\n<\/tbody>\n<\/table>\n<\/div>\n<\/div>\n<\/div>\n<\/div>\n<\/div>\n","protected":false},"excerpt":{"rendered":"<div class=\"max-w-4xl\">\n<div class=\"text-xl font-bold mt-1 md:mt-2\">\n<p>D\u00e9shumidificateurs gainables de grande capacit\u00e9 pour piscines et locaux commerciaux<\/p>\n<p>Les d\u00e9shumidificateurs gainables \u00e0 condensation CDP 175 sont sp\u00e9cialement con\u00e7us pour la d\u00e9shumidification des piscines d&rsquo;h\u00f4tels, priv\u00e9es et th\u00e9rapeutiques. Ils offrent une excellente \u00e9limination de l&rsquo;humidit\u00e9 par kWh, une grande durabilit\u00e9 et une autor\u00e9gulation efficace. Ils sont id\u00e9aux pour une installation dans un local technique adjacent.<\/p>\n<p>Toutes les pi\u00e8ces m\u00e9talliques et les surfaces internes sont rev\u00eatues de poudre avant l&rsquo;assemblage et les serpentins de l&rsquo;\u00e9vaporateur et du condenseur sont en aluminium rev\u00eatu d&rsquo;\u00e9poxy. La protection contre la corrosion est conforme \u00e0 la norme EN\/ISO 12944-2, classe C4.<\/p>\n<p>La gamme est \u00e9quip\u00e9e du contr\u00f4leur Dantherm CC6 qui est livr\u00e9 avec un \u00e9cran tactile int\u00e9gr\u00e9 de 2,4 pouces pour une personnalisation facile des points de consigne et une visualisation des variables op\u00e9rationnelles par l&rsquo;utilisateur.<\/p>\n<p>D\u00e9couvrez d&rsquo;autres d\u00e9shumidificateurs de piscine ou d\u00e9couvrez notre gamme compl\u00e8te de d\u00e9shumidificateurs commerciaux et industriels adapt\u00e9s \u00e0 de multiples applications.<\/p>\n<p>Principales caract\u00e9ristiques<br \/>\nVentilateur centrifuge \u00e0 d\u00e9bit constant EC<br \/>\nVolume d&rsquo;air faible et \u00e9lev\u00e9 sp\u00e9cifi\u00e9 par l&rsquo;utilisateur<br \/>\nR\u00e9frig\u00e9rant R454C avec GWP de 148<br \/>\nAcc\u00e8s d&rsquo;inspection mobile<br \/>\nPossibilit\u00e9 d&rsquo;entr\u00e9e d&rsquo;air ext\u00e9rieur (15 %) par raccordement de conduit<br \/>\nConduit d&rsquo;air d&rsquo;alimentation connect\u00e9 horizontalement ou verticalement<br \/>\nCondenseur \u00e0 microcanaux<br \/>\nContr\u00f4le int\u00e9gr\u00e9 du ventilateur d&rsquo;extraction et\/ou du registre d&rsquo;air ext\u00e9rieur<br \/>\nR\u00e9gulation de la demande de chaleur et de refroidissement<br \/>\nEnregistrement des donn\u00e9es et mise \u00e0 jour du logiciel via la carte microSD fournie<br \/>\nUnit\u00e9 compacte con\u00e7ue pour s&rsquo;adapter \u00e0 n&rsquo;importe quelle configuration de local technique<br \/>\nPanneaux de couverture sandwich avec isolation de 45 mm<br \/>\nCondenseur refroidi par eau en option<br \/>\nTrois modes de contr\u00f4le sp\u00e9cifi\u00e9s par point de consigne &#8211; relatif, absolu ou point de ros\u00e9e<br \/>\nModbus RTU (RS485)<\/p>\n<\/div>\n<\/div>\n","protected":false},"featured_media":24771,"template":"","meta":[],"product_brand":[],"product_cat":[555,1834,412,416],"product_tag":[],"class_list":{"0":"post-24791","1":"product","2":"type-product","3":"status-publish","4":"has-post-thumbnail","6":"product_cat-deshumidificateurs-dantherm","7":"product_cat-deshumidificateur-fr-2","8":"product_cat-climatisation-deshumidificateur-dair-ventilateur-fr-ventilation","9":"product_cat-deshumidificateurs","11":"first","12":"instock","13":"shipping-taxable","14":"purchasable","15":"product-type-simple"},"yoast_head":"<!-- This site is optimized with the Yoast SEO plugin v27.1.1 - https:\/\/yoast.com\/product\/yoast-seo-wordpress\/ -->\n<title>Dantherm CDP 175 \u2013 d\u00e9shumidificateurs gainables pour piscines et locaux commerciaux - AirRent.ge<\/title>\n<meta name=\"robots\" content=\"index, follow, max-snippet:-1, max-image-preview:large, max-video-preview:-1\" \/>\n<link rel=\"canonical\" href=\"https:\/\/airrent.ge\/fr\/produit\/dantherm-cdp-175-ducted-swimming-pool-and-commercial-dehumidifiers\/\" \/>\n<meta property=\"og:locale\" content=\"fr_FR\" \/>\n<meta property=\"og:type\" content=\"article\" \/>\n<meta property=\"og:title\" content=\"Dantherm CDP 175 \u2013 d\u00e9shumidificateurs gainables pour piscines et locaux commerciaux - AirRent.ge\" \/>\n<meta property=\"og:description\" content=\"D\u00e9shumidificateurs gainables de grande capacit\u00e9 pour piscines et locaux commerciaux  Les d\u00e9shumidificateurs gainables \u00e0 condensation CDP 175 sont sp\u00e9cialement con\u00e7us pour la d\u00e9shumidification des piscines d&#039;h\u00f4tels, priv\u00e9es et th\u00e9rapeutiques. Ils offrent une excellente \u00e9limination de l&#039;humidit\u00e9 par kWh, une grande durabilit\u00e9 et une autor\u00e9gulation efficace. Ils sont id\u00e9aux pour une installation dans un local technique adjacent.  Toutes les pi\u00e8ces m\u00e9talliques et les surfaces internes sont rev\u00eatues de poudre avant l&#039;assemblage et les serpentins de l&#039;\u00e9vaporateur et du condenseur sont en aluminium rev\u00eatu d&#039;\u00e9poxy. La protection contre la corrosion est conforme \u00e0 la norme EN\/ISO 12944-2, classe C4.  La gamme est \u00e9quip\u00e9e du contr\u00f4leur Dantherm CC6 qui est livr\u00e9 avec un \u00e9cran tactile int\u00e9gr\u00e9 de 2,4 pouces pour une personnalisation facile des points de consigne et une visualisation des variables op\u00e9rationnelles par l&#039;utilisateur.  D\u00e9couvrez d&#039;autres d\u00e9shumidificateurs de piscine ou d\u00e9couvrez notre gamme compl\u00e8te de d\u00e9shumidificateurs commerciaux et industriels adapt\u00e9s \u00e0 de multiples applications.  Principales caract\u00e9ristiques Ventilateur centrifuge \u00e0 d\u00e9bit constant EC Volume d&#039;air faible et \u00e9lev\u00e9 sp\u00e9cifi\u00e9 par l&#039;utilisateur R\u00e9frig\u00e9rant R454C avec GWP de 148 Acc\u00e8s d&#039;inspection mobile Possibilit\u00e9 d&#039;entr\u00e9e d&#039;air ext\u00e9rieur (15 %) par raccordement de conduit Conduit d&#039;air d&#039;alimentation connect\u00e9 horizontalement ou verticalement Condenseur \u00e0 microcanaux Contr\u00f4le int\u00e9gr\u00e9 du ventilateur d&#039;extraction et\/ou du registre d&#039;air ext\u00e9rieur R\u00e9gulation de la demande de chaleur et de refroidissement Enregistrement des donn\u00e9es et mise \u00e0 jour du logiciel via la carte microSD fournie Unit\u00e9 compacte con\u00e7ue pour s&#039;adapter \u00e0 n&#039;importe quelle configuration de local technique Panneaux de couverture sandwich avec isolation de 45 mm Condenseur refroidi par eau en option Trois modes de contr\u00f4le sp\u00e9cifi\u00e9s par point de consigne - relatif, absolu ou point de ros\u00e9e Modbus RTU (RS485)\" \/>\n<meta property=\"og:url\" content=\"https:\/\/airrent.ge\/fr\/produit\/dantherm-cdp-175-ducted-swimming-pool-and-commercial-dehumidifiers\/\" \/>\n<meta property=\"og:site_name\" content=\"AirRent.ge\" \/>\n<meta property=\"article:modified_time\" content=\"2025-02-25T13:21:39+00:00\" \/>\n<meta property=\"og:image\" content=\"https:\/\/airrent.ge\/wp-content\/uploads\/2025\/02\/CDP-85-main-web.jpg\" \/>\n\t<meta property=\"og:image:width\" content=\"1000\" \/>\n\t<meta property=\"og:image:height\" content=\"1000\" \/>\n\t<meta property=\"og:image:type\" content=\"image\/jpeg\" \/>\n<meta name=\"twitter:card\" content=\"summary_large_image\" \/>\n<meta name=\"twitter:label1\" content=\"Dur\u00e9e de lecture estim\u00e9e\" \/>\n\t<meta name=\"twitter:data1\" content=\"1 minute\" \/>\n<script type=\"application\/ld+json\" class=\"yoast-schema-graph\">{\"@context\":\"https:\/\/schema.org\",\"@graph\":[{\"@type\":\"WebPage\",\"@id\":\"https:\/\/airrent.ge\/fr\/produit\/dantherm-cdp-175-ducted-swimming-pool-and-commercial-dehumidifiers\/\",\"url\":\"https:\/\/airrent.ge\/fr\/produit\/dantherm-cdp-175-ducted-swimming-pool-and-commercial-dehumidifiers\/\",\"name\":\"Dantherm CDP 175 \u2013 d\u00e9shumidificateurs gainables pour piscines et locaux commerciaux - AirRent.ge\",\"isPartOf\":{\"@id\":\"https:\/\/airrent.ge\/#website\"},\"primaryImageOfPage\":{\"@id\":\"https:\/\/airrent.ge\/fr\/produit\/dantherm-cdp-175-ducted-swimming-pool-and-commercial-dehumidifiers\/#primaryimage\"},\"image\":{\"@id\":\"https:\/\/airrent.ge\/fr\/produit\/dantherm-cdp-175-ducted-swimming-pool-and-commercial-dehumidifiers\/#primaryimage\"},\"thumbnailUrl\":\"https:\/\/airrent.ge\/wp-content\/uploads\/2025\/02\/CDP-85-main-web.jpg\",\"datePublished\":\"2024-01-24T18:27:05+00:00\",\"dateModified\":\"2025-02-25T13:21:39+00:00\",\"breadcrumb\":{\"@id\":\"https:\/\/airrent.ge\/fr\/produit\/dantherm-cdp-175-ducted-swimming-pool-and-commercial-dehumidifiers\/#breadcrumb\"},\"inLanguage\":\"fr-FR\",\"potentialAction\":[{\"@type\":\"ReadAction\",\"target\":[\"https:\/\/airrent.ge\/fr\/produit\/dantherm-cdp-175-ducted-swimming-pool-and-commercial-dehumidifiers\/\"]}]},{\"@type\":\"ImageObject\",\"inLanguage\":\"fr-FR\",\"@id\":\"https:\/\/airrent.ge\/fr\/produit\/dantherm-cdp-175-ducted-swimming-pool-and-commercial-dehumidifiers\/#primaryimage\",\"url\":\"https:\/\/airrent.ge\/wp-content\/uploads\/2025\/02\/CDP-85-main-web.jpg\",\"contentUrl\":\"https:\/\/airrent.ge\/wp-content\/uploads\/2025\/02\/CDP-85-main-web.jpg\",\"width\":1000,\"height\":1000},{\"@type\":\"BreadcrumbList\",\"@id\":\"https:\/\/airrent.ge\/fr\/produit\/dantherm-cdp-175-ducted-swimming-pool-and-commercial-dehumidifiers\/#breadcrumb\",\"itemListElement\":[{\"@type\":\"ListItem\",\"position\":1,\"name\":\"Home\",\"item\":\"https:\/\/airrent.ge\/fr\/home\/\"},{\"@type\":\"ListItem\",\"position\":2,\"name\":\"Products\",\"item\":\"https:\/\/airrent.ge\/fr\/products\/\"},{\"@type\":\"ListItem\",\"position\":3,\"name\":\"Dantherm CDP 175 \u2013 d\u00e9shumidificateurs gainables pour piscines et locaux commerciaux\"}]},{\"@type\":\"WebSite\",\"@id\":\"https:\/\/airrent.ge\/#website\",\"url\":\"https:\/\/airrent.ge\/\",\"name\":\"airrent.ge\",\"description\":\"Rental Services\",\"publisher\":{\"@id\":\"https:\/\/airrent.ge\/#organization\"},\"potentialAction\":[{\"@type\":\"SearchAction\",\"target\":{\"@type\":\"EntryPoint\",\"urlTemplate\":\"https:\/\/airrent.ge\/?s={search_term_string}\"},\"query-input\":{\"@type\":\"PropertyValueSpecification\",\"valueRequired\":true,\"valueName\":\"search_term_string\"}}],\"inLanguage\":\"fr-FR\"},{\"@type\":\"Organization\",\"@id\":\"https:\/\/airrent.ge\/#organization\",\"name\":\"airrent.ge\",\"url\":\"https:\/\/airrent.ge\/\",\"logo\":{\"@type\":\"ImageObject\",\"inLanguage\":\"fr-FR\",\"@id\":\"https:\/\/airrent.ge\/#\/schema\/logo\/image\/\",\"url\":\"https:\/\/airrent.ge\/wp-content\/uploads\/2026\/03\/airrent.png\",\"contentUrl\":\"https:\/\/airrent.ge\/wp-content\/uploads\/2026\/03\/airrent.png\",\"width\":1536,\"height\":1024,\"caption\":\"airrent.ge\"},\"image\":{\"@id\":\"https:\/\/airrent.ge\/#\/schema\/logo\/image\/\"}}]}<\/script>\n<!-- \/ Yoast SEO plugin. -->","yoast_head_json":{"title":"Dantherm CDP 175 \u2013 d\u00e9shumidificateurs gainables pour piscines et locaux commerciaux - AirRent.ge","robots":{"index":"index","follow":"follow","max-snippet":"max-snippet:-1","max-image-preview":"max-image-preview:large","max-video-preview":"max-video-preview:-1"},"canonical":"https:\/\/airrent.ge\/fr\/produit\/dantherm-cdp-175-ducted-swimming-pool-and-commercial-dehumidifiers\/","og_locale":"fr_FR","og_type":"article","og_title":"Dantherm CDP 175 \u2013 d\u00e9shumidificateurs gainables pour piscines et locaux commerciaux - AirRent.ge","og_description":"D\u00e9shumidificateurs gainables de grande capacit\u00e9 pour piscines et locaux commerciaux  Les d\u00e9shumidificateurs gainables \u00e0 condensation CDP 175 sont sp\u00e9cialement con\u00e7us pour la d\u00e9shumidification des piscines d'h\u00f4tels, priv\u00e9es et th\u00e9rapeutiques. Ils offrent une excellente \u00e9limination de l'humidit\u00e9 par kWh, une grande durabilit\u00e9 et une autor\u00e9gulation efficace. Ils sont id\u00e9aux pour une installation dans un local technique adjacent.  Toutes les pi\u00e8ces m\u00e9talliques et les surfaces internes sont rev\u00eatues de poudre avant l'assemblage et les serpentins de l'\u00e9vaporateur et du condenseur sont en aluminium rev\u00eatu d'\u00e9poxy. La protection contre la corrosion est conforme \u00e0 la norme EN\/ISO 12944-2, classe C4.  La gamme est \u00e9quip\u00e9e du contr\u00f4leur Dantherm CC6 qui est livr\u00e9 avec un \u00e9cran tactile int\u00e9gr\u00e9 de 2,4 pouces pour une personnalisation facile des points de consigne et une visualisation des variables op\u00e9rationnelles par l'utilisateur.  D\u00e9couvrez d'autres d\u00e9shumidificateurs de piscine ou d\u00e9couvrez notre gamme compl\u00e8te de d\u00e9shumidificateurs commerciaux et industriels adapt\u00e9s \u00e0 de multiples applications.  Principales caract\u00e9ristiques Ventilateur centrifuge \u00e0 d\u00e9bit constant EC Volume d'air faible et \u00e9lev\u00e9 sp\u00e9cifi\u00e9 par l'utilisateur R\u00e9frig\u00e9rant R454C avec GWP de 148 Acc\u00e8s d'inspection mobile Possibilit\u00e9 d'entr\u00e9e d'air ext\u00e9rieur (15 %) par raccordement de conduit Conduit d'air d'alimentation connect\u00e9 horizontalement ou verticalement Condenseur \u00e0 microcanaux Contr\u00f4le int\u00e9gr\u00e9 du ventilateur d'extraction et\/ou du registre d'air ext\u00e9rieur R\u00e9gulation de la demande de chaleur et de refroidissement Enregistrement des donn\u00e9es et mise \u00e0 jour du logiciel via la carte microSD fournie Unit\u00e9 compacte con\u00e7ue pour s'adapter \u00e0 n'importe quelle configuration de local technique Panneaux de couverture sandwich avec isolation de 45 mm Condenseur refroidi par eau en option Trois modes de contr\u00f4le sp\u00e9cifi\u00e9s par point de consigne - relatif, absolu ou point de ros\u00e9e Modbus RTU (RS485)","og_url":"https:\/\/airrent.ge\/fr\/produit\/dantherm-cdp-175-ducted-swimming-pool-and-commercial-dehumidifiers\/","og_site_name":"AirRent.ge","article_modified_time":"2025-02-25T13:21:39+00:00","og_image":[{"width":1000,"height":1000,"url":"https:\/\/airrent.ge\/wp-content\/uploads\/2025\/02\/CDP-85-main-web.jpg","type":"image\/jpeg"}],"twitter_card":"summary_large_image","twitter_misc":{"Dur\u00e9e de lecture estim\u00e9e":"1 minute"},"schema":{"@context":"https:\/\/schema.org","@graph":[{"@type":"WebPage","@id":"https:\/\/airrent.ge\/fr\/produit\/dantherm-cdp-175-ducted-swimming-pool-and-commercial-dehumidifiers\/","url":"https:\/\/airrent.ge\/fr\/produit\/dantherm-cdp-175-ducted-swimming-pool-and-commercial-dehumidifiers\/","name":"Dantherm CDP 175 \u2013 d\u00e9shumidificateurs gainables pour piscines et locaux commerciaux - AirRent.ge","isPartOf":{"@id":"https:\/\/airrent.ge\/#website"},"primaryImageOfPage":{"@id":"https:\/\/airrent.ge\/fr\/produit\/dantherm-cdp-175-ducted-swimming-pool-and-commercial-dehumidifiers\/#primaryimage"},"image":{"@id":"https:\/\/airrent.ge\/fr\/produit\/dantherm-cdp-175-ducted-swimming-pool-and-commercial-dehumidifiers\/#primaryimage"},"thumbnailUrl":"https:\/\/airrent.ge\/wp-content\/uploads\/2025\/02\/CDP-85-main-web.jpg","datePublished":"2024-01-24T18:27:05+00:00","dateModified":"2025-02-25T13:21:39+00:00","breadcrumb":{"@id":"https:\/\/airrent.ge\/fr\/produit\/dantherm-cdp-175-ducted-swimming-pool-and-commercial-dehumidifiers\/#breadcrumb"},"inLanguage":"fr-FR","potentialAction":[{"@type":"ReadAction","target":["https:\/\/airrent.ge\/fr\/produit\/dantherm-cdp-175-ducted-swimming-pool-and-commercial-dehumidifiers\/"]}]},{"@type":"ImageObject","inLanguage":"fr-FR","@id":"https:\/\/airrent.ge\/fr\/produit\/dantherm-cdp-175-ducted-swimming-pool-and-commercial-dehumidifiers\/#primaryimage","url":"https:\/\/airrent.ge\/wp-content\/uploads\/2025\/02\/CDP-85-main-web.jpg","contentUrl":"https:\/\/airrent.ge\/wp-content\/uploads\/2025\/02\/CDP-85-main-web.jpg","width":1000,"height":1000},{"@type":"BreadcrumbList","@id":"https:\/\/airrent.ge\/fr\/produit\/dantherm-cdp-175-ducted-swimming-pool-and-commercial-dehumidifiers\/#breadcrumb","itemListElement":[{"@type":"ListItem","position":1,"name":"Home","item":"https:\/\/airrent.ge\/fr\/home\/"},{"@type":"ListItem","position":2,"name":"Products","item":"https:\/\/airrent.ge\/fr\/products\/"},{"@type":"ListItem","position":3,"name":"Dantherm CDP 175 \u2013 d\u00e9shumidificateurs gainables pour piscines et locaux commerciaux"}]},{"@type":"WebSite","@id":"https:\/\/airrent.ge\/#website","url":"https:\/\/airrent.ge\/","name":"airrent.ge","description":"Rental Services","publisher":{"@id":"https:\/\/airrent.ge\/#organization"},"potentialAction":[{"@type":"SearchAction","target":{"@type":"EntryPoint","urlTemplate":"https:\/\/airrent.ge\/?s={search_term_string}"},"query-input":{"@type":"PropertyValueSpecification","valueRequired":true,"valueName":"search_term_string"}}],"inLanguage":"fr-FR"},{"@type":"Organization","@id":"https:\/\/airrent.ge\/#organization","name":"airrent.ge","url":"https:\/\/airrent.ge\/","logo":{"@type":"ImageObject","inLanguage":"fr-FR","@id":"https:\/\/airrent.ge\/#\/schema\/logo\/image\/","url":"https:\/\/airrent.ge\/wp-content\/uploads\/2026\/03\/airrent.png","contentUrl":"https:\/\/airrent.ge\/wp-content\/uploads\/2026\/03\/airrent.png","width":1536,"height":1024,"caption":"airrent.ge"},"image":{"@id":"https:\/\/airrent.ge\/#\/schema\/logo\/image\/"}}]}},"_links":{"self":[{"href":"https:\/\/airrent.ge\/fr\/wp-json\/wp\/v2\/product\/24791","targetHints":{"allow":["GET"]}}],"collection":[{"href":"https:\/\/airrent.ge\/fr\/wp-json\/wp\/v2\/product"}],"about":[{"href":"https:\/\/airrent.ge\/fr\/wp-json\/wp\/v2\/types\/product"}],"wp:featuredmedia":[{"embeddable":true,"href":"https:\/\/airrent.ge\/fr\/wp-json\/wp\/v2\/media\/24771"}],"wp:attachment":[{"href":"https:\/\/airrent.ge\/fr\/wp-json\/wp\/v2\/media?parent=24791"}],"wp:term":[{"taxonomy":"product_brand","embeddable":true,"href":"https:\/\/airrent.ge\/fr\/wp-json\/wp\/v2\/product_brand?post=24791"},{"taxonomy":"product_cat","embeddable":true,"href":"https:\/\/airrent.ge\/fr\/wp-json\/wp\/v2\/product_cat?post=24791"},{"taxonomy":"product_tag","embeddable":true,"href":"https:\/\/airrent.ge\/fr\/wp-json\/wp\/v2\/product_tag?post=24791"}],"curies":[{"name":"wp","href":"https:\/\/api.w.org\/{rel}","templated":true}]}}