{"id":25524,"date":"2025-03-26T18:38:13","date_gmt":"2025-03-26T14:38:13","guid":{"rendered":"https:\/\/airsystems.ge\/shop\/product\/25508\/"},"modified":"2025-03-26T19:12:41","modified_gmt":"2025-03-26T15:12:41","slug":"25508","status":"publish","type":"product","link":"https:\/\/airrent.ge\/fr\/produit\/25508\/","title":{"rendered":"VENTILATEURS DE TUNNELS HAUTE PRESSION"},"content":{"rendered":"<section id=\"comp-lqc6ijmm1\" class=\"Oqnisf comp-lqc6ijmm1 wixui-section\" tabindex=\"-1\" data-block-level-container=\"ClassicSection\">\n<div class=\"\" data-mesh-id=\"comp-lqc6ijmm1inlineContent\" data-testid=\"inline-content\">\n<div data-mesh-id=\"comp-lqc6ijmm1inlineContent-gridContainer\" data-testid=\"mesh-container-content\">\n<section id=\"comp-k24lkzrc\" class=\"comp-k24lkzrc CohWsy wixui-column-strip\">\n<div class=\"V5AUxf\" data-testid=\"columns\">\n<div id=\"comp-k24lkzrc1\" class=\"comp-k24lkzrc1 YzqVVZ wixui-column-strip__column\">\n<div class=\"\" data-mesh-id=\"comp-k24lkzrc1inlineContent\" data-testid=\"inline-content\">\n<div data-mesh-id=\"comp-k24lkzrc1inlineContent-gridContainer\" data-testid=\"mesh-container-content\">\n<div id=\"comp-k24lkzrc2\" class=\"HcOXKn SxM0TO QxJLC3 lq2cno YQcXTT comp-k24lkzrc2 wixui-rich-text\" data-testid=\"richTextElement\">\n<p>Construction robuste<\/p>\n<p>Les ventilateurs SWEDFAN pour mines et tunnels sont de conception robuste et r\u00e9sistante, avec des brides enti\u00e8rement soud\u00e9es. Leur protection antirouille est con\u00e7ue pour r\u00e9sister aux environnements acides et agressifs.<\/p>\n<p>D\u00e9bit d&rsquo;air r\u00e9glable<\/p>\n<p>Les turbines sont constitu\u00e9es d&rsquo;un moyeu en acier ou en aluminium et de pales en aluminium r\u00e9glables individuellement. La possibilit\u00e9 de modifier l&rsquo;angle des pales permet d&rsquo;utiliser le m\u00eame ventilateur pour diff\u00e9rentes conditions de tunnel. Par exemple, un ventilateur de \u2205 1250 mm peut \u00eatre r\u00e9gl\u00e9 pour un d\u00e9bit compris entre \u224816 m\u00b3\/s et \u2248 44 m\u00b3\/s. Autre avantage\u00a0: seules les pales doivent \u00eatre chang\u00e9es lors de la r\u00e9vision des turbines. Les turbines sont \u00e9quilibr\u00e9es statiquement et dynamiquement.<\/p>\n<p>Fabriqu\u00e9 en Su\u00e8de<\/p>\n<p>Les ventilateurs sont fabriqu\u00e9s en Su\u00e8de. Un travail de d\u00e9veloppement continu est men\u00e9 en collaboration avec des instituts de recherche nationaux et internationaux. L&rsquo;objectif est d&rsquo;accro\u00eetre encore le rendement, d&rsquo;accro\u00eetre la capacit\u00e9 des ventilateurs \u00e0 fournir de l&rsquo;air \u00e0 des pressions syst\u00e8me plus \u00e9lev\u00e9es, de r\u00e9duire davantage les niveaux sonores et d&rsquo;am\u00e9liorer la ventilation \u00e0 r\u00e9gulation automatique.<\/p>\n<p>Moteur<\/p>\n<p>Les ventilateurs pour mines et tunnels SWEDFAN sont \u00e9quip\u00e9s de moteurs haute qualit\u00e9 certifi\u00e9s ISO. La lubrification des roulements s&rsquo;effectue depuis l&rsquo;ext\u00e9rieur du carter. Chaque moteur est \u00e9tiquet\u00e9 avec son num\u00e9ro de s\u00e9rie pour faciliter la recherche ult\u00e9rieure de pi\u00e8ces d\u00e9tach\u00e9es. Des thermistances sont mont\u00e9es directement sur les bobinages du moteur afin de d\u00e9tecter leur \u00e9chauffement. Un refroidissement insuffisant des moteurs (par exemple, d\u00fb \u00e0 la salet\u00e9 sur les ailettes de refroidissement) ne les fera pas griller, \u00e0 condition que les thermistances soient connect\u00e9es \u00e0 des dispositifs de surveillance ou d&rsquo;arr\u00eat.<\/p>\n<\/div>\n<\/div>\n<\/div>\n<\/div>\n<\/div>\n<\/section>\n<div id=\"fansabout\"><\/div>\n<\/div>\n<\/div>\n<\/section>\n<div class=\"\" data-mesh-id=\"comp-lqc6ijmm2inlineContent\" data-testid=\"inline-content\">\n<div data-mesh-id=\"comp-lqc6ijmm2inlineContent-gridContainer\" data-testid=\"mesh-container-content\">\n<section id=\"comp-k24lkzrc3\" class=\"comp-k24lkzrc3 CohWsy wixui-column-strip\">\n<div class=\"V5AUxf\" data-testid=\"columns\">\n<div id=\"comp-k24lkzrc4\" class=\"comp-k24lkzrc4 YzqVVZ wixui-column-strip__column\">\n<div id=\"bgLayers_comp-k24lkzrc4\" class=\"MW5IWV\" data-hook=\"bgLayers\" data-motion-part=\"BG_LAYER comp-k24lkzrc4\">\n<div id=\"bgMedia_comp-k24lkzrc4\" class=\"VgO9Yg\" data-motion-part=\"BG_MEDIA comp-k24lkzrc4\"><\/div>\n<\/div>\n<div class=\"\" data-mesh-id=\"comp-k24lkzrc4inlineContent\" data-testid=\"inline-content\">\n<div data-mesh-id=\"comp-k24lkzrc4inlineContent-gridContainer\" data-testid=\"mesh-container-content\">\n<div id=\"comp-k24lkzrc5\" class=\"MazNVa comp-k24lkzrc5 wixui-image\">\n<div class=\"j7pOnl\" data-testid=\"linkElement\"><img loading=\"lazy\" decoding=\"async\" id=\"img_comp-k24lkzrc5\" class=\"BI8PVQ I5zqsT\" src=\"https:\/\/static.wixstatic.com\/media\/9e28d9_fbdbb756e85545a3873a627270b9406e~mv2.png\/v1\/fill\/w_940,h_365,al_c,q_85,usm_0.66_1.00_0.01,enc_avif,quality_auto\/fan_drawing.png\" sizes=\"auto, 940px\" srcset=\"https:\/\/static.wixstatic.com\/media\/9e28d9_fbdbb756e85545a3873a627270b9406e~mv2.png\/v1\/fill\/w_940,h_365,al_c,q_85,usm_0.66_1.00_0.01,enc_avif,quality_auto\/fan_drawing.png 1x, https:\/\/static.wixstatic.com\/media\/9e28d9_fbdbb756e85545a3873a627270b9406e~mv2.png\/v1\/fill\/w_979,h_380,al_c,q_90,enc_avif,quality_auto\/fan_drawing.png 2x\" alt=\"fan_drawing.png\" width=\"940\" height=\"520\" \/><\/div>\n<\/div>\n<\/div>\n<\/div>\n<\/div>\n<\/div>\n<\/section>\n<div id=\"adi_page1010_1_174\" class=\"Vd6aQZ ignore-focus adi_page1010_1_174\" tabindex=\"-1\" role=\"region\" aria-label=\"Fans: Welcome\">\n<div id=\"fanswelcome\"><\/div>\n<\/div>\n<\/div>\n<\/div>\n<section id=\"comp-lqc6ijmm3\" class=\"Oqnisf comp-lqc6ijmm3 wixui-section\" tabindex=\"-1\" data-block-level-container=\"ClassicSection\">\n<div id=\"bgMedia_comp-lqc6ijmm3\" class=\"VgO9Yg\" data-motion-part=\"BG_MEDIA comp-lqc6ijmm3\">\n<p>Exp\u00e9rience exceptionnelle<\/p>\n<p>La conception du syst\u00e8me SWEDFAN s&rsquo;appuie sur des calculs bas\u00e9s sur des mesures in situ r\u00e9alis\u00e9es lors de plus de 600 chantiers de creusement de tunnels.<br \/>\nSWEDFAN effectue ses calculs \u00e0 l&rsquo;aide d&rsquo;un logiciel compatible PC et les pr\u00e9sente sous forme de feuilles de calcul pr\u00e9sentant les donn\u00e9es sp\u00e9cifiques au projet. Le facteur de fuite total est exprim\u00e9 en \u00ab\u00a0facteur de fuite\u00a0\u00bb, qui indique la quantit\u00e9 d&rsquo;air suppl\u00e9mentaire \u00e0 fournir par le ventilateur par rapport \u00e0 la quantit\u00e9 d&rsquo;air fournie \u00e0 la t\u00eate du tunnel.<\/p>\n<p>\u00c0 ce jour, SWEDFAN peut pr\u00e9senter de nombreux projets de tunnels majeurs pour lesquels SWEDFAN a con\u00e7u le syst\u00e8me de ventilation avec une ventilation pleinement satisfaisante tout au long du projet.<\/p>\n<p>Contr\u00f4le qualit\u00e9<\/p>\n<p>SWEDFAN travaille selon le syst\u00e8me qualit\u00e9 ISO 9001 et les ventilateurs sont livr\u00e9s avec le marquage CE.<\/p>\n<p>Chaque ventilateur est test\u00e9 avant livraison et accompagn\u00e9 d&rsquo;un rapport d&rsquo;essai avec courbe de capacit\u00e9.<\/p>\n<p>Ventilation r\u00e9gul\u00e9e<\/p>\n<p>Pour des \u00e9conomies d&rsquo;\u00e9nergie optimis\u00e9es et un d\u00e9bit d&rsquo;air variable, les ventilateurs SWEDFAN pour mines et tunnels peuvent \u00eatre fournis avec les deux solutions suivantes pour ajuster le d\u00e9bit d&rsquo;air pendant le fonctionnement\u00a0:<\/p>\n<p>Moteurs de ventilateur \u00e0 deux ou plusieurs vitesses.<\/p>\n<p>Variateurs de fr\u00e9quence.<\/p>\n<p>\u200b<\/p>\n<p>Gamme de puissance importante<\/p>\n<p>Les ventilateurs SWEDFAN pour mines et tunnels sont disponibles dans une large gamme de diam\u00e8tres et de puissances, de \u00d8 630 \u00e0 \u00d8 2240 mm et de 1,5 \u00e0 200 m\u00b3\/s. Ils peuvent supporter une pression syst\u00e8me allant jusqu&rsquo;\u00e0 4200 Pa par \u00e9tage. Pour des pressions syst\u00e8me plus \u00e9lev\u00e9es, deux ventilateurs ou plus sont mont\u00e9s en s\u00e9rie pour former une station multi-ventilateurs.<\/p>\n<\/div>\n<\/section>\n<section id=\"comp-lqc6ijmm4\" class=\"Oqnisf comp-lqc6ijmm4 wixui-section\" tabindex=\"-1\" data-block-level-container=\"ClassicSection\">\n<div class=\"\" data-mesh-id=\"comp-lqc6ijmm4inlineContent\" data-testid=\"inline-content\">\n<div data-mesh-id=\"comp-lqc6ijmm4inlineContent-gridContainer\" data-testid=\"mesh-container-content\">\n<section id=\"comp-k39wq7fn\" class=\"comp-k39wq7fn CohWsy wixui-column-strip\">\n<div class=\"V5AUxf\" data-testid=\"columns\">\n<div id=\"comp-k39wq7fo\" class=\"comp-k39wq7fo YzqVVZ wixui-column-strip__column\">\n<div id=\"bgLayers_comp-k39wq7fo\" class=\"MW5IWV\" data-hook=\"bgLayers\" data-motion-part=\"BG_LAYER comp-k39wq7fo\">\n<div class=\"LWbAav Kv1aVt\" data-testid=\"colorUnderlay\"><\/div>\n<div id=\"bgMedia_comp-k39wq7fo\" class=\"VgO9Yg\" data-motion-part=\"BG_MEDIA comp-k39wq7fo\"><\/div>\n<\/div>\n<div class=\"\" data-mesh-id=\"comp-k39wq7foinlineContent\" data-testid=\"inline-content\">\n<div data-mesh-id=\"comp-k39wq7foinlineContent-gridContainer\" data-testid=\"mesh-container-content\">\n<div id=\"comp-k39wq7fo1\" class=\"comp-k39wq7fo1 wixui-vector-image\">\n<div class=\"AKxYR5 VZYmYf comp-k39wq7fo1\" data-testid=\"svgRoot-comp-k39wq7fo1\"><\/div>\n<\/div>\n<div id=\"comp-k39wq7fo2\" class=\"HcOXKn SxM0TO QxJLC3 lq2cno YQcXTT comp-k39wq7fo2 wixui-rich-text\" data-testid=\"richTextElement\">\n<h2 class=\"font_0 wixui-rich-text__text\"><span class=\"color_11 wixui-rich-text__text\"><span class=\"wixui-rich-text__text\">TECHNICAL SPECIFICATION<br class=\"wixui-rich-text__text\" \/>SWEDFAN &#8211; FANS<\/span><\/span><\/h2>\n<\/div>\n<div id=\"comp-k39wq7fo3\" class=\"HcOXKn SxM0TO QxJLC3 lq2cno YQcXTT comp-k39wq7fo3 wixui-rich-text\" data-testid=\"richTextElement\">\n<p class=\"font_9 wixui-rich-text__text\"><span class=\"color_11 wixui-rich-text__text\">Click to download the Technical Specification for Swedfan high pressure tunneling Fans.<\/span><\/p>\n<\/div>\n<div id=\"comp-k39wq7fo4\" class=\"comp-k39wq7fo4 FubTgk\" aria-disabled=\"false\"><a class=\"uDW_Qe wixui-button PlZyDq\" href=\"https:\/\/www.swedfan.se\/_files\/ugd\/9e28d9_794ed837c3dd453ba4c5e34767a1bb20.pdf\" target=\"_blank\" rel=\"noopener\" data-testid=\"linkElement\" aria-disabled=\"false\" aria-label=\"Download\"><span class=\"l7_2fn wixui-button__label\">Download<\/span><\/a><\/div>\n<\/div>\n<\/div>\n<\/div>\n<\/div>\n<\/section>\n<\/div>\n<\/div>\n<\/section>\n","protected":false},"excerpt":{"rendered":"<section id=\"comp-lqc6ijml\" class=\"Oqnisf comp-lqc6ijml wixui-section\" tabindex=\"-1\" data-block-level-container=\"ClassicSection\">\n<div class=\"\" data-mesh-id=\"comp-lqc6ijmlinlineContent\" data-testid=\"inline-content\">\n<div data-mesh-id=\"comp-lqc6ijmlinlineContent-gridContainer\" data-testid=\"mesh-container-content\">\n<section id=\"comp-k24lkzra\" class=\"comp-k24lkzra CohWsy wixui-column-strip\">\n<div class=\"V5AUxf\" data-testid=\"columns\">\n<div id=\"comp-k24lkzra1\" class=\"comp-k24lkzra1 YzqVVZ wixui-column-strip__column\">\n<div class=\"\" data-mesh-id=\"comp-k24lkzra1inlineContent\" data-testid=\"inline-content\">\n<div data-mesh-id=\"comp-k24lkzra1inlineContent-gridContainer\" data-testid=\"mesh-container-content\">\n<div id=\"comp-k2u9xabu\" class=\"HcOXKn SxM0TO QxJLC3 lq2cno YQcXTT comp-k2u9xabu wixui-rich-text\" data-testid=\"richTextElement\">\n<p>Les ventilateurs de tunnel haute pression SWEDFAN sont fabriqu\u00e9s en Su\u00e8de, garantissant une qualit\u00e9 optimale, conform\u00e9ment aux normes scandinaves.<\/p>\n<p>LA ROUE<\/p>\n<p>Un moyeu large, des pales courtes et un faible espace entre les pales et le moulage du ventilateur permettent aux ventilateurs de fonctionner sous des pressions tr\u00e8s \u00e9lev\u00e9es. Les turbines tournent vers des aubes directrices sp\u00e9cialement con\u00e7ues pour \u00e9liminer les tourbillons et les turbulences. Ce fait, combin\u00e9 \u00e0 la torsion extr\u00eame des pales, contribue \u00e0 l&rsquo;efficacit\u00e9 et aux faibles niveaux sonores.<\/p>\n<\/div>\n<\/div>\n<\/div>\n<\/div>\n<\/div>\n<\/section>\n<\/div>\n<\/div>\n<\/section>\n<section id=\"comp-lqc6ijmm\" class=\"Oqnisf comp-lqc6ijmm wixui-section\" tabindex=\"-1\" data-block-level-container=\"ClassicSection\">\n<div class=\"\" data-mesh-id=\"comp-lqc6ijmminlineContent\" data-testid=\"inline-content\">\n<div data-mesh-id=\"comp-lqc6ijmminlineContent-gridContainer\" data-testid=\"mesh-container-content\">\n<section id=\"comp-k2u9zkpt\" class=\"comp-k2u9zkpt CohWsy wixui-column-strip\">\n<div class=\"V5AUxf\" data-testid=\"columns\">\n<div id=\"comp-k2u9zkpt1\" class=\"comp-k2u9zkpt1 YzqVVZ wixui-column-strip__column\">\n<div class=\"\" data-mesh-id=\"comp-k2u9zkpt1inlineContent\" data-testid=\"inline-content\">\n<div data-mesh-id=\"comp-k2u9zkpt1inlineContent-gridContainer\" data-testid=\"mesh-container-content\">\n<section id=\"comp-k2u9zkpt2\" class=\"comp-k2u9zkpt2 CohWsy wixui-column-strip\">\n<div class=\"V5AUxf\" data-testid=\"columns\">\n<div id=\"comp-k2u9zkpt6\" class=\"comp-k2u9zkpt6 YzqVVZ wixui-column-strip__column\">\n<div id=\"bgLayers_comp-k2u9zkpt6\" class=\"MW5IWV\" data-hook=\"bgLayers\" data-motion-part=\"BG_LAYER comp-k2u9zkpt6\">\n<div class=\"LWbAav Kv1aVt\" data-testid=\"colorUnderlay\"><\/div>\n<div id=\"bgMedia_comp-k2u9zkpt6\" class=\"VgO9Yg\" data-motion-part=\"BG_MEDIA comp-k2u9zkpt6\"><img loading=\"lazy\" decoding=\"async\" src=\"https:\/\/static.wixstatic.com\/media\/9e28d9_2b02571793dd4c04b33d4019df3f15c6~mv2.jpg\/v1\/fill\/w_794,h_560,fp_0.50_0.50,q_85,usm_0.66_1.00_0.01,enc_avif,quality_auto\/9e28d9_2b02571793dd4c04b33d4019df3f15c6~mv2.jpg\" alt=\"Fl\u00e4kthjul.jpg\" width=\"653\" height=\"560\" data-ssr-src-done=\"true\" \/><\/div>\n<\/div>\n<\/div>\n<\/div>\n<\/section>\n<\/div>\n<\/div>\n<\/div>\n<\/div>\n<\/section>\n<\/div>\n<\/div>\n<\/section>\n","protected":false},"featured_media":25512,"template":"","meta":[],"product_brand":[],"product_cat":[1086,1082],"product_tag":[],"class_list":{"0":"post-25524","1":"product","2":"type-product","3":"status-publish","4":"has-post-thumbnail","6":"product_cat-tunnel-haute-pression-ventilateurs","7":"product_cat-ventilation-souterraine-ventilation-des-tunnels-ventilation-miniere","9":"first","10":"instock","11":"shipping-taxable","12":"product-type-simple"},"yoast_head":"<!-- This site is optimized with the Yoast SEO plugin v27.1.1 - https:\/\/yoast.com\/product\/yoast-seo-wordpress\/ -->\n<title>VENTILATEURS DE TUNNELS HAUTE PRESSION - AirRent.ge<\/title>\n<meta name=\"robots\" content=\"index, follow, max-snippet:-1, max-image-preview:large, max-video-preview:-1\" \/>\n<link rel=\"canonical\" href=\"https:\/\/airrent.ge\/fr\/produit\/25508\/\" \/>\n<meta property=\"og:locale\" content=\"fr_FR\" \/>\n<meta property=\"og:type\" content=\"article\" \/>\n<meta property=\"og:title\" content=\"VENTILATEURS DE TUNNELS HAUTE PRESSION - AirRent.ge\" \/>\n<meta property=\"og:description\" content=\"Les ventilateurs de tunnel haute pression SWEDFAN sont fabriqu\u00e9s en Su\u00e8de, garantissant une qualit\u00e9 optimale, conform\u00e9ment aux normes scandinaves.  LA ROUE  Un moyeu large, des pales courtes et un faible espace entre les pales et le moulage du ventilateur permettent aux ventilateurs de fonctionner sous des pressions tr\u00e8s \u00e9lev\u00e9es. Les turbines tournent vers des aubes directrices sp\u00e9cialement con\u00e7ues pour \u00e9liminer les tourbillons et les turbulences. Ce fait, combin\u00e9 \u00e0 la torsion extr\u00eame des pales, contribue \u00e0 l&#039;efficacit\u00e9 et aux faibles niveaux sonores.\" \/>\n<meta property=\"og:url\" content=\"https:\/\/airrent.ge\/fr\/produit\/25508\/\" \/>\n<meta property=\"og:site_name\" content=\"AirRent.ge\" \/>\n<meta property=\"article:modified_time\" content=\"2025-03-26T15:12:41+00:00\" \/>\n<meta property=\"og:image\" content=\"https:\/\/airrent.ge\/wp-content\/uploads\/2025\/03\/9e28d9_55b2a4aa3d734daf9125ead09afed523mv2_d_2991_1245_s_2.png\" \/>\n\t<meta property=\"og:image:width\" content=\"1351\" \/>\n\t<meta property=\"og:image:height\" content=\"560\" \/>\n\t<meta property=\"og:image:type\" content=\"image\/png\" \/>\n<meta name=\"twitter:card\" content=\"summary_large_image\" \/>\n<meta name=\"twitter:label1\" content=\"Dur\u00e9e de lecture estim\u00e9e\" \/>\n\t<meta name=\"twitter:data1\" content=\"3 minutes\" \/>\n<script type=\"application\/ld+json\" class=\"yoast-schema-graph\">{\"@context\":\"https:\/\/schema.org\",\"@graph\":[{\"@type\":\"WebPage\",\"@id\":\"https:\/\/airrent.ge\/fr\/produit\/25508\/\",\"url\":\"https:\/\/airrent.ge\/fr\/produit\/25508\/\",\"name\":\"VENTILATEURS DE TUNNELS HAUTE PRESSION - AirRent.ge\",\"isPartOf\":{\"@id\":\"https:\/\/airrent.ge\/#website\"},\"primaryImageOfPage\":{\"@id\":\"https:\/\/airrent.ge\/fr\/produit\/25508\/#primaryimage\"},\"image\":{\"@id\":\"https:\/\/airrent.ge\/fr\/produit\/25508\/#primaryimage\"},\"thumbnailUrl\":\"https:\/\/airrent.ge\/wp-content\/uploads\/2025\/03\/9e28d9_55b2a4aa3d734daf9125ead09afed523mv2_d_2991_1245_s_2.png\",\"datePublished\":\"2025-03-26T14:38:13+00:00\",\"dateModified\":\"2025-03-26T15:12:41+00:00\",\"breadcrumb\":{\"@id\":\"https:\/\/airrent.ge\/fr\/produit\/25508\/#breadcrumb\"},\"inLanguage\":\"fr-FR\",\"potentialAction\":[{\"@type\":\"ReadAction\",\"target\":[\"https:\/\/airrent.ge\/fr\/produit\/25508\/\"]}]},{\"@type\":\"ImageObject\",\"inLanguage\":\"fr-FR\",\"@id\":\"https:\/\/airrent.ge\/fr\/produit\/25508\/#primaryimage\",\"url\":\"https:\/\/airrent.ge\/wp-content\/uploads\/2025\/03\/9e28d9_55b2a4aa3d734daf9125ead09afed523mv2_d_2991_1245_s_2.png\",\"contentUrl\":\"https:\/\/airrent.ge\/wp-content\/uploads\/2025\/03\/9e28d9_55b2a4aa3d734daf9125ead09afed523mv2_d_2991_1245_s_2.png\",\"width\":1351,\"height\":560},{\"@type\":\"BreadcrumbList\",\"@id\":\"https:\/\/airrent.ge\/fr\/produit\/25508\/#breadcrumb\",\"itemListElement\":[{\"@type\":\"ListItem\",\"position\":1,\"name\":\"Home\",\"item\":\"https:\/\/airrent.ge\/fr\/home\/\"},{\"@type\":\"ListItem\",\"position\":2,\"name\":\"Products\",\"item\":\"https:\/\/airrent.ge\/fr\/products\/\"},{\"@type\":\"ListItem\",\"position\":3,\"name\":\"VENTILATEURS DE TUNNELS HAUTE PRESSION\"}]},{\"@type\":\"WebSite\",\"@id\":\"https:\/\/airrent.ge\/#website\",\"url\":\"https:\/\/airrent.ge\/\",\"name\":\"airrent.ge\",\"description\":\"Rental Services\",\"publisher\":{\"@id\":\"https:\/\/airrent.ge\/#organization\"},\"potentialAction\":[{\"@type\":\"SearchAction\",\"target\":{\"@type\":\"EntryPoint\",\"urlTemplate\":\"https:\/\/airrent.ge\/?s={search_term_string}\"},\"query-input\":{\"@type\":\"PropertyValueSpecification\",\"valueRequired\":true,\"valueName\":\"search_term_string\"}}],\"inLanguage\":\"fr-FR\"},{\"@type\":\"Organization\",\"@id\":\"https:\/\/airrent.ge\/#organization\",\"name\":\"airrent.ge\",\"url\":\"https:\/\/airrent.ge\/\",\"logo\":{\"@type\":\"ImageObject\",\"inLanguage\":\"fr-FR\",\"@id\":\"https:\/\/airrent.ge\/#\/schema\/logo\/image\/\",\"url\":\"https:\/\/airrent.ge\/wp-content\/uploads\/2026\/03\/airrent.png\",\"contentUrl\":\"https:\/\/airrent.ge\/wp-content\/uploads\/2026\/03\/airrent.png\",\"width\":1536,\"height\":1024,\"caption\":\"airrent.ge\"},\"image\":{\"@id\":\"https:\/\/airrent.ge\/#\/schema\/logo\/image\/\"}}]}<\/script>\n<!-- \/ Yoast SEO plugin. -->","yoast_head_json":{"title":"VENTILATEURS DE TUNNELS HAUTE PRESSION - AirRent.ge","robots":{"index":"index","follow":"follow","max-snippet":"max-snippet:-1","max-image-preview":"max-image-preview:large","max-video-preview":"max-video-preview:-1"},"canonical":"https:\/\/airrent.ge\/fr\/produit\/25508\/","og_locale":"fr_FR","og_type":"article","og_title":"VENTILATEURS DE TUNNELS HAUTE PRESSION - AirRent.ge","og_description":"Les ventilateurs de tunnel haute pression SWEDFAN sont fabriqu\u00e9s en Su\u00e8de, garantissant une qualit\u00e9 optimale, conform\u00e9ment aux normes scandinaves.  LA ROUE  Un moyeu large, des pales courtes et un faible espace entre les pales et le moulage du ventilateur permettent aux ventilateurs de fonctionner sous des pressions tr\u00e8s \u00e9lev\u00e9es. Les turbines tournent vers des aubes directrices sp\u00e9cialement con\u00e7ues pour \u00e9liminer les tourbillons et les turbulences. Ce fait, combin\u00e9 \u00e0 la torsion extr\u00eame des pales, contribue \u00e0 l'efficacit\u00e9 et aux faibles niveaux sonores.","og_url":"https:\/\/airrent.ge\/fr\/produit\/25508\/","og_site_name":"AirRent.ge","article_modified_time":"2025-03-26T15:12:41+00:00","og_image":[{"width":1351,"height":560,"url":"https:\/\/airrent.ge\/wp-content\/uploads\/2025\/03\/9e28d9_55b2a4aa3d734daf9125ead09afed523mv2_d_2991_1245_s_2.png","type":"image\/png"}],"twitter_card":"summary_large_image","twitter_misc":{"Dur\u00e9e de lecture estim\u00e9e":"3 minutes"},"schema":{"@context":"https:\/\/schema.org","@graph":[{"@type":"WebPage","@id":"https:\/\/airrent.ge\/fr\/produit\/25508\/","url":"https:\/\/airrent.ge\/fr\/produit\/25508\/","name":"VENTILATEURS DE TUNNELS HAUTE PRESSION - AirRent.ge","isPartOf":{"@id":"https:\/\/airrent.ge\/#website"},"primaryImageOfPage":{"@id":"https:\/\/airrent.ge\/fr\/produit\/25508\/#primaryimage"},"image":{"@id":"https:\/\/airrent.ge\/fr\/produit\/25508\/#primaryimage"},"thumbnailUrl":"https:\/\/airrent.ge\/wp-content\/uploads\/2025\/03\/9e28d9_55b2a4aa3d734daf9125ead09afed523mv2_d_2991_1245_s_2.png","datePublished":"2025-03-26T14:38:13+00:00","dateModified":"2025-03-26T15:12:41+00:00","breadcrumb":{"@id":"https:\/\/airrent.ge\/fr\/produit\/25508\/#breadcrumb"},"inLanguage":"fr-FR","potentialAction":[{"@type":"ReadAction","target":["https:\/\/airrent.ge\/fr\/produit\/25508\/"]}]},{"@type":"ImageObject","inLanguage":"fr-FR","@id":"https:\/\/airrent.ge\/fr\/produit\/25508\/#primaryimage","url":"https:\/\/airrent.ge\/wp-content\/uploads\/2025\/03\/9e28d9_55b2a4aa3d734daf9125ead09afed523mv2_d_2991_1245_s_2.png","contentUrl":"https:\/\/airrent.ge\/wp-content\/uploads\/2025\/03\/9e28d9_55b2a4aa3d734daf9125ead09afed523mv2_d_2991_1245_s_2.png","width":1351,"height":560},{"@type":"BreadcrumbList","@id":"https:\/\/airrent.ge\/fr\/produit\/25508\/#breadcrumb","itemListElement":[{"@type":"ListItem","position":1,"name":"Home","item":"https:\/\/airrent.ge\/fr\/home\/"},{"@type":"ListItem","position":2,"name":"Products","item":"https:\/\/airrent.ge\/fr\/products\/"},{"@type":"ListItem","position":3,"name":"VENTILATEURS DE TUNNELS HAUTE PRESSION"}]},{"@type":"WebSite","@id":"https:\/\/airrent.ge\/#website","url":"https:\/\/airrent.ge\/","name":"airrent.ge","description":"Rental Services","publisher":{"@id":"https:\/\/airrent.ge\/#organization"},"potentialAction":[{"@type":"SearchAction","target":{"@type":"EntryPoint","urlTemplate":"https:\/\/airrent.ge\/?s={search_term_string}"},"query-input":{"@type":"PropertyValueSpecification","valueRequired":true,"valueName":"search_term_string"}}],"inLanguage":"fr-FR"},{"@type":"Organization","@id":"https:\/\/airrent.ge\/#organization","name":"airrent.ge","url":"https:\/\/airrent.ge\/","logo":{"@type":"ImageObject","inLanguage":"fr-FR","@id":"https:\/\/airrent.ge\/#\/schema\/logo\/image\/","url":"https:\/\/airrent.ge\/wp-content\/uploads\/2026\/03\/airrent.png","contentUrl":"https:\/\/airrent.ge\/wp-content\/uploads\/2026\/03\/airrent.png","width":1536,"height":1024,"caption":"airrent.ge"},"image":{"@id":"https:\/\/airrent.ge\/#\/schema\/logo\/image\/"}}]}},"_links":{"self":[{"href":"https:\/\/airrent.ge\/fr\/wp-json\/wp\/v2\/product\/25524","targetHints":{"allow":["GET"]}}],"collection":[{"href":"https:\/\/airrent.ge\/fr\/wp-json\/wp\/v2\/product"}],"about":[{"href":"https:\/\/airrent.ge\/fr\/wp-json\/wp\/v2\/types\/product"}],"wp:featuredmedia":[{"embeddable":true,"href":"https:\/\/airrent.ge\/fr\/wp-json\/wp\/v2\/media\/25512"}],"wp:attachment":[{"href":"https:\/\/airrent.ge\/fr\/wp-json\/wp\/v2\/media?parent=25524"}],"wp:term":[{"taxonomy":"product_brand","embeddable":true,"href":"https:\/\/airrent.ge\/fr\/wp-json\/wp\/v2\/product_brand?post=25524"},{"taxonomy":"product_cat","embeddable":true,"href":"https:\/\/airrent.ge\/fr\/wp-json\/wp\/v2\/product_cat?post=25524"},{"taxonomy":"product_tag","embeddable":true,"href":"https:\/\/airrent.ge\/fr\/wp-json\/wp\/v2\/product_tag?post=25524"}],"curies":[{"name":"wp","href":"https:\/\/api.w.org\/{rel}","templated":true}]}}