{"id":25996,"date":"2024-01-22T21:09:17","date_gmt":"2024-01-22T17:09:17","guid":{"rendered":"https:\/\/airsystems.ge\/shop\/product\/heylo-dt-650-dehumidifier\/"},"modified":"2025-03-28T21:28:21","modified_gmt":"2025-03-28T17:28:21","slug":"heylo-dt-650-dehumidifier","status":"publish","type":"product","link":"https:\/\/airrent.ge\/fr\/produit\/heylo-dt-650-dehumidifier\/","title":{"rendered":"Heylo DT 650 \u2013 D\u00e9shumidificateur D\u00e9shumidificateur d&rsquo;air ambiant"},"content":{"rendered":"<section class=\"max-w-[1088px] mx-auto w-full px-5 my-10 md:my-12 lg:my-16 xl:my-20 xl:px-0\" data-block=\"bullet-list\">\n<div class=\"md:text-center\">\n<p class=\"text-black font-bold text-lg md:text-xl lg:text-2xl\"><strong>Caract\u00e9ristiques principales<\/strong><br \/>\nHygrostat int\u00e9gr\u00e9 pour un r\u00e9glage en continu de la puissance de d\u00e9shumidification<br \/>\nFonctionnement silencieux et \u00e9conomique<br \/>\nFacile \u00e0 utiliser, durable et fiable<br \/>\nD\u00e9givrage \u00e9lectronique<br \/>\nAffichage du taux d&rsquo;humidit\u00e9 actuel<br \/>\nDesign \u00e9l\u00e9gant (bo\u00eetier plastique\/m\u00e9tal)<br \/>\nFormat compact pour les petits espaces et facile \u00e0 transporter<br \/>\nConvient pour des surfaces d&rsquo;environ 10 m\u00b2 60m\u00b2<\/p>\n<\/div>\n<\/section>\n<section class=\"max-w-[1088px] mx-auto w-full px-5 my-10 md:my-12 lg:my-16 xl:my-20 xl:px-0\" data-block=\"product-specifications\">\n<div class=\"md:text-center\">\n<h3 class=\"text-black font-bold text-lg md:text-xl lg:text-2xl\"><strong>Product specifications<\/strong><\/h3>\n<\/div>\n<div class=\" md:mt-10\">\n<div class=\"\">\n<div class=\"lg:mt-0 \">\n<div id=\"spec-dt-650\" class=\"prose max-w-full md:overflow-auto\" data-spec-content=\"\">\n<div class=\"spreadsheet-container hidden md:block\">\n<table class=\"w-full table-fixed mb-0\">\n<thead>\n<tr>\n<th class=\"font-bold text-base\"><span class=\"block px-4\">Specifications<\/span><\/th>\n<th class=\"font-bold text-base text-center\"><span class=\"block px-10 md:px-20\">Units<\/span><\/th>\n<th class=\"font-bold text-base text-center will-change\"><span class=\"block px-4\">DT\u00a0650<\/span><\/th>\n<\/tr>\n<\/thead>\n<tbody>\n<tr class=\"bg-grey-200\/50 p-2\">\n<td colspan=\"1\"><span class=\"block px-4\">Capacity(30\u00b0C\/80% RH)<\/span><\/td>\n<td class=\"text-center\">\n<div class=\"px-10 md:px-20 flex items-center justify-center\">l\/24h<\/div>\n<\/td>\n<td class=\"text-center will-change\">\n<div class=\"px-10 md:px-20 flex items-center justify-center\">19<\/div>\n<\/td>\n<\/tr>\n<tr class=\" p-2\">\n<td colspan=\"1\"><span class=\"block px-4\">Air flow<\/span><\/td>\n<td class=\"text-center\">\n<div class=\"px-10 md:px-20 flex items-center justify-center\">m\u00b3\/h<\/div>\n<\/td>\n<td class=\"text-center will-change\">\n<div class=\"px-10 md:px-20 flex items-center justify-center\">300<\/div>\n<\/td>\n<\/tr>\n<tr class=\"bg-grey-200\/50 p-2\">\n<td colspan=\"1\"><span class=\"block px-4\">Operating temperature range<\/span><\/td>\n<td class=\"text-center\">\n<div class=\"px-10 md:px-20 flex items-center justify-center\">\u00b0C<\/div>\n<\/td>\n<td class=\"text-center will-change\">\n<div class=\"px-10 md:px-20 flex items-center justify-center\">6-35<\/div>\n<\/td>\n<\/tr>\n<tr class=\" p-2\">\n<td colspan=\"1\"><span class=\"block px-4\">Operating humidity range<\/span><\/td>\n<td class=\"text-center\">\n<div class=\"px-10 md:px-20 flex items-center justify-center\">% RH<\/div>\n<\/td>\n<td class=\"text-center will-change\">\n<div class=\"px-10 md:px-20 flex items-center justify-center\">35-95<\/div>\n<\/td>\n<\/tr>\n<tr class=\"bg-grey-200\/50 p-2\">\n<td colspan=\"1\"><span class=\"block px-4\">Power consumption<\/span><\/td>\n<td class=\"text-center\">\n<div class=\"px-10 md:px-20 flex items-center justify-center\">W<\/div>\n<\/td>\n<td class=\"text-center will-change\">\n<div class=\"px-10 md:px-20 flex items-center justify-center\">410<\/div>\n<\/td>\n<\/tr>\n<tr class=\" p-2\">\n<td colspan=\"1\"><span class=\"block px-4\">Power supply<\/span><\/td>\n<td class=\"text-center\">\n<div class=\"px-10 md:px-20 flex items-center justify-center\">V\/Hz<\/div>\n<\/td>\n<td class=\"text-center will-change\">\n<div class=\"px-10 md:px-20 flex items-center justify-center\">230\/1ph\/50<\/div>\n<\/td>\n<\/tr>\n<tr class=\"bg-grey-200\/50 p-2\">\n<td colspan=\"1\"><span class=\"block px-4\">Refrigerant<\/span><\/td>\n<td class=\"text-center\">\n<div class=\"px-10 md:px-20 flex items-center justify-center\">type<\/div>\n<\/td>\n<td class=\"text-center will-change\">\n<div class=\"px-10 md:px-20 flex items-center justify-center\">R1234yf<\/div>\n<\/td>\n<\/tr>\n<tr class=\" p-2\">\n<td colspan=\"1\"><span class=\"block px-4\">Sound level @3m<\/span><\/td>\n<td class=\"text-center\">\n<div class=\"px-10 md:px-20 flex items-center justify-center\">dB(A)<\/div>\n<\/td>\n<td class=\"text-center will-change\">\n<div class=\"px-10 md:px-20 flex items-center justify-center\">41<\/div>\n<\/td>\n<\/tr>\n<tr class=\"bg-grey-200\/50 p-2\">\n<td colspan=\"1\"><span class=\"block px-4\">Protection class<\/span><\/td>\n<td class=\"text-center\">\n<div class=\"px-10 md:px-20 flex items-center justify-center\"><\/div>\n<\/td>\n<td class=\"text-center will-change\">\n<div class=\"px-10 md:px-20 flex items-center justify-center\">IP20<\/div>\n<\/td>\n<\/tr>\n<tr class=\" p-2\">\n<td colspan=\"1\"><span class=\"block px-4\">Compressor<\/span><\/td>\n<td class=\"text-center\">\n<div class=\"px-10 md:px-20 flex items-center justify-center\">type<\/div>\n<\/td>\n<td class=\"text-center will-change\">\n<div class=\"px-10 md:px-20 flex items-center justify-center\">Reciprocating piston<\/div>\n<\/td>\n<\/tr>\n<tr class=\"bg-grey-200\/50 p-2\">\n<td colspan=\"1\"><span class=\"block px-4\">Tank capacity<\/span><\/td>\n<td class=\"text-center\">\n<div class=\"px-10 md:px-20 flex items-center justify-center\">l<\/div>\n<\/td>\n<td class=\"text-center will-change\">\n<div class=\"px-10 md:px-20 flex items-center justify-center\">5<\/div>\n<\/td>\n<\/tr>\n<tr class=\" p-2\">\n<td colspan=\"1\"><span class=\"block px-4\">Product size (l x w x h)<\/span><\/td>\n<td class=\"text-center\">\n<div class=\"px-10 md:px-20 flex items-center justify-center\">mm<\/div>\n<\/td>\n<td class=\"text-center will-change\">\n<div class=\"px-10 md:px-20 flex items-center justify-center\">370 x 310 x 660<\/div>\n<\/td>\n<\/tr>\n<tr class=\"bg-grey-200\/50 p-2\">\n<td colspan=\"1\"><span class=\"block px-4\">Box size (l x w x h)<\/span><\/td>\n<td class=\"text-center\">\n<div class=\"px-10 md:px-20 flex items-center justify-center\">mm<\/div>\n<\/td>\n<td class=\"text-center will-change\">\n<div class=\"px-10 md:px-20 flex items-center justify-center\">360x 420 x 780<\/div>\n<\/td>\n<\/tr>\n<tr class=\" p-2\">\n<td colspan=\"1\"><span class=\"block px-4\">Net\/gross weight<\/span><\/td>\n<td class=\"text-center\">\n<div class=\"px-10 md:px-20 flex items-center justify-center\">kg<\/div>\n<\/td>\n<td class=\"text-center will-change\">\n<div class=\"px-10 md:px-20 flex items-center justify-center\">28\/30<\/div>\n<\/td>\n<\/tr>\n<tr class=\"bg-grey-200\/50 p-2\">\n<td colspan=\"1\"><span class=\"block px-4\">Pallet<\/span><\/td>\n<td class=\"text-center\">\n<div class=\"px-10 md:px-20 flex items-center justify-center\">pcs<\/div>\n<\/td>\n<td class=\"text-center will-change\">\n<div class=\"px-10 md:px-20 flex items-center justify-center\">12<\/div>\n<\/td>\n<\/tr>\n<\/tbody>\n<\/table>\n<\/div>\n<div class=\"mt-1.5 md:mt-0 w-6 md:w-10\"><\/div>\n<div class=\"flex-1 pl-4 md:px-8\">\n<div class=\"mt-1.5 md:mt-0 w-6 md:w-10\"><a href=\"https:\/\/www.danthermgroup.com\/downloads\/heylo-dt-650-user-manual\" target=\"_blank\" rel=\"nofollow noindex noopener\"><img decoding=\"async\" class=\"lazyload h-8 md:h-14 w-auto object-contain\" src=\"https:\/\/dantherm-group-cdn.s3.amazonaws.com\/media\/icons\/download-manual.svg\" alt=\"Download manual\" height=\"56\" \/><\/a><\/div>\n<div class=\"flex-1 pl-4 md:px-8\">\n<h2 class=\"font-bold text-sm md:text-lg\"><a class=\"underline underline-offset-2 decoration-transparent transition duration-300 ease-linear hover:decoration-black\" href=\"https:\/\/www.danthermgroup.com\/downloads\/heylo-dt-650-user-manual\" target=\"_blank\" rel=\"nofollow noindex noopener\">Heylo DT 650 \u2013 user manual<\/a><\/h2>\n<div class=\"prose text-grey-500 text-sm\">Manuals<\/div>\n<\/div>\n<\/div>\n<\/div>\n<\/div>\n<\/div>\n<\/div>\n<\/section>\n","protected":false},"excerpt":{"rendered":"<p>D\u00e9shumidificateur d&rsquo;air ambiant<\/p>\n<figure><img decoding=\"async\" src=\"https:\/\/dantherm-group-cdn.s3.amazonaws.com\/media\/brands\/DG-Banners-Rebranding-HEYLO-to-MASTER-EN.jpg\" alt=\"\" \/><\/figure>\n<p>&nbsp;<\/p>\n<p>Forte de nombreuses ann\u00e9es d&rsquo;exp\u00e9rience en optimisation du climat ambiant, la s\u00e9rie DT a \u00e9t\u00e9 con\u00e7ue pour des pi\u00e8ces s\u00e8ches et confortables.<\/p>\n<p>Le DT 650 permet de d\u00e9shumidifier rapidement, notamment en cas de d\u00e9g\u00e2ts des eaux ou de moisissures, et d&rsquo;am\u00e9liorer durablement la qualit\u00e9 de l&rsquo;air ambiant, en \u00e9vitant la formation de bu\u00e9e sur les fen\u00eatres des v\u00e9randas, par exemple.<\/p>\n<p>Avec son design moderne, il est \u00e9galement id\u00e9al pour les chambres et bureaux, les salles de bains et les zones de s\u00e9chage, les archives et mus\u00e9es, les entrep\u00f4ts, les laboratoires et les locaux de production, les caravanes et les yachts.<\/p>\n<p>D\u00e9couvrez d&rsquo;autres d\u00e9shumidificateurs \u00e0 condensation industriels ou notre gamme compl\u00e8te de d\u00e9shumidificateurs polyvalents.<\/p>\n","protected":false},"featured_media":25966,"template":"","meta":[],"product_brand":[],"product_cat":[412,416,487],"product_tag":[],"class_list":{"0":"post-25996","1":"product","2":"type-product","3":"status-publish","4":"has-post-thumbnail","6":"product_cat-climatisation-deshumidificateur-dair-ventilateur-fr-ventilation","7":"product_cat-deshumidificateurs","8":"product_cat-sechage-de-deshumidificateurs-a-condensation","10":"first","11":"instock","12":"shipping-taxable","13":"purchasable","14":"product-type-simple"},"yoast_head":"<!-- This site is optimized with the Yoast SEO plugin v27.1.1 - https:\/\/yoast.com\/product\/yoast-seo-wordpress\/ -->\n<title>Heylo DT 650 \u2013 D\u00e9shumidificateur D\u00e9shumidificateur d&#039;air ambiant - AirRent.ge<\/title>\n<meta name=\"robots\" content=\"index, follow, max-snippet:-1, max-image-preview:large, max-video-preview:-1\" \/>\n<link rel=\"canonical\" href=\"https:\/\/airrent.ge\/fr\/produit\/heylo-dt-650-dehumidifier\/\" \/>\n<meta property=\"og:locale\" content=\"fr_FR\" \/>\n<meta property=\"og:type\" content=\"article\" \/>\n<meta property=\"og:title\" content=\"Heylo DT 650 \u2013 D\u00e9shumidificateur D\u00e9shumidificateur d&#039;air ambiant - AirRent.ge\" \/>\n<meta property=\"og:description\" content=\"D\u00e9shumidificateur d&#039;air ambiant  &nbsp;  Forte de nombreuses ann\u00e9es d&#039;exp\u00e9rience en optimisation du climat ambiant, la s\u00e9rie DT a \u00e9t\u00e9 con\u00e7ue pour des pi\u00e8ces s\u00e8ches et confortables.  Le DT 650 permet de d\u00e9shumidifier rapidement, notamment en cas de d\u00e9g\u00e2ts des eaux ou de moisissures, et d&#039;am\u00e9liorer durablement la qualit\u00e9 de l&#039;air ambiant, en \u00e9vitant la formation de bu\u00e9e sur les fen\u00eatres des v\u00e9randas, par exemple.  Avec son design moderne, il est \u00e9galement id\u00e9al pour les chambres et bureaux, les salles de bains et les zones de s\u00e9chage, les archives et mus\u00e9es, les entrep\u00f4ts, les laboratoires et les locaux de production, les caravanes et les yachts.  D\u00e9couvrez d&#039;autres d\u00e9shumidificateurs \u00e0 condensation industriels ou notre gamme compl\u00e8te de d\u00e9shumidificateurs polyvalents.\" \/>\n<meta property=\"og:url\" content=\"https:\/\/airrent.ge\/fr\/produit\/heylo-dt-650-dehumidifier\/\" \/>\n<meta property=\"og:site_name\" content=\"AirRent.ge\" \/>\n<meta property=\"article:modified_time\" content=\"2025-03-28T17:28:21+00:00\" \/>\n<meta property=\"og:image\" content=\"https:\/\/airrent.ge\/wp-content\/uploads\/2025\/03\/Heylo-Luftentfeuchter-DT-650.jpg\" \/>\n\t<meta property=\"og:image:width\" content=\"1000\" \/>\n\t<meta property=\"og:image:height\" content=\"1000\" \/>\n\t<meta property=\"og:image:type\" content=\"image\/jpeg\" \/>\n<meta name=\"twitter:card\" content=\"summary_large_image\" \/>\n<meta name=\"twitter:label1\" content=\"Dur\u00e9e de lecture estim\u00e9e\" \/>\n\t<meta name=\"twitter:data1\" content=\"1 minute\" \/>\n<script type=\"application\/ld+json\" class=\"yoast-schema-graph\">{\"@context\":\"https:\/\/schema.org\",\"@graph\":[{\"@type\":\"WebPage\",\"@id\":\"https:\/\/airrent.ge\/fr\/produit\/heylo-dt-650-dehumidifier\/\",\"url\":\"https:\/\/airrent.ge\/fr\/produit\/heylo-dt-650-dehumidifier\/\",\"name\":\"Heylo DT 650 \u2013 D\u00e9shumidificateur D\u00e9shumidificateur d'air ambiant - AirRent.ge\",\"isPartOf\":{\"@id\":\"https:\/\/airrent.ge\/#website\"},\"primaryImageOfPage\":{\"@id\":\"https:\/\/airrent.ge\/fr\/produit\/heylo-dt-650-dehumidifier\/#primaryimage\"},\"image\":{\"@id\":\"https:\/\/airrent.ge\/fr\/produit\/heylo-dt-650-dehumidifier\/#primaryimage\"},\"thumbnailUrl\":\"https:\/\/airrent.ge\/wp-content\/uploads\/2025\/03\/Heylo-Luftentfeuchter-DT-650.jpg\",\"datePublished\":\"2024-01-22T17:09:17+00:00\",\"dateModified\":\"2025-03-28T17:28:21+00:00\",\"breadcrumb\":{\"@id\":\"https:\/\/airrent.ge\/fr\/produit\/heylo-dt-650-dehumidifier\/#breadcrumb\"},\"inLanguage\":\"fr-FR\",\"potentialAction\":[{\"@type\":\"ReadAction\",\"target\":[\"https:\/\/airrent.ge\/fr\/produit\/heylo-dt-650-dehumidifier\/\"]}]},{\"@type\":\"ImageObject\",\"inLanguage\":\"fr-FR\",\"@id\":\"https:\/\/airrent.ge\/fr\/produit\/heylo-dt-650-dehumidifier\/#primaryimage\",\"url\":\"https:\/\/airrent.ge\/wp-content\/uploads\/2025\/03\/Heylo-Luftentfeuchter-DT-650.jpg\",\"contentUrl\":\"https:\/\/airrent.ge\/wp-content\/uploads\/2025\/03\/Heylo-Luftentfeuchter-DT-650.jpg\",\"width\":1000,\"height\":1000},{\"@type\":\"BreadcrumbList\",\"@id\":\"https:\/\/airrent.ge\/fr\/produit\/heylo-dt-650-dehumidifier\/#breadcrumb\",\"itemListElement\":[{\"@type\":\"ListItem\",\"position\":1,\"name\":\"Home\",\"item\":\"https:\/\/airrent.ge\/fr\/home\/\"},{\"@type\":\"ListItem\",\"position\":2,\"name\":\"Products\",\"item\":\"https:\/\/airrent.ge\/fr\/products\/\"},{\"@type\":\"ListItem\",\"position\":3,\"name\":\"Heylo DT 650 \u2013 D\u00e9shumidificateur D\u00e9shumidificateur d&#8217;air ambiant\"}]},{\"@type\":\"WebSite\",\"@id\":\"https:\/\/airrent.ge\/#website\",\"url\":\"https:\/\/airrent.ge\/\",\"name\":\"airrent.ge\",\"description\":\"Rental Services\",\"publisher\":{\"@id\":\"https:\/\/airrent.ge\/#organization\"},\"potentialAction\":[{\"@type\":\"SearchAction\",\"target\":{\"@type\":\"EntryPoint\",\"urlTemplate\":\"https:\/\/airrent.ge\/?s={search_term_string}\"},\"query-input\":{\"@type\":\"PropertyValueSpecification\",\"valueRequired\":true,\"valueName\":\"search_term_string\"}}],\"inLanguage\":\"fr-FR\"},{\"@type\":\"Organization\",\"@id\":\"https:\/\/airrent.ge\/#organization\",\"name\":\"airrent.ge\",\"url\":\"https:\/\/airrent.ge\/\",\"logo\":{\"@type\":\"ImageObject\",\"inLanguage\":\"fr-FR\",\"@id\":\"https:\/\/airrent.ge\/#\/schema\/logo\/image\/\",\"url\":\"https:\/\/airrent.ge\/wp-content\/uploads\/2026\/03\/airrent.png\",\"contentUrl\":\"https:\/\/airrent.ge\/wp-content\/uploads\/2026\/03\/airrent.png\",\"width\":1536,\"height\":1024,\"caption\":\"airrent.ge\"},\"image\":{\"@id\":\"https:\/\/airrent.ge\/#\/schema\/logo\/image\/\"}}]}<\/script>\n<!-- \/ Yoast SEO plugin. -->","yoast_head_json":{"title":"Heylo DT 650 \u2013 D\u00e9shumidificateur D\u00e9shumidificateur d'air ambiant - AirRent.ge","robots":{"index":"index","follow":"follow","max-snippet":"max-snippet:-1","max-image-preview":"max-image-preview:large","max-video-preview":"max-video-preview:-1"},"canonical":"https:\/\/airrent.ge\/fr\/produit\/heylo-dt-650-dehumidifier\/","og_locale":"fr_FR","og_type":"article","og_title":"Heylo DT 650 \u2013 D\u00e9shumidificateur D\u00e9shumidificateur d'air ambiant - AirRent.ge","og_description":"D\u00e9shumidificateur d'air ambiant  &nbsp;  Forte de nombreuses ann\u00e9es d'exp\u00e9rience en optimisation du climat ambiant, la s\u00e9rie DT a \u00e9t\u00e9 con\u00e7ue pour des pi\u00e8ces s\u00e8ches et confortables.  Le DT 650 permet de d\u00e9shumidifier rapidement, notamment en cas de d\u00e9g\u00e2ts des eaux ou de moisissures, et d'am\u00e9liorer durablement la qualit\u00e9 de l'air ambiant, en \u00e9vitant la formation de bu\u00e9e sur les fen\u00eatres des v\u00e9randas, par exemple.  Avec son design moderne, il est \u00e9galement id\u00e9al pour les chambres et bureaux, les salles de bains et les zones de s\u00e9chage, les archives et mus\u00e9es, les entrep\u00f4ts, les laboratoires et les locaux de production, les caravanes et les yachts.  D\u00e9couvrez d'autres d\u00e9shumidificateurs \u00e0 condensation industriels ou notre gamme compl\u00e8te de d\u00e9shumidificateurs polyvalents.","og_url":"https:\/\/airrent.ge\/fr\/produit\/heylo-dt-650-dehumidifier\/","og_site_name":"AirRent.ge","article_modified_time":"2025-03-28T17:28:21+00:00","og_image":[{"width":1000,"height":1000,"url":"https:\/\/airrent.ge\/wp-content\/uploads\/2025\/03\/Heylo-Luftentfeuchter-DT-650.jpg","type":"image\/jpeg"}],"twitter_card":"summary_large_image","twitter_misc":{"Dur\u00e9e de lecture estim\u00e9e":"1 minute"},"schema":{"@context":"https:\/\/schema.org","@graph":[{"@type":"WebPage","@id":"https:\/\/airrent.ge\/fr\/produit\/heylo-dt-650-dehumidifier\/","url":"https:\/\/airrent.ge\/fr\/produit\/heylo-dt-650-dehumidifier\/","name":"Heylo DT 650 \u2013 D\u00e9shumidificateur D\u00e9shumidificateur d'air ambiant - AirRent.ge","isPartOf":{"@id":"https:\/\/airrent.ge\/#website"},"primaryImageOfPage":{"@id":"https:\/\/airrent.ge\/fr\/produit\/heylo-dt-650-dehumidifier\/#primaryimage"},"image":{"@id":"https:\/\/airrent.ge\/fr\/produit\/heylo-dt-650-dehumidifier\/#primaryimage"},"thumbnailUrl":"https:\/\/airrent.ge\/wp-content\/uploads\/2025\/03\/Heylo-Luftentfeuchter-DT-650.jpg","datePublished":"2024-01-22T17:09:17+00:00","dateModified":"2025-03-28T17:28:21+00:00","breadcrumb":{"@id":"https:\/\/airrent.ge\/fr\/produit\/heylo-dt-650-dehumidifier\/#breadcrumb"},"inLanguage":"fr-FR","potentialAction":[{"@type":"ReadAction","target":["https:\/\/airrent.ge\/fr\/produit\/heylo-dt-650-dehumidifier\/"]}]},{"@type":"ImageObject","inLanguage":"fr-FR","@id":"https:\/\/airrent.ge\/fr\/produit\/heylo-dt-650-dehumidifier\/#primaryimage","url":"https:\/\/airrent.ge\/wp-content\/uploads\/2025\/03\/Heylo-Luftentfeuchter-DT-650.jpg","contentUrl":"https:\/\/airrent.ge\/wp-content\/uploads\/2025\/03\/Heylo-Luftentfeuchter-DT-650.jpg","width":1000,"height":1000},{"@type":"BreadcrumbList","@id":"https:\/\/airrent.ge\/fr\/produit\/heylo-dt-650-dehumidifier\/#breadcrumb","itemListElement":[{"@type":"ListItem","position":1,"name":"Home","item":"https:\/\/airrent.ge\/fr\/home\/"},{"@type":"ListItem","position":2,"name":"Products","item":"https:\/\/airrent.ge\/fr\/products\/"},{"@type":"ListItem","position":3,"name":"Heylo DT 650 \u2013 D\u00e9shumidificateur D\u00e9shumidificateur d&#8217;air ambiant"}]},{"@type":"WebSite","@id":"https:\/\/airrent.ge\/#website","url":"https:\/\/airrent.ge\/","name":"airrent.ge","description":"Rental Services","publisher":{"@id":"https:\/\/airrent.ge\/#organization"},"potentialAction":[{"@type":"SearchAction","target":{"@type":"EntryPoint","urlTemplate":"https:\/\/airrent.ge\/?s={search_term_string}"},"query-input":{"@type":"PropertyValueSpecification","valueRequired":true,"valueName":"search_term_string"}}],"inLanguage":"fr-FR"},{"@type":"Organization","@id":"https:\/\/airrent.ge\/#organization","name":"airrent.ge","url":"https:\/\/airrent.ge\/","logo":{"@type":"ImageObject","inLanguage":"fr-FR","@id":"https:\/\/airrent.ge\/#\/schema\/logo\/image\/","url":"https:\/\/airrent.ge\/wp-content\/uploads\/2026\/03\/airrent.png","contentUrl":"https:\/\/airrent.ge\/wp-content\/uploads\/2026\/03\/airrent.png","width":1536,"height":1024,"caption":"airrent.ge"},"image":{"@id":"https:\/\/airrent.ge\/#\/schema\/logo\/image\/"}}]}},"_links":{"self":[{"href":"https:\/\/airrent.ge\/fr\/wp-json\/wp\/v2\/product\/25996","targetHints":{"allow":["GET"]}}],"collection":[{"href":"https:\/\/airrent.ge\/fr\/wp-json\/wp\/v2\/product"}],"about":[{"href":"https:\/\/airrent.ge\/fr\/wp-json\/wp\/v2\/types\/product"}],"wp:featuredmedia":[{"embeddable":true,"href":"https:\/\/airrent.ge\/fr\/wp-json\/wp\/v2\/media\/25966"}],"wp:attachment":[{"href":"https:\/\/airrent.ge\/fr\/wp-json\/wp\/v2\/media?parent=25996"}],"wp:term":[{"taxonomy":"product_brand","embeddable":true,"href":"https:\/\/airrent.ge\/fr\/wp-json\/wp\/v2\/product_brand?post=25996"},{"taxonomy":"product_cat","embeddable":true,"href":"https:\/\/airrent.ge\/fr\/wp-json\/wp\/v2\/product_cat?post=25996"},{"taxonomy":"product_tag","embeddable":true,"href":"https:\/\/airrent.ge\/fr\/wp-json\/wp\/v2\/product_tag?post=25996"}],"curies":[{"name":"wp","href":"https:\/\/api.w.org\/{rel}","templated":true}]}}