{"id":26213,"date":"2024-01-22T21:04:24","date_gmt":"2024-01-22T17:04:24","guid":{"rendered":"https:\/\/airsystems.ge\/shop\/product\/trotec-ttk-qube-condensation-dehumidifier\/"},"modified":"2025-03-30T16:51:38","modified_gmt":"2025-03-30T12:51:38","slug":"trotec-ttk-qube-condensation-dehumidifier","status":"publish","type":"product","link":"https:\/\/airrent.ge\/fr\/produit\/trotec-ttk-qube-condensation-dehumidifier\/","title":{"rendered":"Trotec TTK Qube \u2013 D\u00e9shumidificateur \u00e0 condensation"},"content":{"rendered":"<section class=\"max-w-[1088px] mx-auto w-full px-5 my-10 md:my-12 lg:my-16 xl:my-20 xl:px-0\" data-block=\"bullet-list\">\n<div class=\"md:text-center\">\n<h3 class=\"text-black font-bold text-lg md:text-xl lg:text-2xl\">Caract\u00e9ristiques principales<\/h3>\n<\/div>\n<div class=\"mt-6 md:mt-10\">\n<div class=\"flex flex-wrap\">\n<div class=\"w-full md:w-1\/2 auto-bullets md:pr-16\">\n<ul>\n<li class=\"text-sm md:text-base text-black mt-3 flex items-start\">\n<div class=\"pl-5\">Haute performance de d\u00e9shumidification, m\u00eame \u00e0 basse temp\u00e9rature<br \/>\nFonction confort pour un fonctionnement silencieux<br \/>\nTous les composants \u00e9lectriques sont prot\u00e9g\u00e9s contre la poussi\u00e8re et l&rsquo;humidit\u00e9<br \/>\nLa fonction d&rsquo;arr\u00eat automatique emp\u00eache la surchauffe du compresseur<br \/>\nFacile \u00e0 transporter et \u00e0 empiler<br \/>\nPompe \u00e0 condensats int\u00e9gr\u00e9e avec une hauteur de refoulement maximale de 10 m<br \/>\nConception facile d&rsquo;entretien<br \/>\nPorte-c\u00e2ble int\u00e9gr\u00e9<br \/>\nHygrostat int\u00e9gr\u00e9<br \/>\nPour pi\u00e8ces d&rsquo;environ 110 m\u00b3<\/div>\n<\/li>\n<\/ul>\n<\/div>\n<\/div>\n<\/div>\n<\/section>\n<section class=\"max-w-[1088px] mx-auto w-full px-5 my-10 md:my-12 lg:my-16 xl:my-20 xl:px-0\" data-block=\"product-specifications\">\n<div class=\"md:text-center\">\n<h3 class=\"text-black font-bold text-lg md:text-xl lg:text-2xl\"><strong>Product specifications<\/strong><\/h3>\n<\/div>\n<div class=\" md:mt-10\">\n<div class=\"\">\n<div class=\"lg:mt-0 \">\n<div id=\"spec-ttk-qube\" class=\"prose max-w-full md:overflow-auto\" data-spec-content=\"\">\n<div class=\"spreadsheet-container hidden md:block\">\n<table class=\"w-full table-fixed mb-0\">\n<thead>\n<tr>\n<th class=\"font-bold text-base\"><span class=\"block px-4\">Specifications<\/span><\/th>\n<th class=\"font-bold text-base text-center\"><span class=\"block px-10 md:px-20\">Units<\/span><\/th>\n<th class=\"font-bold text-base text-center will-change\"><span class=\"block px-4\">TTK\u00a0Qube<\/span><\/th>\n<\/tr>\n<\/thead>\n<tbody>\n<tr class=\"bg-grey-200\/50 p-2\">\n<td colspan=\"1\"><span class=\"block px-4\">Capacity (30\u00b0C\/80% RH)<\/span><\/td>\n<td class=\"text-center\">\n<div class=\"px-10 md:px-20 flex items-center justify-center\">l\/24h<\/div>\n<\/td>\n<td class=\"text-center will-change\">\n<div class=\"px-10 md:px-20 flex items-center justify-center\">16<\/div>\n<\/td>\n<\/tr>\n<tr class=\" p-2\">\n<td colspan=\"1\"><span class=\"block px-4\">Air flow<\/span><\/td>\n<td class=\"text-center\">\n<div class=\"px-10 md:px-20 flex items-center justify-center\">m\u00b3\/h<\/div>\n<\/td>\n<td class=\"text-center will-change\">\n<div class=\"px-10 md:px-20 flex items-center justify-center\">283<\/div>\n<\/td>\n<\/tr>\n<tr class=\"bg-grey-200\/50 p-2\">\n<td colspan=\"1\"><span class=\"block px-4\">Operating temperature range<\/span><\/td>\n<td class=\"text-center\">\n<div class=\"px-10 md:px-20 flex items-center justify-center\">\u00b0C<\/div>\n<\/td>\n<td class=\"text-center will-change\">\n<div class=\"px-10 md:px-20 flex items-center justify-center\">5-35<\/div>\n<\/td>\n<\/tr>\n<tr class=\" p-2\">\n<td colspan=\"1\"><span class=\"block px-4\">Operating humidity range<\/span><\/td>\n<td class=\"text-center\">\n<div class=\"px-10 md:px-20 flex items-center justify-center\">% RH<\/div>\n<\/td>\n<td class=\"text-center will-change\">\n<div class=\"px-10 md:px-20 flex items-center justify-center\">40-90<\/div>\n<\/td>\n<\/tr>\n<tr class=\"bg-grey-200\/50 p-2\">\n<td colspan=\"1\"><span class=\"block px-4\">Power consumption<\/span><\/td>\n<td class=\"text-center\">\n<div class=\"px-10 md:px-20 flex items-center justify-center\">W<\/div>\n<\/td>\n<td class=\"text-center will-change\">\n<div class=\"px-10 md:px-20 flex items-center justify-center\">362<\/div>\n<\/td>\n<\/tr>\n<tr class=\" p-2\">\n<td colspan=\"1\"><span class=\"block px-4\">Power supply<\/span><\/td>\n<td class=\"text-center\">\n<div class=\"px-10 md:px-20 flex items-center justify-center\">V\/Hz<\/div>\n<\/td>\n<td class=\"text-center will-change\">\n<div class=\"px-10 md:px-20 flex items-center justify-center\">220-240\/1ph\/50<\/div>\n<\/td>\n<\/tr>\n<tr class=\"bg-grey-200\/50 p-2\">\n<td colspan=\"1\"><span class=\"block px-4\">Sound level @1m<\/span><\/td>\n<td class=\"text-center\">\n<div class=\"px-10 md:px-20 flex items-center justify-center\">dB(A)<\/div>\n<\/td>\n<td class=\"text-center will-change\">\n<div class=\"px-10 md:px-20 flex items-center justify-center\">53<\/div>\n<\/td>\n<\/tr>\n<tr class=\" p-2\">\n<td colspan=\"1\"><span class=\"block px-4\">Compressor<\/span><\/td>\n<td class=\"text-center\">\n<div class=\"px-10 md:px-20 flex items-center justify-center\">type<\/div>\n<\/td>\n<td class=\"text-center will-change\">\n<div class=\"px-10 md:px-20 flex items-center justify-center\">Rotary<\/div>\n<\/td>\n<\/tr>\n<tr class=\"bg-grey-200\/50 p-2\">\n<td colspan=\"1\"><span class=\"block px-4\">Refrigerant<\/span><\/td>\n<td class=\"text-center\">\n<div class=\"px-10 md:px-20 flex items-center justify-center\">type\/gr<\/div>\n<\/td>\n<td class=\"text-center will-change\">\n<div class=\"px-10 md:px-20 flex items-center justify-center\">R1234yf\/140<\/div>\n<\/td>\n<\/tr>\n<tr class=\" p-2\">\n<td colspan=\"1\"><span class=\"block px-4\">Product size (l x w x h)<\/span><\/td>\n<td class=\"text-center\">\n<div class=\"px-10 md:px-20 flex items-center justify-center\">mm<\/div>\n<\/td>\n<td class=\"text-center will-change\">\n<div class=\"px-10 md:px-20 flex items-center justify-center\">315 x 382 x 340<\/div>\n<\/td>\n<\/tr>\n<tr class=\"bg-grey-200\/50 p-2\">\n<td colspan=\"1\"><span class=\"block px-4\">Weight<\/span><\/td>\n<td class=\"text-center\">\n<div class=\"px-10 md:px-20 flex items-center justify-center\">kg<\/div>\n<\/td>\n<td class=\"text-center will-change\">\n<div class=\"px-10 md:px-20 flex items-center justify-center\">16<\/div>\n<\/td>\n<\/tr>\n<\/tbody>\n<\/table>\n<\/div>\n<\/div>\n<\/div>\n<\/div>\n<\/div>\n<\/section>\n<section class=\"max-w-[1088px] mx-auto w-full px-5 my-10 md:my-12 lg:my-16 xl:my-20 xl:px-0\" data-block=\"link-list\">\n<div class=\"max-w-[1088px] mx-auto\">\n<div class=\"md:text-center\">\n<h3 class=\"text-black font-bold text-lg md:text-xl lg:text-2xl\">Convient pour\u00a0:<\/h3>\n<\/div>\n<div class=\"mt-6 max-w-4xl mx-auto\">\n<div class=\"flex flex-wrap md:ml-20\">\n<div class=\"w-full md:w-1\/2 auto-bullets md:pr-16\">\n<ul>\n<li class=\"flex items-center gap-5 text-sm text-black mt-3 md:text-base lg:text-lg\">B\u00e2timents commerciaux<br \/>\nConstruction<br \/>\nIndustrie, usines et production<br \/>\nMus\u00e9es et galeries<br \/>\nSoci\u00e9t\u00e9s de location<br \/>\nR\u00e9paration apr\u00e8s d\u00e9g\u00e2ts des eaux<\/li>\n<\/ul>\n<\/div>\n<div class=\"w-full md:w-1\/2 auto-bullets \">\n<p><a class=\"content-tab-shop-image\" href=\"https:\/\/uk.trotec.com\/fileadmin\/downloads\/Entfeuchtung\/TTK_Qube\/TRT-BA-TTKqube-TC-004-EN.pdf\" target=\"_blank\" rel=\"noopener\"><img loading=\"lazy\" decoding=\"async\" src=\"https:\/\/uk.trotec.com\/images\/operating-manual-for-dehumidifier-ttk-qube-en-tx-downloads-f4fd.gif\" alt=\"\" width=\"130\" height=\"184\" \/><\/a><\/p>\n<div class=\"content-tab-shop-text\">\n<h2><a href=\"https:\/\/uk.trotec.com\/fileadmin\/downloads\/Entfeuchtung\/TTK_Qube\/TRT-BA-TTKqube-TC-004-EN.pdf\" target=\"_blank\" rel=\"noopener\">Operating manual for dehumidifier TTK Qube (EN)<\/a><\/h2>\n<p class=\"bodytext\">TRT-BA-TTKqube-TC-004-EN.pdf\u00a0(3.80 MB)<\/p>\n<p class=\"bodytext\"><a class=\"buy buy-left\" href=\"https:\/\/uk.trotec.com\/fileadmin\/downloads\/Entfeuchtung\/TTK_Qube\/TRT-BA-TTKqube-TC-004-EN.pdf\" target=\"_blank\" rel=\"noopener\">Download<\/a><\/p>\n<\/div>\n<\/div>\n<\/div>\n<\/div>\n<\/div>\n<\/section>\n","protected":false},"excerpt":{"rendered":"<p>D\u00e9shumidificateurs professionnels<\/p>\n<p>Le TTK Qube est un d\u00e9shumidificateur professionnel ultra-compact con\u00e7u pour les applications de s\u00e9chage professionnelles. Il excelle dans la restauration apr\u00e8s d\u00e9g\u00e2t des eaux, offrant des performances de d\u00e9shumidification \u00e9lev\u00e9es, une fiabilit\u00e9 et une simplicit\u00e9 d&rsquo;utilisation optimales. Le TTK Qube est \u00e9quip\u00e9 d&rsquo;un compresseur rotatif de 0,37 kW offrant des performances sup\u00e9rieures pour une faible consommation d&rsquo;\u00e9nergie. Gr\u00e2ce \u00e0 son syst\u00e8me de d\u00e9givrage automatique par gaz chaud, il fonctionne \u00e9galement parfaitement dans les pi\u00e8ces non chauff\u00e9es. Avec un poids de seulement 16 kg, il peut \u00e9liminer jusqu&rsquo;\u00e0 20 litres d&rsquo;humidit\u00e9 en 24 heures. Des composants \u00e9lectroniques prot\u00e9g\u00e9s et une pompe \u00e0 condensats avec une hauteur de refoulement de 10 m\u00e8tres renforcent sa durabilit\u00e9 et sa facilit\u00e9 d&rsquo;utilisation.<\/p>\n<p>D\u00e9couvrez d&rsquo;autres d\u00e9shumidificateurs \u00e0 condensation ou notre gamme compl\u00e8te de d\u00e9shumidificateurs professionnels adapt\u00e9s \u00e0 de multiples applications.<\/p>\n","protected":false},"featured_media":26202,"template":"","meta":[],"product_brand":[],"product_cat":[412,416,502],"product_tag":[],"class_list":{"0":"post-26213","1":"product","2":"type-product","3":"status-publish","4":"has-post-thumbnail","6":"product_cat-climatisation-deshumidificateur-dair-ventilateur-fr-ventilation","7":"product_cat-deshumidificateurs","8":"product_cat-deshumidificateur-condensation-sechoir","10":"first","11":"instock","12":"shipping-taxable","13":"purchasable","14":"product-type-simple"},"yoast_head":"<!-- This site is optimized with the Yoast SEO plugin v27.1.1 - https:\/\/yoast.com\/product\/yoast-seo-wordpress\/ -->\n<title>Trotec TTK Qube \u2013 D\u00e9shumidificateur \u00e0 condensation - AirRent.ge<\/title>\n<meta name=\"robots\" content=\"index, follow, max-snippet:-1, max-image-preview:large, max-video-preview:-1\" \/>\n<link rel=\"canonical\" href=\"https:\/\/airrent.ge\/fr\/produit\/trotec-ttk-qube-condensation-dehumidifier\/\" \/>\n<meta property=\"og:locale\" content=\"fr_FR\" \/>\n<meta property=\"og:type\" content=\"article\" \/>\n<meta property=\"og:title\" content=\"Trotec TTK Qube \u2013 D\u00e9shumidificateur \u00e0 condensation - AirRent.ge\" \/>\n<meta property=\"og:description\" content=\"D\u00e9shumidificateurs professionnels  Le TTK Qube est un d\u00e9shumidificateur professionnel ultra-compact con\u00e7u pour les applications de s\u00e9chage professionnelles. Il excelle dans la restauration apr\u00e8s d\u00e9g\u00e2t des eaux, offrant des performances de d\u00e9shumidification \u00e9lev\u00e9es, une fiabilit\u00e9 et une simplicit\u00e9 d&#039;utilisation optimales. Le TTK Qube est \u00e9quip\u00e9 d&#039;un compresseur rotatif de 0,37 kW offrant des performances sup\u00e9rieures pour une faible consommation d&#039;\u00e9nergie. Gr\u00e2ce \u00e0 son syst\u00e8me de d\u00e9givrage automatique par gaz chaud, il fonctionne \u00e9galement parfaitement dans les pi\u00e8ces non chauff\u00e9es. Avec un poids de seulement 16 kg, il peut \u00e9liminer jusqu&#039;\u00e0 20 litres d&#039;humidit\u00e9 en 24 heures. Des composants \u00e9lectroniques prot\u00e9g\u00e9s et une pompe \u00e0 condensats avec une hauteur de refoulement de 10 m\u00e8tres renforcent sa durabilit\u00e9 et sa facilit\u00e9 d&#039;utilisation.  D\u00e9couvrez d&#039;autres d\u00e9shumidificateurs \u00e0 condensation ou notre gamme compl\u00e8te de d\u00e9shumidificateurs professionnels adapt\u00e9s \u00e0 de multiples applications.\" \/>\n<meta property=\"og:url\" content=\"https:\/\/airrent.ge\/fr\/produit\/trotec-ttk-qube-condensation-dehumidifier\/\" \/>\n<meta property=\"og:site_name\" content=\"AirRent.ge\" \/>\n<meta property=\"article:modified_time\" content=\"2025-03-30T12:51:38+00:00\" \/>\n<meta property=\"og:image\" content=\"https:\/\/airrent.ge\/wp-content\/uploads\/2025\/03\/Trotec-TTK-Qube-main-right.jpg\" \/>\n\t<meta property=\"og:image:width\" content=\"1000\" \/>\n\t<meta property=\"og:image:height\" content=\"1000\" \/>\n\t<meta property=\"og:image:type\" content=\"image\/jpeg\" \/>\n<meta name=\"twitter:card\" content=\"summary_large_image\" \/>\n<meta name=\"twitter:label1\" content=\"Dur\u00e9e de lecture estim\u00e9e\" \/>\n\t<meta name=\"twitter:data1\" content=\"1 minute\" \/>\n<script type=\"application\/ld+json\" class=\"yoast-schema-graph\">{\"@context\":\"https:\/\/schema.org\",\"@graph\":[{\"@type\":\"WebPage\",\"@id\":\"https:\/\/airrent.ge\/fr\/produit\/trotec-ttk-qube-condensation-dehumidifier\/\",\"url\":\"https:\/\/airrent.ge\/fr\/produit\/trotec-ttk-qube-condensation-dehumidifier\/\",\"name\":\"Trotec TTK Qube \u2013 D\u00e9shumidificateur \u00e0 condensation - AirRent.ge\",\"isPartOf\":{\"@id\":\"https:\/\/airrent.ge\/#website\"},\"primaryImageOfPage\":{\"@id\":\"https:\/\/airrent.ge\/fr\/produit\/trotec-ttk-qube-condensation-dehumidifier\/#primaryimage\"},\"image\":{\"@id\":\"https:\/\/airrent.ge\/fr\/produit\/trotec-ttk-qube-condensation-dehumidifier\/#primaryimage\"},\"thumbnailUrl\":\"https:\/\/airrent.ge\/wp-content\/uploads\/2025\/03\/Trotec-TTK-Qube-main-right.jpg\",\"datePublished\":\"2024-01-22T17:04:24+00:00\",\"dateModified\":\"2025-03-30T12:51:38+00:00\",\"breadcrumb\":{\"@id\":\"https:\/\/airrent.ge\/fr\/produit\/trotec-ttk-qube-condensation-dehumidifier\/#breadcrumb\"},\"inLanguage\":\"fr-FR\",\"potentialAction\":[{\"@type\":\"ReadAction\",\"target\":[\"https:\/\/airrent.ge\/fr\/produit\/trotec-ttk-qube-condensation-dehumidifier\/\"]}]},{\"@type\":\"ImageObject\",\"inLanguage\":\"fr-FR\",\"@id\":\"https:\/\/airrent.ge\/fr\/produit\/trotec-ttk-qube-condensation-dehumidifier\/#primaryimage\",\"url\":\"https:\/\/airrent.ge\/wp-content\/uploads\/2025\/03\/Trotec-TTK-Qube-main-right.jpg\",\"contentUrl\":\"https:\/\/airrent.ge\/wp-content\/uploads\/2025\/03\/Trotec-TTK-Qube-main-right.jpg\",\"width\":1000,\"height\":1000},{\"@type\":\"BreadcrumbList\",\"@id\":\"https:\/\/airrent.ge\/fr\/produit\/trotec-ttk-qube-condensation-dehumidifier\/#breadcrumb\",\"itemListElement\":[{\"@type\":\"ListItem\",\"position\":1,\"name\":\"Home\",\"item\":\"https:\/\/airrent.ge\/fr\/home\/\"},{\"@type\":\"ListItem\",\"position\":2,\"name\":\"Products\",\"item\":\"https:\/\/airrent.ge\/fr\/products\/\"},{\"@type\":\"ListItem\",\"position\":3,\"name\":\"Trotec TTK Qube \u2013 D\u00e9shumidificateur \u00e0 condensation\"}]},{\"@type\":\"WebSite\",\"@id\":\"https:\/\/airrent.ge\/#website\",\"url\":\"https:\/\/airrent.ge\/\",\"name\":\"airrent.ge\",\"description\":\"Rental Services\",\"publisher\":{\"@id\":\"https:\/\/airrent.ge\/#organization\"},\"potentialAction\":[{\"@type\":\"SearchAction\",\"target\":{\"@type\":\"EntryPoint\",\"urlTemplate\":\"https:\/\/airrent.ge\/?s={search_term_string}\"},\"query-input\":{\"@type\":\"PropertyValueSpecification\",\"valueRequired\":true,\"valueName\":\"search_term_string\"}}],\"inLanguage\":\"fr-FR\"},{\"@type\":\"Organization\",\"@id\":\"https:\/\/airrent.ge\/#organization\",\"name\":\"airrent.ge\",\"url\":\"https:\/\/airrent.ge\/\",\"logo\":{\"@type\":\"ImageObject\",\"inLanguage\":\"fr-FR\",\"@id\":\"https:\/\/airrent.ge\/#\/schema\/logo\/image\/\",\"url\":\"https:\/\/airrent.ge\/wp-content\/uploads\/2026\/03\/airrent.png\",\"contentUrl\":\"https:\/\/airrent.ge\/wp-content\/uploads\/2026\/03\/airrent.png\",\"width\":1536,\"height\":1024,\"caption\":\"airrent.ge\"},\"image\":{\"@id\":\"https:\/\/airrent.ge\/#\/schema\/logo\/image\/\"}}]}<\/script>\n<!-- \/ Yoast SEO plugin. -->","yoast_head_json":{"title":"Trotec TTK Qube \u2013 D\u00e9shumidificateur \u00e0 condensation - AirRent.ge","robots":{"index":"index","follow":"follow","max-snippet":"max-snippet:-1","max-image-preview":"max-image-preview:large","max-video-preview":"max-video-preview:-1"},"canonical":"https:\/\/airrent.ge\/fr\/produit\/trotec-ttk-qube-condensation-dehumidifier\/","og_locale":"fr_FR","og_type":"article","og_title":"Trotec TTK Qube \u2013 D\u00e9shumidificateur \u00e0 condensation - AirRent.ge","og_description":"D\u00e9shumidificateurs professionnels  Le TTK Qube est un d\u00e9shumidificateur professionnel ultra-compact con\u00e7u pour les applications de s\u00e9chage professionnelles. Il excelle dans la restauration apr\u00e8s d\u00e9g\u00e2t des eaux, offrant des performances de d\u00e9shumidification \u00e9lev\u00e9es, une fiabilit\u00e9 et une simplicit\u00e9 d'utilisation optimales. Le TTK Qube est \u00e9quip\u00e9 d'un compresseur rotatif de 0,37 kW offrant des performances sup\u00e9rieures pour une faible consommation d'\u00e9nergie. Gr\u00e2ce \u00e0 son syst\u00e8me de d\u00e9givrage automatique par gaz chaud, il fonctionne \u00e9galement parfaitement dans les pi\u00e8ces non chauff\u00e9es. Avec un poids de seulement 16 kg, il peut \u00e9liminer jusqu'\u00e0 20 litres d'humidit\u00e9 en 24 heures. Des composants \u00e9lectroniques prot\u00e9g\u00e9s et une pompe \u00e0 condensats avec une hauteur de refoulement de 10 m\u00e8tres renforcent sa durabilit\u00e9 et sa facilit\u00e9 d'utilisation.  D\u00e9couvrez d'autres d\u00e9shumidificateurs \u00e0 condensation ou notre gamme compl\u00e8te de d\u00e9shumidificateurs professionnels adapt\u00e9s \u00e0 de multiples applications.","og_url":"https:\/\/airrent.ge\/fr\/produit\/trotec-ttk-qube-condensation-dehumidifier\/","og_site_name":"AirRent.ge","article_modified_time":"2025-03-30T12:51:38+00:00","og_image":[{"width":1000,"height":1000,"url":"https:\/\/airrent.ge\/wp-content\/uploads\/2025\/03\/Trotec-TTK-Qube-main-right.jpg","type":"image\/jpeg"}],"twitter_card":"summary_large_image","twitter_misc":{"Dur\u00e9e de lecture estim\u00e9e":"1 minute"},"schema":{"@context":"https:\/\/schema.org","@graph":[{"@type":"WebPage","@id":"https:\/\/airrent.ge\/fr\/produit\/trotec-ttk-qube-condensation-dehumidifier\/","url":"https:\/\/airrent.ge\/fr\/produit\/trotec-ttk-qube-condensation-dehumidifier\/","name":"Trotec TTK Qube \u2013 D\u00e9shumidificateur \u00e0 condensation - AirRent.ge","isPartOf":{"@id":"https:\/\/airrent.ge\/#website"},"primaryImageOfPage":{"@id":"https:\/\/airrent.ge\/fr\/produit\/trotec-ttk-qube-condensation-dehumidifier\/#primaryimage"},"image":{"@id":"https:\/\/airrent.ge\/fr\/produit\/trotec-ttk-qube-condensation-dehumidifier\/#primaryimage"},"thumbnailUrl":"https:\/\/airrent.ge\/wp-content\/uploads\/2025\/03\/Trotec-TTK-Qube-main-right.jpg","datePublished":"2024-01-22T17:04:24+00:00","dateModified":"2025-03-30T12:51:38+00:00","breadcrumb":{"@id":"https:\/\/airrent.ge\/fr\/produit\/trotec-ttk-qube-condensation-dehumidifier\/#breadcrumb"},"inLanguage":"fr-FR","potentialAction":[{"@type":"ReadAction","target":["https:\/\/airrent.ge\/fr\/produit\/trotec-ttk-qube-condensation-dehumidifier\/"]}]},{"@type":"ImageObject","inLanguage":"fr-FR","@id":"https:\/\/airrent.ge\/fr\/produit\/trotec-ttk-qube-condensation-dehumidifier\/#primaryimage","url":"https:\/\/airrent.ge\/wp-content\/uploads\/2025\/03\/Trotec-TTK-Qube-main-right.jpg","contentUrl":"https:\/\/airrent.ge\/wp-content\/uploads\/2025\/03\/Trotec-TTK-Qube-main-right.jpg","width":1000,"height":1000},{"@type":"BreadcrumbList","@id":"https:\/\/airrent.ge\/fr\/produit\/trotec-ttk-qube-condensation-dehumidifier\/#breadcrumb","itemListElement":[{"@type":"ListItem","position":1,"name":"Home","item":"https:\/\/airrent.ge\/fr\/home\/"},{"@type":"ListItem","position":2,"name":"Products","item":"https:\/\/airrent.ge\/fr\/products\/"},{"@type":"ListItem","position":3,"name":"Trotec TTK Qube \u2013 D\u00e9shumidificateur \u00e0 condensation"}]},{"@type":"WebSite","@id":"https:\/\/airrent.ge\/#website","url":"https:\/\/airrent.ge\/","name":"airrent.ge","description":"Rental Services","publisher":{"@id":"https:\/\/airrent.ge\/#organization"},"potentialAction":[{"@type":"SearchAction","target":{"@type":"EntryPoint","urlTemplate":"https:\/\/airrent.ge\/?s={search_term_string}"},"query-input":{"@type":"PropertyValueSpecification","valueRequired":true,"valueName":"search_term_string"}}],"inLanguage":"fr-FR"},{"@type":"Organization","@id":"https:\/\/airrent.ge\/#organization","name":"airrent.ge","url":"https:\/\/airrent.ge\/","logo":{"@type":"ImageObject","inLanguage":"fr-FR","@id":"https:\/\/airrent.ge\/#\/schema\/logo\/image\/","url":"https:\/\/airrent.ge\/wp-content\/uploads\/2026\/03\/airrent.png","contentUrl":"https:\/\/airrent.ge\/wp-content\/uploads\/2026\/03\/airrent.png","width":1536,"height":1024,"caption":"airrent.ge"},"image":{"@id":"https:\/\/airrent.ge\/#\/schema\/logo\/image\/"}}]}},"_links":{"self":[{"href":"https:\/\/airrent.ge\/fr\/wp-json\/wp\/v2\/product\/26213","targetHints":{"allow":["GET"]}}],"collection":[{"href":"https:\/\/airrent.ge\/fr\/wp-json\/wp\/v2\/product"}],"about":[{"href":"https:\/\/airrent.ge\/fr\/wp-json\/wp\/v2\/types\/product"}],"wp:featuredmedia":[{"embeddable":true,"href":"https:\/\/airrent.ge\/fr\/wp-json\/wp\/v2\/media\/26202"}],"wp:attachment":[{"href":"https:\/\/airrent.ge\/fr\/wp-json\/wp\/v2\/media?parent=26213"}],"wp:term":[{"taxonomy":"product_brand","embeddable":true,"href":"https:\/\/airrent.ge\/fr\/wp-json\/wp\/v2\/product_brand?post=26213"},{"taxonomy":"product_cat","embeddable":true,"href":"https:\/\/airrent.ge\/fr\/wp-json\/wp\/v2\/product_cat?post=26213"},{"taxonomy":"product_tag","embeddable":true,"href":"https:\/\/airrent.ge\/fr\/wp-json\/wp\/v2\/product_tag?post=26213"}],"curies":[{"name":"wp","href":"https:\/\/api.w.org\/{rel}","templated":true}]}}