{"id":27773,"date":"2024-01-25T22:28:27","date_gmt":"2024-01-25T18:28:27","guid":{"rendered":"https:\/\/airsystems.ge\/shop\/product\/heylo-cyclone-ultra-flex-ulv-sprayer\/"},"modified":"2025-04-06T00:30:31","modified_gmt":"2025-04-05T20:30:31","slug":"heylo-cyclone-ultra-flex-ulv-sprayer","status":"publish","type":"product","link":"https:\/\/airrent.ge\/fr\/produit\/heylo-cyclone-ultra-flex-ulv-sprayer\/","title":{"rendered":"Heylo CYCLONE ULTRA FLEX \u2013 Pulv\u00e9risateur ULV"},"content":{"rendered":"<section class=\"max-w-[1088px] mx-auto w-full px-5 my-10 md:my-12 lg:my-16 xl:my-20 xl:px-0\" data-block=\"bullet-list\">\n<div class=\"md:text-center\">\n<h3 class=\"text-black font-bold text-lg md:text-xl lg:text-2xl\">Caract\u00e9ristiques principales<\/h3>\n<\/div>\n<div class=\"mt-6 md:mt-10\">\n<div class=\"flex flex-wrap\">\n<div class=\"w-full md:w-1\/2 auto-bullets md:pr-16\">\n<ul>\n<li class=\"text-sm md:text-base text-black mt-3 flex items-start\">\n<div class=\"pl-5\">Pulv\u00e9risateur ULV pour la production d&rsquo;un brouillard humide<br \/>\nNum\u00e9risation de petites quantit\u00e9s de principes actifs sur de grandes surfaces<br \/>\nTuyau flexible pour une application cibl\u00e9e des principes actifs<\/div>\n<\/li>\n<\/ul>\n<\/div>\n<\/div>\n<\/div>\n<\/section>\n<section class=\"max-w-[1088px] mx-auto w-full my-10 md:my-12 lg:my-16 xl:my-20\" data-block=\"content-block\">\n<div class=\"max-w-[1088px] mx-auto\">\n<div class=\"flex flex-col items-center gap-6 px-5 w-full md:grid md:grid-cols-12 md:items-stretch xl:px-0\" data-content-block=\"container\">\n<div class=\"relative flex flex-col gap-5 w-full md:col-span-12 md:col-start-1 sm:items-start sm:text-left order-first md:order-none\" data-content-block=\"column\">\n<div class=\"prose text-pretty max-w-full text-left text-black prose-p:text-black prose-headings:mt-6 prose-headings:mb-3 md:prose-headings:text-lg prose-a:text-current prose-a:transition prose-a:ease-linear prose-a:duration-300\" data-content-block=\"text\">\n<p><strong>Utilisable avec les produits suivants\u00a0:<\/strong><\/p>\n<p>Odox<br \/>\nAlron citrox<br \/>\nPenetrox<br \/>\nD\u00e9sodorisant humide (WOC)<br \/>\nBIO-fresh +<br \/>\nBIO-saner<br \/>\nMastic d&rsquo;\u00e9tanch\u00e9it\u00e9 pour conduits<\/p>\n<\/div>\n<\/div>\n<\/div>\n<\/div>\n<\/section>\n<section class=\"max-w-[1088px] mx-auto w-full px-5 my-10 md:my-12 lg:my-16 xl:my-20 xl:px-0\" data-block=\"product-specifications\">\n<div class=\"md:text-center\">\n<h3 class=\"text-black font-bold text-lg md:text-xl lg:text-2xl\"><strong>Product specifications<\/strong><\/h3>\n<\/div>\n<div class=\" md:mt-10\">\n<div class=\"\">\n<div class=\"lg:mt-0 \">\n<div id=\"spec-cyclone-ultra-flex\" class=\"prose max-w-full md:overflow-auto\" data-spec-content=\"\">\n<div class=\"spreadsheet-container hidden md:block\">\n<table class=\"w-full table-fixed mb-0\">\n<thead>\n<tr>\n<th class=\"font-bold text-base\"><span class=\"block px-4\">Specifications<\/span><\/th>\n<th class=\"font-bold text-base text-center\"><span class=\"block px-10 md:px-20\">Units<\/span><\/th>\n<th class=\"font-bold text-base text-center will-change\"><span class=\"block px-4\">Cyclone\u00a0Ultra\u00a0Flex<\/span><\/th>\n<\/tr>\n<\/thead>\n<tbody>\n<tr class=\"bg-grey-200\/50 p-2\">\n<td colspan=\"1\"><span class=\"block px-4\">Electrical connection<\/span><\/td>\n<td class=\"text-center\">\n<div class=\"px-10 md:px-20 flex items-center justify-center\">V\/Hz<\/div>\n<\/td>\n<td class=\"text-center will-change\">\n<div class=\"px-10 md:px-20 flex items-center justify-center\">230\/1ph\/50<\/div>\n<\/td>\n<\/tr>\n<tr class=\" p-2\">\n<td colspan=\"1\"><span class=\"block px-4\">Tank capacity<\/span><\/td>\n<td class=\"text-center\">\n<div class=\"px-10 md:px-20 flex items-center justify-center\">l<\/div>\n<\/td>\n<td class=\"text-center will-change\">\n<div class=\"px-10 md:px-20 flex items-center justify-center\">3.4<\/div>\n<\/td>\n<\/tr>\n<tr class=\"bg-grey-200\/50 p-2\">\n<td colspan=\"1\"><span class=\"block px-4\">Spray performance<\/span><\/td>\n<td class=\"text-center\">\n<div class=\"px-10 md:px-20 flex items-center justify-center\">l\/h<\/div>\n<\/td>\n<td class=\"text-center will-change\">\n<div class=\"px-10 md:px-20 flex items-center justify-center\">0-19<\/div>\n<\/td>\n<\/tr>\n<tr class=\" p-2\">\n<td colspan=\"1\"><span class=\"block px-4\">Droplet size<\/span><\/td>\n<td class=\"text-center\">\n<div class=\"px-10 md:px-20 flex items-center justify-center\">\u00b5m<\/div>\n<\/td>\n<td class=\"text-center will-change\">\n<div class=\"px-10 md:px-20 flex items-center justify-center\">5-30<\/div>\n<\/td>\n<\/tr>\n<tr class=\"bg-grey-200\/50 p-2\">\n<td colspan=\"1\"><span class=\"block px-4\">Product size (l x w x h)<\/span><\/td>\n<td class=\"text-center\">\n<div class=\"px-10 md:px-20 flex items-center justify-center\">mm<\/div>\n<\/td>\n<td class=\"text-center will-change\">\n<div class=\"px-10 md:px-20 flex items-center justify-center\">1370 x 202 x 365<\/div>\n<\/td>\n<\/tr>\n<tr class=\" p-2\">\n<td colspan=\"1\"><span class=\"block px-4\">Net weight<\/span><\/td>\n<td class=\"text-center\">\n<div class=\"px-10 md:px-20 flex items-center justify-center\">kg<\/div>\n<\/td>\n<td class=\"text-center will-change\">\n<div class=\"px-10 md:px-20 flex items-center justify-center\">4.8<\/div>\n<\/td>\n<\/tr>\n<\/tbody>\n<\/table>\n<\/div>\n<\/div>\n<\/div>\n<\/div>\n<\/div>\n<\/section>\n<section class=\"max-w-[1088px] mx-auto w-full px-5 my-10 md:my-12 lg:my-16 xl:my-20 xl:px-0\" data-block=\"link-list\">\n<div class=\"max-w-[1088px] mx-auto\">\n<div class=\"md:text-center\">\n<p class=\"text-black font-bold text-lg md:text-xl lg:text-2xl\"><strong>Convient pour\u00a0:<\/strong><br \/>\nAgriculture<br \/>\nB\u00e2timents commerciaux<br \/>\nConstruction<br \/>\nIndustrie, usines et production<br \/>\nR\u00e9paration apr\u00e8s d\u00e9g\u00e2ts des eaux<\/p>\n<\/div>\n<\/div>\n<\/section>\n","protected":false},"excerpt":{"rendered":"<div class=\"max-w-4xl\">\n<div class=\"text-xl font-bold mt-1 md:mt-2\">Num\u00e9risation humide pour grandes surfaces<\/div>\n<\/div>\n<div class=\"grid grid-cols-1 gap-8 md:grid-cols-2 lg:gap-12 xl:gap-20\">\n<div class=\"w-full lg:sticky\" data-sticky-sidebar=\"\">\n<div class=\"absolute z-[4] top-0 right-0 pointer-events-none\">\n<figure><img decoding=\"async\" src=\"https:\/\/dantherm-group-cdn.s3.amazonaws.com\/media\/brands\/DG-Banners-Rebranding-HEYLO-to-MASTER-EN.jpg\" alt=\"\" \/><\/figure>\n<p>Pour l&rsquo;application de petites quantit\u00e9s de principes actifs sur de grandes surfaces, les pulv\u00e9risateurs ULV sont le premier choix. ULV signifie \u00ab\u00a0ultra low volume\u00a0\u00bb. Compar\u00e9s aux pulv\u00e9risateurs conventionnels, ils produisent de tr\u00e8s petites gouttelettes, environ 10 fois plus grosses que les particules d&rsquo;un n\u00e9buliseur. Tuyau flexible pour une pulv\u00e9risation cibl\u00e9e.<\/p>\n<p>Pour plus d&rsquo;informations sur les \u00e9quipements de protection individuelle, veuillez vous r\u00e9f\u00e9rer aux fiches de donn\u00e9es de s\u00e9curit\u00e9 des produits respectifs \u00e0 utiliser.<\/p>\n<\/div>\n<\/div>\n<\/div>\n","protected":false},"featured_media":27768,"template":"","meta":[],"product_brand":[],"product_cat":[637,412,417],"product_tag":[],"class_list":{"0":"post-27773","1":"product","2":"type-product","3":"status-publish","4":"has-post-thumbnail","6":"product_cat-purificateur-dair-nettoyant-poussiere","7":"product_cat-climatisation-deshumidificateur-dair-ventilateur-fr-ventilation","8":"product_cat-desinfection","10":"first","11":"instock","12":"shipping-taxable","13":"product-type-simple"},"yoast_head":"<!-- This site is optimized with the Yoast SEO plugin v27.1.1 - https:\/\/yoast.com\/product\/yoast-seo-wordpress\/ -->\n<title>Heylo CYCLONE ULTRA FLEX \u2013 Pulv\u00e9risateur ULV - AirRent.ge<\/title>\n<meta name=\"robots\" content=\"index, follow, max-snippet:-1, max-image-preview:large, max-video-preview:-1\" \/>\n<link rel=\"canonical\" href=\"https:\/\/airrent.ge\/fr\/produit\/heylo-cyclone-ultra-flex-ulv-sprayer\/\" \/>\n<meta property=\"og:locale\" content=\"fr_FR\" \/>\n<meta property=\"og:type\" content=\"article\" \/>\n<meta property=\"og:title\" content=\"Heylo CYCLONE ULTRA FLEX \u2013 Pulv\u00e9risateur ULV - AirRent.ge\" \/>\n<meta property=\"og:description\" content=\"Num\u00e9risation humide pour grandes surfaces      Pour l&#039;application de petites quantit\u00e9s de principes actifs sur de grandes surfaces, les pulv\u00e9risateurs ULV sont le premier choix. ULV signifie \u00ab\u00a0ultra low volume\u00a0\u00bb. Compar\u00e9s aux pulv\u00e9risateurs conventionnels, ils produisent de tr\u00e8s petites gouttelettes, environ 10 fois plus grosses que les particules d&#039;un n\u00e9buliseur. Tuyau flexible pour une pulv\u00e9risation cibl\u00e9e.  Pour plus d&#039;informations sur les \u00e9quipements de protection individuelle, veuillez vous r\u00e9f\u00e9rer aux fiches de donn\u00e9es de s\u00e9curit\u00e9 des produits respectifs \u00e0 utiliser.\" \/>\n<meta property=\"og:url\" content=\"https:\/\/airrent.ge\/fr\/produit\/heylo-cyclone-ultra-flex-ulv-sprayer\/\" \/>\n<meta property=\"og:site_name\" content=\"AirRent.ge\" \/>\n<meta property=\"article:modified_time\" content=\"2025-04-05T20:30:31+00:00\" \/>\n<meta property=\"og:image\" content=\"https:\/\/airrent.ge\/wp-content\/uploads\/2025\/04\/Heylo-Cyclone-Ultra-Flex-ULV-Sprayer.jpg\" \/>\n\t<meta property=\"og:image:width\" content=\"1000\" \/>\n\t<meta property=\"og:image:height\" content=\"1000\" \/>\n\t<meta property=\"og:image:type\" content=\"image\/jpeg\" \/>\n<meta name=\"twitter:card\" content=\"summary_large_image\" \/>\n<meta name=\"twitter:label1\" content=\"Dur\u00e9e de lecture estim\u00e9e\" \/>\n\t<meta name=\"twitter:data1\" content=\"1 minute\" \/>\n<script type=\"application\/ld+json\" class=\"yoast-schema-graph\">{\"@context\":\"https:\/\/schema.org\",\"@graph\":[{\"@type\":\"WebPage\",\"@id\":\"https:\/\/airrent.ge\/fr\/produit\/heylo-cyclone-ultra-flex-ulv-sprayer\/\",\"url\":\"https:\/\/airrent.ge\/fr\/produit\/heylo-cyclone-ultra-flex-ulv-sprayer\/\",\"name\":\"Heylo CYCLONE ULTRA FLEX \u2013 Pulv\u00e9risateur ULV - AirRent.ge\",\"isPartOf\":{\"@id\":\"https:\/\/airrent.ge\/#website\"},\"primaryImageOfPage\":{\"@id\":\"https:\/\/airrent.ge\/fr\/produit\/heylo-cyclone-ultra-flex-ulv-sprayer\/#primaryimage\"},\"image\":{\"@id\":\"https:\/\/airrent.ge\/fr\/produit\/heylo-cyclone-ultra-flex-ulv-sprayer\/#primaryimage\"},\"thumbnailUrl\":\"https:\/\/airrent.ge\/wp-content\/uploads\/2025\/04\/Heylo-Cyclone-Ultra-Flex-ULV-Sprayer.jpg\",\"datePublished\":\"2024-01-25T18:28:27+00:00\",\"dateModified\":\"2025-04-05T20:30:31+00:00\",\"breadcrumb\":{\"@id\":\"https:\/\/airrent.ge\/fr\/produit\/heylo-cyclone-ultra-flex-ulv-sprayer\/#breadcrumb\"},\"inLanguage\":\"fr-FR\",\"potentialAction\":[{\"@type\":\"ReadAction\",\"target\":[\"https:\/\/airrent.ge\/fr\/produit\/heylo-cyclone-ultra-flex-ulv-sprayer\/\"]}]},{\"@type\":\"ImageObject\",\"inLanguage\":\"fr-FR\",\"@id\":\"https:\/\/airrent.ge\/fr\/produit\/heylo-cyclone-ultra-flex-ulv-sprayer\/#primaryimage\",\"url\":\"https:\/\/airrent.ge\/wp-content\/uploads\/2025\/04\/Heylo-Cyclone-Ultra-Flex-ULV-Sprayer.jpg\",\"contentUrl\":\"https:\/\/airrent.ge\/wp-content\/uploads\/2025\/04\/Heylo-Cyclone-Ultra-Flex-ULV-Sprayer.jpg\",\"width\":1000,\"height\":1000},{\"@type\":\"BreadcrumbList\",\"@id\":\"https:\/\/airrent.ge\/fr\/produit\/heylo-cyclone-ultra-flex-ulv-sprayer\/#breadcrumb\",\"itemListElement\":[{\"@type\":\"ListItem\",\"position\":1,\"name\":\"Home\",\"item\":\"https:\/\/airrent.ge\/fr\/home\/\"},{\"@type\":\"ListItem\",\"position\":2,\"name\":\"Products\",\"item\":\"https:\/\/airrent.ge\/fr\/products\/\"},{\"@type\":\"ListItem\",\"position\":3,\"name\":\"Heylo CYCLONE ULTRA FLEX \u2013 Pulv\u00e9risateur ULV\"}]},{\"@type\":\"WebSite\",\"@id\":\"https:\/\/airrent.ge\/#website\",\"url\":\"https:\/\/airrent.ge\/\",\"name\":\"airrent.ge\",\"description\":\"Rental Services\",\"publisher\":{\"@id\":\"https:\/\/airrent.ge\/#organization\"},\"potentialAction\":[{\"@type\":\"SearchAction\",\"target\":{\"@type\":\"EntryPoint\",\"urlTemplate\":\"https:\/\/airrent.ge\/?s={search_term_string}\"},\"query-input\":{\"@type\":\"PropertyValueSpecification\",\"valueRequired\":true,\"valueName\":\"search_term_string\"}}],\"inLanguage\":\"fr-FR\"},{\"@type\":\"Organization\",\"@id\":\"https:\/\/airrent.ge\/#organization\",\"name\":\"airrent.ge\",\"url\":\"https:\/\/airrent.ge\/\",\"logo\":{\"@type\":\"ImageObject\",\"inLanguage\":\"fr-FR\",\"@id\":\"https:\/\/airrent.ge\/#\/schema\/logo\/image\/\",\"url\":\"https:\/\/airrent.ge\/wp-content\/uploads\/2026\/03\/airrent.png\",\"contentUrl\":\"https:\/\/airrent.ge\/wp-content\/uploads\/2026\/03\/airrent.png\",\"width\":1536,\"height\":1024,\"caption\":\"airrent.ge\"},\"image\":{\"@id\":\"https:\/\/airrent.ge\/#\/schema\/logo\/image\/\"}}]}<\/script>\n<!-- \/ Yoast SEO plugin. -->","yoast_head_json":{"title":"Heylo CYCLONE ULTRA FLEX \u2013 Pulv\u00e9risateur ULV - AirRent.ge","robots":{"index":"index","follow":"follow","max-snippet":"max-snippet:-1","max-image-preview":"max-image-preview:large","max-video-preview":"max-video-preview:-1"},"canonical":"https:\/\/airrent.ge\/fr\/produit\/heylo-cyclone-ultra-flex-ulv-sprayer\/","og_locale":"fr_FR","og_type":"article","og_title":"Heylo CYCLONE ULTRA FLEX \u2013 Pulv\u00e9risateur ULV - AirRent.ge","og_description":"Num\u00e9risation humide pour grandes surfaces      Pour l'application de petites quantit\u00e9s de principes actifs sur de grandes surfaces, les pulv\u00e9risateurs ULV sont le premier choix. ULV signifie \u00ab\u00a0ultra low volume\u00a0\u00bb. Compar\u00e9s aux pulv\u00e9risateurs conventionnels, ils produisent de tr\u00e8s petites gouttelettes, environ 10 fois plus grosses que les particules d'un n\u00e9buliseur. Tuyau flexible pour une pulv\u00e9risation cibl\u00e9e.  Pour plus d'informations sur les \u00e9quipements de protection individuelle, veuillez vous r\u00e9f\u00e9rer aux fiches de donn\u00e9es de s\u00e9curit\u00e9 des produits respectifs \u00e0 utiliser.","og_url":"https:\/\/airrent.ge\/fr\/produit\/heylo-cyclone-ultra-flex-ulv-sprayer\/","og_site_name":"AirRent.ge","article_modified_time":"2025-04-05T20:30:31+00:00","og_image":[{"width":1000,"height":1000,"url":"https:\/\/airrent.ge\/wp-content\/uploads\/2025\/04\/Heylo-Cyclone-Ultra-Flex-ULV-Sprayer.jpg","type":"image\/jpeg"}],"twitter_card":"summary_large_image","twitter_misc":{"Dur\u00e9e de lecture estim\u00e9e":"1 minute"},"schema":{"@context":"https:\/\/schema.org","@graph":[{"@type":"WebPage","@id":"https:\/\/airrent.ge\/fr\/produit\/heylo-cyclone-ultra-flex-ulv-sprayer\/","url":"https:\/\/airrent.ge\/fr\/produit\/heylo-cyclone-ultra-flex-ulv-sprayer\/","name":"Heylo CYCLONE ULTRA FLEX \u2013 Pulv\u00e9risateur ULV - AirRent.ge","isPartOf":{"@id":"https:\/\/airrent.ge\/#website"},"primaryImageOfPage":{"@id":"https:\/\/airrent.ge\/fr\/produit\/heylo-cyclone-ultra-flex-ulv-sprayer\/#primaryimage"},"image":{"@id":"https:\/\/airrent.ge\/fr\/produit\/heylo-cyclone-ultra-flex-ulv-sprayer\/#primaryimage"},"thumbnailUrl":"https:\/\/airrent.ge\/wp-content\/uploads\/2025\/04\/Heylo-Cyclone-Ultra-Flex-ULV-Sprayer.jpg","datePublished":"2024-01-25T18:28:27+00:00","dateModified":"2025-04-05T20:30:31+00:00","breadcrumb":{"@id":"https:\/\/airrent.ge\/fr\/produit\/heylo-cyclone-ultra-flex-ulv-sprayer\/#breadcrumb"},"inLanguage":"fr-FR","potentialAction":[{"@type":"ReadAction","target":["https:\/\/airrent.ge\/fr\/produit\/heylo-cyclone-ultra-flex-ulv-sprayer\/"]}]},{"@type":"ImageObject","inLanguage":"fr-FR","@id":"https:\/\/airrent.ge\/fr\/produit\/heylo-cyclone-ultra-flex-ulv-sprayer\/#primaryimage","url":"https:\/\/airrent.ge\/wp-content\/uploads\/2025\/04\/Heylo-Cyclone-Ultra-Flex-ULV-Sprayer.jpg","contentUrl":"https:\/\/airrent.ge\/wp-content\/uploads\/2025\/04\/Heylo-Cyclone-Ultra-Flex-ULV-Sprayer.jpg","width":1000,"height":1000},{"@type":"BreadcrumbList","@id":"https:\/\/airrent.ge\/fr\/produit\/heylo-cyclone-ultra-flex-ulv-sprayer\/#breadcrumb","itemListElement":[{"@type":"ListItem","position":1,"name":"Home","item":"https:\/\/airrent.ge\/fr\/home\/"},{"@type":"ListItem","position":2,"name":"Products","item":"https:\/\/airrent.ge\/fr\/products\/"},{"@type":"ListItem","position":3,"name":"Heylo CYCLONE ULTRA FLEX \u2013 Pulv\u00e9risateur ULV"}]},{"@type":"WebSite","@id":"https:\/\/airrent.ge\/#website","url":"https:\/\/airrent.ge\/","name":"airrent.ge","description":"Rental Services","publisher":{"@id":"https:\/\/airrent.ge\/#organization"},"potentialAction":[{"@type":"SearchAction","target":{"@type":"EntryPoint","urlTemplate":"https:\/\/airrent.ge\/?s={search_term_string}"},"query-input":{"@type":"PropertyValueSpecification","valueRequired":true,"valueName":"search_term_string"}}],"inLanguage":"fr-FR"},{"@type":"Organization","@id":"https:\/\/airrent.ge\/#organization","name":"airrent.ge","url":"https:\/\/airrent.ge\/","logo":{"@type":"ImageObject","inLanguage":"fr-FR","@id":"https:\/\/airrent.ge\/#\/schema\/logo\/image\/","url":"https:\/\/airrent.ge\/wp-content\/uploads\/2026\/03\/airrent.png","contentUrl":"https:\/\/airrent.ge\/wp-content\/uploads\/2026\/03\/airrent.png","width":1536,"height":1024,"caption":"airrent.ge"},"image":{"@id":"https:\/\/airrent.ge\/#\/schema\/logo\/image\/"}}]}},"_links":{"self":[{"href":"https:\/\/airrent.ge\/fr\/wp-json\/wp\/v2\/product\/27773","targetHints":{"allow":["GET"]}}],"collection":[{"href":"https:\/\/airrent.ge\/fr\/wp-json\/wp\/v2\/product"}],"about":[{"href":"https:\/\/airrent.ge\/fr\/wp-json\/wp\/v2\/types\/product"}],"wp:featuredmedia":[{"embeddable":true,"href":"https:\/\/airrent.ge\/fr\/wp-json\/wp\/v2\/media\/27768"}],"wp:attachment":[{"href":"https:\/\/airrent.ge\/fr\/wp-json\/wp\/v2\/media?parent=27773"}],"wp:term":[{"taxonomy":"product_brand","embeddable":true,"href":"https:\/\/airrent.ge\/fr\/wp-json\/wp\/v2\/product_brand?post=27773"},{"taxonomy":"product_cat","embeddable":true,"href":"https:\/\/airrent.ge\/fr\/wp-json\/wp\/v2\/product_cat?post=27773"},{"taxonomy":"product_tag","embeddable":true,"href":"https:\/\/airrent.ge\/fr\/wp-json\/wp\/v2\/product_tag?post=27773"}],"curies":[{"name":"wp","href":"https:\/\/api.w.org\/{rel}","templated":true}]}}