{"id":29928,"date":"2025-04-19T23:53:36","date_gmt":"2025-04-19T19:53:36","guid":{"rendered":"https:\/\/airsystems.ge\/shop\/product\/rac-mc-he-ke-kh-rac-mc-he-ke-kh-high-efficiency-air-cooled-chillers-for-outdoor-installation-equipped-with-brushless-oil-free-turbocor-compressors-axial-fans-and-microchannel-condensing-coils\/"},"modified":"2025-04-20T00:27:33","modified_gmt":"2025-04-19T20:27:33","slug":"rac-mc-he-ke-kh-rac-mc-he-ke-kh-high-efficiency-air-cooled-chillers-for-outdoor-installation-equipped-with-brushless-oil-free-turbocor-compressors-axial-fans-and-microchannel-condensing-coils","status":"publish","type":"product","link":"https:\/\/airrent.ge\/fr\/produit\/rac-mc-he-ke-kh-rac-mc-he-ke-kh-high-efficiency-air-cooled-chillers-for-outdoor-installation-equipped-with-brushless-oil-free-turbocor-compressors-axial-fans-and-microchannel-condensing-coils\/","title":{"rendered":"RAC MC HE Ke\/Kh Refroidisseurs d&rsquo;eau \u00e0 condensation par air haute performance pour installation ext\u00e9rieure, \u00e9quip\u00e9s de compresseurs Turbocor sans balais et sans huile, de ventilateurs axiaux et de batteries de condensation \u00e0 microcanaux."},"content":{"rendered":"","protected":false},"excerpt":{"rendered":"<p><strong>Puissance frigorifique<\/strong> de 443 kW \u00e0 1396 kW<\/p>\n<p>Les refroidisseurs d&rsquo;eau monoblocs \u00e0 condensation par air de la s\u00e9rie RAC MC sont adapt\u00e9s \u00e0 une installation ext\u00e9rieure et sont particuli\u00e8rement indiqu\u00e9s pour le refroidissement liquide dans les installations de climatisation et de process industriel, o\u00f9 un rendement \u00e9lev\u00e9 \u00e0 charges partielles, un silence de fonctionnement et une longue dur\u00e9e de vie sont essentiels.<\/p>\n<p>L&rsquo;extr\u00eame compacit\u00e9 du compresseur et de la section de condensation a permis de concevoir des refroidisseurs compacts, d&rsquo;o\u00f9 un poids r\u00e9duit par rapport aux refroidisseurs traditionnels de m\u00eame puissance frigorifique. Cet aspect, associ\u00e9 \u00e0 l&rsquo;absence d&rsquo;huile de lubrification dans le circuit de refroidissement, permet de r\u00e9duire consid\u00e9rablement les co\u00fbts de maintenance et d&rsquo;optimiser la surface d&rsquo;\u00e9change thermique globale des \u00e9changeurs de chaleur.<\/p>\n<p>Tous les groupes sont enti\u00e8rement assembl\u00e9s et test\u00e9s en usine selon des proc\u00e9dures de qualit\u00e9 sp\u00e9cifiques. Ils sont \u00e9galement enti\u00e8rement raccord\u00e9s hydrauliquement et \u00e9lectriquement, ce qui permet une installation rapide sur site. Avant le test final, l&rsquo;\u00e9tanch\u00e9it\u00e9 des circuits de refroidissement est v\u00e9rifi\u00e9e et le fluide frigorig\u00e8ne est charg\u00e9. Une fois sur site, les unit\u00e9s doivent \u00eatre positionn\u00e9es et raccord\u00e9es hydrauliquement et \u00e9lectriquement.<\/p>\n","protected":false},"featured_media":29923,"template":"","meta":[],"product_brand":[],"product_cat":[1233,1239],"product_tag":[],"class_list":{"0":"post-29928","1":"product","2":"type-product","3":"status-publish","4":"has-post-thumbnail","6":"product_cat-refroidisseurs-modulaire-a-vis-fr","7":"product_cat-refroidisseurs-air-chiller-eau-fr","9":"first","10":"instock","11":"shipping-taxable","12":"product-type-simple"},"yoast_head":"<!-- This site is optimized with the Yoast SEO plugin v27.1.1 - https:\/\/yoast.com\/product\/yoast-seo-wordpress\/ -->\n<title>RAC MC HE Ke\/Kh Refroidisseurs d&#039;eau \u00e0 condensation par air haute performance pour installation ext\u00e9rieure, \u00e9quip\u00e9s de compresseurs Turbocor sans balais et sans huile, de ventilateurs axiaux et de batteries de condensation \u00e0 microcanaux. - AirRent.ge<\/title>\n<meta name=\"robots\" content=\"index, follow, max-snippet:-1, max-image-preview:large, max-video-preview:-1\" \/>\n<link rel=\"canonical\" href=\"https:\/\/airrent.ge\/fr\/produit\/rac-mc-he-ke-kh-rac-mc-he-ke-kh-high-efficiency-air-cooled-chillers-for-outdoor-installation-equipped-with-brushless-oil-free-turbocor-compressors-axial-fans-and-microchannel-condensing-coils\/\" \/>\n<meta property=\"og:locale\" content=\"fr_FR\" \/>\n<meta property=\"og:type\" content=\"article\" \/>\n<meta property=\"og:title\" content=\"RAC MC HE Ke\/Kh Refroidisseurs d&#039;eau \u00e0 condensation par air haute performance pour installation ext\u00e9rieure, \u00e9quip\u00e9s de compresseurs Turbocor sans balais et sans huile, de ventilateurs axiaux et de batteries de condensation \u00e0 microcanaux. - AirRent.ge\" \/>\n<meta property=\"og:description\" content=\"Puissance frigorifique de 443 kW \u00e0 1396 kW  Les refroidisseurs d&#039;eau monoblocs \u00e0 condensation par air de la s\u00e9rie RAC MC sont adapt\u00e9s \u00e0 une installation ext\u00e9rieure et sont particuli\u00e8rement indiqu\u00e9s pour le refroidissement liquide dans les installations de climatisation et de process industriel, o\u00f9 un rendement \u00e9lev\u00e9 \u00e0 charges partielles, un silence de fonctionnement et une longue dur\u00e9e de vie sont essentiels.  L&#039;extr\u00eame compacit\u00e9 du compresseur et de la section de condensation a permis de concevoir des refroidisseurs compacts, d&#039;o\u00f9 un poids r\u00e9duit par rapport aux refroidisseurs traditionnels de m\u00eame puissance frigorifique. Cet aspect, associ\u00e9 \u00e0 l&#039;absence d&#039;huile de lubrification dans le circuit de refroidissement, permet de r\u00e9duire consid\u00e9rablement les co\u00fbts de maintenance et d&#039;optimiser la surface d&#039;\u00e9change thermique globale des \u00e9changeurs de chaleur.  Tous les groupes sont enti\u00e8rement assembl\u00e9s et test\u00e9s en usine selon des proc\u00e9dures de qualit\u00e9 sp\u00e9cifiques. Ils sont \u00e9galement enti\u00e8rement raccord\u00e9s hydrauliquement et \u00e9lectriquement, ce qui permet une installation rapide sur site. Avant le test final, l&#039;\u00e9tanch\u00e9it\u00e9 des circuits de refroidissement est v\u00e9rifi\u00e9e et le fluide frigorig\u00e8ne est charg\u00e9. Une fois sur site, les unit\u00e9s doivent \u00eatre positionn\u00e9es et raccord\u00e9es hydrauliquement et \u00e9lectriquement.\" \/>\n<meta property=\"og:url\" content=\"https:\/\/airrent.ge\/fr\/produit\/rac-mc-he-ke-kh-rac-mc-he-ke-kh-high-efficiency-air-cooled-chillers-for-outdoor-installation-equipped-with-brushless-oil-free-turbocor-compressors-axial-fans-and-microchannel-condensing-coils\/\" \/>\n<meta property=\"og:site_name\" content=\"AirRent.ge\" \/>\n<meta property=\"article:modified_time\" content=\"2025-04-19T20:27:33+00:00\" \/>\n<meta property=\"og:image\" content=\"https:\/\/airrent.ge\/wp-content\/uploads\/2025\/04\/RAC-MC-HE-Ke-Kh-qgueqh2wirlufqmyp30attjmutxy12wjqkca1p20i8.png\" \/>\n\t<meta property=\"og:image:width\" content=\"720\" \/>\n\t<meta property=\"og:image:height\" content=\"616\" \/>\n\t<meta property=\"og:image:type\" content=\"image\/png\" \/>\n<meta name=\"twitter:card\" content=\"summary_large_image\" \/>\n<script type=\"application\/ld+json\" class=\"yoast-schema-graph\">{\"@context\":\"https:\/\/schema.org\",\"@graph\":[{\"@type\":\"WebPage\",\"@id\":\"https:\/\/airrent.ge\/fr\/produit\/rac-mc-he-ke-kh-rac-mc-he-ke-kh-high-efficiency-air-cooled-chillers-for-outdoor-installation-equipped-with-brushless-oil-free-turbocor-compressors-axial-fans-and-microchannel-condensing-coils\/\",\"url\":\"https:\/\/airrent.ge\/fr\/produit\/rac-mc-he-ke-kh-rac-mc-he-ke-kh-high-efficiency-air-cooled-chillers-for-outdoor-installation-equipped-with-brushless-oil-free-turbocor-compressors-axial-fans-and-microchannel-condensing-coils\/\",\"name\":\"RAC MC HE Ke\/Kh Refroidisseurs d'eau \u00e0 condensation par air haute performance pour installation ext\u00e9rieure, \u00e9quip\u00e9s de compresseurs Turbocor sans balais et sans huile, de ventilateurs axiaux et de batteries de condensation \u00e0 microcanaux. - AirRent.ge\",\"isPartOf\":{\"@id\":\"https:\/\/airrent.ge\/#website\"},\"primaryImageOfPage\":{\"@id\":\"https:\/\/airrent.ge\/fr\/produit\/rac-mc-he-ke-kh-rac-mc-he-ke-kh-high-efficiency-air-cooled-chillers-for-outdoor-installation-equipped-with-brushless-oil-free-turbocor-compressors-axial-fans-and-microchannel-condensing-coils\/#primaryimage\"},\"image\":{\"@id\":\"https:\/\/airrent.ge\/fr\/produit\/rac-mc-he-ke-kh-rac-mc-he-ke-kh-high-efficiency-air-cooled-chillers-for-outdoor-installation-equipped-with-brushless-oil-free-turbocor-compressors-axial-fans-and-microchannel-condensing-coils\/#primaryimage\"},\"thumbnailUrl\":\"https:\/\/airrent.ge\/wp-content\/uploads\/2025\/04\/RAC-MC-HE-Ke-Kh-qgueqh2wirlufqmyp30attjmutxy12wjqkca1p20i8.png\",\"datePublished\":\"2025-04-19T19:53:36+00:00\",\"dateModified\":\"2025-04-19T20:27:33+00:00\",\"breadcrumb\":{\"@id\":\"https:\/\/airrent.ge\/fr\/produit\/rac-mc-he-ke-kh-rac-mc-he-ke-kh-high-efficiency-air-cooled-chillers-for-outdoor-installation-equipped-with-brushless-oil-free-turbocor-compressors-axial-fans-and-microchannel-condensing-coils\/#breadcrumb\"},\"inLanguage\":\"fr-FR\",\"potentialAction\":[{\"@type\":\"ReadAction\",\"target\":[\"https:\/\/airrent.ge\/fr\/produit\/rac-mc-he-ke-kh-rac-mc-he-ke-kh-high-efficiency-air-cooled-chillers-for-outdoor-installation-equipped-with-brushless-oil-free-turbocor-compressors-axial-fans-and-microchannel-condensing-coils\/\"]}]},{\"@type\":\"ImageObject\",\"inLanguage\":\"fr-FR\",\"@id\":\"https:\/\/airrent.ge\/fr\/produit\/rac-mc-he-ke-kh-rac-mc-he-ke-kh-high-efficiency-air-cooled-chillers-for-outdoor-installation-equipped-with-brushless-oil-free-turbocor-compressors-axial-fans-and-microchannel-condensing-coils\/#primaryimage\",\"url\":\"https:\/\/airrent.ge\/wp-content\/uploads\/2025\/04\/RAC-MC-HE-Ke-Kh-qgueqh2wirlufqmyp30attjmutxy12wjqkca1p20i8.png\",\"contentUrl\":\"https:\/\/airrent.ge\/wp-content\/uploads\/2025\/04\/RAC-MC-HE-Ke-Kh-qgueqh2wirlufqmyp30attjmutxy12wjqkca1p20i8.png\",\"width\":720,\"height\":616},{\"@type\":\"BreadcrumbList\",\"@id\":\"https:\/\/airrent.ge\/fr\/produit\/rac-mc-he-ke-kh-rac-mc-he-ke-kh-high-efficiency-air-cooled-chillers-for-outdoor-installation-equipped-with-brushless-oil-free-turbocor-compressors-axial-fans-and-microchannel-condensing-coils\/#breadcrumb\",\"itemListElement\":[{\"@type\":\"ListItem\",\"position\":1,\"name\":\"Home\",\"item\":\"https:\/\/airrent.ge\/fr\/home\/\"},{\"@type\":\"ListItem\",\"position\":2,\"name\":\"Products\",\"item\":\"https:\/\/airrent.ge\/fr\/products\/\"},{\"@type\":\"ListItem\",\"position\":3,\"name\":\"RAC MC HE Ke\/Kh Refroidisseurs d&#8217;eau \u00e0 condensation par air haute performance pour installation ext\u00e9rieure, \u00e9quip\u00e9s de compresseurs Turbocor sans balais et sans huile, de ventilateurs axiaux et de batteries de condensation \u00e0 microcanaux.\"}]},{\"@type\":\"WebSite\",\"@id\":\"https:\/\/airrent.ge\/#website\",\"url\":\"https:\/\/airrent.ge\/\",\"name\":\"airrent.ge\",\"description\":\"Rental Services\",\"publisher\":{\"@id\":\"https:\/\/airrent.ge\/#organization\"},\"potentialAction\":[{\"@type\":\"SearchAction\",\"target\":{\"@type\":\"EntryPoint\",\"urlTemplate\":\"https:\/\/airrent.ge\/?s={search_term_string}\"},\"query-input\":{\"@type\":\"PropertyValueSpecification\",\"valueRequired\":true,\"valueName\":\"search_term_string\"}}],\"inLanguage\":\"fr-FR\"},{\"@type\":\"Organization\",\"@id\":\"https:\/\/airrent.ge\/#organization\",\"name\":\"airrent.ge\",\"url\":\"https:\/\/airrent.ge\/\",\"logo\":{\"@type\":\"ImageObject\",\"inLanguage\":\"fr-FR\",\"@id\":\"https:\/\/airrent.ge\/#\/schema\/logo\/image\/\",\"url\":\"https:\/\/airrent.ge\/wp-content\/uploads\/2026\/03\/airrent.png\",\"contentUrl\":\"https:\/\/airrent.ge\/wp-content\/uploads\/2026\/03\/airrent.png\",\"width\":1536,\"height\":1024,\"caption\":\"airrent.ge\"},\"image\":{\"@id\":\"https:\/\/airrent.ge\/#\/schema\/logo\/image\/\"}}]}<\/script>\n<!-- \/ Yoast SEO plugin. -->","yoast_head_json":{"title":"RAC MC HE Ke\/Kh Refroidisseurs d'eau \u00e0 condensation par air haute performance pour installation ext\u00e9rieure, \u00e9quip\u00e9s de compresseurs Turbocor sans balais et sans huile, de ventilateurs axiaux et de batteries de condensation \u00e0 microcanaux. - AirRent.ge","robots":{"index":"index","follow":"follow","max-snippet":"max-snippet:-1","max-image-preview":"max-image-preview:large","max-video-preview":"max-video-preview:-1"},"canonical":"https:\/\/airrent.ge\/fr\/produit\/rac-mc-he-ke-kh-rac-mc-he-ke-kh-high-efficiency-air-cooled-chillers-for-outdoor-installation-equipped-with-brushless-oil-free-turbocor-compressors-axial-fans-and-microchannel-condensing-coils\/","og_locale":"fr_FR","og_type":"article","og_title":"RAC MC HE Ke\/Kh Refroidisseurs d'eau \u00e0 condensation par air haute performance pour installation ext\u00e9rieure, \u00e9quip\u00e9s de compresseurs Turbocor sans balais et sans huile, de ventilateurs axiaux et de batteries de condensation \u00e0 microcanaux. - AirRent.ge","og_description":"Puissance frigorifique de 443 kW \u00e0 1396 kW  Les refroidisseurs d'eau monoblocs \u00e0 condensation par air de la s\u00e9rie RAC MC sont adapt\u00e9s \u00e0 une installation ext\u00e9rieure et sont particuli\u00e8rement indiqu\u00e9s pour le refroidissement liquide dans les installations de climatisation et de process industriel, o\u00f9 un rendement \u00e9lev\u00e9 \u00e0 charges partielles, un silence de fonctionnement et une longue dur\u00e9e de vie sont essentiels.  L'extr\u00eame compacit\u00e9 du compresseur et de la section de condensation a permis de concevoir des refroidisseurs compacts, d'o\u00f9 un poids r\u00e9duit par rapport aux refroidisseurs traditionnels de m\u00eame puissance frigorifique. Cet aspect, associ\u00e9 \u00e0 l'absence d'huile de lubrification dans le circuit de refroidissement, permet de r\u00e9duire consid\u00e9rablement les co\u00fbts de maintenance et d'optimiser la surface d'\u00e9change thermique globale des \u00e9changeurs de chaleur.  Tous les groupes sont enti\u00e8rement assembl\u00e9s et test\u00e9s en usine selon des proc\u00e9dures de qualit\u00e9 sp\u00e9cifiques. Ils sont \u00e9galement enti\u00e8rement raccord\u00e9s hydrauliquement et \u00e9lectriquement, ce qui permet une installation rapide sur site. Avant le test final, l'\u00e9tanch\u00e9it\u00e9 des circuits de refroidissement est v\u00e9rifi\u00e9e et le fluide frigorig\u00e8ne est charg\u00e9. Une fois sur site, les unit\u00e9s doivent \u00eatre positionn\u00e9es et raccord\u00e9es hydrauliquement et \u00e9lectriquement.","og_url":"https:\/\/airrent.ge\/fr\/produit\/rac-mc-he-ke-kh-rac-mc-he-ke-kh-high-efficiency-air-cooled-chillers-for-outdoor-installation-equipped-with-brushless-oil-free-turbocor-compressors-axial-fans-and-microchannel-condensing-coils\/","og_site_name":"AirRent.ge","article_modified_time":"2025-04-19T20:27:33+00:00","og_image":[{"width":720,"height":616,"url":"https:\/\/airrent.ge\/wp-content\/uploads\/2025\/04\/RAC-MC-HE-Ke-Kh-qgueqh2wirlufqmyp30attjmutxy12wjqkca1p20i8.png","type":"image\/png"}],"twitter_card":"summary_large_image","schema":{"@context":"https:\/\/schema.org","@graph":[{"@type":"WebPage","@id":"https:\/\/airrent.ge\/fr\/produit\/rac-mc-he-ke-kh-rac-mc-he-ke-kh-high-efficiency-air-cooled-chillers-for-outdoor-installation-equipped-with-brushless-oil-free-turbocor-compressors-axial-fans-and-microchannel-condensing-coils\/","url":"https:\/\/airrent.ge\/fr\/produit\/rac-mc-he-ke-kh-rac-mc-he-ke-kh-high-efficiency-air-cooled-chillers-for-outdoor-installation-equipped-with-brushless-oil-free-turbocor-compressors-axial-fans-and-microchannel-condensing-coils\/","name":"RAC MC HE Ke\/Kh Refroidisseurs d'eau \u00e0 condensation par air haute performance pour installation ext\u00e9rieure, \u00e9quip\u00e9s de compresseurs Turbocor sans balais et sans huile, de ventilateurs axiaux et de batteries de condensation \u00e0 microcanaux. - AirRent.ge","isPartOf":{"@id":"https:\/\/airrent.ge\/#website"},"primaryImageOfPage":{"@id":"https:\/\/airrent.ge\/fr\/produit\/rac-mc-he-ke-kh-rac-mc-he-ke-kh-high-efficiency-air-cooled-chillers-for-outdoor-installation-equipped-with-brushless-oil-free-turbocor-compressors-axial-fans-and-microchannel-condensing-coils\/#primaryimage"},"image":{"@id":"https:\/\/airrent.ge\/fr\/produit\/rac-mc-he-ke-kh-rac-mc-he-ke-kh-high-efficiency-air-cooled-chillers-for-outdoor-installation-equipped-with-brushless-oil-free-turbocor-compressors-axial-fans-and-microchannel-condensing-coils\/#primaryimage"},"thumbnailUrl":"https:\/\/airrent.ge\/wp-content\/uploads\/2025\/04\/RAC-MC-HE-Ke-Kh-qgueqh2wirlufqmyp30attjmutxy12wjqkca1p20i8.png","datePublished":"2025-04-19T19:53:36+00:00","dateModified":"2025-04-19T20:27:33+00:00","breadcrumb":{"@id":"https:\/\/airrent.ge\/fr\/produit\/rac-mc-he-ke-kh-rac-mc-he-ke-kh-high-efficiency-air-cooled-chillers-for-outdoor-installation-equipped-with-brushless-oil-free-turbocor-compressors-axial-fans-and-microchannel-condensing-coils\/#breadcrumb"},"inLanguage":"fr-FR","potentialAction":[{"@type":"ReadAction","target":["https:\/\/airrent.ge\/fr\/produit\/rac-mc-he-ke-kh-rac-mc-he-ke-kh-high-efficiency-air-cooled-chillers-for-outdoor-installation-equipped-with-brushless-oil-free-turbocor-compressors-axial-fans-and-microchannel-condensing-coils\/"]}]},{"@type":"ImageObject","inLanguage":"fr-FR","@id":"https:\/\/airrent.ge\/fr\/produit\/rac-mc-he-ke-kh-rac-mc-he-ke-kh-high-efficiency-air-cooled-chillers-for-outdoor-installation-equipped-with-brushless-oil-free-turbocor-compressors-axial-fans-and-microchannel-condensing-coils\/#primaryimage","url":"https:\/\/airrent.ge\/wp-content\/uploads\/2025\/04\/RAC-MC-HE-Ke-Kh-qgueqh2wirlufqmyp30attjmutxy12wjqkca1p20i8.png","contentUrl":"https:\/\/airrent.ge\/wp-content\/uploads\/2025\/04\/RAC-MC-HE-Ke-Kh-qgueqh2wirlufqmyp30attjmutxy12wjqkca1p20i8.png","width":720,"height":616},{"@type":"BreadcrumbList","@id":"https:\/\/airrent.ge\/fr\/produit\/rac-mc-he-ke-kh-rac-mc-he-ke-kh-high-efficiency-air-cooled-chillers-for-outdoor-installation-equipped-with-brushless-oil-free-turbocor-compressors-axial-fans-and-microchannel-condensing-coils\/#breadcrumb","itemListElement":[{"@type":"ListItem","position":1,"name":"Home","item":"https:\/\/airrent.ge\/fr\/home\/"},{"@type":"ListItem","position":2,"name":"Products","item":"https:\/\/airrent.ge\/fr\/products\/"},{"@type":"ListItem","position":3,"name":"RAC MC HE Ke\/Kh Refroidisseurs d&#8217;eau \u00e0 condensation par air haute performance pour installation ext\u00e9rieure, \u00e9quip\u00e9s de compresseurs Turbocor sans balais et sans huile, de ventilateurs axiaux et de batteries de condensation \u00e0 microcanaux."}]},{"@type":"WebSite","@id":"https:\/\/airrent.ge\/#website","url":"https:\/\/airrent.ge\/","name":"airrent.ge","description":"Rental Services","publisher":{"@id":"https:\/\/airrent.ge\/#organization"},"potentialAction":[{"@type":"SearchAction","target":{"@type":"EntryPoint","urlTemplate":"https:\/\/airrent.ge\/?s={search_term_string}"},"query-input":{"@type":"PropertyValueSpecification","valueRequired":true,"valueName":"search_term_string"}}],"inLanguage":"fr-FR"},{"@type":"Organization","@id":"https:\/\/airrent.ge\/#organization","name":"airrent.ge","url":"https:\/\/airrent.ge\/","logo":{"@type":"ImageObject","inLanguage":"fr-FR","@id":"https:\/\/airrent.ge\/#\/schema\/logo\/image\/","url":"https:\/\/airrent.ge\/wp-content\/uploads\/2026\/03\/airrent.png","contentUrl":"https:\/\/airrent.ge\/wp-content\/uploads\/2026\/03\/airrent.png","width":1536,"height":1024,"caption":"airrent.ge"},"image":{"@id":"https:\/\/airrent.ge\/#\/schema\/logo\/image\/"}}]}},"_links":{"self":[{"href":"https:\/\/airrent.ge\/fr\/wp-json\/wp\/v2\/product\/29928","targetHints":{"allow":["GET"]}}],"collection":[{"href":"https:\/\/airrent.ge\/fr\/wp-json\/wp\/v2\/product"}],"about":[{"href":"https:\/\/airrent.ge\/fr\/wp-json\/wp\/v2\/types\/product"}],"wp:featuredmedia":[{"embeddable":true,"href":"https:\/\/airrent.ge\/fr\/wp-json\/wp\/v2\/media\/29923"}],"wp:attachment":[{"href":"https:\/\/airrent.ge\/fr\/wp-json\/wp\/v2\/media?parent=29928"}],"wp:term":[{"taxonomy":"product_brand","embeddable":true,"href":"https:\/\/airrent.ge\/fr\/wp-json\/wp\/v2\/product_brand?post=29928"},{"taxonomy":"product_cat","embeddable":true,"href":"https:\/\/airrent.ge\/fr\/wp-json\/wp\/v2\/product_cat?post=29928"},{"taxonomy":"product_tag","embeddable":true,"href":"https:\/\/airrent.ge\/fr\/wp-json\/wp\/v2\/product_tag?post=29928"}],"curies":[{"name":"wp","href":"https:\/\/api.w.org\/{rel}","templated":true}]}}