{"id":30287,"date":"2025-01-01T22:22:39","date_gmt":"2025-01-01T18:22:39","guid":{"rendered":"https:\/\/airsystems.ge\/shop\/product\/free-cooler-systems-free-cooling-ae-f_pasci-ae-f_pasci-from-1500-m3-h-to-3000-m3-h\/"},"modified":"2025-04-21T21:20:45","modified_gmt":"2025-04-21T17:20:45","slug":"free-cooler-systems-free-cooling-ae-f_pasci-ae-f_pasci-from-1500-m3-h-to-3000-m3-h","status":"publish","type":"product","link":"https:\/\/airrent.ge\/fr\/produit\/free-cooler-systems-free-cooling-ae-f_pasci-ae-f_pasci-from-1500-m3-h-to-3000-m3-h\/","title":{"rendered":"Syst\u00e8mes de free cooling Free Cooling AE F_PASCI AE F_PASCI De 1\u00a0500 m\u00b3\/h \u00e0 3\u00a0000 m\u00b3\/h"},"content":{"rendered":"<div class=\"elementor-element elementor-element-391e72ec elementor-widget elementor-widget-theme-post-content\" data-id=\"391e72ec\" data-element_type=\"widget\" data-widget_type=\"theme-post-content.default\">\n<div class=\"elementor-widget-container\">\n<p><strong>SYST\u00c8ME D&rsquo;INTRODUCTION D&rsquo;AIR<\/strong><br \/>\n\u2022 Caisson free cooling interne avec filtres anti-poussi\u00e8re, ventilateur (centrifuge\/tangentiel) et pressostat diff\u00e9rentiel d&rsquo;air.<br \/>\n\u2022 Tableau \u00e9lectrique \u00ab\u00a0Commande et Contr\u00f4le\u00a0\u00bb comprenant un sectionneur g\u00e9n\u00e9ral, un automate programmable PB13 et un thermostat de temp\u00e9rature maximale.<br \/>\n\u2022 Grille d&rsquo;entr\u00e9e d&rsquo;air ext\u00e9rieure avec protection anti-insectes.<br \/>\n\u2022 Registre de surpression.<br \/>\n\u2022 Grille interne.<br \/>\n\u2022 Pl\u00e9num externe.<\/p>\n<p>Le syst\u00e8me est con\u00e7u pour \u00eatre g\u00e9r\u00e9 par son propre automate programmable afin de g\u00e9rer le cycle de fonctionnement et de d\u00e9tecter les \u00e9ventuelles causes d&rsquo;alarme. Associ\u00e9 \u00e0 un climatiseur Ethra Tech, ce syst\u00e8me peut \u00eatre g\u00e9r\u00e9 par le m\u00eame contr\u00f4leur, sans n\u00e9cessiter d&rsquo;automate programmable d\u00e9di\u00e9.<br \/>\nLa vitesse du ventilateur est r\u00e9gl\u00e9e par un signal \u00ab\u00a0PROPORTIONNEL\u00a0\u00bb (0-10\u00a0V).<br \/>\nCe syst\u00e8me peut \u00e9galement servir de syst\u00e8me d&rsquo;urgence pour refroidir la pi\u00e8ce gr\u00e2ce \u00e0 un r\u00e9gulateur \u00e9lectrom\u00e9canique (thermostat) qui alimente le ventilateur de mani\u00e8re ind\u00e9pendante et s\u00e9par\u00e9e lorsque la temp\u00e9rature d\u00e9tect\u00e9e d\u00e9passe les valeurs pr\u00e9d\u00e9finies.<\/p>\n<p><strong>Caract\u00e9ristiques techniques<\/strong><br \/>\n\u2022 Panneaux ext\u00e9rieurs peints \u00e0 la poudre \u00e9poxy<br \/>\n\u2022 Tr\u00e8s l\u00e9ger<br \/>\n\u2022 Installation facile<br \/>\n\u2022 Acc\u00e8s facile pour l&rsquo;entretien et la maintenance<br \/>\n\u2022 Faible niveau sonore<\/p>\n<\/div>\n<\/div>\n<div class=\"elementor-element elementor-element-427e8a79 e-flex e-con-boxed e-con e-child\" data-id=\"427e8a79\" data-element_type=\"container\">\n<div class=\"e-con-inner\">\n<div class=\"elementor-element elementor-element-6e19ed90 hidebutton mc-bl elementor-align-left elementor-widget elementor-widget-button\" data-id=\"6e19ed90\" data-element_type=\"widget\" data-widget_type=\"button.default\">\n<div class=\"elementor-widget-container\">\n<div class=\"elementor-button-wrapper\"><a class=\"elementor-button elementor-button-link elementor-size-sm\" href=\"https:\/\/www.enextechnologies.com\/wp-content\/uploads\/2024\/08\/B_AE3000F_PASCI-en-rev.2-1.pdf\" target=\"_blank\" rel=\"noopener\"><span class=\"elementor-button-content-wrapper\"><span class=\"elementor-button-text\">BROCHURE<\/span><\/span><\/a><\/div>\n<\/div>\n<\/div>\n<\/div>\n<\/div>\n","protected":false},"excerpt":{"rendered":"<p>De 1\u00a0500 m\u00b3\/h \u00e0 3\u00a0000 m\u00b3\/h<\/p>\n<p>Le syst\u00e8me free cooling assure un renouvellement d&rsquo;air continu, principalement pour le transfert de la chaleur g\u00e9n\u00e9r\u00e9e par l&rsquo;\u00e9quipement vers l&rsquo;ext\u00e9rieur (pour la dissipation).<br \/>\nSolution con\u00e7ue pour des \u00e9conomies d&rsquo;\u00e9nergie importantes, m\u00eame sur les sites o\u00f9 des climatiseurs sans free cooling \u00e9taient auparavant install\u00e9s.<\/p>\n","protected":false},"featured_media":33553,"template":"","meta":[],"product_brand":[],"product_cat":[682,1301],"product_tag":[],"class_list":{"0":"post-30287","1":"product","2":"type-product","3":"status-publish","4":"has-post-thumbnail","6":"product_cat-climatiseurs-fr-industriels","7":"product_cat-free-cooling-refroidissement-fr","9":"first","10":"instock","11":"shipping-taxable","12":"product-type-simple"},"yoast_head":"<!-- This site is optimized with the Yoast SEO plugin v27.1.1 - https:\/\/yoast.com\/product\/yoast-seo-wordpress\/ -->\n<title>Syst\u00e8mes de free cooling Free Cooling AE F_PASCI AE F_PASCI De 1\u00a0500 m\u00b3\/h \u00e0 3\u00a0000 m\u00b3\/h - AirRent.ge<\/title>\n<meta name=\"robots\" content=\"index, follow, max-snippet:-1, max-image-preview:large, max-video-preview:-1\" \/>\n<link rel=\"canonical\" href=\"https:\/\/airrent.ge\/fr\/produit\/free-cooler-systems-free-cooling-ae-f_pasci-ae-f_pasci-from-1500-m3-h-to-3000-m3-h\/\" \/>\n<meta property=\"og:locale\" content=\"fr_FR\" \/>\n<meta property=\"og:type\" content=\"article\" \/>\n<meta property=\"og:title\" content=\"Syst\u00e8mes de free cooling Free Cooling AE F_PASCI AE F_PASCI De 1\u00a0500 m\u00b3\/h \u00e0 3\u00a0000 m\u00b3\/h - AirRent.ge\" \/>\n<meta property=\"og:description\" content=\"De 1\u00a0500 m\u00b3\/h \u00e0 3\u00a0000 m\u00b3\/h  Le syst\u00e8me free cooling assure un renouvellement d&#039;air continu, principalement pour le transfert de la chaleur g\u00e9n\u00e9r\u00e9e par l&#039;\u00e9quipement vers l&#039;ext\u00e9rieur (pour la dissipation). Solution con\u00e7ue pour des \u00e9conomies d&#039;\u00e9nergie importantes, m\u00eame sur les sites o\u00f9 des climatiseurs sans free cooling \u00e9taient auparavant install\u00e9s.\" \/>\n<meta property=\"og:url\" content=\"https:\/\/airrent.ge\/fr\/produit\/free-cooler-systems-free-cooling-ae-f_pasci-ae-f_pasci-from-1500-m3-h-to-3000-m3-h\/\" \/>\n<meta property=\"og:site_name\" content=\"AirRent.ge\" \/>\n<meta property=\"article:modified_time\" content=\"2025-04-21T17:20:45+00:00\" \/>\n<meta property=\"og:image\" content=\"https:\/\/airrent.ge\/wp-content\/uploads\/2025\/01\/sistemi-free-cooling-serie-PASCI.png\" \/>\n\t<meta property=\"og:image:width\" content=\"2560\" \/>\n\t<meta property=\"og:image:height\" content=\"1920\" \/>\n\t<meta property=\"og:image:type\" content=\"image\/png\" \/>\n<meta name=\"twitter:card\" content=\"summary_large_image\" \/>\n<meta name=\"twitter:label1\" content=\"Dur\u00e9e de lecture estim\u00e9e\" \/>\n\t<meta name=\"twitter:data1\" content=\"1 minute\" \/>\n<script type=\"application\/ld+json\" class=\"yoast-schema-graph\">{\"@context\":\"https:\/\/schema.org\",\"@graph\":[{\"@type\":\"WebPage\",\"@id\":\"https:\/\/airrent.ge\/fr\/produit\/free-cooler-systems-free-cooling-ae-f_pasci-ae-f_pasci-from-1500-m3-h-to-3000-m3-h\/\",\"url\":\"https:\/\/airrent.ge\/fr\/produit\/free-cooler-systems-free-cooling-ae-f_pasci-ae-f_pasci-from-1500-m3-h-to-3000-m3-h\/\",\"name\":\"Syst\u00e8mes de free cooling Free Cooling AE F_PASCI AE F_PASCI De 1\u00a0500 m\u00b3\/h \u00e0 3\u00a0000 m\u00b3\/h - AirRent.ge\",\"isPartOf\":{\"@id\":\"https:\/\/airrent.ge\/#website\"},\"primaryImageOfPage\":{\"@id\":\"https:\/\/airrent.ge\/fr\/produit\/free-cooler-systems-free-cooling-ae-f_pasci-ae-f_pasci-from-1500-m3-h-to-3000-m3-h\/#primaryimage\"},\"image\":{\"@id\":\"https:\/\/airrent.ge\/fr\/produit\/free-cooler-systems-free-cooling-ae-f_pasci-ae-f_pasci-from-1500-m3-h-to-3000-m3-h\/#primaryimage\"},\"thumbnailUrl\":\"https:\/\/airrent.ge\/wp-content\/uploads\/2025\/01\/sistemi-free-cooling-serie-PASCI.png\",\"datePublished\":\"2025-01-01T18:22:39+00:00\",\"dateModified\":\"2025-04-21T17:20:45+00:00\",\"breadcrumb\":{\"@id\":\"https:\/\/airrent.ge\/fr\/produit\/free-cooler-systems-free-cooling-ae-f_pasci-ae-f_pasci-from-1500-m3-h-to-3000-m3-h\/#breadcrumb\"},\"inLanguage\":\"fr-FR\",\"potentialAction\":[{\"@type\":\"ReadAction\",\"target\":[\"https:\/\/airrent.ge\/fr\/produit\/free-cooler-systems-free-cooling-ae-f_pasci-ae-f_pasci-from-1500-m3-h-to-3000-m3-h\/\"]}]},{\"@type\":\"ImageObject\",\"inLanguage\":\"fr-FR\",\"@id\":\"https:\/\/airrent.ge\/fr\/produit\/free-cooler-systems-free-cooling-ae-f_pasci-ae-f_pasci-from-1500-m3-h-to-3000-m3-h\/#primaryimage\",\"url\":\"https:\/\/airrent.ge\/wp-content\/uploads\/2025\/01\/sistemi-free-cooling-serie-PASCI.png\",\"contentUrl\":\"https:\/\/airrent.ge\/wp-content\/uploads\/2025\/01\/sistemi-free-cooling-serie-PASCI.png\",\"width\":2560,\"height\":1920},{\"@type\":\"BreadcrumbList\",\"@id\":\"https:\/\/airrent.ge\/fr\/produit\/free-cooler-systems-free-cooling-ae-f_pasci-ae-f_pasci-from-1500-m3-h-to-3000-m3-h\/#breadcrumb\",\"itemListElement\":[{\"@type\":\"ListItem\",\"position\":1,\"name\":\"Home\",\"item\":\"https:\/\/airrent.ge\/fr\/home\/\"},{\"@type\":\"ListItem\",\"position\":2,\"name\":\"Products\",\"item\":\"https:\/\/airrent.ge\/fr\/products\/\"},{\"@type\":\"ListItem\",\"position\":3,\"name\":\"Syst\u00e8mes de free cooling Free Cooling AE F_PASCI AE F_PASCI De 1\u00a0500 m\u00b3\/h \u00e0 3\u00a0000 m\u00b3\/h\"}]},{\"@type\":\"WebSite\",\"@id\":\"https:\/\/airrent.ge\/#website\",\"url\":\"https:\/\/airrent.ge\/\",\"name\":\"airrent.ge\",\"description\":\"Rental Services\",\"publisher\":{\"@id\":\"https:\/\/airrent.ge\/#organization\"},\"potentialAction\":[{\"@type\":\"SearchAction\",\"target\":{\"@type\":\"EntryPoint\",\"urlTemplate\":\"https:\/\/airrent.ge\/?s={search_term_string}\"},\"query-input\":{\"@type\":\"PropertyValueSpecification\",\"valueRequired\":true,\"valueName\":\"search_term_string\"}}],\"inLanguage\":\"fr-FR\"},{\"@type\":\"Organization\",\"@id\":\"https:\/\/airrent.ge\/#organization\",\"name\":\"airrent.ge\",\"url\":\"https:\/\/airrent.ge\/\",\"logo\":{\"@type\":\"ImageObject\",\"inLanguage\":\"fr-FR\",\"@id\":\"https:\/\/airrent.ge\/#\/schema\/logo\/image\/\",\"url\":\"https:\/\/airrent.ge\/wp-content\/uploads\/2026\/03\/airrent.png\",\"contentUrl\":\"https:\/\/airrent.ge\/wp-content\/uploads\/2026\/03\/airrent.png\",\"width\":1536,\"height\":1024,\"caption\":\"airrent.ge\"},\"image\":{\"@id\":\"https:\/\/airrent.ge\/#\/schema\/logo\/image\/\"}}]}<\/script>\n<!-- \/ Yoast SEO plugin. -->","yoast_head_json":{"title":"Syst\u00e8mes de free cooling Free Cooling AE F_PASCI AE F_PASCI De 1\u00a0500 m\u00b3\/h \u00e0 3\u00a0000 m\u00b3\/h - AirRent.ge","robots":{"index":"index","follow":"follow","max-snippet":"max-snippet:-1","max-image-preview":"max-image-preview:large","max-video-preview":"max-video-preview:-1"},"canonical":"https:\/\/airrent.ge\/fr\/produit\/free-cooler-systems-free-cooling-ae-f_pasci-ae-f_pasci-from-1500-m3-h-to-3000-m3-h\/","og_locale":"fr_FR","og_type":"article","og_title":"Syst\u00e8mes de free cooling Free Cooling AE F_PASCI AE F_PASCI De 1\u00a0500 m\u00b3\/h \u00e0 3\u00a0000 m\u00b3\/h - AirRent.ge","og_description":"De 1\u00a0500 m\u00b3\/h \u00e0 3\u00a0000 m\u00b3\/h  Le syst\u00e8me free cooling assure un renouvellement d'air continu, principalement pour le transfert de la chaleur g\u00e9n\u00e9r\u00e9e par l'\u00e9quipement vers l'ext\u00e9rieur (pour la dissipation). Solution con\u00e7ue pour des \u00e9conomies d'\u00e9nergie importantes, m\u00eame sur les sites o\u00f9 des climatiseurs sans free cooling \u00e9taient auparavant install\u00e9s.","og_url":"https:\/\/airrent.ge\/fr\/produit\/free-cooler-systems-free-cooling-ae-f_pasci-ae-f_pasci-from-1500-m3-h-to-3000-m3-h\/","og_site_name":"AirRent.ge","article_modified_time":"2025-04-21T17:20:45+00:00","og_image":[{"width":2560,"height":1920,"url":"https:\/\/airrent.ge\/wp-content\/uploads\/2025\/01\/sistemi-free-cooling-serie-PASCI.png","type":"image\/png"}],"twitter_card":"summary_large_image","twitter_misc":{"Dur\u00e9e de lecture estim\u00e9e":"1 minute"},"schema":{"@context":"https:\/\/schema.org","@graph":[{"@type":"WebPage","@id":"https:\/\/airrent.ge\/fr\/produit\/free-cooler-systems-free-cooling-ae-f_pasci-ae-f_pasci-from-1500-m3-h-to-3000-m3-h\/","url":"https:\/\/airrent.ge\/fr\/produit\/free-cooler-systems-free-cooling-ae-f_pasci-ae-f_pasci-from-1500-m3-h-to-3000-m3-h\/","name":"Syst\u00e8mes de free cooling Free Cooling AE F_PASCI AE F_PASCI De 1\u00a0500 m\u00b3\/h \u00e0 3\u00a0000 m\u00b3\/h - AirRent.ge","isPartOf":{"@id":"https:\/\/airrent.ge\/#website"},"primaryImageOfPage":{"@id":"https:\/\/airrent.ge\/fr\/produit\/free-cooler-systems-free-cooling-ae-f_pasci-ae-f_pasci-from-1500-m3-h-to-3000-m3-h\/#primaryimage"},"image":{"@id":"https:\/\/airrent.ge\/fr\/produit\/free-cooler-systems-free-cooling-ae-f_pasci-ae-f_pasci-from-1500-m3-h-to-3000-m3-h\/#primaryimage"},"thumbnailUrl":"https:\/\/airrent.ge\/wp-content\/uploads\/2025\/01\/sistemi-free-cooling-serie-PASCI.png","datePublished":"2025-01-01T18:22:39+00:00","dateModified":"2025-04-21T17:20:45+00:00","breadcrumb":{"@id":"https:\/\/airrent.ge\/fr\/produit\/free-cooler-systems-free-cooling-ae-f_pasci-ae-f_pasci-from-1500-m3-h-to-3000-m3-h\/#breadcrumb"},"inLanguage":"fr-FR","potentialAction":[{"@type":"ReadAction","target":["https:\/\/airrent.ge\/fr\/produit\/free-cooler-systems-free-cooling-ae-f_pasci-ae-f_pasci-from-1500-m3-h-to-3000-m3-h\/"]}]},{"@type":"ImageObject","inLanguage":"fr-FR","@id":"https:\/\/airrent.ge\/fr\/produit\/free-cooler-systems-free-cooling-ae-f_pasci-ae-f_pasci-from-1500-m3-h-to-3000-m3-h\/#primaryimage","url":"https:\/\/airrent.ge\/wp-content\/uploads\/2025\/01\/sistemi-free-cooling-serie-PASCI.png","contentUrl":"https:\/\/airrent.ge\/wp-content\/uploads\/2025\/01\/sistemi-free-cooling-serie-PASCI.png","width":2560,"height":1920},{"@type":"BreadcrumbList","@id":"https:\/\/airrent.ge\/fr\/produit\/free-cooler-systems-free-cooling-ae-f_pasci-ae-f_pasci-from-1500-m3-h-to-3000-m3-h\/#breadcrumb","itemListElement":[{"@type":"ListItem","position":1,"name":"Home","item":"https:\/\/airrent.ge\/fr\/home\/"},{"@type":"ListItem","position":2,"name":"Products","item":"https:\/\/airrent.ge\/fr\/products\/"},{"@type":"ListItem","position":3,"name":"Syst\u00e8mes de free cooling Free Cooling AE F_PASCI AE F_PASCI De 1\u00a0500 m\u00b3\/h \u00e0 3\u00a0000 m\u00b3\/h"}]},{"@type":"WebSite","@id":"https:\/\/airrent.ge\/#website","url":"https:\/\/airrent.ge\/","name":"airrent.ge","description":"Rental Services","publisher":{"@id":"https:\/\/airrent.ge\/#organization"},"potentialAction":[{"@type":"SearchAction","target":{"@type":"EntryPoint","urlTemplate":"https:\/\/airrent.ge\/?s={search_term_string}"},"query-input":{"@type":"PropertyValueSpecification","valueRequired":true,"valueName":"search_term_string"}}],"inLanguage":"fr-FR"},{"@type":"Organization","@id":"https:\/\/airrent.ge\/#organization","name":"airrent.ge","url":"https:\/\/airrent.ge\/","logo":{"@type":"ImageObject","inLanguage":"fr-FR","@id":"https:\/\/airrent.ge\/#\/schema\/logo\/image\/","url":"https:\/\/airrent.ge\/wp-content\/uploads\/2026\/03\/airrent.png","contentUrl":"https:\/\/airrent.ge\/wp-content\/uploads\/2026\/03\/airrent.png","width":1536,"height":1024,"caption":"airrent.ge"},"image":{"@id":"https:\/\/airrent.ge\/#\/schema\/logo\/image\/"}}]}},"_links":{"self":[{"href":"https:\/\/airrent.ge\/fr\/wp-json\/wp\/v2\/product\/30287","targetHints":{"allow":["GET"]}}],"collection":[{"href":"https:\/\/airrent.ge\/fr\/wp-json\/wp\/v2\/product"}],"about":[{"href":"https:\/\/airrent.ge\/fr\/wp-json\/wp\/v2\/types\/product"}],"wp:featuredmedia":[{"embeddable":true,"href":"https:\/\/airrent.ge\/fr\/wp-json\/wp\/v2\/media\/33553"}],"wp:attachment":[{"href":"https:\/\/airrent.ge\/fr\/wp-json\/wp\/v2\/media?parent=30287"}],"wp:term":[{"taxonomy":"product_brand","embeddable":true,"href":"https:\/\/airrent.ge\/fr\/wp-json\/wp\/v2\/product_brand?post=30287"},{"taxonomy":"product_cat","embeddable":true,"href":"https:\/\/airrent.ge\/fr\/wp-json\/wp\/v2\/product_cat?post=30287"},{"taxonomy":"product_tag","embeddable":true,"href":"https:\/\/airrent.ge\/fr\/wp-json\/wp\/v2\/product_tag?post=30287"}],"curies":[{"name":"wp","href":"https:\/\/api.w.org\/{rel}","templated":true}]}}