{"id":30407,"date":"2025-01-01T22:02:29","date_gmt":"2025-01-01T18:02:29","guid":{"rendered":"https:\/\/airsystems.ge\/shop\/product\/steam-coils\/"},"modified":"2025-06-07T16:08:58","modified_gmt":"2025-06-07T12:08:58","slug":"steam-coils","status":"publish","type":"product","link":"https:\/\/airrent.ge\/fr\/produit\/steam-coils\/","title":{"rendered":"Batteries \u00e0 vapeur Spirales Nichrome-FeCrAl"},"content":{"rendered":"<p>Caract\u00e9ristiques principales\u00a0:<\/p>\n<p>Compatible avec la vapeur, la vapeur de surchauffe et la vapeur de surpression<br \/>\nPersonnalisation \u00e0 360\u00b0<br \/>\n2 g\u00e9om\u00e9tries disponibles pour r\u00e9pondre \u00e0 tous les besoins de performance avec des tubes en inox (304L et 316L)<br \/>\n2 tubes disponibles en diff\u00e9rents diam\u00e8tres et \u00e9paisseurs<br \/>\n4 mat\u00e9riaux d&rsquo;ailettes disponibles pour r\u00e9pondre \u00e0 tous les besoins thermodynamiques et de dur\u00e9e de vie du produit<br \/>\nDisponibilit\u00e9 d&rsquo;ailettes \u00e0 haut rendement pour optimiser les \u00e9changes thermiques tout en conservant un encombrement r\u00e9duit de l&rsquo;\u00e9changeur<br \/>\nDiff\u00e9rents mat\u00e9riaux disponibles pour le cadre, notamment l&rsquo;acier galvanis\u00e9, l&rsquo;aluminium, l&rsquo;inox et le cuivre.<\/p>\n","protected":false},"excerpt":{"rendered":"<p>Les batteries \u00e0 vapeur MORGANA (ou HX) sont utilis\u00e9es pour les applications de chauffage et peuvent \u00e9galement \u00eatre int\u00e9gr\u00e9es aux centrales de traitement d&rsquo;air.<\/p>\n","protected":false},"featured_media":30402,"template":"","meta":[],"product_brand":[],"product_cat":[682,1313],"product_tag":[],"class_list":{"0":"post-30407","1":"product","2":"type-product","3":"status-publish","4":"has-post-thumbnail","6":"product_cat-climatiseurs-fr-industriels","7":"product_cat-spirales-nichrome-fecral-fr","9":"first","10":"instock","11":"shipping-taxable","12":"product-type-simple"},"yoast_head":"<!-- This site is optimized with the Yoast SEO plugin v27.1.1 - https:\/\/yoast.com\/product\/yoast-seo-wordpress\/ -->\n<title>Batteries \u00e0 vapeur Spirales Nichrome-FeCrAl - AirRent.ge<\/title>\n<meta name=\"robots\" content=\"index, follow, max-snippet:-1, max-image-preview:large, max-video-preview:-1\" \/>\n<link rel=\"canonical\" href=\"https:\/\/airrent.ge\/fr\/produit\/steam-coils\/\" \/>\n<meta property=\"og:locale\" content=\"fr_FR\" \/>\n<meta property=\"og:type\" content=\"article\" \/>\n<meta property=\"og:title\" content=\"Batteries \u00e0 vapeur Spirales Nichrome-FeCrAl - AirRent.ge\" \/>\n<meta property=\"og:description\" content=\"Les batteries \u00e0 vapeur MORGANA (ou HX) sont utilis\u00e9es pour les applications de chauffage et peuvent \u00e9galement \u00eatre int\u00e9gr\u00e9es aux centrales de traitement d&#039;air.\" \/>\n<meta property=\"og:url\" content=\"https:\/\/airrent.ge\/fr\/produit\/steam-coils\/\" \/>\n<meta property=\"og:site_name\" content=\"AirRent.ge\" \/>\n<meta property=\"article:modified_time\" content=\"2025-06-07T12:08:58+00:00\" \/>\n<meta property=\"og:image\" content=\"https:\/\/airrent.ge\/wp-content\/uploads\/2025\/04\/steam_coils-q9skjgf4qiihjy0uur8z3g8oc8p5kfv570jcunru2o.png\" \/>\n\t<meta property=\"og:image:width\" content=\"453\" \/>\n\t<meta property=\"og:image:height\" content=\"500\" \/>\n\t<meta property=\"og:image:type\" content=\"image\/png\" \/>\n<meta name=\"twitter:card\" content=\"summary_large_image\" \/>\n<meta name=\"twitter:label1\" content=\"Dur\u00e9e de lecture estim\u00e9e\" \/>\n\t<meta name=\"twitter:data1\" content=\"1 minute\" \/>\n<script type=\"application\/ld+json\" class=\"yoast-schema-graph\">{\"@context\":\"https:\/\/schema.org\",\"@graph\":[{\"@type\":\"WebPage\",\"@id\":\"https:\/\/airrent.ge\/fr\/produit\/steam-coils\/\",\"url\":\"https:\/\/airrent.ge\/fr\/produit\/steam-coils\/\",\"name\":\"Batteries \u00e0 vapeur Spirales Nichrome-FeCrAl - AirRent.ge\",\"isPartOf\":{\"@id\":\"https:\/\/airrent.ge\/#website\"},\"primaryImageOfPage\":{\"@id\":\"https:\/\/airrent.ge\/fr\/produit\/steam-coils\/#primaryimage\"},\"image\":{\"@id\":\"https:\/\/airrent.ge\/fr\/produit\/steam-coils\/#primaryimage\"},\"thumbnailUrl\":\"https:\/\/airrent.ge\/wp-content\/uploads\/2025\/04\/steam_coils-q9skjgf4qiihjy0uur8z3g8oc8p5kfv570jcunru2o.png\",\"datePublished\":\"2025-01-01T18:02:29+00:00\",\"dateModified\":\"2025-06-07T12:08:58+00:00\",\"breadcrumb\":{\"@id\":\"https:\/\/airrent.ge\/fr\/produit\/steam-coils\/#breadcrumb\"},\"inLanguage\":\"fr-FR\",\"potentialAction\":[{\"@type\":\"ReadAction\",\"target\":[\"https:\/\/airrent.ge\/fr\/produit\/steam-coils\/\"]}]},{\"@type\":\"ImageObject\",\"inLanguage\":\"fr-FR\",\"@id\":\"https:\/\/airrent.ge\/fr\/produit\/steam-coils\/#primaryimage\",\"url\":\"https:\/\/airrent.ge\/wp-content\/uploads\/2025\/04\/steam_coils-q9skjgf4qiihjy0uur8z3g8oc8p5kfv570jcunru2o.png\",\"contentUrl\":\"https:\/\/airrent.ge\/wp-content\/uploads\/2025\/04\/steam_coils-q9skjgf4qiihjy0uur8z3g8oc8p5kfv570jcunru2o.png\",\"width\":453,\"height\":500},{\"@type\":\"BreadcrumbList\",\"@id\":\"https:\/\/airrent.ge\/fr\/produit\/steam-coils\/#breadcrumb\",\"itemListElement\":[{\"@type\":\"ListItem\",\"position\":1,\"name\":\"Home\",\"item\":\"https:\/\/airrent.ge\/fr\/home\/\"},{\"@type\":\"ListItem\",\"position\":2,\"name\":\"Products\",\"item\":\"https:\/\/airrent.ge\/fr\/products\/\"},{\"@type\":\"ListItem\",\"position\":3,\"name\":\"Batteries \u00e0 vapeur Spirales Nichrome-FeCrAl\"}]},{\"@type\":\"WebSite\",\"@id\":\"https:\/\/airrent.ge\/#website\",\"url\":\"https:\/\/airrent.ge\/\",\"name\":\"airrent.ge\",\"description\":\"Rental Services\",\"publisher\":{\"@id\":\"https:\/\/airrent.ge\/#organization\"},\"potentialAction\":[{\"@type\":\"SearchAction\",\"target\":{\"@type\":\"EntryPoint\",\"urlTemplate\":\"https:\/\/airrent.ge\/?s={search_term_string}\"},\"query-input\":{\"@type\":\"PropertyValueSpecification\",\"valueRequired\":true,\"valueName\":\"search_term_string\"}}],\"inLanguage\":\"fr-FR\"},{\"@type\":\"Organization\",\"@id\":\"https:\/\/airrent.ge\/#organization\",\"name\":\"airrent.ge\",\"url\":\"https:\/\/airrent.ge\/\",\"logo\":{\"@type\":\"ImageObject\",\"inLanguage\":\"fr-FR\",\"@id\":\"https:\/\/airrent.ge\/#\/schema\/logo\/image\/\",\"url\":\"https:\/\/airrent.ge\/wp-content\/uploads\/2026\/03\/airrent.png\",\"contentUrl\":\"https:\/\/airrent.ge\/wp-content\/uploads\/2026\/03\/airrent.png\",\"width\":1536,\"height\":1024,\"caption\":\"airrent.ge\"},\"image\":{\"@id\":\"https:\/\/airrent.ge\/#\/schema\/logo\/image\/\"}}]}<\/script>\n<!-- \/ Yoast SEO plugin. -->","yoast_head_json":{"title":"Batteries \u00e0 vapeur Spirales Nichrome-FeCrAl - AirRent.ge","robots":{"index":"index","follow":"follow","max-snippet":"max-snippet:-1","max-image-preview":"max-image-preview:large","max-video-preview":"max-video-preview:-1"},"canonical":"https:\/\/airrent.ge\/fr\/produit\/steam-coils\/","og_locale":"fr_FR","og_type":"article","og_title":"Batteries \u00e0 vapeur Spirales Nichrome-FeCrAl - AirRent.ge","og_description":"Les batteries \u00e0 vapeur MORGANA (ou HX) sont utilis\u00e9es pour les applications de chauffage et peuvent \u00e9galement \u00eatre int\u00e9gr\u00e9es aux centrales de traitement d'air.","og_url":"https:\/\/airrent.ge\/fr\/produit\/steam-coils\/","og_site_name":"AirRent.ge","article_modified_time":"2025-06-07T12:08:58+00:00","og_image":[{"width":453,"height":500,"url":"https:\/\/airrent.ge\/wp-content\/uploads\/2025\/04\/steam_coils-q9skjgf4qiihjy0uur8z3g8oc8p5kfv570jcunru2o.png","type":"image\/png"}],"twitter_card":"summary_large_image","twitter_misc":{"Dur\u00e9e de lecture estim\u00e9e":"1 minute"},"schema":{"@context":"https:\/\/schema.org","@graph":[{"@type":"WebPage","@id":"https:\/\/airrent.ge\/fr\/produit\/steam-coils\/","url":"https:\/\/airrent.ge\/fr\/produit\/steam-coils\/","name":"Batteries \u00e0 vapeur Spirales Nichrome-FeCrAl - AirRent.ge","isPartOf":{"@id":"https:\/\/airrent.ge\/#website"},"primaryImageOfPage":{"@id":"https:\/\/airrent.ge\/fr\/produit\/steam-coils\/#primaryimage"},"image":{"@id":"https:\/\/airrent.ge\/fr\/produit\/steam-coils\/#primaryimage"},"thumbnailUrl":"https:\/\/airrent.ge\/wp-content\/uploads\/2025\/04\/steam_coils-q9skjgf4qiihjy0uur8z3g8oc8p5kfv570jcunru2o.png","datePublished":"2025-01-01T18:02:29+00:00","dateModified":"2025-06-07T12:08:58+00:00","breadcrumb":{"@id":"https:\/\/airrent.ge\/fr\/produit\/steam-coils\/#breadcrumb"},"inLanguage":"fr-FR","potentialAction":[{"@type":"ReadAction","target":["https:\/\/airrent.ge\/fr\/produit\/steam-coils\/"]}]},{"@type":"ImageObject","inLanguage":"fr-FR","@id":"https:\/\/airrent.ge\/fr\/produit\/steam-coils\/#primaryimage","url":"https:\/\/airrent.ge\/wp-content\/uploads\/2025\/04\/steam_coils-q9skjgf4qiihjy0uur8z3g8oc8p5kfv570jcunru2o.png","contentUrl":"https:\/\/airrent.ge\/wp-content\/uploads\/2025\/04\/steam_coils-q9skjgf4qiihjy0uur8z3g8oc8p5kfv570jcunru2o.png","width":453,"height":500},{"@type":"BreadcrumbList","@id":"https:\/\/airrent.ge\/fr\/produit\/steam-coils\/#breadcrumb","itemListElement":[{"@type":"ListItem","position":1,"name":"Home","item":"https:\/\/airrent.ge\/fr\/home\/"},{"@type":"ListItem","position":2,"name":"Products","item":"https:\/\/airrent.ge\/fr\/products\/"},{"@type":"ListItem","position":3,"name":"Batteries \u00e0 vapeur Spirales Nichrome-FeCrAl"}]},{"@type":"WebSite","@id":"https:\/\/airrent.ge\/#website","url":"https:\/\/airrent.ge\/","name":"airrent.ge","description":"Rental Services","publisher":{"@id":"https:\/\/airrent.ge\/#organization"},"potentialAction":[{"@type":"SearchAction","target":{"@type":"EntryPoint","urlTemplate":"https:\/\/airrent.ge\/?s={search_term_string}"},"query-input":{"@type":"PropertyValueSpecification","valueRequired":true,"valueName":"search_term_string"}}],"inLanguage":"fr-FR"},{"@type":"Organization","@id":"https:\/\/airrent.ge\/#organization","name":"airrent.ge","url":"https:\/\/airrent.ge\/","logo":{"@type":"ImageObject","inLanguage":"fr-FR","@id":"https:\/\/airrent.ge\/#\/schema\/logo\/image\/","url":"https:\/\/airrent.ge\/wp-content\/uploads\/2026\/03\/airrent.png","contentUrl":"https:\/\/airrent.ge\/wp-content\/uploads\/2026\/03\/airrent.png","width":1536,"height":1024,"caption":"airrent.ge"},"image":{"@id":"https:\/\/airrent.ge\/#\/schema\/logo\/image\/"}}]}},"_links":{"self":[{"href":"https:\/\/airrent.ge\/fr\/wp-json\/wp\/v2\/product\/30407","targetHints":{"allow":["GET"]}}],"collection":[{"href":"https:\/\/airrent.ge\/fr\/wp-json\/wp\/v2\/product"}],"about":[{"href":"https:\/\/airrent.ge\/fr\/wp-json\/wp\/v2\/types\/product"}],"wp:featuredmedia":[{"embeddable":true,"href":"https:\/\/airrent.ge\/fr\/wp-json\/wp\/v2\/media\/30402"}],"wp:attachment":[{"href":"https:\/\/airrent.ge\/fr\/wp-json\/wp\/v2\/media?parent=30407"}],"wp:term":[{"taxonomy":"product_brand","embeddable":true,"href":"https:\/\/airrent.ge\/fr\/wp-json\/wp\/v2\/product_brand?post=30407"},{"taxonomy":"product_cat","embeddable":true,"href":"https:\/\/airrent.ge\/fr\/wp-json\/wp\/v2\/product_cat?post=30407"},{"taxonomy":"product_tag","embeddable":true,"href":"https:\/\/airrent.ge\/fr\/wp-json\/wp\/v2\/product_tag?post=30407"}],"curies":[{"name":"wp","href":"https:\/\/api.w.org\/{rel}","templated":true}]}}