{"id":30484,"date":"2025-04-30T23:12:30","date_gmt":"2025-04-30T19:12:30","guid":{"rendered":"https:\/\/airsystems.ge\/shop\/product\/wind-ressource-assessment\/"},"modified":"2025-05-01T16:27:34","modified_gmt":"2025-05-01T12:27:34","slug":"wind-ressource-assessment","status":"publish","type":"product","link":"https:\/\/airrent.ge\/fr\/produit\/wind-ressource-assessment\/","title":{"rendered":"Wind Ressource Assessment"},"content":{"rendered":"<h3>Composants de la mesure du vent pour l&rsquo;\u00e9valuation des ressources \u00e9oliennes<\/h3>\n<p>Enregistreurs de <a href=\"https:\/\/www.ammonit.com\/en\/products\/data-loggers\/\">donn\u00e9es<\/a> pour l&rsquo;enregistrement et le calcul des donn\u00e9es \u00e9oliennes<\/p>\n<ul>\n<li style=\"list-style-type: none;\">\n<ul>\n<li style=\"list-style-type: none;\">\n<ul>\n<li><a href=\"https:\/\/www.ammonit.com\/en\/products\/wind-sensors\/anemometers\/\">An\u00e9mom\u00e8tres<\/a> pour la mesure de la vitesse du vent<\/li>\n<li><a href=\"https:\/\/www.ammonit.com\/en\/products\/wind-sensors\/wind-vanes\/\">Girouettes<\/a> pour la d\u00e9termination de la direction du vent<\/li>\n<li><a href=\"https:\/\/www.ammonit.com\/en\/products\/wind-sensors\/temperature-humidity-sensors\/\">Capteurs de temp\u00e9rature et d&rsquo;humidit\u00e9<\/a> et capteurs de pression atmosph\u00e9rique pour la mesure de la <a href=\"https:\/\/www.ammonit.com\/en\/products\/wind-sensors\/air-pressure-sensors\/\">densit\u00e9 de l&rsquo;air<\/a><\/li>\n<li><a href=\"https:\/\/www.ammonit.com\/en\/products\/remote-sensing\/\">devices Syst\u00e8mes de t\u00e9l\u00e9d\u00e9tection<\/a> &#8211; <a href=\"https:\/\/www.ammonit.com\/products\/remote-sensing\/product-details\/meteolaser_lidar\/\">LiDAR<\/a><\/li>\n<li><a href=\"https:\/\/www.ammonit.com\/en\/products\/data-logger-accessories\/communication-systems\/\">Syst\u00e8mes de communication pour le transfert des donn\u00e9es de mesure<\/a>\n<ul>\n<li><a href=\"https:\/\/www.ammonit.com\/en\/products\/data-logger-accessories\/power-supply\/\" target=\"_blank\" rel=\"noopener\">Power supply systems<\/a><\/li>\n<\/ul>\n<\/li>\n<\/ul>\n<\/li>\n<\/ul>\n<\/li>\n<\/ul>\n<h3>Normes et directives<\/h3>\n<ul>\n<li><a href=\"https:\/\/www.ammonit.com\/en\/customer-support\/knowledge\/standards-and-guidelines\/iec-61400-12-12017\/\" target=\"_blank\" rel=\"noopener\">IEC 61400-12-1:2017<\/a><\/li>\n<li><a href=\"https:\/\/www.ammonit.com\/en\/customer-support\/knowledge\/standards-and-guidelines\/measnet\/\" target=\"_blank\" rel=\"noopener\">MEASNET<\/a><\/li>\n<li><a href=\"https:\/\/www.ammonit.com\/en\/customer-support\/knowledge\/standards-and-guidelines\/tr6\/\" target=\"_blank\" rel=\"noopener\">TR6 (Rev.11)<\/a><\/li>\n<\/ul>\n","protected":false},"excerpt":{"rendered":"<p>Avant l&rsquo;implantation d&rsquo;un parc \u00e9olien, les conditions de vent locales doivent \u00eatre mesur\u00e9es pour l&rsquo;\u00e9valuation du site. \u00c0 partir des donn\u00e9es collect\u00e9es, les consultants calculent le rendement \u00e9olien attendu.<\/p>\n<p>Nous concevons votre syst\u00e8me de mesure du vent sp\u00e9cifique \u00e0 votre site, avec des capteurs, un syst\u00e8me de communication et un syst\u00e8me d&rsquo;alimentation \u00e9lectrique adapt\u00e9s.<\/p>\n<p>Contactez-nous ou nos partenaires pour discuter de votre campagne de mesure du vent.<\/p>\n","protected":false},"featured_media":30501,"template":"","meta":[],"product_brand":[],"product_cat":[1335,1341],"product_tag":[],"class_list":{"0":"post-30484","1":"product","2":"type-product","3":"status-publish","4":"has-post-thumbnail","6":"product_cat-energies-renouvelables-mesure-de-lenergie-eolienne-et-solaire-fr","7":"product_cat-evaluation-des-ressources-eoliennes","9":"first","10":"instock","11":"shipping-taxable","12":"product-type-simple"},"yoast_head":"<!-- This site is optimized with the Yoast SEO plugin v27.1.1 - https:\/\/yoast.com\/product\/yoast-seo-wordpress\/ -->\n<title>Wind Ressource Assessment - AirRent.ge<\/title>\n<meta name=\"robots\" content=\"index, follow, max-snippet:-1, max-image-preview:large, max-video-preview:-1\" \/>\n<link rel=\"canonical\" href=\"https:\/\/airrent.ge\/fr\/produit\/wind-ressource-assessment\/\" \/>\n<meta property=\"og:locale\" content=\"fr_FR\" \/>\n<meta property=\"og:type\" content=\"article\" \/>\n<meta property=\"og:title\" content=\"Wind Ressource Assessment - AirRent.ge\" \/>\n<meta property=\"og:description\" content=\"Avant l&#039;implantation d&#039;un parc \u00e9olien, les conditions de vent locales doivent \u00eatre mesur\u00e9es pour l&#039;\u00e9valuation du site. \u00c0 partir des donn\u00e9es collect\u00e9es, les consultants calculent le rendement \u00e9olien attendu.  Nous concevons votre syst\u00e8me de mesure du vent sp\u00e9cifique \u00e0 votre site, avec des capteurs, un syst\u00e8me de communication et un syst\u00e8me d&#039;alimentation \u00e9lectrique adapt\u00e9s.  Contactez-nous ou nos partenaires pour discuter de votre campagne de mesure du vent.\" \/>\n<meta property=\"og:url\" content=\"https:\/\/airrent.ge\/fr\/produit\/wind-ressource-assessment\/\" \/>\n<meta property=\"og:site_name\" content=\"AirRent.ge\" \/>\n<meta property=\"article:modified_time\" content=\"2025-05-01T12:27:34+00:00\" \/>\n<meta property=\"og:image\" content=\"https:\/\/airrent.ge\/wp-content\/uploads\/2025\/04\/ammonit-wind-ressource-assessment.jpg__1200x381_q85_subsampling-2-1.jpg\" \/>\n\t<meta property=\"og:image:width\" content=\"1200\" \/>\n\t<meta property=\"og:image:height\" content=\"381\" \/>\n\t<meta property=\"og:image:type\" content=\"image\/jpeg\" \/>\n<meta name=\"twitter:card\" content=\"summary_large_image\" \/>\n<meta name=\"twitter:label1\" content=\"Dur\u00e9e de lecture estim\u00e9e\" \/>\n\t<meta name=\"twitter:data1\" content=\"1 minute\" \/>\n<script type=\"application\/ld+json\" class=\"yoast-schema-graph\">{\"@context\":\"https:\/\/schema.org\",\"@graph\":[{\"@type\":\"WebPage\",\"@id\":\"https:\/\/airrent.ge\/fr\/produit\/wind-ressource-assessment\/\",\"url\":\"https:\/\/airrent.ge\/fr\/produit\/wind-ressource-assessment\/\",\"name\":\"Wind Ressource Assessment - AirRent.ge\",\"isPartOf\":{\"@id\":\"https:\/\/airrent.ge\/#website\"},\"primaryImageOfPage\":{\"@id\":\"https:\/\/airrent.ge\/fr\/produit\/wind-ressource-assessment\/#primaryimage\"},\"image\":{\"@id\":\"https:\/\/airrent.ge\/fr\/produit\/wind-ressource-assessment\/#primaryimage\"},\"thumbnailUrl\":\"https:\/\/airrent.ge\/wp-content\/uploads\/2025\/04\/ammonit-wind-ressource-assessment.jpg__1200x381_q85_subsampling-2-1.jpg\",\"datePublished\":\"2025-04-30T19:12:30+00:00\",\"dateModified\":\"2025-05-01T12:27:34+00:00\",\"breadcrumb\":{\"@id\":\"https:\/\/airrent.ge\/fr\/produit\/wind-ressource-assessment\/#breadcrumb\"},\"inLanguage\":\"fr-FR\",\"potentialAction\":[{\"@type\":\"ReadAction\",\"target\":[\"https:\/\/airrent.ge\/fr\/produit\/wind-ressource-assessment\/\"]}]},{\"@type\":\"ImageObject\",\"inLanguage\":\"fr-FR\",\"@id\":\"https:\/\/airrent.ge\/fr\/produit\/wind-ressource-assessment\/#primaryimage\",\"url\":\"https:\/\/airrent.ge\/wp-content\/uploads\/2025\/04\/ammonit-wind-ressource-assessment.jpg__1200x381_q85_subsampling-2-1.jpg\",\"contentUrl\":\"https:\/\/airrent.ge\/wp-content\/uploads\/2025\/04\/ammonit-wind-ressource-assessment.jpg__1200x381_q85_subsampling-2-1.jpg\",\"width\":1200,\"height\":381},{\"@type\":\"BreadcrumbList\",\"@id\":\"https:\/\/airrent.ge\/fr\/produit\/wind-ressource-assessment\/#breadcrumb\",\"itemListElement\":[{\"@type\":\"ListItem\",\"position\":1,\"name\":\"Home\",\"item\":\"https:\/\/airrent.ge\/fr\/home\/\"},{\"@type\":\"ListItem\",\"position\":2,\"name\":\"Products\",\"item\":\"https:\/\/airrent.ge\/fr\/products\/\"},{\"@type\":\"ListItem\",\"position\":3,\"name\":\"Wind Ressource Assessment\"}]},{\"@type\":\"WebSite\",\"@id\":\"https:\/\/airrent.ge\/#website\",\"url\":\"https:\/\/airrent.ge\/\",\"name\":\"airrent.ge\",\"description\":\"Rental Services\",\"publisher\":{\"@id\":\"https:\/\/airrent.ge\/#organization\"},\"potentialAction\":[{\"@type\":\"SearchAction\",\"target\":{\"@type\":\"EntryPoint\",\"urlTemplate\":\"https:\/\/airrent.ge\/?s={search_term_string}\"},\"query-input\":{\"@type\":\"PropertyValueSpecification\",\"valueRequired\":true,\"valueName\":\"search_term_string\"}}],\"inLanguage\":\"fr-FR\"},{\"@type\":\"Organization\",\"@id\":\"https:\/\/airrent.ge\/#organization\",\"name\":\"airrent.ge\",\"url\":\"https:\/\/airrent.ge\/\",\"logo\":{\"@type\":\"ImageObject\",\"inLanguage\":\"fr-FR\",\"@id\":\"https:\/\/airrent.ge\/#\/schema\/logo\/image\/\",\"url\":\"https:\/\/airrent.ge\/wp-content\/uploads\/2026\/03\/airrent.png\",\"contentUrl\":\"https:\/\/airrent.ge\/wp-content\/uploads\/2026\/03\/airrent.png\",\"width\":1536,\"height\":1024,\"caption\":\"airrent.ge\"},\"image\":{\"@id\":\"https:\/\/airrent.ge\/#\/schema\/logo\/image\/\"}}]}<\/script>\n<!-- \/ Yoast SEO plugin. -->","yoast_head_json":{"title":"Wind Ressource Assessment - AirRent.ge","robots":{"index":"index","follow":"follow","max-snippet":"max-snippet:-1","max-image-preview":"max-image-preview:large","max-video-preview":"max-video-preview:-1"},"canonical":"https:\/\/airrent.ge\/fr\/produit\/wind-ressource-assessment\/","og_locale":"fr_FR","og_type":"article","og_title":"Wind Ressource Assessment - AirRent.ge","og_description":"Avant l'implantation d'un parc \u00e9olien, les conditions de vent locales doivent \u00eatre mesur\u00e9es pour l'\u00e9valuation du site. \u00c0 partir des donn\u00e9es collect\u00e9es, les consultants calculent le rendement \u00e9olien attendu.  Nous concevons votre syst\u00e8me de mesure du vent sp\u00e9cifique \u00e0 votre site, avec des capteurs, un syst\u00e8me de communication et un syst\u00e8me d'alimentation \u00e9lectrique adapt\u00e9s.  Contactez-nous ou nos partenaires pour discuter de votre campagne de mesure du vent.","og_url":"https:\/\/airrent.ge\/fr\/produit\/wind-ressource-assessment\/","og_site_name":"AirRent.ge","article_modified_time":"2025-05-01T12:27:34+00:00","og_image":[{"width":1200,"height":381,"url":"https:\/\/airrent.ge\/wp-content\/uploads\/2025\/04\/ammonit-wind-ressource-assessment.jpg__1200x381_q85_subsampling-2-1.jpg","type":"image\/jpeg"}],"twitter_card":"summary_large_image","twitter_misc":{"Dur\u00e9e de lecture estim\u00e9e":"1 minute"},"schema":{"@context":"https:\/\/schema.org","@graph":[{"@type":"WebPage","@id":"https:\/\/airrent.ge\/fr\/produit\/wind-ressource-assessment\/","url":"https:\/\/airrent.ge\/fr\/produit\/wind-ressource-assessment\/","name":"Wind Ressource Assessment - AirRent.ge","isPartOf":{"@id":"https:\/\/airrent.ge\/#website"},"primaryImageOfPage":{"@id":"https:\/\/airrent.ge\/fr\/produit\/wind-ressource-assessment\/#primaryimage"},"image":{"@id":"https:\/\/airrent.ge\/fr\/produit\/wind-ressource-assessment\/#primaryimage"},"thumbnailUrl":"https:\/\/airrent.ge\/wp-content\/uploads\/2025\/04\/ammonit-wind-ressource-assessment.jpg__1200x381_q85_subsampling-2-1.jpg","datePublished":"2025-04-30T19:12:30+00:00","dateModified":"2025-05-01T12:27:34+00:00","breadcrumb":{"@id":"https:\/\/airrent.ge\/fr\/produit\/wind-ressource-assessment\/#breadcrumb"},"inLanguage":"fr-FR","potentialAction":[{"@type":"ReadAction","target":["https:\/\/airrent.ge\/fr\/produit\/wind-ressource-assessment\/"]}]},{"@type":"ImageObject","inLanguage":"fr-FR","@id":"https:\/\/airrent.ge\/fr\/produit\/wind-ressource-assessment\/#primaryimage","url":"https:\/\/airrent.ge\/wp-content\/uploads\/2025\/04\/ammonit-wind-ressource-assessment.jpg__1200x381_q85_subsampling-2-1.jpg","contentUrl":"https:\/\/airrent.ge\/wp-content\/uploads\/2025\/04\/ammonit-wind-ressource-assessment.jpg__1200x381_q85_subsampling-2-1.jpg","width":1200,"height":381},{"@type":"BreadcrumbList","@id":"https:\/\/airrent.ge\/fr\/produit\/wind-ressource-assessment\/#breadcrumb","itemListElement":[{"@type":"ListItem","position":1,"name":"Home","item":"https:\/\/airrent.ge\/fr\/home\/"},{"@type":"ListItem","position":2,"name":"Products","item":"https:\/\/airrent.ge\/fr\/products\/"},{"@type":"ListItem","position":3,"name":"Wind Ressource Assessment"}]},{"@type":"WebSite","@id":"https:\/\/airrent.ge\/#website","url":"https:\/\/airrent.ge\/","name":"airrent.ge","description":"Rental Services","publisher":{"@id":"https:\/\/airrent.ge\/#organization"},"potentialAction":[{"@type":"SearchAction","target":{"@type":"EntryPoint","urlTemplate":"https:\/\/airrent.ge\/?s={search_term_string}"},"query-input":{"@type":"PropertyValueSpecification","valueRequired":true,"valueName":"search_term_string"}}],"inLanguage":"fr-FR"},{"@type":"Organization","@id":"https:\/\/airrent.ge\/#organization","name":"airrent.ge","url":"https:\/\/airrent.ge\/","logo":{"@type":"ImageObject","inLanguage":"fr-FR","@id":"https:\/\/airrent.ge\/#\/schema\/logo\/image\/","url":"https:\/\/airrent.ge\/wp-content\/uploads\/2026\/03\/airrent.png","contentUrl":"https:\/\/airrent.ge\/wp-content\/uploads\/2026\/03\/airrent.png","width":1536,"height":1024,"caption":"airrent.ge"},"image":{"@id":"https:\/\/airrent.ge\/#\/schema\/logo\/image\/"}}]}},"_links":{"self":[{"href":"https:\/\/airrent.ge\/fr\/wp-json\/wp\/v2\/product\/30484","targetHints":{"allow":["GET"]}}],"collection":[{"href":"https:\/\/airrent.ge\/fr\/wp-json\/wp\/v2\/product"}],"about":[{"href":"https:\/\/airrent.ge\/fr\/wp-json\/wp\/v2\/types\/product"}],"wp:featuredmedia":[{"embeddable":true,"href":"https:\/\/airrent.ge\/fr\/wp-json\/wp\/v2\/media\/30501"}],"wp:attachment":[{"href":"https:\/\/airrent.ge\/fr\/wp-json\/wp\/v2\/media?parent=30484"}],"wp:term":[{"taxonomy":"product_brand","embeddable":true,"href":"https:\/\/airrent.ge\/fr\/wp-json\/wp\/v2\/product_brand?post=30484"},{"taxonomy":"product_cat","embeddable":true,"href":"https:\/\/airrent.ge\/fr\/wp-json\/wp\/v2\/product_cat?post=30484"},{"taxonomy":"product_tag","embeddable":true,"href":"https:\/\/airrent.ge\/fr\/wp-json\/wp\/v2\/product_tag?post=30484"}],"curies":[{"name":"wp","href":"https:\/\/api.w.org\/{rel}","templated":true}]}}