{"id":30508,"date":"2025-05-02T12:02:50","date_gmt":"2025-05-02T08:02:50","guid":{"rendered":"https:\/\/airsystems.ge\/shop\/product\/power-performance-measurements\/"},"modified":"2025-05-02T13:05:43","modified_gmt":"2025-05-02T09:05:43","slug":"power-performance-measurements","status":"publish","type":"product","link":"https:\/\/airrent.ge\/fr\/produit\/power-performance-measurements\/","title":{"rendered":"Mesures de performance \u00e9nerg\u00e9tique"},"content":{"rendered":"<h3>Mesure de la performance \u00e9nerg\u00e9tique des \u00e9oliennes \u00e0 l&rsquo;aide d&rsquo;un m\u00e2t de mesure<\/h3>\n<p>Pour les mesures en terrain complexe, le m\u00e2t de mesure est \u00e9quip\u00e9 <a href=\"https:\/\/www.ammonit.com\/en\/products\/wind-sensors\/anemometers\/\">d&rsquo;an\u00e9mom\u00e8tres<\/a> et de girouettes \u00e9talonn\u00e9s, conform\u00e9ment \u00e0 la norme reconnue<\/p>\n<p>CEI 61400-12-1.<\/p>\n<h3>Mesure de la performance \u00e9nerg\u00e9tique par LiDAR<\/h3>\n<p>La mesure de la performance \u00e9nerg\u00e9tique par <a href=\"https:\/\/www.ammonit.com\/en\/products\/remote-sensing\/product-details\/meteolaser_lidar\/\">LiDAR <\/a>n&rsquo;est pas autoris\u00e9e sur tous les sites. Cependant, en terrain plat, elle peut constituer une alternative commercialement int\u00e9ressante aux mesures effectu\u00e9es avec des m\u00e2ts de mesure.<\/p>\n<p>Contactez-nous ou nos partenaires pour discuter de votre campagne de mesure du vent.<\/p>\n<h3>Composants de mesure du vent pour les mesures de performance \u00e9nerg\u00e9tique<\/h3>\n<ul>\n<li>Enregistreurs de\u00a0<a href=\"https:\/\/www.ammonit.com\/en\/products\/data-loggers\/\">donn\u00e9es<\/a>\u00a0pour l\u2019enregistrement et le calcul des donn\u00e9es \u00e9oliennes<\/li>\n<li><a href=\"https:\/\/www.ammonit.com\/en\/products\/wind-sensors\/anemometers\/\">An\u00e9mom\u00e8tres<\/a>\u00a0pour la mesure de la vitesse du vent<\/li>\n<li><a href=\"https:\/\/www.ammonit.com\/en\/products\/wind-sensors\/wind-vanes\/\">Girouettes<\/a>\u00a0pour la d\u00e9termination de la direction du vent<\/li>\n<li><a href=\"https:\/\/www.ammonit.com\/en\/products\/wind-sensors\/temperature-humidity-sensors\/\">Capteurs de temp\u00e9rature et d\u2019humidit\u00e9<\/a>\u00a0et capteurs de pression atmosph\u00e9rique pour la mesure de la\u00a0<a href=\"https:\/\/www.ammonit.com\/en\/products\/wind-sensors\/air-pressure-sensors\/\">densit\u00e9 de l\u2019air<\/a><\/li>\n<li><a href=\"https:\/\/www.ammonit.com\/en\/products\/remote-sensing\/\">devices Syst\u00e8mes de t\u00e9l\u00e9d\u00e9tection<\/a>\u00a0\u2013\u00a0<a href=\"https:\/\/www.ammonit.com\/products\/remote-sensing\/product-details\/meteolaser_lidar\/\">LiDAR<\/a><\/li>\n<li><a href=\"https:\/\/www.ammonit.com\/en\/products\/data-logger-accessories\/communication-systems\/\">Syst\u00e8mes de communication pour le transfert des donn\u00e9es de mesure<\/a><\/li>\n<li><a href=\"https:\/\/www.ammonit.com\/en\/products\/data-logger-accessories\/power-supply\/\" target=\"_blank\" rel=\"noopener\">Power supply systems<\/a><\/li>\n<\/ul>\n<h3>Normes et directives<\/h3>\n<p><a href=\"https:\/\/www.ammonit.com\/en\/customer-support\/knowledge\/standards-and-guidelines\/iec-61400-12-12017\/\" target=\"_blank\" rel=\"noopener\">IEC 61400-12-1:2017<\/a><\/p>\n<p><a href=\"https:\/\/www.ammonit.com\/en\/customer-support\/knowledge\/standards-and-guidelines\/measnet\/\" target=\"_blank\" rel=\"noopener\">MEASNET<\/a><\/p>\n<p><a href=\"https:\/\/www.ammonit.com\/en\/customer-support\/knowledge\/standards-and-guidelines\/tr6\/\" target=\"_blank\" rel=\"noopener\">TR6 (Rev.11)<\/a><\/p>\n","protected":false},"excerpt":{"rendered":"<h1>Mesures de performance \u00e9nerg\u00e9tique<\/h1>\n<p>Les mesures de performance \u00e9nerg\u00e9tique des \u00e9oliennes consistent \u00e0 mesurer la vitesse du vent et la puissance d\u00e9livr\u00e9e, puis \u00e0 les comparer \u00e0 la courbe de puissance garantie. Elles peuvent \u00e9galement inclure la mesure de la temp\u00e9rature et de la pression atmosph\u00e9rique afin de corriger la densit\u00e9 de l&rsquo;air.<\/p>\n","protected":false},"featured_media":30479,"template":"","meta":[],"product_brand":[],"product_cat":[1354],"product_tag":[],"class_list":{"0":"post-30508","1":"product","2":"type-product","3":"status-publish","4":"has-post-thumbnail","6":"product_cat-mesures-de-performance-energetique","8":"first","9":"instock","10":"shipping-taxable","11":"product-type-simple"},"yoast_head":"<!-- This site is optimized with the Yoast SEO plugin v27.1.1 - https:\/\/yoast.com\/product\/yoast-seo-wordpress\/ -->\n<title>Mesures de performance \u00e9nerg\u00e9tique - AirRent.ge<\/title>\n<meta name=\"robots\" content=\"index, follow, max-snippet:-1, max-image-preview:large, max-video-preview:-1\" \/>\n<link rel=\"canonical\" href=\"https:\/\/airrent.ge\/fr\/produit\/power-performance-measurements\/\" \/>\n<meta property=\"og:locale\" content=\"fr_FR\" \/>\n<meta property=\"og:type\" content=\"article\" \/>\n<meta property=\"og:title\" content=\"Mesures de performance \u00e9nerg\u00e9tique - AirRent.ge\" \/>\n<meta property=\"og:description\" content=\"Mesures de performance \u00e9nerg\u00e9tique Les mesures de performance \u00e9nerg\u00e9tique des \u00e9oliennes consistent \u00e0 mesurer la vitesse du vent et la puissance d\u00e9livr\u00e9e, puis \u00e0 les comparer \u00e0 la courbe de puissance garantie. Elles peuvent \u00e9galement inclure la mesure de la temp\u00e9rature et de la pression atmosph\u00e9rique afin de corriger la densit\u00e9 de l&#039;air.\" \/>\n<meta property=\"og:url\" content=\"https:\/\/airrent.ge\/fr\/produit\/power-performance-measurements\/\" \/>\n<meta property=\"og:site_name\" content=\"AirRent.ge\" \/>\n<meta property=\"article:modified_time\" content=\"2025-05-02T09:05:43+00:00\" \/>\n<meta property=\"og:image\" content=\"https:\/\/airrent.ge\/wp-content\/uploads\/2025\/04\/ammonit-power-performance.jpg__1200x298_q85_subsampling-2-1.jpg\" \/>\n\t<meta property=\"og:image:width\" content=\"1200\" \/>\n\t<meta property=\"og:image:height\" content=\"298\" \/>\n\t<meta property=\"og:image:type\" content=\"image\/jpeg\" \/>\n<meta name=\"twitter:card\" content=\"summary_large_image\" \/>\n<meta name=\"twitter:label1\" content=\"Dur\u00e9e de lecture estim\u00e9e\" \/>\n\t<meta name=\"twitter:data1\" content=\"1 minute\" \/>\n<script type=\"application\/ld+json\" class=\"yoast-schema-graph\">{\"@context\":\"https:\/\/schema.org\",\"@graph\":[{\"@type\":\"WebPage\",\"@id\":\"https:\/\/airrent.ge\/fr\/produit\/power-performance-measurements\/\",\"url\":\"https:\/\/airrent.ge\/fr\/produit\/power-performance-measurements\/\",\"name\":\"Mesures de performance \u00e9nerg\u00e9tique - AirRent.ge\",\"isPartOf\":{\"@id\":\"https:\/\/airrent.ge\/#website\"},\"primaryImageOfPage\":{\"@id\":\"https:\/\/airrent.ge\/fr\/produit\/power-performance-measurements\/#primaryimage\"},\"image\":{\"@id\":\"https:\/\/airrent.ge\/fr\/produit\/power-performance-measurements\/#primaryimage\"},\"thumbnailUrl\":\"https:\/\/airrent.ge\/wp-content\/uploads\/2025\/04\/ammonit-power-performance.jpg__1200x298_q85_subsampling-2-1.jpg\",\"datePublished\":\"2025-05-02T08:02:50+00:00\",\"dateModified\":\"2025-05-02T09:05:43+00:00\",\"breadcrumb\":{\"@id\":\"https:\/\/airrent.ge\/fr\/produit\/power-performance-measurements\/#breadcrumb\"},\"inLanguage\":\"fr-FR\",\"potentialAction\":[{\"@type\":\"ReadAction\",\"target\":[\"https:\/\/airrent.ge\/fr\/produit\/power-performance-measurements\/\"]}]},{\"@type\":\"ImageObject\",\"inLanguage\":\"fr-FR\",\"@id\":\"https:\/\/airrent.ge\/fr\/produit\/power-performance-measurements\/#primaryimage\",\"url\":\"https:\/\/airrent.ge\/wp-content\/uploads\/2025\/04\/ammonit-power-performance.jpg__1200x298_q85_subsampling-2-1.jpg\",\"contentUrl\":\"https:\/\/airrent.ge\/wp-content\/uploads\/2025\/04\/ammonit-power-performance.jpg__1200x298_q85_subsampling-2-1.jpg\",\"width\":1200,\"height\":298},{\"@type\":\"BreadcrumbList\",\"@id\":\"https:\/\/airrent.ge\/fr\/produit\/power-performance-measurements\/#breadcrumb\",\"itemListElement\":[{\"@type\":\"ListItem\",\"position\":1,\"name\":\"Home\",\"item\":\"https:\/\/airrent.ge\/fr\/home\/\"},{\"@type\":\"ListItem\",\"position\":2,\"name\":\"Products\",\"item\":\"https:\/\/airrent.ge\/fr\/products\/\"},{\"@type\":\"ListItem\",\"position\":3,\"name\":\"Mesures de performance \u00e9nerg\u00e9tique\"}]},{\"@type\":\"WebSite\",\"@id\":\"https:\/\/airrent.ge\/#website\",\"url\":\"https:\/\/airrent.ge\/\",\"name\":\"airrent.ge\",\"description\":\"Rental Services\",\"publisher\":{\"@id\":\"https:\/\/airrent.ge\/#organization\"},\"potentialAction\":[{\"@type\":\"SearchAction\",\"target\":{\"@type\":\"EntryPoint\",\"urlTemplate\":\"https:\/\/airrent.ge\/?s={search_term_string}\"},\"query-input\":{\"@type\":\"PropertyValueSpecification\",\"valueRequired\":true,\"valueName\":\"search_term_string\"}}],\"inLanguage\":\"fr-FR\"},{\"@type\":\"Organization\",\"@id\":\"https:\/\/airrent.ge\/#organization\",\"name\":\"airrent.ge\",\"url\":\"https:\/\/airrent.ge\/\",\"logo\":{\"@type\":\"ImageObject\",\"inLanguage\":\"fr-FR\",\"@id\":\"https:\/\/airrent.ge\/#\/schema\/logo\/image\/\",\"url\":\"https:\/\/airrent.ge\/wp-content\/uploads\/2026\/03\/airrent.png\",\"contentUrl\":\"https:\/\/airrent.ge\/wp-content\/uploads\/2026\/03\/airrent.png\",\"width\":1536,\"height\":1024,\"caption\":\"airrent.ge\"},\"image\":{\"@id\":\"https:\/\/airrent.ge\/#\/schema\/logo\/image\/\"}}]}<\/script>\n<!-- \/ Yoast SEO plugin. -->","yoast_head_json":{"title":"Mesures de performance \u00e9nerg\u00e9tique - AirRent.ge","robots":{"index":"index","follow":"follow","max-snippet":"max-snippet:-1","max-image-preview":"max-image-preview:large","max-video-preview":"max-video-preview:-1"},"canonical":"https:\/\/airrent.ge\/fr\/produit\/power-performance-measurements\/","og_locale":"fr_FR","og_type":"article","og_title":"Mesures de performance \u00e9nerg\u00e9tique - AirRent.ge","og_description":"Mesures de performance \u00e9nerg\u00e9tique Les mesures de performance \u00e9nerg\u00e9tique des \u00e9oliennes consistent \u00e0 mesurer la vitesse du vent et la puissance d\u00e9livr\u00e9e, puis \u00e0 les comparer \u00e0 la courbe de puissance garantie. Elles peuvent \u00e9galement inclure la mesure de la temp\u00e9rature et de la pression atmosph\u00e9rique afin de corriger la densit\u00e9 de l'air.","og_url":"https:\/\/airrent.ge\/fr\/produit\/power-performance-measurements\/","og_site_name":"AirRent.ge","article_modified_time":"2025-05-02T09:05:43+00:00","og_image":[{"width":1200,"height":298,"url":"https:\/\/airrent.ge\/wp-content\/uploads\/2025\/04\/ammonit-power-performance.jpg__1200x298_q85_subsampling-2-1.jpg","type":"image\/jpeg"}],"twitter_card":"summary_large_image","twitter_misc":{"Dur\u00e9e de lecture estim\u00e9e":"1 minute"},"schema":{"@context":"https:\/\/schema.org","@graph":[{"@type":"WebPage","@id":"https:\/\/airrent.ge\/fr\/produit\/power-performance-measurements\/","url":"https:\/\/airrent.ge\/fr\/produit\/power-performance-measurements\/","name":"Mesures de performance \u00e9nerg\u00e9tique - AirRent.ge","isPartOf":{"@id":"https:\/\/airrent.ge\/#website"},"primaryImageOfPage":{"@id":"https:\/\/airrent.ge\/fr\/produit\/power-performance-measurements\/#primaryimage"},"image":{"@id":"https:\/\/airrent.ge\/fr\/produit\/power-performance-measurements\/#primaryimage"},"thumbnailUrl":"https:\/\/airrent.ge\/wp-content\/uploads\/2025\/04\/ammonit-power-performance.jpg__1200x298_q85_subsampling-2-1.jpg","datePublished":"2025-05-02T08:02:50+00:00","dateModified":"2025-05-02T09:05:43+00:00","breadcrumb":{"@id":"https:\/\/airrent.ge\/fr\/produit\/power-performance-measurements\/#breadcrumb"},"inLanguage":"fr-FR","potentialAction":[{"@type":"ReadAction","target":["https:\/\/airrent.ge\/fr\/produit\/power-performance-measurements\/"]}]},{"@type":"ImageObject","inLanguage":"fr-FR","@id":"https:\/\/airrent.ge\/fr\/produit\/power-performance-measurements\/#primaryimage","url":"https:\/\/airrent.ge\/wp-content\/uploads\/2025\/04\/ammonit-power-performance.jpg__1200x298_q85_subsampling-2-1.jpg","contentUrl":"https:\/\/airrent.ge\/wp-content\/uploads\/2025\/04\/ammonit-power-performance.jpg__1200x298_q85_subsampling-2-1.jpg","width":1200,"height":298},{"@type":"BreadcrumbList","@id":"https:\/\/airrent.ge\/fr\/produit\/power-performance-measurements\/#breadcrumb","itemListElement":[{"@type":"ListItem","position":1,"name":"Home","item":"https:\/\/airrent.ge\/fr\/home\/"},{"@type":"ListItem","position":2,"name":"Products","item":"https:\/\/airrent.ge\/fr\/products\/"},{"@type":"ListItem","position":3,"name":"Mesures de performance \u00e9nerg\u00e9tique"}]},{"@type":"WebSite","@id":"https:\/\/airrent.ge\/#website","url":"https:\/\/airrent.ge\/","name":"airrent.ge","description":"Rental Services","publisher":{"@id":"https:\/\/airrent.ge\/#organization"},"potentialAction":[{"@type":"SearchAction","target":{"@type":"EntryPoint","urlTemplate":"https:\/\/airrent.ge\/?s={search_term_string}"},"query-input":{"@type":"PropertyValueSpecification","valueRequired":true,"valueName":"search_term_string"}}],"inLanguage":"fr-FR"},{"@type":"Organization","@id":"https:\/\/airrent.ge\/#organization","name":"airrent.ge","url":"https:\/\/airrent.ge\/","logo":{"@type":"ImageObject","inLanguage":"fr-FR","@id":"https:\/\/airrent.ge\/#\/schema\/logo\/image\/","url":"https:\/\/airrent.ge\/wp-content\/uploads\/2026\/03\/airrent.png","contentUrl":"https:\/\/airrent.ge\/wp-content\/uploads\/2026\/03\/airrent.png","width":1536,"height":1024,"caption":"airrent.ge"},"image":{"@id":"https:\/\/airrent.ge\/#\/schema\/logo\/image\/"}}]}},"_links":{"self":[{"href":"https:\/\/airrent.ge\/fr\/wp-json\/wp\/v2\/product\/30508","targetHints":{"allow":["GET"]}}],"collection":[{"href":"https:\/\/airrent.ge\/fr\/wp-json\/wp\/v2\/product"}],"about":[{"href":"https:\/\/airrent.ge\/fr\/wp-json\/wp\/v2\/types\/product"}],"wp:featuredmedia":[{"embeddable":true,"href":"https:\/\/airrent.ge\/fr\/wp-json\/wp\/v2\/media\/30479"}],"wp:attachment":[{"href":"https:\/\/airrent.ge\/fr\/wp-json\/wp\/v2\/media?parent=30508"}],"wp:term":[{"taxonomy":"product_brand","embeddable":true,"href":"https:\/\/airrent.ge\/fr\/wp-json\/wp\/v2\/product_brand?post=30508"},{"taxonomy":"product_cat","embeddable":true,"href":"https:\/\/airrent.ge\/fr\/wp-json\/wp\/v2\/product_cat?post=30508"},{"taxonomy":"product_tag","embeddable":true,"href":"https:\/\/airrent.ge\/fr\/wp-json\/wp\/v2\/product_tag?post=30508"}],"curies":[{"name":"wp","href":"https:\/\/api.w.org\/{rel}","templated":true}]}}