{"id":30544,"date":"2025-05-02T13:53:23","date_gmt":"2025-05-02T09:53:23","guid":{"rendered":"https:\/\/airsystems.ge\/shop\/product\/wind-measurement-in-cold-climate\/"},"modified":"2025-05-02T14:06:27","modified_gmt":"2025-05-02T10:06:27","slug":"wind-measurement-in-cold-climate","status":"publish","type":"product","link":"https:\/\/airrent.ge\/fr\/produit\/wind-measurement-in-cold-climate\/","title":{"rendered":"Mesure du vent en climat froid"},"content":{"rendered":"<h3>D\u00e9fis de la mesure du vent en climat froid<\/h3>\n<p>Givrage des capteurs<br \/>\nGivrage de la construction du m\u00e2t de mesure<br \/>\nDonn\u00e9es de mesure incoh\u00e9rentes dues \u00e0 la neige et \u00e0 la glace<br \/>\nDifficult\u00e9s d&rsquo;estimation des conditions de vent dues \u00e0 des calculs plus complexes<br \/>\nAlimentation \u00e9lectrique pour chauffer de mani\u00e8re fiable les capteurs, etc.<\/p>\n<p>Des questions sur la mesure en climat froid\u00a0? Notre \u00e9quipe commerciale est \u00e0 votre disposition.<\/p>\n<h3>Composants de la mesure du vent en climat froid<\/h3>\n<p><a href=\"https:\/\/www.ammonit.com\/en\/products\/wind-sensors\/anemometers\/\">An\u00e9mom\u00e8tres<\/a>\u00a0pour la mesure de la vitesse du vent<\/p>\n<p><a href=\"https:\/\/www.ammonit.com\/en\/products\/wind-sensors\/wind-vanes\/\">Girouettes<\/a>\u00a0pour la d\u00e9termination de la direction du vent<\/p>\n<p><a href=\"https:\/\/www.ammonit.com\/en\/products\/wind-sensors\/temperature-humidity-sensors\/\">Capteurs de temp\u00e9rature et d\u2019humidit\u00e9<\/a>\u00a0et capteurs de pression atmosph\u00e9rique pour la mesure de la\u00a0<a href=\"https:\/\/www.ammonit.com\/en\/products\/wind-sensors\/air-pressure-sensors\/\">densit\u00e9 de l\u2019air<\/a><\/p>\n<p><a href=\"https:\/\/www.ammonit.com\/en\/products\/remote-sensing\/\">devices Syst\u00e8mes de t\u00e9l\u00e9d\u00e9tection<\/a>\u00a0\u2013\u00a0<a href=\"https:\/\/www.ammonit.com\/products\/remote-sensing\/product-details\/meteolaser_lidar\/\">LiDAR<\/a><\/p>\n<p><a href=\"https:\/\/www.ammonit.com\/en\/products\/data-logger-accessories\/communication-systems\/\">Syst\u00e8mes de communication pour le transfert des donn\u00e9es de mesure<\/a><\/p>\n<p><a href=\"https:\/\/www.ammonit.com\/en\/products\/data-logger-accessories\/power-supply\/\" target=\"_blank\" rel=\"noopener\">Power supply systems<\/a><\/p>\n<h3>Normes et directives<\/h3>\n<ul>\n<li><a href=\"https:\/\/www.ammonit.com\/en\/customer-support\/knowledge\/standards-and-guidelines\/iec-61400-12-12017\/\" target=\"_blank\" rel=\"noopener\">IEC 61400-12-1:2017<\/a><\/li>\n<li><a href=\"https:\/\/www.ammonit.com\/en\/customer-support\/knowledge\/standards-and-guidelines\/measnet\/\" target=\"_blank\" rel=\"noopener\">MEASNET<\/a><\/li>\n<li><a href=\"https:\/\/www.ammonit.com\/en\/customer-support\/knowledge\/standards-and-guidelines\/tr6\/\" target=\"_blank\" rel=\"noopener\">TR6 (Rev.11)<\/a><\/li>\n<\/ul>\n","protected":false},"excerpt":{"rendered":"<h1>Mesure du vent en climat froid<\/h1>\n<p>Pour les campagnes de mesure en climat froid, il est essentiel de s\u00e9lectionner soigneusement les instruments de mesure. Le givrage des capteurs et une construction de m\u00e2t de mesure inadapt\u00e9e peuvent entra\u00eener des erreurs de mesure et des pertes de donn\u00e9es. Une consommation \u00e9lectrique fiable est essentielle pour chauffer correctement le syst\u00e8me de mesure.<\/p>\n","protected":false},"featured_media":30539,"template":"","meta":[],"product_brand":[],"product_cat":[1348,1366],"product_tag":[],"class_list":{"0":"post-30544","1":"product","2":"type-product","3":"status-publish","4":"has-post-thumbnail","6":"product_cat-energie-eolienne","7":"product_cat-mesure-du-vent-en-climat-froid","9":"first","10":"instock","11":"shipping-taxable","12":"product-type-simple"},"yoast_head":"<!-- This site is optimized with the Yoast SEO plugin v27.1.1 - https:\/\/yoast.com\/product\/yoast-seo-wordpress\/ -->\n<title>Mesure du vent en climat froid - AirRent.ge<\/title>\n<meta name=\"robots\" content=\"index, follow, max-snippet:-1, max-image-preview:large, max-video-preview:-1\" \/>\n<link rel=\"canonical\" href=\"https:\/\/airrent.ge\/fr\/produit\/wind-measurement-in-cold-climate\/\" \/>\n<meta property=\"og:locale\" content=\"fr_FR\" \/>\n<meta property=\"og:type\" content=\"article\" \/>\n<meta property=\"og:title\" content=\"Mesure du vent en climat froid - AirRent.ge\" \/>\n<meta property=\"og:description\" content=\"Mesure du vent en climat froid Pour les campagnes de mesure en climat froid, il est essentiel de s\u00e9lectionner soigneusement les instruments de mesure. Le givrage des capteurs et une construction de m\u00e2t de mesure inadapt\u00e9e peuvent entra\u00eener des erreurs de mesure et des pertes de donn\u00e9es. Une consommation \u00e9lectrique fiable est essentielle pour chauffer correctement le syst\u00e8me de mesure.\" \/>\n<meta property=\"og:url\" content=\"https:\/\/airrent.ge\/fr\/produit\/wind-measurement-in-cold-climate\/\" \/>\n<meta property=\"og:site_name\" content=\"AirRent.ge\" \/>\n<meta property=\"article:modified_time\" content=\"2025-05-02T10:06:27+00:00\" \/>\n<meta property=\"og:image\" content=\"https:\/\/airrent.ge\/wp-content\/uploads\/2025\/05\/ammonit-cold-climate.jpg__1200x298_q85_subsampling-2-1.jpg\" \/>\n\t<meta property=\"og:image:width\" content=\"1200\" \/>\n\t<meta property=\"og:image:height\" content=\"298\" \/>\n\t<meta property=\"og:image:type\" content=\"image\/jpeg\" \/>\n<meta name=\"twitter:card\" content=\"summary_large_image\" \/>\n<meta name=\"twitter:label1\" content=\"Dur\u00e9e de lecture estim\u00e9e\" \/>\n\t<meta name=\"twitter:data1\" content=\"1 minute\" \/>\n<script type=\"application\/ld+json\" class=\"yoast-schema-graph\">{\"@context\":\"https:\/\/schema.org\",\"@graph\":[{\"@type\":\"WebPage\",\"@id\":\"https:\/\/airrent.ge\/fr\/produit\/wind-measurement-in-cold-climate\/\",\"url\":\"https:\/\/airrent.ge\/fr\/produit\/wind-measurement-in-cold-climate\/\",\"name\":\"Mesure du vent en climat froid - AirRent.ge\",\"isPartOf\":{\"@id\":\"https:\/\/airrent.ge\/#website\"},\"primaryImageOfPage\":{\"@id\":\"https:\/\/airrent.ge\/fr\/produit\/wind-measurement-in-cold-climate\/#primaryimage\"},\"image\":{\"@id\":\"https:\/\/airrent.ge\/fr\/produit\/wind-measurement-in-cold-climate\/#primaryimage\"},\"thumbnailUrl\":\"https:\/\/airrent.ge\/wp-content\/uploads\/2025\/05\/ammonit-cold-climate.jpg__1200x298_q85_subsampling-2-1.jpg\",\"datePublished\":\"2025-05-02T09:53:23+00:00\",\"dateModified\":\"2025-05-02T10:06:27+00:00\",\"breadcrumb\":{\"@id\":\"https:\/\/airrent.ge\/fr\/produit\/wind-measurement-in-cold-climate\/#breadcrumb\"},\"inLanguage\":\"fr-FR\",\"potentialAction\":[{\"@type\":\"ReadAction\",\"target\":[\"https:\/\/airrent.ge\/fr\/produit\/wind-measurement-in-cold-climate\/\"]}]},{\"@type\":\"ImageObject\",\"inLanguage\":\"fr-FR\",\"@id\":\"https:\/\/airrent.ge\/fr\/produit\/wind-measurement-in-cold-climate\/#primaryimage\",\"url\":\"https:\/\/airrent.ge\/wp-content\/uploads\/2025\/05\/ammonit-cold-climate.jpg__1200x298_q85_subsampling-2-1.jpg\",\"contentUrl\":\"https:\/\/airrent.ge\/wp-content\/uploads\/2025\/05\/ammonit-cold-climate.jpg__1200x298_q85_subsampling-2-1.jpg\",\"width\":1200,\"height\":298},{\"@type\":\"BreadcrumbList\",\"@id\":\"https:\/\/airrent.ge\/fr\/produit\/wind-measurement-in-cold-climate\/#breadcrumb\",\"itemListElement\":[{\"@type\":\"ListItem\",\"position\":1,\"name\":\"Home\",\"item\":\"https:\/\/airrent.ge\/fr\/home\/\"},{\"@type\":\"ListItem\",\"position\":2,\"name\":\"Products\",\"item\":\"https:\/\/airrent.ge\/fr\/products\/\"},{\"@type\":\"ListItem\",\"position\":3,\"name\":\"Mesure du vent en climat froid\"}]},{\"@type\":\"WebSite\",\"@id\":\"https:\/\/airrent.ge\/#website\",\"url\":\"https:\/\/airrent.ge\/\",\"name\":\"airrent.ge\",\"description\":\"Rental Services\",\"publisher\":{\"@id\":\"https:\/\/airrent.ge\/#organization\"},\"potentialAction\":[{\"@type\":\"SearchAction\",\"target\":{\"@type\":\"EntryPoint\",\"urlTemplate\":\"https:\/\/airrent.ge\/?s={search_term_string}\"},\"query-input\":{\"@type\":\"PropertyValueSpecification\",\"valueRequired\":true,\"valueName\":\"search_term_string\"}}],\"inLanguage\":\"fr-FR\"},{\"@type\":\"Organization\",\"@id\":\"https:\/\/airrent.ge\/#organization\",\"name\":\"airrent.ge\",\"url\":\"https:\/\/airrent.ge\/\",\"logo\":{\"@type\":\"ImageObject\",\"inLanguage\":\"fr-FR\",\"@id\":\"https:\/\/airrent.ge\/#\/schema\/logo\/image\/\",\"url\":\"https:\/\/airrent.ge\/wp-content\/uploads\/2026\/03\/airrent.png\",\"contentUrl\":\"https:\/\/airrent.ge\/wp-content\/uploads\/2026\/03\/airrent.png\",\"width\":1536,\"height\":1024,\"caption\":\"airrent.ge\"},\"image\":{\"@id\":\"https:\/\/airrent.ge\/#\/schema\/logo\/image\/\"}}]}<\/script>\n<!-- \/ Yoast SEO plugin. -->","yoast_head_json":{"title":"Mesure du vent en climat froid - AirRent.ge","robots":{"index":"index","follow":"follow","max-snippet":"max-snippet:-1","max-image-preview":"max-image-preview:large","max-video-preview":"max-video-preview:-1"},"canonical":"https:\/\/airrent.ge\/fr\/produit\/wind-measurement-in-cold-climate\/","og_locale":"fr_FR","og_type":"article","og_title":"Mesure du vent en climat froid - AirRent.ge","og_description":"Mesure du vent en climat froid Pour les campagnes de mesure en climat froid, il est essentiel de s\u00e9lectionner soigneusement les instruments de mesure. Le givrage des capteurs et une construction de m\u00e2t de mesure inadapt\u00e9e peuvent entra\u00eener des erreurs de mesure et des pertes de donn\u00e9es. Une consommation \u00e9lectrique fiable est essentielle pour chauffer correctement le syst\u00e8me de mesure.","og_url":"https:\/\/airrent.ge\/fr\/produit\/wind-measurement-in-cold-climate\/","og_site_name":"AirRent.ge","article_modified_time":"2025-05-02T10:06:27+00:00","og_image":[{"width":1200,"height":298,"url":"https:\/\/airrent.ge\/wp-content\/uploads\/2025\/05\/ammonit-cold-climate.jpg__1200x298_q85_subsampling-2-1.jpg","type":"image\/jpeg"}],"twitter_card":"summary_large_image","twitter_misc":{"Dur\u00e9e de lecture estim\u00e9e":"1 minute"},"schema":{"@context":"https:\/\/schema.org","@graph":[{"@type":"WebPage","@id":"https:\/\/airrent.ge\/fr\/produit\/wind-measurement-in-cold-climate\/","url":"https:\/\/airrent.ge\/fr\/produit\/wind-measurement-in-cold-climate\/","name":"Mesure du vent en climat froid - AirRent.ge","isPartOf":{"@id":"https:\/\/airrent.ge\/#website"},"primaryImageOfPage":{"@id":"https:\/\/airrent.ge\/fr\/produit\/wind-measurement-in-cold-climate\/#primaryimage"},"image":{"@id":"https:\/\/airrent.ge\/fr\/produit\/wind-measurement-in-cold-climate\/#primaryimage"},"thumbnailUrl":"https:\/\/airrent.ge\/wp-content\/uploads\/2025\/05\/ammonit-cold-climate.jpg__1200x298_q85_subsampling-2-1.jpg","datePublished":"2025-05-02T09:53:23+00:00","dateModified":"2025-05-02T10:06:27+00:00","breadcrumb":{"@id":"https:\/\/airrent.ge\/fr\/produit\/wind-measurement-in-cold-climate\/#breadcrumb"},"inLanguage":"fr-FR","potentialAction":[{"@type":"ReadAction","target":["https:\/\/airrent.ge\/fr\/produit\/wind-measurement-in-cold-climate\/"]}]},{"@type":"ImageObject","inLanguage":"fr-FR","@id":"https:\/\/airrent.ge\/fr\/produit\/wind-measurement-in-cold-climate\/#primaryimage","url":"https:\/\/airrent.ge\/wp-content\/uploads\/2025\/05\/ammonit-cold-climate.jpg__1200x298_q85_subsampling-2-1.jpg","contentUrl":"https:\/\/airrent.ge\/wp-content\/uploads\/2025\/05\/ammonit-cold-climate.jpg__1200x298_q85_subsampling-2-1.jpg","width":1200,"height":298},{"@type":"BreadcrumbList","@id":"https:\/\/airrent.ge\/fr\/produit\/wind-measurement-in-cold-climate\/#breadcrumb","itemListElement":[{"@type":"ListItem","position":1,"name":"Home","item":"https:\/\/airrent.ge\/fr\/home\/"},{"@type":"ListItem","position":2,"name":"Products","item":"https:\/\/airrent.ge\/fr\/products\/"},{"@type":"ListItem","position":3,"name":"Mesure du vent en climat froid"}]},{"@type":"WebSite","@id":"https:\/\/airrent.ge\/#website","url":"https:\/\/airrent.ge\/","name":"airrent.ge","description":"Rental Services","publisher":{"@id":"https:\/\/airrent.ge\/#organization"},"potentialAction":[{"@type":"SearchAction","target":{"@type":"EntryPoint","urlTemplate":"https:\/\/airrent.ge\/?s={search_term_string}"},"query-input":{"@type":"PropertyValueSpecification","valueRequired":true,"valueName":"search_term_string"}}],"inLanguage":"fr-FR"},{"@type":"Organization","@id":"https:\/\/airrent.ge\/#organization","name":"airrent.ge","url":"https:\/\/airrent.ge\/","logo":{"@type":"ImageObject","inLanguage":"fr-FR","@id":"https:\/\/airrent.ge\/#\/schema\/logo\/image\/","url":"https:\/\/airrent.ge\/wp-content\/uploads\/2026\/03\/airrent.png","contentUrl":"https:\/\/airrent.ge\/wp-content\/uploads\/2026\/03\/airrent.png","width":1536,"height":1024,"caption":"airrent.ge"},"image":{"@id":"https:\/\/airrent.ge\/#\/schema\/logo\/image\/"}}]}},"_links":{"self":[{"href":"https:\/\/airrent.ge\/fr\/wp-json\/wp\/v2\/product\/30544","targetHints":{"allow":["GET"]}}],"collection":[{"href":"https:\/\/airrent.ge\/fr\/wp-json\/wp\/v2\/product"}],"about":[{"href":"https:\/\/airrent.ge\/fr\/wp-json\/wp\/v2\/types\/product"}],"wp:featuredmedia":[{"embeddable":true,"href":"https:\/\/airrent.ge\/fr\/wp-json\/wp\/v2\/media\/30539"}],"wp:attachment":[{"href":"https:\/\/airrent.ge\/fr\/wp-json\/wp\/v2\/media?parent=30544"}],"wp:term":[{"taxonomy":"product_brand","embeddable":true,"href":"https:\/\/airrent.ge\/fr\/wp-json\/wp\/v2\/product_brand?post=30544"},{"taxonomy":"product_cat","embeddable":true,"href":"https:\/\/airrent.ge\/fr\/wp-json\/wp\/v2\/product_cat?post=30544"},{"taxonomy":"product_tag","embeddable":true,"href":"https:\/\/airrent.ge\/fr\/wp-json\/wp\/v2\/product_tag?post=30544"}],"curies":[{"name":"wp","href":"https:\/\/api.w.org\/{rel}","templated":true}]}}