{"id":30896,"date":"2025-05-10T22:46:32","date_gmt":"2025-05-10T18:46:32","guid":{"rendered":"https:\/\/airsystems.ge\/shop\/product\/anemometer-windsensor-riso-p2546d-opr\/"},"modified":"2025-05-10T22:53:30","modified_gmt":"2025-05-10T18:53:30","slug":"anemometer-windsensor-riso-p2546d-opr","status":"publish","type":"product","link":"https:\/\/airrent.ge\/fr\/produit\/anemometer-windsensor-riso-p2546d-opr\/","title":{"rendered":"An\u00e9mom\u00e8tre WindSensor (Ris\u00f8) P2546D-OPR"},"content":{"rendered":"<ul>\n<li>An\u00e9mom\u00e8tre \u00e9talonn\u00e9 MEASNET<br \/>\nT\u00eate d&rsquo;an\u00e9mom\u00e8tre \u00e0 rotor monobloc<br \/>\nVitesse de seuil basse<br \/>\nConstante de courte distance<br \/>\nSurvitesse n\u00e9gligeable<br \/>\nR\u00e9ponse angulaire ind\u00e9pendante de la vitesse du vent<br \/>\nG\u00e9om\u00e9trie sym\u00e9trique<br \/>\nAucune source d&rsquo;alimentation externe<br \/>\n\u00c9talonnage individuel conforme \u00e0 la norme CEI 61400-12-1<\/li>\n<\/ul>\n<p><img decoding=\"async\" src=\"https:\/\/www.ammonit.com\/media\/filer_public_thumbnails\/filer_public\/d6\/bf\/d6bfeccf-5426-4856-8a48-cd3fc1009688\/anemometer_windsensorp2546d-opr_s16300c_dimensional_drawing.png__332x594_q85_subsampling-2.png\" \/><\/p>\n<table id=\"table005\" width=\"595\">\n<thead>\n<tr>\n<th colspan=\"2\" scope=\"col\">Characteristics<\/th>\n<\/tr>\n<\/thead>\n<tbody>\n<tr>\n<td>Calibration<\/td>\n<td>Each anemometer individually calibrated compliant with IEC 61400-12-1.<\/td>\n<\/tr>\n<tr>\n<td>Measurement range<\/td>\n<td>0 &#8230; 75 m\/s<\/td>\n<\/tr>\n<tr>\n<td>Slope<\/td>\n<td>0.620 m<\/td>\n<\/tr>\n<tr>\n<td>Offset<\/td>\n<td>0.21 m\/s<\/td>\n<\/tr>\n<tr>\n<td>Starting threshold<\/td>\n<td>&lt; 0.3 m\/s<\/td>\n<\/tr>\n<tr>\n<td>Distance constant<\/td>\n<td>\u03bb0= 1.81 \u00b1\u00a0 0.04 m<\/td>\n<\/tr>\n<tr>\n<td colspan=\"2\">Switching chararacteristic<\/td>\n<\/tr>\n<tr>\n<td>Signal Type<\/td>\n<td>NPN open collector, frequency proportional to wind speed<\/td>\n<\/tr>\n<tr>\n<td>Duty cycle<\/td>\n<td>45 &#8230; 55 %<\/td>\n<\/tr>\n<tr>\n<td>Max. switching voltage<\/td>\n<td>30\u00a0 V<\/td>\n<\/tr>\n<tr>\n<td>Max. recommended switching current<\/td>\n<td>10 mA<\/td>\n<\/tr>\n<tr>\n<td>Output resistance<\/td>\n<td>60 \u03a9<\/td>\n<\/tr>\n<tr>\n<td>Operating temperature range<\/td>\n<td>-40 &#8230; +60 \u00b0C<\/td>\n<\/tr>\n<tr>\n<td>Exterior materials<\/td>\n<td>Anodized aluminum, Stainless steel and GRP<\/td>\n<\/tr>\n<tr>\n<td>Weight<\/td>\n<td>0.36 kg<\/td>\n<\/tr>\n<tr>\n<td>Overall height<\/td>\n<td>282 mm<\/td>\n<\/tr>\n<tr>\n<td>Swept diameter of rotor<\/td>\n<td>188 mm<\/td>\n<\/tr>\n<tr>\n<td>Manufacturer<\/td>\n<td>WindSensor<\/td>\n<\/tr>\n<tr>\n<td>Accessories<\/td>\n<td>Module M83570 or M83200 (pull-up resistor 5.1 k\u03a9 required)<\/td>\n<\/tr>\n<\/tbody>\n<\/table>\n","protected":false},"excerpt":{"rendered":"<ul>\n<li>\n<h3>R\u00e9f\u00e9rence<\/h3>\n<p>S16300C<\/li>\n<\/ul>\n","protected":false},"featured_media":30891,"template":"","meta":[],"product_brand":[],"product_cat":[1421,1415,1335],"product_tag":[],"class_list":{"0":"post-30896","1":"product","2":"type-product","3":"status-publish","4":"has-post-thumbnail","6":"product_cat-anemometre","7":"product_cat-capteur-de-vent","8":"product_cat-energies-renouvelables-mesure-de-lenergie-eolienne-et-solaire-fr","10":"first","11":"instock","12":"shipping-taxable","13":"product-type-simple"},"yoast_head":"<!-- This site is optimized with the Yoast SEO plugin v27.1.1 - https:\/\/yoast.com\/product\/yoast-seo-wordpress\/ -->\n<title>An\u00e9mom\u00e8tre WindSensor (Ris\u00f8) P2546D-OPR - AirRent.ge<\/title>\n<meta name=\"robots\" content=\"index, follow, max-snippet:-1, max-image-preview:large, max-video-preview:-1\" \/>\n<link rel=\"canonical\" href=\"https:\/\/airrent.ge\/fr\/produit\/anemometer-windsensor-riso-p2546d-opr\/\" \/>\n<meta property=\"og:locale\" content=\"fr_FR\" \/>\n<meta property=\"og:type\" content=\"article\" \/>\n<meta property=\"og:title\" content=\"An\u00e9mom\u00e8tre WindSensor (Ris\u00f8) P2546D-OPR - AirRent.ge\" \/>\n<meta property=\"og:description\" content=\"R\u00e9f\u00e9rence S16300C\" \/>\n<meta property=\"og:url\" content=\"https:\/\/airrent.ge\/fr\/produit\/anemometer-windsensor-riso-p2546d-opr\/\" \/>\n<meta property=\"og:site_name\" content=\"AirRent.ge\" \/>\n<meta property=\"article:modified_time\" content=\"2025-05-10T18:53:30+00:00\" \/>\n<meta property=\"og:image\" content=\"https:\/\/airrent.ge\/wp-content\/uploads\/2025\/05\/anemometer-windsensor-p2546a.jpg__490x490_q85_crop_subsampling-2_upscale.jpg\" \/>\n\t<meta property=\"og:image:width\" content=\"490\" \/>\n\t<meta property=\"og:image:height\" content=\"490\" \/>\n\t<meta property=\"og:image:type\" content=\"image\/jpeg\" \/>\n<meta name=\"twitter:card\" content=\"summary_large_image\" \/>\n<meta name=\"twitter:label1\" content=\"Dur\u00e9e de lecture estim\u00e9e\" \/>\n\t<meta name=\"twitter:data1\" content=\"1 minute\" \/>\n<script type=\"application\/ld+json\" class=\"yoast-schema-graph\">{\"@context\":\"https:\/\/schema.org\",\"@graph\":[{\"@type\":\"WebPage\",\"@id\":\"https:\/\/airrent.ge\/fr\/produit\/anemometer-windsensor-riso-p2546d-opr\/\",\"url\":\"https:\/\/airrent.ge\/fr\/produit\/anemometer-windsensor-riso-p2546d-opr\/\",\"name\":\"An\u00e9mom\u00e8tre WindSensor (Ris\u00f8) P2546D-OPR - AirRent.ge\",\"isPartOf\":{\"@id\":\"https:\/\/airrent.ge\/#website\"},\"primaryImageOfPage\":{\"@id\":\"https:\/\/airrent.ge\/fr\/produit\/anemometer-windsensor-riso-p2546d-opr\/#primaryimage\"},\"image\":{\"@id\":\"https:\/\/airrent.ge\/fr\/produit\/anemometer-windsensor-riso-p2546d-opr\/#primaryimage\"},\"thumbnailUrl\":\"https:\/\/airrent.ge\/wp-content\/uploads\/2025\/05\/anemometer-windsensor-p2546a.jpg__490x490_q85_crop_subsampling-2_upscale.jpg\",\"datePublished\":\"2025-05-10T18:46:32+00:00\",\"dateModified\":\"2025-05-10T18:53:30+00:00\",\"breadcrumb\":{\"@id\":\"https:\/\/airrent.ge\/fr\/produit\/anemometer-windsensor-riso-p2546d-opr\/#breadcrumb\"},\"inLanguage\":\"fr-FR\",\"potentialAction\":[{\"@type\":\"ReadAction\",\"target\":[\"https:\/\/airrent.ge\/fr\/produit\/anemometer-windsensor-riso-p2546d-opr\/\"]}]},{\"@type\":\"ImageObject\",\"inLanguage\":\"fr-FR\",\"@id\":\"https:\/\/airrent.ge\/fr\/produit\/anemometer-windsensor-riso-p2546d-opr\/#primaryimage\",\"url\":\"https:\/\/airrent.ge\/wp-content\/uploads\/2025\/05\/anemometer-windsensor-p2546a.jpg__490x490_q85_crop_subsampling-2_upscale.jpg\",\"contentUrl\":\"https:\/\/airrent.ge\/wp-content\/uploads\/2025\/05\/anemometer-windsensor-p2546a.jpg__490x490_q85_crop_subsampling-2_upscale.jpg\",\"width\":490,\"height\":490},{\"@type\":\"BreadcrumbList\",\"@id\":\"https:\/\/airrent.ge\/fr\/produit\/anemometer-windsensor-riso-p2546d-opr\/#breadcrumb\",\"itemListElement\":[{\"@type\":\"ListItem\",\"position\":1,\"name\":\"Home\",\"item\":\"https:\/\/airrent.ge\/fr\/home\/\"},{\"@type\":\"ListItem\",\"position\":2,\"name\":\"Products\",\"item\":\"https:\/\/airrent.ge\/fr\/products\/\"},{\"@type\":\"ListItem\",\"position\":3,\"name\":\"An\u00e9mom\u00e8tre WindSensor (Ris\u00f8) P2546D-OPR\"}]},{\"@type\":\"WebSite\",\"@id\":\"https:\/\/airrent.ge\/#website\",\"url\":\"https:\/\/airrent.ge\/\",\"name\":\"airrent.ge\",\"description\":\"Rental Services\",\"publisher\":{\"@id\":\"https:\/\/airrent.ge\/#organization\"},\"potentialAction\":[{\"@type\":\"SearchAction\",\"target\":{\"@type\":\"EntryPoint\",\"urlTemplate\":\"https:\/\/airrent.ge\/?s={search_term_string}\"},\"query-input\":{\"@type\":\"PropertyValueSpecification\",\"valueRequired\":true,\"valueName\":\"search_term_string\"}}],\"inLanguage\":\"fr-FR\"},{\"@type\":\"Organization\",\"@id\":\"https:\/\/airrent.ge\/#organization\",\"name\":\"airrent.ge\",\"url\":\"https:\/\/airrent.ge\/\",\"logo\":{\"@type\":\"ImageObject\",\"inLanguage\":\"fr-FR\",\"@id\":\"https:\/\/airrent.ge\/#\/schema\/logo\/image\/\",\"url\":\"https:\/\/airrent.ge\/wp-content\/uploads\/2026\/03\/airrent.png\",\"contentUrl\":\"https:\/\/airrent.ge\/wp-content\/uploads\/2026\/03\/airrent.png\",\"width\":1536,\"height\":1024,\"caption\":\"airrent.ge\"},\"image\":{\"@id\":\"https:\/\/airrent.ge\/#\/schema\/logo\/image\/\"}}]}<\/script>\n<!-- \/ Yoast SEO plugin. -->","yoast_head_json":{"title":"An\u00e9mom\u00e8tre WindSensor (Ris\u00f8) P2546D-OPR - AirRent.ge","robots":{"index":"index","follow":"follow","max-snippet":"max-snippet:-1","max-image-preview":"max-image-preview:large","max-video-preview":"max-video-preview:-1"},"canonical":"https:\/\/airrent.ge\/fr\/produit\/anemometer-windsensor-riso-p2546d-opr\/","og_locale":"fr_FR","og_type":"article","og_title":"An\u00e9mom\u00e8tre WindSensor (Ris\u00f8) P2546D-OPR - AirRent.ge","og_description":"R\u00e9f\u00e9rence S16300C","og_url":"https:\/\/airrent.ge\/fr\/produit\/anemometer-windsensor-riso-p2546d-opr\/","og_site_name":"AirRent.ge","article_modified_time":"2025-05-10T18:53:30+00:00","og_image":[{"width":490,"height":490,"url":"https:\/\/airrent.ge\/wp-content\/uploads\/2025\/05\/anemometer-windsensor-p2546a.jpg__490x490_q85_crop_subsampling-2_upscale.jpg","type":"image\/jpeg"}],"twitter_card":"summary_large_image","twitter_misc":{"Dur\u00e9e de lecture estim\u00e9e":"1 minute"},"schema":{"@context":"https:\/\/schema.org","@graph":[{"@type":"WebPage","@id":"https:\/\/airrent.ge\/fr\/produit\/anemometer-windsensor-riso-p2546d-opr\/","url":"https:\/\/airrent.ge\/fr\/produit\/anemometer-windsensor-riso-p2546d-opr\/","name":"An\u00e9mom\u00e8tre WindSensor (Ris\u00f8) P2546D-OPR - AirRent.ge","isPartOf":{"@id":"https:\/\/airrent.ge\/#website"},"primaryImageOfPage":{"@id":"https:\/\/airrent.ge\/fr\/produit\/anemometer-windsensor-riso-p2546d-opr\/#primaryimage"},"image":{"@id":"https:\/\/airrent.ge\/fr\/produit\/anemometer-windsensor-riso-p2546d-opr\/#primaryimage"},"thumbnailUrl":"https:\/\/airrent.ge\/wp-content\/uploads\/2025\/05\/anemometer-windsensor-p2546a.jpg__490x490_q85_crop_subsampling-2_upscale.jpg","datePublished":"2025-05-10T18:46:32+00:00","dateModified":"2025-05-10T18:53:30+00:00","breadcrumb":{"@id":"https:\/\/airrent.ge\/fr\/produit\/anemometer-windsensor-riso-p2546d-opr\/#breadcrumb"},"inLanguage":"fr-FR","potentialAction":[{"@type":"ReadAction","target":["https:\/\/airrent.ge\/fr\/produit\/anemometer-windsensor-riso-p2546d-opr\/"]}]},{"@type":"ImageObject","inLanguage":"fr-FR","@id":"https:\/\/airrent.ge\/fr\/produit\/anemometer-windsensor-riso-p2546d-opr\/#primaryimage","url":"https:\/\/airrent.ge\/wp-content\/uploads\/2025\/05\/anemometer-windsensor-p2546a.jpg__490x490_q85_crop_subsampling-2_upscale.jpg","contentUrl":"https:\/\/airrent.ge\/wp-content\/uploads\/2025\/05\/anemometer-windsensor-p2546a.jpg__490x490_q85_crop_subsampling-2_upscale.jpg","width":490,"height":490},{"@type":"BreadcrumbList","@id":"https:\/\/airrent.ge\/fr\/produit\/anemometer-windsensor-riso-p2546d-opr\/#breadcrumb","itemListElement":[{"@type":"ListItem","position":1,"name":"Home","item":"https:\/\/airrent.ge\/fr\/home\/"},{"@type":"ListItem","position":2,"name":"Products","item":"https:\/\/airrent.ge\/fr\/products\/"},{"@type":"ListItem","position":3,"name":"An\u00e9mom\u00e8tre WindSensor (Ris\u00f8) P2546D-OPR"}]},{"@type":"WebSite","@id":"https:\/\/airrent.ge\/#website","url":"https:\/\/airrent.ge\/","name":"airrent.ge","description":"Rental Services","publisher":{"@id":"https:\/\/airrent.ge\/#organization"},"potentialAction":[{"@type":"SearchAction","target":{"@type":"EntryPoint","urlTemplate":"https:\/\/airrent.ge\/?s={search_term_string}"},"query-input":{"@type":"PropertyValueSpecification","valueRequired":true,"valueName":"search_term_string"}}],"inLanguage":"fr-FR"},{"@type":"Organization","@id":"https:\/\/airrent.ge\/#organization","name":"airrent.ge","url":"https:\/\/airrent.ge\/","logo":{"@type":"ImageObject","inLanguage":"fr-FR","@id":"https:\/\/airrent.ge\/#\/schema\/logo\/image\/","url":"https:\/\/airrent.ge\/wp-content\/uploads\/2026\/03\/airrent.png","contentUrl":"https:\/\/airrent.ge\/wp-content\/uploads\/2026\/03\/airrent.png","width":1536,"height":1024,"caption":"airrent.ge"},"image":{"@id":"https:\/\/airrent.ge\/#\/schema\/logo\/image\/"}}]}},"_links":{"self":[{"href":"https:\/\/airrent.ge\/fr\/wp-json\/wp\/v2\/product\/30896","targetHints":{"allow":["GET"]}}],"collection":[{"href":"https:\/\/airrent.ge\/fr\/wp-json\/wp\/v2\/product"}],"about":[{"href":"https:\/\/airrent.ge\/fr\/wp-json\/wp\/v2\/types\/product"}],"wp:featuredmedia":[{"embeddable":true,"href":"https:\/\/airrent.ge\/fr\/wp-json\/wp\/v2\/media\/30891"}],"wp:attachment":[{"href":"https:\/\/airrent.ge\/fr\/wp-json\/wp\/v2\/media?parent=30896"}],"wp:term":[{"taxonomy":"product_brand","embeddable":true,"href":"https:\/\/airrent.ge\/fr\/wp-json\/wp\/v2\/product_brand?post=30896"},{"taxonomy":"product_cat","embeddable":true,"href":"https:\/\/airrent.ge\/fr\/wp-json\/wp\/v2\/product_cat?post=30896"},{"taxonomy":"product_tag","embeddable":true,"href":"https:\/\/airrent.ge\/fr\/wp-json\/wp\/v2\/product_tag?post=30896"}],"curies":[{"name":"wp","href":"https:\/\/api.w.org\/{rel}","templated":true}]}}