{"id":30910,"date":"2025-05-10T22:59:58","date_gmt":"2025-05-10T18:59:58","guid":{"rendered":"https:\/\/airsystems.ge\/shop\/product\/anemometer-young-propeller-for-vertical-measurements-cft-propeller-27106t\/"},"modified":"2025-05-10T23:02:59","modified_gmt":"2025-05-10T19:02:59","slug":"anemometer-young-propeller-for-vertical-measurements-cft-propeller-27106t","status":"publish","type":"product","link":"https:\/\/airrent.ge\/fr\/produit\/anemometer-young-propeller-for-vertical-measurements-cft-propeller-27106t\/","title":{"rendered":"An\u00e9mom\u00e8tre Young Propeller pour mesures verticales, CFT Propeller 27106T"},"content":{"rendered":"<ul>\n<li>Capteur de vitesse d&rsquo;air de pr\u00e9cision \u00e0 seuil bas<br \/>\nH\u00e9lice h\u00e9lico\u00efdale \u00e0 r\u00e9ponse rapide<br \/>\nMesures d&rsquo;air verticales<br \/>\nL&rsquo;an\u00e9mom\u00e8tre \u00e0 h\u00e9lice est un instrument de mesure du vent de pr\u00e9cision \u00e0 axe unique. Il utilise une h\u00e9lice h\u00e9lico\u00efdale \u00e0 r\u00e9ponse rapide et un transducteur tachym\u00e9trique de haute qualit\u00e9 pour produire une tension continue lin\u00e9airement proportionnelle \u00e0 la vitesse de l&rsquo;air.<\/p>\n<p>Le flux d&rsquo;air peut \u00eatre mesur\u00e9 dans toutes les directions, mais l&rsquo;h\u00e9lice ne r\u00e9agit qu&rsquo;\u00e0 la composante parall\u00e8le \u00e0 son axe de rotation. La r\u00e9ponse hors axe se rapproche \u00e9troitement d&rsquo;une courbe cosinuso\u00efdale avec une polarit\u00e9 appropri\u00e9e\u00a0; avec un flux d&rsquo;air perpendiculaire, l&rsquo;h\u00e9lice ne tourne pas.<\/p>\n<p>Le signal de sortie est compatible avec une large gamme de traducteurs de signaux et d&rsquo;enregistreurs de donn\u00e9es. Le mod\u00e8le 27106T avec h\u00e9lice en thermoplastique de fibre de carbone (CFT) offre une sensibilit\u00e9 et une durabilit\u00e9 \u00e9lev\u00e9es.<\/li>\n<\/ul>\n<table border=\"1\" width=\"596\" cellspacing=\"1\" cellpadding=\"1\">\n<thead>\n<tr>\n<th scope=\"col\"><span style=\"font-weight: 400;\">Characteristic<\/span><\/th>\n<th scope=\"col\"><span style=\"font-weight: 400;\">Description \/ Value<\/span><\/th>\n<\/tr>\n<\/thead>\n<tbody>\n<tr>\n<td>Measurement range<\/td>\n<td>0 &#8230; 40 m\/s (axial flow)<br \/>\n0 &#8230; 35 m\/s (all angles)<\/td>\n<\/tr>\n<tr>\n<td>Accuracy<\/td>\n<td>\u00b1 1% (0.0049 m\/s per rpm)<\/td>\n<\/tr>\n<tr>\n<td>Slope<\/td>\n<td>18 m\/s\/V<\/td>\n<\/tr>\n<tr>\n<td>Output voltage<\/td>\n<td>Analog DC voltage proportional to axial wind component.<br \/>\nPolarity reverses with\u00a0 reverse rotation.<br \/>\n1800 rpm (500 mV) = 9 m\/s<br \/>\n\u00b1 1 V = \u00b1 18 m\/s<\/td>\n<\/tr>\n<tr>\n<td>Threshold sensitivity<\/td>\n<td>0.4 m\/s<\/td>\n<\/tr>\n<tr>\n<td>Operating temperature<\/td>\n<td>-50 &#8230; 50\u00b0C<\/td>\n<\/tr>\n<tr>\n<td>Propeller<\/td>\n<td>4-blade helicoid propeller molded of carbon fiber thermoplastic<\/td>\n<\/tr>\n<tr>\n<td>Dimensions<\/td>\n<td>Length: 43 cm, housing diameter: 2.5 cm, propeller diameter: 20 cm<\/td>\n<\/tr>\n<tr>\n<td>Weight<\/td>\n<td>0.5 kg<\/td>\n<\/tr>\n<tr>\n<td>Mounting<\/td>\n<td>3\/4 \u201c pipe thread adapter<\/td>\n<\/tr>\n<tr>\n<td>Manufacturer<\/td>\n<td>Gill \/ Young<\/td>\n<\/tr>\n<\/tbody>\n<\/table>\n","protected":false},"excerpt":{"rendered":"<h3>R\u00e9f\u00e9rence<\/h3>\n<p>S17100<\/p>\n","protected":false},"featured_media":30905,"template":"","meta":[],"product_brand":[],"product_cat":[1421,1415,1335],"product_tag":[],"class_list":{"0":"post-30910","1":"product","2":"type-product","3":"status-publish","4":"has-post-thumbnail","6":"product_cat-anemometre","7":"product_cat-capteur-de-vent","8":"product_cat-energies-renouvelables-mesure-de-lenergie-eolienne-et-solaire-fr","10":"first","11":"instock","12":"shipping-taxable","13":"product-type-simple"},"yoast_head":"<!-- This site is optimized with the Yoast SEO plugin v27.1.1 - https:\/\/yoast.com\/product\/yoast-seo-wordpress\/ -->\n<title>An\u00e9mom\u00e8tre Young Propeller pour mesures verticales, CFT Propeller 27106T - AirRent.ge<\/title>\n<meta name=\"robots\" content=\"index, follow, max-snippet:-1, max-image-preview:large, max-video-preview:-1\" \/>\n<link rel=\"canonical\" href=\"https:\/\/airrent.ge\/fr\/produit\/anemometer-young-propeller-for-vertical-measurements-cft-propeller-27106t\/\" \/>\n<meta property=\"og:locale\" content=\"fr_FR\" \/>\n<meta property=\"og:type\" content=\"article\" \/>\n<meta property=\"og:title\" content=\"An\u00e9mom\u00e8tre Young Propeller pour mesures verticales, CFT Propeller 27106T - AirRent.ge\" \/>\n<meta property=\"og:description\" content=\"R\u00e9f\u00e9rence S17100\" \/>\n<meta property=\"og:url\" content=\"https:\/\/airrent.ge\/fr\/produit\/anemometer-young-propeller-for-vertical-measurements-cft-propeller-27106t\/\" \/>\n<meta property=\"og:site_name\" content=\"AirRent.ge\" \/>\n<meta property=\"article:modified_time\" content=\"2025-05-10T19:02:59+00:00\" \/>\n<meta property=\"og:image\" content=\"https:\/\/airrent.ge\/wp-content\/uploads\/2025\/05\/anemometer-young-propeller.jpg__490x490_q85_crop_subsampling-2_upscale.jpg\" \/>\n\t<meta property=\"og:image:width\" content=\"490\" \/>\n\t<meta property=\"og:image:height\" content=\"490\" \/>\n\t<meta property=\"og:image:type\" content=\"image\/jpeg\" \/>\n<meta name=\"twitter:card\" content=\"summary_large_image\" \/>\n<meta name=\"twitter:label1\" content=\"Dur\u00e9e de lecture estim\u00e9e\" \/>\n\t<meta name=\"twitter:data1\" content=\"1 minute\" \/>\n<script type=\"application\/ld+json\" class=\"yoast-schema-graph\">{\"@context\":\"https:\/\/schema.org\",\"@graph\":[{\"@type\":\"WebPage\",\"@id\":\"https:\/\/airrent.ge\/fr\/produit\/anemometer-young-propeller-for-vertical-measurements-cft-propeller-27106t\/\",\"url\":\"https:\/\/airrent.ge\/fr\/produit\/anemometer-young-propeller-for-vertical-measurements-cft-propeller-27106t\/\",\"name\":\"An\u00e9mom\u00e8tre Young Propeller pour mesures verticales, CFT Propeller 27106T - AirRent.ge\",\"isPartOf\":{\"@id\":\"https:\/\/airrent.ge\/#website\"},\"primaryImageOfPage\":{\"@id\":\"https:\/\/airrent.ge\/fr\/produit\/anemometer-young-propeller-for-vertical-measurements-cft-propeller-27106t\/#primaryimage\"},\"image\":{\"@id\":\"https:\/\/airrent.ge\/fr\/produit\/anemometer-young-propeller-for-vertical-measurements-cft-propeller-27106t\/#primaryimage\"},\"thumbnailUrl\":\"https:\/\/airrent.ge\/wp-content\/uploads\/2025\/05\/anemometer-young-propeller.jpg__490x490_q85_crop_subsampling-2_upscale.jpg\",\"datePublished\":\"2025-05-10T18:59:58+00:00\",\"dateModified\":\"2025-05-10T19:02:59+00:00\",\"breadcrumb\":{\"@id\":\"https:\/\/airrent.ge\/fr\/produit\/anemometer-young-propeller-for-vertical-measurements-cft-propeller-27106t\/#breadcrumb\"},\"inLanguage\":\"fr-FR\",\"potentialAction\":[{\"@type\":\"ReadAction\",\"target\":[\"https:\/\/airrent.ge\/fr\/produit\/anemometer-young-propeller-for-vertical-measurements-cft-propeller-27106t\/\"]}]},{\"@type\":\"ImageObject\",\"inLanguage\":\"fr-FR\",\"@id\":\"https:\/\/airrent.ge\/fr\/produit\/anemometer-young-propeller-for-vertical-measurements-cft-propeller-27106t\/#primaryimage\",\"url\":\"https:\/\/airrent.ge\/wp-content\/uploads\/2025\/05\/anemometer-young-propeller.jpg__490x490_q85_crop_subsampling-2_upscale.jpg\",\"contentUrl\":\"https:\/\/airrent.ge\/wp-content\/uploads\/2025\/05\/anemometer-young-propeller.jpg__490x490_q85_crop_subsampling-2_upscale.jpg\",\"width\":490,\"height\":490},{\"@type\":\"BreadcrumbList\",\"@id\":\"https:\/\/airrent.ge\/fr\/produit\/anemometer-young-propeller-for-vertical-measurements-cft-propeller-27106t\/#breadcrumb\",\"itemListElement\":[{\"@type\":\"ListItem\",\"position\":1,\"name\":\"Home\",\"item\":\"https:\/\/airrent.ge\/fr\/home\/\"},{\"@type\":\"ListItem\",\"position\":2,\"name\":\"Products\",\"item\":\"https:\/\/airrent.ge\/fr\/products\/\"},{\"@type\":\"ListItem\",\"position\":3,\"name\":\"An\u00e9mom\u00e8tre Young Propeller pour mesures verticales, CFT Propeller 27106T\"}]},{\"@type\":\"WebSite\",\"@id\":\"https:\/\/airrent.ge\/#website\",\"url\":\"https:\/\/airrent.ge\/\",\"name\":\"airrent.ge\",\"description\":\"Rental Services\",\"publisher\":{\"@id\":\"https:\/\/airrent.ge\/#organization\"},\"potentialAction\":[{\"@type\":\"SearchAction\",\"target\":{\"@type\":\"EntryPoint\",\"urlTemplate\":\"https:\/\/airrent.ge\/?s={search_term_string}\"},\"query-input\":{\"@type\":\"PropertyValueSpecification\",\"valueRequired\":true,\"valueName\":\"search_term_string\"}}],\"inLanguage\":\"fr-FR\"},{\"@type\":\"Organization\",\"@id\":\"https:\/\/airrent.ge\/#organization\",\"name\":\"airrent.ge\",\"url\":\"https:\/\/airrent.ge\/\",\"logo\":{\"@type\":\"ImageObject\",\"inLanguage\":\"fr-FR\",\"@id\":\"https:\/\/airrent.ge\/#\/schema\/logo\/image\/\",\"url\":\"https:\/\/airrent.ge\/wp-content\/uploads\/2026\/03\/airrent.png\",\"contentUrl\":\"https:\/\/airrent.ge\/wp-content\/uploads\/2026\/03\/airrent.png\",\"width\":1536,\"height\":1024,\"caption\":\"airrent.ge\"},\"image\":{\"@id\":\"https:\/\/airrent.ge\/#\/schema\/logo\/image\/\"}}]}<\/script>\n<!-- \/ Yoast SEO plugin. -->","yoast_head_json":{"title":"An\u00e9mom\u00e8tre Young Propeller pour mesures verticales, CFT Propeller 27106T - AirRent.ge","robots":{"index":"index","follow":"follow","max-snippet":"max-snippet:-1","max-image-preview":"max-image-preview:large","max-video-preview":"max-video-preview:-1"},"canonical":"https:\/\/airrent.ge\/fr\/produit\/anemometer-young-propeller-for-vertical-measurements-cft-propeller-27106t\/","og_locale":"fr_FR","og_type":"article","og_title":"An\u00e9mom\u00e8tre Young Propeller pour mesures verticales, CFT Propeller 27106T - AirRent.ge","og_description":"R\u00e9f\u00e9rence S17100","og_url":"https:\/\/airrent.ge\/fr\/produit\/anemometer-young-propeller-for-vertical-measurements-cft-propeller-27106t\/","og_site_name":"AirRent.ge","article_modified_time":"2025-05-10T19:02:59+00:00","og_image":[{"width":490,"height":490,"url":"https:\/\/airrent.ge\/wp-content\/uploads\/2025\/05\/anemometer-young-propeller.jpg__490x490_q85_crop_subsampling-2_upscale.jpg","type":"image\/jpeg"}],"twitter_card":"summary_large_image","twitter_misc":{"Dur\u00e9e de lecture estim\u00e9e":"1 minute"},"schema":{"@context":"https:\/\/schema.org","@graph":[{"@type":"WebPage","@id":"https:\/\/airrent.ge\/fr\/produit\/anemometer-young-propeller-for-vertical-measurements-cft-propeller-27106t\/","url":"https:\/\/airrent.ge\/fr\/produit\/anemometer-young-propeller-for-vertical-measurements-cft-propeller-27106t\/","name":"An\u00e9mom\u00e8tre Young Propeller pour mesures verticales, CFT Propeller 27106T - AirRent.ge","isPartOf":{"@id":"https:\/\/airrent.ge\/#website"},"primaryImageOfPage":{"@id":"https:\/\/airrent.ge\/fr\/produit\/anemometer-young-propeller-for-vertical-measurements-cft-propeller-27106t\/#primaryimage"},"image":{"@id":"https:\/\/airrent.ge\/fr\/produit\/anemometer-young-propeller-for-vertical-measurements-cft-propeller-27106t\/#primaryimage"},"thumbnailUrl":"https:\/\/airrent.ge\/wp-content\/uploads\/2025\/05\/anemometer-young-propeller.jpg__490x490_q85_crop_subsampling-2_upscale.jpg","datePublished":"2025-05-10T18:59:58+00:00","dateModified":"2025-05-10T19:02:59+00:00","breadcrumb":{"@id":"https:\/\/airrent.ge\/fr\/produit\/anemometer-young-propeller-for-vertical-measurements-cft-propeller-27106t\/#breadcrumb"},"inLanguage":"fr-FR","potentialAction":[{"@type":"ReadAction","target":["https:\/\/airrent.ge\/fr\/produit\/anemometer-young-propeller-for-vertical-measurements-cft-propeller-27106t\/"]}]},{"@type":"ImageObject","inLanguage":"fr-FR","@id":"https:\/\/airrent.ge\/fr\/produit\/anemometer-young-propeller-for-vertical-measurements-cft-propeller-27106t\/#primaryimage","url":"https:\/\/airrent.ge\/wp-content\/uploads\/2025\/05\/anemometer-young-propeller.jpg__490x490_q85_crop_subsampling-2_upscale.jpg","contentUrl":"https:\/\/airrent.ge\/wp-content\/uploads\/2025\/05\/anemometer-young-propeller.jpg__490x490_q85_crop_subsampling-2_upscale.jpg","width":490,"height":490},{"@type":"BreadcrumbList","@id":"https:\/\/airrent.ge\/fr\/produit\/anemometer-young-propeller-for-vertical-measurements-cft-propeller-27106t\/#breadcrumb","itemListElement":[{"@type":"ListItem","position":1,"name":"Home","item":"https:\/\/airrent.ge\/fr\/home\/"},{"@type":"ListItem","position":2,"name":"Products","item":"https:\/\/airrent.ge\/fr\/products\/"},{"@type":"ListItem","position":3,"name":"An\u00e9mom\u00e8tre Young Propeller pour mesures verticales, CFT Propeller 27106T"}]},{"@type":"WebSite","@id":"https:\/\/airrent.ge\/#website","url":"https:\/\/airrent.ge\/","name":"airrent.ge","description":"Rental Services","publisher":{"@id":"https:\/\/airrent.ge\/#organization"},"potentialAction":[{"@type":"SearchAction","target":{"@type":"EntryPoint","urlTemplate":"https:\/\/airrent.ge\/?s={search_term_string}"},"query-input":{"@type":"PropertyValueSpecification","valueRequired":true,"valueName":"search_term_string"}}],"inLanguage":"fr-FR"},{"@type":"Organization","@id":"https:\/\/airrent.ge\/#organization","name":"airrent.ge","url":"https:\/\/airrent.ge\/","logo":{"@type":"ImageObject","inLanguage":"fr-FR","@id":"https:\/\/airrent.ge\/#\/schema\/logo\/image\/","url":"https:\/\/airrent.ge\/wp-content\/uploads\/2026\/03\/airrent.png","contentUrl":"https:\/\/airrent.ge\/wp-content\/uploads\/2026\/03\/airrent.png","width":1536,"height":1024,"caption":"airrent.ge"},"image":{"@id":"https:\/\/airrent.ge\/#\/schema\/logo\/image\/"}}]}},"_links":{"self":[{"href":"https:\/\/airrent.ge\/fr\/wp-json\/wp\/v2\/product\/30910","targetHints":{"allow":["GET"]}}],"collection":[{"href":"https:\/\/airrent.ge\/fr\/wp-json\/wp\/v2\/product"}],"about":[{"href":"https:\/\/airrent.ge\/fr\/wp-json\/wp\/v2\/types\/product"}],"wp:featuredmedia":[{"embeddable":true,"href":"https:\/\/airrent.ge\/fr\/wp-json\/wp\/v2\/media\/30905"}],"wp:attachment":[{"href":"https:\/\/airrent.ge\/fr\/wp-json\/wp\/v2\/media?parent=30910"}],"wp:term":[{"taxonomy":"product_brand","embeddable":true,"href":"https:\/\/airrent.ge\/fr\/wp-json\/wp\/v2\/product_brand?post=30910"},{"taxonomy":"product_cat","embeddable":true,"href":"https:\/\/airrent.ge\/fr\/wp-json\/wp\/v2\/product_cat?post=30910"},{"taxonomy":"product_tag","embeddable":true,"href":"https:\/\/airrent.ge\/fr\/wp-json\/wp\/v2\/product_tag?post=30910"}],"curies":[{"name":"wp","href":"https:\/\/api.w.org\/{rel}","templated":true}]}}