{"id":31088,"date":"2025-05-11T12:30:07","date_gmt":"2025-05-11T08:30:07","guid":{"rendered":"https:\/\/airsystems.ge\/shop\/product\/precipitation-monitor-thies\/"},"modified":"2025-05-11T12:34:23","modified_gmt":"2025-05-11T08:34:23","slug":"precipitation-monitor-thies","status":"publish","type":"product","link":"https:\/\/airrent.ge\/fr\/produit\/precipitation-monitor-thies\/","title":{"rendered":"Moniteur de pr\u00e9cipitations Thi\u00e8s"},"content":{"rendered":"<div class=\"appBody\">\n<div class=\"productDetail appContainer container\">\n<div id=\"productTabContent\" class=\"tab-content\">\n<div id=\"product-details\" class=\"tab-pane fade active show\" role=\"tabpanel\" aria-labelledby=\"product-details-tab\">\n<p>Le capteur de pr\u00e9cipitations Thi\u00e8s transmet des signaux pour d\u00e9terminer le d\u00e9but et la fin des pr\u00e9cipitations, ainsi que leur dur\u00e9e.<\/p>\n<\/div>\n<\/div>\n<\/div>\n<\/div>\n<footer class=\"appFooter\">\n<div class=\"appFooter__top\">\n<div class=\"container\">\n<table border=\"1\" cellspacing=\"1\" cellpadding=\"1\">\n<thead>\n<tr>\n<th scope=\"col\">Charateristic<\/th>\n<th scope=\"col\">Desciption \/ Value<\/th>\n<\/tr>\n<\/thead>\n<tbody>\n<tr>\n<td>Measuring value<\/td>\n<td>\u00a0Status of precipitation<\/td>\n<\/tr>\n<tr>\n<td>Drop size<\/td>\n<td>\u00a0\u2265 0.2 mm<\/td>\n<\/tr>\n<tr>\n<td>Switch-on condition<\/td>\n<td>1 &#8230; 15 incidences within 50 seconds<\/td>\n<\/tr>\n<tr>\n<td>Switch-on \/-off delay<\/td>\n<td>\u00a0none \/ 25 &#8230; 375 seconds<\/td>\n<\/tr>\n<tr>\n<td><strong>Operating range<\/strong><\/td>\n<td><\/td>\n<\/tr>\n<tr>\n<td>Ambient temperature<\/td>\n<td>-30 &#8230; 60\u00b0C<\/td>\n<\/tr>\n<tr>\n<td><strong>Electrical data\u00a0\u00a0<\/strong><\/td>\n<td><\/td>\n<\/tr>\n<tr>\n<td>Electrical supply<\/td>\n<td>12 &#8211; 28 VDC\/ 50 mA<br \/>\n1,2 A @ 24 VDC<\/td>\n<\/tr>\n<tr>\n<td>Relais<\/td>\n<td>S72100H: HZ Modus A<br \/>\nS72110H: HZ Modus C<\/td>\n<\/tr>\n<tr>\n<td><strong>General\u00a0\u00a0 \u00a0<\/strong><\/td>\n<td><\/td>\n<\/tr>\n<tr>\n<td>Mounting<\/td>\n<td>Mounting on mast tube \u00d8 34 &#8230; 50 mm<\/td>\n<\/tr>\n<tr>\n<td>Dimension<\/td>\n<td>38 x 125 x 136 mm (height x width x length)<\/td>\n<\/tr>\n<tr>\n<td>Weight<\/td>\n<td>0.4 kg<\/td>\n<\/tr>\n<tr>\n<td>Protection<\/td>\n<td>IP 65<\/td>\n<\/tr>\n<tr>\n<td>Manufacturer<\/td>\n<td>Thies<\/td>\n<\/tr>\n<\/tbody>\n<\/table>\n<\/div>\n<\/div>\n<\/footer>\n","protected":false},"excerpt":{"rendered":"<h3>R\u00e9f\u00e9rence\u00a0:<\/h3>\n<p>S72100H\/S72110H<\/p>\n","protected":false},"featured_media":31077,"template":"","meta":[],"product_brand":[],"product_cat":[1446],"product_tag":[],"class_list":{"0":"post-31088","1":"product","2":"type-product","3":"status-publish","4":"has-post-thumbnail","6":"product_cat-capteur-de-precipitations","8":"first","9":"instock","10":"shipping-taxable","11":"product-type-simple"},"yoast_head":"<!-- This site is optimized with the Yoast SEO plugin v27.1.1 - https:\/\/yoast.com\/product\/yoast-seo-wordpress\/ -->\n<title>Moniteur de pr\u00e9cipitations Thi\u00e8s - AirRent.ge<\/title>\n<meta name=\"robots\" content=\"index, follow, max-snippet:-1, max-image-preview:large, max-video-preview:-1\" \/>\n<link rel=\"canonical\" href=\"https:\/\/airrent.ge\/fr\/produit\/precipitation-monitor-thies\/\" \/>\n<meta property=\"og:locale\" content=\"fr_FR\" \/>\n<meta property=\"og:type\" content=\"article\" \/>\n<meta property=\"og:title\" content=\"Moniteur de pr\u00e9cipitations Thi\u00e8s - AirRent.ge\" \/>\n<meta property=\"og:description\" content=\"R\u00e9f\u00e9rence\u00a0: S72100H\/S72110H\" \/>\n<meta property=\"og:url\" content=\"https:\/\/airrent.ge\/fr\/produit\/precipitation-monitor-thies\/\" \/>\n<meta property=\"og:site_name\" content=\"AirRent.ge\" \/>\n<meta property=\"article:modified_time\" content=\"2025-05-11T08:34:23+00:00\" \/>\n<meta property=\"og:image\" content=\"https:\/\/airrent.ge\/wp-content\/uploads\/2025\/05\/thies_precipitationmonitor.jpg__490x490_q85_crop_subsampling-2_upscale.jpg\" \/>\n\t<meta property=\"og:image:width\" content=\"490\" \/>\n\t<meta property=\"og:image:height\" content=\"490\" \/>\n\t<meta property=\"og:image:type\" content=\"image\/jpeg\" \/>\n<meta name=\"twitter:card\" content=\"summary_large_image\" \/>\n<script type=\"application\/ld+json\" class=\"yoast-schema-graph\">{\"@context\":\"https:\/\/schema.org\",\"@graph\":[{\"@type\":\"WebPage\",\"@id\":\"https:\/\/airrent.ge\/fr\/produit\/precipitation-monitor-thies\/\",\"url\":\"https:\/\/airrent.ge\/fr\/produit\/precipitation-monitor-thies\/\",\"name\":\"Moniteur de pr\u00e9cipitations Thi\u00e8s - AirRent.ge\",\"isPartOf\":{\"@id\":\"https:\/\/airrent.ge\/#website\"},\"primaryImageOfPage\":{\"@id\":\"https:\/\/airrent.ge\/fr\/produit\/precipitation-monitor-thies\/#primaryimage\"},\"image\":{\"@id\":\"https:\/\/airrent.ge\/fr\/produit\/precipitation-monitor-thies\/#primaryimage\"},\"thumbnailUrl\":\"https:\/\/airrent.ge\/wp-content\/uploads\/2025\/05\/thies_precipitationmonitor.jpg__490x490_q85_crop_subsampling-2_upscale.jpg\",\"datePublished\":\"2025-05-11T08:30:07+00:00\",\"dateModified\":\"2025-05-11T08:34:23+00:00\",\"breadcrumb\":{\"@id\":\"https:\/\/airrent.ge\/fr\/produit\/precipitation-monitor-thies\/#breadcrumb\"},\"inLanguage\":\"fr-FR\",\"potentialAction\":[{\"@type\":\"ReadAction\",\"target\":[\"https:\/\/airrent.ge\/fr\/produit\/precipitation-monitor-thies\/\"]}]},{\"@type\":\"ImageObject\",\"inLanguage\":\"fr-FR\",\"@id\":\"https:\/\/airrent.ge\/fr\/produit\/precipitation-monitor-thies\/#primaryimage\",\"url\":\"https:\/\/airrent.ge\/wp-content\/uploads\/2025\/05\/thies_precipitationmonitor.jpg__490x490_q85_crop_subsampling-2_upscale.jpg\",\"contentUrl\":\"https:\/\/airrent.ge\/wp-content\/uploads\/2025\/05\/thies_precipitationmonitor.jpg__490x490_q85_crop_subsampling-2_upscale.jpg\",\"width\":490,\"height\":490},{\"@type\":\"BreadcrumbList\",\"@id\":\"https:\/\/airrent.ge\/fr\/produit\/precipitation-monitor-thies\/#breadcrumb\",\"itemListElement\":[{\"@type\":\"ListItem\",\"position\":1,\"name\":\"Home\",\"item\":\"https:\/\/airrent.ge\/fr\/home\/\"},{\"@type\":\"ListItem\",\"position\":2,\"name\":\"Products\",\"item\":\"https:\/\/airrent.ge\/fr\/products\/\"},{\"@type\":\"ListItem\",\"position\":3,\"name\":\"Moniteur de pr\u00e9cipitations Thi\u00e8s\"}]},{\"@type\":\"WebSite\",\"@id\":\"https:\/\/airrent.ge\/#website\",\"url\":\"https:\/\/airrent.ge\/\",\"name\":\"airrent.ge\",\"description\":\"Rental Services\",\"publisher\":{\"@id\":\"https:\/\/airrent.ge\/#organization\"},\"potentialAction\":[{\"@type\":\"SearchAction\",\"target\":{\"@type\":\"EntryPoint\",\"urlTemplate\":\"https:\/\/airrent.ge\/?s={search_term_string}\"},\"query-input\":{\"@type\":\"PropertyValueSpecification\",\"valueRequired\":true,\"valueName\":\"search_term_string\"}}],\"inLanguage\":\"fr-FR\"},{\"@type\":\"Organization\",\"@id\":\"https:\/\/airrent.ge\/#organization\",\"name\":\"airrent.ge\",\"url\":\"https:\/\/airrent.ge\/\",\"logo\":{\"@type\":\"ImageObject\",\"inLanguage\":\"fr-FR\",\"@id\":\"https:\/\/airrent.ge\/#\/schema\/logo\/image\/\",\"url\":\"https:\/\/airrent.ge\/wp-content\/uploads\/2026\/03\/airrent.png\",\"contentUrl\":\"https:\/\/airrent.ge\/wp-content\/uploads\/2026\/03\/airrent.png\",\"width\":1536,\"height\":1024,\"caption\":\"airrent.ge\"},\"image\":{\"@id\":\"https:\/\/airrent.ge\/#\/schema\/logo\/image\/\"}}]}<\/script>\n<!-- \/ Yoast SEO plugin. -->","yoast_head_json":{"title":"Moniteur de pr\u00e9cipitations Thi\u00e8s - AirRent.ge","robots":{"index":"index","follow":"follow","max-snippet":"max-snippet:-1","max-image-preview":"max-image-preview:large","max-video-preview":"max-video-preview:-1"},"canonical":"https:\/\/airrent.ge\/fr\/produit\/precipitation-monitor-thies\/","og_locale":"fr_FR","og_type":"article","og_title":"Moniteur de pr\u00e9cipitations Thi\u00e8s - AirRent.ge","og_description":"R\u00e9f\u00e9rence\u00a0: S72100H\/S72110H","og_url":"https:\/\/airrent.ge\/fr\/produit\/precipitation-monitor-thies\/","og_site_name":"AirRent.ge","article_modified_time":"2025-05-11T08:34:23+00:00","og_image":[{"width":490,"height":490,"url":"https:\/\/airrent.ge\/wp-content\/uploads\/2025\/05\/thies_precipitationmonitor.jpg__490x490_q85_crop_subsampling-2_upscale.jpg","type":"image\/jpeg"}],"twitter_card":"summary_large_image","schema":{"@context":"https:\/\/schema.org","@graph":[{"@type":"WebPage","@id":"https:\/\/airrent.ge\/fr\/produit\/precipitation-monitor-thies\/","url":"https:\/\/airrent.ge\/fr\/produit\/precipitation-monitor-thies\/","name":"Moniteur de pr\u00e9cipitations Thi\u00e8s - AirRent.ge","isPartOf":{"@id":"https:\/\/airrent.ge\/#website"},"primaryImageOfPage":{"@id":"https:\/\/airrent.ge\/fr\/produit\/precipitation-monitor-thies\/#primaryimage"},"image":{"@id":"https:\/\/airrent.ge\/fr\/produit\/precipitation-monitor-thies\/#primaryimage"},"thumbnailUrl":"https:\/\/airrent.ge\/wp-content\/uploads\/2025\/05\/thies_precipitationmonitor.jpg__490x490_q85_crop_subsampling-2_upscale.jpg","datePublished":"2025-05-11T08:30:07+00:00","dateModified":"2025-05-11T08:34:23+00:00","breadcrumb":{"@id":"https:\/\/airrent.ge\/fr\/produit\/precipitation-monitor-thies\/#breadcrumb"},"inLanguage":"fr-FR","potentialAction":[{"@type":"ReadAction","target":["https:\/\/airrent.ge\/fr\/produit\/precipitation-monitor-thies\/"]}]},{"@type":"ImageObject","inLanguage":"fr-FR","@id":"https:\/\/airrent.ge\/fr\/produit\/precipitation-monitor-thies\/#primaryimage","url":"https:\/\/airrent.ge\/wp-content\/uploads\/2025\/05\/thies_precipitationmonitor.jpg__490x490_q85_crop_subsampling-2_upscale.jpg","contentUrl":"https:\/\/airrent.ge\/wp-content\/uploads\/2025\/05\/thies_precipitationmonitor.jpg__490x490_q85_crop_subsampling-2_upscale.jpg","width":490,"height":490},{"@type":"BreadcrumbList","@id":"https:\/\/airrent.ge\/fr\/produit\/precipitation-monitor-thies\/#breadcrumb","itemListElement":[{"@type":"ListItem","position":1,"name":"Home","item":"https:\/\/airrent.ge\/fr\/home\/"},{"@type":"ListItem","position":2,"name":"Products","item":"https:\/\/airrent.ge\/fr\/products\/"},{"@type":"ListItem","position":3,"name":"Moniteur de pr\u00e9cipitations Thi\u00e8s"}]},{"@type":"WebSite","@id":"https:\/\/airrent.ge\/#website","url":"https:\/\/airrent.ge\/","name":"airrent.ge","description":"Rental Services","publisher":{"@id":"https:\/\/airrent.ge\/#organization"},"potentialAction":[{"@type":"SearchAction","target":{"@type":"EntryPoint","urlTemplate":"https:\/\/airrent.ge\/?s={search_term_string}"},"query-input":{"@type":"PropertyValueSpecification","valueRequired":true,"valueName":"search_term_string"}}],"inLanguage":"fr-FR"},{"@type":"Organization","@id":"https:\/\/airrent.ge\/#organization","name":"airrent.ge","url":"https:\/\/airrent.ge\/","logo":{"@type":"ImageObject","inLanguage":"fr-FR","@id":"https:\/\/airrent.ge\/#\/schema\/logo\/image\/","url":"https:\/\/airrent.ge\/wp-content\/uploads\/2026\/03\/airrent.png","contentUrl":"https:\/\/airrent.ge\/wp-content\/uploads\/2026\/03\/airrent.png","width":1536,"height":1024,"caption":"airrent.ge"},"image":{"@id":"https:\/\/airrent.ge\/#\/schema\/logo\/image\/"}}]}},"_links":{"self":[{"href":"https:\/\/airrent.ge\/fr\/wp-json\/wp\/v2\/product\/31088","targetHints":{"allow":["GET"]}}],"collection":[{"href":"https:\/\/airrent.ge\/fr\/wp-json\/wp\/v2\/product"}],"about":[{"href":"https:\/\/airrent.ge\/fr\/wp-json\/wp\/v2\/types\/product"}],"wp:featuredmedia":[{"embeddable":true,"href":"https:\/\/airrent.ge\/fr\/wp-json\/wp\/v2\/media\/31077"}],"wp:attachment":[{"href":"https:\/\/airrent.ge\/fr\/wp-json\/wp\/v2\/media?parent=31088"}],"wp:term":[{"taxonomy":"product_brand","embeddable":true,"href":"https:\/\/airrent.ge\/fr\/wp-json\/wp\/v2\/product_brand?post=31088"},{"taxonomy":"product_cat","embeddable":true,"href":"https:\/\/airrent.ge\/fr\/wp-json\/wp\/v2\/product_cat?post=31088"},{"taxonomy":"product_tag","embeddable":true,"href":"https:\/\/airrent.ge\/fr\/wp-json\/wp\/v2\/product_tag?post=31088"}],"curies":[{"name":"wp","href":"https:\/\/api.w.org\/{rel}","templated":true}]}}