{"id":31419,"date":"2025-05-11T17:39:52","date_gmt":"2025-05-11T13:39:52","guid":{"rendered":"https:\/\/airsystems.ge\/shop\/product\/weather-station-thies-clima-sensor-us\/"},"modified":"2025-05-11T17:42:23","modified_gmt":"2025-05-11T13:42:23","slug":"weather-station-thies-clima-sensor-us","status":"publish","type":"product","link":"https:\/\/airrent.ge\/fr\/produit\/weather-station-thies-clima-sensor-us\/","title":{"rendered":"Station m\u00e9t\u00e9o Thies Clima Sensor US"},"content":{"rendered":"<p>Sa conception compacte, son montage simple et ses diff\u00e9rentes options de sortie de donn\u00e9es permettent une utilisation dans de nombreuses applications.<\/p>\n<p>La vitesse et la direction du vent sont d\u00e9termin\u00e9es par l&rsquo;acquisition des composantes horizontales bidimensionnelles de trajectoires de mesure ultrasonores positionn\u00e9es perpendiculairement l&rsquo;une \u00e0 l&rsquo;autre. La vitesse du son peut \u00e9galement \u00eatre utilis\u00e9e pour calculer et g\u00e9n\u00e9rer la temp\u00e9rature virtuelle acoustique. Le principe de mesure ultrasonore permet une mesure sans inertie des rafales et des valeurs de pointe.<\/p>\n<p>La temp\u00e9rature et l&rsquo;humidit\u00e9 relative de l&rsquo;air sont mesur\u00e9es par un capteur combin\u00e9 de pr\u00e9cision int\u00e9gr\u00e9, \u00e9quip\u00e9 d&rsquo;une protection contre les intemp\u00e9ries et les rayonnements. La pression atmosph\u00e9rique barom\u00e9trique est mesur\u00e9e par un capteur MEM (syst\u00e8me micro\u00e9lectrom\u00e9canique) bas\u00e9 sur la technologie pi\u00e9zor\u00e9sistive.<\/p>\n<p>La mesure de l&rsquo;intensit\u00e9 des pr\u00e9cipitations s&rsquo;effectue sans contact gr\u00e2ce \u00e0 un signal r\u00e9fl\u00e9chi par un radar Doppler. Lors du calcul, l&rsquo;intensit\u00e9 mesur\u00e9e pendant la derni\u00e8re minute est extrapol\u00e9e \u00e0 une valeur horaire. Le type de pr\u00e9cipitations peut \u00eatre d\u00e9termin\u00e9 approximativement \u00e0 partir des valeurs mesur\u00e9es de vitesse, d&rsquo;intensit\u00e9, de temp\u00e9rature et d&rsquo;humidit\u00e9 des pr\u00e9cipitations.<\/p>\n<p>La luminosit\u00e9 est capt\u00e9e par 4 capteurs photo\u00e9lectriques avec courbe de sensibilit\u00e9 spectrale. La direction de la source lumineuse est calcul\u00e9e en fonction des conditions d&rsquo;intensit\u00e9 ambiantes. La caract\u00e9ristique logarithmique d&rsquo;intensit\u00e9 des capteurs photo\u00e9lectriques permet de mesurer et de transmettre des intensit\u00e9s lumineuses sur une large plage, de 1 \u00e0 150\u00a0000 lux.<\/p>\n<p>Un r\u00e9cepteur GPS est utilis\u00e9 pour la d\u00e9termination de la position et comme source en temps r\u00e9el. Il permet \u00e9galement de calculer la position actuelle du soleil. La position, l&rsquo;heure et la position du soleil sont fournies via les interfaces RS485\/RS422.<\/p>\n<p>Une interface RS485\/422 est disponible pour la communication s\u00e9rie. Elle peut fonctionner en mode duplex int\u00e9gral ou semi-duplex. Des t\u00e9l\u00e9grammes de donn\u00e9es pr\u00e9d\u00e9finis sont disponibles pour la transmission des valeurs mesur\u00e9es (par exemple, VD, VDT, NMEA, etc.). Un protocole Modbus RTU est \u00e9galement impl\u00e9ment\u00e9 pour une communication standardis\u00e9e \u00e9tendue. L&rsquo;appareil peut \u00eatre commut\u00e9 en mode Modbus RTU \u00e0 l&rsquo;aide de la commande correspondante.<\/p>\n<p>Le CLIMA SENSOR US est \u00e9quip\u00e9 d&rsquo;un syst\u00e8me de chauffage int\u00e9gr\u00e9.<\/p>\n","protected":false},"excerpt":{"rendered":"<p><strong>Num\u00e9ro de commande<\/strong><br \/>\nS81950<\/p>\n<p>Station m\u00e9t\u00e9o compacte pour la mesure des param\u00e8tres m\u00e9t\u00e9orologiques les plus importants<br \/>\nR\u00e9cepteur GPS int\u00e9gr\u00e9<br \/>\nRS485<br \/>\nProtocole Modbus<\/p>\n<p>Le CLIMA SENSOR US permet l&rsquo;acquisition des param\u00e8tres m\u00e9t\u00e9orologiques les plus importants. Selon son niveau de d\u00e9veloppement, l&rsquo;appareil fournit des donn\u00e9es mesur\u00e9es pour\u00a0:<\/p>\n<p>la vitesse et la direction du vent, moyennes selon les recommandations de l&rsquo;OMM<\/p>\n<p>la temp\u00e9rature de l&rsquo;air<br \/>\nl&rsquo;humidit\u00e9 relative<br \/>\nla pression atmosph\u00e9rique barom\u00e9trique<br \/>\nles pr\u00e9cipitations<br \/>\nla luminosit\u00e9<\/p>\n","protected":false},"featured_media":31402,"template":"","meta":[],"product_brand":[],"product_cat":[1415,1335,1458],"product_tag":[],"class_list":{"0":"post-31419","1":"product","2":"type-product","3":"status-publish","4":"has-post-thumbnail","6":"product_cat-capteur-de-vent","7":"product_cat-energies-renouvelables-mesure-de-lenergie-eolienne-et-solaire-fr","8":"product_cat-station-meteo","10":"first","11":"instock","12":"shipping-taxable","13":"product-type-simple"},"yoast_head":"<!-- This site is optimized with the Yoast SEO plugin v27.1.1 - https:\/\/yoast.com\/product\/yoast-seo-wordpress\/ -->\n<title>Station m\u00e9t\u00e9o Thies Clima Sensor US - AirRent.ge<\/title>\n<meta name=\"robots\" content=\"index, follow, max-snippet:-1, max-image-preview:large, max-video-preview:-1\" \/>\n<link rel=\"canonical\" href=\"https:\/\/airrent.ge\/fr\/produit\/weather-station-thies-clima-sensor-us\/\" \/>\n<meta property=\"og:locale\" content=\"fr_FR\" \/>\n<meta property=\"og:type\" content=\"article\" \/>\n<meta property=\"og:title\" content=\"Station m\u00e9t\u00e9o Thies Clima Sensor US - AirRent.ge\" \/>\n<meta property=\"og:description\" content=\"Num\u00e9ro de commande S81950  Station m\u00e9t\u00e9o compacte pour la mesure des param\u00e8tres m\u00e9t\u00e9orologiques les plus importants R\u00e9cepteur GPS int\u00e9gr\u00e9 RS485 Protocole Modbus  Le CLIMA SENSOR US permet l&#039;acquisition des param\u00e8tres m\u00e9t\u00e9orologiques les plus importants. Selon son niveau de d\u00e9veloppement, l&#039;appareil fournit des donn\u00e9es mesur\u00e9es pour\u00a0:  la vitesse et la direction du vent, moyennes selon les recommandations de l&#039;OMM  la temp\u00e9rature de l&#039;air l&#039;humidit\u00e9 relative la pression atmosph\u00e9rique barom\u00e9trique les pr\u00e9cipitations la luminosit\u00e9\" \/>\n<meta property=\"og:url\" content=\"https:\/\/airrent.ge\/fr\/produit\/weather-station-thies-clima-sensor-us\/\" \/>\n<meta property=\"og:site_name\" content=\"AirRent.ge\" \/>\n<meta property=\"article:modified_time\" content=\"2025-05-11T13:42:23+00:00\" \/>\n<meta property=\"og:image\" content=\"https:\/\/airrent.ge\/wp-content\/uploads\/2025\/05\/weatherstation-thies-climasensorus.png__490x490_q85_crop_subsampling-2_upscale.png\" \/>\n\t<meta property=\"og:image:width\" content=\"490\" \/>\n\t<meta property=\"og:image:height\" content=\"490\" \/>\n\t<meta property=\"og:image:type\" content=\"image\/png\" \/>\n<meta name=\"twitter:card\" content=\"summary_large_image\" \/>\n<meta name=\"twitter:label1\" content=\"Dur\u00e9e de lecture estim\u00e9e\" \/>\n\t<meta name=\"twitter:data1\" content=\"2 minutes\" \/>\n<script type=\"application\/ld+json\" class=\"yoast-schema-graph\">{\"@context\":\"https:\/\/schema.org\",\"@graph\":[{\"@type\":\"WebPage\",\"@id\":\"https:\/\/airrent.ge\/fr\/produit\/weather-station-thies-clima-sensor-us\/\",\"url\":\"https:\/\/airrent.ge\/fr\/produit\/weather-station-thies-clima-sensor-us\/\",\"name\":\"Station m\u00e9t\u00e9o Thies Clima Sensor US - AirRent.ge\",\"isPartOf\":{\"@id\":\"https:\/\/airrent.ge\/#website\"},\"primaryImageOfPage\":{\"@id\":\"https:\/\/airrent.ge\/fr\/produit\/weather-station-thies-clima-sensor-us\/#primaryimage\"},\"image\":{\"@id\":\"https:\/\/airrent.ge\/fr\/produit\/weather-station-thies-clima-sensor-us\/#primaryimage\"},\"thumbnailUrl\":\"https:\/\/airrent.ge\/wp-content\/uploads\/2025\/05\/weatherstation-thies-climasensorus.png__490x490_q85_crop_subsampling-2_upscale.png\",\"datePublished\":\"2025-05-11T13:39:52+00:00\",\"dateModified\":\"2025-05-11T13:42:23+00:00\",\"breadcrumb\":{\"@id\":\"https:\/\/airrent.ge\/fr\/produit\/weather-station-thies-clima-sensor-us\/#breadcrumb\"},\"inLanguage\":\"fr-FR\",\"potentialAction\":[{\"@type\":\"ReadAction\",\"target\":[\"https:\/\/airrent.ge\/fr\/produit\/weather-station-thies-clima-sensor-us\/\"]}]},{\"@type\":\"ImageObject\",\"inLanguage\":\"fr-FR\",\"@id\":\"https:\/\/airrent.ge\/fr\/produit\/weather-station-thies-clima-sensor-us\/#primaryimage\",\"url\":\"https:\/\/airrent.ge\/wp-content\/uploads\/2025\/05\/weatherstation-thies-climasensorus.png__490x490_q85_crop_subsampling-2_upscale.png\",\"contentUrl\":\"https:\/\/airrent.ge\/wp-content\/uploads\/2025\/05\/weatherstation-thies-climasensorus.png__490x490_q85_crop_subsampling-2_upscale.png\",\"width\":490,\"height\":490},{\"@type\":\"BreadcrumbList\",\"@id\":\"https:\/\/airrent.ge\/fr\/produit\/weather-station-thies-clima-sensor-us\/#breadcrumb\",\"itemListElement\":[{\"@type\":\"ListItem\",\"position\":1,\"name\":\"Home\",\"item\":\"https:\/\/airrent.ge\/fr\/home\/\"},{\"@type\":\"ListItem\",\"position\":2,\"name\":\"Products\",\"item\":\"https:\/\/airrent.ge\/fr\/products\/\"},{\"@type\":\"ListItem\",\"position\":3,\"name\":\"Station m\u00e9t\u00e9o Thies Clima Sensor US\"}]},{\"@type\":\"WebSite\",\"@id\":\"https:\/\/airrent.ge\/#website\",\"url\":\"https:\/\/airrent.ge\/\",\"name\":\"airrent.ge\",\"description\":\"Rental Services\",\"publisher\":{\"@id\":\"https:\/\/airrent.ge\/#organization\"},\"potentialAction\":[{\"@type\":\"SearchAction\",\"target\":{\"@type\":\"EntryPoint\",\"urlTemplate\":\"https:\/\/airrent.ge\/?s={search_term_string}\"},\"query-input\":{\"@type\":\"PropertyValueSpecification\",\"valueRequired\":true,\"valueName\":\"search_term_string\"}}],\"inLanguage\":\"fr-FR\"},{\"@type\":\"Organization\",\"@id\":\"https:\/\/airrent.ge\/#organization\",\"name\":\"airrent.ge\",\"url\":\"https:\/\/airrent.ge\/\",\"logo\":{\"@type\":\"ImageObject\",\"inLanguage\":\"fr-FR\",\"@id\":\"https:\/\/airrent.ge\/#\/schema\/logo\/image\/\",\"url\":\"https:\/\/airrent.ge\/wp-content\/uploads\/2026\/03\/airrent.png\",\"contentUrl\":\"https:\/\/airrent.ge\/wp-content\/uploads\/2026\/03\/airrent.png\",\"width\":1536,\"height\":1024,\"caption\":\"airrent.ge\"},\"image\":{\"@id\":\"https:\/\/airrent.ge\/#\/schema\/logo\/image\/\"}}]}<\/script>\n<!-- \/ Yoast SEO plugin. -->","yoast_head_json":{"title":"Station m\u00e9t\u00e9o Thies Clima Sensor US - AirRent.ge","robots":{"index":"index","follow":"follow","max-snippet":"max-snippet:-1","max-image-preview":"max-image-preview:large","max-video-preview":"max-video-preview:-1"},"canonical":"https:\/\/airrent.ge\/fr\/produit\/weather-station-thies-clima-sensor-us\/","og_locale":"fr_FR","og_type":"article","og_title":"Station m\u00e9t\u00e9o Thies Clima Sensor US - AirRent.ge","og_description":"Num\u00e9ro de commande S81950  Station m\u00e9t\u00e9o compacte pour la mesure des param\u00e8tres m\u00e9t\u00e9orologiques les plus importants R\u00e9cepteur GPS int\u00e9gr\u00e9 RS485 Protocole Modbus  Le CLIMA SENSOR US permet l'acquisition des param\u00e8tres m\u00e9t\u00e9orologiques les plus importants. Selon son niveau de d\u00e9veloppement, l'appareil fournit des donn\u00e9es mesur\u00e9es pour\u00a0:  la vitesse et la direction du vent, moyennes selon les recommandations de l'OMM  la temp\u00e9rature de l'air l'humidit\u00e9 relative la pression atmosph\u00e9rique barom\u00e9trique les pr\u00e9cipitations la luminosit\u00e9","og_url":"https:\/\/airrent.ge\/fr\/produit\/weather-station-thies-clima-sensor-us\/","og_site_name":"AirRent.ge","article_modified_time":"2025-05-11T13:42:23+00:00","og_image":[{"width":490,"height":490,"url":"https:\/\/airrent.ge\/wp-content\/uploads\/2025\/05\/weatherstation-thies-climasensorus.png__490x490_q85_crop_subsampling-2_upscale.png","type":"image\/png"}],"twitter_card":"summary_large_image","twitter_misc":{"Dur\u00e9e de lecture estim\u00e9e":"2 minutes"},"schema":{"@context":"https:\/\/schema.org","@graph":[{"@type":"WebPage","@id":"https:\/\/airrent.ge\/fr\/produit\/weather-station-thies-clima-sensor-us\/","url":"https:\/\/airrent.ge\/fr\/produit\/weather-station-thies-clima-sensor-us\/","name":"Station m\u00e9t\u00e9o Thies Clima Sensor US - AirRent.ge","isPartOf":{"@id":"https:\/\/airrent.ge\/#website"},"primaryImageOfPage":{"@id":"https:\/\/airrent.ge\/fr\/produit\/weather-station-thies-clima-sensor-us\/#primaryimage"},"image":{"@id":"https:\/\/airrent.ge\/fr\/produit\/weather-station-thies-clima-sensor-us\/#primaryimage"},"thumbnailUrl":"https:\/\/airrent.ge\/wp-content\/uploads\/2025\/05\/weatherstation-thies-climasensorus.png__490x490_q85_crop_subsampling-2_upscale.png","datePublished":"2025-05-11T13:39:52+00:00","dateModified":"2025-05-11T13:42:23+00:00","breadcrumb":{"@id":"https:\/\/airrent.ge\/fr\/produit\/weather-station-thies-clima-sensor-us\/#breadcrumb"},"inLanguage":"fr-FR","potentialAction":[{"@type":"ReadAction","target":["https:\/\/airrent.ge\/fr\/produit\/weather-station-thies-clima-sensor-us\/"]}]},{"@type":"ImageObject","inLanguage":"fr-FR","@id":"https:\/\/airrent.ge\/fr\/produit\/weather-station-thies-clima-sensor-us\/#primaryimage","url":"https:\/\/airrent.ge\/wp-content\/uploads\/2025\/05\/weatherstation-thies-climasensorus.png__490x490_q85_crop_subsampling-2_upscale.png","contentUrl":"https:\/\/airrent.ge\/wp-content\/uploads\/2025\/05\/weatherstation-thies-climasensorus.png__490x490_q85_crop_subsampling-2_upscale.png","width":490,"height":490},{"@type":"BreadcrumbList","@id":"https:\/\/airrent.ge\/fr\/produit\/weather-station-thies-clima-sensor-us\/#breadcrumb","itemListElement":[{"@type":"ListItem","position":1,"name":"Home","item":"https:\/\/airrent.ge\/fr\/home\/"},{"@type":"ListItem","position":2,"name":"Products","item":"https:\/\/airrent.ge\/fr\/products\/"},{"@type":"ListItem","position":3,"name":"Station m\u00e9t\u00e9o Thies Clima Sensor US"}]},{"@type":"WebSite","@id":"https:\/\/airrent.ge\/#website","url":"https:\/\/airrent.ge\/","name":"airrent.ge","description":"Rental Services","publisher":{"@id":"https:\/\/airrent.ge\/#organization"},"potentialAction":[{"@type":"SearchAction","target":{"@type":"EntryPoint","urlTemplate":"https:\/\/airrent.ge\/?s={search_term_string}"},"query-input":{"@type":"PropertyValueSpecification","valueRequired":true,"valueName":"search_term_string"}}],"inLanguage":"fr-FR"},{"@type":"Organization","@id":"https:\/\/airrent.ge\/#organization","name":"airrent.ge","url":"https:\/\/airrent.ge\/","logo":{"@type":"ImageObject","inLanguage":"fr-FR","@id":"https:\/\/airrent.ge\/#\/schema\/logo\/image\/","url":"https:\/\/airrent.ge\/wp-content\/uploads\/2026\/03\/airrent.png","contentUrl":"https:\/\/airrent.ge\/wp-content\/uploads\/2026\/03\/airrent.png","width":1536,"height":1024,"caption":"airrent.ge"},"image":{"@id":"https:\/\/airrent.ge\/#\/schema\/logo\/image\/"}}]}},"_links":{"self":[{"href":"https:\/\/airrent.ge\/fr\/wp-json\/wp\/v2\/product\/31419","targetHints":{"allow":["GET"]}}],"collection":[{"href":"https:\/\/airrent.ge\/fr\/wp-json\/wp\/v2\/product"}],"about":[{"href":"https:\/\/airrent.ge\/fr\/wp-json\/wp\/v2\/types\/product"}],"wp:featuredmedia":[{"embeddable":true,"href":"https:\/\/airrent.ge\/fr\/wp-json\/wp\/v2\/media\/31402"}],"wp:attachment":[{"href":"https:\/\/airrent.ge\/fr\/wp-json\/wp\/v2\/media?parent=31419"}],"wp:term":[{"taxonomy":"product_brand","embeddable":true,"href":"https:\/\/airrent.ge\/fr\/wp-json\/wp\/v2\/product_brand?post=31419"},{"taxonomy":"product_cat","embeddable":true,"href":"https:\/\/airrent.ge\/fr\/wp-json\/wp\/v2\/product_cat?post=31419"},{"taxonomy":"product_tag","embeddable":true,"href":"https:\/\/airrent.ge\/fr\/wp-json\/wp\/v2\/product_tag?post=31419"}],"curies":[{"name":"wp","href":"https:\/\/api.w.org\/{rel}","templated":true}]}}