{"id":31659,"date":"2025-05-15T00:40:32","date_gmt":"2025-05-14T20:40:32","guid":{"rendered":"https:\/\/airsystems.ge\/shop\/product\/ventilator-mv-01-for-eko-ms-806040-pyranometer\/"},"modified":"2025-05-15T00:47:17","modified_gmt":"2025-05-14T20:47:17","slug":"ventilator-mv-01-for-eko-ms-806040-pyranometer","status":"publish","type":"product","link":"https:\/\/airrent.ge\/fr\/produit\/ventilator-mv-01-for-eko-ms-806040-pyranometer\/","title":{"rendered":"Ventilateur MV-01 pour pyranom\u00e8tre EKO MS-80\/60\/40"},"content":{"rendered":"<ul>\n<li>Combin\u00e9 aux pyranom\u00e8tres MS-80\/60\/40, le ventilateur et le chauffage MV-01 prot\u00e8gent le capteur du pyranom\u00e8tre de la ros\u00e9e, de la glace et de la neige.<br \/>\nLe ventilateur assure la disponibilit\u00e9 des donn\u00e9es du MS-80\/60\/40 quelles que soient les conditions environnementales.<br \/>\nCombin\u00e9 au ventilateur MV-01, votre capteur est conforme aux exigences de la nouvelle norme CEI 61724-1 (Classe A).<\/p>\n<p>La sortie tachym\u00e9trique standard permet de surveiller la vitesse du ventilateur. Le MV-01 est \u00e9quip\u00e9 d&rsquo;un ventilateur \u00e0 faible consommation et d&rsquo;un chauffage efficace, qui peuvent \u00eatre activ\u00e9s et d\u00e9sactiv\u00e9s s\u00e9par\u00e9ment selon les conditions de fonctionnement. Gr\u00e2ce \u00e0 la conception verticale du pare-soleil du pyranom\u00e8tre, la sortie d&rsquo;air reste exempte de neige et de glace. Le ventilateur est prot\u00e9g\u00e9 contre la surchauffe gr\u00e2ce \u00e0 un interrupteur de s\u00e9curit\u00e9 thermique.<\/p>\n<p>Le MV-01 est compatible avec les pyranom\u00e8tres standard secondaire MS-80, de premi\u00e8re classe MS-60 et de seconde classe MS-40.<\/li>\n<\/ul>\n<p>&nbsp;<\/p>\n","protected":false},"excerpt":{"rendered":"<p><strong>R\u00e9f\u00e9rence<\/strong><br \/>\nS64060<\/p>\n","protected":false},"featured_media":31654,"template":"","meta":[],"product_brand":[],"product_cat":[1470,1335,1500],"product_tag":[],"class_list":{"0":"post-31659","1":"product","2":"type-product","3":"status-publish","4":"has-post-thumbnail","6":"product_cat-capteur-solaire","7":"product_cat-energies-renouvelables-mesure-de-lenergie-eolienne-et-solaire-fr","8":"product_cat-pyranometre","10":"first","11":"instock","12":"shipping-taxable","13":"product-type-simple"},"yoast_head":"<!-- This site is optimized with the Yoast SEO plugin v27.1.1 - https:\/\/yoast.com\/product\/yoast-seo-wordpress\/ -->\n<title>Ventilateur MV-01 pour pyranom\u00e8tre EKO MS-80\/60\/40 - AirRent.ge<\/title>\n<meta name=\"robots\" content=\"index, follow, max-snippet:-1, max-image-preview:large, max-video-preview:-1\" \/>\n<link rel=\"canonical\" href=\"https:\/\/airrent.ge\/fr\/produit\/ventilator-mv-01-for-eko-ms-806040-pyranometer\/\" \/>\n<meta property=\"og:locale\" content=\"fr_FR\" \/>\n<meta property=\"og:type\" content=\"article\" \/>\n<meta property=\"og:title\" content=\"Ventilateur MV-01 pour pyranom\u00e8tre EKO MS-80\/60\/40 - AirRent.ge\" \/>\n<meta property=\"og:description\" content=\"R\u00e9f\u00e9rence S64060\" \/>\n<meta property=\"og:url\" content=\"https:\/\/airrent.ge\/fr\/produit\/ventilator-mv-01-for-eko-ms-806040-pyranometer\/\" \/>\n<meta property=\"og:site_name\" content=\"AirRent.ge\" \/>\n<meta property=\"article:modified_time\" content=\"2025-05-14T20:47:17+00:00\" \/>\n<meta property=\"og:image\" content=\"https:\/\/airrent.ge\/wp-content\/uploads\/2025\/05\/ventilator-eko-mv-01.jpg__490x490_q85_crop_subsampling-2_upscale.jpg\" \/>\n\t<meta property=\"og:image:width\" content=\"490\" \/>\n\t<meta property=\"og:image:height\" content=\"490\" \/>\n\t<meta property=\"og:image:type\" content=\"image\/jpeg\" \/>\n<meta name=\"twitter:card\" content=\"summary_large_image\" \/>\n<meta name=\"twitter:label1\" content=\"Dur\u00e9e de lecture estim\u00e9e\" \/>\n\t<meta name=\"twitter:data1\" content=\"1 minute\" \/>\n<script type=\"application\/ld+json\" class=\"yoast-schema-graph\">{\"@context\":\"https:\/\/schema.org\",\"@graph\":[{\"@type\":\"WebPage\",\"@id\":\"https:\/\/airrent.ge\/fr\/produit\/ventilator-mv-01-for-eko-ms-806040-pyranometer\/\",\"url\":\"https:\/\/airrent.ge\/fr\/produit\/ventilator-mv-01-for-eko-ms-806040-pyranometer\/\",\"name\":\"Ventilateur MV-01 pour pyranom\u00e8tre EKO MS-80\/60\/40 - AirRent.ge\",\"isPartOf\":{\"@id\":\"https:\/\/airrent.ge\/#website\"},\"primaryImageOfPage\":{\"@id\":\"https:\/\/airrent.ge\/fr\/produit\/ventilator-mv-01-for-eko-ms-806040-pyranometer\/#primaryimage\"},\"image\":{\"@id\":\"https:\/\/airrent.ge\/fr\/produit\/ventilator-mv-01-for-eko-ms-806040-pyranometer\/#primaryimage\"},\"thumbnailUrl\":\"https:\/\/airrent.ge\/wp-content\/uploads\/2025\/05\/ventilator-eko-mv-01.jpg__490x490_q85_crop_subsampling-2_upscale.jpg\",\"datePublished\":\"2025-05-14T20:40:32+00:00\",\"dateModified\":\"2025-05-14T20:47:17+00:00\",\"breadcrumb\":{\"@id\":\"https:\/\/airrent.ge\/fr\/produit\/ventilator-mv-01-for-eko-ms-806040-pyranometer\/#breadcrumb\"},\"inLanguage\":\"fr-FR\",\"potentialAction\":[{\"@type\":\"ReadAction\",\"target\":[\"https:\/\/airrent.ge\/fr\/produit\/ventilator-mv-01-for-eko-ms-806040-pyranometer\/\"]}]},{\"@type\":\"ImageObject\",\"inLanguage\":\"fr-FR\",\"@id\":\"https:\/\/airrent.ge\/fr\/produit\/ventilator-mv-01-for-eko-ms-806040-pyranometer\/#primaryimage\",\"url\":\"https:\/\/airrent.ge\/wp-content\/uploads\/2025\/05\/ventilator-eko-mv-01.jpg__490x490_q85_crop_subsampling-2_upscale.jpg\",\"contentUrl\":\"https:\/\/airrent.ge\/wp-content\/uploads\/2025\/05\/ventilator-eko-mv-01.jpg__490x490_q85_crop_subsampling-2_upscale.jpg\",\"width\":490,\"height\":490},{\"@type\":\"BreadcrumbList\",\"@id\":\"https:\/\/airrent.ge\/fr\/produit\/ventilator-mv-01-for-eko-ms-806040-pyranometer\/#breadcrumb\",\"itemListElement\":[{\"@type\":\"ListItem\",\"position\":1,\"name\":\"Home\",\"item\":\"https:\/\/airrent.ge\/fr\/home\/\"},{\"@type\":\"ListItem\",\"position\":2,\"name\":\"Products\",\"item\":\"https:\/\/airrent.ge\/fr\/products\/\"},{\"@type\":\"ListItem\",\"position\":3,\"name\":\"Ventilateur MV-01 pour pyranom\u00e8tre EKO MS-80\/60\/40\"}]},{\"@type\":\"WebSite\",\"@id\":\"https:\/\/airrent.ge\/#website\",\"url\":\"https:\/\/airrent.ge\/\",\"name\":\"airrent.ge\",\"description\":\"Rental Services\",\"publisher\":{\"@id\":\"https:\/\/airrent.ge\/#organization\"},\"potentialAction\":[{\"@type\":\"SearchAction\",\"target\":{\"@type\":\"EntryPoint\",\"urlTemplate\":\"https:\/\/airrent.ge\/?s={search_term_string}\"},\"query-input\":{\"@type\":\"PropertyValueSpecification\",\"valueRequired\":true,\"valueName\":\"search_term_string\"}}],\"inLanguage\":\"fr-FR\"},{\"@type\":\"Organization\",\"@id\":\"https:\/\/airrent.ge\/#organization\",\"name\":\"airrent.ge\",\"url\":\"https:\/\/airrent.ge\/\",\"logo\":{\"@type\":\"ImageObject\",\"inLanguage\":\"fr-FR\",\"@id\":\"https:\/\/airrent.ge\/#\/schema\/logo\/image\/\",\"url\":\"https:\/\/airrent.ge\/wp-content\/uploads\/2026\/03\/airrent.png\",\"contentUrl\":\"https:\/\/airrent.ge\/wp-content\/uploads\/2026\/03\/airrent.png\",\"width\":1536,\"height\":1024,\"caption\":\"airrent.ge\"},\"image\":{\"@id\":\"https:\/\/airrent.ge\/#\/schema\/logo\/image\/\"}}]}<\/script>\n<!-- \/ Yoast SEO plugin. -->","yoast_head_json":{"title":"Ventilateur MV-01 pour pyranom\u00e8tre EKO MS-80\/60\/40 - AirRent.ge","robots":{"index":"index","follow":"follow","max-snippet":"max-snippet:-1","max-image-preview":"max-image-preview:large","max-video-preview":"max-video-preview:-1"},"canonical":"https:\/\/airrent.ge\/fr\/produit\/ventilator-mv-01-for-eko-ms-806040-pyranometer\/","og_locale":"fr_FR","og_type":"article","og_title":"Ventilateur MV-01 pour pyranom\u00e8tre EKO MS-80\/60\/40 - AirRent.ge","og_description":"R\u00e9f\u00e9rence S64060","og_url":"https:\/\/airrent.ge\/fr\/produit\/ventilator-mv-01-for-eko-ms-806040-pyranometer\/","og_site_name":"AirRent.ge","article_modified_time":"2025-05-14T20:47:17+00:00","og_image":[{"width":490,"height":490,"url":"https:\/\/airrent.ge\/wp-content\/uploads\/2025\/05\/ventilator-eko-mv-01.jpg__490x490_q85_crop_subsampling-2_upscale.jpg","type":"image\/jpeg"}],"twitter_card":"summary_large_image","twitter_misc":{"Dur\u00e9e de lecture estim\u00e9e":"1 minute"},"schema":{"@context":"https:\/\/schema.org","@graph":[{"@type":"WebPage","@id":"https:\/\/airrent.ge\/fr\/produit\/ventilator-mv-01-for-eko-ms-806040-pyranometer\/","url":"https:\/\/airrent.ge\/fr\/produit\/ventilator-mv-01-for-eko-ms-806040-pyranometer\/","name":"Ventilateur MV-01 pour pyranom\u00e8tre EKO MS-80\/60\/40 - AirRent.ge","isPartOf":{"@id":"https:\/\/airrent.ge\/#website"},"primaryImageOfPage":{"@id":"https:\/\/airrent.ge\/fr\/produit\/ventilator-mv-01-for-eko-ms-806040-pyranometer\/#primaryimage"},"image":{"@id":"https:\/\/airrent.ge\/fr\/produit\/ventilator-mv-01-for-eko-ms-806040-pyranometer\/#primaryimage"},"thumbnailUrl":"https:\/\/airrent.ge\/wp-content\/uploads\/2025\/05\/ventilator-eko-mv-01.jpg__490x490_q85_crop_subsampling-2_upscale.jpg","datePublished":"2025-05-14T20:40:32+00:00","dateModified":"2025-05-14T20:47:17+00:00","breadcrumb":{"@id":"https:\/\/airrent.ge\/fr\/produit\/ventilator-mv-01-for-eko-ms-806040-pyranometer\/#breadcrumb"},"inLanguage":"fr-FR","potentialAction":[{"@type":"ReadAction","target":["https:\/\/airrent.ge\/fr\/produit\/ventilator-mv-01-for-eko-ms-806040-pyranometer\/"]}]},{"@type":"ImageObject","inLanguage":"fr-FR","@id":"https:\/\/airrent.ge\/fr\/produit\/ventilator-mv-01-for-eko-ms-806040-pyranometer\/#primaryimage","url":"https:\/\/airrent.ge\/wp-content\/uploads\/2025\/05\/ventilator-eko-mv-01.jpg__490x490_q85_crop_subsampling-2_upscale.jpg","contentUrl":"https:\/\/airrent.ge\/wp-content\/uploads\/2025\/05\/ventilator-eko-mv-01.jpg__490x490_q85_crop_subsampling-2_upscale.jpg","width":490,"height":490},{"@type":"BreadcrumbList","@id":"https:\/\/airrent.ge\/fr\/produit\/ventilator-mv-01-for-eko-ms-806040-pyranometer\/#breadcrumb","itemListElement":[{"@type":"ListItem","position":1,"name":"Home","item":"https:\/\/airrent.ge\/fr\/home\/"},{"@type":"ListItem","position":2,"name":"Products","item":"https:\/\/airrent.ge\/fr\/products\/"},{"@type":"ListItem","position":3,"name":"Ventilateur MV-01 pour pyranom\u00e8tre EKO MS-80\/60\/40"}]},{"@type":"WebSite","@id":"https:\/\/airrent.ge\/#website","url":"https:\/\/airrent.ge\/","name":"airrent.ge","description":"Rental Services","publisher":{"@id":"https:\/\/airrent.ge\/#organization"},"potentialAction":[{"@type":"SearchAction","target":{"@type":"EntryPoint","urlTemplate":"https:\/\/airrent.ge\/?s={search_term_string}"},"query-input":{"@type":"PropertyValueSpecification","valueRequired":true,"valueName":"search_term_string"}}],"inLanguage":"fr-FR"},{"@type":"Organization","@id":"https:\/\/airrent.ge\/#organization","name":"airrent.ge","url":"https:\/\/airrent.ge\/","logo":{"@type":"ImageObject","inLanguage":"fr-FR","@id":"https:\/\/airrent.ge\/#\/schema\/logo\/image\/","url":"https:\/\/airrent.ge\/wp-content\/uploads\/2026\/03\/airrent.png","contentUrl":"https:\/\/airrent.ge\/wp-content\/uploads\/2026\/03\/airrent.png","width":1536,"height":1024,"caption":"airrent.ge"},"image":{"@id":"https:\/\/airrent.ge\/#\/schema\/logo\/image\/"}}]}},"_links":{"self":[{"href":"https:\/\/airrent.ge\/fr\/wp-json\/wp\/v2\/product\/31659","targetHints":{"allow":["GET"]}}],"collection":[{"href":"https:\/\/airrent.ge\/fr\/wp-json\/wp\/v2\/product"}],"about":[{"href":"https:\/\/airrent.ge\/fr\/wp-json\/wp\/v2\/types\/product"}],"wp:featuredmedia":[{"embeddable":true,"href":"https:\/\/airrent.ge\/fr\/wp-json\/wp\/v2\/media\/31654"}],"wp:attachment":[{"href":"https:\/\/airrent.ge\/fr\/wp-json\/wp\/v2\/media?parent=31659"}],"wp:term":[{"taxonomy":"product_brand","embeddable":true,"href":"https:\/\/airrent.ge\/fr\/wp-json\/wp\/v2\/product_brand?post=31659"},{"taxonomy":"product_cat","embeddable":true,"href":"https:\/\/airrent.ge\/fr\/wp-json\/wp\/v2\/product_cat?post=31659"},{"taxonomy":"product_tag","embeddable":true,"href":"https:\/\/airrent.ge\/fr\/wp-json\/wp\/v2\/product_tag?post=31659"}],"curies":[{"name":"wp","href":"https:\/\/api.w.org\/{rel}","templated":true}]}}