{"id":31932,"date":"2025-05-20T17:27:38","date_gmt":"2025-05-20T13:27:38","guid":{"rendered":"https:\/\/airsystems.ge\/shop\/product\/plumbing-design\/"},"modified":"2025-05-20T17:37:40","modified_gmt":"2025-05-20T13:37:40","slug":"plumbing-design","status":"publish","type":"product","link":"https:\/\/airrent.ge\/fr\/produit\/plumbing-design\/","title":{"rendered":"Conception de la plomberie"},"content":{"rendered":"","protected":false},"excerpt":{"rendered":"<p>La conception d&rsquo;un syst\u00e8me de distribution d&rsquo;eau est un plan directeur pour la construction et l&rsquo;exploitation d&rsquo;un r\u00e9seau de distribution d&rsquo;eau fournissant de l&rsquo;eau potable \u00e0 une communaut\u00e9. La disposition des canalisations, des pompes et des autres infrastructures n\u00e9cessaires pour acheminer l&rsquo;eau d&rsquo;une source, comme une station d&rsquo;\u00e9puration, jusqu&rsquo;aux consommateurs finaux est incluse dans la conception.<\/p>\n","protected":false},"featured_media":31927,"template":"","meta":[],"product_brand":[],"product_cat":[1319,1572],"product_tag":[],"class_list":{"0":"post-31932","1":"product","2":"type-product","3":"status-publish","4":"has-post-thumbnail","6":"product_cat-planification-de-la-conception-mep","7":"product_cat-plumbing-design-fr","9":"first","10":"instock","11":"shipping-taxable","12":"product-type-simple"},"yoast_head":"<!-- This site is optimized with the Yoast SEO plugin v27.1.1 - https:\/\/yoast.com\/product\/yoast-seo-wordpress\/ -->\n<title>Conception de la plomberie - AirRent.ge<\/title>\n<meta name=\"robots\" content=\"index, follow, max-snippet:-1, max-image-preview:large, max-video-preview:-1\" \/>\n<link rel=\"canonical\" href=\"https:\/\/airrent.ge\/fr\/produit\/plumbing-design\/\" \/>\n<meta property=\"og:locale\" content=\"fr_FR\" \/>\n<meta property=\"og:type\" content=\"article\" \/>\n<meta property=\"og:title\" content=\"Conception de la plomberie - AirRent.ge\" \/>\n<meta property=\"og:description\" content=\"La conception d&#039;un syst\u00e8me de distribution d&#039;eau est un plan directeur pour la construction et l&#039;exploitation d&#039;un r\u00e9seau de distribution d&#039;eau fournissant de l&#039;eau potable \u00e0 une communaut\u00e9. La disposition des canalisations, des pompes et des autres infrastructures n\u00e9cessaires pour acheminer l&#039;eau d&#039;une source, comme une station d&#039;\u00e9puration, jusqu&#039;aux consommateurs finaux est incluse dans la conception.\" \/>\n<meta property=\"og:url\" content=\"https:\/\/airrent.ge\/fr\/produit\/plumbing-design\/\" \/>\n<meta property=\"og:site_name\" content=\"AirRent.ge\" \/>\n<meta property=\"article:modified_time\" content=\"2025-05-20T13:37:40+00:00\" \/>\n<meta property=\"og:image\" content=\"https:\/\/airrent.ge\/wp-content\/uploads\/2025\/05\/aquatherm-green-pipe-1.jpg\" \/>\n\t<meta property=\"og:image:width\" content=\"320\" \/>\n\t<meta property=\"og:image:height\" content=\"240\" \/>\n\t<meta property=\"og:image:type\" content=\"image\/jpeg\" \/>\n<meta name=\"twitter:card\" content=\"summary_large_image\" \/>\n<script type=\"application\/ld+json\" class=\"yoast-schema-graph\">{\"@context\":\"https:\/\/schema.org\",\"@graph\":[{\"@type\":\"WebPage\",\"@id\":\"https:\/\/airrent.ge\/fr\/produit\/plumbing-design\/\",\"url\":\"https:\/\/airrent.ge\/fr\/produit\/plumbing-design\/\",\"name\":\"Conception de la plomberie - AirRent.ge\",\"isPartOf\":{\"@id\":\"https:\/\/airrent.ge\/#website\"},\"primaryImageOfPage\":{\"@id\":\"https:\/\/airrent.ge\/fr\/produit\/plumbing-design\/#primaryimage\"},\"image\":{\"@id\":\"https:\/\/airrent.ge\/fr\/produit\/plumbing-design\/#primaryimage\"},\"thumbnailUrl\":\"https:\/\/airrent.ge\/wp-content\/uploads\/2025\/05\/aquatherm-green-pipe-1.jpg\",\"datePublished\":\"2025-05-20T13:27:38+00:00\",\"dateModified\":\"2025-05-20T13:37:40+00:00\",\"breadcrumb\":{\"@id\":\"https:\/\/airrent.ge\/fr\/produit\/plumbing-design\/#breadcrumb\"},\"inLanguage\":\"fr-FR\",\"potentialAction\":[{\"@type\":\"ReadAction\",\"target\":[\"https:\/\/airrent.ge\/fr\/produit\/plumbing-design\/\"]}]},{\"@type\":\"ImageObject\",\"inLanguage\":\"fr-FR\",\"@id\":\"https:\/\/airrent.ge\/fr\/produit\/plumbing-design\/#primaryimage\",\"url\":\"https:\/\/airrent.ge\/wp-content\/uploads\/2025\/05\/aquatherm-green-pipe-1.jpg\",\"contentUrl\":\"https:\/\/airrent.ge\/wp-content\/uploads\/2025\/05\/aquatherm-green-pipe-1.jpg\",\"width\":320,\"height\":240},{\"@type\":\"BreadcrumbList\",\"@id\":\"https:\/\/airrent.ge\/fr\/produit\/plumbing-design\/#breadcrumb\",\"itemListElement\":[{\"@type\":\"ListItem\",\"position\":1,\"name\":\"Home\",\"item\":\"https:\/\/airrent.ge\/fr\/home\/\"},{\"@type\":\"ListItem\",\"position\":2,\"name\":\"Products\",\"item\":\"https:\/\/airrent.ge\/fr\/products\/\"},{\"@type\":\"ListItem\",\"position\":3,\"name\":\"Conception de la plomberie\"}]},{\"@type\":\"WebSite\",\"@id\":\"https:\/\/airrent.ge\/#website\",\"url\":\"https:\/\/airrent.ge\/\",\"name\":\"airrent.ge\",\"description\":\"Rental Services\",\"publisher\":{\"@id\":\"https:\/\/airrent.ge\/#organization\"},\"potentialAction\":[{\"@type\":\"SearchAction\",\"target\":{\"@type\":\"EntryPoint\",\"urlTemplate\":\"https:\/\/airrent.ge\/?s={search_term_string}\"},\"query-input\":{\"@type\":\"PropertyValueSpecification\",\"valueRequired\":true,\"valueName\":\"search_term_string\"}}],\"inLanguage\":\"fr-FR\"},{\"@type\":\"Organization\",\"@id\":\"https:\/\/airrent.ge\/#organization\",\"name\":\"airrent.ge\",\"url\":\"https:\/\/airrent.ge\/\",\"logo\":{\"@type\":\"ImageObject\",\"inLanguage\":\"fr-FR\",\"@id\":\"https:\/\/airrent.ge\/#\/schema\/logo\/image\/\",\"url\":\"https:\/\/airrent.ge\/wp-content\/uploads\/2026\/03\/airrent.png\",\"contentUrl\":\"https:\/\/airrent.ge\/wp-content\/uploads\/2026\/03\/airrent.png\",\"width\":1536,\"height\":1024,\"caption\":\"airrent.ge\"},\"image\":{\"@id\":\"https:\/\/airrent.ge\/#\/schema\/logo\/image\/\"}}]}<\/script>\n<!-- \/ Yoast SEO plugin. -->","yoast_head_json":{"title":"Conception de la plomberie - AirRent.ge","robots":{"index":"index","follow":"follow","max-snippet":"max-snippet:-1","max-image-preview":"max-image-preview:large","max-video-preview":"max-video-preview:-1"},"canonical":"https:\/\/airrent.ge\/fr\/produit\/plumbing-design\/","og_locale":"fr_FR","og_type":"article","og_title":"Conception de la plomberie - AirRent.ge","og_description":"La conception d'un syst\u00e8me de distribution d'eau est un plan directeur pour la construction et l'exploitation d'un r\u00e9seau de distribution d'eau fournissant de l'eau potable \u00e0 une communaut\u00e9. La disposition des canalisations, des pompes et des autres infrastructures n\u00e9cessaires pour acheminer l'eau d'une source, comme une station d'\u00e9puration, jusqu'aux consommateurs finaux est incluse dans la conception.","og_url":"https:\/\/airrent.ge\/fr\/produit\/plumbing-design\/","og_site_name":"AirRent.ge","article_modified_time":"2025-05-20T13:37:40+00:00","og_image":[{"width":320,"height":240,"url":"https:\/\/airrent.ge\/wp-content\/uploads\/2025\/05\/aquatherm-green-pipe-1.jpg","type":"image\/jpeg"}],"twitter_card":"summary_large_image","schema":{"@context":"https:\/\/schema.org","@graph":[{"@type":"WebPage","@id":"https:\/\/airrent.ge\/fr\/produit\/plumbing-design\/","url":"https:\/\/airrent.ge\/fr\/produit\/plumbing-design\/","name":"Conception de la plomberie - AirRent.ge","isPartOf":{"@id":"https:\/\/airrent.ge\/#website"},"primaryImageOfPage":{"@id":"https:\/\/airrent.ge\/fr\/produit\/plumbing-design\/#primaryimage"},"image":{"@id":"https:\/\/airrent.ge\/fr\/produit\/plumbing-design\/#primaryimage"},"thumbnailUrl":"https:\/\/airrent.ge\/wp-content\/uploads\/2025\/05\/aquatherm-green-pipe-1.jpg","datePublished":"2025-05-20T13:27:38+00:00","dateModified":"2025-05-20T13:37:40+00:00","breadcrumb":{"@id":"https:\/\/airrent.ge\/fr\/produit\/plumbing-design\/#breadcrumb"},"inLanguage":"fr-FR","potentialAction":[{"@type":"ReadAction","target":["https:\/\/airrent.ge\/fr\/produit\/plumbing-design\/"]}]},{"@type":"ImageObject","inLanguage":"fr-FR","@id":"https:\/\/airrent.ge\/fr\/produit\/plumbing-design\/#primaryimage","url":"https:\/\/airrent.ge\/wp-content\/uploads\/2025\/05\/aquatherm-green-pipe-1.jpg","contentUrl":"https:\/\/airrent.ge\/wp-content\/uploads\/2025\/05\/aquatherm-green-pipe-1.jpg","width":320,"height":240},{"@type":"BreadcrumbList","@id":"https:\/\/airrent.ge\/fr\/produit\/plumbing-design\/#breadcrumb","itemListElement":[{"@type":"ListItem","position":1,"name":"Home","item":"https:\/\/airrent.ge\/fr\/home\/"},{"@type":"ListItem","position":2,"name":"Products","item":"https:\/\/airrent.ge\/fr\/products\/"},{"@type":"ListItem","position":3,"name":"Conception de la plomberie"}]},{"@type":"WebSite","@id":"https:\/\/airrent.ge\/#website","url":"https:\/\/airrent.ge\/","name":"airrent.ge","description":"Rental Services","publisher":{"@id":"https:\/\/airrent.ge\/#organization"},"potentialAction":[{"@type":"SearchAction","target":{"@type":"EntryPoint","urlTemplate":"https:\/\/airrent.ge\/?s={search_term_string}"},"query-input":{"@type":"PropertyValueSpecification","valueRequired":true,"valueName":"search_term_string"}}],"inLanguage":"fr-FR"},{"@type":"Organization","@id":"https:\/\/airrent.ge\/#organization","name":"airrent.ge","url":"https:\/\/airrent.ge\/","logo":{"@type":"ImageObject","inLanguage":"fr-FR","@id":"https:\/\/airrent.ge\/#\/schema\/logo\/image\/","url":"https:\/\/airrent.ge\/wp-content\/uploads\/2026\/03\/airrent.png","contentUrl":"https:\/\/airrent.ge\/wp-content\/uploads\/2026\/03\/airrent.png","width":1536,"height":1024,"caption":"airrent.ge"},"image":{"@id":"https:\/\/airrent.ge\/#\/schema\/logo\/image\/"}}]}},"_links":{"self":[{"href":"https:\/\/airrent.ge\/fr\/wp-json\/wp\/v2\/product\/31932","targetHints":{"allow":["GET"]}}],"collection":[{"href":"https:\/\/airrent.ge\/fr\/wp-json\/wp\/v2\/product"}],"about":[{"href":"https:\/\/airrent.ge\/fr\/wp-json\/wp\/v2\/types\/product"}],"wp:featuredmedia":[{"embeddable":true,"href":"https:\/\/airrent.ge\/fr\/wp-json\/wp\/v2\/media\/31927"}],"wp:attachment":[{"href":"https:\/\/airrent.ge\/fr\/wp-json\/wp\/v2\/media?parent=31932"}],"wp:term":[{"taxonomy":"product_brand","embeddable":true,"href":"https:\/\/airrent.ge\/fr\/wp-json\/wp\/v2\/product_brand?post=31932"},{"taxonomy":"product_cat","embeddable":true,"href":"https:\/\/airrent.ge\/fr\/wp-json\/wp\/v2\/product_cat?post=31932"},{"taxonomy":"product_tag","embeddable":true,"href":"https:\/\/airrent.ge\/fr\/wp-json\/wp\/v2\/product_tag?post=31932"}],"curies":[{"name":"wp","href":"https:\/\/api.w.org\/{rel}","templated":true}]}}