{"id":33162,"date":"2025-05-25T15:26:52","date_gmt":"2025-05-25T11:26:52","guid":{"rendered":"https:\/\/airsystems.ge\/shop\/product\/minis-mr-mc\/"},"modified":"2025-05-25T15:28:26","modified_gmt":"2025-05-25T11:28:26","slug":"minis-mr-mc","status":"publish","type":"product","link":"https:\/\/airrent.ge\/fr\/produit\/minis-mr-mc\/","title":{"rendered":"Minis (MR-MC)"},"content":{"rendered":"<p><a class=\"elementor-button elementor-button-link elementor-size-sm\" href=\"https:\/\/www.enextechnologies.com\/wp-content\/uploads\/2024\/07\/MR-MC.pdf\" target=\"_blank\" rel=\"noopener\"><span class=\"elementor-button-content-wrapper\"><span class=\"elementor-button-text\">DOWNLOAD<\/span><\/span><\/a><\/p>\n","protected":false},"excerpt":{"rendered":"<div class=\"elementor-element elementor-element-6799186e elementor-widget elementor-widget-heading\" data-id=\"6799186e\" data-element_type=\"widget\" data-widget_type=\"heading.default\">\n<div class=\"elementor-widget-container\">\n<div class=\"elementor-heading-title elementor-size-default\">\n<p>ES<br \/>\nLes \u00e9vaporateurs Kobol ont \u00e9t\u00e9 d\u00e9velopp\u00e9s pour les petites installations comme pour les installations industrielles, garantissant une puissance frigorifique de 0,7 kW \u00e0 168,5 kW. Nous proposons plus de 200 mod\u00e8les pour aider nos clients \u00e0 choisir le meilleur choix pour chaque segment et application de refroidissement. Tous nos \u00e9vaporateurs utilisent des composants de haute qualit\u00e9 qui garantissent une longue dur\u00e9e de vie et des performances \u00e9lev\u00e9es en toutes circonstances. Prot\u00e9g\u00e9s contre la corrosion, ils sont disponibles en diff\u00e9rentes finitions et peuvent \u00eatre con\u00e7us pour fonctionner comme refroidisseurs de saumure avec de l&rsquo;eau glycol\u00e9e et pour les \u00e9vaporateurs de CO\u2082.<\/p>\n<p>Cette gamme est id\u00e9ale pour les petites chambres froides, que ce soit pour les applications de refroidissement ou de cong\u00e9lation.<\/p>\n<p>10 mod\u00e8les sont disponibles, avec des puissances allant de 841 W \u00e0 4\u00a0114 W pour les applications de refroidissement (s\u00e9rie MR) et de 716 W \u00e0 3\u00a0840 W pour les applications de cong\u00e9lation (s\u00e9rie MC).<\/p>\n<\/div>\n<\/div>\n<\/div>\n","protected":false},"featured_media":33145,"template":"","meta":[],"product_brand":[],"product_cat":[682,1642],"product_tag":[],"class_list":{"0":"post-33162","1":"product","2":"type-product","3":"status-publish","4":"has-post-thumbnail","6":"product_cat-climatiseurs-fr-industriels","7":"product_cat-evaporateur","9":"first","10":"instock","11":"shipping-taxable","12":"product-type-simple"},"yoast_head":"<!-- This site is optimized with the Yoast SEO plugin v27.1.1 - https:\/\/yoast.com\/product\/yoast-seo-wordpress\/ -->\n<title>Minis (MR-MC) - AirRent.ge<\/title>\n<meta name=\"robots\" content=\"index, follow, max-snippet:-1, max-image-preview:large, max-video-preview:-1\" \/>\n<link rel=\"canonical\" href=\"https:\/\/airrent.ge\/fr\/produit\/minis-mr-mc\/\" \/>\n<meta property=\"og:locale\" content=\"fr_FR\" \/>\n<meta property=\"og:type\" content=\"article\" \/>\n<meta property=\"og:title\" content=\"Minis (MR-MC) - AirRent.ge\" \/>\n<meta property=\"og:description\" content=\"ES Les \u00e9vaporateurs Kobol ont \u00e9t\u00e9 d\u00e9velopp\u00e9s pour les petites installations comme pour les installations industrielles, garantissant une puissance frigorifique de 0,7 kW \u00e0 168,5 kW. Nous proposons plus de 200 mod\u00e8les pour aider nos clients \u00e0 choisir le meilleur choix pour chaque segment et application de refroidissement. Tous nos \u00e9vaporateurs utilisent des composants de haute qualit\u00e9 qui garantissent une longue dur\u00e9e de vie et des performances \u00e9lev\u00e9es en toutes circonstances. Prot\u00e9g\u00e9s contre la corrosion, ils sont disponibles en diff\u00e9rentes finitions et peuvent \u00eatre con\u00e7us pour fonctionner comme refroidisseurs de saumure avec de l&#039;eau glycol\u00e9e et pour les \u00e9vaporateurs de CO\u2082.  Cette gamme est id\u00e9ale pour les petites chambres froides, que ce soit pour les applications de refroidissement ou de cong\u00e9lation.  10 mod\u00e8les sont disponibles, avec des puissances allant de 841 W \u00e0 4\u00a0114 W pour les applications de refroidissement (s\u00e9rie MR) et de 716 W \u00e0 3\u00a0840 W pour les applications de cong\u00e9lation (s\u00e9rie MC).\" \/>\n<meta property=\"og:url\" content=\"https:\/\/airrent.ge\/fr\/produit\/minis-mr-mc\/\" \/>\n<meta property=\"og:site_name\" content=\"AirRent.ge\" \/>\n<meta property=\"article:modified_time\" content=\"2025-05-25T11:28:26+00:00\" \/>\n<meta property=\"og:image\" content=\"https:\/\/airrent.ge\/wp-content\/uploads\/2025\/05\/mini_main.png\" \/>\n\t<meta property=\"og:image:width\" content=\"1280\" \/>\n\t<meta property=\"og:image:height\" content=\"548\" \/>\n\t<meta property=\"og:image:type\" content=\"image\/png\" \/>\n<meta name=\"twitter:card\" content=\"summary_large_image\" \/>\n<script type=\"application\/ld+json\" class=\"yoast-schema-graph\">{\"@context\":\"https:\/\/schema.org\",\"@graph\":[{\"@type\":\"WebPage\",\"@id\":\"https:\/\/airrent.ge\/fr\/produit\/minis-mr-mc\/\",\"url\":\"https:\/\/airrent.ge\/fr\/produit\/minis-mr-mc\/\",\"name\":\"Minis (MR-MC) - AirRent.ge\",\"isPartOf\":{\"@id\":\"https:\/\/airrent.ge\/#website\"},\"primaryImageOfPage\":{\"@id\":\"https:\/\/airrent.ge\/fr\/produit\/minis-mr-mc\/#primaryimage\"},\"image\":{\"@id\":\"https:\/\/airrent.ge\/fr\/produit\/minis-mr-mc\/#primaryimage\"},\"thumbnailUrl\":\"https:\/\/airrent.ge\/wp-content\/uploads\/2025\/05\/mini_main.png\",\"datePublished\":\"2025-05-25T11:26:52+00:00\",\"dateModified\":\"2025-05-25T11:28:26+00:00\",\"breadcrumb\":{\"@id\":\"https:\/\/airrent.ge\/fr\/produit\/minis-mr-mc\/#breadcrumb\"},\"inLanguage\":\"fr-FR\",\"potentialAction\":[{\"@type\":\"ReadAction\",\"target\":[\"https:\/\/airrent.ge\/fr\/produit\/minis-mr-mc\/\"]}]},{\"@type\":\"ImageObject\",\"inLanguage\":\"fr-FR\",\"@id\":\"https:\/\/airrent.ge\/fr\/produit\/minis-mr-mc\/#primaryimage\",\"url\":\"https:\/\/airrent.ge\/wp-content\/uploads\/2025\/05\/mini_main.png\",\"contentUrl\":\"https:\/\/airrent.ge\/wp-content\/uploads\/2025\/05\/mini_main.png\",\"width\":1280,\"height\":548},{\"@type\":\"BreadcrumbList\",\"@id\":\"https:\/\/airrent.ge\/fr\/produit\/minis-mr-mc\/#breadcrumb\",\"itemListElement\":[{\"@type\":\"ListItem\",\"position\":1,\"name\":\"Home\",\"item\":\"https:\/\/airrent.ge\/fr\/home\/\"},{\"@type\":\"ListItem\",\"position\":2,\"name\":\"Products\",\"item\":\"https:\/\/airrent.ge\/fr\/products\/\"},{\"@type\":\"ListItem\",\"position\":3,\"name\":\"Minis (MR-MC)\"}]},{\"@type\":\"WebSite\",\"@id\":\"https:\/\/airrent.ge\/#website\",\"url\":\"https:\/\/airrent.ge\/\",\"name\":\"airrent.ge\",\"description\":\"Rental Services\",\"publisher\":{\"@id\":\"https:\/\/airrent.ge\/#organization\"},\"potentialAction\":[{\"@type\":\"SearchAction\",\"target\":{\"@type\":\"EntryPoint\",\"urlTemplate\":\"https:\/\/airrent.ge\/?s={search_term_string}\"},\"query-input\":{\"@type\":\"PropertyValueSpecification\",\"valueRequired\":true,\"valueName\":\"search_term_string\"}}],\"inLanguage\":\"fr-FR\"},{\"@type\":\"Organization\",\"@id\":\"https:\/\/airrent.ge\/#organization\",\"name\":\"airrent.ge\",\"url\":\"https:\/\/airrent.ge\/\",\"logo\":{\"@type\":\"ImageObject\",\"inLanguage\":\"fr-FR\",\"@id\":\"https:\/\/airrent.ge\/#\/schema\/logo\/image\/\",\"url\":\"https:\/\/airrent.ge\/wp-content\/uploads\/2026\/03\/airrent.png\",\"contentUrl\":\"https:\/\/airrent.ge\/wp-content\/uploads\/2026\/03\/airrent.png\",\"width\":1536,\"height\":1024,\"caption\":\"airrent.ge\"},\"image\":{\"@id\":\"https:\/\/airrent.ge\/#\/schema\/logo\/image\/\"}}]}<\/script>\n<!-- \/ Yoast SEO plugin. -->","yoast_head_json":{"title":"Minis (MR-MC) - AirRent.ge","robots":{"index":"index","follow":"follow","max-snippet":"max-snippet:-1","max-image-preview":"max-image-preview:large","max-video-preview":"max-video-preview:-1"},"canonical":"https:\/\/airrent.ge\/fr\/produit\/minis-mr-mc\/","og_locale":"fr_FR","og_type":"article","og_title":"Minis (MR-MC) - AirRent.ge","og_description":"ES Les \u00e9vaporateurs Kobol ont \u00e9t\u00e9 d\u00e9velopp\u00e9s pour les petites installations comme pour les installations industrielles, garantissant une puissance frigorifique de 0,7 kW \u00e0 168,5 kW. Nous proposons plus de 200 mod\u00e8les pour aider nos clients \u00e0 choisir le meilleur choix pour chaque segment et application de refroidissement. Tous nos \u00e9vaporateurs utilisent des composants de haute qualit\u00e9 qui garantissent une longue dur\u00e9e de vie et des performances \u00e9lev\u00e9es en toutes circonstances. Prot\u00e9g\u00e9s contre la corrosion, ils sont disponibles en diff\u00e9rentes finitions et peuvent \u00eatre con\u00e7us pour fonctionner comme refroidisseurs de saumure avec de l'eau glycol\u00e9e et pour les \u00e9vaporateurs de CO\u2082.  Cette gamme est id\u00e9ale pour les petites chambres froides, que ce soit pour les applications de refroidissement ou de cong\u00e9lation.  10 mod\u00e8les sont disponibles, avec des puissances allant de 841 W \u00e0 4\u00a0114 W pour les applications de refroidissement (s\u00e9rie MR) et de 716 W \u00e0 3\u00a0840 W pour les applications de cong\u00e9lation (s\u00e9rie MC).","og_url":"https:\/\/airrent.ge\/fr\/produit\/minis-mr-mc\/","og_site_name":"AirRent.ge","article_modified_time":"2025-05-25T11:28:26+00:00","og_image":[{"width":1280,"height":548,"url":"https:\/\/airrent.ge\/wp-content\/uploads\/2025\/05\/mini_main.png","type":"image\/png"}],"twitter_card":"summary_large_image","schema":{"@context":"https:\/\/schema.org","@graph":[{"@type":"WebPage","@id":"https:\/\/airrent.ge\/fr\/produit\/minis-mr-mc\/","url":"https:\/\/airrent.ge\/fr\/produit\/minis-mr-mc\/","name":"Minis (MR-MC) - AirRent.ge","isPartOf":{"@id":"https:\/\/airrent.ge\/#website"},"primaryImageOfPage":{"@id":"https:\/\/airrent.ge\/fr\/produit\/minis-mr-mc\/#primaryimage"},"image":{"@id":"https:\/\/airrent.ge\/fr\/produit\/minis-mr-mc\/#primaryimage"},"thumbnailUrl":"https:\/\/airrent.ge\/wp-content\/uploads\/2025\/05\/mini_main.png","datePublished":"2025-05-25T11:26:52+00:00","dateModified":"2025-05-25T11:28:26+00:00","breadcrumb":{"@id":"https:\/\/airrent.ge\/fr\/produit\/minis-mr-mc\/#breadcrumb"},"inLanguage":"fr-FR","potentialAction":[{"@type":"ReadAction","target":["https:\/\/airrent.ge\/fr\/produit\/minis-mr-mc\/"]}]},{"@type":"ImageObject","inLanguage":"fr-FR","@id":"https:\/\/airrent.ge\/fr\/produit\/minis-mr-mc\/#primaryimage","url":"https:\/\/airrent.ge\/wp-content\/uploads\/2025\/05\/mini_main.png","contentUrl":"https:\/\/airrent.ge\/wp-content\/uploads\/2025\/05\/mini_main.png","width":1280,"height":548},{"@type":"BreadcrumbList","@id":"https:\/\/airrent.ge\/fr\/produit\/minis-mr-mc\/#breadcrumb","itemListElement":[{"@type":"ListItem","position":1,"name":"Home","item":"https:\/\/airrent.ge\/fr\/home\/"},{"@type":"ListItem","position":2,"name":"Products","item":"https:\/\/airrent.ge\/fr\/products\/"},{"@type":"ListItem","position":3,"name":"Minis (MR-MC)"}]},{"@type":"WebSite","@id":"https:\/\/airrent.ge\/#website","url":"https:\/\/airrent.ge\/","name":"airrent.ge","description":"Rental Services","publisher":{"@id":"https:\/\/airrent.ge\/#organization"},"potentialAction":[{"@type":"SearchAction","target":{"@type":"EntryPoint","urlTemplate":"https:\/\/airrent.ge\/?s={search_term_string}"},"query-input":{"@type":"PropertyValueSpecification","valueRequired":true,"valueName":"search_term_string"}}],"inLanguage":"fr-FR"},{"@type":"Organization","@id":"https:\/\/airrent.ge\/#organization","name":"airrent.ge","url":"https:\/\/airrent.ge\/","logo":{"@type":"ImageObject","inLanguage":"fr-FR","@id":"https:\/\/airrent.ge\/#\/schema\/logo\/image\/","url":"https:\/\/airrent.ge\/wp-content\/uploads\/2026\/03\/airrent.png","contentUrl":"https:\/\/airrent.ge\/wp-content\/uploads\/2026\/03\/airrent.png","width":1536,"height":1024,"caption":"airrent.ge"},"image":{"@id":"https:\/\/airrent.ge\/#\/schema\/logo\/image\/"}}]}},"_links":{"self":[{"href":"https:\/\/airrent.ge\/fr\/wp-json\/wp\/v2\/product\/33162","targetHints":{"allow":["GET"]}}],"collection":[{"href":"https:\/\/airrent.ge\/fr\/wp-json\/wp\/v2\/product"}],"about":[{"href":"https:\/\/airrent.ge\/fr\/wp-json\/wp\/v2\/types\/product"}],"wp:featuredmedia":[{"embeddable":true,"href":"https:\/\/airrent.ge\/fr\/wp-json\/wp\/v2\/media\/33145"}],"wp:attachment":[{"href":"https:\/\/airrent.ge\/fr\/wp-json\/wp\/v2\/media?parent=33162"}],"wp:term":[{"taxonomy":"product_brand","embeddable":true,"href":"https:\/\/airrent.ge\/fr\/wp-json\/wp\/v2\/product_brand?post=33162"},{"taxonomy":"product_cat","embeddable":true,"href":"https:\/\/airrent.ge\/fr\/wp-json\/wp\/v2\/product_cat?post=33162"},{"taxonomy":"product_tag","embeddable":true,"href":"https:\/\/airrent.ge\/fr\/wp-json\/wp\/v2\/product_tag?post=33162"}],"curies":[{"name":"wp","href":"https:\/\/api.w.org\/{rel}","templated":true}]}}