{"id":33286,"date":"2025-05-25T16:03:11","date_gmt":"2025-05-25T12:03:11","guid":{"rendered":"https:\/\/airsystems.ge\/shop\/product\/slim-unit-cooler\/"},"modified":"2025-05-25T16:04:48","modified_gmt":"2025-05-25T12:04:48","slug":"slim-unit-cooler","status":"publish","type":"product","link":"https:\/\/airrent.ge\/fr\/produit\/slim-unit-cooler\/","title":{"rendered":"\u00c9vaporateur compact"},"content":{"rendered":"<div id=\"page\" class=\"site\">\n<div id=\"content\" class=\"site-content\" data-mobile-menu-resolution=\"868\">\n<div class=\"elementor elementor-15803 elementor-location-single post-17757 product type-product status-publish has-post-thumbnail hentry\" data-elementor-type=\"single-post\" data-elementor-id=\"15803\" data-elementor-post-type=\"elementor_library\">\n<div class=\"elementor-element elementor-element-4182285c e-con-full e-flex e-con e-parent e-lazyloaded\" data-id=\"4182285c\" data-element_type=\"container\">\n<div class=\"elementor-element elementor-element-27029276 e-con-full e-flex e-con e-child\" data-id=\"27029276\" data-element_type=\"container\">\n<div class=\"elementor-element elementor-element-427e8a79 e-flex e-con-boxed e-con e-child\" data-id=\"427e8a79\" data-element_type=\"container\">\n<div class=\"e-con-inner\">\n<div class=\"elementor-element elementor-element-6e19ed90 hidebutton mc-bl elementor-align-left elementor-widget elementor-widget-button\" data-id=\"6e19ed90\" data-element_type=\"widget\" data-widget_type=\"button.default\">\n<div class=\"elementor-widget-container\">\n<div class=\"elementor-button-wrapper\"><a class=\"elementor-button elementor-button-link elementor-size-sm\" href=\"https:\/\/www.enextechnologies.com\/wp-content\/uploads\/2024\/09\/One-Pager-SLIM-UNIT-COOLER-OS-BS-ENG.pdf\" target=\"_blank\" rel=\"noopener\"><span class=\"elementor-button-content-wrapper\"><span class=\"elementor-button-text\">ONE PAGER<\/span><\/span><\/a><\/div>\n<\/div>\n<\/div>\n<\/div>\n<\/div>\n<\/div>\n<\/div>\n<\/div>\n<\/div>\n<\/div>\n","protected":false},"excerpt":{"rendered":"<div class=\"elementor-element elementor-element-f80f489 elementor-widget elementor-widget-heading\" data-id=\"f80f489\" data-element_type=\"widget\" data-widget_type=\"heading.default\">\n<div class=\"elementor-widget-container\">\n<div class=\"elementor-heading-title elementor-size-default\">\n<p>OS\/BS\u00a0: \u00c9vaporateurs compacts compacts pour CO2 et saumure<br \/>\nLes unit\u00e9s compactes et compactes ENEX sont id\u00e9ales pour les petites chambres froides destin\u00e9es aux applications de refroidissement ou de cong\u00e9lation. Elles peuvent \u00eatre utilis\u00e9es avec un syst\u00e8me \u00e0 d\u00e9tente directe R744 hautement durable ou une boucle de saumure.<\/p>\n<p>CARACT\u00c9RISTIQUES<\/p>\n<p>Batterie \u00e0 ailettes\u00a0: Construite avec des tubes en cuivre rainur\u00e9s (\u00d8 3\/8\u201d pour la s\u00e9rie MR et \u00d8 1\/2\u201d pour la s\u00e9rie MC) et des ailettes ondul\u00e9es en aluminium, fabriqu\u00e9es selon les sp\u00e9cifications CUPROCLIMA\u00ae.<br \/>\nVentilateurs\u00a0: \u00c9quip\u00e9s de s\u00e9rie de moteurs AC.<br \/>\nMoteurs axiaux monophas\u00e9s (230\u00a0V I 50\/60\u00a0Hz).<br \/>\nConforme \u00e0 la directive ErP. \u00d8 250\u00a0mm. Bo\u00eetier\u00a0: alliage aluminium-magn\u00e9sium (97,5\u00a0% Al \u2013 2,5\u00a0% Mg) pour une protection \u00e9lev\u00e9e contre la corrosion, m\u00eame dans des conditions environnementales extr\u00eames. Bo\u00eetier conforme aux normes d\u2019hygi\u00e8ne alimentaire les plus strictes.<\/p>\n<\/div>\n<\/div>\n<\/div>\n","protected":false},"featured_media":33281,"template":"","meta":[],"product_brand":[],"product_cat":[682,1642],"product_tag":[],"class_list":{"0":"post-33286","1":"product","2":"type-product","3":"status-publish","4":"has-post-thumbnail","6":"product_cat-climatiseurs-fr-industriels","7":"product_cat-evaporateur","9":"first","10":"instock","11":"shipping-taxable","12":"product-type-simple"},"yoast_head":"<!-- This site is optimized with the Yoast SEO plugin v27.1.1 - https:\/\/yoast.com\/product\/yoast-seo-wordpress\/ -->\n<title>\u00c9vaporateur compact - AirRent.ge<\/title>\n<meta name=\"robots\" content=\"index, follow, max-snippet:-1, max-image-preview:large, max-video-preview:-1\" \/>\n<link rel=\"canonical\" href=\"https:\/\/airrent.ge\/fr\/produit\/slim-unit-cooler\/\" \/>\n<meta property=\"og:locale\" content=\"fr_FR\" \/>\n<meta property=\"og:type\" content=\"article\" \/>\n<meta property=\"og:title\" content=\"\u00c9vaporateur compact - AirRent.ge\" \/>\n<meta property=\"og:description\" content=\"OS\/BS\u00a0: \u00c9vaporateurs compacts compacts pour CO2 et saumure Les unit\u00e9s compactes et compactes ENEX sont id\u00e9ales pour les petites chambres froides destin\u00e9es aux applications de refroidissement ou de cong\u00e9lation. Elles peuvent \u00eatre utilis\u00e9es avec un syst\u00e8me \u00e0 d\u00e9tente directe R744 hautement durable ou une boucle de saumure.  CARACT\u00c9RISTIQUES  Batterie \u00e0 ailettes\u00a0: Construite avec des tubes en cuivre rainur\u00e9s (\u00d8 3\/8\u201d pour la s\u00e9rie MR et \u00d8 1\/2\u201d pour la s\u00e9rie MC) et des ailettes ondul\u00e9es en aluminium, fabriqu\u00e9es selon les sp\u00e9cifications CUPROCLIMA\u00ae. Ventilateurs\u00a0: \u00c9quip\u00e9s de s\u00e9rie de moteurs AC. Moteurs axiaux monophas\u00e9s (230\u00a0V I 50\/60\u00a0Hz). Conforme \u00e0 la directive ErP. \u00d8 250\u00a0mm. Bo\u00eetier\u00a0: alliage aluminium-magn\u00e9sium (97,5\u00a0% Al \u2013 2,5\u00a0% Mg) pour une protection \u00e9lev\u00e9e contre la corrosion, m\u00eame dans des conditions environnementales extr\u00eames. Bo\u00eetier conforme aux normes d\u2019hygi\u00e8ne alimentaire les plus strictes.\" \/>\n<meta property=\"og:url\" content=\"https:\/\/airrent.ge\/fr\/produit\/slim-unit-cooler\/\" \/>\n<meta property=\"og:site_name\" content=\"AirRent.ge\" \/>\n<meta property=\"article:modified_time\" content=\"2025-05-25T12:04:48+00:00\" \/>\n<meta property=\"og:image\" content=\"https:\/\/airrent.ge\/wp-content\/uploads\/2025\/05\/PS_slim-compact.jpg\" \/>\n\t<meta property=\"og:image:width\" content=\"830\" \/>\n\t<meta property=\"og:image:height\" content=\"578\" \/>\n\t<meta property=\"og:image:type\" content=\"image\/jpeg\" \/>\n<meta name=\"twitter:card\" content=\"summary_large_image\" \/>\n<script type=\"application\/ld+json\" class=\"yoast-schema-graph\">{\"@context\":\"https:\/\/schema.org\",\"@graph\":[{\"@type\":\"WebPage\",\"@id\":\"https:\/\/airrent.ge\/fr\/produit\/slim-unit-cooler\/\",\"url\":\"https:\/\/airrent.ge\/fr\/produit\/slim-unit-cooler\/\",\"name\":\"\u00c9vaporateur compact - AirRent.ge\",\"isPartOf\":{\"@id\":\"https:\/\/airrent.ge\/#website\"},\"primaryImageOfPage\":{\"@id\":\"https:\/\/airrent.ge\/fr\/produit\/slim-unit-cooler\/#primaryimage\"},\"image\":{\"@id\":\"https:\/\/airrent.ge\/fr\/produit\/slim-unit-cooler\/#primaryimage\"},\"thumbnailUrl\":\"https:\/\/airrent.ge\/wp-content\/uploads\/2025\/05\/PS_slim-compact.jpg\",\"datePublished\":\"2025-05-25T12:03:11+00:00\",\"dateModified\":\"2025-05-25T12:04:48+00:00\",\"breadcrumb\":{\"@id\":\"https:\/\/airrent.ge\/fr\/produit\/slim-unit-cooler\/#breadcrumb\"},\"inLanguage\":\"fr-FR\",\"potentialAction\":[{\"@type\":\"ReadAction\",\"target\":[\"https:\/\/airrent.ge\/fr\/produit\/slim-unit-cooler\/\"]}]},{\"@type\":\"ImageObject\",\"inLanguage\":\"fr-FR\",\"@id\":\"https:\/\/airrent.ge\/fr\/produit\/slim-unit-cooler\/#primaryimage\",\"url\":\"https:\/\/airrent.ge\/wp-content\/uploads\/2025\/05\/PS_slim-compact.jpg\",\"contentUrl\":\"https:\/\/airrent.ge\/wp-content\/uploads\/2025\/05\/PS_slim-compact.jpg\",\"width\":830,\"height\":578},{\"@type\":\"BreadcrumbList\",\"@id\":\"https:\/\/airrent.ge\/fr\/produit\/slim-unit-cooler\/#breadcrumb\",\"itemListElement\":[{\"@type\":\"ListItem\",\"position\":1,\"name\":\"Home\",\"item\":\"https:\/\/airrent.ge\/fr\/home\/\"},{\"@type\":\"ListItem\",\"position\":2,\"name\":\"Products\",\"item\":\"https:\/\/airrent.ge\/fr\/products\/\"},{\"@type\":\"ListItem\",\"position\":3,\"name\":\"\u00c9vaporateur compact\"}]},{\"@type\":\"WebSite\",\"@id\":\"https:\/\/airrent.ge\/#website\",\"url\":\"https:\/\/airrent.ge\/\",\"name\":\"airrent.ge\",\"description\":\"Rental Services\",\"publisher\":{\"@id\":\"https:\/\/airrent.ge\/#organization\"},\"potentialAction\":[{\"@type\":\"SearchAction\",\"target\":{\"@type\":\"EntryPoint\",\"urlTemplate\":\"https:\/\/airrent.ge\/?s={search_term_string}\"},\"query-input\":{\"@type\":\"PropertyValueSpecification\",\"valueRequired\":true,\"valueName\":\"search_term_string\"}}],\"inLanguage\":\"fr-FR\"},{\"@type\":\"Organization\",\"@id\":\"https:\/\/airrent.ge\/#organization\",\"name\":\"airrent.ge\",\"url\":\"https:\/\/airrent.ge\/\",\"logo\":{\"@type\":\"ImageObject\",\"inLanguage\":\"fr-FR\",\"@id\":\"https:\/\/airrent.ge\/#\/schema\/logo\/image\/\",\"url\":\"https:\/\/airrent.ge\/wp-content\/uploads\/2026\/03\/airrent.png\",\"contentUrl\":\"https:\/\/airrent.ge\/wp-content\/uploads\/2026\/03\/airrent.png\",\"width\":1536,\"height\":1024,\"caption\":\"airrent.ge\"},\"image\":{\"@id\":\"https:\/\/airrent.ge\/#\/schema\/logo\/image\/\"}}]}<\/script>\n<!-- \/ Yoast SEO plugin. -->","yoast_head_json":{"title":"\u00c9vaporateur compact - AirRent.ge","robots":{"index":"index","follow":"follow","max-snippet":"max-snippet:-1","max-image-preview":"max-image-preview:large","max-video-preview":"max-video-preview:-1"},"canonical":"https:\/\/airrent.ge\/fr\/produit\/slim-unit-cooler\/","og_locale":"fr_FR","og_type":"article","og_title":"\u00c9vaporateur compact - AirRent.ge","og_description":"OS\/BS\u00a0: \u00c9vaporateurs compacts compacts pour CO2 et saumure Les unit\u00e9s compactes et compactes ENEX sont id\u00e9ales pour les petites chambres froides destin\u00e9es aux applications de refroidissement ou de cong\u00e9lation. Elles peuvent \u00eatre utilis\u00e9es avec un syst\u00e8me \u00e0 d\u00e9tente directe R744 hautement durable ou une boucle de saumure.  CARACT\u00c9RISTIQUES  Batterie \u00e0 ailettes\u00a0: Construite avec des tubes en cuivre rainur\u00e9s (\u00d8 3\/8\u201d pour la s\u00e9rie MR et \u00d8 1\/2\u201d pour la s\u00e9rie MC) et des ailettes ondul\u00e9es en aluminium, fabriqu\u00e9es selon les sp\u00e9cifications CUPROCLIMA\u00ae. Ventilateurs\u00a0: \u00c9quip\u00e9s de s\u00e9rie de moteurs AC. Moteurs axiaux monophas\u00e9s (230\u00a0V I 50\/60\u00a0Hz). Conforme \u00e0 la directive ErP. \u00d8 250\u00a0mm. Bo\u00eetier\u00a0: alliage aluminium-magn\u00e9sium (97,5\u00a0% Al \u2013 2,5\u00a0% Mg) pour une protection \u00e9lev\u00e9e contre la corrosion, m\u00eame dans des conditions environnementales extr\u00eames. Bo\u00eetier conforme aux normes d\u2019hygi\u00e8ne alimentaire les plus strictes.","og_url":"https:\/\/airrent.ge\/fr\/produit\/slim-unit-cooler\/","og_site_name":"AirRent.ge","article_modified_time":"2025-05-25T12:04:48+00:00","og_image":[{"width":830,"height":578,"url":"https:\/\/airrent.ge\/wp-content\/uploads\/2025\/05\/PS_slim-compact.jpg","type":"image\/jpeg"}],"twitter_card":"summary_large_image","schema":{"@context":"https:\/\/schema.org","@graph":[{"@type":"WebPage","@id":"https:\/\/airrent.ge\/fr\/produit\/slim-unit-cooler\/","url":"https:\/\/airrent.ge\/fr\/produit\/slim-unit-cooler\/","name":"\u00c9vaporateur compact - AirRent.ge","isPartOf":{"@id":"https:\/\/airrent.ge\/#website"},"primaryImageOfPage":{"@id":"https:\/\/airrent.ge\/fr\/produit\/slim-unit-cooler\/#primaryimage"},"image":{"@id":"https:\/\/airrent.ge\/fr\/produit\/slim-unit-cooler\/#primaryimage"},"thumbnailUrl":"https:\/\/airrent.ge\/wp-content\/uploads\/2025\/05\/PS_slim-compact.jpg","datePublished":"2025-05-25T12:03:11+00:00","dateModified":"2025-05-25T12:04:48+00:00","breadcrumb":{"@id":"https:\/\/airrent.ge\/fr\/produit\/slim-unit-cooler\/#breadcrumb"},"inLanguage":"fr-FR","potentialAction":[{"@type":"ReadAction","target":["https:\/\/airrent.ge\/fr\/produit\/slim-unit-cooler\/"]}]},{"@type":"ImageObject","inLanguage":"fr-FR","@id":"https:\/\/airrent.ge\/fr\/produit\/slim-unit-cooler\/#primaryimage","url":"https:\/\/airrent.ge\/wp-content\/uploads\/2025\/05\/PS_slim-compact.jpg","contentUrl":"https:\/\/airrent.ge\/wp-content\/uploads\/2025\/05\/PS_slim-compact.jpg","width":830,"height":578},{"@type":"BreadcrumbList","@id":"https:\/\/airrent.ge\/fr\/produit\/slim-unit-cooler\/#breadcrumb","itemListElement":[{"@type":"ListItem","position":1,"name":"Home","item":"https:\/\/airrent.ge\/fr\/home\/"},{"@type":"ListItem","position":2,"name":"Products","item":"https:\/\/airrent.ge\/fr\/products\/"},{"@type":"ListItem","position":3,"name":"\u00c9vaporateur compact"}]},{"@type":"WebSite","@id":"https:\/\/airrent.ge\/#website","url":"https:\/\/airrent.ge\/","name":"airrent.ge","description":"Rental Services","publisher":{"@id":"https:\/\/airrent.ge\/#organization"},"potentialAction":[{"@type":"SearchAction","target":{"@type":"EntryPoint","urlTemplate":"https:\/\/airrent.ge\/?s={search_term_string}"},"query-input":{"@type":"PropertyValueSpecification","valueRequired":true,"valueName":"search_term_string"}}],"inLanguage":"fr-FR"},{"@type":"Organization","@id":"https:\/\/airrent.ge\/#organization","name":"airrent.ge","url":"https:\/\/airrent.ge\/","logo":{"@type":"ImageObject","inLanguage":"fr-FR","@id":"https:\/\/airrent.ge\/#\/schema\/logo\/image\/","url":"https:\/\/airrent.ge\/wp-content\/uploads\/2026\/03\/airrent.png","contentUrl":"https:\/\/airrent.ge\/wp-content\/uploads\/2026\/03\/airrent.png","width":1536,"height":1024,"caption":"airrent.ge"},"image":{"@id":"https:\/\/airrent.ge\/#\/schema\/logo\/image\/"}}]}},"_links":{"self":[{"href":"https:\/\/airrent.ge\/fr\/wp-json\/wp\/v2\/product\/33286","targetHints":{"allow":["GET"]}}],"collection":[{"href":"https:\/\/airrent.ge\/fr\/wp-json\/wp\/v2\/product"}],"about":[{"href":"https:\/\/airrent.ge\/fr\/wp-json\/wp\/v2\/types\/product"}],"wp:featuredmedia":[{"embeddable":true,"href":"https:\/\/airrent.ge\/fr\/wp-json\/wp\/v2\/media\/33281"}],"wp:attachment":[{"href":"https:\/\/airrent.ge\/fr\/wp-json\/wp\/v2\/media?parent=33286"}],"wp:term":[{"taxonomy":"product_brand","embeddable":true,"href":"https:\/\/airrent.ge\/fr\/wp-json\/wp\/v2\/product_brand?post=33286"},{"taxonomy":"product_cat","embeddable":true,"href":"https:\/\/airrent.ge\/fr\/wp-json\/wp\/v2\/product_cat?post=33286"},{"taxonomy":"product_tag","embeddable":true,"href":"https:\/\/airrent.ge\/fr\/wp-json\/wp\/v2\/product_tag?post=33286"}],"curies":[{"name":"wp","href":"https:\/\/api.w.org\/{rel}","templated":true}]}}