{"id":33520,"date":"2025-05-25T21:21:07","date_gmt":"2025-05-25T17:21:07","guid":{"rendered":"https:\/\/airsystems.ge\/shop\/product\/screw-unit-screw-condensing-units\/"},"modified":"2025-05-25T21:22:58","modified_gmt":"2025-05-25T17:22:58","slug":"screw-unit-screw-condensing-units","status":"publish","type":"product","link":"https:\/\/airrent.ge\/fr\/produit\/screw-unit-screw-condensing-units\/","title":{"rendered":"Groupe \u00e0 vis Groupes de condensation \u00e0 vis"},"content":{"rendered":"<p>Nos groupes de condensation \u00e0 vis offrent une efficacit\u00e9 maximale et une consommation \u00e9nerg\u00e9tique r\u00e9duite en utilisant tous les r\u00e9frig\u00e9rants disponibles, y compris les A2L avec un PRG &lt; 150.<\/p>\n<p>Compresseurs \u00e0 vis propos\u00e9s\u00a0:<\/p>\n<p>\u2013 Bitzer<\/p>\n<p>\u2013 SRM Tech<\/p>\n<p>Condenseur mont\u00e9 avec ventilateurs axiaux ou centrifuges.<\/p>\n<p>Options\u00a0:<\/p>\n<p>Armoire \u00e9lectrique mont\u00e9e, c\u00e2bl\u00e9e ou d\u00e9port\u00e9e<br \/>\nHabillage (avec ou sans isolation acoustique)<br \/>\nS\u00e9parateur d&rsquo;huile<br \/>\nAccumulateur d&rsquo;air d&rsquo;aspiration<br \/>\nVariateur de fr\u00e9quence<\/p>\n","protected":false},"excerpt":{"rendered":"<p>Nos groupes de condensation \u00e0 vis offrent une efficacit\u00e9 maximale et une consommation \u00e9nerg\u00e9tique r\u00e9duite en utilisant tous les r\u00e9frig\u00e9rants<\/p>\n","protected":false},"featured_media":33515,"template":"","meta":[],"product_brand":[],"product_cat":[682,1661],"product_tag":[],"class_list":{"0":"post-33520","1":"product","2":"type-product","3":"status-publish","4":"has-post-thumbnail","6":"product_cat-climatiseurs-fr-industriels","7":"product_cat-unite-de-condensation","9":"first","10":"instock","11":"shipping-taxable","12":"product-type-simple"},"yoast_head":"<!-- This site is optimized with the Yoast SEO plugin v27.1.1 - https:\/\/yoast.com\/product\/yoast-seo-wordpress\/ -->\n<title>Groupe \u00e0 vis Groupes de condensation \u00e0 vis - AirRent.ge<\/title>\n<meta name=\"robots\" content=\"index, follow, max-snippet:-1, max-image-preview:large, max-video-preview:-1\" \/>\n<link rel=\"canonical\" href=\"https:\/\/airrent.ge\/fr\/produit\/screw-unit-screw-condensing-units\/\" \/>\n<meta property=\"og:locale\" content=\"fr_FR\" \/>\n<meta property=\"og:type\" content=\"article\" \/>\n<meta property=\"og:title\" content=\"Groupe \u00e0 vis Groupes de condensation \u00e0 vis - AirRent.ge\" \/>\n<meta property=\"og:description\" content=\"Nos groupes de condensation \u00e0 vis offrent une efficacit\u00e9 maximale et une consommation \u00e9nerg\u00e9tique r\u00e9duite en utilisant tous les r\u00e9frig\u00e9rants\" \/>\n<meta property=\"og:url\" content=\"https:\/\/airrent.ge\/fr\/produit\/screw-unit-screw-condensing-units\/\" \/>\n<meta property=\"og:site_name\" content=\"AirRent.ge\" \/>\n<meta property=\"article:modified_time\" content=\"2025-05-25T17:22:58+00:00\" \/>\n<meta property=\"og:image\" content=\"https:\/\/airrent.ge\/wp-content\/uploads\/2025\/05\/SCREW-UNIT-ok-big.png\" \/>\n\t<meta property=\"og:image:width\" content=\"376\" \/>\n\t<meta property=\"og:image:height\" content=\"500\" \/>\n\t<meta property=\"og:image:type\" content=\"image\/png\" \/>\n<meta name=\"twitter:card\" content=\"summary_large_image\" \/>\n<script type=\"application\/ld+json\" class=\"yoast-schema-graph\">{\"@context\":\"https:\/\/schema.org\",\"@graph\":[{\"@type\":\"WebPage\",\"@id\":\"https:\/\/airrent.ge\/fr\/produit\/screw-unit-screw-condensing-units\/\",\"url\":\"https:\/\/airrent.ge\/fr\/produit\/screw-unit-screw-condensing-units\/\",\"name\":\"Groupe \u00e0 vis Groupes de condensation \u00e0 vis - AirRent.ge\",\"isPartOf\":{\"@id\":\"https:\/\/airrent.ge\/#website\"},\"primaryImageOfPage\":{\"@id\":\"https:\/\/airrent.ge\/fr\/produit\/screw-unit-screw-condensing-units\/#primaryimage\"},\"image\":{\"@id\":\"https:\/\/airrent.ge\/fr\/produit\/screw-unit-screw-condensing-units\/#primaryimage\"},\"thumbnailUrl\":\"https:\/\/airrent.ge\/wp-content\/uploads\/2025\/05\/SCREW-UNIT-ok-big.png\",\"datePublished\":\"2025-05-25T17:21:07+00:00\",\"dateModified\":\"2025-05-25T17:22:58+00:00\",\"breadcrumb\":{\"@id\":\"https:\/\/airrent.ge\/fr\/produit\/screw-unit-screw-condensing-units\/#breadcrumb\"},\"inLanguage\":\"fr-FR\",\"potentialAction\":[{\"@type\":\"ReadAction\",\"target\":[\"https:\/\/airrent.ge\/fr\/produit\/screw-unit-screw-condensing-units\/\"]}]},{\"@type\":\"ImageObject\",\"inLanguage\":\"fr-FR\",\"@id\":\"https:\/\/airrent.ge\/fr\/produit\/screw-unit-screw-condensing-units\/#primaryimage\",\"url\":\"https:\/\/airrent.ge\/wp-content\/uploads\/2025\/05\/SCREW-UNIT-ok-big.png\",\"contentUrl\":\"https:\/\/airrent.ge\/wp-content\/uploads\/2025\/05\/SCREW-UNIT-ok-big.png\",\"width\":376,\"height\":500},{\"@type\":\"BreadcrumbList\",\"@id\":\"https:\/\/airrent.ge\/fr\/produit\/screw-unit-screw-condensing-units\/#breadcrumb\",\"itemListElement\":[{\"@type\":\"ListItem\",\"position\":1,\"name\":\"Home\",\"item\":\"https:\/\/airrent.ge\/fr\/home\/\"},{\"@type\":\"ListItem\",\"position\":2,\"name\":\"Products\",\"item\":\"https:\/\/airrent.ge\/fr\/products\/\"},{\"@type\":\"ListItem\",\"position\":3,\"name\":\"Groupe \u00e0 vis Groupes de condensation \u00e0 vis\"}]},{\"@type\":\"WebSite\",\"@id\":\"https:\/\/airrent.ge\/#website\",\"url\":\"https:\/\/airrent.ge\/\",\"name\":\"airrent.ge\",\"description\":\"Rental Services\",\"publisher\":{\"@id\":\"https:\/\/airrent.ge\/#organization\"},\"potentialAction\":[{\"@type\":\"SearchAction\",\"target\":{\"@type\":\"EntryPoint\",\"urlTemplate\":\"https:\/\/airrent.ge\/?s={search_term_string}\"},\"query-input\":{\"@type\":\"PropertyValueSpecification\",\"valueRequired\":true,\"valueName\":\"search_term_string\"}}],\"inLanguage\":\"fr-FR\"},{\"@type\":\"Organization\",\"@id\":\"https:\/\/airrent.ge\/#organization\",\"name\":\"airrent.ge\",\"url\":\"https:\/\/airrent.ge\/\",\"logo\":{\"@type\":\"ImageObject\",\"inLanguage\":\"fr-FR\",\"@id\":\"https:\/\/airrent.ge\/#\/schema\/logo\/image\/\",\"url\":\"https:\/\/airrent.ge\/wp-content\/uploads\/2026\/03\/airrent.png\",\"contentUrl\":\"https:\/\/airrent.ge\/wp-content\/uploads\/2026\/03\/airrent.png\",\"width\":1536,\"height\":1024,\"caption\":\"airrent.ge\"},\"image\":{\"@id\":\"https:\/\/airrent.ge\/#\/schema\/logo\/image\/\"}}]}<\/script>\n<!-- \/ Yoast SEO plugin. -->","yoast_head_json":{"title":"Groupe \u00e0 vis Groupes de condensation \u00e0 vis - AirRent.ge","robots":{"index":"index","follow":"follow","max-snippet":"max-snippet:-1","max-image-preview":"max-image-preview:large","max-video-preview":"max-video-preview:-1"},"canonical":"https:\/\/airrent.ge\/fr\/produit\/screw-unit-screw-condensing-units\/","og_locale":"fr_FR","og_type":"article","og_title":"Groupe \u00e0 vis Groupes de condensation \u00e0 vis - AirRent.ge","og_description":"Nos groupes de condensation \u00e0 vis offrent une efficacit\u00e9 maximale et une consommation \u00e9nerg\u00e9tique r\u00e9duite en utilisant tous les r\u00e9frig\u00e9rants","og_url":"https:\/\/airrent.ge\/fr\/produit\/screw-unit-screw-condensing-units\/","og_site_name":"AirRent.ge","article_modified_time":"2025-05-25T17:22:58+00:00","og_image":[{"width":376,"height":500,"url":"https:\/\/airrent.ge\/wp-content\/uploads\/2025\/05\/SCREW-UNIT-ok-big.png","type":"image\/png"}],"twitter_card":"summary_large_image","schema":{"@context":"https:\/\/schema.org","@graph":[{"@type":"WebPage","@id":"https:\/\/airrent.ge\/fr\/produit\/screw-unit-screw-condensing-units\/","url":"https:\/\/airrent.ge\/fr\/produit\/screw-unit-screw-condensing-units\/","name":"Groupe \u00e0 vis Groupes de condensation \u00e0 vis - AirRent.ge","isPartOf":{"@id":"https:\/\/airrent.ge\/#website"},"primaryImageOfPage":{"@id":"https:\/\/airrent.ge\/fr\/produit\/screw-unit-screw-condensing-units\/#primaryimage"},"image":{"@id":"https:\/\/airrent.ge\/fr\/produit\/screw-unit-screw-condensing-units\/#primaryimage"},"thumbnailUrl":"https:\/\/airrent.ge\/wp-content\/uploads\/2025\/05\/SCREW-UNIT-ok-big.png","datePublished":"2025-05-25T17:21:07+00:00","dateModified":"2025-05-25T17:22:58+00:00","breadcrumb":{"@id":"https:\/\/airrent.ge\/fr\/produit\/screw-unit-screw-condensing-units\/#breadcrumb"},"inLanguage":"fr-FR","potentialAction":[{"@type":"ReadAction","target":["https:\/\/airrent.ge\/fr\/produit\/screw-unit-screw-condensing-units\/"]}]},{"@type":"ImageObject","inLanguage":"fr-FR","@id":"https:\/\/airrent.ge\/fr\/produit\/screw-unit-screw-condensing-units\/#primaryimage","url":"https:\/\/airrent.ge\/wp-content\/uploads\/2025\/05\/SCREW-UNIT-ok-big.png","contentUrl":"https:\/\/airrent.ge\/wp-content\/uploads\/2025\/05\/SCREW-UNIT-ok-big.png","width":376,"height":500},{"@type":"BreadcrumbList","@id":"https:\/\/airrent.ge\/fr\/produit\/screw-unit-screw-condensing-units\/#breadcrumb","itemListElement":[{"@type":"ListItem","position":1,"name":"Home","item":"https:\/\/airrent.ge\/fr\/home\/"},{"@type":"ListItem","position":2,"name":"Products","item":"https:\/\/airrent.ge\/fr\/products\/"},{"@type":"ListItem","position":3,"name":"Groupe \u00e0 vis Groupes de condensation \u00e0 vis"}]},{"@type":"WebSite","@id":"https:\/\/airrent.ge\/#website","url":"https:\/\/airrent.ge\/","name":"airrent.ge","description":"Rental Services","publisher":{"@id":"https:\/\/airrent.ge\/#organization"},"potentialAction":[{"@type":"SearchAction","target":{"@type":"EntryPoint","urlTemplate":"https:\/\/airrent.ge\/?s={search_term_string}"},"query-input":{"@type":"PropertyValueSpecification","valueRequired":true,"valueName":"search_term_string"}}],"inLanguage":"fr-FR"},{"@type":"Organization","@id":"https:\/\/airrent.ge\/#organization","name":"airrent.ge","url":"https:\/\/airrent.ge\/","logo":{"@type":"ImageObject","inLanguage":"fr-FR","@id":"https:\/\/airrent.ge\/#\/schema\/logo\/image\/","url":"https:\/\/airrent.ge\/wp-content\/uploads\/2026\/03\/airrent.png","contentUrl":"https:\/\/airrent.ge\/wp-content\/uploads\/2026\/03\/airrent.png","width":1536,"height":1024,"caption":"airrent.ge"},"image":{"@id":"https:\/\/airrent.ge\/#\/schema\/logo\/image\/"}}]}},"_links":{"self":[{"href":"https:\/\/airrent.ge\/fr\/wp-json\/wp\/v2\/product\/33520","targetHints":{"allow":["GET"]}}],"collection":[{"href":"https:\/\/airrent.ge\/fr\/wp-json\/wp\/v2\/product"}],"about":[{"href":"https:\/\/airrent.ge\/fr\/wp-json\/wp\/v2\/types\/product"}],"wp:featuredmedia":[{"embeddable":true,"href":"https:\/\/airrent.ge\/fr\/wp-json\/wp\/v2\/media\/33515"}],"wp:attachment":[{"href":"https:\/\/airrent.ge\/fr\/wp-json\/wp\/v2\/media?parent=33520"}],"wp:term":[{"taxonomy":"product_brand","embeddable":true,"href":"https:\/\/airrent.ge\/fr\/wp-json\/wp\/v2\/product_brand?post=33520"},{"taxonomy":"product_cat","embeddable":true,"href":"https:\/\/airrent.ge\/fr\/wp-json\/wp\/v2\/product_cat?post=33520"},{"taxonomy":"product_tag","embeddable":true,"href":"https:\/\/airrent.ge\/fr\/wp-json\/wp\/v2\/product_tag?post=33520"}],"curies":[{"name":"wp","href":"https:\/\/api.w.org\/{rel}","templated":true}]}}