{"id":34250,"date":"2025-05-29T19:10:40","date_gmt":"2025-05-29T15:10:40","guid":{"rendered":"https:\/\/airsystems.ge\/shop\/product\/solar-panel-ibex-108mhc-topcon-420-435-black\/"},"modified":"2025-05-29T19:20:14","modified_gmt":"2025-05-29T15:20:14","slug":"solar-panel-ibex-108mhc-topcon-420-435-black","status":"publish","type":"product","link":"https:\/\/airrent.ge\/fr\/produit\/solar-panel-ibex-108mhc-topcon-420-435-black\/","title":{"rendered":"Panneau solaire IBEX 108MHC-TOPCON 420-435 NOIR Solar panel"},"content":{"rendered":"<h2>TECHNICAL DATA<\/h2>\n<div class=\"technical-data-table\">\n<div class=\"row no-gutters technical-data-table-row\">\n<div class=\"col-6\">Power classes: Up 420 to 435 Wp<\/div>\n<\/div>\n<div class=\"row no-gutters technical-data-table-row\">\n<div class=\"col-6\">Efficiency: Up to 22. 28%<\/div>\n<\/div>\n<div class=\"row no-gutters technical-data-table-row\">\n<div class=\"col-6\">Size: 1722 x 1134 x 30 mm<\/div>\n<\/div>\n<div class=\"row no-gutters technical-data-table-row\">\n<div class=\"col-6\">Weight: Up to 21.0 kg<\/div>\n<\/div>\n<div class=\"row no-gutters technical-data-table-row small\">\n<div class=\"col-6\">Warranty<\/div>\n<div class=\"col-6\">At least 97% of nominal power during first year.<br \/>\nThereafter max. 0.5086% degradation per year.<br \/>\nAt least 86.83% of nominal power up to 20 years.<br \/>\nAt least 81.75% of nominal power up to 30 years.<\/div>\n<\/div>\n<div>\n<p>YOU CAN READ MORE INFORMATION IN OUR DATA SHEET:<\/p>\n<p><a class=\"btn btn--theme\" href=\"https:\/\/www.swissenergy-solar.ch\/wp-content\/uploads\/2024\/01\/IBEX-108-MHC-TOPCON-BLACK-420-435_compressed.pdf\" target=\"_blank\" rel=\"noopener\">DATA SHEET<\/a><\/p>\n<\/div>\n<\/div>\n","protected":false},"excerpt":{"rendered":"<div class=\"country\"><b>Con\u00e7u en Suisse<\/b><\/div>\n<div class=\"description\">\n<h2>Technologie TOPCON<\/h2>\n<ul>\n<li>TECHNOLOGIE CELLULAIRE N-TOPCON<br \/>\nCellule PERC de type P<br \/>\nTechnologie 12BB Half-cut<br \/>\nPression maximale test\u00e9e\u00a0: 6\u00a0200\u00a0Pa<br \/>\nTension maximale test\u00e9e\u00a0: 4\u00a0200\u00a0Pa<br \/>\nCO\u00dbT \u00c9LECTRIQUE PAR KILOWATT-HEURE (LCOE) R\u00c9DUIT<br \/>\nFeuille arri\u00e8re de couleur\u00a0: Noir<br \/>\nRendement du module\u00a0: 22,28\u00a0%<br \/>\nGrande taille de cellule (182\u00a0\u00d7\u00a091)<\/p>\n<p>&nbsp;<\/li>\n<\/ul>\n<\/div>\n<div class=\"applications\">\n<h3>ID\u00c9AL POUR<\/h3>\n<ul class=\"applications-list custom_list\">\n<li>Installation sur toiture priv\u00e9e<br \/>\nInstallations commerciales et industrielles<br \/>\nCentrales solaires au sol<\/li>\n<\/ul>\n<\/div>\n","protected":false},"featured_media":34233,"template":"","meta":[],"product_brand":[],"product_cat":[1674],"product_tag":[],"class_list":{"0":"post-34250","1":"product","2":"type-product","3":"status-publish","4":"has-post-thumbnail","6":"product_cat-panneau-solaire-energie-energy-fr","8":"first","9":"instock","10":"shipping-taxable","11":"product-type-simple"},"yoast_head":"<!-- This site is optimized with the Yoast SEO plugin v27.1.1 - https:\/\/yoast.com\/product\/yoast-seo-wordpress\/ -->\n<title>Panneau solaire IBEX 108MHC-TOPCON 420-435 NOIR Solar panel - AirRent.ge<\/title>\n<meta name=\"robots\" content=\"index, follow, max-snippet:-1, max-image-preview:large, max-video-preview:-1\" \/>\n<link rel=\"canonical\" href=\"https:\/\/airrent.ge\/fr\/produit\/solar-panel-ibex-108mhc-topcon-420-435-black\/\" \/>\n<meta property=\"og:locale\" content=\"fr_FR\" \/>\n<meta property=\"og:type\" content=\"article\" \/>\n<meta property=\"og:title\" content=\"Panneau solaire IBEX 108MHC-TOPCON 420-435 NOIR Solar panel - AirRent.ge\" \/>\n<meta property=\"og:description\" content=\"Con\u00e7u en Suisse  Technologie TOPCON   TECHNOLOGIE CELLULAIRE N-TOPCON Cellule PERC de type P Technologie 12BB Half-cut Pression maximale test\u00e9e\u00a0: 6\u00a0200\u00a0Pa Tension maximale test\u00e9e\u00a0: 4\u00a0200\u00a0Pa CO\u00dbT \u00c9LECTRIQUE PAR KILOWATT-HEURE (LCOE) R\u00c9DUIT Feuille arri\u00e8re de couleur\u00a0: Noir Rendement du module\u00a0: 22,28\u00a0% Grande taille de cellule (182\u00a0\u00d7\u00a091)  &nbsp;    ID\u00c9AL POUR   Installation sur toiture priv\u00e9e Installations commerciales et industrielles Centrales solaires au sol\" \/>\n<meta property=\"og:url\" content=\"https:\/\/airrent.ge\/fr\/produit\/solar-panel-ibex-108mhc-topcon-420-435-black\/\" \/>\n<meta property=\"og:site_name\" content=\"AirRent.ge\" \/>\n<meta property=\"article:modified_time\" content=\"2025-05-29T15:20:14+00:00\" \/>\n<meta property=\"og:image\" content=\"https:\/\/airrent.ge\/wp-content\/uploads\/2025\/05\/IBEX-108MHC-EiGER-FULL-BLACK.png\" \/>\n\t<meta property=\"og:image:width\" content=\"874\" \/>\n\t<meta property=\"og:image:height\" content=\"1312\" \/>\n\t<meta property=\"og:image:type\" content=\"image\/png\" \/>\n<meta name=\"twitter:card\" content=\"summary_large_image\" \/>\n<script type=\"application\/ld+json\" class=\"yoast-schema-graph\">{\"@context\":\"https:\/\/schema.org\",\"@graph\":[{\"@type\":\"WebPage\",\"@id\":\"https:\/\/airrent.ge\/fr\/produit\/solar-panel-ibex-108mhc-topcon-420-435-black\/\",\"url\":\"https:\/\/airrent.ge\/fr\/produit\/solar-panel-ibex-108mhc-topcon-420-435-black\/\",\"name\":\"Panneau solaire IBEX 108MHC-TOPCON 420-435 NOIR Solar panel - AirRent.ge\",\"isPartOf\":{\"@id\":\"https:\/\/airrent.ge\/#website\"},\"primaryImageOfPage\":{\"@id\":\"https:\/\/airrent.ge\/fr\/produit\/solar-panel-ibex-108mhc-topcon-420-435-black\/#primaryimage\"},\"image\":{\"@id\":\"https:\/\/airrent.ge\/fr\/produit\/solar-panel-ibex-108mhc-topcon-420-435-black\/#primaryimage\"},\"thumbnailUrl\":\"https:\/\/airrent.ge\/wp-content\/uploads\/2025\/05\/IBEX-108MHC-EiGER-FULL-BLACK.png\",\"datePublished\":\"2025-05-29T15:10:40+00:00\",\"dateModified\":\"2025-05-29T15:20:14+00:00\",\"breadcrumb\":{\"@id\":\"https:\/\/airrent.ge\/fr\/produit\/solar-panel-ibex-108mhc-topcon-420-435-black\/#breadcrumb\"},\"inLanguage\":\"fr-FR\",\"potentialAction\":[{\"@type\":\"ReadAction\",\"target\":[\"https:\/\/airrent.ge\/fr\/produit\/solar-panel-ibex-108mhc-topcon-420-435-black\/\"]}]},{\"@type\":\"ImageObject\",\"inLanguage\":\"fr-FR\",\"@id\":\"https:\/\/airrent.ge\/fr\/produit\/solar-panel-ibex-108mhc-topcon-420-435-black\/#primaryimage\",\"url\":\"https:\/\/airrent.ge\/wp-content\/uploads\/2025\/05\/IBEX-108MHC-EiGER-FULL-BLACK.png\",\"contentUrl\":\"https:\/\/airrent.ge\/wp-content\/uploads\/2025\/05\/IBEX-108MHC-EiGER-FULL-BLACK.png\",\"width\":874,\"height\":1312},{\"@type\":\"BreadcrumbList\",\"@id\":\"https:\/\/airrent.ge\/fr\/produit\/solar-panel-ibex-108mhc-topcon-420-435-black\/#breadcrumb\",\"itemListElement\":[{\"@type\":\"ListItem\",\"position\":1,\"name\":\"Home\",\"item\":\"https:\/\/airrent.ge\/fr\/home\/\"},{\"@type\":\"ListItem\",\"position\":2,\"name\":\"Products\",\"item\":\"https:\/\/airrent.ge\/fr\/products\/\"},{\"@type\":\"ListItem\",\"position\":3,\"name\":\"Panneau solaire IBEX 108MHC-TOPCON 420-435 NOIR Solar panel\"}]},{\"@type\":\"WebSite\",\"@id\":\"https:\/\/airrent.ge\/#website\",\"url\":\"https:\/\/airrent.ge\/\",\"name\":\"airrent.ge\",\"description\":\"Rental Services\",\"publisher\":{\"@id\":\"https:\/\/airrent.ge\/#organization\"},\"potentialAction\":[{\"@type\":\"SearchAction\",\"target\":{\"@type\":\"EntryPoint\",\"urlTemplate\":\"https:\/\/airrent.ge\/?s={search_term_string}\"},\"query-input\":{\"@type\":\"PropertyValueSpecification\",\"valueRequired\":true,\"valueName\":\"search_term_string\"}}],\"inLanguage\":\"fr-FR\"},{\"@type\":\"Organization\",\"@id\":\"https:\/\/airrent.ge\/#organization\",\"name\":\"airrent.ge\",\"url\":\"https:\/\/airrent.ge\/\",\"logo\":{\"@type\":\"ImageObject\",\"inLanguage\":\"fr-FR\",\"@id\":\"https:\/\/airrent.ge\/#\/schema\/logo\/image\/\",\"url\":\"https:\/\/airrent.ge\/wp-content\/uploads\/2026\/03\/airrent.png\",\"contentUrl\":\"https:\/\/airrent.ge\/wp-content\/uploads\/2026\/03\/airrent.png\",\"width\":1536,\"height\":1024,\"caption\":\"airrent.ge\"},\"image\":{\"@id\":\"https:\/\/airrent.ge\/#\/schema\/logo\/image\/\"}}]}<\/script>\n<!-- \/ Yoast SEO plugin. -->","yoast_head_json":{"title":"Panneau solaire IBEX 108MHC-TOPCON 420-435 NOIR Solar panel - AirRent.ge","robots":{"index":"index","follow":"follow","max-snippet":"max-snippet:-1","max-image-preview":"max-image-preview:large","max-video-preview":"max-video-preview:-1"},"canonical":"https:\/\/airrent.ge\/fr\/produit\/solar-panel-ibex-108mhc-topcon-420-435-black\/","og_locale":"fr_FR","og_type":"article","og_title":"Panneau solaire IBEX 108MHC-TOPCON 420-435 NOIR Solar panel - AirRent.ge","og_description":"Con\u00e7u en Suisse  Technologie TOPCON   TECHNOLOGIE CELLULAIRE N-TOPCON Cellule PERC de type P Technologie 12BB Half-cut Pression maximale test\u00e9e\u00a0: 6\u00a0200\u00a0Pa Tension maximale test\u00e9e\u00a0: 4\u00a0200\u00a0Pa CO\u00dbT \u00c9LECTRIQUE PAR KILOWATT-HEURE (LCOE) R\u00c9DUIT Feuille arri\u00e8re de couleur\u00a0: Noir Rendement du module\u00a0: 22,28\u00a0% Grande taille de cellule (182\u00a0\u00d7\u00a091)  &nbsp;    ID\u00c9AL POUR   Installation sur toiture priv\u00e9e Installations commerciales et industrielles Centrales solaires au sol","og_url":"https:\/\/airrent.ge\/fr\/produit\/solar-panel-ibex-108mhc-topcon-420-435-black\/","og_site_name":"AirRent.ge","article_modified_time":"2025-05-29T15:20:14+00:00","og_image":[{"width":874,"height":1312,"url":"https:\/\/airrent.ge\/wp-content\/uploads\/2025\/05\/IBEX-108MHC-EiGER-FULL-BLACK.png","type":"image\/png"}],"twitter_card":"summary_large_image","schema":{"@context":"https:\/\/schema.org","@graph":[{"@type":"WebPage","@id":"https:\/\/airrent.ge\/fr\/produit\/solar-panel-ibex-108mhc-topcon-420-435-black\/","url":"https:\/\/airrent.ge\/fr\/produit\/solar-panel-ibex-108mhc-topcon-420-435-black\/","name":"Panneau solaire IBEX 108MHC-TOPCON 420-435 NOIR Solar panel - AirRent.ge","isPartOf":{"@id":"https:\/\/airrent.ge\/#website"},"primaryImageOfPage":{"@id":"https:\/\/airrent.ge\/fr\/produit\/solar-panel-ibex-108mhc-topcon-420-435-black\/#primaryimage"},"image":{"@id":"https:\/\/airrent.ge\/fr\/produit\/solar-panel-ibex-108mhc-topcon-420-435-black\/#primaryimage"},"thumbnailUrl":"https:\/\/airrent.ge\/wp-content\/uploads\/2025\/05\/IBEX-108MHC-EiGER-FULL-BLACK.png","datePublished":"2025-05-29T15:10:40+00:00","dateModified":"2025-05-29T15:20:14+00:00","breadcrumb":{"@id":"https:\/\/airrent.ge\/fr\/produit\/solar-panel-ibex-108mhc-topcon-420-435-black\/#breadcrumb"},"inLanguage":"fr-FR","potentialAction":[{"@type":"ReadAction","target":["https:\/\/airrent.ge\/fr\/produit\/solar-panel-ibex-108mhc-topcon-420-435-black\/"]}]},{"@type":"ImageObject","inLanguage":"fr-FR","@id":"https:\/\/airrent.ge\/fr\/produit\/solar-panel-ibex-108mhc-topcon-420-435-black\/#primaryimage","url":"https:\/\/airrent.ge\/wp-content\/uploads\/2025\/05\/IBEX-108MHC-EiGER-FULL-BLACK.png","contentUrl":"https:\/\/airrent.ge\/wp-content\/uploads\/2025\/05\/IBEX-108MHC-EiGER-FULL-BLACK.png","width":874,"height":1312},{"@type":"BreadcrumbList","@id":"https:\/\/airrent.ge\/fr\/produit\/solar-panel-ibex-108mhc-topcon-420-435-black\/#breadcrumb","itemListElement":[{"@type":"ListItem","position":1,"name":"Home","item":"https:\/\/airrent.ge\/fr\/home\/"},{"@type":"ListItem","position":2,"name":"Products","item":"https:\/\/airrent.ge\/fr\/products\/"},{"@type":"ListItem","position":3,"name":"Panneau solaire IBEX 108MHC-TOPCON 420-435 NOIR Solar panel"}]},{"@type":"WebSite","@id":"https:\/\/airrent.ge\/#website","url":"https:\/\/airrent.ge\/","name":"airrent.ge","description":"Rental Services","publisher":{"@id":"https:\/\/airrent.ge\/#organization"},"potentialAction":[{"@type":"SearchAction","target":{"@type":"EntryPoint","urlTemplate":"https:\/\/airrent.ge\/?s={search_term_string}"},"query-input":{"@type":"PropertyValueSpecification","valueRequired":true,"valueName":"search_term_string"}}],"inLanguage":"fr-FR"},{"@type":"Organization","@id":"https:\/\/airrent.ge\/#organization","name":"airrent.ge","url":"https:\/\/airrent.ge\/","logo":{"@type":"ImageObject","inLanguage":"fr-FR","@id":"https:\/\/airrent.ge\/#\/schema\/logo\/image\/","url":"https:\/\/airrent.ge\/wp-content\/uploads\/2026\/03\/airrent.png","contentUrl":"https:\/\/airrent.ge\/wp-content\/uploads\/2026\/03\/airrent.png","width":1536,"height":1024,"caption":"airrent.ge"},"image":{"@id":"https:\/\/airrent.ge\/#\/schema\/logo\/image\/"}}]}},"_links":{"self":[{"href":"https:\/\/airrent.ge\/fr\/wp-json\/wp\/v2\/product\/34250","targetHints":{"allow":["GET"]}}],"collection":[{"href":"https:\/\/airrent.ge\/fr\/wp-json\/wp\/v2\/product"}],"about":[{"href":"https:\/\/airrent.ge\/fr\/wp-json\/wp\/v2\/types\/product"}],"wp:featuredmedia":[{"embeddable":true,"href":"https:\/\/airrent.ge\/fr\/wp-json\/wp\/v2\/media\/34233"}],"wp:attachment":[{"href":"https:\/\/airrent.ge\/fr\/wp-json\/wp\/v2\/media?parent=34250"}],"wp:term":[{"taxonomy":"product_brand","embeddable":true,"href":"https:\/\/airrent.ge\/fr\/wp-json\/wp\/v2\/product_brand?post=34250"},{"taxonomy":"product_cat","embeddable":true,"href":"https:\/\/airrent.ge\/fr\/wp-json\/wp\/v2\/product_cat?post=34250"},{"taxonomy":"product_tag","embeddable":true,"href":"https:\/\/airrent.ge\/fr\/wp-json\/wp\/v2\/product_tag?post=34250"}],"curies":[{"name":"wp","href":"https:\/\/api.w.org\/{rel}","templated":true}]}}