{"id":35097,"date":"2025-06-09T19:25:31","date_gmt":"2025-06-09T15:25:31","guid":{"rendered":"https:\/\/airsystems.ge\/shop\/product\/transparent-noise-barrier-alphafon-tb\/"},"modified":"2025-06-09T19:27:12","modified_gmt":"2025-06-09T15:27:12","slug":"transparent-noise-barrier-alphafon-tb","status":"publish","type":"product","link":"https:\/\/airrent.ge\/fr\/produit\/transparent-noise-barrier-alphafon-tb\/","title":{"rendered":"\u00c9cran antibruit transparent ALPHAfon \u2013 TB"},"content":{"rendered":"<p>Les \u00e9crans antibruit transparents ALPHAfon-TB sont utilis\u00e9s lorsque l&rsquo;isolation phonique et le contact visuel sont simultan\u00e9ment requis. Ils peuvent \u00eatre utilis\u00e9s sur les autoroutes, les voies ferr\u00e9es, les \u00e9coles et les chantiers.<\/p>\n<p>Ils offrent une transmission lumineuse \u00e9lev\u00e9e, une r\u00e9sistance aux chocs de 10 kj\/m\u00b2 (ISO 179\/1D), une duret\u00e9 Rockwell 90 (ASTM D785) et une absorption d&rsquo;eau minimale de 0,30 % (ISO R 62). L&rsquo;ALPHAfon-TB offre une excellente isolation phonique, proportionnelle \u00e0 la largeur du mat\u00e9riau. (N&rsquo;h\u00e9sitez pas \u00e0 demander les certificats d&rsquo;isolation phonique.)<\/p>\n<p>Les \u00e9crans antibruit transparents ALPHAfon-TB sont souvent utilis\u00e9s dans les projets exigeant une esth\u00e9tique architecturale soign\u00e9e.<\/p>\n","protected":false},"excerpt":{"rendered":"<div class=\"woocommerce-product-details__short-description\">\n<p>Utilis\u00e9 lorsque l&rsquo;isolation phonique et le contact visuel sont simultan\u00e9ment requis<\/p>\n<\/div>\n","protected":false},"featured_media":35073,"template":"","meta":[],"product_brand":[],"product_cat":[778,1716],"product_tag":[],"class_list":{"0":"post-35097","1":"product","2":"type-product","3":"status-publish","4":"has-post-thumbnail","6":"product_cat-acoustics-noise-fr","7":"product_cat-mechanical-noise-control-fr","9":"first","10":"instock","11":"shipping-taxable","12":"product-type-simple"},"yoast_head":"<!-- This site is optimized with the Yoast SEO plugin v27.1.1 - https:\/\/yoast.com\/product\/yoast-seo-wordpress\/ -->\n<title>\u00c9cran antibruit transparent ALPHAfon \u2013 TB - AirRent.ge<\/title>\n<meta name=\"robots\" content=\"index, follow, max-snippet:-1, max-image-preview:large, max-video-preview:-1\" \/>\n<link rel=\"canonical\" href=\"https:\/\/airrent.ge\/fr\/produit\/transparent-noise-barrier-alphafon-tb\/\" \/>\n<meta property=\"og:locale\" content=\"fr_FR\" \/>\n<meta property=\"og:type\" content=\"article\" \/>\n<meta property=\"og:title\" content=\"\u00c9cran antibruit transparent ALPHAfon \u2013 TB - AirRent.ge\" \/>\n<meta property=\"og:description\" content=\"Utilis\u00e9 lorsque l&#039;isolation phonique et le contact visuel sont simultan\u00e9ment requis\" \/>\n<meta property=\"og:url\" content=\"https:\/\/airrent.ge\/fr\/produit\/transparent-noise-barrier-alphafon-tb\/\" \/>\n<meta property=\"og:site_name\" content=\"AirRent.ge\" \/>\n<meta property=\"article:modified_time\" content=\"2025-06-09T15:27:12+00:00\" \/>\n<meta property=\"og:image\" content=\"https:\/\/airrent.ge\/wp-content\/uploads\/2025\/06\/alphafon-tb.jpg\" \/>\n\t<meta property=\"og:image:width\" content=\"527\" \/>\n\t<meta property=\"og:image:height\" content=\"377\" \/>\n\t<meta property=\"og:image:type\" content=\"image\/jpeg\" \/>\n<meta name=\"twitter:card\" content=\"summary_large_image\" \/>\n<meta name=\"twitter:label1\" content=\"Dur\u00e9e de lecture estim\u00e9e\" \/>\n\t<meta name=\"twitter:data1\" content=\"1 minute\" \/>\n<script type=\"application\/ld+json\" class=\"yoast-schema-graph\">{\"@context\":\"https:\/\/schema.org\",\"@graph\":[{\"@type\":\"WebPage\",\"@id\":\"https:\/\/airrent.ge\/fr\/produit\/transparent-noise-barrier-alphafon-tb\/\",\"url\":\"https:\/\/airrent.ge\/fr\/produit\/transparent-noise-barrier-alphafon-tb\/\",\"name\":\"\u00c9cran antibruit transparent ALPHAfon \u2013 TB - AirRent.ge\",\"isPartOf\":{\"@id\":\"https:\/\/airrent.ge\/#website\"},\"primaryImageOfPage\":{\"@id\":\"https:\/\/airrent.ge\/fr\/produit\/transparent-noise-barrier-alphafon-tb\/#primaryimage\"},\"image\":{\"@id\":\"https:\/\/airrent.ge\/fr\/produit\/transparent-noise-barrier-alphafon-tb\/#primaryimage\"},\"thumbnailUrl\":\"https:\/\/airrent.ge\/wp-content\/uploads\/2025\/06\/alphafon-tb.jpg\",\"datePublished\":\"2025-06-09T15:25:31+00:00\",\"dateModified\":\"2025-06-09T15:27:12+00:00\",\"breadcrumb\":{\"@id\":\"https:\/\/airrent.ge\/fr\/produit\/transparent-noise-barrier-alphafon-tb\/#breadcrumb\"},\"inLanguage\":\"fr-FR\",\"potentialAction\":[{\"@type\":\"ReadAction\",\"target\":[\"https:\/\/airrent.ge\/fr\/produit\/transparent-noise-barrier-alphafon-tb\/\"]}]},{\"@type\":\"ImageObject\",\"inLanguage\":\"fr-FR\",\"@id\":\"https:\/\/airrent.ge\/fr\/produit\/transparent-noise-barrier-alphafon-tb\/#primaryimage\",\"url\":\"https:\/\/airrent.ge\/wp-content\/uploads\/2025\/06\/alphafon-tb.jpg\",\"contentUrl\":\"https:\/\/airrent.ge\/wp-content\/uploads\/2025\/06\/alphafon-tb.jpg\",\"width\":527,\"height\":377},{\"@type\":\"BreadcrumbList\",\"@id\":\"https:\/\/airrent.ge\/fr\/produit\/transparent-noise-barrier-alphafon-tb\/#breadcrumb\",\"itemListElement\":[{\"@type\":\"ListItem\",\"position\":1,\"name\":\"Home\",\"item\":\"https:\/\/airrent.ge\/fr\/home\/\"},{\"@type\":\"ListItem\",\"position\":2,\"name\":\"Products\",\"item\":\"https:\/\/airrent.ge\/fr\/products\/\"},{\"@type\":\"ListItem\",\"position\":3,\"name\":\"\u00c9cran antibruit transparent ALPHAfon \u2013 TB\"}]},{\"@type\":\"WebSite\",\"@id\":\"https:\/\/airrent.ge\/#website\",\"url\":\"https:\/\/airrent.ge\/\",\"name\":\"airrent.ge\",\"description\":\"Rental Services\",\"publisher\":{\"@id\":\"https:\/\/airrent.ge\/#organization\"},\"potentialAction\":[{\"@type\":\"SearchAction\",\"target\":{\"@type\":\"EntryPoint\",\"urlTemplate\":\"https:\/\/airrent.ge\/?s={search_term_string}\"},\"query-input\":{\"@type\":\"PropertyValueSpecification\",\"valueRequired\":true,\"valueName\":\"search_term_string\"}}],\"inLanguage\":\"fr-FR\"},{\"@type\":\"Organization\",\"@id\":\"https:\/\/airrent.ge\/#organization\",\"name\":\"airrent.ge\",\"url\":\"https:\/\/airrent.ge\/\",\"logo\":{\"@type\":\"ImageObject\",\"inLanguage\":\"fr-FR\",\"@id\":\"https:\/\/airrent.ge\/#\/schema\/logo\/image\/\",\"url\":\"https:\/\/airrent.ge\/wp-content\/uploads\/2026\/03\/airrent.png\",\"contentUrl\":\"https:\/\/airrent.ge\/wp-content\/uploads\/2026\/03\/airrent.png\",\"width\":1536,\"height\":1024,\"caption\":\"airrent.ge\"},\"image\":{\"@id\":\"https:\/\/airrent.ge\/#\/schema\/logo\/image\/\"}}]}<\/script>\n<!-- \/ Yoast SEO plugin. -->","yoast_head_json":{"title":"\u00c9cran antibruit transparent ALPHAfon \u2013 TB - AirRent.ge","robots":{"index":"index","follow":"follow","max-snippet":"max-snippet:-1","max-image-preview":"max-image-preview:large","max-video-preview":"max-video-preview:-1"},"canonical":"https:\/\/airrent.ge\/fr\/produit\/transparent-noise-barrier-alphafon-tb\/","og_locale":"fr_FR","og_type":"article","og_title":"\u00c9cran antibruit transparent ALPHAfon \u2013 TB - AirRent.ge","og_description":"Utilis\u00e9 lorsque l'isolation phonique et le contact visuel sont simultan\u00e9ment requis","og_url":"https:\/\/airrent.ge\/fr\/produit\/transparent-noise-barrier-alphafon-tb\/","og_site_name":"AirRent.ge","article_modified_time":"2025-06-09T15:27:12+00:00","og_image":[{"width":527,"height":377,"url":"https:\/\/airrent.ge\/wp-content\/uploads\/2025\/06\/alphafon-tb.jpg","type":"image\/jpeg"}],"twitter_card":"summary_large_image","twitter_misc":{"Dur\u00e9e de lecture estim\u00e9e":"1 minute"},"schema":{"@context":"https:\/\/schema.org","@graph":[{"@type":"WebPage","@id":"https:\/\/airrent.ge\/fr\/produit\/transparent-noise-barrier-alphafon-tb\/","url":"https:\/\/airrent.ge\/fr\/produit\/transparent-noise-barrier-alphafon-tb\/","name":"\u00c9cran antibruit transparent ALPHAfon \u2013 TB - AirRent.ge","isPartOf":{"@id":"https:\/\/airrent.ge\/#website"},"primaryImageOfPage":{"@id":"https:\/\/airrent.ge\/fr\/produit\/transparent-noise-barrier-alphafon-tb\/#primaryimage"},"image":{"@id":"https:\/\/airrent.ge\/fr\/produit\/transparent-noise-barrier-alphafon-tb\/#primaryimage"},"thumbnailUrl":"https:\/\/airrent.ge\/wp-content\/uploads\/2025\/06\/alphafon-tb.jpg","datePublished":"2025-06-09T15:25:31+00:00","dateModified":"2025-06-09T15:27:12+00:00","breadcrumb":{"@id":"https:\/\/airrent.ge\/fr\/produit\/transparent-noise-barrier-alphafon-tb\/#breadcrumb"},"inLanguage":"fr-FR","potentialAction":[{"@type":"ReadAction","target":["https:\/\/airrent.ge\/fr\/produit\/transparent-noise-barrier-alphafon-tb\/"]}]},{"@type":"ImageObject","inLanguage":"fr-FR","@id":"https:\/\/airrent.ge\/fr\/produit\/transparent-noise-barrier-alphafon-tb\/#primaryimage","url":"https:\/\/airrent.ge\/wp-content\/uploads\/2025\/06\/alphafon-tb.jpg","contentUrl":"https:\/\/airrent.ge\/wp-content\/uploads\/2025\/06\/alphafon-tb.jpg","width":527,"height":377},{"@type":"BreadcrumbList","@id":"https:\/\/airrent.ge\/fr\/produit\/transparent-noise-barrier-alphafon-tb\/#breadcrumb","itemListElement":[{"@type":"ListItem","position":1,"name":"Home","item":"https:\/\/airrent.ge\/fr\/home\/"},{"@type":"ListItem","position":2,"name":"Products","item":"https:\/\/airrent.ge\/fr\/products\/"},{"@type":"ListItem","position":3,"name":"\u00c9cran antibruit transparent ALPHAfon \u2013 TB"}]},{"@type":"WebSite","@id":"https:\/\/airrent.ge\/#website","url":"https:\/\/airrent.ge\/","name":"airrent.ge","description":"Rental Services","publisher":{"@id":"https:\/\/airrent.ge\/#organization"},"potentialAction":[{"@type":"SearchAction","target":{"@type":"EntryPoint","urlTemplate":"https:\/\/airrent.ge\/?s={search_term_string}"},"query-input":{"@type":"PropertyValueSpecification","valueRequired":true,"valueName":"search_term_string"}}],"inLanguage":"fr-FR"},{"@type":"Organization","@id":"https:\/\/airrent.ge\/#organization","name":"airrent.ge","url":"https:\/\/airrent.ge\/","logo":{"@type":"ImageObject","inLanguage":"fr-FR","@id":"https:\/\/airrent.ge\/#\/schema\/logo\/image\/","url":"https:\/\/airrent.ge\/wp-content\/uploads\/2026\/03\/airrent.png","contentUrl":"https:\/\/airrent.ge\/wp-content\/uploads\/2026\/03\/airrent.png","width":1536,"height":1024,"caption":"airrent.ge"},"image":{"@id":"https:\/\/airrent.ge\/#\/schema\/logo\/image\/"}}]}},"_links":{"self":[{"href":"https:\/\/airrent.ge\/fr\/wp-json\/wp\/v2\/product\/35097","targetHints":{"allow":["GET"]}}],"collection":[{"href":"https:\/\/airrent.ge\/fr\/wp-json\/wp\/v2\/product"}],"about":[{"href":"https:\/\/airrent.ge\/fr\/wp-json\/wp\/v2\/types\/product"}],"wp:featuredmedia":[{"embeddable":true,"href":"https:\/\/airrent.ge\/fr\/wp-json\/wp\/v2\/media\/35073"}],"wp:attachment":[{"href":"https:\/\/airrent.ge\/fr\/wp-json\/wp\/v2\/media?parent=35097"}],"wp:term":[{"taxonomy":"product_brand","embeddable":true,"href":"https:\/\/airrent.ge\/fr\/wp-json\/wp\/v2\/product_brand?post=35097"},{"taxonomy":"product_cat","embeddable":true,"href":"https:\/\/airrent.ge\/fr\/wp-json\/wp\/v2\/product_cat?post=35097"},{"taxonomy":"product_tag","embeddable":true,"href":"https:\/\/airrent.ge\/fr\/wp-json\/wp\/v2\/product_tag?post=35097"}],"curies":[{"name":"wp","href":"https:\/\/api.w.org\/{rel}","templated":true}]}}