{"id":35700,"date":"2025-06-12T21:40:20","date_gmt":"2025-06-12T17:40:20","guid":{"rendered":"https:\/\/airsystems.ge\/shop\/product\/yayt-underground-fuel-tank\/"},"modified":"2025-06-12T21:42:48","modified_gmt":"2025-06-12T17:42:48","slug":"yayt-underground-fuel-tank","status":"publish","type":"product","link":"https:\/\/airrent.ge\/fr\/produit\/yayt-underground-fuel-tank\/","title":{"rendered":"YAYT &#8211; R\u00e9servoir de carburant enterr\u00e9"},"content":{"rendered":"<p>Conception des r\u00e9servoirs en fonction des charges a\u00e9riennes<br \/>\nMat\u00e9riau\u00a0: T\u00f4le noire St37<br \/>\nNormes\u00a0: Conforme \u00e0 la norme TS-EN-12285-1<br \/>\nRev\u00eatement\u00a0: Rev\u00eatement sp\u00e9cial r\u00e9sistant \u00e0 la corrosion<br \/>\nApplications enterr\u00e9es\u00a0: Le liquide provenant des tuyaux de descente est transf\u00e9r\u00e9 vers les r\u00e9servoirs par gravit\u00e9 naturelle.<\/p>\n<p>Domaines d&rsquo;application<br \/>\nNos r\u00e9servoirs enterr\u00e9s peuvent \u00e9galement \u00eatre utilis\u00e9s sur demande dans les domaines suivants\u00a0:<\/p>\n<p>R\u00e9servoir d&rsquo;eau incendie<br \/>\nR\u00e9servoir d&rsquo;eau potable<br \/>\nR\u00e9servoir de liquides chimiques<br \/>\nR\u00e9servoir d&rsquo;irrigation<br \/>\nR\u00e9servoir de carburant<br \/>\nNos r\u00e9servoirs de r\u00e9cup\u00e9ration d&rsquo;eau de pluie enterr\u00e9s peuvent \u00eatre modifi\u00e9s \u00e0 volont\u00e9 et adapt\u00e9s \u00e0 diff\u00e9rents usages. Ils offrent une solution de stockage fiable pour tous les besoins et toutes les conditions.<\/p>\n","protected":false},"excerpt":{"rendered":"<p>R\u00e9servoirs de carburant enterr\u00e9s, ondul\u00e9s, rev\u00eatus de bitume et d&rsquo;\u00e9poxy<\/p>\n<p>Les r\u00e9servoirs de stockage enterr\u00e9s constituent une solution pratique, fiable et durable pour le stockage du carburant et des eaux de pluie. Prot\u00e9g\u00e9s contre les dommages potentiels en sous-sol par des rev\u00eatements sp\u00e9ciaux, ils sont fabriqu\u00e9s pour r\u00e9sister \u00e0 la corrosion.<\/p>\n","protected":false},"featured_media":35665,"template":"","meta":[],"product_brand":[],"product_cat":[1736,1760],"product_tag":[],"class_list":{"0":"post-35700","1":"product","2":"type-product","3":"status-publish","4":"has-post-thumbnail","6":"product_cat-chaudiere-a-vapeur-industrielle-chaudieres","7":"product_cat-reservoir-de-carburant","9":"first","10":"instock","11":"shipping-taxable","12":"product-type-simple"},"yoast_head":"<!-- This site is optimized with the Yoast SEO plugin v27.1.1 - https:\/\/yoast.com\/product\/yoast-seo-wordpress\/ -->\n<title>YAYT - R\u00e9servoir de carburant enterr\u00e9 - AirRent.ge<\/title>\n<meta name=\"robots\" content=\"index, follow, max-snippet:-1, max-image-preview:large, max-video-preview:-1\" \/>\n<link rel=\"canonical\" href=\"https:\/\/airrent.ge\/fr\/produit\/yayt-underground-fuel-tank\/\" \/>\n<meta property=\"og:locale\" content=\"fr_FR\" \/>\n<meta property=\"og:type\" content=\"article\" \/>\n<meta property=\"og:title\" content=\"YAYT - R\u00e9servoir de carburant enterr\u00e9 - AirRent.ge\" \/>\n<meta property=\"og:description\" content=\"R\u00e9servoirs de carburant enterr\u00e9s, ondul\u00e9s, rev\u00eatus de bitume et d&#039;\u00e9poxy  Les r\u00e9servoirs de stockage enterr\u00e9s constituent une solution pratique, fiable et durable pour le stockage du carburant et des eaux de pluie. Prot\u00e9g\u00e9s contre les dommages potentiels en sous-sol par des rev\u00eatements sp\u00e9ciaux, ils sont fabriqu\u00e9s pour r\u00e9sister \u00e0 la corrosion.\" \/>\n<meta property=\"og:url\" content=\"https:\/\/airrent.ge\/fr\/produit\/yayt-underground-fuel-tank\/\" \/>\n<meta property=\"og:site_name\" content=\"AirRent.ge\" \/>\n<meta property=\"article:modified_time\" content=\"2025-06-12T17:42:48+00:00\" \/>\n<meta property=\"og:image\" content=\"https:\/\/airrent.ge\/wp-content\/uploads\/2025\/06\/yakit-tanki2918.png\" \/>\n\t<meta property=\"og:image:width\" content=\"800\" \/>\n\t<meta property=\"og:image:height\" content=\"533\" \/>\n\t<meta property=\"og:image:type\" content=\"image\/png\" \/>\n<meta name=\"twitter:card\" content=\"summary_large_image\" \/>\n<meta name=\"twitter:label1\" content=\"Dur\u00e9e de lecture estim\u00e9e\" \/>\n\t<meta name=\"twitter:data1\" content=\"1 minute\" \/>\n<script type=\"application\/ld+json\" class=\"yoast-schema-graph\">{\"@context\":\"https:\/\/schema.org\",\"@graph\":[{\"@type\":\"WebPage\",\"@id\":\"https:\/\/airrent.ge\/fr\/produit\/yayt-underground-fuel-tank\/\",\"url\":\"https:\/\/airrent.ge\/fr\/produit\/yayt-underground-fuel-tank\/\",\"name\":\"YAYT - R\u00e9servoir de carburant enterr\u00e9 - AirRent.ge\",\"isPartOf\":{\"@id\":\"https:\/\/airrent.ge\/#website\"},\"primaryImageOfPage\":{\"@id\":\"https:\/\/airrent.ge\/fr\/produit\/yayt-underground-fuel-tank\/#primaryimage\"},\"image\":{\"@id\":\"https:\/\/airrent.ge\/fr\/produit\/yayt-underground-fuel-tank\/#primaryimage\"},\"thumbnailUrl\":\"https:\/\/airrent.ge\/wp-content\/uploads\/2025\/06\/yakit-tanki2918.png\",\"datePublished\":\"2025-06-12T17:40:20+00:00\",\"dateModified\":\"2025-06-12T17:42:48+00:00\",\"breadcrumb\":{\"@id\":\"https:\/\/airrent.ge\/fr\/produit\/yayt-underground-fuel-tank\/#breadcrumb\"},\"inLanguage\":\"fr-FR\",\"potentialAction\":[{\"@type\":\"ReadAction\",\"target\":[\"https:\/\/airrent.ge\/fr\/produit\/yayt-underground-fuel-tank\/\"]}]},{\"@type\":\"ImageObject\",\"inLanguage\":\"fr-FR\",\"@id\":\"https:\/\/airrent.ge\/fr\/produit\/yayt-underground-fuel-tank\/#primaryimage\",\"url\":\"https:\/\/airrent.ge\/wp-content\/uploads\/2025\/06\/yakit-tanki2918.png\",\"contentUrl\":\"https:\/\/airrent.ge\/wp-content\/uploads\/2025\/06\/yakit-tanki2918.png\",\"width\":800,\"height\":533},{\"@type\":\"BreadcrumbList\",\"@id\":\"https:\/\/airrent.ge\/fr\/produit\/yayt-underground-fuel-tank\/#breadcrumb\",\"itemListElement\":[{\"@type\":\"ListItem\",\"position\":1,\"name\":\"Home\",\"item\":\"https:\/\/airrent.ge\/fr\/home\/\"},{\"@type\":\"ListItem\",\"position\":2,\"name\":\"Products\",\"item\":\"https:\/\/airrent.ge\/fr\/products\/\"},{\"@type\":\"ListItem\",\"position\":3,\"name\":\"YAYT &#8211; R\u00e9servoir de carburant enterr\u00e9\"}]},{\"@type\":\"WebSite\",\"@id\":\"https:\/\/airrent.ge\/#website\",\"url\":\"https:\/\/airrent.ge\/\",\"name\":\"airrent.ge\",\"description\":\"Rental Services\",\"publisher\":{\"@id\":\"https:\/\/airrent.ge\/#organization\"},\"potentialAction\":[{\"@type\":\"SearchAction\",\"target\":{\"@type\":\"EntryPoint\",\"urlTemplate\":\"https:\/\/airrent.ge\/?s={search_term_string}\"},\"query-input\":{\"@type\":\"PropertyValueSpecification\",\"valueRequired\":true,\"valueName\":\"search_term_string\"}}],\"inLanguage\":\"fr-FR\"},{\"@type\":\"Organization\",\"@id\":\"https:\/\/airrent.ge\/#organization\",\"name\":\"airrent.ge\",\"url\":\"https:\/\/airrent.ge\/\",\"logo\":{\"@type\":\"ImageObject\",\"inLanguage\":\"fr-FR\",\"@id\":\"https:\/\/airrent.ge\/#\/schema\/logo\/image\/\",\"url\":\"https:\/\/airrent.ge\/wp-content\/uploads\/2026\/03\/airrent.png\",\"contentUrl\":\"https:\/\/airrent.ge\/wp-content\/uploads\/2026\/03\/airrent.png\",\"width\":1536,\"height\":1024,\"caption\":\"airrent.ge\"},\"image\":{\"@id\":\"https:\/\/airrent.ge\/#\/schema\/logo\/image\/\"}}]}<\/script>\n<!-- \/ Yoast SEO plugin. -->","yoast_head_json":{"title":"YAYT - R\u00e9servoir de carburant enterr\u00e9 - AirRent.ge","robots":{"index":"index","follow":"follow","max-snippet":"max-snippet:-1","max-image-preview":"max-image-preview:large","max-video-preview":"max-video-preview:-1"},"canonical":"https:\/\/airrent.ge\/fr\/produit\/yayt-underground-fuel-tank\/","og_locale":"fr_FR","og_type":"article","og_title":"YAYT - R\u00e9servoir de carburant enterr\u00e9 - AirRent.ge","og_description":"R\u00e9servoirs de carburant enterr\u00e9s, ondul\u00e9s, rev\u00eatus de bitume et d'\u00e9poxy  Les r\u00e9servoirs de stockage enterr\u00e9s constituent une solution pratique, fiable et durable pour le stockage du carburant et des eaux de pluie. Prot\u00e9g\u00e9s contre les dommages potentiels en sous-sol par des rev\u00eatements sp\u00e9ciaux, ils sont fabriqu\u00e9s pour r\u00e9sister \u00e0 la corrosion.","og_url":"https:\/\/airrent.ge\/fr\/produit\/yayt-underground-fuel-tank\/","og_site_name":"AirRent.ge","article_modified_time":"2025-06-12T17:42:48+00:00","og_image":[{"width":800,"height":533,"url":"https:\/\/airrent.ge\/wp-content\/uploads\/2025\/06\/yakit-tanki2918.png","type":"image\/png"}],"twitter_card":"summary_large_image","twitter_misc":{"Dur\u00e9e de lecture estim\u00e9e":"1 minute"},"schema":{"@context":"https:\/\/schema.org","@graph":[{"@type":"WebPage","@id":"https:\/\/airrent.ge\/fr\/produit\/yayt-underground-fuel-tank\/","url":"https:\/\/airrent.ge\/fr\/produit\/yayt-underground-fuel-tank\/","name":"YAYT - R\u00e9servoir de carburant enterr\u00e9 - AirRent.ge","isPartOf":{"@id":"https:\/\/airrent.ge\/#website"},"primaryImageOfPage":{"@id":"https:\/\/airrent.ge\/fr\/produit\/yayt-underground-fuel-tank\/#primaryimage"},"image":{"@id":"https:\/\/airrent.ge\/fr\/produit\/yayt-underground-fuel-tank\/#primaryimage"},"thumbnailUrl":"https:\/\/airrent.ge\/wp-content\/uploads\/2025\/06\/yakit-tanki2918.png","datePublished":"2025-06-12T17:40:20+00:00","dateModified":"2025-06-12T17:42:48+00:00","breadcrumb":{"@id":"https:\/\/airrent.ge\/fr\/produit\/yayt-underground-fuel-tank\/#breadcrumb"},"inLanguage":"fr-FR","potentialAction":[{"@type":"ReadAction","target":["https:\/\/airrent.ge\/fr\/produit\/yayt-underground-fuel-tank\/"]}]},{"@type":"ImageObject","inLanguage":"fr-FR","@id":"https:\/\/airrent.ge\/fr\/produit\/yayt-underground-fuel-tank\/#primaryimage","url":"https:\/\/airrent.ge\/wp-content\/uploads\/2025\/06\/yakit-tanki2918.png","contentUrl":"https:\/\/airrent.ge\/wp-content\/uploads\/2025\/06\/yakit-tanki2918.png","width":800,"height":533},{"@type":"BreadcrumbList","@id":"https:\/\/airrent.ge\/fr\/produit\/yayt-underground-fuel-tank\/#breadcrumb","itemListElement":[{"@type":"ListItem","position":1,"name":"Home","item":"https:\/\/airrent.ge\/fr\/home\/"},{"@type":"ListItem","position":2,"name":"Products","item":"https:\/\/airrent.ge\/fr\/products\/"},{"@type":"ListItem","position":3,"name":"YAYT &#8211; R\u00e9servoir de carburant enterr\u00e9"}]},{"@type":"WebSite","@id":"https:\/\/airrent.ge\/#website","url":"https:\/\/airrent.ge\/","name":"airrent.ge","description":"Rental Services","publisher":{"@id":"https:\/\/airrent.ge\/#organization"},"potentialAction":[{"@type":"SearchAction","target":{"@type":"EntryPoint","urlTemplate":"https:\/\/airrent.ge\/?s={search_term_string}"},"query-input":{"@type":"PropertyValueSpecification","valueRequired":true,"valueName":"search_term_string"}}],"inLanguage":"fr-FR"},{"@type":"Organization","@id":"https:\/\/airrent.ge\/#organization","name":"airrent.ge","url":"https:\/\/airrent.ge\/","logo":{"@type":"ImageObject","inLanguage":"fr-FR","@id":"https:\/\/airrent.ge\/#\/schema\/logo\/image\/","url":"https:\/\/airrent.ge\/wp-content\/uploads\/2026\/03\/airrent.png","contentUrl":"https:\/\/airrent.ge\/wp-content\/uploads\/2026\/03\/airrent.png","width":1536,"height":1024,"caption":"airrent.ge"},"image":{"@id":"https:\/\/airrent.ge\/#\/schema\/logo\/image\/"}}]}},"_links":{"self":[{"href":"https:\/\/airrent.ge\/fr\/wp-json\/wp\/v2\/product\/35700","targetHints":{"allow":["GET"]}}],"collection":[{"href":"https:\/\/airrent.ge\/fr\/wp-json\/wp\/v2\/product"}],"about":[{"href":"https:\/\/airrent.ge\/fr\/wp-json\/wp\/v2\/types\/product"}],"wp:featuredmedia":[{"embeddable":true,"href":"https:\/\/airrent.ge\/fr\/wp-json\/wp\/v2\/media\/35665"}],"wp:attachment":[{"href":"https:\/\/airrent.ge\/fr\/wp-json\/wp\/v2\/media?parent=35700"}],"wp:term":[{"taxonomy":"product_brand","embeddable":true,"href":"https:\/\/airrent.ge\/fr\/wp-json\/wp\/v2\/product_brand?post=35700"},{"taxonomy":"product_cat","embeddable":true,"href":"https:\/\/airrent.ge\/fr\/wp-json\/wp\/v2\/product_cat?post=35700"},{"taxonomy":"product_tag","embeddable":true,"href":"https:\/\/airrent.ge\/fr\/wp-json\/wp\/v2\/product_tag?post=35700"}],"curies":[{"name":"wp","href":"https:\/\/api.w.org\/{rel}","templated":true}]}}