{"id":35893,"date":"2025-06-14T14:26:19","date_gmt":"2025-06-14T10:26:19","guid":{"rendered":"https:\/\/airsystems.ge\/shop\/product\/pbj-package-steam-generators-liquid-and-gas-fueled-3-pass\/"},"modified":"2025-06-14T14:28:49","modified_gmt":"2025-06-14T10:28:49","slug":"pbj-package-steam-generators-liquid-and-gas-fueled-3-pass","status":"publish","type":"product","link":"https:\/\/airrent.ge\/fr\/produit\/pbj-package-steam-generators-liquid-and-gas-fueled-3-pass\/","title":{"rendered":"PBJ \u2013 G\u00e9n\u00e9rateurs de vapeur monoblocs \u2013 Aliment\u00e9s par liquide et gaz \u2013 3 passes"},"content":{"rendered":"<p>Nos g\u00e9n\u00e9rateurs de vapeur monoblocs r\u00e9duisent les co\u00fbts \u00e9nerg\u00e9tiques des entreprises tout en offrant une grande simplicit\u00e9 d&rsquo;installation et d&rsquo;utilisation. Ils sont livr\u00e9s avec un syst\u00e8me de commande PLC, un syst\u00e8me de purification d&rsquo;eau, un r\u00e9servoir de condensats et une pompe d&rsquo;alimentation. Ils sont conformes aux normes de qualit\u00e9 internationales (TSE EN 12953-3 et documents CE).<\/p>\n<p>Industrie agroalimentaire<br \/>\nIndustrie chimique et pharmaceutique<br \/>\nSecteur textile<br \/>\nAutoclave et st\u00e9rilisation<br \/>\nP\u00e9trochimie et raffineries<br \/>\nBlanchisserie et nettoyage \u00e0 sec<br \/>\nTourisme et h\u00f4tellerie<\/p>\n","protected":false},"excerpt":{"rendered":"<p>Mekanik Sistemleri fabrique des g\u00e9n\u00e9rateurs de vapeur monoblocs offrant un rendement et une fiabilit\u00e9 \u00e9lev\u00e9s au secteur industriel. Gr\u00e2ce \u00e0 nos solutions d&rsquo;ing\u00e9nierie avanc\u00e9es et \u00e0 notre approche de production de qualit\u00e9, nous proposons des solutions vapeur durables et efficaces, adapt\u00e9es aux entreprises de toutes tailles.<\/p>\n<p>Le choix id\u00e9al pour la s\u00e9curit\u00e9 et la rapidit\u00e9<br \/>\n250 kg\/h \u00e0 3\u00a0000 kg\/h<br \/>\nPression de service de 3 \u00e0 10 bars<br \/>\nConception \u00e0 retour humide<br \/>\nRendement thermique jusqu&rsquo;\u00e0 90 % (jusqu&rsquo;\u00e0 95 % dans les applications \u00e9conomiseurs)<br \/>\nConception \u00e9cologique<br \/>\nConception ergonomique<br \/>\nDurable et facile d&rsquo;entretien<br \/>\nNos g\u00e9n\u00e9rateurs de vapeur monoblocs r\u00e9duisent les co\u00fbts \u00e9nerg\u00e9tiques des entreprises tout en offrant une installation et une utilisation faciles gr\u00e2ce \u00e0 leur syst\u00e8me de contr\u00f4le-commande PLC, leur syst\u00e8me de traitement de l&rsquo;eau, leur r\u00e9servoir de condensats et leur pompe d&rsquo;alimentation. Ils sont conformes aux normes de qualit\u00e9 internationales (norme TSE EN 12953-3 et certifications CE).<\/p>\n","protected":false},"featured_media":35864,"template":"","meta":[],"product_brand":[],"product_cat":[1736,1750],"product_tag":[],"class_list":{"0":"post-35893","1":"product","2":"type-product","3":"status-publish","4":"has-post-thumbnail","6":"product_cat-chaudiere-a-vapeur-industrielle-chaudieres","7":"product_cat-systemes-de-vapeur-integres-chaudiere","9":"first","10":"instock","11":"shipping-taxable","12":"product-type-simple"},"yoast_head":"<!-- This site is optimized with the Yoast SEO plugin v27.1.1 - https:\/\/yoast.com\/product\/yoast-seo-wordpress\/ -->\n<title>PBJ \u2013 G\u00e9n\u00e9rateurs de vapeur monoblocs \u2013 Aliment\u00e9s par liquide et gaz \u2013 3 passes - AirRent.ge<\/title>\n<meta name=\"robots\" content=\"index, follow, max-snippet:-1, max-image-preview:large, max-video-preview:-1\" \/>\n<link rel=\"canonical\" href=\"https:\/\/airrent.ge\/fr\/produit\/pbj-package-steam-generators-liquid-and-gas-fueled-3-pass\/\" \/>\n<meta property=\"og:locale\" content=\"fr_FR\" \/>\n<meta property=\"og:type\" content=\"article\" \/>\n<meta property=\"og:title\" content=\"PBJ \u2013 G\u00e9n\u00e9rateurs de vapeur monoblocs \u2013 Aliment\u00e9s par liquide et gaz \u2013 3 passes - AirRent.ge\" \/>\n<meta property=\"og:description\" content=\"Mekanik Sistemleri fabrique des g\u00e9n\u00e9rateurs de vapeur monoblocs offrant un rendement et une fiabilit\u00e9 \u00e9lev\u00e9s au secteur industriel. Gr\u00e2ce \u00e0 nos solutions d&#039;ing\u00e9nierie avanc\u00e9es et \u00e0 notre approche de production de qualit\u00e9, nous proposons des solutions vapeur durables et efficaces, adapt\u00e9es aux entreprises de toutes tailles.  Le choix id\u00e9al pour la s\u00e9curit\u00e9 et la rapidit\u00e9 250 kg\/h \u00e0 3\u00a0000 kg\/h Pression de service de 3 \u00e0 10 bars Conception \u00e0 retour humide Rendement thermique jusqu&#039;\u00e0 90 % (jusqu&#039;\u00e0 95 % dans les applications \u00e9conomiseurs) Conception \u00e9cologique Conception ergonomique Durable et facile d&#039;entretien Nos g\u00e9n\u00e9rateurs de vapeur monoblocs r\u00e9duisent les co\u00fbts \u00e9nerg\u00e9tiques des entreprises tout en offrant une installation et une utilisation faciles gr\u00e2ce \u00e0 leur syst\u00e8me de contr\u00f4le-commande PLC, leur syst\u00e8me de traitement de l&#039;eau, leur r\u00e9servoir de condensats et leur pompe d&#039;alimentation. Ils sont conformes aux normes de qualit\u00e9 internationales (norme TSE EN 12953-3 et certifications CE).\" \/>\n<meta property=\"og:url\" content=\"https:\/\/airrent.ge\/fr\/produit\/pbj-package-steam-generators-liquid-and-gas-fueled-3-pass\/\" \/>\n<meta property=\"og:site_name\" content=\"AirRent.ge\" \/>\n<meta property=\"article:modified_time\" content=\"2025-06-14T10:28:49+00:00\" \/>\n<meta property=\"og:image\" content=\"https:\/\/airrent.ge\/wp-content\/uploads\/2025\/06\/pbj-paket-buhar-jenarator-202411201723412110.png\" \/>\n\t<meta property=\"og:image:width\" content=\"800\" \/>\n\t<meta property=\"og:image:height\" content=\"867\" \/>\n\t<meta property=\"og:image:type\" content=\"image\/png\" \/>\n<meta name=\"twitter:card\" content=\"summary_large_image\" \/>\n<script type=\"application\/ld+json\" class=\"yoast-schema-graph\">{\"@context\":\"https:\/\/schema.org\",\"@graph\":[{\"@type\":\"WebPage\",\"@id\":\"https:\/\/airrent.ge\/fr\/produit\/pbj-package-steam-generators-liquid-and-gas-fueled-3-pass\/\",\"url\":\"https:\/\/airrent.ge\/fr\/produit\/pbj-package-steam-generators-liquid-and-gas-fueled-3-pass\/\",\"name\":\"PBJ \u2013 G\u00e9n\u00e9rateurs de vapeur monoblocs \u2013 Aliment\u00e9s par liquide et gaz \u2013 3 passes - AirRent.ge\",\"isPartOf\":{\"@id\":\"https:\/\/airrent.ge\/#website\"},\"primaryImageOfPage\":{\"@id\":\"https:\/\/airrent.ge\/fr\/produit\/pbj-package-steam-generators-liquid-and-gas-fueled-3-pass\/#primaryimage\"},\"image\":{\"@id\":\"https:\/\/airrent.ge\/fr\/produit\/pbj-package-steam-generators-liquid-and-gas-fueled-3-pass\/#primaryimage\"},\"thumbnailUrl\":\"https:\/\/airrent.ge\/wp-content\/uploads\/2025\/06\/pbj-paket-buhar-jenarator-202411201723412110.png\",\"datePublished\":\"2025-06-14T10:26:19+00:00\",\"dateModified\":\"2025-06-14T10:28:49+00:00\",\"breadcrumb\":{\"@id\":\"https:\/\/airrent.ge\/fr\/produit\/pbj-package-steam-generators-liquid-and-gas-fueled-3-pass\/#breadcrumb\"},\"inLanguage\":\"fr-FR\",\"potentialAction\":[{\"@type\":\"ReadAction\",\"target\":[\"https:\/\/airrent.ge\/fr\/produit\/pbj-package-steam-generators-liquid-and-gas-fueled-3-pass\/\"]}]},{\"@type\":\"ImageObject\",\"inLanguage\":\"fr-FR\",\"@id\":\"https:\/\/airrent.ge\/fr\/produit\/pbj-package-steam-generators-liquid-and-gas-fueled-3-pass\/#primaryimage\",\"url\":\"https:\/\/airrent.ge\/wp-content\/uploads\/2025\/06\/pbj-paket-buhar-jenarator-202411201723412110.png\",\"contentUrl\":\"https:\/\/airrent.ge\/wp-content\/uploads\/2025\/06\/pbj-paket-buhar-jenarator-202411201723412110.png\",\"width\":800,\"height\":867},{\"@type\":\"BreadcrumbList\",\"@id\":\"https:\/\/airrent.ge\/fr\/produit\/pbj-package-steam-generators-liquid-and-gas-fueled-3-pass\/#breadcrumb\",\"itemListElement\":[{\"@type\":\"ListItem\",\"position\":1,\"name\":\"Home\",\"item\":\"https:\/\/airrent.ge\/fr\/home\/\"},{\"@type\":\"ListItem\",\"position\":2,\"name\":\"Products\",\"item\":\"https:\/\/airrent.ge\/fr\/products\/\"},{\"@type\":\"ListItem\",\"position\":3,\"name\":\"PBJ \u2013 G\u00e9n\u00e9rateurs de vapeur monoblocs \u2013 Aliment\u00e9s par liquide et gaz \u2013 3 passes\"}]},{\"@type\":\"WebSite\",\"@id\":\"https:\/\/airrent.ge\/#website\",\"url\":\"https:\/\/airrent.ge\/\",\"name\":\"airrent.ge\",\"description\":\"Rental Services\",\"publisher\":{\"@id\":\"https:\/\/airrent.ge\/#organization\"},\"potentialAction\":[{\"@type\":\"SearchAction\",\"target\":{\"@type\":\"EntryPoint\",\"urlTemplate\":\"https:\/\/airrent.ge\/?s={search_term_string}\"},\"query-input\":{\"@type\":\"PropertyValueSpecification\",\"valueRequired\":true,\"valueName\":\"search_term_string\"}}],\"inLanguage\":\"fr-FR\"},{\"@type\":\"Organization\",\"@id\":\"https:\/\/airrent.ge\/#organization\",\"name\":\"airrent.ge\",\"url\":\"https:\/\/airrent.ge\/\",\"logo\":{\"@type\":\"ImageObject\",\"inLanguage\":\"fr-FR\",\"@id\":\"https:\/\/airrent.ge\/#\/schema\/logo\/image\/\",\"url\":\"https:\/\/airrent.ge\/wp-content\/uploads\/2026\/03\/airrent.png\",\"contentUrl\":\"https:\/\/airrent.ge\/wp-content\/uploads\/2026\/03\/airrent.png\",\"width\":1536,\"height\":1024,\"caption\":\"airrent.ge\"},\"image\":{\"@id\":\"https:\/\/airrent.ge\/#\/schema\/logo\/image\/\"}}]}<\/script>\n<!-- \/ Yoast SEO plugin. -->","yoast_head_json":{"title":"PBJ \u2013 G\u00e9n\u00e9rateurs de vapeur monoblocs \u2013 Aliment\u00e9s par liquide et gaz \u2013 3 passes - AirRent.ge","robots":{"index":"index","follow":"follow","max-snippet":"max-snippet:-1","max-image-preview":"max-image-preview:large","max-video-preview":"max-video-preview:-1"},"canonical":"https:\/\/airrent.ge\/fr\/produit\/pbj-package-steam-generators-liquid-and-gas-fueled-3-pass\/","og_locale":"fr_FR","og_type":"article","og_title":"PBJ \u2013 G\u00e9n\u00e9rateurs de vapeur monoblocs \u2013 Aliment\u00e9s par liquide et gaz \u2013 3 passes - AirRent.ge","og_description":"Mekanik Sistemleri fabrique des g\u00e9n\u00e9rateurs de vapeur monoblocs offrant un rendement et une fiabilit\u00e9 \u00e9lev\u00e9s au secteur industriel. Gr\u00e2ce \u00e0 nos solutions d'ing\u00e9nierie avanc\u00e9es et \u00e0 notre approche de production de qualit\u00e9, nous proposons des solutions vapeur durables et efficaces, adapt\u00e9es aux entreprises de toutes tailles.  Le choix id\u00e9al pour la s\u00e9curit\u00e9 et la rapidit\u00e9 250 kg\/h \u00e0 3\u00a0000 kg\/h Pression de service de 3 \u00e0 10 bars Conception \u00e0 retour humide Rendement thermique jusqu'\u00e0 90 % (jusqu'\u00e0 95 % dans les applications \u00e9conomiseurs) Conception \u00e9cologique Conception ergonomique Durable et facile d'entretien Nos g\u00e9n\u00e9rateurs de vapeur monoblocs r\u00e9duisent les co\u00fbts \u00e9nerg\u00e9tiques des entreprises tout en offrant une installation et une utilisation faciles gr\u00e2ce \u00e0 leur syst\u00e8me de contr\u00f4le-commande PLC, leur syst\u00e8me de traitement de l'eau, leur r\u00e9servoir de condensats et leur pompe d'alimentation. Ils sont conformes aux normes de qualit\u00e9 internationales (norme TSE EN 12953-3 et certifications CE).","og_url":"https:\/\/airrent.ge\/fr\/produit\/pbj-package-steam-generators-liquid-and-gas-fueled-3-pass\/","og_site_name":"AirRent.ge","article_modified_time":"2025-06-14T10:28:49+00:00","og_image":[{"width":800,"height":867,"url":"https:\/\/airrent.ge\/wp-content\/uploads\/2025\/06\/pbj-paket-buhar-jenarator-202411201723412110.png","type":"image\/png"}],"twitter_card":"summary_large_image","schema":{"@context":"https:\/\/schema.org","@graph":[{"@type":"WebPage","@id":"https:\/\/airrent.ge\/fr\/produit\/pbj-package-steam-generators-liquid-and-gas-fueled-3-pass\/","url":"https:\/\/airrent.ge\/fr\/produit\/pbj-package-steam-generators-liquid-and-gas-fueled-3-pass\/","name":"PBJ \u2013 G\u00e9n\u00e9rateurs de vapeur monoblocs \u2013 Aliment\u00e9s par liquide et gaz \u2013 3 passes - AirRent.ge","isPartOf":{"@id":"https:\/\/airrent.ge\/#website"},"primaryImageOfPage":{"@id":"https:\/\/airrent.ge\/fr\/produit\/pbj-package-steam-generators-liquid-and-gas-fueled-3-pass\/#primaryimage"},"image":{"@id":"https:\/\/airrent.ge\/fr\/produit\/pbj-package-steam-generators-liquid-and-gas-fueled-3-pass\/#primaryimage"},"thumbnailUrl":"https:\/\/airrent.ge\/wp-content\/uploads\/2025\/06\/pbj-paket-buhar-jenarator-202411201723412110.png","datePublished":"2025-06-14T10:26:19+00:00","dateModified":"2025-06-14T10:28:49+00:00","breadcrumb":{"@id":"https:\/\/airrent.ge\/fr\/produit\/pbj-package-steam-generators-liquid-and-gas-fueled-3-pass\/#breadcrumb"},"inLanguage":"fr-FR","potentialAction":[{"@type":"ReadAction","target":["https:\/\/airrent.ge\/fr\/produit\/pbj-package-steam-generators-liquid-and-gas-fueled-3-pass\/"]}]},{"@type":"ImageObject","inLanguage":"fr-FR","@id":"https:\/\/airrent.ge\/fr\/produit\/pbj-package-steam-generators-liquid-and-gas-fueled-3-pass\/#primaryimage","url":"https:\/\/airrent.ge\/wp-content\/uploads\/2025\/06\/pbj-paket-buhar-jenarator-202411201723412110.png","contentUrl":"https:\/\/airrent.ge\/wp-content\/uploads\/2025\/06\/pbj-paket-buhar-jenarator-202411201723412110.png","width":800,"height":867},{"@type":"BreadcrumbList","@id":"https:\/\/airrent.ge\/fr\/produit\/pbj-package-steam-generators-liquid-and-gas-fueled-3-pass\/#breadcrumb","itemListElement":[{"@type":"ListItem","position":1,"name":"Home","item":"https:\/\/airrent.ge\/fr\/home\/"},{"@type":"ListItem","position":2,"name":"Products","item":"https:\/\/airrent.ge\/fr\/products\/"},{"@type":"ListItem","position":3,"name":"PBJ \u2013 G\u00e9n\u00e9rateurs de vapeur monoblocs \u2013 Aliment\u00e9s par liquide et gaz \u2013 3 passes"}]},{"@type":"WebSite","@id":"https:\/\/airrent.ge\/#website","url":"https:\/\/airrent.ge\/","name":"airrent.ge","description":"Rental Services","publisher":{"@id":"https:\/\/airrent.ge\/#organization"},"potentialAction":[{"@type":"SearchAction","target":{"@type":"EntryPoint","urlTemplate":"https:\/\/airrent.ge\/?s={search_term_string}"},"query-input":{"@type":"PropertyValueSpecification","valueRequired":true,"valueName":"search_term_string"}}],"inLanguage":"fr-FR"},{"@type":"Organization","@id":"https:\/\/airrent.ge\/#organization","name":"airrent.ge","url":"https:\/\/airrent.ge\/","logo":{"@type":"ImageObject","inLanguage":"fr-FR","@id":"https:\/\/airrent.ge\/#\/schema\/logo\/image\/","url":"https:\/\/airrent.ge\/wp-content\/uploads\/2026\/03\/airrent.png","contentUrl":"https:\/\/airrent.ge\/wp-content\/uploads\/2026\/03\/airrent.png","width":1536,"height":1024,"caption":"airrent.ge"},"image":{"@id":"https:\/\/airrent.ge\/#\/schema\/logo\/image\/"}}]}},"_links":{"self":[{"href":"https:\/\/airrent.ge\/fr\/wp-json\/wp\/v2\/product\/35893","targetHints":{"allow":["GET"]}}],"collection":[{"href":"https:\/\/airrent.ge\/fr\/wp-json\/wp\/v2\/product"}],"about":[{"href":"https:\/\/airrent.ge\/fr\/wp-json\/wp\/v2\/types\/product"}],"wp:featuredmedia":[{"embeddable":true,"href":"https:\/\/airrent.ge\/fr\/wp-json\/wp\/v2\/media\/35864"}],"wp:attachment":[{"href":"https:\/\/airrent.ge\/fr\/wp-json\/wp\/v2\/media?parent=35893"}],"wp:term":[{"taxonomy":"product_brand","embeddable":true,"href":"https:\/\/airrent.ge\/fr\/wp-json\/wp\/v2\/product_brand?post=35893"},{"taxonomy":"product_cat","embeddable":true,"href":"https:\/\/airrent.ge\/fr\/wp-json\/wp\/v2\/product_cat?post=35893"},{"taxonomy":"product_tag","embeddable":true,"href":"https:\/\/airrent.ge\/fr\/wp-json\/wp\/v2\/product_tag?post=35893"}],"curies":[{"name":"wp","href":"https:\/\/api.w.org\/{rel}","templated":true}]}}