{"id":35912,"date":"2025-06-14T14:34:23","date_gmt":"2025-06-14T10:34:23","guid":{"rendered":"https:\/\/airsystems.ge\/shop\/product\/pbs-package-scotch-steam-boiler-liquid-and-gas-fuel-3-pass\/"},"modified":"2025-06-14T14:39:40","modified_gmt":"2025-06-14T10:39:40","slug":"pbs-package-scotch-steam-boiler-liquid-and-gas-fuel-3-pass","status":"publish","type":"product","link":"https:\/\/airrent.ge\/fr\/produit\/pbs-package-scotch-steam-boiler-liquid-and-gas-fuel-3-pass\/","title":{"rendered":"PBS &#8211; Chaudi\u00e8re \u00e0 vapeur Scotch Package \u2013 Combustible liquide et gazeux, 3 passes"},"content":{"rendered":"<p>Domaines d&rsquo;application<\/p>\n<p>Nos chaudi\u00e8res \u00e0 vapeur Scotch Package sont des syst\u00e8mes hautement efficaces et s\u00fbrs, con\u00e7us pour r\u00e9pondre aux besoins intensifs en vapeur des installations industrielles. Elles constituent la solution id\u00e9ale pour les entreprises qui recherchent une efficacit\u00e9 \u00e9nerg\u00e9tique optimale et des performances \u00e9lev\u00e9es avec une faible consommation de combustible. Elles sont fabriqu\u00e9es conform\u00e9ment aux normes de qualit\u00e9 internationales, avec la norme TSE EN 12953-3 et les certifications CE.<\/p>\n<p>Production agroalimentaire<br \/>\nIndustrie chimique et pharmaceutique<br \/>\nIndustrie textile<br \/>\nAutoclaves et st\u00e9rilisation<br \/>\nP\u00e9trochimie et raffineries<br \/>\nBlanchisserie et nettoyage \u00e0 sec<br \/>\nTourisme et h\u00f4tellerie<\/p>\n","protected":false},"excerpt":{"rendered":"<p>Nos chaudi\u00e8res \u00e0 vapeur Scotch Package offrent des solutions de production de vapeur compactes et durables, offrant un rendement et une fiabilit\u00e9 \u00e9lev\u00e9s. Le syst\u00e8me de contr\u00f4le PLC, le syst\u00e8me de traitement de l&rsquo;eau, le r\u00e9servoir de condensats et la pompe d&rsquo;alimentation sont livr\u00e9s pr\u00eats \u00e0 l&#8217;emploi, ce qui facilite leur installation et leur utilisation.<\/p>\n<p>Le choix id\u00e9al pour la s\u00e9curit\u00e9 et la performance<br \/>\n500 kg\/h \u00e0 5\u00a0000 kg\/h<br \/>\nPression de service de 3 \u00e0 10 bars<br \/>\nConception de type Scotch<br \/>\nConception \u00e0 retour humide<br \/>\nRendement thermique \u00e9lev\u00e9<br \/>\nRespectueux de l&rsquo;environnement<br \/>\nEntretien facile et longue dur\u00e9e de vie<br \/>\nFonctions de s\u00e9curit\u00e9 avanc\u00e9es<\/p>\n","protected":false},"featured_media":35901,"template":"","meta":[],"product_brand":[],"product_cat":[1736,1750],"product_tag":[],"class_list":{"0":"post-35912","1":"product","2":"type-product","3":"status-publish","4":"has-post-thumbnail","6":"product_cat-chaudiere-a-vapeur-industrielle-chaudieres","7":"product_cat-systemes-de-vapeur-integres-chaudiere","9":"first","10":"instock","11":"shipping-taxable","12":"product-type-simple"},"yoast_head":"<!-- This site is optimized with the Yoast SEO plugin v27.1.1 - https:\/\/yoast.com\/product\/yoast-seo-wordpress\/ -->\n<title>PBS - Chaudi\u00e8re \u00e0 vapeur Scotch Package \u2013 Combustible liquide et gazeux, 3 passes - AirRent.ge<\/title>\n<meta name=\"robots\" content=\"index, follow, max-snippet:-1, max-image-preview:large, max-video-preview:-1\" \/>\n<link rel=\"canonical\" href=\"https:\/\/airrent.ge\/fr\/produit\/pbs-package-scotch-steam-boiler-liquid-and-gas-fuel-3-pass\/\" \/>\n<meta property=\"og:locale\" content=\"fr_FR\" \/>\n<meta property=\"og:type\" content=\"article\" \/>\n<meta property=\"og:title\" content=\"PBS - Chaudi\u00e8re \u00e0 vapeur Scotch Package \u2013 Combustible liquide et gazeux, 3 passes - AirRent.ge\" \/>\n<meta property=\"og:description\" content=\"Nos chaudi\u00e8res \u00e0 vapeur Scotch Package offrent des solutions de production de vapeur compactes et durables, offrant un rendement et une fiabilit\u00e9 \u00e9lev\u00e9s. Le syst\u00e8me de contr\u00f4le PLC, le syst\u00e8me de traitement de l&#039;eau, le r\u00e9servoir de condensats et la pompe d&#039;alimentation sont livr\u00e9s pr\u00eats \u00e0 l&#039;emploi, ce qui facilite leur installation et leur utilisation.  Le choix id\u00e9al pour la s\u00e9curit\u00e9 et la performance 500 kg\/h \u00e0 5\u00a0000 kg\/h Pression de service de 3 \u00e0 10 bars Conception de type Scotch Conception \u00e0 retour humide Rendement thermique \u00e9lev\u00e9 Respectueux de l&#039;environnement Entretien facile et longue dur\u00e9e de vie Fonctions de s\u00e9curit\u00e9 avanc\u00e9es\" \/>\n<meta property=\"og:url\" content=\"https:\/\/airrent.ge\/fr\/produit\/pbs-package-scotch-steam-boiler-liquid-and-gas-fuel-3-pass\/\" \/>\n<meta property=\"og:site_name\" content=\"AirRent.ge\" \/>\n<meta property=\"article:modified_time\" content=\"2025-06-14T10:39:40+00:00\" \/>\n<meta property=\"og:image\" content=\"https:\/\/airrent.ge\/wp-content\/uploads\/2025\/06\/pbs-paket-skoc-buhar-kaza-20241120113509624.png\" \/>\n\t<meta property=\"og:image:width\" content=\"800\" \/>\n\t<meta property=\"og:image:height\" content=\"867\" \/>\n\t<meta property=\"og:image:type\" content=\"image\/png\" \/>\n<meta name=\"twitter:card\" content=\"summary_large_image\" \/>\n<meta name=\"twitter:label1\" content=\"Dur\u00e9e de lecture estim\u00e9e\" \/>\n\t<meta name=\"twitter:data1\" content=\"1 minute\" \/>\n<script type=\"application\/ld+json\" class=\"yoast-schema-graph\">{\"@context\":\"https:\/\/schema.org\",\"@graph\":[{\"@type\":\"WebPage\",\"@id\":\"https:\/\/airrent.ge\/fr\/produit\/pbs-package-scotch-steam-boiler-liquid-and-gas-fuel-3-pass\/\",\"url\":\"https:\/\/airrent.ge\/fr\/produit\/pbs-package-scotch-steam-boiler-liquid-and-gas-fuel-3-pass\/\",\"name\":\"PBS - Chaudi\u00e8re \u00e0 vapeur Scotch Package \u2013 Combustible liquide et gazeux, 3 passes - AirRent.ge\",\"isPartOf\":{\"@id\":\"https:\/\/airrent.ge\/#website\"},\"primaryImageOfPage\":{\"@id\":\"https:\/\/airrent.ge\/fr\/produit\/pbs-package-scotch-steam-boiler-liquid-and-gas-fuel-3-pass\/#primaryimage\"},\"image\":{\"@id\":\"https:\/\/airrent.ge\/fr\/produit\/pbs-package-scotch-steam-boiler-liquid-and-gas-fuel-3-pass\/#primaryimage\"},\"thumbnailUrl\":\"https:\/\/airrent.ge\/wp-content\/uploads\/2025\/06\/pbs-paket-skoc-buhar-kaza-20241120113509624.png\",\"datePublished\":\"2025-06-14T10:34:23+00:00\",\"dateModified\":\"2025-06-14T10:39:40+00:00\",\"breadcrumb\":{\"@id\":\"https:\/\/airrent.ge\/fr\/produit\/pbs-package-scotch-steam-boiler-liquid-and-gas-fuel-3-pass\/#breadcrumb\"},\"inLanguage\":\"fr-FR\",\"potentialAction\":[{\"@type\":\"ReadAction\",\"target\":[\"https:\/\/airrent.ge\/fr\/produit\/pbs-package-scotch-steam-boiler-liquid-and-gas-fuel-3-pass\/\"]}]},{\"@type\":\"ImageObject\",\"inLanguage\":\"fr-FR\",\"@id\":\"https:\/\/airrent.ge\/fr\/produit\/pbs-package-scotch-steam-boiler-liquid-and-gas-fuel-3-pass\/#primaryimage\",\"url\":\"https:\/\/airrent.ge\/wp-content\/uploads\/2025\/06\/pbs-paket-skoc-buhar-kaza-20241120113509624.png\",\"contentUrl\":\"https:\/\/airrent.ge\/wp-content\/uploads\/2025\/06\/pbs-paket-skoc-buhar-kaza-20241120113509624.png\",\"width\":800,\"height\":867},{\"@type\":\"BreadcrumbList\",\"@id\":\"https:\/\/airrent.ge\/fr\/produit\/pbs-package-scotch-steam-boiler-liquid-and-gas-fuel-3-pass\/#breadcrumb\",\"itemListElement\":[{\"@type\":\"ListItem\",\"position\":1,\"name\":\"Home\",\"item\":\"https:\/\/airrent.ge\/fr\/home\/\"},{\"@type\":\"ListItem\",\"position\":2,\"name\":\"Products\",\"item\":\"https:\/\/airrent.ge\/fr\/products\/\"},{\"@type\":\"ListItem\",\"position\":3,\"name\":\"PBS &#8211; Chaudi\u00e8re \u00e0 vapeur Scotch Package \u2013 Combustible liquide et gazeux, 3 passes\"}]},{\"@type\":\"WebSite\",\"@id\":\"https:\/\/airrent.ge\/#website\",\"url\":\"https:\/\/airrent.ge\/\",\"name\":\"airrent.ge\",\"description\":\"Rental Services\",\"publisher\":{\"@id\":\"https:\/\/airrent.ge\/#organization\"},\"potentialAction\":[{\"@type\":\"SearchAction\",\"target\":{\"@type\":\"EntryPoint\",\"urlTemplate\":\"https:\/\/airrent.ge\/?s={search_term_string}\"},\"query-input\":{\"@type\":\"PropertyValueSpecification\",\"valueRequired\":true,\"valueName\":\"search_term_string\"}}],\"inLanguage\":\"fr-FR\"},{\"@type\":\"Organization\",\"@id\":\"https:\/\/airrent.ge\/#organization\",\"name\":\"airrent.ge\",\"url\":\"https:\/\/airrent.ge\/\",\"logo\":{\"@type\":\"ImageObject\",\"inLanguage\":\"fr-FR\",\"@id\":\"https:\/\/airrent.ge\/#\/schema\/logo\/image\/\",\"url\":\"https:\/\/airrent.ge\/wp-content\/uploads\/2026\/03\/airrent.png\",\"contentUrl\":\"https:\/\/airrent.ge\/wp-content\/uploads\/2026\/03\/airrent.png\",\"width\":1536,\"height\":1024,\"caption\":\"airrent.ge\"},\"image\":{\"@id\":\"https:\/\/airrent.ge\/#\/schema\/logo\/image\/\"}}]}<\/script>\n<!-- \/ Yoast SEO plugin. -->","yoast_head_json":{"title":"PBS - Chaudi\u00e8re \u00e0 vapeur Scotch Package \u2013 Combustible liquide et gazeux, 3 passes - AirRent.ge","robots":{"index":"index","follow":"follow","max-snippet":"max-snippet:-1","max-image-preview":"max-image-preview:large","max-video-preview":"max-video-preview:-1"},"canonical":"https:\/\/airrent.ge\/fr\/produit\/pbs-package-scotch-steam-boiler-liquid-and-gas-fuel-3-pass\/","og_locale":"fr_FR","og_type":"article","og_title":"PBS - Chaudi\u00e8re \u00e0 vapeur Scotch Package \u2013 Combustible liquide et gazeux, 3 passes - AirRent.ge","og_description":"Nos chaudi\u00e8res \u00e0 vapeur Scotch Package offrent des solutions de production de vapeur compactes et durables, offrant un rendement et une fiabilit\u00e9 \u00e9lev\u00e9s. Le syst\u00e8me de contr\u00f4le PLC, le syst\u00e8me de traitement de l'eau, le r\u00e9servoir de condensats et la pompe d'alimentation sont livr\u00e9s pr\u00eats \u00e0 l'emploi, ce qui facilite leur installation et leur utilisation.  Le choix id\u00e9al pour la s\u00e9curit\u00e9 et la performance 500 kg\/h \u00e0 5\u00a0000 kg\/h Pression de service de 3 \u00e0 10 bars Conception de type Scotch Conception \u00e0 retour humide Rendement thermique \u00e9lev\u00e9 Respectueux de l'environnement Entretien facile et longue dur\u00e9e de vie Fonctions de s\u00e9curit\u00e9 avanc\u00e9es","og_url":"https:\/\/airrent.ge\/fr\/produit\/pbs-package-scotch-steam-boiler-liquid-and-gas-fuel-3-pass\/","og_site_name":"AirRent.ge","article_modified_time":"2025-06-14T10:39:40+00:00","og_image":[{"width":800,"height":867,"url":"https:\/\/airrent.ge\/wp-content\/uploads\/2025\/06\/pbs-paket-skoc-buhar-kaza-20241120113509624.png","type":"image\/png"}],"twitter_card":"summary_large_image","twitter_misc":{"Dur\u00e9e de lecture estim\u00e9e":"1 minute"},"schema":{"@context":"https:\/\/schema.org","@graph":[{"@type":"WebPage","@id":"https:\/\/airrent.ge\/fr\/produit\/pbs-package-scotch-steam-boiler-liquid-and-gas-fuel-3-pass\/","url":"https:\/\/airrent.ge\/fr\/produit\/pbs-package-scotch-steam-boiler-liquid-and-gas-fuel-3-pass\/","name":"PBS - Chaudi\u00e8re \u00e0 vapeur Scotch Package \u2013 Combustible liquide et gazeux, 3 passes - AirRent.ge","isPartOf":{"@id":"https:\/\/airrent.ge\/#website"},"primaryImageOfPage":{"@id":"https:\/\/airrent.ge\/fr\/produit\/pbs-package-scotch-steam-boiler-liquid-and-gas-fuel-3-pass\/#primaryimage"},"image":{"@id":"https:\/\/airrent.ge\/fr\/produit\/pbs-package-scotch-steam-boiler-liquid-and-gas-fuel-3-pass\/#primaryimage"},"thumbnailUrl":"https:\/\/airrent.ge\/wp-content\/uploads\/2025\/06\/pbs-paket-skoc-buhar-kaza-20241120113509624.png","datePublished":"2025-06-14T10:34:23+00:00","dateModified":"2025-06-14T10:39:40+00:00","breadcrumb":{"@id":"https:\/\/airrent.ge\/fr\/produit\/pbs-package-scotch-steam-boiler-liquid-and-gas-fuel-3-pass\/#breadcrumb"},"inLanguage":"fr-FR","potentialAction":[{"@type":"ReadAction","target":["https:\/\/airrent.ge\/fr\/produit\/pbs-package-scotch-steam-boiler-liquid-and-gas-fuel-3-pass\/"]}]},{"@type":"ImageObject","inLanguage":"fr-FR","@id":"https:\/\/airrent.ge\/fr\/produit\/pbs-package-scotch-steam-boiler-liquid-and-gas-fuel-3-pass\/#primaryimage","url":"https:\/\/airrent.ge\/wp-content\/uploads\/2025\/06\/pbs-paket-skoc-buhar-kaza-20241120113509624.png","contentUrl":"https:\/\/airrent.ge\/wp-content\/uploads\/2025\/06\/pbs-paket-skoc-buhar-kaza-20241120113509624.png","width":800,"height":867},{"@type":"BreadcrumbList","@id":"https:\/\/airrent.ge\/fr\/produit\/pbs-package-scotch-steam-boiler-liquid-and-gas-fuel-3-pass\/#breadcrumb","itemListElement":[{"@type":"ListItem","position":1,"name":"Home","item":"https:\/\/airrent.ge\/fr\/home\/"},{"@type":"ListItem","position":2,"name":"Products","item":"https:\/\/airrent.ge\/fr\/products\/"},{"@type":"ListItem","position":3,"name":"PBS &#8211; Chaudi\u00e8re \u00e0 vapeur Scotch Package \u2013 Combustible liquide et gazeux, 3 passes"}]},{"@type":"WebSite","@id":"https:\/\/airrent.ge\/#website","url":"https:\/\/airrent.ge\/","name":"airrent.ge","description":"Rental Services","publisher":{"@id":"https:\/\/airrent.ge\/#organization"},"potentialAction":[{"@type":"SearchAction","target":{"@type":"EntryPoint","urlTemplate":"https:\/\/airrent.ge\/?s={search_term_string}"},"query-input":{"@type":"PropertyValueSpecification","valueRequired":true,"valueName":"search_term_string"}}],"inLanguage":"fr-FR"},{"@type":"Organization","@id":"https:\/\/airrent.ge\/#organization","name":"airrent.ge","url":"https:\/\/airrent.ge\/","logo":{"@type":"ImageObject","inLanguage":"fr-FR","@id":"https:\/\/airrent.ge\/#\/schema\/logo\/image\/","url":"https:\/\/airrent.ge\/wp-content\/uploads\/2026\/03\/airrent.png","contentUrl":"https:\/\/airrent.ge\/wp-content\/uploads\/2026\/03\/airrent.png","width":1536,"height":1024,"caption":"airrent.ge"},"image":{"@id":"https:\/\/airrent.ge\/#\/schema\/logo\/image\/"}}]}},"_links":{"self":[{"href":"https:\/\/airrent.ge\/fr\/wp-json\/wp\/v2\/product\/35912","targetHints":{"allow":["GET"]}}],"collection":[{"href":"https:\/\/airrent.ge\/fr\/wp-json\/wp\/v2\/product"}],"about":[{"href":"https:\/\/airrent.ge\/fr\/wp-json\/wp\/v2\/types\/product"}],"wp:featuredmedia":[{"embeddable":true,"href":"https:\/\/airrent.ge\/fr\/wp-json\/wp\/v2\/media\/35901"}],"wp:attachment":[{"href":"https:\/\/airrent.ge\/fr\/wp-json\/wp\/v2\/media?parent=35912"}],"wp:term":[{"taxonomy":"product_brand","embeddable":true,"href":"https:\/\/airrent.ge\/fr\/wp-json\/wp\/v2\/product_brand?post=35912"},{"taxonomy":"product_cat","embeddable":true,"href":"https:\/\/airrent.ge\/fr\/wp-json\/wp\/v2\/product_cat?post=35912"},{"taxonomy":"product_tag","embeddable":true,"href":"https:\/\/airrent.ge\/fr\/wp-json\/wp\/v2\/product_tag?post=35912"}],"curies":[{"name":"wp","href":"https:\/\/api.w.org\/{rel}","templated":true}]}}