{"id":36797,"date":"2025-09-07T11:26:08","date_gmt":"2025-09-07T07:26:08","guid":{"rendered":"https:\/\/airsystems.ge\/shop\/product\/nova-rf-f-grilles-aluminium-air-extract-grille-with-a-filter-suitable-for-t-bar-ceiling-installations\/"},"modified":"2025-09-07T12:47:04","modified_gmt":"2025-09-07T08:47:04","slug":"nova-rf-f-grilles-aluminium-air-extract-grille-with-a-filter-suitable-for-t-bar-ceiling-installations","status":"publish","type":"product","link":"https:\/\/airrent.ge\/fr\/produit\/nova-rf-f-grilles-aluminium-air-extract-grille-with-a-filter-suitable-for-t-bar-ceiling-installations\/","title":{"rendered":"Grilles NOVA-RF-F Grille d&rsquo;extraction d&rsquo;air en aluminium avec filtre, adapt\u00e9e aux plafonds \u00e0 barres en T"},"content":{"rendered":"<div class=\"content-container content-container-page gtm-product-section\" data-gtm-name=\"Content\" data-gtm-label=\"Content (en)\" data-gtm-vis-first-on-screen53434917_103=\"1990\" data-gtm-vis-total-visible-time53434917_103=\"1500\" data-gtm-vis-has-fired53434917_103=\"1\">\n<div id=\"scroll-NOVA-RF-F-extraction-grille\" class=\"content-element content-element-text-image gtm-component-text-image container-fluid\">\n<div class=\"row flex-row-reverse justify-end\">\n<div class=\"md:offset-1 md:col-6 md:mr-auto sm-max:pt-200 md:pb-100 md:self-center\">\n<div class=\"flex flex-col text-flow first-heading\">\n<p><strong>Grille d&rsquo;extraction NOVA-RF-F<\/strong><br \/>\nNOVA-RF-F est une grille de ventilation robuste, durable et l\u00e9g\u00e8re, \u00e9quip\u00e9e d&rsquo;un filtre. Disponible en plusieurs tailles, elle est con\u00e7ue pour une installation facile dans les plafonds \u00e0 barres en T, dans divers environnements, notamment les bureaux, les zones r\u00e9sidentielles et les h\u00f4tels.<\/p>\n<p><strong>Grilles d&rsquo;extraction d&rsquo;air pour syst\u00e8mes de ventilation<\/strong><br \/>\nCette grille, principalement destin\u00e9e \u00e0 l&rsquo;extraction d&rsquo;air dans les syst\u00e8mes de recirculation avec ventilo-convecteurs, offre une ventilation efficace dans diff\u00e9rents environnements. Compos\u00e9e d&rsquo;un cadre, de lames fixes, d&rsquo;un cadre de montage au plafond avec grille amovible et d&rsquo;un filtre grossier de classe 65 %, la grille NOVA-RF-F garantit des performances robustes. Le cadre et l&rsquo;adaptateur sont en acier galvanis\u00e9, tandis que les lames sont en profil\u00e9s d&rsquo;aluminium anodis\u00e9.<\/p>\n<p>La construction l\u00e9g\u00e8re en aluminium de la grille NOVA-RF-F, alli\u00e9e \u00e0 son esth\u00e9tique et \u00e0 sa simplicit\u00e9, s&rsquo;int\u00e8gre parfaitement \u00e0 l&rsquo;environnement.<\/p>\n<p><strong>Installation et acc\u00e8s faciles<\/strong><br \/>\nAvec sa faible r\u00e9sistance et son d\u00e9bit d&rsquo;air \u00e9lev\u00e9, la grille est facile \u00e0 installer et offre une stabilit\u00e9 optimale sans n\u00e9cessiter d&rsquo;outils pour le nettoyage et l&rsquo;entretien du filtre. Des clips \u00e0 ressort maintiennent la grille frontale en place, facilitant ainsi l&rsquo;acc\u00e8s. Le filtre, \u00e9galement de classe 65 %, assure une filtration efficace de l&rsquo;air.<\/p>\n<p><strong>Large gamme de produits de distribution d&rsquo;air<\/strong><br \/>\nSystemair propose une gamme compl\u00e8te de produits de distribution d&rsquo;air et d&rsquo;accessoires pour grilles afin de r\u00e9pondre aux diff\u00e9rents besoins des syst\u00e8mes de ventilation.<\/p>\n<\/div>\n<\/div>\n<\/div>\n<\/div>\n<div id=\"scroll-PB-NOVA-FF\" class=\"content-element content-element-text-image gtm-component-text-image TextImage_text-image-extended__PHD6R TextImage_text-image-extended--color-default__S1W0X\">\n<div class=\"container-fluid\">\n<div class=\"row\">\n<div class=\"col-12\">\n<div class=\"TextImage_text-image-extended--bg__vXJy6\">\n<div class=\"row mx-0\">\n<div class=\"flex items-center col-4 pl-400 py-400\">\n<figure class=\"w-full flex flex-col\">\n<div class=\"TextImage_text-image-col-image-img-container__3Fpb_ flex flex-1 relative\"><img decoding=\"async\" id=\"\" class=\"object-center\" src=\"https:\/\/a.storyblok.com\/f\/108972\/4665x3865\/95a827cdac\/pb-nova-ff.png\/m\/1920x0\/filters:quality(80)\" sizes=\"(min-width: 768px) 70vw, 90vw\" srcset=\"https:\/\/a.storyblok.com\/f\/108972\/4665x3865\/95a827cdac\/pb-nova-ff.png\/m\/640x0\/filters:quality(80) 640w, https:\/\/a.storyblok.com\/f\/108972\/4665x3865\/95a827cdac\/pb-nova-ff.png\/m\/750x0\/filters:quality(80) 750w, https:\/\/a.storyblok.com\/f\/108972\/4665x3865\/95a827cdac\/pb-nova-ff.png\/m\/828x0\/filters:quality(80) 828w, https:\/\/a.storyblok.com\/f\/108972\/4665x3865\/95a827cdac\/pb-nova-ff.png\/m\/1080x0\/filters:quality(80) 1080w, https:\/\/a.storyblok.com\/f\/108972\/4665x3865\/95a827cdac\/pb-nova-ff.png\/m\/1200x0\/filters:quality(80) 1200w, https:\/\/a.storyblok.com\/f\/108972\/4665x3865\/95a827cdac\/pb-nova-ff.png\/m\/1920x0\/filters:quality(80) 1920w\" alt=\"\" data-nimg=\"responsive\" \/><\/div>\n<\/figure>\n<\/div>\n<div class=\"flex items-center col-6 offset-1\">\n<div class=\"py-400\">\n<div class=\"py-400 mb-100\">\n<div class=\"flex flex-col text-flow\">\n<h2 class=\"TextImage_text-image-headline__FwqZ7 whitespace-pre-line\">PB-NOVA-FF<\/h2>\n<div class=\"richtext-wrap reset-margin-last TextImage_text-image-text-wrap__B_mcT\">\n<p><strong>Pl\u00e9num de raccordement pour plafond \u00e0 barres en T NOVA<\/strong><\/p>\n<p>PB-NOVA-FF est un pl\u00e9num de raccordement destin\u00e9 au soufflage et \u00e0 l&rsquo;extraction d&rsquo;air. Il permet d&rsquo;\u00e9quilibrer la distribution de l&rsquo;air sur l&rsquo;ensemble de la grille. Il sert \u00e9galement de silencieux et permet de raccorder la grille \u00e0 un syst\u00e8me de distribution d&rsquo;air. Il s&rsquo;installe \u00e0 l&rsquo;extr\u00e9mit\u00e9 des conduits circulaires dans les plafonds.<\/p>\n<p>PB-NOVA-FF est fabriqu\u00e9 en t\u00f4le d&rsquo;acier galvanis\u00e9. Le produit se compose d&rsquo;un bo\u00eetier, d&rsquo;un raccord de grille et d&rsquo;un raccord de conduit lat\u00e9ral.<\/p>\n<p>Votre commande, votre style\u00a0!<br \/>\nNotre produit est personnalisable selon vos pr\u00e9f\u00e9rences, vous permettant de le commander avec n&rsquo;importe quelle finition RAL pour une harmonie parfaite avec votre vision esth\u00e9tique.<\/p>\n<p>Documentation<\/p>\n<\/div>\n<\/div>\n<\/div>\n<\/div>\n<\/div>\n<\/div>\n<\/div>\n<\/div>\n<\/div>\n<\/div>\n<\/div>\n<\/div>\n<div class=\"mb-400 mt-700 relative container-fluid\">\n<div class=\"gtm-product-section\" data-gtm-name=\"Documentation\" data-gtm-label=\"Documentation\" data-offset=\"0\" data-gtm-vis-first-on-screen53434917_103=\"4788\" data-gtm-vis-total-visible-time53434917_103=\"1500\" data-gtm-vis-has-fired53434917_103=\"1\">\n<div class=\"row gap-y-150 mb-200 desktop-nav:mb-0 md ProductPageISSections_product-info-header___9p5M\">\n<div class=\" col-12 md:col-6 md:text-right print:hidden flex items-center justify-end mobile-nav:flex-col gap-050 \">\n<div class=\"\"><button class=\"gtm-product-specsheet-link btn btn-secondary btn-small btn-icon-left xs-max:btn-block\">Download spec sheet<\/button><\/div>\n<\/div>\n<\/div>\n<\/div>\n<\/div>\n","protected":false},"excerpt":{"rendered":"<div>\n<p>Grille d&rsquo;extraction d&rsquo;air en aluminium avec filtre, adapt\u00e9e aux plafonds \u00e0 barres en T<\/p>\n<p>Soufflage et extraction d&rsquo;air<\/p>\n<p>Acc\u00e8s facile au filtre<\/p>\n<p>Design esth\u00e9tique<\/p>\n<p>L\u00e9g\u00e8ret\u00e9<\/p>\n<\/div>\n<div><\/div>\n<div class=\"gtm-sku-info flex flex-col gap-y-050 text-label-tiny text-neutral-600\">\n<div class=\"flex flex-wrap items-baseline gap-x-100 gap-y-025\"><span class=\"gtm-article-name\">NOVA-RF-F<\/span><span class=\"whitespace-nowrap gtm-article-number text-base font-bold\">#AN-RFF<\/span><\/div>\n<\/div>\n","protected":false},"featured_media":36803,"template":"","meta":[],"product_brand":[],"product_cat":[1850,1854,1841],"product_tag":[],"class_list":{"0":"post-36797","1":"product","2":"type-product","3":"status-publish","4":"has-post-thumbnail","6":"product_cat-grilles-de-ventilation","7":"product_cat-grilles-nova","8":"product_cat-produits-de-distribution-dair","10":"first","11":"instock","12":"shipping-taxable","13":"product-type-simple"},"yoast_head":"<!-- This site is optimized with the Yoast SEO plugin v27.1.1 - https:\/\/yoast.com\/product\/yoast-seo-wordpress\/ -->\n<title>Grilles NOVA-RF-F Grille d&#039;extraction d&#039;air en aluminium avec filtre, adapt\u00e9e aux plafonds \u00e0 barres en T - AirRent.ge<\/title>\n<meta name=\"robots\" content=\"index, follow, max-snippet:-1, max-image-preview:large, max-video-preview:-1\" \/>\n<link rel=\"canonical\" href=\"https:\/\/airrent.ge\/fr\/produit\/nova-rf-f-grilles-aluminium-air-extract-grille-with-a-filter-suitable-for-t-bar-ceiling-installations\/\" \/>\n<meta property=\"og:locale\" content=\"fr_FR\" \/>\n<meta property=\"og:type\" content=\"article\" \/>\n<meta property=\"og:title\" content=\"Grilles NOVA-RF-F Grille d&#039;extraction d&#039;air en aluminium avec filtre, adapt\u00e9e aux plafonds \u00e0 barres en T - AirRent.ge\" \/>\n<meta property=\"og:description\" content=\"Grille d&#039;extraction d&#039;air en aluminium avec filtre, adapt\u00e9e aux plafonds \u00e0 barres en T  Soufflage et extraction d&#039;air  Acc\u00e8s facile au filtre  Design esth\u00e9tique  L\u00e9g\u00e8ret\u00e9     NOVA-RF-F#AN-RFF\" \/>\n<meta property=\"og:url\" content=\"https:\/\/airrent.ge\/fr\/produit\/nova-rf-f-grilles-aluminium-air-extract-grille-with-a-filter-suitable-for-t-bar-ceiling-installations\/\" \/>\n<meta property=\"og:site_name\" content=\"AirRent.ge\" \/>\n<meta property=\"article:modified_time\" content=\"2025-09-07T08:47:04+00:00\" \/>\n<meta property=\"og:image\" content=\"https:\/\/airrent.ge\/wp-content\/uploads\/2025\/09\/NOVA-RF-F_HQ.jpg\" \/>\n\t<meta property=\"og:image:width\" content=\"384\" \/>\n\t<meta property=\"og:image:height\" content=\"288\" \/>\n\t<meta property=\"og:image:type\" content=\"image\/jpeg\" \/>\n<meta name=\"twitter:card\" content=\"summary_large_image\" \/>\n<meta name=\"twitter:label1\" content=\"Dur\u00e9e de lecture estim\u00e9e\" \/>\n\t<meta name=\"twitter:data1\" content=\"2 minutes\" \/>\n<script type=\"application\/ld+json\" class=\"yoast-schema-graph\">{\"@context\":\"https:\/\/schema.org\",\"@graph\":[{\"@type\":\"WebPage\",\"@id\":\"https:\/\/airrent.ge\/fr\/produit\/nova-rf-f-grilles-aluminium-air-extract-grille-with-a-filter-suitable-for-t-bar-ceiling-installations\/\",\"url\":\"https:\/\/airrent.ge\/fr\/produit\/nova-rf-f-grilles-aluminium-air-extract-grille-with-a-filter-suitable-for-t-bar-ceiling-installations\/\",\"name\":\"Grilles NOVA-RF-F Grille d'extraction d'air en aluminium avec filtre, adapt\u00e9e aux plafonds \u00e0 barres en T - AirRent.ge\",\"isPartOf\":{\"@id\":\"https:\/\/airrent.ge\/#website\"},\"primaryImageOfPage\":{\"@id\":\"https:\/\/airrent.ge\/fr\/produit\/nova-rf-f-grilles-aluminium-air-extract-grille-with-a-filter-suitable-for-t-bar-ceiling-installations\/#primaryimage\"},\"image\":{\"@id\":\"https:\/\/airrent.ge\/fr\/produit\/nova-rf-f-grilles-aluminium-air-extract-grille-with-a-filter-suitable-for-t-bar-ceiling-installations\/#primaryimage\"},\"thumbnailUrl\":\"https:\/\/airrent.ge\/wp-content\/uploads\/2025\/09\/NOVA-RF-F_HQ.jpg\",\"datePublished\":\"2025-09-07T07:26:08+00:00\",\"dateModified\":\"2025-09-07T08:47:04+00:00\",\"breadcrumb\":{\"@id\":\"https:\/\/airrent.ge\/fr\/produit\/nova-rf-f-grilles-aluminium-air-extract-grille-with-a-filter-suitable-for-t-bar-ceiling-installations\/#breadcrumb\"},\"inLanguage\":\"fr-FR\",\"potentialAction\":[{\"@type\":\"ReadAction\",\"target\":[\"https:\/\/airrent.ge\/fr\/produit\/nova-rf-f-grilles-aluminium-air-extract-grille-with-a-filter-suitable-for-t-bar-ceiling-installations\/\"]}]},{\"@type\":\"ImageObject\",\"inLanguage\":\"fr-FR\",\"@id\":\"https:\/\/airrent.ge\/fr\/produit\/nova-rf-f-grilles-aluminium-air-extract-grille-with-a-filter-suitable-for-t-bar-ceiling-installations\/#primaryimage\",\"url\":\"https:\/\/airrent.ge\/wp-content\/uploads\/2025\/09\/NOVA-RF-F_HQ.jpg\",\"contentUrl\":\"https:\/\/airrent.ge\/wp-content\/uploads\/2025\/09\/NOVA-RF-F_HQ.jpg\",\"width\":384,\"height\":288},{\"@type\":\"BreadcrumbList\",\"@id\":\"https:\/\/airrent.ge\/fr\/produit\/nova-rf-f-grilles-aluminium-air-extract-grille-with-a-filter-suitable-for-t-bar-ceiling-installations\/#breadcrumb\",\"itemListElement\":[{\"@type\":\"ListItem\",\"position\":1,\"name\":\"Home\",\"item\":\"https:\/\/airrent.ge\/fr\/home\/\"},{\"@type\":\"ListItem\",\"position\":2,\"name\":\"Products\",\"item\":\"https:\/\/airrent.ge\/fr\/products\/\"},{\"@type\":\"ListItem\",\"position\":3,\"name\":\"Grilles NOVA-RF-F Grille d&#8217;extraction d&#8217;air en aluminium avec filtre, adapt\u00e9e aux plafonds \u00e0 barres en T\"}]},{\"@type\":\"WebSite\",\"@id\":\"https:\/\/airrent.ge\/#website\",\"url\":\"https:\/\/airrent.ge\/\",\"name\":\"airrent.ge\",\"description\":\"Rental Services\",\"publisher\":{\"@id\":\"https:\/\/airrent.ge\/#organization\"},\"potentialAction\":[{\"@type\":\"SearchAction\",\"target\":{\"@type\":\"EntryPoint\",\"urlTemplate\":\"https:\/\/airrent.ge\/?s={search_term_string}\"},\"query-input\":{\"@type\":\"PropertyValueSpecification\",\"valueRequired\":true,\"valueName\":\"search_term_string\"}}],\"inLanguage\":\"fr-FR\"},{\"@type\":\"Organization\",\"@id\":\"https:\/\/airrent.ge\/#organization\",\"name\":\"airrent.ge\",\"url\":\"https:\/\/airrent.ge\/\",\"logo\":{\"@type\":\"ImageObject\",\"inLanguage\":\"fr-FR\",\"@id\":\"https:\/\/airrent.ge\/#\/schema\/logo\/image\/\",\"url\":\"https:\/\/airrent.ge\/wp-content\/uploads\/2026\/03\/airrent.png\",\"contentUrl\":\"https:\/\/airrent.ge\/wp-content\/uploads\/2026\/03\/airrent.png\",\"width\":1536,\"height\":1024,\"caption\":\"airrent.ge\"},\"image\":{\"@id\":\"https:\/\/airrent.ge\/#\/schema\/logo\/image\/\"}}]}<\/script>\n<!-- \/ Yoast SEO plugin. -->","yoast_head_json":{"title":"Grilles NOVA-RF-F Grille d'extraction d'air en aluminium avec filtre, adapt\u00e9e aux plafonds \u00e0 barres en T - AirRent.ge","robots":{"index":"index","follow":"follow","max-snippet":"max-snippet:-1","max-image-preview":"max-image-preview:large","max-video-preview":"max-video-preview:-1"},"canonical":"https:\/\/airrent.ge\/fr\/produit\/nova-rf-f-grilles-aluminium-air-extract-grille-with-a-filter-suitable-for-t-bar-ceiling-installations\/","og_locale":"fr_FR","og_type":"article","og_title":"Grilles NOVA-RF-F Grille d'extraction d'air en aluminium avec filtre, adapt\u00e9e aux plafonds \u00e0 barres en T - AirRent.ge","og_description":"Grille d'extraction d'air en aluminium avec filtre, adapt\u00e9e aux plafonds \u00e0 barres en T  Soufflage et extraction d'air  Acc\u00e8s facile au filtre  Design esth\u00e9tique  L\u00e9g\u00e8ret\u00e9     NOVA-RF-F#AN-RFF","og_url":"https:\/\/airrent.ge\/fr\/produit\/nova-rf-f-grilles-aluminium-air-extract-grille-with-a-filter-suitable-for-t-bar-ceiling-installations\/","og_site_name":"AirRent.ge","article_modified_time":"2025-09-07T08:47:04+00:00","og_image":[{"width":384,"height":288,"url":"https:\/\/airrent.ge\/wp-content\/uploads\/2025\/09\/NOVA-RF-F_HQ.jpg","type":"image\/jpeg"}],"twitter_card":"summary_large_image","twitter_misc":{"Dur\u00e9e de lecture estim\u00e9e":"2 minutes"},"schema":{"@context":"https:\/\/schema.org","@graph":[{"@type":"WebPage","@id":"https:\/\/airrent.ge\/fr\/produit\/nova-rf-f-grilles-aluminium-air-extract-grille-with-a-filter-suitable-for-t-bar-ceiling-installations\/","url":"https:\/\/airrent.ge\/fr\/produit\/nova-rf-f-grilles-aluminium-air-extract-grille-with-a-filter-suitable-for-t-bar-ceiling-installations\/","name":"Grilles NOVA-RF-F Grille d'extraction d'air en aluminium avec filtre, adapt\u00e9e aux plafonds \u00e0 barres en T - AirRent.ge","isPartOf":{"@id":"https:\/\/airrent.ge\/#website"},"primaryImageOfPage":{"@id":"https:\/\/airrent.ge\/fr\/produit\/nova-rf-f-grilles-aluminium-air-extract-grille-with-a-filter-suitable-for-t-bar-ceiling-installations\/#primaryimage"},"image":{"@id":"https:\/\/airrent.ge\/fr\/produit\/nova-rf-f-grilles-aluminium-air-extract-grille-with-a-filter-suitable-for-t-bar-ceiling-installations\/#primaryimage"},"thumbnailUrl":"https:\/\/airrent.ge\/wp-content\/uploads\/2025\/09\/NOVA-RF-F_HQ.jpg","datePublished":"2025-09-07T07:26:08+00:00","dateModified":"2025-09-07T08:47:04+00:00","breadcrumb":{"@id":"https:\/\/airrent.ge\/fr\/produit\/nova-rf-f-grilles-aluminium-air-extract-grille-with-a-filter-suitable-for-t-bar-ceiling-installations\/#breadcrumb"},"inLanguage":"fr-FR","potentialAction":[{"@type":"ReadAction","target":["https:\/\/airrent.ge\/fr\/produit\/nova-rf-f-grilles-aluminium-air-extract-grille-with-a-filter-suitable-for-t-bar-ceiling-installations\/"]}]},{"@type":"ImageObject","inLanguage":"fr-FR","@id":"https:\/\/airrent.ge\/fr\/produit\/nova-rf-f-grilles-aluminium-air-extract-grille-with-a-filter-suitable-for-t-bar-ceiling-installations\/#primaryimage","url":"https:\/\/airrent.ge\/wp-content\/uploads\/2025\/09\/NOVA-RF-F_HQ.jpg","contentUrl":"https:\/\/airrent.ge\/wp-content\/uploads\/2025\/09\/NOVA-RF-F_HQ.jpg","width":384,"height":288},{"@type":"BreadcrumbList","@id":"https:\/\/airrent.ge\/fr\/produit\/nova-rf-f-grilles-aluminium-air-extract-grille-with-a-filter-suitable-for-t-bar-ceiling-installations\/#breadcrumb","itemListElement":[{"@type":"ListItem","position":1,"name":"Home","item":"https:\/\/airrent.ge\/fr\/home\/"},{"@type":"ListItem","position":2,"name":"Products","item":"https:\/\/airrent.ge\/fr\/products\/"},{"@type":"ListItem","position":3,"name":"Grilles NOVA-RF-F Grille d&#8217;extraction d&#8217;air en aluminium avec filtre, adapt\u00e9e aux plafonds \u00e0 barres en T"}]},{"@type":"WebSite","@id":"https:\/\/airrent.ge\/#website","url":"https:\/\/airrent.ge\/","name":"airrent.ge","description":"Rental Services","publisher":{"@id":"https:\/\/airrent.ge\/#organization"},"potentialAction":[{"@type":"SearchAction","target":{"@type":"EntryPoint","urlTemplate":"https:\/\/airrent.ge\/?s={search_term_string}"},"query-input":{"@type":"PropertyValueSpecification","valueRequired":true,"valueName":"search_term_string"}}],"inLanguage":"fr-FR"},{"@type":"Organization","@id":"https:\/\/airrent.ge\/#organization","name":"airrent.ge","url":"https:\/\/airrent.ge\/","logo":{"@type":"ImageObject","inLanguage":"fr-FR","@id":"https:\/\/airrent.ge\/#\/schema\/logo\/image\/","url":"https:\/\/airrent.ge\/wp-content\/uploads\/2026\/03\/airrent.png","contentUrl":"https:\/\/airrent.ge\/wp-content\/uploads\/2026\/03\/airrent.png","width":1536,"height":1024,"caption":"airrent.ge"},"image":{"@id":"https:\/\/airrent.ge\/#\/schema\/logo\/image\/"}}]}},"_links":{"self":[{"href":"https:\/\/airrent.ge\/fr\/wp-json\/wp\/v2\/product\/36797","targetHints":{"allow":["GET"]}}],"collection":[{"href":"https:\/\/airrent.ge\/fr\/wp-json\/wp\/v2\/product"}],"about":[{"href":"https:\/\/airrent.ge\/fr\/wp-json\/wp\/v2\/types\/product"}],"wp:featuredmedia":[{"embeddable":true,"href":"https:\/\/airrent.ge\/fr\/wp-json\/wp\/v2\/media\/36803"}],"wp:attachment":[{"href":"https:\/\/airrent.ge\/fr\/wp-json\/wp\/v2\/media?parent=36797"}],"wp:term":[{"taxonomy":"product_brand","embeddable":true,"href":"https:\/\/airrent.ge\/fr\/wp-json\/wp\/v2\/product_brand?post=36797"},{"taxonomy":"product_cat","embeddable":true,"href":"https:\/\/airrent.ge\/fr\/wp-json\/wp\/v2\/product_cat?post=36797"},{"taxonomy":"product_tag","embeddable":true,"href":"https:\/\/airrent.ge\/fr\/wp-json\/wp\/v2\/product_tag?post=36797"}],"curies":[{"name":"wp","href":"https:\/\/api.w.org\/{rel}","templated":true}]}}