{"id":36956,"date":"2025-09-07T13:01:53","date_gmt":"2025-09-07T09:01:53","guid":{"rendered":"https:\/\/airsystems.ge\/shop\/product\/36935\/"},"modified":"2025-09-07T13:08:51","modified_gmt":"2025-09-07T09:08:51","slug":"36935","status":"publish","type":"product","link":"https:\/\/airrent.ge\/fr\/produit\/36935\/","title":{"rendered":"Grilles NOVA-H Grille \u00e0 panneau perfor\u00e9 id\u00e9ale pour les environnements industriels et commerciaux"},"content":{"rendered":"<div class=\"mb-400 gtm-product-section container-fluid\" data-gtm-name=\"Benefits\" data-gtm-label=\"Benefits (en)\" data-gtm-vis-first-on-screen53434917_103=\"30162\" data-gtm-vis-total-visible-time53434917_103=\"1500\" data-gtm-vis-has-fired53434917_103=\"1\">\n<div class=\"row\">\n<div class=\"content-element content-element-product-benefit col-12 sm:col-6 mb-400\">\n<div class=\"bg-card px-300 py-250 mobile-nav:px-200 mobile-nav:py-150 h-full flex overflow-hidden card-border\">\n<div class=\"min-w-0\">\n<p><strong>Aluminium et acier<\/strong><br \/>\nLa grille de diffusion NOVA-H est fabriqu\u00e9e \u00e0 partir de profil\u00e9s en aluminium anodis\u00e9, ce qui la rend robuste et l\u00e9g\u00e8re. Le panneau perfor\u00e9 est en t\u00f4le d&rsquo;acier.<\/p>\n<p><strong>Extraction et soufflage d&rsquo;air<\/strong><br \/>\nUne fois install\u00e9e, la grille \u00e0 panneau perfor\u00e9 NOVA-H est principalement destin\u00e9e \u00e0 l&rsquo;extraction d&rsquo;air, mais peut \u00e9galement servir au soufflage d&rsquo;air.<\/p>\n<p><strong>Utilisation industrielle et commerciale<\/strong><br \/>\nLa grille de diffusion NOVA-H est principalement con\u00e7ue pour l&rsquo;extraction d&rsquo;air en environnements industriels et commerciaux.<\/p>\n<p>La grille de diffusion NOVA-H est une grille intelligemment con\u00e7ue avec un panneau perfor\u00e9, adapt\u00e9e \u00e0 une installation aussi bien en environnements industriels que commerciaux. Gr\u00e2ce \u00e0 sa construction en aluminium anodis\u00e9, elle est \u00e0 la fois robuste et l\u00e9g\u00e8re, facilitant ainsi l&rsquo;installation et am\u00e9liorant la durabilit\u00e9. L&rsquo;aluminium poss\u00e8de de fortes propri\u00e9t\u00e9s anticorrosion, ce qui le rend adapt\u00e9 \u00e0 un large \u00e9ventail d&rsquo;environnements. Le panneau perfor\u00e9 est fabriqu\u00e9 en t\u00f4le d&rsquo;acier galvanis\u00e9.<\/p>\n<p>Disponible en diff\u00e9rentes tailles, l&rsquo;unit\u00e9 est principalement con\u00e7ue pour l&rsquo;extraction d&rsquo;air lorsqu&rsquo;elle est install\u00e9e dans des conduits rectangulaires ou encastr\u00e9s dans les murs, mais peut \u00e9galement \u00eatre utilis\u00e9e pour le soufflage. Pour une distribution \u00e9quilibr\u00e9e, il est recommand\u00e9 d&rsquo;utiliser le registre ou le pl\u00e9num R1-NOVA. Outre le registre, un cadre de montage UR-NOVA est \u00e9galement disponible. Le produit est peint par poudrage en RAL9003 (blanc de s\u00e9curit\u00e9) en standard. D&rsquo;autres couleurs RAL sont disponibles sur demande.<\/p>\n<p><strong>Votre commande, votre style\u00a0!<\/strong><br \/>\nNotre produit est personnalisable selon vos pr\u00e9f\u00e9rences, vous permettant de le commander avec n&rsquo;importe quelle finition RAL pour une harmonie parfaite avec votre esth\u00e9tique.<\/p>\n<\/div>\n<\/div>\n<\/div>\n<\/div>\n<\/div>\n","protected":false},"excerpt":{"rendered":"<p>Grille \u00e0 panneau perfor\u00e9 id\u00e9ale pour les environnements industriels et commerciaux<\/p>\n<p>L\u00e9g\u00e8re<\/p>\n<p>Installation murale ou sur conduit<\/p>\n<p>Industriel ou commercial<\/p>\n<p>Aluminium et acier<\/p>\n","protected":false},"featured_media":36939,"template":"","meta":[],"product_brand":[],"product_cat":[1850,1854,1841],"product_tag":[],"class_list":{"0":"post-36956","1":"product","2":"type-product","3":"status-publish","4":"has-post-thumbnail","6":"product_cat-grilles-de-ventilation","7":"product_cat-grilles-nova","8":"product_cat-produits-de-distribution-dair","10":"first","11":"instock","12":"shipping-taxable","13":"product-type-simple"},"yoast_head":"<!-- This site is optimized with the Yoast SEO plugin v27.1.1 - https:\/\/yoast.com\/product\/yoast-seo-wordpress\/ -->\n<title>Grilles NOVA-H Grille \u00e0 panneau perfor\u00e9 id\u00e9ale pour les environnements industriels et commerciaux - AirRent.ge<\/title>\n<meta name=\"robots\" content=\"index, follow, max-snippet:-1, max-image-preview:large, max-video-preview:-1\" \/>\n<link rel=\"canonical\" href=\"https:\/\/airrent.ge\/fr\/produit\/36935\/\" \/>\n<meta property=\"og:locale\" content=\"fr_FR\" \/>\n<meta property=\"og:type\" content=\"article\" \/>\n<meta property=\"og:title\" content=\"Grilles NOVA-H Grille \u00e0 panneau perfor\u00e9 id\u00e9ale pour les environnements industriels et commerciaux - AirRent.ge\" \/>\n<meta property=\"og:description\" content=\"Grille \u00e0 panneau perfor\u00e9 id\u00e9ale pour les environnements industriels et commerciaux  L\u00e9g\u00e8re  Installation murale ou sur conduit  Industriel ou commercial  Aluminium et acier\" \/>\n<meta property=\"og:url\" content=\"https:\/\/airrent.ge\/fr\/produit\/36935\/\" \/>\n<meta property=\"og:site_name\" content=\"AirRent.ge\" \/>\n<meta property=\"article:modified_time\" content=\"2025-09-07T09:08:51+00:00\" \/>\n<meta property=\"og:image\" content=\"https:\/\/airrent.ge\/wp-content\/uploads\/2025\/09\/filters_quality80-10.webp\" \/>\n\t<meta property=\"og:image:width\" content=\"384\" \/>\n\t<meta property=\"og:image:height\" content=\"321\" \/>\n\t<meta property=\"og:image:type\" content=\"image\/webp\" \/>\n<meta name=\"twitter:card\" content=\"summary_large_image\" \/>\n<meta name=\"twitter:label1\" content=\"Dur\u00e9e de lecture estim\u00e9e\" \/>\n\t<meta name=\"twitter:data1\" content=\"1 minute\" \/>\n<script type=\"application\/ld+json\" class=\"yoast-schema-graph\">{\"@context\":\"https:\/\/schema.org\",\"@graph\":[{\"@type\":\"WebPage\",\"@id\":\"https:\/\/airrent.ge\/fr\/produit\/36935\/\",\"url\":\"https:\/\/airrent.ge\/fr\/produit\/36935\/\",\"name\":\"Grilles NOVA-H Grille \u00e0 panneau perfor\u00e9 id\u00e9ale pour les environnements industriels et commerciaux - AirRent.ge\",\"isPartOf\":{\"@id\":\"https:\/\/airrent.ge\/#website\"},\"primaryImageOfPage\":{\"@id\":\"https:\/\/airrent.ge\/fr\/produit\/36935\/#primaryimage\"},\"image\":{\"@id\":\"https:\/\/airrent.ge\/fr\/produit\/36935\/#primaryimage\"},\"thumbnailUrl\":\"https:\/\/airrent.ge\/wp-content\/uploads\/2025\/09\/filters_quality80-10.webp\",\"datePublished\":\"2025-09-07T09:01:53+00:00\",\"dateModified\":\"2025-09-07T09:08:51+00:00\",\"breadcrumb\":{\"@id\":\"https:\/\/airrent.ge\/fr\/produit\/36935\/#breadcrumb\"},\"inLanguage\":\"fr-FR\",\"potentialAction\":[{\"@type\":\"ReadAction\",\"target\":[\"https:\/\/airrent.ge\/fr\/produit\/36935\/\"]}]},{\"@type\":\"ImageObject\",\"inLanguage\":\"fr-FR\",\"@id\":\"https:\/\/airrent.ge\/fr\/produit\/36935\/#primaryimage\",\"url\":\"https:\/\/airrent.ge\/wp-content\/uploads\/2025\/09\/filters_quality80-10.webp\",\"contentUrl\":\"https:\/\/airrent.ge\/wp-content\/uploads\/2025\/09\/filters_quality80-10.webp\",\"width\":384,\"height\":321},{\"@type\":\"BreadcrumbList\",\"@id\":\"https:\/\/airrent.ge\/fr\/produit\/36935\/#breadcrumb\",\"itemListElement\":[{\"@type\":\"ListItem\",\"position\":1,\"name\":\"Home\",\"item\":\"https:\/\/airrent.ge\/fr\/home\/\"},{\"@type\":\"ListItem\",\"position\":2,\"name\":\"Products\",\"item\":\"https:\/\/airrent.ge\/fr\/products\/\"},{\"@type\":\"ListItem\",\"position\":3,\"name\":\"Grilles NOVA-H Grille \u00e0 panneau perfor\u00e9 id\u00e9ale pour les environnements industriels et commerciaux\"}]},{\"@type\":\"WebSite\",\"@id\":\"https:\/\/airrent.ge\/#website\",\"url\":\"https:\/\/airrent.ge\/\",\"name\":\"airrent.ge\",\"description\":\"Rental Services\",\"publisher\":{\"@id\":\"https:\/\/airrent.ge\/#organization\"},\"potentialAction\":[{\"@type\":\"SearchAction\",\"target\":{\"@type\":\"EntryPoint\",\"urlTemplate\":\"https:\/\/airrent.ge\/?s={search_term_string}\"},\"query-input\":{\"@type\":\"PropertyValueSpecification\",\"valueRequired\":true,\"valueName\":\"search_term_string\"}}],\"inLanguage\":\"fr-FR\"},{\"@type\":\"Organization\",\"@id\":\"https:\/\/airrent.ge\/#organization\",\"name\":\"airrent.ge\",\"url\":\"https:\/\/airrent.ge\/\",\"logo\":{\"@type\":\"ImageObject\",\"inLanguage\":\"fr-FR\",\"@id\":\"https:\/\/airrent.ge\/#\/schema\/logo\/image\/\",\"url\":\"https:\/\/airrent.ge\/wp-content\/uploads\/2026\/03\/airrent.png\",\"contentUrl\":\"https:\/\/airrent.ge\/wp-content\/uploads\/2026\/03\/airrent.png\",\"width\":1536,\"height\":1024,\"caption\":\"airrent.ge\"},\"image\":{\"@id\":\"https:\/\/airrent.ge\/#\/schema\/logo\/image\/\"}}]}<\/script>\n<!-- \/ Yoast SEO plugin. -->","yoast_head_json":{"title":"Grilles NOVA-H Grille \u00e0 panneau perfor\u00e9 id\u00e9ale pour les environnements industriels et commerciaux - AirRent.ge","robots":{"index":"index","follow":"follow","max-snippet":"max-snippet:-1","max-image-preview":"max-image-preview:large","max-video-preview":"max-video-preview:-1"},"canonical":"https:\/\/airrent.ge\/fr\/produit\/36935\/","og_locale":"fr_FR","og_type":"article","og_title":"Grilles NOVA-H Grille \u00e0 panneau perfor\u00e9 id\u00e9ale pour les environnements industriels et commerciaux - AirRent.ge","og_description":"Grille \u00e0 panneau perfor\u00e9 id\u00e9ale pour les environnements industriels et commerciaux  L\u00e9g\u00e8re  Installation murale ou sur conduit  Industriel ou commercial  Aluminium et acier","og_url":"https:\/\/airrent.ge\/fr\/produit\/36935\/","og_site_name":"AirRent.ge","article_modified_time":"2025-09-07T09:08:51+00:00","og_image":[{"width":384,"height":321,"url":"https:\/\/airrent.ge\/wp-content\/uploads\/2025\/09\/filters_quality80-10.webp","type":"image\/webp"}],"twitter_card":"summary_large_image","twitter_misc":{"Dur\u00e9e de lecture estim\u00e9e":"1 minute"},"schema":{"@context":"https:\/\/schema.org","@graph":[{"@type":"WebPage","@id":"https:\/\/airrent.ge\/fr\/produit\/36935\/","url":"https:\/\/airrent.ge\/fr\/produit\/36935\/","name":"Grilles NOVA-H Grille \u00e0 panneau perfor\u00e9 id\u00e9ale pour les environnements industriels et commerciaux - AirRent.ge","isPartOf":{"@id":"https:\/\/airrent.ge\/#website"},"primaryImageOfPage":{"@id":"https:\/\/airrent.ge\/fr\/produit\/36935\/#primaryimage"},"image":{"@id":"https:\/\/airrent.ge\/fr\/produit\/36935\/#primaryimage"},"thumbnailUrl":"https:\/\/airrent.ge\/wp-content\/uploads\/2025\/09\/filters_quality80-10.webp","datePublished":"2025-09-07T09:01:53+00:00","dateModified":"2025-09-07T09:08:51+00:00","breadcrumb":{"@id":"https:\/\/airrent.ge\/fr\/produit\/36935\/#breadcrumb"},"inLanguage":"fr-FR","potentialAction":[{"@type":"ReadAction","target":["https:\/\/airrent.ge\/fr\/produit\/36935\/"]}]},{"@type":"ImageObject","inLanguage":"fr-FR","@id":"https:\/\/airrent.ge\/fr\/produit\/36935\/#primaryimage","url":"https:\/\/airrent.ge\/wp-content\/uploads\/2025\/09\/filters_quality80-10.webp","contentUrl":"https:\/\/airrent.ge\/wp-content\/uploads\/2025\/09\/filters_quality80-10.webp","width":384,"height":321},{"@type":"BreadcrumbList","@id":"https:\/\/airrent.ge\/fr\/produit\/36935\/#breadcrumb","itemListElement":[{"@type":"ListItem","position":1,"name":"Home","item":"https:\/\/airrent.ge\/fr\/home\/"},{"@type":"ListItem","position":2,"name":"Products","item":"https:\/\/airrent.ge\/fr\/products\/"},{"@type":"ListItem","position":3,"name":"Grilles NOVA-H Grille \u00e0 panneau perfor\u00e9 id\u00e9ale pour les environnements industriels et commerciaux"}]},{"@type":"WebSite","@id":"https:\/\/airrent.ge\/#website","url":"https:\/\/airrent.ge\/","name":"airrent.ge","description":"Rental Services","publisher":{"@id":"https:\/\/airrent.ge\/#organization"},"potentialAction":[{"@type":"SearchAction","target":{"@type":"EntryPoint","urlTemplate":"https:\/\/airrent.ge\/?s={search_term_string}"},"query-input":{"@type":"PropertyValueSpecification","valueRequired":true,"valueName":"search_term_string"}}],"inLanguage":"fr-FR"},{"@type":"Organization","@id":"https:\/\/airrent.ge\/#organization","name":"airrent.ge","url":"https:\/\/airrent.ge\/","logo":{"@type":"ImageObject","inLanguage":"fr-FR","@id":"https:\/\/airrent.ge\/#\/schema\/logo\/image\/","url":"https:\/\/airrent.ge\/wp-content\/uploads\/2026\/03\/airrent.png","contentUrl":"https:\/\/airrent.ge\/wp-content\/uploads\/2026\/03\/airrent.png","width":1536,"height":1024,"caption":"airrent.ge"},"image":{"@id":"https:\/\/airrent.ge\/#\/schema\/logo\/image\/"}}]}},"_links":{"self":[{"href":"https:\/\/airrent.ge\/fr\/wp-json\/wp\/v2\/product\/36956","targetHints":{"allow":["GET"]}}],"collection":[{"href":"https:\/\/airrent.ge\/fr\/wp-json\/wp\/v2\/product"}],"about":[{"href":"https:\/\/airrent.ge\/fr\/wp-json\/wp\/v2\/types\/product"}],"wp:featuredmedia":[{"embeddable":true,"href":"https:\/\/airrent.ge\/fr\/wp-json\/wp\/v2\/media\/36939"}],"wp:attachment":[{"href":"https:\/\/airrent.ge\/fr\/wp-json\/wp\/v2\/media?parent=36956"}],"wp:term":[{"taxonomy":"product_brand","embeddable":true,"href":"https:\/\/airrent.ge\/fr\/wp-json\/wp\/v2\/product_brand?post=36956"},{"taxonomy":"product_cat","embeddable":true,"href":"https:\/\/airrent.ge\/fr\/wp-json\/wp\/v2\/product_cat?post=36956"},{"taxonomy":"product_tag","embeddable":true,"href":"https:\/\/airrent.ge\/fr\/wp-json\/wp\/v2\/product_tag?post=36956"}],"curies":[{"name":"wp","href":"https:\/\/api.w.org\/{rel}","templated":true}]}}