{"id":36971,"date":"2025-09-07T13:26:12","date_gmt":"2025-09-07T09:26:12","guid":{"rendered":"https:\/\/airsystems.ge\/shop\/product\/nova-r-grilles-rectangular-non-transparent-aluminium-grille-suitable-for-hotels-offices-and-restaurants\/"},"modified":"2025-09-07T13:30:26","modified_gmt":"2025-09-07T09:30:26","slug":"nova-r-grilles-rectangular-non-transparent-aluminium-grille-suitable-for-hotels-offices-and-restaurants","status":"publish","type":"product","link":"https:\/\/airrent.ge\/fr\/produit\/nova-r-grilles-rectangular-non-transparent-aluminium-grille-suitable-for-hotels-offices-and-restaurants\/","title":{"rendered":"Grilles NOVA-R Grille rectangulaire opaque en aluminium, id\u00e9ale pour les h\u00f4tels, bureaux et restaurants"},"content":{"rendered":"<div class=\"mb-400 gtm-product-section container-fluid\" data-gtm-name=\"Benefits\" data-gtm-label=\"Benefits (en)\" data-gtm-vis-first-on-screen53434917_103=\"12404\" data-gtm-vis-total-visible-time53434917_103=\"1500\" data-gtm-vis-has-fired53434917_103=\"1\">\n<div class=\"row\">\n<div class=\"content-element content-element-product-benefit col-12 sm:col-6 mb-400\">\n<div class=\"bg-card px-300 py-250 mobile-nav:px-200 mobile-nav:py-150 h-full flex overflow-hidden card-border\">\n<div class=\"min-w-0\">\n<p><strong>Extraction d&rsquo;air<\/strong><\/p>\n<p>La grille de diffusion NOVA-R est con\u00e7ue pour l&rsquo;extraction d&rsquo;air lorsqu&rsquo;elle est install\u00e9e dans des conduits rectangulaires ou encastr\u00e9e dans les murs.<\/p>\n<p><strong>Esth\u00e9tique<\/strong><\/p>\n<p>La conception de la NOVA-R la rend id\u00e9ale pour les environnements o\u00f9 l&rsquo;esth\u00e9tique g\u00e9n\u00e9rale est primordiale, comme les bureaux, les h\u00f4tels et les restaurants.<\/p>\n<p><strong>Installation sur conduit<\/strong><\/p>\n<p>La grille NOVA-R peut \u00eatre mont\u00e9e directement sur un conduit rectangulaire \u00e0 l&rsquo;aide de vis \u00e0 t\u00eate frais\u00e9e ou directement sur un mur \u00e0 l&rsquo;aide d&rsquo;un cadre de montage et de clips \u00e0 ressort.<\/p>\n<p>La NOVA-R est une grille rectangulaire opaque en aluminium \u00e0 ailettes fixes. Disponible en diff\u00e9rentes tailles, elle est con\u00e7ue pour l&rsquo;extraction d&rsquo;air lorsqu&rsquo;elle est mont\u00e9e sur un conduit rectangulaire ou encastr\u00e9e dans un mur \u00e0 l&rsquo;aide d&rsquo;un cadre de montage et de clips \u00e0 ressort. Si la grille NOVA-R est \u00e9quip\u00e9e d&rsquo;un grillage de protection, elle peut \u00eatre install\u00e9e sur le mur ext\u00e9rieur du b\u00e2timent comme grille d&rsquo;alimentation en air. Pour une distribution d&rsquo;air \u00e9quilibr\u00e9e sur toute la grille, il est recommand\u00e9 d&rsquo;utiliser un registre ou un pl\u00e9num, \u200b\u200btous deux disponibles en accessoires.<\/p>\n<p>La grille NOVA-R est fabriqu\u00e9e \u00e0 partir de profil\u00e9s en aluminium avec un rev\u00eatement local ou une finition laqu\u00e9e poudre blanc RAL 9003. D&rsquo;autres coloris RAL sont disponibles sur demande. Le grillage optionnel est en fil galvanis\u00e9 avec des mailles de 10 x 10 mm. Sur demande, il peut \u00eatre fabriqu\u00e9 en acier inoxydable. La grille fonctionne \u00e0 une temp\u00e9rature de -20 \u00e0 100 \u00b0C. Les ailettes sont fix\u00e9es avec un pas axial de 20 mm, inclin\u00e9es vers le bas \u00e0 45 \u00b0.<\/p>\n<p><strong>Votre commande, votre style\u00a0!<\/strong><\/p>\n<p>Notre produit est personnalisable selon vos pr\u00e9f\u00e9rences, vous permettant de le commander avec n&rsquo;importe quelle finition RAL pour une harmonie parfaite avec votre esth\u00e9tique.<\/p>\n<\/div>\n<\/div>\n<\/div>\n<\/div>\n<\/div>\n","protected":false},"excerpt":{"rendered":"<div>\n<p>Grille rectangulaire opaque en aluminium, id\u00e9ale pour les h\u00f4tels, bureaux et restaurants<\/p>\n<p>L\u00e9g\u00e8re<\/p>\n<p>Design esth\u00e9tique<\/p>\n<p>Construction en aluminium<\/p>\n<p>Extraction d&rsquo;air<\/p>\n<p class=\"text-md mb-0\">Length<\/p>\n<\/div>\n<div class=\"flex flex-col gap-200\">\n<div class=\"flex flex-col flex-wrap gap-100 md:flex-row md:items-center gtm-purchase-option\" data-gtm-name=\"length\" data-gtm-label=\"Length\">\n<div class=\"flex flex-1 flex-wrap gap-050\"><button class=\"select-btn select-btn-small select-btn-selected gtm-purchase-option-value\" type=\"button\" data-gtm-name=\"200\" data-gtm-label=\"200\">200<\/button><button class=\"select-btn select-btn-small select-btn-default gtm-purchase-option-value\" type=\"button\" data-gtm-name=\"300\" data-gtm-label=\"300\">300<\/button><button class=\"select-btn select-btn-small select-btn-default gtm-purchase-option-value\" type=\"button\" data-gtm-name=\"400\" data-gtm-label=\"400\">400<\/button><button class=\"select-btn select-btn-small select-btn-default gtm-purchase-option-value\" type=\"button\" data-gtm-name=\"500\" data-gtm-label=\"500\">500<\/button><button class=\"select-btn select-btn-small select-btn-default gtm-purchase-option-value\" type=\"button\" data-gtm-name=\"600\" data-gtm-label=\"600\">600<\/button><button class=\"select-btn select-btn-small select-btn-default gtm-purchase-option-value\" type=\"button\" data-gtm-name=\"800\" data-gtm-label=\"800\">800<\/button><button class=\"select-btn select-btn-small select-btn-default gtm-purchase-option-value\" type=\"button\" data-gtm-name=\"1000\" data-gtm-label=\"1000\">1000<\/button><button class=\"select-btn select-btn-small select-btn-default gtm-purchase-option-value\" type=\"button\" data-gtm-name=\"1200\" data-gtm-label=\"1200\">1200<\/button><button class=\"select-btn select-btn-small select-btn-default gtm-purchase-option-value\" type=\"button\" data-gtm-name=\"225\" data-gtm-label=\"225\">225<\/button><button class=\"select-btn select-btn-small select-btn-default gtm-purchase-option-value\" type=\"button\" data-gtm-name=\"325\" data-gtm-label=\"325\">325<\/button><button class=\"select-btn select-btn-small select-btn-default gtm-purchase-option-value\" type=\"button\" data-gtm-name=\"425\" data-gtm-label=\"425\">425<\/button><button class=\"select-btn select-btn-small select-btn-default gtm-purchase-option-value\" type=\"button\" data-gtm-name=\"525\" data-gtm-label=\"525\">525<\/button><button class=\"select-btn select-btn-small select-btn-default gtm-purchase-option-value\" type=\"button\" data-gtm-name=\"625\" data-gtm-label=\"625\">625<\/button><button class=\"select-btn select-btn-small select-btn-default gtm-purchase-option-value\" type=\"button\" data-gtm-name=\"825\" data-gtm-label=\"825\">825<\/button><button class=\"select-btn select-btn-small select-btn-default gtm-purchase-option-value\" type=\"button\" data-gtm-name=\"1025\" data-gtm-label=\"1025\">1025<\/button><button class=\"select-btn select-btn-small select-btn-default gtm-purchase-option-value\" type=\"button\" data-gtm-name=\"1225\" data-gtm-label=\"1225\">1225<\/button><\/div>\n<\/div>\n<div class=\"flex flex-col flex-wrap gap-100 md:flex-row md:items-center gtm-purchase-option\" data-gtm-name=\"height\" data-gtm-label=\"Height\">\n<p><label class=\"flex gap-050 md:w-700 leading-none hyphens-auto print:w-full print:max-w-2\/5 text-label-small\">Height<\/label><\/p>\n<div class=\"flex flex-1 flex-wrap gap-050\"><button class=\"select-btn select-btn-small select-btn-default gtm-purchase-option-value\" type=\"button\" data-gtm-name=\"100\" data-gtm-label=\"100\">100<\/button><button class=\"select-btn select-btn-small select-btn-default gtm-purchase-option-value\" type=\"button\" data-gtm-name=\"150\" data-gtm-label=\"150\">150<\/button><button class=\"select-btn select-btn-small select-btn-selected gtm-purchase-option-value\" type=\"button\" data-gtm-name=\"200\" data-gtm-label=\"200\">200<\/button><button class=\"select-btn select-btn-small select-btn-default select-btn-disabled gtm-purchase-option-value\" type=\"button\" data-gtm-name=\"300\" data-gtm-label=\"300\">300<\/button><button class=\"select-btn select-btn-small select-btn-default select-btn-disabled gtm-purchase-option-value\" type=\"button\" data-gtm-name=\"400\" data-gtm-label=\"400\">400<\/button><button class=\"select-btn select-btn-small select-btn-default select-btn-disabled gtm-purchase-option-value\" type=\"button\" data-gtm-name=\"500\" data-gtm-label=\"500\">500<\/button><button class=\"select-btn select-btn-small select-btn-default select-btn-disabled gtm-purchase-option-value\" type=\"button\" data-gtm-name=\"125\" data-gtm-label=\"125\">125<\/button><button class=\"select-btn select-btn-small select-btn-default select-btn-disabled gtm-purchase-option-value\" type=\"button\" data-gtm-name=\"225\" data-gtm-label=\"225\">225<\/button><button class=\"select-btn select-btn-small select-btn-default select-btn-disabled gtm-purchase-option-value\" type=\"button\" data-gtm-name=\"325\" data-gtm-label=\"325\">325<\/button><button class=\"select-btn select-btn-small select-btn-default select-btn-disabled gtm-purchase-option-value\" type=\"button\" data-gtm-name=\"425\" data-gtm-label=\"425\">425<\/button><button class=\"select-btn select-btn-small select-btn-default select-btn-disabled gtm-purchase-option-value\" type=\"button\" data-gtm-name=\"525\" data-gtm-label=\"525\">525<\/button><\/div>\n<\/div>\n<div class=\"flex flex-col flex-wrap gap-100 md:flex-row md:items-center gtm-purchase-option\" data-gtm-name=\"mounting\" data-gtm-label=\"Mounting\">\n<p><label class=\"flex gap-050 md:w-700 leading-none hyphens-auto print:w-full print:max-w-2\/5 text-label-small\">Mounting<\/label><\/p>\n<div class=\"flex flex-1 flex-wrap gap-050\"><button class=\"select-btn select-btn-small select-btn-selected gtm-purchase-option-value\" type=\"button\" data-gtm-name=\"Screws\" data-gtm-label=\"Screws\">Screws<\/button><button class=\"select-btn select-btn-small select-btn-default gtm-purchase-option-value\" type=\"button\" data-gtm-name=\"Spring clips\" data-gtm-label=\"Spring clips\">Spring clips<\/button><\/div>\n<\/div>\n<div class=\"flex flex-col flex-wrap gap-100 md:flex-row md:items-center gtm-purchase-option\" data-gtm-name=\"surface_finish\" data-gtm-label=\"Surface finish\">\n<p><label class=\"flex gap-050 md:w-700 leading-none hyphens-auto print:w-full print:max-w-2\/5 text-label-small\">Surface finish<\/label><\/p>\n<div class=\"flex flex-1 flex-wrap gap-050\"><button class=\"select-btn select-btn-small select-btn-selected gtm-purchase-option-value\" type=\"button\" data-gtm-name=\"Anodized aluminium finish\" data-gtm-label=\"Anodized aluminium finish\">Anodized aluminium finish<\/button><button class=\"select-btn select-btn-small select-btn-default gtm-purchase-option-value\" type=\"button\" data-gtm-name=\"Signal white (RAL9003)\" data-gtm-label=\"Signal white (RAL9003)\">Signal white (RAL9003)<\/button><\/div>\n<\/div>\n<\/div>\n<div class=\"gtm-sku-info flex flex-col gap-y-050 text-label-tiny text-neutral-600\">\n<div class=\"flex flex-wrap items-baseline gap-x-100 gap-y-025\"><span class=\"gtm-article-name\">NOVA-R-1-200&#215;200-AN<\/span><span class=\"whitespace-nowrap gtm-article-number text-base font-bold\">#380507<\/span><\/div>\n<\/div>\n","protected":false},"featured_media":38307,"template":"","meta":[],"product_brand":[],"product_cat":[1850,1854,1841],"product_tag":[],"class_list":{"0":"post-36971","1":"product","2":"type-product","3":"status-publish","4":"has-post-thumbnail","6":"product_cat-grilles-de-ventilation","7":"product_cat-grilles-nova","8":"product_cat-produits-de-distribution-dair","10":"first","11":"instock","12":"shipping-taxable","13":"product-type-simple"},"yoast_head":"<!-- This site is optimized with the Yoast SEO plugin v27.1.1 - https:\/\/yoast.com\/product\/yoast-seo-wordpress\/ -->\n<title>Grilles NOVA-R Grille rectangulaire opaque en aluminium, id\u00e9ale pour les h\u00f4tels, bureaux et restaurants - AirRent.ge<\/title>\n<meta name=\"robots\" content=\"index, follow, max-snippet:-1, max-image-preview:large, max-video-preview:-1\" \/>\n<link rel=\"canonical\" href=\"https:\/\/airrent.ge\/fr\/produit\/nova-r-grilles-rectangular-non-transparent-aluminium-grille-suitable-for-hotels-offices-and-restaurants\/\" \/>\n<meta property=\"og:locale\" content=\"fr_FR\" \/>\n<meta property=\"og:type\" content=\"article\" \/>\n<meta property=\"og:title\" content=\"Grilles NOVA-R Grille rectangulaire opaque en aluminium, id\u00e9ale pour les h\u00f4tels, bureaux et restaurants - AirRent.ge\" \/>\n<meta property=\"og:description\" content=\"Grille rectangulaire opaque en aluminium, id\u00e9ale pour les h\u00f4tels, bureaux et restaurants  L\u00e9g\u00e8re  Design esth\u00e9tique  Construction en aluminium  Extraction d&#039;air Length     2003004005006008001000120022532542552562582510251225    Height 100150200300400500125225325425525    Mounting ScrewsSpring clips    Surface finish Anodized aluminium finishSignal white (RAL9003)    NOVA-R-1-200x200-AN#380507\" \/>\n<meta property=\"og:url\" content=\"https:\/\/airrent.ge\/fr\/produit\/nova-r-grilles-rectangular-non-transparent-aluminium-grille-suitable-for-hotels-offices-and-restaurants\/\" \/>\n<meta property=\"og:site_name\" content=\"AirRent.ge\" \/>\n<meta property=\"article:modified_time\" content=\"2025-09-07T09:30:26+00:00\" \/>\n<meta property=\"og:image\" content=\"https:\/\/airrent.ge\/wp-content\/uploads\/2025\/09\/PRODUCT-MAIN-IMAGE_NOVA_R.jpg\" \/>\n\t<meta property=\"og:image:width\" content=\"384\" \/>\n\t<meta property=\"og:image:height\" content=\"288\" \/>\n\t<meta property=\"og:image:type\" content=\"image\/jpeg\" \/>\n<meta name=\"twitter:card\" content=\"summary_large_image\" \/>\n<meta name=\"twitter:label1\" content=\"Dur\u00e9e de lecture estim\u00e9e\" \/>\n\t<meta name=\"twitter:data1\" content=\"2 minutes\" \/>\n<script type=\"application\/ld+json\" class=\"yoast-schema-graph\">{\"@context\":\"https:\/\/schema.org\",\"@graph\":[{\"@type\":\"WebPage\",\"@id\":\"https:\/\/airrent.ge\/fr\/produit\/nova-r-grilles-rectangular-non-transparent-aluminium-grille-suitable-for-hotels-offices-and-restaurants\/\",\"url\":\"https:\/\/airrent.ge\/fr\/produit\/nova-r-grilles-rectangular-non-transparent-aluminium-grille-suitable-for-hotels-offices-and-restaurants\/\",\"name\":\"Grilles NOVA-R Grille rectangulaire opaque en aluminium, id\u00e9ale pour les h\u00f4tels, bureaux et restaurants - AirRent.ge\",\"isPartOf\":{\"@id\":\"https:\/\/airrent.ge\/#website\"},\"primaryImageOfPage\":{\"@id\":\"https:\/\/airrent.ge\/fr\/produit\/nova-r-grilles-rectangular-non-transparent-aluminium-grille-suitable-for-hotels-offices-and-restaurants\/#primaryimage\"},\"image\":{\"@id\":\"https:\/\/airrent.ge\/fr\/produit\/nova-r-grilles-rectangular-non-transparent-aluminium-grille-suitable-for-hotels-offices-and-restaurants\/#primaryimage\"},\"thumbnailUrl\":\"https:\/\/airrent.ge\/wp-content\/uploads\/2025\/09\/PRODUCT-MAIN-IMAGE_NOVA_R.jpg\",\"datePublished\":\"2025-09-07T09:26:12+00:00\",\"dateModified\":\"2025-09-07T09:30:26+00:00\",\"breadcrumb\":{\"@id\":\"https:\/\/airrent.ge\/fr\/produit\/nova-r-grilles-rectangular-non-transparent-aluminium-grille-suitable-for-hotels-offices-and-restaurants\/#breadcrumb\"},\"inLanguage\":\"fr-FR\",\"potentialAction\":[{\"@type\":\"ReadAction\",\"target\":[\"https:\/\/airrent.ge\/fr\/produit\/nova-r-grilles-rectangular-non-transparent-aluminium-grille-suitable-for-hotels-offices-and-restaurants\/\"]}]},{\"@type\":\"ImageObject\",\"inLanguage\":\"fr-FR\",\"@id\":\"https:\/\/airrent.ge\/fr\/produit\/nova-r-grilles-rectangular-non-transparent-aluminium-grille-suitable-for-hotels-offices-and-restaurants\/#primaryimage\",\"url\":\"https:\/\/airrent.ge\/wp-content\/uploads\/2025\/09\/PRODUCT-MAIN-IMAGE_NOVA_R.jpg\",\"contentUrl\":\"https:\/\/airrent.ge\/wp-content\/uploads\/2025\/09\/PRODUCT-MAIN-IMAGE_NOVA_R.jpg\",\"width\":384,\"height\":288},{\"@type\":\"BreadcrumbList\",\"@id\":\"https:\/\/airrent.ge\/fr\/produit\/nova-r-grilles-rectangular-non-transparent-aluminium-grille-suitable-for-hotels-offices-and-restaurants\/#breadcrumb\",\"itemListElement\":[{\"@type\":\"ListItem\",\"position\":1,\"name\":\"Home\",\"item\":\"https:\/\/airrent.ge\/fr\/home\/\"},{\"@type\":\"ListItem\",\"position\":2,\"name\":\"Products\",\"item\":\"https:\/\/airrent.ge\/fr\/products\/\"},{\"@type\":\"ListItem\",\"position\":3,\"name\":\"Grilles NOVA-R Grille rectangulaire opaque en aluminium, id\u00e9ale pour les h\u00f4tels, bureaux et restaurants\"}]},{\"@type\":\"WebSite\",\"@id\":\"https:\/\/airrent.ge\/#website\",\"url\":\"https:\/\/airrent.ge\/\",\"name\":\"airrent.ge\",\"description\":\"Rental Services\",\"publisher\":{\"@id\":\"https:\/\/airrent.ge\/#organization\"},\"potentialAction\":[{\"@type\":\"SearchAction\",\"target\":{\"@type\":\"EntryPoint\",\"urlTemplate\":\"https:\/\/airrent.ge\/?s={search_term_string}\"},\"query-input\":{\"@type\":\"PropertyValueSpecification\",\"valueRequired\":true,\"valueName\":\"search_term_string\"}}],\"inLanguage\":\"fr-FR\"},{\"@type\":\"Organization\",\"@id\":\"https:\/\/airrent.ge\/#organization\",\"name\":\"airrent.ge\",\"url\":\"https:\/\/airrent.ge\/\",\"logo\":{\"@type\":\"ImageObject\",\"inLanguage\":\"fr-FR\",\"@id\":\"https:\/\/airrent.ge\/#\/schema\/logo\/image\/\",\"url\":\"https:\/\/airrent.ge\/wp-content\/uploads\/2026\/03\/airrent.png\",\"contentUrl\":\"https:\/\/airrent.ge\/wp-content\/uploads\/2026\/03\/airrent.png\",\"width\":1536,\"height\":1024,\"caption\":\"airrent.ge\"},\"image\":{\"@id\":\"https:\/\/airrent.ge\/#\/schema\/logo\/image\/\"}}]}<\/script>\n<!-- \/ Yoast SEO plugin. -->","yoast_head_json":{"title":"Grilles NOVA-R Grille rectangulaire opaque en aluminium, id\u00e9ale pour les h\u00f4tels, bureaux et restaurants - AirRent.ge","robots":{"index":"index","follow":"follow","max-snippet":"max-snippet:-1","max-image-preview":"max-image-preview:large","max-video-preview":"max-video-preview:-1"},"canonical":"https:\/\/airrent.ge\/fr\/produit\/nova-r-grilles-rectangular-non-transparent-aluminium-grille-suitable-for-hotels-offices-and-restaurants\/","og_locale":"fr_FR","og_type":"article","og_title":"Grilles NOVA-R Grille rectangulaire opaque en aluminium, id\u00e9ale pour les h\u00f4tels, bureaux et restaurants - AirRent.ge","og_description":"Grille rectangulaire opaque en aluminium, id\u00e9ale pour les h\u00f4tels, bureaux et restaurants  L\u00e9g\u00e8re  Design esth\u00e9tique  Construction en aluminium  Extraction d'air Length     2003004005006008001000120022532542552562582510251225    Height 100150200300400500125225325425525    Mounting ScrewsSpring clips    Surface finish Anodized aluminium finishSignal white (RAL9003)    NOVA-R-1-200x200-AN#380507","og_url":"https:\/\/airrent.ge\/fr\/produit\/nova-r-grilles-rectangular-non-transparent-aluminium-grille-suitable-for-hotels-offices-and-restaurants\/","og_site_name":"AirRent.ge","article_modified_time":"2025-09-07T09:30:26+00:00","og_image":[{"width":384,"height":288,"url":"https:\/\/airrent.ge\/wp-content\/uploads\/2025\/09\/PRODUCT-MAIN-IMAGE_NOVA_R.jpg","type":"image\/jpeg"}],"twitter_card":"summary_large_image","twitter_misc":{"Dur\u00e9e de lecture estim\u00e9e":"2 minutes"},"schema":{"@context":"https:\/\/schema.org","@graph":[{"@type":"WebPage","@id":"https:\/\/airrent.ge\/fr\/produit\/nova-r-grilles-rectangular-non-transparent-aluminium-grille-suitable-for-hotels-offices-and-restaurants\/","url":"https:\/\/airrent.ge\/fr\/produit\/nova-r-grilles-rectangular-non-transparent-aluminium-grille-suitable-for-hotels-offices-and-restaurants\/","name":"Grilles NOVA-R Grille rectangulaire opaque en aluminium, id\u00e9ale pour les h\u00f4tels, bureaux et restaurants - AirRent.ge","isPartOf":{"@id":"https:\/\/airrent.ge\/#website"},"primaryImageOfPage":{"@id":"https:\/\/airrent.ge\/fr\/produit\/nova-r-grilles-rectangular-non-transparent-aluminium-grille-suitable-for-hotels-offices-and-restaurants\/#primaryimage"},"image":{"@id":"https:\/\/airrent.ge\/fr\/produit\/nova-r-grilles-rectangular-non-transparent-aluminium-grille-suitable-for-hotels-offices-and-restaurants\/#primaryimage"},"thumbnailUrl":"https:\/\/airrent.ge\/wp-content\/uploads\/2025\/09\/PRODUCT-MAIN-IMAGE_NOVA_R.jpg","datePublished":"2025-09-07T09:26:12+00:00","dateModified":"2025-09-07T09:30:26+00:00","breadcrumb":{"@id":"https:\/\/airrent.ge\/fr\/produit\/nova-r-grilles-rectangular-non-transparent-aluminium-grille-suitable-for-hotels-offices-and-restaurants\/#breadcrumb"},"inLanguage":"fr-FR","potentialAction":[{"@type":"ReadAction","target":["https:\/\/airrent.ge\/fr\/produit\/nova-r-grilles-rectangular-non-transparent-aluminium-grille-suitable-for-hotels-offices-and-restaurants\/"]}]},{"@type":"ImageObject","inLanguage":"fr-FR","@id":"https:\/\/airrent.ge\/fr\/produit\/nova-r-grilles-rectangular-non-transparent-aluminium-grille-suitable-for-hotels-offices-and-restaurants\/#primaryimage","url":"https:\/\/airrent.ge\/wp-content\/uploads\/2025\/09\/PRODUCT-MAIN-IMAGE_NOVA_R.jpg","contentUrl":"https:\/\/airrent.ge\/wp-content\/uploads\/2025\/09\/PRODUCT-MAIN-IMAGE_NOVA_R.jpg","width":384,"height":288},{"@type":"BreadcrumbList","@id":"https:\/\/airrent.ge\/fr\/produit\/nova-r-grilles-rectangular-non-transparent-aluminium-grille-suitable-for-hotels-offices-and-restaurants\/#breadcrumb","itemListElement":[{"@type":"ListItem","position":1,"name":"Home","item":"https:\/\/airrent.ge\/fr\/home\/"},{"@type":"ListItem","position":2,"name":"Products","item":"https:\/\/airrent.ge\/fr\/products\/"},{"@type":"ListItem","position":3,"name":"Grilles NOVA-R Grille rectangulaire opaque en aluminium, id\u00e9ale pour les h\u00f4tels, bureaux et restaurants"}]},{"@type":"WebSite","@id":"https:\/\/airrent.ge\/#website","url":"https:\/\/airrent.ge\/","name":"airrent.ge","description":"Rental Services","publisher":{"@id":"https:\/\/airrent.ge\/#organization"},"potentialAction":[{"@type":"SearchAction","target":{"@type":"EntryPoint","urlTemplate":"https:\/\/airrent.ge\/?s={search_term_string}"},"query-input":{"@type":"PropertyValueSpecification","valueRequired":true,"valueName":"search_term_string"}}],"inLanguage":"fr-FR"},{"@type":"Organization","@id":"https:\/\/airrent.ge\/#organization","name":"airrent.ge","url":"https:\/\/airrent.ge\/","logo":{"@type":"ImageObject","inLanguage":"fr-FR","@id":"https:\/\/airrent.ge\/#\/schema\/logo\/image\/","url":"https:\/\/airrent.ge\/wp-content\/uploads\/2026\/03\/airrent.png","contentUrl":"https:\/\/airrent.ge\/wp-content\/uploads\/2026\/03\/airrent.png","width":1536,"height":1024,"caption":"airrent.ge"},"image":{"@id":"https:\/\/airrent.ge\/#\/schema\/logo\/image\/"}}]}},"_links":{"self":[{"href":"https:\/\/airrent.ge\/fr\/wp-json\/wp\/v2\/product\/36971","targetHints":{"allow":["GET"]}}],"collection":[{"href":"https:\/\/airrent.ge\/fr\/wp-json\/wp\/v2\/product"}],"about":[{"href":"https:\/\/airrent.ge\/fr\/wp-json\/wp\/v2\/types\/product"}],"wp:featuredmedia":[{"embeddable":true,"href":"https:\/\/airrent.ge\/fr\/wp-json\/wp\/v2\/media\/38307"}],"wp:attachment":[{"href":"https:\/\/airrent.ge\/fr\/wp-json\/wp\/v2\/media?parent=36971"}],"wp:term":[{"taxonomy":"product_brand","embeddable":true,"href":"https:\/\/airrent.ge\/fr\/wp-json\/wp\/v2\/product_brand?post=36971"},{"taxonomy":"product_cat","embeddable":true,"href":"https:\/\/airrent.ge\/fr\/wp-json\/wp\/v2\/product_cat?post=36971"},{"taxonomy":"product_tag","embeddable":true,"href":"https:\/\/airrent.ge\/fr\/wp-json\/wp\/v2\/product_tag?post=36971"}],"curies":[{"name":"wp","href":"https:\/\/api.w.org\/{rel}","templated":true}]}}