{"id":37194,"date":"2025-09-07T15:39:22","date_gmt":"2025-09-07T11:39:22","guid":{"rendered":"https:\/\/airsystems.ge\/shop\/product\/pb-nova-ff-plenum-box\/"},"modified":"2025-09-07T15:43:20","modified_gmt":"2025-09-07T11:43:20","slug":"pb-nova-ff-plenum-box","status":"publish","type":"product","link":"https:\/\/airrent.ge\/fr\/produit\/pb-nova-ff-plenum-box\/","title":{"rendered":"Pl\u00e9num de ventilation PB-NOVA-FF"},"content":{"rendered":"<p>Pl\u00e9num de ventilation PB-NOVA-FF<\/p>\n<p>PB-NOVA-FF #AP-NOVA-FF<\/p>\n<p>Description<br \/>\nLe PB-NOVA-FF est un pl\u00e9num de ventilation. Ce produit est destin\u00e9 au soufflage et \u00e0 l&rsquo;extraction d&rsquo;air. Il permet d&rsquo;\u00e9quilibrer la distribution de l&rsquo;air sur toute la grille. Il sert \u00e9galement de silencieux et de raccord \u00e0 un syst\u00e8me de distribution d&rsquo;air. Il s&rsquo;installe \u00e0 l&rsquo;extr\u00e9mit\u00e9 des gaines circulaires dans les plafonds.<br \/>\nConception<br \/>\nLe PB-NOVA-FF est fabriqu\u00e9 en t\u00f4le d&rsquo;acier galvanis\u00e9e. Il se compose d&rsquo;un bo\u00eetier, d&rsquo;un raccord de grille et d&rsquo;un raccord de gaine lat\u00e9ral.<\/p>\n","protected":false},"excerpt":{"rendered":"<p>Pl\u00e9num de ventilation PB-NOVA-FF PB-NOVA-FF #AP-NOVA-FF Description Le PB-NOVA-FF est un pl\u00e9num de ventilation. Ce produit est destin\u00e9 au soufflage<\/p>\n","protected":false},"featured_media":38333,"template":"","meta":[],"product_brand":[],"product_cat":[1860,1850,1841],"product_tag":[],"class_list":{"0":"post-37194","1":"product","2":"type-product","3":"status-publish","4":"has-post-thumbnail","6":"product_cat-accessoires-grilles-de-ventilation","7":"product_cat-grilles-de-ventilation","8":"product_cat-produits-de-distribution-dair","10":"first","11":"instock","12":"shipping-taxable","13":"product-type-simple"},"yoast_head":"<!-- This site is optimized with the Yoast SEO plugin v27.1.1 - https:\/\/yoast.com\/product\/yoast-seo-wordpress\/ -->\n<title>Pl\u00e9num de ventilation PB-NOVA-FF - AirRent.ge<\/title>\n<meta name=\"robots\" content=\"index, follow, max-snippet:-1, max-image-preview:large, max-video-preview:-1\" \/>\n<link rel=\"canonical\" href=\"https:\/\/airrent.ge\/fr\/produit\/pb-nova-ff-plenum-box\/\" \/>\n<meta property=\"og:locale\" content=\"fr_FR\" \/>\n<meta property=\"og:type\" content=\"article\" \/>\n<meta property=\"og:title\" content=\"Pl\u00e9num de ventilation PB-NOVA-FF - AirRent.ge\" \/>\n<meta property=\"og:description\" content=\"Pl\u00e9num de ventilation PB-NOVA-FF PB-NOVA-FF #AP-NOVA-FF Description Le PB-NOVA-FF est un pl\u00e9num de ventilation. Ce produit est destin\u00e9 au soufflage\" \/>\n<meta property=\"og:url\" content=\"https:\/\/airrent.ge\/fr\/produit\/pb-nova-ff-plenum-box\/\" \/>\n<meta property=\"og:site_name\" content=\"AirRent.ge\" \/>\n<meta property=\"article:modified_time\" content=\"2025-09-07T11:43:20+00:00\" \/>\n<meta property=\"og:image\" content=\"https:\/\/airrent.ge\/wp-content\/uploads\/2025\/09\/PB-NOVA_400X400_BOTTOM_HQ.jpg\" \/>\n\t<meta property=\"og:image:width\" content=\"384\" \/>\n\t<meta property=\"og:image:height\" content=\"240\" \/>\n\t<meta property=\"og:image:type\" content=\"image\/jpeg\" \/>\n<meta name=\"twitter:card\" content=\"summary_large_image\" \/>\n<script type=\"application\/ld+json\" class=\"yoast-schema-graph\">{\"@context\":\"https:\/\/schema.org\",\"@graph\":[{\"@type\":\"WebPage\",\"@id\":\"https:\/\/airrent.ge\/fr\/produit\/pb-nova-ff-plenum-box\/\",\"url\":\"https:\/\/airrent.ge\/fr\/produit\/pb-nova-ff-plenum-box\/\",\"name\":\"Pl\u00e9num de ventilation PB-NOVA-FF - AirRent.ge\",\"isPartOf\":{\"@id\":\"https:\/\/airrent.ge\/#website\"},\"primaryImageOfPage\":{\"@id\":\"https:\/\/airrent.ge\/fr\/produit\/pb-nova-ff-plenum-box\/#primaryimage\"},\"image\":{\"@id\":\"https:\/\/airrent.ge\/fr\/produit\/pb-nova-ff-plenum-box\/#primaryimage\"},\"thumbnailUrl\":\"https:\/\/airrent.ge\/wp-content\/uploads\/2025\/09\/PB-NOVA_400X400_BOTTOM_HQ.jpg\",\"datePublished\":\"2025-09-07T11:39:22+00:00\",\"dateModified\":\"2025-09-07T11:43:20+00:00\",\"breadcrumb\":{\"@id\":\"https:\/\/airrent.ge\/fr\/produit\/pb-nova-ff-plenum-box\/#breadcrumb\"},\"inLanguage\":\"fr-FR\",\"potentialAction\":[{\"@type\":\"ReadAction\",\"target\":[\"https:\/\/airrent.ge\/fr\/produit\/pb-nova-ff-plenum-box\/\"]}]},{\"@type\":\"ImageObject\",\"inLanguage\":\"fr-FR\",\"@id\":\"https:\/\/airrent.ge\/fr\/produit\/pb-nova-ff-plenum-box\/#primaryimage\",\"url\":\"https:\/\/airrent.ge\/wp-content\/uploads\/2025\/09\/PB-NOVA_400X400_BOTTOM_HQ.jpg\",\"contentUrl\":\"https:\/\/airrent.ge\/wp-content\/uploads\/2025\/09\/PB-NOVA_400X400_BOTTOM_HQ.jpg\",\"width\":384,\"height\":240},{\"@type\":\"BreadcrumbList\",\"@id\":\"https:\/\/airrent.ge\/fr\/produit\/pb-nova-ff-plenum-box\/#breadcrumb\",\"itemListElement\":[{\"@type\":\"ListItem\",\"position\":1,\"name\":\"Home\",\"item\":\"https:\/\/airrent.ge\/fr\/home\/\"},{\"@type\":\"ListItem\",\"position\":2,\"name\":\"Products\",\"item\":\"https:\/\/airrent.ge\/fr\/products\/\"},{\"@type\":\"ListItem\",\"position\":3,\"name\":\"Pl\u00e9num de ventilation PB-NOVA-FF\"}]},{\"@type\":\"WebSite\",\"@id\":\"https:\/\/airrent.ge\/#website\",\"url\":\"https:\/\/airrent.ge\/\",\"name\":\"airrent.ge\",\"description\":\"Rental Services\",\"publisher\":{\"@id\":\"https:\/\/airrent.ge\/#organization\"},\"potentialAction\":[{\"@type\":\"SearchAction\",\"target\":{\"@type\":\"EntryPoint\",\"urlTemplate\":\"https:\/\/airrent.ge\/?s={search_term_string}\"},\"query-input\":{\"@type\":\"PropertyValueSpecification\",\"valueRequired\":true,\"valueName\":\"search_term_string\"}}],\"inLanguage\":\"fr-FR\"},{\"@type\":\"Organization\",\"@id\":\"https:\/\/airrent.ge\/#organization\",\"name\":\"airrent.ge\",\"url\":\"https:\/\/airrent.ge\/\",\"logo\":{\"@type\":\"ImageObject\",\"inLanguage\":\"fr-FR\",\"@id\":\"https:\/\/airrent.ge\/#\/schema\/logo\/image\/\",\"url\":\"https:\/\/airrent.ge\/wp-content\/uploads\/2026\/03\/airrent.png\",\"contentUrl\":\"https:\/\/airrent.ge\/wp-content\/uploads\/2026\/03\/airrent.png\",\"width\":1536,\"height\":1024,\"caption\":\"airrent.ge\"},\"image\":{\"@id\":\"https:\/\/airrent.ge\/#\/schema\/logo\/image\/\"}}]}<\/script>\n<!-- \/ Yoast SEO plugin. -->","yoast_head_json":{"title":"Pl\u00e9num de ventilation PB-NOVA-FF - AirRent.ge","robots":{"index":"index","follow":"follow","max-snippet":"max-snippet:-1","max-image-preview":"max-image-preview:large","max-video-preview":"max-video-preview:-1"},"canonical":"https:\/\/airrent.ge\/fr\/produit\/pb-nova-ff-plenum-box\/","og_locale":"fr_FR","og_type":"article","og_title":"Pl\u00e9num de ventilation PB-NOVA-FF - AirRent.ge","og_description":"Pl\u00e9num de ventilation PB-NOVA-FF PB-NOVA-FF #AP-NOVA-FF Description Le PB-NOVA-FF est un pl\u00e9num de ventilation. Ce produit est destin\u00e9 au soufflage","og_url":"https:\/\/airrent.ge\/fr\/produit\/pb-nova-ff-plenum-box\/","og_site_name":"AirRent.ge","article_modified_time":"2025-09-07T11:43:20+00:00","og_image":[{"width":384,"height":240,"url":"https:\/\/airrent.ge\/wp-content\/uploads\/2025\/09\/PB-NOVA_400X400_BOTTOM_HQ.jpg","type":"image\/jpeg"}],"twitter_card":"summary_large_image","schema":{"@context":"https:\/\/schema.org","@graph":[{"@type":"WebPage","@id":"https:\/\/airrent.ge\/fr\/produit\/pb-nova-ff-plenum-box\/","url":"https:\/\/airrent.ge\/fr\/produit\/pb-nova-ff-plenum-box\/","name":"Pl\u00e9num de ventilation PB-NOVA-FF - AirRent.ge","isPartOf":{"@id":"https:\/\/airrent.ge\/#website"},"primaryImageOfPage":{"@id":"https:\/\/airrent.ge\/fr\/produit\/pb-nova-ff-plenum-box\/#primaryimage"},"image":{"@id":"https:\/\/airrent.ge\/fr\/produit\/pb-nova-ff-plenum-box\/#primaryimage"},"thumbnailUrl":"https:\/\/airrent.ge\/wp-content\/uploads\/2025\/09\/PB-NOVA_400X400_BOTTOM_HQ.jpg","datePublished":"2025-09-07T11:39:22+00:00","dateModified":"2025-09-07T11:43:20+00:00","breadcrumb":{"@id":"https:\/\/airrent.ge\/fr\/produit\/pb-nova-ff-plenum-box\/#breadcrumb"},"inLanguage":"fr-FR","potentialAction":[{"@type":"ReadAction","target":["https:\/\/airrent.ge\/fr\/produit\/pb-nova-ff-plenum-box\/"]}]},{"@type":"ImageObject","inLanguage":"fr-FR","@id":"https:\/\/airrent.ge\/fr\/produit\/pb-nova-ff-plenum-box\/#primaryimage","url":"https:\/\/airrent.ge\/wp-content\/uploads\/2025\/09\/PB-NOVA_400X400_BOTTOM_HQ.jpg","contentUrl":"https:\/\/airrent.ge\/wp-content\/uploads\/2025\/09\/PB-NOVA_400X400_BOTTOM_HQ.jpg","width":384,"height":240},{"@type":"BreadcrumbList","@id":"https:\/\/airrent.ge\/fr\/produit\/pb-nova-ff-plenum-box\/#breadcrumb","itemListElement":[{"@type":"ListItem","position":1,"name":"Home","item":"https:\/\/airrent.ge\/fr\/home\/"},{"@type":"ListItem","position":2,"name":"Products","item":"https:\/\/airrent.ge\/fr\/products\/"},{"@type":"ListItem","position":3,"name":"Pl\u00e9num de ventilation PB-NOVA-FF"}]},{"@type":"WebSite","@id":"https:\/\/airrent.ge\/#website","url":"https:\/\/airrent.ge\/","name":"airrent.ge","description":"Rental Services","publisher":{"@id":"https:\/\/airrent.ge\/#organization"},"potentialAction":[{"@type":"SearchAction","target":{"@type":"EntryPoint","urlTemplate":"https:\/\/airrent.ge\/?s={search_term_string}"},"query-input":{"@type":"PropertyValueSpecification","valueRequired":true,"valueName":"search_term_string"}}],"inLanguage":"fr-FR"},{"@type":"Organization","@id":"https:\/\/airrent.ge\/#organization","name":"airrent.ge","url":"https:\/\/airrent.ge\/","logo":{"@type":"ImageObject","inLanguage":"fr-FR","@id":"https:\/\/airrent.ge\/#\/schema\/logo\/image\/","url":"https:\/\/airrent.ge\/wp-content\/uploads\/2026\/03\/airrent.png","contentUrl":"https:\/\/airrent.ge\/wp-content\/uploads\/2026\/03\/airrent.png","width":1536,"height":1024,"caption":"airrent.ge"},"image":{"@id":"https:\/\/airrent.ge\/#\/schema\/logo\/image\/"}}]}},"_links":{"self":[{"href":"https:\/\/airrent.ge\/fr\/wp-json\/wp\/v2\/product\/37194","targetHints":{"allow":["GET"]}}],"collection":[{"href":"https:\/\/airrent.ge\/fr\/wp-json\/wp\/v2\/product"}],"about":[{"href":"https:\/\/airrent.ge\/fr\/wp-json\/wp\/v2\/types\/product"}],"wp:featuredmedia":[{"embeddable":true,"href":"https:\/\/airrent.ge\/fr\/wp-json\/wp\/v2\/media\/38333"}],"wp:attachment":[{"href":"https:\/\/airrent.ge\/fr\/wp-json\/wp\/v2\/media?parent=37194"}],"wp:term":[{"taxonomy":"product_brand","embeddable":true,"href":"https:\/\/airrent.ge\/fr\/wp-json\/wp\/v2\/product_brand?post=37194"},{"taxonomy":"product_cat","embeddable":true,"href":"https:\/\/airrent.ge\/fr\/wp-json\/wp\/v2\/product_cat?post=37194"},{"taxonomy":"product_tag","embeddable":true,"href":"https:\/\/airrent.ge\/fr\/wp-json\/wp\/v2\/product_tag?post=37194"}],"curies":[{"name":"wp","href":"https:\/\/api.w.org\/{rel}","templated":true}]}}