{"id":37331,"date":"2025-09-07T22:21:31","date_gmt":"2025-09-07T18:21:31","guid":{"rendered":"https:\/\/airsystems.ge\/shop\/product\/tune-eatr-dampers\/"},"modified":"2025-09-07T22:24:29","modified_gmt":"2025-09-07T18:24:29","slug":"tune-eatr-dampers","status":"publish","type":"product","link":"https:\/\/airrent.ge\/fr\/produit\/tune-eatr-dampers\/","title":{"rendered":"Registres TUNE Dampers"},"content":{"rendered":"<p>Kit TUNE-S-1000&#215;500-EATR n\u00b0 458214<\/p>\n<p>Description<br \/>\nLe TUNE-S&#8230;EATR est un registre de r\u00e9gulation et de fermeture pour conduits rectangulaires. Son \u00e9tanch\u00e9it\u00e9 \u00e0 l&rsquo;air est class\u00e9e C4, test\u00e9e selon la norme EN 1751.<br \/>\nCe produit est utilis\u00e9 pour la r\u00e9gulation du registre EATR. Les r\u00e9cup\u00e9rateurs de chaleur Topvex SR\/TR fabriqu\u00e9s \u00e0 partir de 2024 sont livr\u00e9s avec les tubes install\u00e9s.<br \/>\nCe produit est destin\u00e9 aux r\u00e9cup\u00e9rateurs de chaleur Topvex SR\/TR de tailles 60 \u00e0 100.<br \/>\nConception<br \/>\nLes unit\u00e9s TUNE-S&#8230;EATR sont constitu\u00e9es d&rsquo;un cadre en t\u00f4le d&rsquo;acier et de lames en profil\u00e9 d&rsquo;aluminium. Le cadre est dot\u00e9 de brides de 20 mm de large pour un raccordement \u00e9tanche au conduit. Les pales sont en aluminium extrud\u00e9. Elles sont \u00e9quip\u00e9es de joints en caoutchouc \u00e9liminant les fuites en position ferm\u00e9e. Les axes des pales reposent sur des roulements autolubrifiants reli\u00e9s entre eux par une combinaison pignon-bielle pour assurer une transition fluide entre les pales.<\/p>\n","protected":false},"excerpt":{"rendered":"<div>\n<p>Registres TUNE<\/p>\n<p>Registres TUNE-EATR<\/p>\n<p>Kit TUNE-S-1000&#215;500-EATR<br \/>\nKit TUNE-S-1000&#215;500-EATR<br \/>\nn\u00b0 458214<\/p>\n<\/div>\n<div>\n<div class=\"dropdown-wrapper\"><select class=\"form-dropdown form-input\"><option value=\"458214\">TUNE-S-1000&#215;500-EATR Kit<\/option><option value=\"458215\">TUNE-S-1100&#215;300-EATR Kit<\/option><option value=\"458216\">TUNE-S-1200&#215;500-EATR Kit<\/option><option value=\"458210\">TUNE-S-700&#215;300-EATR Kit<\/option><option value=\"458211\">TUNE-S-700&#215;400-EATR Kit<\/option><option value=\"458212\">TUNE-S-800&#215;400-EATR Kit<\/option><option value=\"458213\">TUNE-S-900&#215;300-EATR Kit<\/option><\/select><\/div>\n<\/div>\n<div class=\"gtm-sku-info flex flex-col gap-y-050 text-label-tiny text-neutral-600\">\n<div class=\"flex flex-wrap items-baseline gap-x-100 gap-y-025\"><span class=\"gtm-article-name\">TUNE-S-1000&#215;500-EATR Kit<\/span><span class=\"whitespace-nowrap gtm-article-number text-base font-bold\">#458214<\/span><\/div>\n<\/div>\n","protected":false},"featured_media":37326,"template":"","meta":[],"product_brand":[],"product_cat":[1884,1866,1841],"product_tag":[],"class_list":{"0":"post-37331","1":"product","2":"type-product","3":"status-publish","4":"has-post-thumbnail","6":"product_cat-amortisseurs","7":"product_cat-controle-du-debit-dair","8":"product_cat-produits-de-distribution-dair","10":"first","11":"instock","12":"shipping-taxable","13":"product-type-simple"},"yoast_head":"<!-- This site is optimized with the Yoast SEO plugin v27.1.1 - https:\/\/yoast.com\/product\/yoast-seo-wordpress\/ -->\n<title>Registres TUNE Dampers - AirRent.ge<\/title>\n<meta name=\"robots\" content=\"index, follow, max-snippet:-1, max-image-preview:large, max-video-preview:-1\" \/>\n<link rel=\"canonical\" href=\"https:\/\/airrent.ge\/fr\/produit\/tune-eatr-dampers\/\" \/>\n<meta property=\"og:locale\" content=\"fr_FR\" \/>\n<meta property=\"og:type\" content=\"article\" \/>\n<meta property=\"og:title\" content=\"Registres TUNE Dampers - AirRent.ge\" \/>\n<meta property=\"og:description\" content=\"Registres TUNE  Registres TUNE-EATR  Kit TUNE-S-1000x500-EATR Kit TUNE-S-1000x500-EATR n\u00b0 458214     TUNE-S-1000x500-EATR Kit TUNE-S-1100x300-EATR Kit TUNE-S-1200x500-EATR Kit TUNE-S-700x300-EATR Kit TUNE-S-700x400-EATR Kit TUNE-S-800x400-EATR Kit TUNE-S-900x300-EATR Kit    TUNE-S-1000x500-EATR Kit#458214\" \/>\n<meta property=\"og:url\" content=\"https:\/\/airrent.ge\/fr\/produit\/tune-eatr-dampers\/\" \/>\n<meta property=\"og:site_name\" content=\"AirRent.ge\" \/>\n<meta property=\"article:modified_time\" content=\"2025-09-07T18:24:29+00:00\" \/>\n<meta property=\"og:image\" content=\"https:\/\/airrent.ge\/wp-content\/uploads\/2025\/09\/TUNE-S_H_HQ.jpg\" \/>\n\t<meta property=\"og:image:width\" content=\"384\" \/>\n\t<meta property=\"og:image:height\" content=\"288\" \/>\n\t<meta property=\"og:image:type\" content=\"image\/jpeg\" \/>\n<meta name=\"twitter:card\" content=\"summary_large_image\" \/>\n<meta name=\"twitter:label1\" content=\"Dur\u00e9e de lecture estim\u00e9e\" \/>\n\t<meta name=\"twitter:data1\" content=\"1 minute\" \/>\n<script type=\"application\/ld+json\" class=\"yoast-schema-graph\">{\"@context\":\"https:\/\/schema.org\",\"@graph\":[{\"@type\":\"WebPage\",\"@id\":\"https:\/\/airrent.ge\/fr\/produit\/tune-eatr-dampers\/\",\"url\":\"https:\/\/airrent.ge\/fr\/produit\/tune-eatr-dampers\/\",\"name\":\"Registres TUNE Dampers - AirRent.ge\",\"isPartOf\":{\"@id\":\"https:\/\/airrent.ge\/#website\"},\"primaryImageOfPage\":{\"@id\":\"https:\/\/airrent.ge\/fr\/produit\/tune-eatr-dampers\/#primaryimage\"},\"image\":{\"@id\":\"https:\/\/airrent.ge\/fr\/produit\/tune-eatr-dampers\/#primaryimage\"},\"thumbnailUrl\":\"https:\/\/airrent.ge\/wp-content\/uploads\/2025\/09\/TUNE-S_H_HQ.jpg\",\"datePublished\":\"2025-09-07T18:21:31+00:00\",\"dateModified\":\"2025-09-07T18:24:29+00:00\",\"breadcrumb\":{\"@id\":\"https:\/\/airrent.ge\/fr\/produit\/tune-eatr-dampers\/#breadcrumb\"},\"inLanguage\":\"fr-FR\",\"potentialAction\":[{\"@type\":\"ReadAction\",\"target\":[\"https:\/\/airrent.ge\/fr\/produit\/tune-eatr-dampers\/\"]}]},{\"@type\":\"ImageObject\",\"inLanguage\":\"fr-FR\",\"@id\":\"https:\/\/airrent.ge\/fr\/produit\/tune-eatr-dampers\/#primaryimage\",\"url\":\"https:\/\/airrent.ge\/wp-content\/uploads\/2025\/09\/TUNE-S_H_HQ.jpg\",\"contentUrl\":\"https:\/\/airrent.ge\/wp-content\/uploads\/2025\/09\/TUNE-S_H_HQ.jpg\",\"width\":384,\"height\":288},{\"@type\":\"BreadcrumbList\",\"@id\":\"https:\/\/airrent.ge\/fr\/produit\/tune-eatr-dampers\/#breadcrumb\",\"itemListElement\":[{\"@type\":\"ListItem\",\"position\":1,\"name\":\"Home\",\"item\":\"https:\/\/airrent.ge\/fr\/home\/\"},{\"@type\":\"ListItem\",\"position\":2,\"name\":\"Products\",\"item\":\"https:\/\/airrent.ge\/fr\/products\/\"},{\"@type\":\"ListItem\",\"position\":3,\"name\":\"Registres TUNE Dampers\"}]},{\"@type\":\"WebSite\",\"@id\":\"https:\/\/airrent.ge\/#website\",\"url\":\"https:\/\/airrent.ge\/\",\"name\":\"airrent.ge\",\"description\":\"Rental Services\",\"publisher\":{\"@id\":\"https:\/\/airrent.ge\/#organization\"},\"potentialAction\":[{\"@type\":\"SearchAction\",\"target\":{\"@type\":\"EntryPoint\",\"urlTemplate\":\"https:\/\/airrent.ge\/?s={search_term_string}\"},\"query-input\":{\"@type\":\"PropertyValueSpecification\",\"valueRequired\":true,\"valueName\":\"search_term_string\"}}],\"inLanguage\":\"fr-FR\"},{\"@type\":\"Organization\",\"@id\":\"https:\/\/airrent.ge\/#organization\",\"name\":\"airrent.ge\",\"url\":\"https:\/\/airrent.ge\/\",\"logo\":{\"@type\":\"ImageObject\",\"inLanguage\":\"fr-FR\",\"@id\":\"https:\/\/airrent.ge\/#\/schema\/logo\/image\/\",\"url\":\"https:\/\/airrent.ge\/wp-content\/uploads\/2026\/03\/airrent.png\",\"contentUrl\":\"https:\/\/airrent.ge\/wp-content\/uploads\/2026\/03\/airrent.png\",\"width\":1536,\"height\":1024,\"caption\":\"airrent.ge\"},\"image\":{\"@id\":\"https:\/\/airrent.ge\/#\/schema\/logo\/image\/\"}}]}<\/script>\n<!-- \/ Yoast SEO plugin. -->","yoast_head_json":{"title":"Registres TUNE Dampers - AirRent.ge","robots":{"index":"index","follow":"follow","max-snippet":"max-snippet:-1","max-image-preview":"max-image-preview:large","max-video-preview":"max-video-preview:-1"},"canonical":"https:\/\/airrent.ge\/fr\/produit\/tune-eatr-dampers\/","og_locale":"fr_FR","og_type":"article","og_title":"Registres TUNE Dampers - AirRent.ge","og_description":"Registres TUNE  Registres TUNE-EATR  Kit TUNE-S-1000x500-EATR Kit TUNE-S-1000x500-EATR n\u00b0 458214     TUNE-S-1000x500-EATR Kit TUNE-S-1100x300-EATR Kit TUNE-S-1200x500-EATR Kit TUNE-S-700x300-EATR Kit TUNE-S-700x400-EATR Kit TUNE-S-800x400-EATR Kit TUNE-S-900x300-EATR Kit    TUNE-S-1000x500-EATR Kit#458214","og_url":"https:\/\/airrent.ge\/fr\/produit\/tune-eatr-dampers\/","og_site_name":"AirRent.ge","article_modified_time":"2025-09-07T18:24:29+00:00","og_image":[{"width":384,"height":288,"url":"https:\/\/airrent.ge\/wp-content\/uploads\/2025\/09\/TUNE-S_H_HQ.jpg","type":"image\/jpeg"}],"twitter_card":"summary_large_image","twitter_misc":{"Dur\u00e9e de lecture estim\u00e9e":"1 minute"},"schema":{"@context":"https:\/\/schema.org","@graph":[{"@type":"WebPage","@id":"https:\/\/airrent.ge\/fr\/produit\/tune-eatr-dampers\/","url":"https:\/\/airrent.ge\/fr\/produit\/tune-eatr-dampers\/","name":"Registres TUNE Dampers - AirRent.ge","isPartOf":{"@id":"https:\/\/airrent.ge\/#website"},"primaryImageOfPage":{"@id":"https:\/\/airrent.ge\/fr\/produit\/tune-eatr-dampers\/#primaryimage"},"image":{"@id":"https:\/\/airrent.ge\/fr\/produit\/tune-eatr-dampers\/#primaryimage"},"thumbnailUrl":"https:\/\/airrent.ge\/wp-content\/uploads\/2025\/09\/TUNE-S_H_HQ.jpg","datePublished":"2025-09-07T18:21:31+00:00","dateModified":"2025-09-07T18:24:29+00:00","breadcrumb":{"@id":"https:\/\/airrent.ge\/fr\/produit\/tune-eatr-dampers\/#breadcrumb"},"inLanguage":"fr-FR","potentialAction":[{"@type":"ReadAction","target":["https:\/\/airrent.ge\/fr\/produit\/tune-eatr-dampers\/"]}]},{"@type":"ImageObject","inLanguage":"fr-FR","@id":"https:\/\/airrent.ge\/fr\/produit\/tune-eatr-dampers\/#primaryimage","url":"https:\/\/airrent.ge\/wp-content\/uploads\/2025\/09\/TUNE-S_H_HQ.jpg","contentUrl":"https:\/\/airrent.ge\/wp-content\/uploads\/2025\/09\/TUNE-S_H_HQ.jpg","width":384,"height":288},{"@type":"BreadcrumbList","@id":"https:\/\/airrent.ge\/fr\/produit\/tune-eatr-dampers\/#breadcrumb","itemListElement":[{"@type":"ListItem","position":1,"name":"Home","item":"https:\/\/airrent.ge\/fr\/home\/"},{"@type":"ListItem","position":2,"name":"Products","item":"https:\/\/airrent.ge\/fr\/products\/"},{"@type":"ListItem","position":3,"name":"Registres TUNE Dampers"}]},{"@type":"WebSite","@id":"https:\/\/airrent.ge\/#website","url":"https:\/\/airrent.ge\/","name":"airrent.ge","description":"Rental Services","publisher":{"@id":"https:\/\/airrent.ge\/#organization"},"potentialAction":[{"@type":"SearchAction","target":{"@type":"EntryPoint","urlTemplate":"https:\/\/airrent.ge\/?s={search_term_string}"},"query-input":{"@type":"PropertyValueSpecification","valueRequired":true,"valueName":"search_term_string"}}],"inLanguage":"fr-FR"},{"@type":"Organization","@id":"https:\/\/airrent.ge\/#organization","name":"airrent.ge","url":"https:\/\/airrent.ge\/","logo":{"@type":"ImageObject","inLanguage":"fr-FR","@id":"https:\/\/airrent.ge\/#\/schema\/logo\/image\/","url":"https:\/\/airrent.ge\/wp-content\/uploads\/2026\/03\/airrent.png","contentUrl":"https:\/\/airrent.ge\/wp-content\/uploads\/2026\/03\/airrent.png","width":1536,"height":1024,"caption":"airrent.ge"},"image":{"@id":"https:\/\/airrent.ge\/#\/schema\/logo\/image\/"}}]}},"_links":{"self":[{"href":"https:\/\/airrent.ge\/fr\/wp-json\/wp\/v2\/product\/37331","targetHints":{"allow":["GET"]}}],"collection":[{"href":"https:\/\/airrent.ge\/fr\/wp-json\/wp\/v2\/product"}],"about":[{"href":"https:\/\/airrent.ge\/fr\/wp-json\/wp\/v2\/types\/product"}],"wp:featuredmedia":[{"embeddable":true,"href":"https:\/\/airrent.ge\/fr\/wp-json\/wp\/v2\/media\/37326"}],"wp:attachment":[{"href":"https:\/\/airrent.ge\/fr\/wp-json\/wp\/v2\/media?parent=37331"}],"wp:term":[{"taxonomy":"product_brand","embeddable":true,"href":"https:\/\/airrent.ge\/fr\/wp-json\/wp\/v2\/product_brand?post=37331"},{"taxonomy":"product_cat","embeddable":true,"href":"https:\/\/airrent.ge\/fr\/wp-json\/wp\/v2\/product_cat?post=37331"},{"taxonomy":"product_tag","embeddable":true,"href":"https:\/\/airrent.ge\/fr\/wp-json\/wp\/v2\/product_tag?post=37331"}],"curies":[{"name":"wp","href":"https:\/\/api.w.org\/{rel}","templated":true}]}}