{"id":37899,"date":"2025-09-08T17:14:53","date_gmt":"2025-09-08T13:14:53","guid":{"rendered":"https:\/\/airsystems.ge\/shop\/product\/37872\/"},"modified":"2025-09-08T17:28:37","modified_gmt":"2025-09-08T13:28:37","slug":"37872","status":"publish","type":"product","link":"https:\/\/airrent.ge\/fr\/produit\/37872\/","title":{"rendered":"Diffuseurs de sol PLUTO Diffuseur de ventilation pour installation au sol, adapt\u00e9 aux petits bureaux, aux chambres d&rsquo;h\u00f4tel et aux espaces r\u00e9sidentiels."},"content":{"rendered":"<div class=\"mb-400 gtm-product-section container-fluid\" data-gtm-name=\"Benefits\" data-gtm-label=\"Benefits (en)\" data-gtm-vis-first-on-screen53434917_103=\"39837\" data-gtm-vis-total-visible-time53434917_103=\"1500\" data-gtm-vis-recent-on-screen53434917_103=\"219925\" data-gtm-vis-has-fired53434917_103=\"1\">\n<div class=\"row\">\n<div class=\"content-element content-element-product-benefit col-12 sm:col-6 mb-400\">\n<div class=\"bg-card px-300 py-250 mobile-nav:px-200 mobile-nav:py-150 h-full flex overflow-hidden card-border\">\n<div class=\"min-w-0\">\n<p><strong>Installation au sol<\/strong><br \/>\nLe diffuseur de ventilation PLUTO est con\u00e7u pour une installation au sol afin de fournir de l&rsquo;air frais aux locaux de petite capacit\u00e9.<\/p>\n<p><strong>Face avant circulaire<\/strong><br \/>\nLe diffuseur est dot\u00e9 d&rsquo;une face avant circulaire perfor\u00e9e en acier inoxydable et d&rsquo;un raccord de conduit circulaire en acier galvanis\u00e9 avec joint en caoutchouc.<\/p>\n<p><strong>Admission d&rsquo;air<\/strong><br \/>\nLe diffuseur de ventilation PLUTO sert principalement \u00e0 l&rsquo;alimentation en air, mais il peut \u00e9galement \u00eatre utilis\u00e9 pour l&rsquo;extraction d&rsquo;air.<\/p>\n<p>PLUTO est un diffuseur efficace, profil\u00e9 et compact, destin\u00e9 aux espaces r\u00e9sidentiels, aux chambres d&rsquo;h\u00f4tel et \u00e0 la ventilation des petits bureaux. Con\u00e7u pour la ventilation au sol, il sert principalement \u00e0 l&rsquo;alimentation en air. Il est \u00e9galement possible d&rsquo;utiliser le diffuseur Pluto pour l&rsquo;extraction d&rsquo;air.<\/p>\n<p>Le diffuseur est fabriqu\u00e9 en acier inoxydable A304 et poss\u00e8de une face avant circulaire perfor\u00e9e. Il est \u00e9quip\u00e9 d&rsquo;un raccord de conduit circulaire en acier galvanis\u00e9 avec joint en caoutchouc. Les pi\u00e8ces sont assembl\u00e9es gr\u00e2ce \u00e0 un adh\u00e9sif de haute qualit\u00e9.<\/p>\n<p>Ce produit est disponible en une seule taille et convient \u00e0 un conduit de 125 mm. Il allie compacit\u00e9 et hautes performances pour une alimentation en air efficace et une extraction possible dans de nombreux environnements domestiques et commerciaux.<\/p>\n<\/div>\n<\/div>\n<\/div>\n<\/div>\n<\/div>\n","protected":false},"excerpt":{"rendered":"<div>\n<p>Diffuseurs de sol PLUTO<br \/>\nDiffuseur de ventilation pour installation au sol, adapt\u00e9 aux petits bureaux, aux chambres d&rsquo;h\u00f4tel et aux espaces r\u00e9sidentiels.<\/p>\n<p>Petite capacit\u00e9<\/p>\n<p>Acier inoxydable<\/p>\n<p>Installation au sol<\/p>\n<p>Taille unique<\/p>\n<\/div>\n<div class=\"flex flex-col gap-200\"><\/div>\n<div class=\"gtm-sku-info flex flex-col gap-y-050 text-label-tiny text-neutral-600\">\n<div class=\"flex flex-wrap items-baseline gap-x-100 gap-y-025\"><span class=\"gtm-article-name\">PLUTO-125-new<\/span><span class=\"whitespace-nowrap gtm-article-number text-base font-bold\">#449055<\/span><\/div>\n<\/div>\n","protected":false},"featured_media":37876,"template":"","meta":[],"product_brand":[],"product_cat":[1961,1895,1841],"product_tag":[],"class_list":{"0":"post-37899","1":"product","2":"type-product","3":"status-publish","4":"has-post-thumbnail","6":"product_cat-diffuseurs-de-sol","7":"product_cat-diffuseurs-diffuseurs-pour-la-ventilation","8":"product_cat-produits-de-distribution-dair","10":"first","11":"instock","12":"shipping-taxable","13":"product-type-simple"},"yoast_head":"<!-- This site is optimized with the Yoast SEO plugin v27.1.1 - https:\/\/yoast.com\/product\/yoast-seo-wordpress\/ -->\n<title>Diffuseurs de sol PLUTO Diffuseur de ventilation pour installation au sol, adapt\u00e9 aux petits bureaux, aux chambres d&#039;h\u00f4tel et aux espaces r\u00e9sidentiels. - AirRent.ge<\/title>\n<meta name=\"robots\" content=\"index, follow, max-snippet:-1, max-image-preview:large, max-video-preview:-1\" \/>\n<link rel=\"canonical\" href=\"https:\/\/airrent.ge\/fr\/produit\/37872\/\" \/>\n<meta property=\"og:locale\" content=\"fr_FR\" \/>\n<meta property=\"og:type\" content=\"article\" \/>\n<meta property=\"og:title\" content=\"Diffuseurs de sol PLUTO Diffuseur de ventilation pour installation au sol, adapt\u00e9 aux petits bureaux, aux chambres d&#039;h\u00f4tel et aux espaces r\u00e9sidentiels. - AirRent.ge\" \/>\n<meta property=\"og:description\" content=\"Diffuseurs de sol PLUTO Diffuseur de ventilation pour installation au sol, adapt\u00e9 aux petits bureaux, aux chambres d&#039;h\u00f4tel et aux espaces r\u00e9sidentiels.  Petite capacit\u00e9  Acier inoxydable  Installation au sol  Taille unique     PLUTO-125-new#449055\" \/>\n<meta property=\"og:url\" content=\"https:\/\/airrent.ge\/fr\/produit\/37872\/\" \/>\n<meta property=\"og:site_name\" content=\"AirRent.ge\" \/>\n<meta property=\"article:modified_time\" content=\"2025-09-08T13:28:37+00:00\" \/>\n<meta property=\"og:image\" content=\"https:\/\/airrent.ge\/wp-content\/uploads\/2025\/09\/PRODUCT-MAIN-IMAGE_PLUTO.jpg\" \/>\n\t<meta property=\"og:image:width\" content=\"384\" \/>\n\t<meta property=\"og:image:height\" content=\"288\" \/>\n\t<meta property=\"og:image:type\" content=\"image\/jpeg\" \/>\n<meta name=\"twitter:card\" content=\"summary_large_image\" \/>\n<meta name=\"twitter:label1\" content=\"Dur\u00e9e de lecture estim\u00e9e\" \/>\n\t<meta name=\"twitter:data1\" content=\"1 minute\" \/>\n<script type=\"application\/ld+json\" class=\"yoast-schema-graph\">{\"@context\":\"https:\/\/schema.org\",\"@graph\":[{\"@type\":\"WebPage\",\"@id\":\"https:\/\/airrent.ge\/fr\/produit\/37872\/\",\"url\":\"https:\/\/airrent.ge\/fr\/produit\/37872\/\",\"name\":\"Diffuseurs de sol PLUTO Diffuseur de ventilation pour installation au sol, adapt\u00e9 aux petits bureaux, aux chambres d'h\u00f4tel et aux espaces r\u00e9sidentiels. - AirRent.ge\",\"isPartOf\":{\"@id\":\"https:\/\/airrent.ge\/#website\"},\"primaryImageOfPage\":{\"@id\":\"https:\/\/airrent.ge\/fr\/produit\/37872\/#primaryimage\"},\"image\":{\"@id\":\"https:\/\/airrent.ge\/fr\/produit\/37872\/#primaryimage\"},\"thumbnailUrl\":\"https:\/\/airrent.ge\/wp-content\/uploads\/2025\/09\/PRODUCT-MAIN-IMAGE_PLUTO.jpg\",\"datePublished\":\"2025-09-08T13:14:53+00:00\",\"dateModified\":\"2025-09-08T13:28:37+00:00\",\"breadcrumb\":{\"@id\":\"https:\/\/airrent.ge\/fr\/produit\/37872\/#breadcrumb\"},\"inLanguage\":\"fr-FR\",\"potentialAction\":[{\"@type\":\"ReadAction\",\"target\":[\"https:\/\/airrent.ge\/fr\/produit\/37872\/\"]}]},{\"@type\":\"ImageObject\",\"inLanguage\":\"fr-FR\",\"@id\":\"https:\/\/airrent.ge\/fr\/produit\/37872\/#primaryimage\",\"url\":\"https:\/\/airrent.ge\/wp-content\/uploads\/2025\/09\/PRODUCT-MAIN-IMAGE_PLUTO.jpg\",\"contentUrl\":\"https:\/\/airrent.ge\/wp-content\/uploads\/2025\/09\/PRODUCT-MAIN-IMAGE_PLUTO.jpg\",\"width\":384,\"height\":288},{\"@type\":\"BreadcrumbList\",\"@id\":\"https:\/\/airrent.ge\/fr\/produit\/37872\/#breadcrumb\",\"itemListElement\":[{\"@type\":\"ListItem\",\"position\":1,\"name\":\"Home\",\"item\":\"https:\/\/airrent.ge\/fr\/home\/\"},{\"@type\":\"ListItem\",\"position\":2,\"name\":\"Products\",\"item\":\"https:\/\/airrent.ge\/fr\/products\/\"},{\"@type\":\"ListItem\",\"position\":3,\"name\":\"Diffuseurs de sol PLUTO Diffuseur de ventilation pour installation au sol, adapt\u00e9 aux petits bureaux, aux chambres d&#8217;h\u00f4tel et aux espaces r\u00e9sidentiels.\"}]},{\"@type\":\"WebSite\",\"@id\":\"https:\/\/airrent.ge\/#website\",\"url\":\"https:\/\/airrent.ge\/\",\"name\":\"airrent.ge\",\"description\":\"Rental Services\",\"publisher\":{\"@id\":\"https:\/\/airrent.ge\/#organization\"},\"potentialAction\":[{\"@type\":\"SearchAction\",\"target\":{\"@type\":\"EntryPoint\",\"urlTemplate\":\"https:\/\/airrent.ge\/?s={search_term_string}\"},\"query-input\":{\"@type\":\"PropertyValueSpecification\",\"valueRequired\":true,\"valueName\":\"search_term_string\"}}],\"inLanguage\":\"fr-FR\"},{\"@type\":\"Organization\",\"@id\":\"https:\/\/airrent.ge\/#organization\",\"name\":\"airrent.ge\",\"url\":\"https:\/\/airrent.ge\/\",\"logo\":{\"@type\":\"ImageObject\",\"inLanguage\":\"fr-FR\",\"@id\":\"https:\/\/airrent.ge\/#\/schema\/logo\/image\/\",\"url\":\"https:\/\/airrent.ge\/wp-content\/uploads\/2026\/03\/airrent.png\",\"contentUrl\":\"https:\/\/airrent.ge\/wp-content\/uploads\/2026\/03\/airrent.png\",\"width\":1536,\"height\":1024,\"caption\":\"airrent.ge\"},\"image\":{\"@id\":\"https:\/\/airrent.ge\/#\/schema\/logo\/image\/\"}}]}<\/script>\n<!-- \/ Yoast SEO plugin. -->","yoast_head_json":{"title":"Diffuseurs de sol PLUTO Diffuseur de ventilation pour installation au sol, adapt\u00e9 aux petits bureaux, aux chambres d'h\u00f4tel et aux espaces r\u00e9sidentiels. - AirRent.ge","robots":{"index":"index","follow":"follow","max-snippet":"max-snippet:-1","max-image-preview":"max-image-preview:large","max-video-preview":"max-video-preview:-1"},"canonical":"https:\/\/airrent.ge\/fr\/produit\/37872\/","og_locale":"fr_FR","og_type":"article","og_title":"Diffuseurs de sol PLUTO Diffuseur de ventilation pour installation au sol, adapt\u00e9 aux petits bureaux, aux chambres d'h\u00f4tel et aux espaces r\u00e9sidentiels. - AirRent.ge","og_description":"Diffuseurs de sol PLUTO Diffuseur de ventilation pour installation au sol, adapt\u00e9 aux petits bureaux, aux chambres d'h\u00f4tel et aux espaces r\u00e9sidentiels.  Petite capacit\u00e9  Acier inoxydable  Installation au sol  Taille unique     PLUTO-125-new#449055","og_url":"https:\/\/airrent.ge\/fr\/produit\/37872\/","og_site_name":"AirRent.ge","article_modified_time":"2025-09-08T13:28:37+00:00","og_image":[{"width":384,"height":288,"url":"https:\/\/airrent.ge\/wp-content\/uploads\/2025\/09\/PRODUCT-MAIN-IMAGE_PLUTO.jpg","type":"image\/jpeg"}],"twitter_card":"summary_large_image","twitter_misc":{"Dur\u00e9e de lecture estim\u00e9e":"1 minute"},"schema":{"@context":"https:\/\/schema.org","@graph":[{"@type":"WebPage","@id":"https:\/\/airrent.ge\/fr\/produit\/37872\/","url":"https:\/\/airrent.ge\/fr\/produit\/37872\/","name":"Diffuseurs de sol PLUTO Diffuseur de ventilation pour installation au sol, adapt\u00e9 aux petits bureaux, aux chambres d'h\u00f4tel et aux espaces r\u00e9sidentiels. - AirRent.ge","isPartOf":{"@id":"https:\/\/airrent.ge\/#website"},"primaryImageOfPage":{"@id":"https:\/\/airrent.ge\/fr\/produit\/37872\/#primaryimage"},"image":{"@id":"https:\/\/airrent.ge\/fr\/produit\/37872\/#primaryimage"},"thumbnailUrl":"https:\/\/airrent.ge\/wp-content\/uploads\/2025\/09\/PRODUCT-MAIN-IMAGE_PLUTO.jpg","datePublished":"2025-09-08T13:14:53+00:00","dateModified":"2025-09-08T13:28:37+00:00","breadcrumb":{"@id":"https:\/\/airrent.ge\/fr\/produit\/37872\/#breadcrumb"},"inLanguage":"fr-FR","potentialAction":[{"@type":"ReadAction","target":["https:\/\/airrent.ge\/fr\/produit\/37872\/"]}]},{"@type":"ImageObject","inLanguage":"fr-FR","@id":"https:\/\/airrent.ge\/fr\/produit\/37872\/#primaryimage","url":"https:\/\/airrent.ge\/wp-content\/uploads\/2025\/09\/PRODUCT-MAIN-IMAGE_PLUTO.jpg","contentUrl":"https:\/\/airrent.ge\/wp-content\/uploads\/2025\/09\/PRODUCT-MAIN-IMAGE_PLUTO.jpg","width":384,"height":288},{"@type":"BreadcrumbList","@id":"https:\/\/airrent.ge\/fr\/produit\/37872\/#breadcrumb","itemListElement":[{"@type":"ListItem","position":1,"name":"Home","item":"https:\/\/airrent.ge\/fr\/home\/"},{"@type":"ListItem","position":2,"name":"Products","item":"https:\/\/airrent.ge\/fr\/products\/"},{"@type":"ListItem","position":3,"name":"Diffuseurs de sol PLUTO Diffuseur de ventilation pour installation au sol, adapt\u00e9 aux petits bureaux, aux chambres d&#8217;h\u00f4tel et aux espaces r\u00e9sidentiels."}]},{"@type":"WebSite","@id":"https:\/\/airrent.ge\/#website","url":"https:\/\/airrent.ge\/","name":"airrent.ge","description":"Rental Services","publisher":{"@id":"https:\/\/airrent.ge\/#organization"},"potentialAction":[{"@type":"SearchAction","target":{"@type":"EntryPoint","urlTemplate":"https:\/\/airrent.ge\/?s={search_term_string}"},"query-input":{"@type":"PropertyValueSpecification","valueRequired":true,"valueName":"search_term_string"}}],"inLanguage":"fr-FR"},{"@type":"Organization","@id":"https:\/\/airrent.ge\/#organization","name":"airrent.ge","url":"https:\/\/airrent.ge\/","logo":{"@type":"ImageObject","inLanguage":"fr-FR","@id":"https:\/\/airrent.ge\/#\/schema\/logo\/image\/","url":"https:\/\/airrent.ge\/wp-content\/uploads\/2026\/03\/airrent.png","contentUrl":"https:\/\/airrent.ge\/wp-content\/uploads\/2026\/03\/airrent.png","width":1536,"height":1024,"caption":"airrent.ge"},"image":{"@id":"https:\/\/airrent.ge\/#\/schema\/logo\/image\/"}}]}},"_links":{"self":[{"href":"https:\/\/airrent.ge\/fr\/wp-json\/wp\/v2\/product\/37899","targetHints":{"allow":["GET"]}}],"collection":[{"href":"https:\/\/airrent.ge\/fr\/wp-json\/wp\/v2\/product"}],"about":[{"href":"https:\/\/airrent.ge\/fr\/wp-json\/wp\/v2\/types\/product"}],"wp:featuredmedia":[{"embeddable":true,"href":"https:\/\/airrent.ge\/fr\/wp-json\/wp\/v2\/media\/37876"}],"wp:attachment":[{"href":"https:\/\/airrent.ge\/fr\/wp-json\/wp\/v2\/media?parent=37899"}],"wp:term":[{"taxonomy":"product_brand","embeddable":true,"href":"https:\/\/airrent.ge\/fr\/wp-json\/wp\/v2\/product_brand?post=37899"},{"taxonomy":"product_cat","embeddable":true,"href":"https:\/\/airrent.ge\/fr\/wp-json\/wp\/v2\/product_cat?post=37899"},{"taxonomy":"product_tag","embeddable":true,"href":"https:\/\/airrent.ge\/fr\/wp-json\/wp\/v2\/product_tag?post=37899"}],"curies":[{"name":"wp","href":"https:\/\/api.w.org\/{rel}","templated":true}]}}