{"id":38160,"date":"2025-09-08T21:37:38","date_gmt":"2025-09-08T17:37:38","guid":{"rendered":"https:\/\/airsystems.ge\/shop\/product\/ksv-c-linear-diffusers-decorative-corner-piece-suitable-for-ceiling-or-wall-installations\/"},"modified":"2025-09-08T21:43:33","modified_gmt":"2025-09-08T17:43:33","slug":"ksv-c-linear-diffusers-decorative-corner-piece-suitable-for-ceiling-or-wall-installations","status":"publish","type":"product","link":"https:\/\/airrent.ge\/fr\/produit\/ksv-c-linear-diffusers-decorative-corner-piece-suitable-for-ceiling-or-wall-installations\/","title":{"rendered":"Diffuseurs lin\u00e9aires KSV-C Pi\u00e8ce d&rsquo;angle d\u00e9corative pour installation au plafond ou au mur"},"content":{"rendered":"<p>Le KSV-C est un \u00e9l\u00e9ment d&rsquo;angle d\u00e9coratif pour installation au plafond ou au mur. Il ne dispose pas de fonction de ventilation.<\/p>\n<p>Le KSV-C peut \u00eatre mont\u00e9 sur un faux plafond \u00e0 l&rsquo;aide de ponts de montage. Des boulons filet\u00e9s fixent le diffuseur en position d&rsquo;installation. Le KSV-C est fabriqu\u00e9 en profil\u00e9 d&rsquo;aluminium extrud\u00e9 avec une surface anodis\u00e9e ou une finition peinture poudre dans diff\u00e9rentes teintes RAL.<\/p>\n","protected":false},"excerpt":{"rendered":"<div>\n<h1 class=\"text-xl mb-0 text-base\">\u00c9l\u00e9ment architectural esth\u00e9tique<\/h1>\n<\/div>\n<div class=\"flex flex-col gap-200\">\n<div class=\"flex flex-col flex-wrap gap-100 md:flex-row md:items-center gtm-purchase-option\" data-gtm-name=\"number_of_slots\" data-gtm-label=\"Number of slots\">\n<p><label class=\"flex gap-050 md:w-700 leading-none hyphens-auto print:w-full print:max-w-2\/5 text-label-small\">Number of slots<\/label><\/p>\n<div class=\"flex flex-1 flex-wrap gap-050\"><button class=\"select-btn select-btn-small select-btn-selected gtm-purchase-option-value\" type=\"button\" data-gtm-name=\"1\" data-gtm-label=\"1\">1<\/button><button class=\"select-btn select-btn-small select-btn-default gtm-purchase-option-value\" type=\"button\" data-gtm-name=\"2\" data-gtm-label=\"2\">2<\/button><button class=\"select-btn select-btn-small select-btn-default gtm-purchase-option-value\" type=\"button\" data-gtm-name=\"3\" data-gtm-label=\"3\">3<\/button><button class=\"select-btn select-btn-small select-btn-default gtm-purchase-option-value\" type=\"button\" data-gtm-name=\"4\" data-gtm-label=\"4\">4<\/button><\/div>\n<\/div>\n<div class=\"flex flex-col flex-wrap gap-100 md:flex-row md:items-center gtm-purchase-option\" data-gtm-name=\"surface_finish\" data-gtm-label=\"Surface finish\">\n<p><label class=\"flex gap-050 md:w-700 leading-none hyphens-auto print:w-full print:max-w-2\/5 text-label-small\">Surface finish<\/label><\/p>\n<div class=\"flex flex-1 flex-wrap gap-050\">\n<div class=\"dropdown-wrapper dropdown-wrapper-small w-full gtm-purchase-option-value gtm-purchase-option-value-dropdown\"><select class=\"form-dropdown form-input form-dropdown-small\"><option value=\"0\" data-gtm-name=\"Anodized aluminium colour paint\" data-gtm-label=\"Anodized aluminium colour paint\">Anodized aluminium colour paint<\/option><option value=\"1\" data-gtm-name=\"Signal white (RAL9003)\" data-gtm-label=\"Signal white (RAL9003)\">Signal white (RAL9003)<\/option><\/select><\/div>\n<\/div>\n<\/div>\n<\/div>\n<div class=\"gtm-sku-info flex flex-col gap-y-050 text-label-tiny text-neutral-600\">\n<div class=\"flex flex-wrap items-baseline gap-x-100 gap-y-025\"><span class=\"gtm-article-name\">KSV-1-B-C-AN<\/span><span class=\"whitespace-nowrap gtm-article-number text-base font-bold\">#60490<\/span><\/div>\n<\/div>\n","protected":false},"featured_media":38137,"template":"","meta":[],"product_brand":[],"product_cat":[1895,1925,1841],"product_tag":[],"class_list":{"0":"post-38160","1":"product","2":"type-product","3":"status-publish","4":"has-post-thumbnail","6":"product_cat-diffuseurs-diffuseurs-pour-la-ventilation","7":"product_cat-diffuseurs-lineaires","8":"product_cat-produits-de-distribution-dair","10":"first","11":"instock","12":"shipping-taxable","13":"product-type-simple"},"yoast_head":"<!-- This site is optimized with the Yoast SEO plugin v27.1.1 - https:\/\/yoast.com\/product\/yoast-seo-wordpress\/ -->\n<title>Diffuseurs lin\u00e9aires KSV-C Pi\u00e8ce d&#039;angle d\u00e9corative pour installation au plafond ou au mur - AirRent.ge<\/title>\n<meta name=\"robots\" content=\"index, follow, max-snippet:-1, max-image-preview:large, max-video-preview:-1\" \/>\n<link rel=\"canonical\" href=\"https:\/\/airrent.ge\/fr\/produit\/ksv-c-linear-diffusers-decorative-corner-piece-suitable-for-ceiling-or-wall-installations\/\" \/>\n<meta property=\"og:locale\" content=\"fr_FR\" \/>\n<meta property=\"og:type\" content=\"article\" \/>\n<meta property=\"og:title\" content=\"Diffuseurs lin\u00e9aires KSV-C Pi\u00e8ce d&#039;angle d\u00e9corative pour installation au plafond ou au mur - AirRent.ge\" \/>\n<meta property=\"og:description\" content=\"\u00c9l\u00e9ment architectural esth\u00e9tique     Number of slots 1234    Surface finish   Anodized aluminium colour paint Signal white (RAL9003)      KSV-1-B-C-AN#60490\" \/>\n<meta property=\"og:url\" content=\"https:\/\/airrent.ge\/fr\/produit\/ksv-c-linear-diffusers-decorative-corner-piece-suitable-for-ceiling-or-wall-installations\/\" \/>\n<meta property=\"og:site_name\" content=\"AirRent.ge\" \/>\n<meta property=\"article:modified_time\" content=\"2025-09-08T17:43:33+00:00\" \/>\n<meta property=\"og:image\" content=\"https:\/\/airrent.ge\/wp-content\/uploads\/2025\/09\/STORYBLOK_KSV-C_HQ.jpg\" \/>\n\t<meta property=\"og:image:width\" content=\"384\" \/>\n\t<meta property=\"og:image:height\" content=\"445\" \/>\n\t<meta property=\"og:image:type\" content=\"image\/jpeg\" \/>\n<meta name=\"twitter:card\" content=\"summary_large_image\" \/>\n<script type=\"application\/ld+json\" class=\"yoast-schema-graph\">{\"@context\":\"https:\/\/schema.org\",\"@graph\":[{\"@type\":\"WebPage\",\"@id\":\"https:\/\/airrent.ge\/fr\/produit\/ksv-c-linear-diffusers-decorative-corner-piece-suitable-for-ceiling-or-wall-installations\/\",\"url\":\"https:\/\/airrent.ge\/fr\/produit\/ksv-c-linear-diffusers-decorative-corner-piece-suitable-for-ceiling-or-wall-installations\/\",\"name\":\"Diffuseurs lin\u00e9aires KSV-C Pi\u00e8ce d'angle d\u00e9corative pour installation au plafond ou au mur - AirRent.ge\",\"isPartOf\":{\"@id\":\"https:\/\/airrent.ge\/#website\"},\"primaryImageOfPage\":{\"@id\":\"https:\/\/airrent.ge\/fr\/produit\/ksv-c-linear-diffusers-decorative-corner-piece-suitable-for-ceiling-or-wall-installations\/#primaryimage\"},\"image\":{\"@id\":\"https:\/\/airrent.ge\/fr\/produit\/ksv-c-linear-diffusers-decorative-corner-piece-suitable-for-ceiling-or-wall-installations\/#primaryimage\"},\"thumbnailUrl\":\"https:\/\/airrent.ge\/wp-content\/uploads\/2025\/09\/STORYBLOK_KSV-C_HQ.jpg\",\"datePublished\":\"2025-09-08T17:37:38+00:00\",\"dateModified\":\"2025-09-08T17:43:33+00:00\",\"breadcrumb\":{\"@id\":\"https:\/\/airrent.ge\/fr\/produit\/ksv-c-linear-diffusers-decorative-corner-piece-suitable-for-ceiling-or-wall-installations\/#breadcrumb\"},\"inLanguage\":\"fr-FR\",\"potentialAction\":[{\"@type\":\"ReadAction\",\"target\":[\"https:\/\/airrent.ge\/fr\/produit\/ksv-c-linear-diffusers-decorative-corner-piece-suitable-for-ceiling-or-wall-installations\/\"]}]},{\"@type\":\"ImageObject\",\"inLanguage\":\"fr-FR\",\"@id\":\"https:\/\/airrent.ge\/fr\/produit\/ksv-c-linear-diffusers-decorative-corner-piece-suitable-for-ceiling-or-wall-installations\/#primaryimage\",\"url\":\"https:\/\/airrent.ge\/wp-content\/uploads\/2025\/09\/STORYBLOK_KSV-C_HQ.jpg\",\"contentUrl\":\"https:\/\/airrent.ge\/wp-content\/uploads\/2025\/09\/STORYBLOK_KSV-C_HQ.jpg\",\"width\":384,\"height\":445},{\"@type\":\"BreadcrumbList\",\"@id\":\"https:\/\/airrent.ge\/fr\/produit\/ksv-c-linear-diffusers-decorative-corner-piece-suitable-for-ceiling-or-wall-installations\/#breadcrumb\",\"itemListElement\":[{\"@type\":\"ListItem\",\"position\":1,\"name\":\"Home\",\"item\":\"https:\/\/airrent.ge\/fr\/home\/\"},{\"@type\":\"ListItem\",\"position\":2,\"name\":\"Products\",\"item\":\"https:\/\/airrent.ge\/fr\/products\/\"},{\"@type\":\"ListItem\",\"position\":3,\"name\":\"Diffuseurs lin\u00e9aires KSV-C Pi\u00e8ce d&#8217;angle d\u00e9corative pour installation au plafond ou au mur\"}]},{\"@type\":\"WebSite\",\"@id\":\"https:\/\/airrent.ge\/#website\",\"url\":\"https:\/\/airrent.ge\/\",\"name\":\"airrent.ge\",\"description\":\"Rental Services\",\"publisher\":{\"@id\":\"https:\/\/airrent.ge\/#organization\"},\"potentialAction\":[{\"@type\":\"SearchAction\",\"target\":{\"@type\":\"EntryPoint\",\"urlTemplate\":\"https:\/\/airrent.ge\/?s={search_term_string}\"},\"query-input\":{\"@type\":\"PropertyValueSpecification\",\"valueRequired\":true,\"valueName\":\"search_term_string\"}}],\"inLanguage\":\"fr-FR\"},{\"@type\":\"Organization\",\"@id\":\"https:\/\/airrent.ge\/#organization\",\"name\":\"airrent.ge\",\"url\":\"https:\/\/airrent.ge\/\",\"logo\":{\"@type\":\"ImageObject\",\"inLanguage\":\"fr-FR\",\"@id\":\"https:\/\/airrent.ge\/#\/schema\/logo\/image\/\",\"url\":\"https:\/\/airrent.ge\/wp-content\/uploads\/2026\/03\/airrent.png\",\"contentUrl\":\"https:\/\/airrent.ge\/wp-content\/uploads\/2026\/03\/airrent.png\",\"width\":1536,\"height\":1024,\"caption\":\"airrent.ge\"},\"image\":{\"@id\":\"https:\/\/airrent.ge\/#\/schema\/logo\/image\/\"}}]}<\/script>\n<!-- \/ Yoast SEO plugin. -->","yoast_head_json":{"title":"Diffuseurs lin\u00e9aires KSV-C Pi\u00e8ce d'angle d\u00e9corative pour installation au plafond ou au mur - AirRent.ge","robots":{"index":"index","follow":"follow","max-snippet":"max-snippet:-1","max-image-preview":"max-image-preview:large","max-video-preview":"max-video-preview:-1"},"canonical":"https:\/\/airrent.ge\/fr\/produit\/ksv-c-linear-diffusers-decorative-corner-piece-suitable-for-ceiling-or-wall-installations\/","og_locale":"fr_FR","og_type":"article","og_title":"Diffuseurs lin\u00e9aires KSV-C Pi\u00e8ce d'angle d\u00e9corative pour installation au plafond ou au mur - AirRent.ge","og_description":"\u00c9l\u00e9ment architectural esth\u00e9tique     Number of slots 1234    Surface finish   Anodized aluminium colour paint Signal white (RAL9003)      KSV-1-B-C-AN#60490","og_url":"https:\/\/airrent.ge\/fr\/produit\/ksv-c-linear-diffusers-decorative-corner-piece-suitable-for-ceiling-or-wall-installations\/","og_site_name":"AirRent.ge","article_modified_time":"2025-09-08T17:43:33+00:00","og_image":[{"width":384,"height":445,"url":"https:\/\/airrent.ge\/wp-content\/uploads\/2025\/09\/STORYBLOK_KSV-C_HQ.jpg","type":"image\/jpeg"}],"twitter_card":"summary_large_image","schema":{"@context":"https:\/\/schema.org","@graph":[{"@type":"WebPage","@id":"https:\/\/airrent.ge\/fr\/produit\/ksv-c-linear-diffusers-decorative-corner-piece-suitable-for-ceiling-or-wall-installations\/","url":"https:\/\/airrent.ge\/fr\/produit\/ksv-c-linear-diffusers-decorative-corner-piece-suitable-for-ceiling-or-wall-installations\/","name":"Diffuseurs lin\u00e9aires KSV-C Pi\u00e8ce d'angle d\u00e9corative pour installation au plafond ou au mur - AirRent.ge","isPartOf":{"@id":"https:\/\/airrent.ge\/#website"},"primaryImageOfPage":{"@id":"https:\/\/airrent.ge\/fr\/produit\/ksv-c-linear-diffusers-decorative-corner-piece-suitable-for-ceiling-or-wall-installations\/#primaryimage"},"image":{"@id":"https:\/\/airrent.ge\/fr\/produit\/ksv-c-linear-diffusers-decorative-corner-piece-suitable-for-ceiling-or-wall-installations\/#primaryimage"},"thumbnailUrl":"https:\/\/airrent.ge\/wp-content\/uploads\/2025\/09\/STORYBLOK_KSV-C_HQ.jpg","datePublished":"2025-09-08T17:37:38+00:00","dateModified":"2025-09-08T17:43:33+00:00","breadcrumb":{"@id":"https:\/\/airrent.ge\/fr\/produit\/ksv-c-linear-diffusers-decorative-corner-piece-suitable-for-ceiling-or-wall-installations\/#breadcrumb"},"inLanguage":"fr-FR","potentialAction":[{"@type":"ReadAction","target":["https:\/\/airrent.ge\/fr\/produit\/ksv-c-linear-diffusers-decorative-corner-piece-suitable-for-ceiling-or-wall-installations\/"]}]},{"@type":"ImageObject","inLanguage":"fr-FR","@id":"https:\/\/airrent.ge\/fr\/produit\/ksv-c-linear-diffusers-decorative-corner-piece-suitable-for-ceiling-or-wall-installations\/#primaryimage","url":"https:\/\/airrent.ge\/wp-content\/uploads\/2025\/09\/STORYBLOK_KSV-C_HQ.jpg","contentUrl":"https:\/\/airrent.ge\/wp-content\/uploads\/2025\/09\/STORYBLOK_KSV-C_HQ.jpg","width":384,"height":445},{"@type":"BreadcrumbList","@id":"https:\/\/airrent.ge\/fr\/produit\/ksv-c-linear-diffusers-decorative-corner-piece-suitable-for-ceiling-or-wall-installations\/#breadcrumb","itemListElement":[{"@type":"ListItem","position":1,"name":"Home","item":"https:\/\/airrent.ge\/fr\/home\/"},{"@type":"ListItem","position":2,"name":"Products","item":"https:\/\/airrent.ge\/fr\/products\/"},{"@type":"ListItem","position":3,"name":"Diffuseurs lin\u00e9aires KSV-C Pi\u00e8ce d&#8217;angle d\u00e9corative pour installation au plafond ou au mur"}]},{"@type":"WebSite","@id":"https:\/\/airrent.ge\/#website","url":"https:\/\/airrent.ge\/","name":"airrent.ge","description":"Rental Services","publisher":{"@id":"https:\/\/airrent.ge\/#organization"},"potentialAction":[{"@type":"SearchAction","target":{"@type":"EntryPoint","urlTemplate":"https:\/\/airrent.ge\/?s={search_term_string}"},"query-input":{"@type":"PropertyValueSpecification","valueRequired":true,"valueName":"search_term_string"}}],"inLanguage":"fr-FR"},{"@type":"Organization","@id":"https:\/\/airrent.ge\/#organization","name":"airrent.ge","url":"https:\/\/airrent.ge\/","logo":{"@type":"ImageObject","inLanguage":"fr-FR","@id":"https:\/\/airrent.ge\/#\/schema\/logo\/image\/","url":"https:\/\/airrent.ge\/wp-content\/uploads\/2026\/03\/airrent.png","contentUrl":"https:\/\/airrent.ge\/wp-content\/uploads\/2026\/03\/airrent.png","width":1536,"height":1024,"caption":"airrent.ge"},"image":{"@id":"https:\/\/airrent.ge\/#\/schema\/logo\/image\/"}}]}},"_links":{"self":[{"href":"https:\/\/airrent.ge\/fr\/wp-json\/wp\/v2\/product\/38160","targetHints":{"allow":["GET"]}}],"collection":[{"href":"https:\/\/airrent.ge\/fr\/wp-json\/wp\/v2\/product"}],"about":[{"href":"https:\/\/airrent.ge\/fr\/wp-json\/wp\/v2\/types\/product"}],"wp:featuredmedia":[{"embeddable":true,"href":"https:\/\/airrent.ge\/fr\/wp-json\/wp\/v2\/media\/38137"}],"wp:attachment":[{"href":"https:\/\/airrent.ge\/fr\/wp-json\/wp\/v2\/media?parent=38160"}],"wp:term":[{"taxonomy":"product_brand","embeddable":true,"href":"https:\/\/airrent.ge\/fr\/wp-json\/wp\/v2\/product_brand?post=38160"},{"taxonomy":"product_cat","embeddable":true,"href":"https:\/\/airrent.ge\/fr\/wp-json\/wp\/v2\/product_cat?post=38160"},{"taxonomy":"product_tag","embeddable":true,"href":"https:\/\/airrent.ge\/fr\/wp-json\/wp\/v2\/product_tag?post=38160"}],"curies":[{"name":"wp","href":"https:\/\/api.w.org\/{rel}","templated":true}]}}