{"id":42444,"date":"2025-10-05T14:05:19","date_gmt":"2025-10-05T10:05:19","guid":{"rendered":"https:\/\/airsystems.ge\/shop\/product\/master-b-15-electric-fan-air-heaters-electric-fan-air-heaters\/"},"modified":"2025-10-05T14:15:38","modified_gmt":"2025-10-05T10:15:38","slug":"master-b-15-electric-fan-air-heaters-electric-fan-air-heaters","status":"publish","type":"product","link":"https:\/\/airrent.ge\/fr\/produit\/master-b-15-electric-fan-air-heaters-electric-fan-air-heaters\/","title":{"rendered":"Master B 15 \u2013 Radiateurs soufflants \u00e9lectriques Radiateurs soufflants \u00e9lectriques"},"content":{"rendered":"<section class=\"max-w-[1088px] mx-auto w-full px-5 my-10 md:my-12 lg:my-16 xl:my-20 xl:px-0\" data-block=\"bullet-list\">\n<div class=\"md:text-center\">\n<section class=\"max-w-[1088px] mx-auto w-full px-5 my-10 md:my-12 lg:my-16 xl:my-20 xl:px-0\" data-block=\"bullet-list\">\n<div class=\"md:text-center\">\n<h3 class=\"text-black font-bold text-lg md:text-xl lg:text-2xl\">Principales caract\u00e9ristiques<\/h3>\n<\/div>\n<div class=\"mt-6 md:mt-10\">\n<div class=\"flex flex-wrap\">\n<div class=\"w-full md:w-1\/2 auto-bullets md:pr-16\">\n<ul>\n<li class=\"text-sm md:text-base text-black mt-3 flex items-start\">\n<div class=\"pl-5\">\n<p>R\u00e9initialisation manuelle<br \/>\nThermostat d&rsquo;ambiance int\u00e9gr\u00e9<br \/>\nAucune consommation d&rsquo;oxyg\u00e8ne<br \/>\nSans fum\u00e9es, sans odeurs, sans humidit\u00e9<br \/>\nCommutateur \u00e9t\u00e9\/hiver pour la ventilation uniquement<br \/>\nSilencieux<br \/>\nMoteur avec protection thermique<br \/>\nThermostat de surchauffe<br \/>\nChaleur r\u00e9glable<\/p>\n<\/div>\n<\/li>\n<\/ul>\n<\/div>\n<\/div>\n<\/div>\n<\/section>\n<section class=\"max-w-[1088px] mx-auto w-full px-5 my-10 md:my-12 lg:my-16 xl:my-20 xl:px-0\" data-block=\"product-specifications\">\n<div class=\"md:text-center\">\n<h3 class=\"text-black font-bold text-lg md:text-xl lg:text-2xl\"><strong>Product specifications<\/strong><\/h3>\n<\/div>\n<div class=\" md:mt-10\">\n<div class=\"\">\n<div class=\"lg:mt-0 \">\n<div id=\"spec-b-15\" class=\"prose max-w-full md:overflow-auto\" data-spec-content=\"\">\n<div class=\"spreadsheet-container hidden md:block\">\n<table class=\"w-full table-fixed mb-0\">\n<thead>\n<tr>\n<th class=\"font-bold text-base\"><span class=\"block px-4\">Specifications<\/span><\/th>\n<th class=\"font-bold text-base text-center\"><span class=\"block px-10 md:px-20\">Units<\/span><\/th>\n<th class=\"font-bold text-base text-center will-change\"><span class=\"block px-4\">B\u00a015<\/span><\/th>\n<\/tr>\n<\/thead>\n<tbody>\n<tr class=\"bg-grey-200\/50 p-2\">\n<td colspan=\"1\"><span class=\"block px-4\">Heating power<\/span><\/td>\n<td class=\"text-center\">\n<div class=\"px-10 md:px-20 flex items-center justify-center\">kW<\/div>\n<\/td>\n<td class=\"text-center will-change\">\n<div class=\"px-10 md:px-20 flex items-center justify-center\">7.5\/15<\/div>\n<\/td>\n<\/tr>\n<tr class=\" p-2\">\n<td colspan=\"1\"><span class=\"block px-4\">Heating power<\/span><\/td>\n<td class=\"text-center\">\n<div class=\"px-10 md:px-20 flex items-center justify-center\">Btu\/h<\/div>\n<\/td>\n<td class=\"text-center will-change\">\n<div class=\"px-10 md:px-20 flex items-center justify-center\">25,600-51,200<\/div>\n<\/td>\n<\/tr>\n<tr class=\"bg-grey-200\/50 p-2\">\n<td colspan=\"1\"><span class=\"block px-4\">Heating power<\/span><\/td>\n<td class=\"text-center\">\n<div class=\"px-10 md:px-20 flex items-center justify-center\">kcal\/h<\/div>\n<\/td>\n<td class=\"text-center will-change\">\n<div class=\"px-10 md:px-20 flex items-center justify-center\">6,450-12,900<\/div>\n<\/td>\n<\/tr>\n<tr class=\" p-2\">\n<td colspan=\"1\"><span class=\"block px-4\">Air flow<\/span><\/td>\n<td class=\"text-center\">\n<div class=\"px-10 md:px-20 flex items-center justify-center\">m\u00b3\/h<\/div>\n<\/td>\n<td class=\"text-center will-change\">\n<div class=\"px-10 md:px-20 flex items-center justify-center\">1,700<\/div>\n<\/td>\n<\/tr>\n<tr class=\"bg-grey-200\/50 p-2\">\n<td colspan=\"1\"><span class=\"block px-4\">Power supply<\/span><\/td>\n<td class=\"text-center\">\n<div class=\"px-10 md:px-20 flex items-center justify-center\">V\/Hz<\/div>\n<\/td>\n<td class=\"text-center will-change\">\n<div class=\"px-10 md:px-20 flex items-center justify-center\">400\/3ph\/50<\/div>\n<\/td>\n<\/tr>\n<tr class=\" p-2\">\n<td colspan=\"1\"><span class=\"block px-4\">Plug (male) from heater side<\/span><\/td>\n<td class=\"text-center\">\n<div class=\"px-10 md:px-20 flex items-center justify-center\"><\/div>\n<\/td>\n<td class=\"text-center will-change\">\n<div class=\"px-10 md:px-20 flex items-center justify-center\">32A\/5P<\/div>\n<\/td>\n<\/tr>\n<tr class=\"bg-grey-200\/50 p-2\">\n<td colspan=\"1\"><span class=\"block px-4\">Rated current<\/span><\/td>\n<td class=\"text-center\">\n<div class=\"px-10 md:px-20 flex items-center justify-center\">A<\/div>\n<\/td>\n<td class=\"text-center will-change\">\n<div class=\"px-10 md:px-20 flex items-center justify-center\">22<\/div>\n<\/td>\n<\/tr>\n<tr class=\" p-2\">\n<td colspan=\"1\"><span class=\"block px-4\">Switch pos. 1<\/span><\/td>\n<td class=\"text-center\">\n<div class=\"px-10 md:px-20 flex items-center justify-center\"><\/div>\n<\/td>\n<td class=\"text-center will-change\">\n<div class=\"px-10 md:px-20 flex items-center justify-center\">Off<\/div>\n<\/td>\n<\/tr>\n<tr class=\"bg-grey-200\/50 p-2\">\n<td colspan=\"1\"><span class=\"block px-4\">Switch pos. 2<\/span><\/td>\n<td class=\"text-center\">\n<div class=\"px-10 md:px-20 flex items-center justify-center\"><\/div>\n<\/td>\n<td class=\"text-center will-change\">\n<div class=\"px-10 md:px-20 flex items-center justify-center\">Fan<\/div>\n<\/td>\n<\/tr>\n<tr class=\" p-2\">\n<td colspan=\"1\"><span class=\"block px-4\">Switch pos. 3\/4<\/span><\/td>\n<td class=\"text-center\">\n<div class=\"px-10 md:px-20 flex items-center justify-center\">kW<\/div>\n<\/td>\n<td class=\"text-center will-change\">\n<div class=\"px-10 md:px-20 flex items-center justify-center\">7.5\/15<\/div>\n<\/td>\n<\/tr>\n<tr class=\"bg-grey-200\/50 p-2\">\n<td colspan=\"1\"><span class=\"block px-4\">Thermostat control<\/span><\/td>\n<td class=\"text-center\">\n<div class=\"px-10 md:px-20 flex items-center justify-center\"><\/div>\n<\/td>\n<td class=\"text-center will-change\">\n<div class=\"px-10 md:px-20 flex items-center justify-center\">Included<\/div>\n<\/td>\n<\/tr>\n<tr class=\" p-2\">\n<td colspan=\"1\"><span class=\"block px-4\">Temperature range<\/span><\/td>\n<td class=\"text-center\">\n<div class=\"px-10 md:px-20 flex items-center justify-center\">\u00b0C<\/div>\n<\/td>\n<td class=\"text-center will-change\">\n<div class=\"px-10 md:px-20 flex items-center justify-center\">5-35<\/div>\n<\/td>\n<\/tr>\n<tr class=\"bg-grey-200\/50 p-2\">\n<td colspan=\"1\"><span class=\"block px-4\">Protection class<\/span><\/td>\n<td class=\"text-center\">\n<div class=\"px-10 md:px-20 flex items-center justify-center\"><\/div>\n<\/td>\n<td class=\"text-center will-change\">\n<div class=\"px-10 md:px-20 flex items-center justify-center\">IP24<\/div>\n<\/td>\n<\/tr>\n<tr class=\" p-2\">\n<td colspan=\"1\"><span class=\"block px-4\">Product size (l x w x h)<\/span><\/td>\n<td class=\"text-center\">\n<div class=\"px-10 md:px-20 flex items-center justify-center\">mm<\/div>\n<\/td>\n<td class=\"text-center will-change\">\n<div class=\"px-10 md:px-20 flex items-center justify-center\">350 x 470 x 490<\/div>\n<\/td>\n<\/tr>\n<tr class=\"bg-grey-200\/50 p-2\">\n<td colspan=\"1\"><span class=\"block px-4\">Box size (l x w x h)<\/span><\/td>\n<td class=\"text-center\">\n<div class=\"px-10 md:px-20 flex items-center justify-center\">mm<\/div>\n<\/td>\n<td class=\"text-center will-change\">\n<div class=\"px-10 md:px-20 flex items-center justify-center\">370 x 480 x 530<\/div>\n<\/td>\n<\/tr>\n<tr class=\" p-2\">\n<td colspan=\"1\"><span class=\"block px-4\">Net\/gross weight<\/span><\/td>\n<td class=\"text-center\">\n<div class=\"px-10 md:px-20 flex items-center justify-center\">kg<\/div>\n<\/td>\n<td class=\"text-center will-change\">\n<div class=\"px-10 md:px-20 flex items-center justify-center\">15\/15.9<\/div>\n<\/td>\n<\/tr>\n<tr class=\"bg-grey-200\/50 p-2\">\n<td colspan=\"1\"><span class=\"block px-4\">Pallet<\/span><\/td>\n<td class=\"text-center\">\n<div class=\"px-10 md:px-20 flex items-center justify-center\">pcs<\/div>\n<\/td>\n<td class=\"text-center will-change\">\n<div class=\"px-10 md:px-20 flex items-center justify-center\">12<\/div>\n<\/td>\n<\/tr>\n<\/tbody>\n<\/table>\n<\/div>\n<\/div>\n<\/div>\n<\/div>\n<\/div>\n<\/section>\n<section class=\"max-w-[1088px] mx-auto w-full px-5 my-10 md:my-12 lg:my-16 xl:my-20 xl:px-0\" data-block=\"link-list\">\n<div class=\"max-w-[1088px] mx-auto\">\n<div class=\"md:text-center\">\n<h3 class=\"text-black font-bold text-lg md:text-xl lg:text-2xl\">Convient pour\u00a0:<\/h3>\n<\/div>\n<div class=\"mt-6 max-w-4xl mx-auto\">\n<div class=\"flex flex-wrap md:ml-20\">\n<div class=\"w-full md:w-1\/2 auto-bullets md:pr-16\">\n<ul>\n<li class=\"flex items-center gap-5 text-sm text-black mt-3 md:text-base lg:text-lg\">Agriculture<br \/>\nAutomobile<br \/>\nCamps et h\u00f4pitaux de campagne<br \/>\nB\u00e2timents commerciaux<br \/>\nConstruction<br \/>\nCentres de donn\u00e9es et t\u00e9l\u00e9communications<br \/>\nServices d&rsquo;urgence<br \/>\n\u00c9v\u00e9nements et festivals<br \/>\nIndustrie, usines et production<br \/>\nMilitaire et a\u00e9rospatiale<br \/>\nSoci\u00e9t\u00e9s de location<br \/>\nTransport et logistique<br \/>\nEntrep\u00f4ts et stockage<\/li>\n<\/ul>\n<\/div>\n<\/div>\n<\/div>\n<\/div>\n<\/section>\n<\/div>\n<\/section>\n<section class=\"max-w-[1088px] mx-auto w-full px-5 my-10 md:my-12 lg:my-16 xl:my-20 xl:px-0\" data-block=\"link-list\">\n<div class=\"max-w-[1088px] mx-auto\">\n<div class=\"mt-6 max-w-4xl mx-auto\">\n<div class=\"flex flex-wrap md:ml-20\">\n<div class=\"w-full md:w-1\/2 auto-bullets \">\n<div class=\"mt-1.5 md:mt-0 w-6 md:w-10\"><a href=\"https:\/\/www.danthermgroup.com\/downloads\/master-b-2-22-manual\" target=\"_blank\" rel=\"nofollow noindex noopener\"><img decoding=\"async\" class=\"lazyload h-8 md:h-14 w-auto object-contain\" src=\"https:\/\/dantherm-group-cdn.s3.amazonaws.com\/media\/icons\/download-manual.svg\" alt=\"Download manual\" height=\"56\" \/><\/a><\/div>\n<div class=\"flex-1 pl-4 md:px-8\">\n<h2 class=\"font-bold text-sm md:text-lg\"><a class=\"underline underline-offset-2 decoration-transparent transition duration-300 ease-linear hover:decoration-black\" href=\"https:\/\/www.danthermgroup.com\/downloads\/master-b-2-22-manual\" target=\"_blank\" rel=\"nofollow noindex noopener\">Master B 2-22 user manual<\/a><\/h2>\n<div class=\"prose text-grey-500 text-sm\">Manuals<\/div>\n<\/div>\n<\/div>\n<\/div>\n<\/div>\n<\/div>\n<\/section>\n","protected":false},"excerpt":{"rendered":"<div class=\"prose md:prose-sm lg:prose-base prose-a:text-current prose-a:transition prose-a:ease-linear prose-a:duration-300\">\n<p>Les radiateurs soufflants \u00e9lectriques sont des appareils tr\u00e8s efficaces, largement utilis\u00e9s dans de nombreuses applications. Ils assurent un chauffage propre, rapide et s\u00fbr. Faciles \u00e0 utiliser et enti\u00e8rement portables, ils sont parfaits pour un chauffage temporaire ou d&rsquo;urgence. Les radiateurs \u00e9lectriques Master utilisent exclusivement des composants certifi\u00e9s de haute qualit\u00e9, garantissant ainsi leur fiabilit\u00e9 et leur efficacit\u00e9.<\/p>\n<p>D\u00e9couvrez tous nos radiateurs soufflants \u00e9lectriques ou parcourez notre gamme compl\u00e8te de radiateurs \u00e9lectriques et autres appareils de chauffage commerciaux et industriels, adapt\u00e9s \u00e0 de multiples applications et environnements.<\/p>\n<\/div>\n","protected":false},"featured_media":42396,"template":"","meta":[],"product_brand":[],"product_cat":[1986],"product_tag":[],"class_list":{"0":"post-42444","1":"product","2":"type-product","3":"status-publish","4":"has-post-thumbnail","6":"product_cat-chauffage-calorifer","8":"first","9":"instock","10":"shipping-taxable","11":"purchasable","12":"product-type-simple"},"yoast_head":"<!-- This site is optimized with the Yoast SEO plugin v27.1.1 - https:\/\/yoast.com\/product\/yoast-seo-wordpress\/ -->\n<title>Master B 15 \u2013 Radiateurs soufflants \u00e9lectriques Radiateurs soufflants \u00e9lectriques - AirRent.ge<\/title>\n<meta name=\"robots\" content=\"index, follow, max-snippet:-1, max-image-preview:large, max-video-preview:-1\" \/>\n<link rel=\"canonical\" href=\"https:\/\/airrent.ge\/fr\/produit\/master-b-15-electric-fan-air-heaters-electric-fan-air-heaters\/\" \/>\n<meta property=\"og:locale\" content=\"fr_FR\" \/>\n<meta property=\"og:type\" content=\"article\" \/>\n<meta property=\"og:title\" content=\"Master B 15 \u2013 Radiateurs soufflants \u00e9lectriques Radiateurs soufflants \u00e9lectriques - AirRent.ge\" \/>\n<meta property=\"og:description\" content=\"Les radiateurs soufflants \u00e9lectriques sont des appareils tr\u00e8s efficaces, largement utilis\u00e9s dans de nombreuses applications. Ils assurent un chauffage propre, rapide et s\u00fbr. Faciles \u00e0 utiliser et enti\u00e8rement portables, ils sont parfaits pour un chauffage temporaire ou d&#039;urgence. Les radiateurs \u00e9lectriques Master utilisent exclusivement des composants certifi\u00e9s de haute qualit\u00e9, garantissant ainsi leur fiabilit\u00e9 et leur efficacit\u00e9.  D\u00e9couvrez tous nos radiateurs soufflants \u00e9lectriques ou parcourez notre gamme compl\u00e8te de radiateurs \u00e9lectriques et autres appareils de chauffage commerciaux et industriels, adapt\u00e9s \u00e0 de multiples applications et environnements.\" \/>\n<meta property=\"og:url\" content=\"https:\/\/airrent.ge\/fr\/produit\/master-b-15-electric-fan-air-heaters-electric-fan-air-heaters\/\" \/>\n<meta property=\"og:site_name\" content=\"AirRent.ge\" \/>\n<meta property=\"article:modified_time\" content=\"2025-10-05T10:15:38+00:00\" \/>\n<meta property=\"og:image\" content=\"https:\/\/airrent.ge\/wp-content\/uploads\/2025\/10\/Master-B-15IT-main-left-web.jpg\" \/>\n\t<meta property=\"og:image:width\" content=\"1000\" \/>\n\t<meta property=\"og:image:height\" content=\"1000\" \/>\n\t<meta property=\"og:image:type\" content=\"image\/jpeg\" \/>\n<meta name=\"twitter:card\" content=\"summary_large_image\" \/>\n<meta name=\"twitter:label1\" content=\"Dur\u00e9e de lecture estim\u00e9e\" \/>\n\t<meta name=\"twitter:data1\" content=\"1 minute\" \/>\n<script type=\"application\/ld+json\" class=\"yoast-schema-graph\">{\"@context\":\"https:\/\/schema.org\",\"@graph\":[{\"@type\":\"WebPage\",\"@id\":\"https:\/\/airrent.ge\/fr\/produit\/master-b-15-electric-fan-air-heaters-electric-fan-air-heaters\/\",\"url\":\"https:\/\/airrent.ge\/fr\/produit\/master-b-15-electric-fan-air-heaters-electric-fan-air-heaters\/\",\"name\":\"Master B 15 \u2013 Radiateurs soufflants \u00e9lectriques Radiateurs soufflants \u00e9lectriques - AirRent.ge\",\"isPartOf\":{\"@id\":\"https:\/\/airrent.ge\/#website\"},\"primaryImageOfPage\":{\"@id\":\"https:\/\/airrent.ge\/fr\/produit\/master-b-15-electric-fan-air-heaters-electric-fan-air-heaters\/#primaryimage\"},\"image\":{\"@id\":\"https:\/\/airrent.ge\/fr\/produit\/master-b-15-electric-fan-air-heaters-electric-fan-air-heaters\/#primaryimage\"},\"thumbnailUrl\":\"https:\/\/airrent.ge\/wp-content\/uploads\/2025\/10\/Master-B-15IT-main-left-web.jpg\",\"datePublished\":\"2025-10-05T10:05:19+00:00\",\"dateModified\":\"2025-10-05T10:15:38+00:00\",\"breadcrumb\":{\"@id\":\"https:\/\/airrent.ge\/fr\/produit\/master-b-15-electric-fan-air-heaters-electric-fan-air-heaters\/#breadcrumb\"},\"inLanguage\":\"fr-FR\",\"potentialAction\":[{\"@type\":\"ReadAction\",\"target\":[\"https:\/\/airrent.ge\/fr\/produit\/master-b-15-electric-fan-air-heaters-electric-fan-air-heaters\/\"]}]},{\"@type\":\"ImageObject\",\"inLanguage\":\"fr-FR\",\"@id\":\"https:\/\/airrent.ge\/fr\/produit\/master-b-15-electric-fan-air-heaters-electric-fan-air-heaters\/#primaryimage\",\"url\":\"https:\/\/airrent.ge\/wp-content\/uploads\/2025\/10\/Master-B-15IT-main-left-web.jpg\",\"contentUrl\":\"https:\/\/airrent.ge\/wp-content\/uploads\/2025\/10\/Master-B-15IT-main-left-web.jpg\",\"width\":1000,\"height\":1000},{\"@type\":\"BreadcrumbList\",\"@id\":\"https:\/\/airrent.ge\/fr\/produit\/master-b-15-electric-fan-air-heaters-electric-fan-air-heaters\/#breadcrumb\",\"itemListElement\":[{\"@type\":\"ListItem\",\"position\":1,\"name\":\"Home\",\"item\":\"https:\/\/airrent.ge\/fr\/home\/\"},{\"@type\":\"ListItem\",\"position\":2,\"name\":\"Products\",\"item\":\"https:\/\/airrent.ge\/fr\/products\/\"},{\"@type\":\"ListItem\",\"position\":3,\"name\":\"Master B 15 \u2013 Radiateurs soufflants \u00e9lectriques Radiateurs soufflants \u00e9lectriques\"}]},{\"@type\":\"WebSite\",\"@id\":\"https:\/\/airrent.ge\/#website\",\"url\":\"https:\/\/airrent.ge\/\",\"name\":\"airrent.ge\",\"description\":\"Rental Services\",\"publisher\":{\"@id\":\"https:\/\/airrent.ge\/#organization\"},\"potentialAction\":[{\"@type\":\"SearchAction\",\"target\":{\"@type\":\"EntryPoint\",\"urlTemplate\":\"https:\/\/airrent.ge\/?s={search_term_string}\"},\"query-input\":{\"@type\":\"PropertyValueSpecification\",\"valueRequired\":true,\"valueName\":\"search_term_string\"}}],\"inLanguage\":\"fr-FR\"},{\"@type\":\"Organization\",\"@id\":\"https:\/\/airrent.ge\/#organization\",\"name\":\"airrent.ge\",\"url\":\"https:\/\/airrent.ge\/\",\"logo\":{\"@type\":\"ImageObject\",\"inLanguage\":\"fr-FR\",\"@id\":\"https:\/\/airrent.ge\/#\/schema\/logo\/image\/\",\"url\":\"https:\/\/airrent.ge\/wp-content\/uploads\/2026\/03\/airrent.png\",\"contentUrl\":\"https:\/\/airrent.ge\/wp-content\/uploads\/2026\/03\/airrent.png\",\"width\":1536,\"height\":1024,\"caption\":\"airrent.ge\"},\"image\":{\"@id\":\"https:\/\/airrent.ge\/#\/schema\/logo\/image\/\"}}]}<\/script>\n<!-- \/ Yoast SEO plugin. -->","yoast_head_json":{"title":"Master B 15 \u2013 Radiateurs soufflants \u00e9lectriques Radiateurs soufflants \u00e9lectriques - AirRent.ge","robots":{"index":"index","follow":"follow","max-snippet":"max-snippet:-1","max-image-preview":"max-image-preview:large","max-video-preview":"max-video-preview:-1"},"canonical":"https:\/\/airrent.ge\/fr\/produit\/master-b-15-electric-fan-air-heaters-electric-fan-air-heaters\/","og_locale":"fr_FR","og_type":"article","og_title":"Master B 15 \u2013 Radiateurs soufflants \u00e9lectriques Radiateurs soufflants \u00e9lectriques - AirRent.ge","og_description":"Les radiateurs soufflants \u00e9lectriques sont des appareils tr\u00e8s efficaces, largement utilis\u00e9s dans de nombreuses applications. Ils assurent un chauffage propre, rapide et s\u00fbr. Faciles \u00e0 utiliser et enti\u00e8rement portables, ils sont parfaits pour un chauffage temporaire ou d'urgence. Les radiateurs \u00e9lectriques Master utilisent exclusivement des composants certifi\u00e9s de haute qualit\u00e9, garantissant ainsi leur fiabilit\u00e9 et leur efficacit\u00e9.  D\u00e9couvrez tous nos radiateurs soufflants \u00e9lectriques ou parcourez notre gamme compl\u00e8te de radiateurs \u00e9lectriques et autres appareils de chauffage commerciaux et industriels, adapt\u00e9s \u00e0 de multiples applications et environnements.","og_url":"https:\/\/airrent.ge\/fr\/produit\/master-b-15-electric-fan-air-heaters-electric-fan-air-heaters\/","og_site_name":"AirRent.ge","article_modified_time":"2025-10-05T10:15:38+00:00","og_image":[{"width":1000,"height":1000,"url":"https:\/\/airrent.ge\/wp-content\/uploads\/2025\/10\/Master-B-15IT-main-left-web.jpg","type":"image\/jpeg"}],"twitter_card":"summary_large_image","twitter_misc":{"Dur\u00e9e de lecture estim\u00e9e":"1 minute"},"schema":{"@context":"https:\/\/schema.org","@graph":[{"@type":"WebPage","@id":"https:\/\/airrent.ge\/fr\/produit\/master-b-15-electric-fan-air-heaters-electric-fan-air-heaters\/","url":"https:\/\/airrent.ge\/fr\/produit\/master-b-15-electric-fan-air-heaters-electric-fan-air-heaters\/","name":"Master B 15 \u2013 Radiateurs soufflants \u00e9lectriques Radiateurs soufflants \u00e9lectriques - AirRent.ge","isPartOf":{"@id":"https:\/\/airrent.ge\/#website"},"primaryImageOfPage":{"@id":"https:\/\/airrent.ge\/fr\/produit\/master-b-15-electric-fan-air-heaters-electric-fan-air-heaters\/#primaryimage"},"image":{"@id":"https:\/\/airrent.ge\/fr\/produit\/master-b-15-electric-fan-air-heaters-electric-fan-air-heaters\/#primaryimage"},"thumbnailUrl":"https:\/\/airrent.ge\/wp-content\/uploads\/2025\/10\/Master-B-15IT-main-left-web.jpg","datePublished":"2025-10-05T10:05:19+00:00","dateModified":"2025-10-05T10:15:38+00:00","breadcrumb":{"@id":"https:\/\/airrent.ge\/fr\/produit\/master-b-15-electric-fan-air-heaters-electric-fan-air-heaters\/#breadcrumb"},"inLanguage":"fr-FR","potentialAction":[{"@type":"ReadAction","target":["https:\/\/airrent.ge\/fr\/produit\/master-b-15-electric-fan-air-heaters-electric-fan-air-heaters\/"]}]},{"@type":"ImageObject","inLanguage":"fr-FR","@id":"https:\/\/airrent.ge\/fr\/produit\/master-b-15-electric-fan-air-heaters-electric-fan-air-heaters\/#primaryimage","url":"https:\/\/airrent.ge\/wp-content\/uploads\/2025\/10\/Master-B-15IT-main-left-web.jpg","contentUrl":"https:\/\/airrent.ge\/wp-content\/uploads\/2025\/10\/Master-B-15IT-main-left-web.jpg","width":1000,"height":1000},{"@type":"BreadcrumbList","@id":"https:\/\/airrent.ge\/fr\/produit\/master-b-15-electric-fan-air-heaters-electric-fan-air-heaters\/#breadcrumb","itemListElement":[{"@type":"ListItem","position":1,"name":"Home","item":"https:\/\/airrent.ge\/fr\/home\/"},{"@type":"ListItem","position":2,"name":"Products","item":"https:\/\/airrent.ge\/fr\/products\/"},{"@type":"ListItem","position":3,"name":"Master B 15 \u2013 Radiateurs soufflants \u00e9lectriques Radiateurs soufflants \u00e9lectriques"}]},{"@type":"WebSite","@id":"https:\/\/airrent.ge\/#website","url":"https:\/\/airrent.ge\/","name":"airrent.ge","description":"Rental Services","publisher":{"@id":"https:\/\/airrent.ge\/#organization"},"potentialAction":[{"@type":"SearchAction","target":{"@type":"EntryPoint","urlTemplate":"https:\/\/airrent.ge\/?s={search_term_string}"},"query-input":{"@type":"PropertyValueSpecification","valueRequired":true,"valueName":"search_term_string"}}],"inLanguage":"fr-FR"},{"@type":"Organization","@id":"https:\/\/airrent.ge\/#organization","name":"airrent.ge","url":"https:\/\/airrent.ge\/","logo":{"@type":"ImageObject","inLanguage":"fr-FR","@id":"https:\/\/airrent.ge\/#\/schema\/logo\/image\/","url":"https:\/\/airrent.ge\/wp-content\/uploads\/2026\/03\/airrent.png","contentUrl":"https:\/\/airrent.ge\/wp-content\/uploads\/2026\/03\/airrent.png","width":1536,"height":1024,"caption":"airrent.ge"},"image":{"@id":"https:\/\/airrent.ge\/#\/schema\/logo\/image\/"}}]}},"_links":{"self":[{"href":"https:\/\/airrent.ge\/fr\/wp-json\/wp\/v2\/product\/42444","targetHints":{"allow":["GET"]}}],"collection":[{"href":"https:\/\/airrent.ge\/fr\/wp-json\/wp\/v2\/product"}],"about":[{"href":"https:\/\/airrent.ge\/fr\/wp-json\/wp\/v2\/types\/product"}],"wp:featuredmedia":[{"embeddable":true,"href":"https:\/\/airrent.ge\/fr\/wp-json\/wp\/v2\/media\/42396"}],"wp:attachment":[{"href":"https:\/\/airrent.ge\/fr\/wp-json\/wp\/v2\/media?parent=42444"}],"wp:term":[{"taxonomy":"product_brand","embeddable":true,"href":"https:\/\/airrent.ge\/fr\/wp-json\/wp\/v2\/product_brand?post=42444"},{"taxonomy":"product_cat","embeddable":true,"href":"https:\/\/airrent.ge\/fr\/wp-json\/wp\/v2\/product_cat?post=42444"},{"taxonomy":"product_tag","embeddable":true,"href":"https:\/\/airrent.ge\/fr\/wp-json\/wp\/v2\/product_tag?post=42444"}],"curies":[{"name":"wp","href":"https:\/\/api.w.org\/{rel}","templated":true}]}}