{"id":42732,"date":"2025-10-14T18:30:41","date_gmt":"2025-10-14T14:30:41","guid":{"rendered":"https:\/\/airsystems.ge\/shop\/product\/vrf-system-outdoor-unit-vertical-discharge-v8-master-series-25-2-90-kw-mv8-wv2rn1ema-mv8-252wv2rn1ema-mv8-280wv2rn1ema-mv8-335wv2rn1ema-mv8-400wv2rn1ema-mv8-450wv2rn1ema-mv8-500wv2rn\/"},"modified":"2025-10-14T18:33:40","modified_gmt":"2025-10-14T14:33:40","slug":"vrf-system-outdoor-unit-vertical-discharge-v8-master-series-25-2-90-kw-mv8-wv2rn1ema-mv8-252wv2rn1ema-mv8-280wv2rn1ema-mv8-335wv2rn1ema-mv8-400wv2rn1ema-mv8-450wv2rn1ema-mv8-500wv2rn","status":"publish","type":"product","link":"https:\/\/airrent.ge\/fr\/produit\/vrf-system-outdoor-unit-vertical-discharge-v8-master-series-25-2-90-kw-mv8-wv2rn1ema-mv8-252wv2rn1ema-mv8-280wv2rn1ema-mv8-335wv2rn1ema-mv8-400wv2rn1ema-mv8-450wv2rn1ema-mv8-500wv2rn\/","title":{"rendered":"Unit\u00e9 ext\u00e9rieure VRF \u00e0 d\u00e9charge verticale, s\u00e9rie V8 Master 25,2 &#8211; 90 kW MV8-***WV2RN1E(MA)  MV8-252WV2RN1E(MA) MV8-280WV2RN1E(MA) MV8-335WV2RN1E(MA) MV8-400WV2RN1E(MA) MV8-450WV2RN1E(MA) MV8-500WV2RN1E(MA) MV8-560WV2RN1E(MA) MV8-615WV2RN1E(MA) MV8-670WV2RN1E(MA) MV8-730WV2RN1E(MA) MV8-785WV2RN1E(MA) MV8-850WV2RN1E(MA) MV8-900WV2RN1E(MA)"},"content":{"rendered":"","protected":false},"excerpt":{"rendered":"<h1>S\u00e9rie V8 Master<\/h1>\n<p>Produit Sp\u00e9cifications<\/p>\n<p>Unit\u00e9 ext\u00e9rieure du syst\u00e8me DRV\u00a0: conception modulaire, possibilit\u00e9 de connecter 3 unit\u00e9s ext\u00e9rieures<\/p>\n<p>Conception modulaire\u00a0: possibilit\u00e9 de connecter 3 unit\u00e9s ext\u00e9rieures<br \/>\nOnduleur CC continu<br \/>\nEfficacit\u00e9 \u00e9nerg\u00e9tique saisonni\u00e8re exceptionnelle<br \/>\nLarge plage de puissance\u00a0: jusqu\u2019\u00e0 90\u00a0kW<br \/>\nLarge rapport de combinaison\u00a0: 50-200\u00a0%<br \/>\nCompresseur \u00e0 injection de vapeur am\u00e9lior\u00e9e (EVI)<br \/>\nShieldBox\u00a0: garantit la fiabilit\u00e9 du syst\u00e8me dans des conditions climatiques extr\u00eames.<br \/>\nMETA\u00a02\u00a0: efficacit\u00e9 am\u00e9lior\u00e9e, contr\u00f4le de la d\u00e9shumidification<br \/>\nHyperlink\u00a0: r\u00e9duit le temps et les co\u00fbts d\u2019installation<br \/>\nVaste plage de fonctionnement\u00a0: hiver\u00a0: -30\u00a0\u00b0C, \u00e9t\u00e9\u00a0: 55\u00a0\u00b0C<br \/>\nQuadruple fonction de secours\u00a0: fonctionnement continu en cas de panne<br \/>\nDouble cycle de service\u00a0: dur\u00e9e de vie prolong\u00e9e du syst\u00e8me<br \/>\nDoctor M\u00a02.0\u00a0: outil de maintenance intelligent<br \/>\nSuper Sense\u00a0: surveillance avanc\u00e9e du r\u00e9frig\u00e9rant<br \/>\nZen air\u00a02.0\u00a0: gestion multifonctionnelle du flux d\u2019air<br \/>\nMode silencieux avanc\u00e9 \u00e0 15\u00a0niveaux<br \/>\nFonction de d\u00e9poussi\u00e9rage automatique<\/p>\n","protected":false},"featured_media":42709,"template":"","meta":[],"product_brand":[],"product_cat":[1992],"product_tag":[],"class_list":{"0":"post-42732","1":"product","2":"type-product","3":"status-publish","4":"has-post-thumbnail","6":"product_cat-systeme-vrf","8":"first","9":"instock","10":"shipping-taxable","11":"product-type-simple"},"yoast_head":"<!-- This site is optimized with the Yoast SEO plugin v27.1.1 - https:\/\/yoast.com\/product\/yoast-seo-wordpress\/ -->\n<title>Unit\u00e9 ext\u00e9rieure VRF \u00e0 d\u00e9charge verticale, s\u00e9rie V8 Master 25,2 - 90 kW MV8-***WV2RN1E(MA) MV8-252WV2RN1E(MA) MV8-280WV2RN1E(MA) MV8-335WV2RN1E(MA) MV8-400WV2RN1E(MA) MV8-450WV2RN1E(MA) MV8-500WV2RN1E(MA) MV8-560WV2RN1E(MA) MV8-615WV2RN1E(MA) MV8-670WV2RN1E(MA) MV8-730WV2RN1E(MA) MV8-785WV2RN1E(MA) MV8-850WV2RN1E(MA) MV8-900WV2RN1E(MA) - AirRent.ge<\/title>\n<meta name=\"robots\" content=\"index, follow, max-snippet:-1, max-image-preview:large, max-video-preview:-1\" \/>\n<link rel=\"canonical\" href=\"https:\/\/airrent.ge\/fr\/produit\/vrf-system-outdoor-unit-vertical-discharge-v8-master-series-25-2-90-kw-mv8-wv2rn1ema-mv8-252wv2rn1ema-mv8-280wv2rn1ema-mv8-335wv2rn1ema-mv8-400wv2rn1ema-mv8-450wv2rn1ema-mv8-500wv2rn\/\" \/>\n<meta property=\"og:locale\" content=\"fr_FR\" \/>\n<meta property=\"og:type\" content=\"article\" \/>\n<meta property=\"og:title\" content=\"Unit\u00e9 ext\u00e9rieure VRF \u00e0 d\u00e9charge verticale, s\u00e9rie V8 Master 25,2 - 90 kW MV8-***WV2RN1E(MA) MV8-252WV2RN1E(MA) MV8-280WV2RN1E(MA) MV8-335WV2RN1E(MA) MV8-400WV2RN1E(MA) MV8-450WV2RN1E(MA) MV8-500WV2RN1E(MA) MV8-560WV2RN1E(MA) MV8-615WV2RN1E(MA) MV8-670WV2RN1E(MA) MV8-730WV2RN1E(MA) MV8-785WV2RN1E(MA) MV8-850WV2RN1E(MA) MV8-900WV2RN1E(MA) - AirRent.ge\" \/>\n<meta property=\"og:description\" content=\"S\u00e9rie V8 Master Produit Sp\u00e9cifications  Unit\u00e9 ext\u00e9rieure du syst\u00e8me DRV\u00a0: conception modulaire, possibilit\u00e9 de connecter 3 unit\u00e9s ext\u00e9rieures  Conception modulaire\u00a0: possibilit\u00e9 de connecter 3 unit\u00e9s ext\u00e9rieures Onduleur CC continu Efficacit\u00e9 \u00e9nerg\u00e9tique saisonni\u00e8re exceptionnelle Large plage de puissance\u00a0: jusqu\u2019\u00e0 90\u00a0kW Large rapport de combinaison\u00a0: 50-200\u00a0% Compresseur \u00e0 injection de vapeur am\u00e9lior\u00e9e (EVI) ShieldBox\u00a0: garantit la fiabilit\u00e9 du syst\u00e8me dans des conditions climatiques extr\u00eames. META\u00a02\u00a0: efficacit\u00e9 am\u00e9lior\u00e9e, contr\u00f4le de la d\u00e9shumidification Hyperlink\u00a0: r\u00e9duit le temps et les co\u00fbts d\u2019installation Vaste plage de fonctionnement\u00a0: hiver\u00a0: -30\u00a0\u00b0C, \u00e9t\u00e9\u00a0: 55\u00a0\u00b0C Quadruple fonction de secours\u00a0: fonctionnement continu en cas de panne Double cycle de service\u00a0: dur\u00e9e de vie prolong\u00e9e du syst\u00e8me Doctor M\u00a02.0\u00a0: outil de maintenance intelligent Super Sense\u00a0: surveillance avanc\u00e9e du r\u00e9frig\u00e9rant Zen air\u00a02.0\u00a0: gestion multifonctionnelle du flux d\u2019air Mode silencieux avanc\u00e9 \u00e0 15\u00a0niveaux Fonction de d\u00e9poussi\u00e9rage automatique\" \/>\n<meta property=\"og:url\" content=\"https:\/\/airrent.ge\/fr\/produit\/vrf-system-outdoor-unit-vertical-discharge-v8-master-series-25-2-90-kw-mv8-wv2rn1ema-mv8-252wv2rn1ema-mv8-280wv2rn1ema-mv8-335wv2rn1ema-mv8-400wv2rn1ema-mv8-450wv2rn1ema-mv8-500wv2rn\/\" \/>\n<meta property=\"og:site_name\" content=\"AirRent.ge\" \/>\n<meta property=\"article:modified_time\" content=\"2025-10-14T14:33:40+00:00\" \/>\n<meta property=\"og:image\" content=\"https:\/\/airrent.ge\/wp-content\/uploads\/2025\/10\/Image-4.webp\" \/>\n\t<meta property=\"og:image:width\" content=\"742\" \/>\n\t<meta property=\"og:image:height\" content=\"672\" \/>\n\t<meta property=\"og:image:type\" content=\"image\/webp\" \/>\n<meta name=\"twitter:card\" content=\"summary_large_image\" \/>\n<script type=\"application\/ld+json\" class=\"yoast-schema-graph\">{\"@context\":\"https:\/\/schema.org\",\"@graph\":[{\"@type\":\"WebPage\",\"@id\":\"https:\/\/airrent.ge\/fr\/produit\/vrf-system-outdoor-unit-vertical-discharge-v8-master-series-25-2-90-kw-mv8-wv2rn1ema-mv8-252wv2rn1ema-mv8-280wv2rn1ema-mv8-335wv2rn1ema-mv8-400wv2rn1ema-mv8-450wv2rn1ema-mv8-500wv2rn\/\",\"url\":\"https:\/\/airrent.ge\/fr\/produit\/vrf-system-outdoor-unit-vertical-discharge-v8-master-series-25-2-90-kw-mv8-wv2rn1ema-mv8-252wv2rn1ema-mv8-280wv2rn1ema-mv8-335wv2rn1ema-mv8-400wv2rn1ema-mv8-450wv2rn1ema-mv8-500wv2rn\/\",\"name\":\"Unit\u00e9 ext\u00e9rieure VRF \u00e0 d\u00e9charge verticale, s\u00e9rie V8 Master 25,2 - 90 kW MV8-***WV2RN1E(MA) MV8-252WV2RN1E(MA) MV8-280WV2RN1E(MA) MV8-335WV2RN1E(MA) MV8-400WV2RN1E(MA) MV8-450WV2RN1E(MA) MV8-500WV2RN1E(MA) MV8-560WV2RN1E(MA) MV8-615WV2RN1E(MA) MV8-670WV2RN1E(MA) MV8-730WV2RN1E(MA) MV8-785WV2RN1E(MA) MV8-850WV2RN1E(MA) MV8-900WV2RN1E(MA) - AirRent.ge\",\"isPartOf\":{\"@id\":\"https:\/\/airrent.ge\/#website\"},\"primaryImageOfPage\":{\"@id\":\"https:\/\/airrent.ge\/fr\/produit\/vrf-system-outdoor-unit-vertical-discharge-v8-master-series-25-2-90-kw-mv8-wv2rn1ema-mv8-252wv2rn1ema-mv8-280wv2rn1ema-mv8-335wv2rn1ema-mv8-400wv2rn1ema-mv8-450wv2rn1ema-mv8-500wv2rn\/#primaryimage\"},\"image\":{\"@id\":\"https:\/\/airrent.ge\/fr\/produit\/vrf-system-outdoor-unit-vertical-discharge-v8-master-series-25-2-90-kw-mv8-wv2rn1ema-mv8-252wv2rn1ema-mv8-280wv2rn1ema-mv8-335wv2rn1ema-mv8-400wv2rn1ema-mv8-450wv2rn1ema-mv8-500wv2rn\/#primaryimage\"},\"thumbnailUrl\":\"https:\/\/airrent.ge\/wp-content\/uploads\/2025\/10\/Image-4.webp\",\"datePublished\":\"2025-10-14T14:30:41+00:00\",\"dateModified\":\"2025-10-14T14:33:40+00:00\",\"breadcrumb\":{\"@id\":\"https:\/\/airrent.ge\/fr\/produit\/vrf-system-outdoor-unit-vertical-discharge-v8-master-series-25-2-90-kw-mv8-wv2rn1ema-mv8-252wv2rn1ema-mv8-280wv2rn1ema-mv8-335wv2rn1ema-mv8-400wv2rn1ema-mv8-450wv2rn1ema-mv8-500wv2rn\/#breadcrumb\"},\"inLanguage\":\"fr-FR\",\"potentialAction\":[{\"@type\":\"ReadAction\",\"target\":[\"https:\/\/airrent.ge\/fr\/produit\/vrf-system-outdoor-unit-vertical-discharge-v8-master-series-25-2-90-kw-mv8-wv2rn1ema-mv8-252wv2rn1ema-mv8-280wv2rn1ema-mv8-335wv2rn1ema-mv8-400wv2rn1ema-mv8-450wv2rn1ema-mv8-500wv2rn\/\"]}]},{\"@type\":\"ImageObject\",\"inLanguage\":\"fr-FR\",\"@id\":\"https:\/\/airrent.ge\/fr\/produit\/vrf-system-outdoor-unit-vertical-discharge-v8-master-series-25-2-90-kw-mv8-wv2rn1ema-mv8-252wv2rn1ema-mv8-280wv2rn1ema-mv8-335wv2rn1ema-mv8-400wv2rn1ema-mv8-450wv2rn1ema-mv8-500wv2rn\/#primaryimage\",\"url\":\"https:\/\/airrent.ge\/wp-content\/uploads\/2025\/10\/Image-4.webp\",\"contentUrl\":\"https:\/\/airrent.ge\/wp-content\/uploads\/2025\/10\/Image-4.webp\",\"width\":742,\"height\":672},{\"@type\":\"BreadcrumbList\",\"@id\":\"https:\/\/airrent.ge\/fr\/produit\/vrf-system-outdoor-unit-vertical-discharge-v8-master-series-25-2-90-kw-mv8-wv2rn1ema-mv8-252wv2rn1ema-mv8-280wv2rn1ema-mv8-335wv2rn1ema-mv8-400wv2rn1ema-mv8-450wv2rn1ema-mv8-500wv2rn\/#breadcrumb\",\"itemListElement\":[{\"@type\":\"ListItem\",\"position\":1,\"name\":\"Home\",\"item\":\"https:\/\/airrent.ge\/fr\/home\/\"},{\"@type\":\"ListItem\",\"position\":2,\"name\":\"Products\",\"item\":\"https:\/\/airrent.ge\/fr\/products\/\"},{\"@type\":\"ListItem\",\"position\":3,\"name\":\"Unit\u00e9 ext\u00e9rieure VRF \u00e0 d\u00e9charge verticale, s\u00e9rie V8 Master 25,2 &#8211; 90 kW MV8-***WV2RN1E(MA) MV8-252WV2RN1E(MA) MV8-280WV2RN1E(MA) MV8-335WV2RN1E(MA) MV8-400WV2RN1E(MA) MV8-450WV2RN1E(MA) MV8-500WV2RN1E(MA) MV8-560WV2RN1E(MA) MV8-615WV2RN1E(MA) MV8-670WV2RN1E(MA) MV8-730WV2RN1E(MA) MV8-785WV2RN1E(MA) MV8-850WV2RN1E(MA) MV8-900WV2RN1E(MA)\"}]},{\"@type\":\"WebSite\",\"@id\":\"https:\/\/airrent.ge\/#website\",\"url\":\"https:\/\/airrent.ge\/\",\"name\":\"airrent.ge\",\"description\":\"Rental Services\",\"publisher\":{\"@id\":\"https:\/\/airrent.ge\/#organization\"},\"potentialAction\":[{\"@type\":\"SearchAction\",\"target\":{\"@type\":\"EntryPoint\",\"urlTemplate\":\"https:\/\/airrent.ge\/?s={search_term_string}\"},\"query-input\":{\"@type\":\"PropertyValueSpecification\",\"valueRequired\":true,\"valueName\":\"search_term_string\"}}],\"inLanguage\":\"fr-FR\"},{\"@type\":\"Organization\",\"@id\":\"https:\/\/airrent.ge\/#organization\",\"name\":\"airrent.ge\",\"url\":\"https:\/\/airrent.ge\/\",\"logo\":{\"@type\":\"ImageObject\",\"inLanguage\":\"fr-FR\",\"@id\":\"https:\/\/airrent.ge\/#\/schema\/logo\/image\/\",\"url\":\"https:\/\/airrent.ge\/wp-content\/uploads\/2026\/03\/airrent.png\",\"contentUrl\":\"https:\/\/airrent.ge\/wp-content\/uploads\/2026\/03\/airrent.png\",\"width\":1536,\"height\":1024,\"caption\":\"airrent.ge\"},\"image\":{\"@id\":\"https:\/\/airrent.ge\/#\/schema\/logo\/image\/\"}}]}<\/script>\n<!-- \/ Yoast SEO plugin. -->","yoast_head_json":{"title":"Unit\u00e9 ext\u00e9rieure VRF \u00e0 d\u00e9charge verticale, s\u00e9rie V8 Master 25,2 - 90 kW MV8-***WV2RN1E(MA) MV8-252WV2RN1E(MA) MV8-280WV2RN1E(MA) MV8-335WV2RN1E(MA) MV8-400WV2RN1E(MA) MV8-450WV2RN1E(MA) MV8-500WV2RN1E(MA) MV8-560WV2RN1E(MA) MV8-615WV2RN1E(MA) MV8-670WV2RN1E(MA) MV8-730WV2RN1E(MA) MV8-785WV2RN1E(MA) MV8-850WV2RN1E(MA) MV8-900WV2RN1E(MA) - AirRent.ge","robots":{"index":"index","follow":"follow","max-snippet":"max-snippet:-1","max-image-preview":"max-image-preview:large","max-video-preview":"max-video-preview:-1"},"canonical":"https:\/\/airrent.ge\/fr\/produit\/vrf-system-outdoor-unit-vertical-discharge-v8-master-series-25-2-90-kw-mv8-wv2rn1ema-mv8-252wv2rn1ema-mv8-280wv2rn1ema-mv8-335wv2rn1ema-mv8-400wv2rn1ema-mv8-450wv2rn1ema-mv8-500wv2rn\/","og_locale":"fr_FR","og_type":"article","og_title":"Unit\u00e9 ext\u00e9rieure VRF \u00e0 d\u00e9charge verticale, s\u00e9rie V8 Master 25,2 - 90 kW MV8-***WV2RN1E(MA) MV8-252WV2RN1E(MA) MV8-280WV2RN1E(MA) MV8-335WV2RN1E(MA) MV8-400WV2RN1E(MA) MV8-450WV2RN1E(MA) MV8-500WV2RN1E(MA) MV8-560WV2RN1E(MA) MV8-615WV2RN1E(MA) MV8-670WV2RN1E(MA) MV8-730WV2RN1E(MA) MV8-785WV2RN1E(MA) MV8-850WV2RN1E(MA) MV8-900WV2RN1E(MA) - AirRent.ge","og_description":"S\u00e9rie V8 Master Produit Sp\u00e9cifications  Unit\u00e9 ext\u00e9rieure du syst\u00e8me DRV\u00a0: conception modulaire, possibilit\u00e9 de connecter 3 unit\u00e9s ext\u00e9rieures  Conception modulaire\u00a0: possibilit\u00e9 de connecter 3 unit\u00e9s ext\u00e9rieures Onduleur CC continu Efficacit\u00e9 \u00e9nerg\u00e9tique saisonni\u00e8re exceptionnelle Large plage de puissance\u00a0: jusqu\u2019\u00e0 90\u00a0kW Large rapport de combinaison\u00a0: 50-200\u00a0% Compresseur \u00e0 injection de vapeur am\u00e9lior\u00e9e (EVI) ShieldBox\u00a0: garantit la fiabilit\u00e9 du syst\u00e8me dans des conditions climatiques extr\u00eames. META\u00a02\u00a0: efficacit\u00e9 am\u00e9lior\u00e9e, contr\u00f4le de la d\u00e9shumidification Hyperlink\u00a0: r\u00e9duit le temps et les co\u00fbts d\u2019installation Vaste plage de fonctionnement\u00a0: hiver\u00a0: -30\u00a0\u00b0C, \u00e9t\u00e9\u00a0: 55\u00a0\u00b0C Quadruple fonction de secours\u00a0: fonctionnement continu en cas de panne Double cycle de service\u00a0: dur\u00e9e de vie prolong\u00e9e du syst\u00e8me Doctor M\u00a02.0\u00a0: outil de maintenance intelligent Super Sense\u00a0: surveillance avanc\u00e9e du r\u00e9frig\u00e9rant Zen air\u00a02.0\u00a0: gestion multifonctionnelle du flux d\u2019air Mode silencieux avanc\u00e9 \u00e0 15\u00a0niveaux Fonction de d\u00e9poussi\u00e9rage automatique","og_url":"https:\/\/airrent.ge\/fr\/produit\/vrf-system-outdoor-unit-vertical-discharge-v8-master-series-25-2-90-kw-mv8-wv2rn1ema-mv8-252wv2rn1ema-mv8-280wv2rn1ema-mv8-335wv2rn1ema-mv8-400wv2rn1ema-mv8-450wv2rn1ema-mv8-500wv2rn\/","og_site_name":"AirRent.ge","article_modified_time":"2025-10-14T14:33:40+00:00","og_image":[{"width":742,"height":672,"url":"https:\/\/airrent.ge\/wp-content\/uploads\/2025\/10\/Image-4.webp","type":"image\/webp"}],"twitter_card":"summary_large_image","schema":{"@context":"https:\/\/schema.org","@graph":[{"@type":"WebPage","@id":"https:\/\/airrent.ge\/fr\/produit\/vrf-system-outdoor-unit-vertical-discharge-v8-master-series-25-2-90-kw-mv8-wv2rn1ema-mv8-252wv2rn1ema-mv8-280wv2rn1ema-mv8-335wv2rn1ema-mv8-400wv2rn1ema-mv8-450wv2rn1ema-mv8-500wv2rn\/","url":"https:\/\/airrent.ge\/fr\/produit\/vrf-system-outdoor-unit-vertical-discharge-v8-master-series-25-2-90-kw-mv8-wv2rn1ema-mv8-252wv2rn1ema-mv8-280wv2rn1ema-mv8-335wv2rn1ema-mv8-400wv2rn1ema-mv8-450wv2rn1ema-mv8-500wv2rn\/","name":"Unit\u00e9 ext\u00e9rieure VRF \u00e0 d\u00e9charge verticale, s\u00e9rie V8 Master 25,2 - 90 kW MV8-***WV2RN1E(MA) MV8-252WV2RN1E(MA) MV8-280WV2RN1E(MA) MV8-335WV2RN1E(MA) MV8-400WV2RN1E(MA) MV8-450WV2RN1E(MA) MV8-500WV2RN1E(MA) MV8-560WV2RN1E(MA) MV8-615WV2RN1E(MA) MV8-670WV2RN1E(MA) MV8-730WV2RN1E(MA) MV8-785WV2RN1E(MA) MV8-850WV2RN1E(MA) MV8-900WV2RN1E(MA) - AirRent.ge","isPartOf":{"@id":"https:\/\/airrent.ge\/#website"},"primaryImageOfPage":{"@id":"https:\/\/airrent.ge\/fr\/produit\/vrf-system-outdoor-unit-vertical-discharge-v8-master-series-25-2-90-kw-mv8-wv2rn1ema-mv8-252wv2rn1ema-mv8-280wv2rn1ema-mv8-335wv2rn1ema-mv8-400wv2rn1ema-mv8-450wv2rn1ema-mv8-500wv2rn\/#primaryimage"},"image":{"@id":"https:\/\/airrent.ge\/fr\/produit\/vrf-system-outdoor-unit-vertical-discharge-v8-master-series-25-2-90-kw-mv8-wv2rn1ema-mv8-252wv2rn1ema-mv8-280wv2rn1ema-mv8-335wv2rn1ema-mv8-400wv2rn1ema-mv8-450wv2rn1ema-mv8-500wv2rn\/#primaryimage"},"thumbnailUrl":"https:\/\/airrent.ge\/wp-content\/uploads\/2025\/10\/Image-4.webp","datePublished":"2025-10-14T14:30:41+00:00","dateModified":"2025-10-14T14:33:40+00:00","breadcrumb":{"@id":"https:\/\/airrent.ge\/fr\/produit\/vrf-system-outdoor-unit-vertical-discharge-v8-master-series-25-2-90-kw-mv8-wv2rn1ema-mv8-252wv2rn1ema-mv8-280wv2rn1ema-mv8-335wv2rn1ema-mv8-400wv2rn1ema-mv8-450wv2rn1ema-mv8-500wv2rn\/#breadcrumb"},"inLanguage":"fr-FR","potentialAction":[{"@type":"ReadAction","target":["https:\/\/airrent.ge\/fr\/produit\/vrf-system-outdoor-unit-vertical-discharge-v8-master-series-25-2-90-kw-mv8-wv2rn1ema-mv8-252wv2rn1ema-mv8-280wv2rn1ema-mv8-335wv2rn1ema-mv8-400wv2rn1ema-mv8-450wv2rn1ema-mv8-500wv2rn\/"]}]},{"@type":"ImageObject","inLanguage":"fr-FR","@id":"https:\/\/airrent.ge\/fr\/produit\/vrf-system-outdoor-unit-vertical-discharge-v8-master-series-25-2-90-kw-mv8-wv2rn1ema-mv8-252wv2rn1ema-mv8-280wv2rn1ema-mv8-335wv2rn1ema-mv8-400wv2rn1ema-mv8-450wv2rn1ema-mv8-500wv2rn\/#primaryimage","url":"https:\/\/airrent.ge\/wp-content\/uploads\/2025\/10\/Image-4.webp","contentUrl":"https:\/\/airrent.ge\/wp-content\/uploads\/2025\/10\/Image-4.webp","width":742,"height":672},{"@type":"BreadcrumbList","@id":"https:\/\/airrent.ge\/fr\/produit\/vrf-system-outdoor-unit-vertical-discharge-v8-master-series-25-2-90-kw-mv8-wv2rn1ema-mv8-252wv2rn1ema-mv8-280wv2rn1ema-mv8-335wv2rn1ema-mv8-400wv2rn1ema-mv8-450wv2rn1ema-mv8-500wv2rn\/#breadcrumb","itemListElement":[{"@type":"ListItem","position":1,"name":"Home","item":"https:\/\/airrent.ge\/fr\/home\/"},{"@type":"ListItem","position":2,"name":"Products","item":"https:\/\/airrent.ge\/fr\/products\/"},{"@type":"ListItem","position":3,"name":"Unit\u00e9 ext\u00e9rieure VRF \u00e0 d\u00e9charge verticale, s\u00e9rie V8 Master 25,2 &#8211; 90 kW MV8-***WV2RN1E(MA) MV8-252WV2RN1E(MA) MV8-280WV2RN1E(MA) MV8-335WV2RN1E(MA) MV8-400WV2RN1E(MA) MV8-450WV2RN1E(MA) MV8-500WV2RN1E(MA) MV8-560WV2RN1E(MA) MV8-615WV2RN1E(MA) MV8-670WV2RN1E(MA) MV8-730WV2RN1E(MA) MV8-785WV2RN1E(MA) MV8-850WV2RN1E(MA) MV8-900WV2RN1E(MA)"}]},{"@type":"WebSite","@id":"https:\/\/airrent.ge\/#website","url":"https:\/\/airrent.ge\/","name":"airrent.ge","description":"Rental Services","publisher":{"@id":"https:\/\/airrent.ge\/#organization"},"potentialAction":[{"@type":"SearchAction","target":{"@type":"EntryPoint","urlTemplate":"https:\/\/airrent.ge\/?s={search_term_string}"},"query-input":{"@type":"PropertyValueSpecification","valueRequired":true,"valueName":"search_term_string"}}],"inLanguage":"fr-FR"},{"@type":"Organization","@id":"https:\/\/airrent.ge\/#organization","name":"airrent.ge","url":"https:\/\/airrent.ge\/","logo":{"@type":"ImageObject","inLanguage":"fr-FR","@id":"https:\/\/airrent.ge\/#\/schema\/logo\/image\/","url":"https:\/\/airrent.ge\/wp-content\/uploads\/2026\/03\/airrent.png","contentUrl":"https:\/\/airrent.ge\/wp-content\/uploads\/2026\/03\/airrent.png","width":1536,"height":1024,"caption":"airrent.ge"},"image":{"@id":"https:\/\/airrent.ge\/#\/schema\/logo\/image\/"}}]}},"_links":{"self":[{"href":"https:\/\/airrent.ge\/fr\/wp-json\/wp\/v2\/product\/42732","targetHints":{"allow":["GET"]}}],"collection":[{"href":"https:\/\/airrent.ge\/fr\/wp-json\/wp\/v2\/product"}],"about":[{"href":"https:\/\/airrent.ge\/fr\/wp-json\/wp\/v2\/types\/product"}],"wp:featuredmedia":[{"embeddable":true,"href":"https:\/\/airrent.ge\/fr\/wp-json\/wp\/v2\/media\/42709"}],"wp:attachment":[{"href":"https:\/\/airrent.ge\/fr\/wp-json\/wp\/v2\/media?parent=42732"}],"wp:term":[{"taxonomy":"product_brand","embeddable":true,"href":"https:\/\/airrent.ge\/fr\/wp-json\/wp\/v2\/product_brand?post=42732"},{"taxonomy":"product_cat","embeddable":true,"href":"https:\/\/airrent.ge\/fr\/wp-json\/wp\/v2\/product_cat?post=42732"},{"taxonomy":"product_tag","embeddable":true,"href":"https:\/\/airrent.ge\/fr\/wp-json\/wp\/v2\/product_tag?post=42732"}],"curies":[{"name":"wp","href":"https:\/\/api.w.org\/{rel}","templated":true}]}}