{"id":42764,"date":"2025-10-14T18:39:24","date_gmt":"2025-10-14T14:39:24","guid":{"rendered":"https:\/\/airsystems.ge\/shop\/product\/vrf-system-outdoor-unit-vertical-discharge-v8i-master-series-25-2-90-kw-mv8i-wv2rn1ema-mv8i-252wv2rn1ema-mv8i-280wv2rn1ema-mv8i-335wv2rn1ema-mv8i-400wv2rn1ema-mv8i-450wv2rn1ema-mv8i\/"},"modified":"2025-10-14T18:42:22","modified_gmt":"2025-10-14T14:42:22","slug":"vrf-system-outdoor-unit-vertical-discharge-v8i-master-series-25-2-90-kw-mv8i-wv2rn1ema-mv8i-252wv2rn1ema-mv8i-280wv2rn1ema-mv8i-335wv2rn1ema-mv8i-400wv2rn1ema-mv8i-450wv2rn1ema-mv8i","status":"publish","type":"product","link":"https:\/\/airrent.ge\/fr\/produit\/vrf-system-outdoor-unit-vertical-discharge-v8i-master-series-25-2-90-kw-mv8i-wv2rn1ema-mv8i-252wv2rn1ema-mv8i-280wv2rn1ema-mv8i-335wv2rn1ema-mv8i-400wv2rn1ema-mv8i-450wv2rn1ema-mv8i\/","title":{"rendered":"Unit\u00e9 ext\u00e9rieure DRV \u00e0 soufflage vertical, s\u00e9rie Master V8i 25,2 &#8211; 90 kW MV8i-***WV2RN1E(MA)  MV8i-252WV2RN1E(MA) MV8i-280WV2RN1E(MA) MV8i-335WV2RN1E(MA) MV8i-400WV2RN1E(MA) MV8i-450WV2RN1E(MA) MV8i-500WV2RN1E(MA) MV8i-560WV2RN1E(MA) MV8i-615WV2RN1E(MA) MV8i-670WV2RN1E(MA) MV8i-730WV2RN1E(MA) MV8i-785WV2RN1E(MA) MV8i-850WV2RN1E(MA) MV8i-900WV2RN1E(MA)"},"content":{"rendered":"","protected":false},"excerpt":{"rendered":"<h1>S\u00e9rie V8i Master<\/h1>\n<p>Caract\u00e9ristiques du produit<\/p>\n<p>Unit\u00e9 ext\u00e9rieure du syst\u00e8me DRV<\/p>\n<p>Onduleur CC continu<br \/>\nEfficacit\u00e9 \u00e9nerg\u00e9tique saisonni\u00e8re exceptionnelle<br \/>\nLarge plage de puissance\u00a0: jusqu\u2019\u00e0 90\u00a0kW<br \/>\nLarge rapport de combinaison\u00a0: 50-200\u00a0%<br \/>\nCompresseur \u00e0 injection de vapeur am\u00e9lior\u00e9e (EVI)<br \/>\nShieldBox\u00a0: garantit la fiabilit\u00e9 du syst\u00e8me dans des conditions climatiques extr\u00eames.<br \/>\nMETA 2 : Efficacit\u00e9 am\u00e9lior\u00e9e, contr\u00f4le de la d\u00e9shumidification<br \/>\nHyperlien : R\u00e9duction du temps et des co\u00fbts d&rsquo;installation<br \/>\nVaste plage de fonctionnement : Hiver : -30 \u00b0C, \u00c9t\u00e9 : 55 \u00b0C<br \/>\nQuatre fonctions de secours : Fonctionnement continu en cas de panne<br \/>\nDouble cycle de service : Dur\u00e9e de vie prolong\u00e9e du syst\u00e8me<br \/>\nDoctor M 2.0 : Outil de maintenance intelligent<br \/>\nSuper Sense : Surveillance avanc\u00e9e du r\u00e9frig\u00e9rant<br \/>\nZen air 2.0 : Gestion multifonctionnelle du flux d&rsquo;air<br \/>\nMode silencieux avanc\u00e9 \u00e0 15 niveaux<br \/>\nFonction de d\u00e9poussi\u00e9rage\/d\u00e9neigement automatique<\/p>\n","protected":false},"featured_media":42747,"template":"","meta":[],"product_brand":[],"product_cat":[1992],"product_tag":[],"class_list":{"0":"post-42764","1":"product","2":"type-product","3":"status-publish","4":"has-post-thumbnail","6":"product_cat-systeme-vrf","8":"first","9":"instock","10":"shipping-taxable","11":"product-type-simple"},"yoast_head":"<!-- This site is optimized with the Yoast SEO plugin v27.1.1 - https:\/\/yoast.com\/product\/yoast-seo-wordpress\/ -->\n<title>Unit\u00e9 ext\u00e9rieure DRV \u00e0 soufflage vertical, s\u00e9rie Master V8i 25,2 - 90 kW MV8i-***WV2RN1E(MA) MV8i-252WV2RN1E(MA) MV8i-280WV2RN1E(MA) MV8i-335WV2RN1E(MA) MV8i-400WV2RN1E(MA) MV8i-450WV2RN1E(MA) MV8i-500WV2RN1E(MA) MV8i-560WV2RN1E(MA) MV8i-615WV2RN1E(MA) MV8i-670WV2RN1E(MA) MV8i-730WV2RN1E(MA) MV8i-785WV2RN1E(MA) MV8i-850WV2RN1E(MA) MV8i-900WV2RN1E(MA) - AirRent.ge<\/title>\n<meta name=\"robots\" content=\"index, follow, max-snippet:-1, max-image-preview:large, max-video-preview:-1\" \/>\n<link rel=\"canonical\" href=\"https:\/\/airrent.ge\/fr\/produit\/vrf-system-outdoor-unit-vertical-discharge-v8i-master-series-25-2-90-kw-mv8i-wv2rn1ema-mv8i-252wv2rn1ema-mv8i-280wv2rn1ema-mv8i-335wv2rn1ema-mv8i-400wv2rn1ema-mv8i-450wv2rn1ema-mv8i\/\" \/>\n<meta property=\"og:locale\" content=\"fr_FR\" \/>\n<meta property=\"og:type\" content=\"article\" \/>\n<meta property=\"og:title\" content=\"Unit\u00e9 ext\u00e9rieure DRV \u00e0 soufflage vertical, s\u00e9rie Master V8i 25,2 - 90 kW MV8i-***WV2RN1E(MA) MV8i-252WV2RN1E(MA) MV8i-280WV2RN1E(MA) MV8i-335WV2RN1E(MA) MV8i-400WV2RN1E(MA) MV8i-450WV2RN1E(MA) MV8i-500WV2RN1E(MA) MV8i-560WV2RN1E(MA) MV8i-615WV2RN1E(MA) MV8i-670WV2RN1E(MA) MV8i-730WV2RN1E(MA) MV8i-785WV2RN1E(MA) MV8i-850WV2RN1E(MA) MV8i-900WV2RN1E(MA) - AirRent.ge\" \/>\n<meta property=\"og:description\" content=\"S\u00e9rie V8i Master Caract\u00e9ristiques du produit  Unit\u00e9 ext\u00e9rieure du syst\u00e8me DRV  Onduleur CC continu Efficacit\u00e9 \u00e9nerg\u00e9tique saisonni\u00e8re exceptionnelle Large plage de puissance\u00a0: jusqu\u2019\u00e0 90\u00a0kW Large rapport de combinaison\u00a0: 50-200\u00a0% Compresseur \u00e0 injection de vapeur am\u00e9lior\u00e9e (EVI) ShieldBox\u00a0: garantit la fiabilit\u00e9 du syst\u00e8me dans des conditions climatiques extr\u00eames. META 2 : Efficacit\u00e9 am\u00e9lior\u00e9e, contr\u00f4le de la d\u00e9shumidification Hyperlien : R\u00e9duction du temps et des co\u00fbts d&#039;installation Vaste plage de fonctionnement : Hiver : -30 \u00b0C, \u00c9t\u00e9 : 55 \u00b0C Quatre fonctions de secours : Fonctionnement continu en cas de panne Double cycle de service : Dur\u00e9e de vie prolong\u00e9e du syst\u00e8me Doctor M 2.0 : Outil de maintenance intelligent Super Sense : Surveillance avanc\u00e9e du r\u00e9frig\u00e9rant Zen air 2.0 : Gestion multifonctionnelle du flux d&#039;air Mode silencieux avanc\u00e9 \u00e0 15 niveaux Fonction de d\u00e9poussi\u00e9rage\/d\u00e9neigement automatique\" \/>\n<meta property=\"og:url\" content=\"https:\/\/airrent.ge\/fr\/produit\/vrf-system-outdoor-unit-vertical-discharge-v8i-master-series-25-2-90-kw-mv8i-wv2rn1ema-mv8i-252wv2rn1ema-mv8i-280wv2rn1ema-mv8i-335wv2rn1ema-mv8i-400wv2rn1ema-mv8i-450wv2rn1ema-mv8i\/\" \/>\n<meta property=\"og:site_name\" content=\"AirRent.ge\" \/>\n<meta property=\"article:modified_time\" content=\"2025-10-14T14:42:22+00:00\" \/>\n<meta property=\"og:image\" content=\"https:\/\/airrent.ge\/wp-content\/uploads\/2025\/10\/Image-4-2.webp\" \/>\n\t<meta property=\"og:image:width\" content=\"742\" \/>\n\t<meta property=\"og:image:height\" content=\"672\" \/>\n\t<meta property=\"og:image:type\" content=\"image\/webp\" \/>\n<meta name=\"twitter:card\" content=\"summary_large_image\" \/>\n<script type=\"application\/ld+json\" class=\"yoast-schema-graph\">{\"@context\":\"https:\/\/schema.org\",\"@graph\":[{\"@type\":\"WebPage\",\"@id\":\"https:\/\/airrent.ge\/fr\/produit\/vrf-system-outdoor-unit-vertical-discharge-v8i-master-series-25-2-90-kw-mv8i-wv2rn1ema-mv8i-252wv2rn1ema-mv8i-280wv2rn1ema-mv8i-335wv2rn1ema-mv8i-400wv2rn1ema-mv8i-450wv2rn1ema-mv8i\/\",\"url\":\"https:\/\/airrent.ge\/fr\/produit\/vrf-system-outdoor-unit-vertical-discharge-v8i-master-series-25-2-90-kw-mv8i-wv2rn1ema-mv8i-252wv2rn1ema-mv8i-280wv2rn1ema-mv8i-335wv2rn1ema-mv8i-400wv2rn1ema-mv8i-450wv2rn1ema-mv8i\/\",\"name\":\"Unit\u00e9 ext\u00e9rieure DRV \u00e0 soufflage vertical, s\u00e9rie Master V8i 25,2 - 90 kW MV8i-***WV2RN1E(MA) MV8i-252WV2RN1E(MA) MV8i-280WV2RN1E(MA) MV8i-335WV2RN1E(MA) MV8i-400WV2RN1E(MA) MV8i-450WV2RN1E(MA) MV8i-500WV2RN1E(MA) MV8i-560WV2RN1E(MA) MV8i-615WV2RN1E(MA) MV8i-670WV2RN1E(MA) MV8i-730WV2RN1E(MA) MV8i-785WV2RN1E(MA) MV8i-850WV2RN1E(MA) MV8i-900WV2RN1E(MA) - AirRent.ge\",\"isPartOf\":{\"@id\":\"https:\/\/airrent.ge\/#website\"},\"primaryImageOfPage\":{\"@id\":\"https:\/\/airrent.ge\/fr\/produit\/vrf-system-outdoor-unit-vertical-discharge-v8i-master-series-25-2-90-kw-mv8i-wv2rn1ema-mv8i-252wv2rn1ema-mv8i-280wv2rn1ema-mv8i-335wv2rn1ema-mv8i-400wv2rn1ema-mv8i-450wv2rn1ema-mv8i\/#primaryimage\"},\"image\":{\"@id\":\"https:\/\/airrent.ge\/fr\/produit\/vrf-system-outdoor-unit-vertical-discharge-v8i-master-series-25-2-90-kw-mv8i-wv2rn1ema-mv8i-252wv2rn1ema-mv8i-280wv2rn1ema-mv8i-335wv2rn1ema-mv8i-400wv2rn1ema-mv8i-450wv2rn1ema-mv8i\/#primaryimage\"},\"thumbnailUrl\":\"https:\/\/airrent.ge\/wp-content\/uploads\/2025\/10\/Image-4-2.webp\",\"datePublished\":\"2025-10-14T14:39:24+00:00\",\"dateModified\":\"2025-10-14T14:42:22+00:00\",\"breadcrumb\":{\"@id\":\"https:\/\/airrent.ge\/fr\/produit\/vrf-system-outdoor-unit-vertical-discharge-v8i-master-series-25-2-90-kw-mv8i-wv2rn1ema-mv8i-252wv2rn1ema-mv8i-280wv2rn1ema-mv8i-335wv2rn1ema-mv8i-400wv2rn1ema-mv8i-450wv2rn1ema-mv8i\/#breadcrumb\"},\"inLanguage\":\"fr-FR\",\"potentialAction\":[{\"@type\":\"ReadAction\",\"target\":[\"https:\/\/airrent.ge\/fr\/produit\/vrf-system-outdoor-unit-vertical-discharge-v8i-master-series-25-2-90-kw-mv8i-wv2rn1ema-mv8i-252wv2rn1ema-mv8i-280wv2rn1ema-mv8i-335wv2rn1ema-mv8i-400wv2rn1ema-mv8i-450wv2rn1ema-mv8i\/\"]}]},{\"@type\":\"ImageObject\",\"inLanguage\":\"fr-FR\",\"@id\":\"https:\/\/airrent.ge\/fr\/produit\/vrf-system-outdoor-unit-vertical-discharge-v8i-master-series-25-2-90-kw-mv8i-wv2rn1ema-mv8i-252wv2rn1ema-mv8i-280wv2rn1ema-mv8i-335wv2rn1ema-mv8i-400wv2rn1ema-mv8i-450wv2rn1ema-mv8i\/#primaryimage\",\"url\":\"https:\/\/airrent.ge\/wp-content\/uploads\/2025\/10\/Image-4-2.webp\",\"contentUrl\":\"https:\/\/airrent.ge\/wp-content\/uploads\/2025\/10\/Image-4-2.webp\",\"width\":742,\"height\":672},{\"@type\":\"BreadcrumbList\",\"@id\":\"https:\/\/airrent.ge\/fr\/produit\/vrf-system-outdoor-unit-vertical-discharge-v8i-master-series-25-2-90-kw-mv8i-wv2rn1ema-mv8i-252wv2rn1ema-mv8i-280wv2rn1ema-mv8i-335wv2rn1ema-mv8i-400wv2rn1ema-mv8i-450wv2rn1ema-mv8i\/#breadcrumb\",\"itemListElement\":[{\"@type\":\"ListItem\",\"position\":1,\"name\":\"Home\",\"item\":\"https:\/\/airrent.ge\/fr\/home\/\"},{\"@type\":\"ListItem\",\"position\":2,\"name\":\"Products\",\"item\":\"https:\/\/airrent.ge\/fr\/products\/\"},{\"@type\":\"ListItem\",\"position\":3,\"name\":\"Unit\u00e9 ext\u00e9rieure DRV \u00e0 soufflage vertical, s\u00e9rie Master V8i 25,2 &#8211; 90 kW MV8i-***WV2RN1E(MA) MV8i-252WV2RN1E(MA) MV8i-280WV2RN1E(MA) MV8i-335WV2RN1E(MA) MV8i-400WV2RN1E(MA) MV8i-450WV2RN1E(MA) MV8i-500WV2RN1E(MA) MV8i-560WV2RN1E(MA) MV8i-615WV2RN1E(MA) MV8i-670WV2RN1E(MA) MV8i-730WV2RN1E(MA) MV8i-785WV2RN1E(MA) MV8i-850WV2RN1E(MA) MV8i-900WV2RN1E(MA)\"}]},{\"@type\":\"WebSite\",\"@id\":\"https:\/\/airrent.ge\/#website\",\"url\":\"https:\/\/airrent.ge\/\",\"name\":\"airrent.ge\",\"description\":\"Rental Services\",\"publisher\":{\"@id\":\"https:\/\/airrent.ge\/#organization\"},\"potentialAction\":[{\"@type\":\"SearchAction\",\"target\":{\"@type\":\"EntryPoint\",\"urlTemplate\":\"https:\/\/airrent.ge\/?s={search_term_string}\"},\"query-input\":{\"@type\":\"PropertyValueSpecification\",\"valueRequired\":true,\"valueName\":\"search_term_string\"}}],\"inLanguage\":\"fr-FR\"},{\"@type\":\"Organization\",\"@id\":\"https:\/\/airrent.ge\/#organization\",\"name\":\"airrent.ge\",\"url\":\"https:\/\/airrent.ge\/\",\"logo\":{\"@type\":\"ImageObject\",\"inLanguage\":\"fr-FR\",\"@id\":\"https:\/\/airrent.ge\/#\/schema\/logo\/image\/\",\"url\":\"https:\/\/airrent.ge\/wp-content\/uploads\/2026\/03\/airrent.png\",\"contentUrl\":\"https:\/\/airrent.ge\/wp-content\/uploads\/2026\/03\/airrent.png\",\"width\":1536,\"height\":1024,\"caption\":\"airrent.ge\"},\"image\":{\"@id\":\"https:\/\/airrent.ge\/#\/schema\/logo\/image\/\"}}]}<\/script>\n<!-- \/ Yoast SEO plugin. -->","yoast_head_json":{"title":"Unit\u00e9 ext\u00e9rieure DRV \u00e0 soufflage vertical, s\u00e9rie Master V8i 25,2 - 90 kW MV8i-***WV2RN1E(MA) MV8i-252WV2RN1E(MA) MV8i-280WV2RN1E(MA) MV8i-335WV2RN1E(MA) MV8i-400WV2RN1E(MA) MV8i-450WV2RN1E(MA) MV8i-500WV2RN1E(MA) MV8i-560WV2RN1E(MA) MV8i-615WV2RN1E(MA) MV8i-670WV2RN1E(MA) MV8i-730WV2RN1E(MA) MV8i-785WV2RN1E(MA) MV8i-850WV2RN1E(MA) MV8i-900WV2RN1E(MA) - AirRent.ge","robots":{"index":"index","follow":"follow","max-snippet":"max-snippet:-1","max-image-preview":"max-image-preview:large","max-video-preview":"max-video-preview:-1"},"canonical":"https:\/\/airrent.ge\/fr\/produit\/vrf-system-outdoor-unit-vertical-discharge-v8i-master-series-25-2-90-kw-mv8i-wv2rn1ema-mv8i-252wv2rn1ema-mv8i-280wv2rn1ema-mv8i-335wv2rn1ema-mv8i-400wv2rn1ema-mv8i-450wv2rn1ema-mv8i\/","og_locale":"fr_FR","og_type":"article","og_title":"Unit\u00e9 ext\u00e9rieure DRV \u00e0 soufflage vertical, s\u00e9rie Master V8i 25,2 - 90 kW MV8i-***WV2RN1E(MA) MV8i-252WV2RN1E(MA) MV8i-280WV2RN1E(MA) MV8i-335WV2RN1E(MA) MV8i-400WV2RN1E(MA) MV8i-450WV2RN1E(MA) MV8i-500WV2RN1E(MA) MV8i-560WV2RN1E(MA) MV8i-615WV2RN1E(MA) MV8i-670WV2RN1E(MA) MV8i-730WV2RN1E(MA) MV8i-785WV2RN1E(MA) MV8i-850WV2RN1E(MA) MV8i-900WV2RN1E(MA) - AirRent.ge","og_description":"S\u00e9rie V8i Master Caract\u00e9ristiques du produit  Unit\u00e9 ext\u00e9rieure du syst\u00e8me DRV  Onduleur CC continu Efficacit\u00e9 \u00e9nerg\u00e9tique saisonni\u00e8re exceptionnelle Large plage de puissance\u00a0: jusqu\u2019\u00e0 90\u00a0kW Large rapport de combinaison\u00a0: 50-200\u00a0% Compresseur \u00e0 injection de vapeur am\u00e9lior\u00e9e (EVI) ShieldBox\u00a0: garantit la fiabilit\u00e9 du syst\u00e8me dans des conditions climatiques extr\u00eames. META 2 : Efficacit\u00e9 am\u00e9lior\u00e9e, contr\u00f4le de la d\u00e9shumidification Hyperlien : R\u00e9duction du temps et des co\u00fbts d'installation Vaste plage de fonctionnement : Hiver : -30 \u00b0C, \u00c9t\u00e9 : 55 \u00b0C Quatre fonctions de secours : Fonctionnement continu en cas de panne Double cycle de service : Dur\u00e9e de vie prolong\u00e9e du syst\u00e8me Doctor M 2.0 : Outil de maintenance intelligent Super Sense : Surveillance avanc\u00e9e du r\u00e9frig\u00e9rant Zen air 2.0 : Gestion multifonctionnelle du flux d'air Mode silencieux avanc\u00e9 \u00e0 15 niveaux Fonction de d\u00e9poussi\u00e9rage\/d\u00e9neigement automatique","og_url":"https:\/\/airrent.ge\/fr\/produit\/vrf-system-outdoor-unit-vertical-discharge-v8i-master-series-25-2-90-kw-mv8i-wv2rn1ema-mv8i-252wv2rn1ema-mv8i-280wv2rn1ema-mv8i-335wv2rn1ema-mv8i-400wv2rn1ema-mv8i-450wv2rn1ema-mv8i\/","og_site_name":"AirRent.ge","article_modified_time":"2025-10-14T14:42:22+00:00","og_image":[{"width":742,"height":672,"url":"https:\/\/airrent.ge\/wp-content\/uploads\/2025\/10\/Image-4-2.webp","type":"image\/webp"}],"twitter_card":"summary_large_image","schema":{"@context":"https:\/\/schema.org","@graph":[{"@type":"WebPage","@id":"https:\/\/airrent.ge\/fr\/produit\/vrf-system-outdoor-unit-vertical-discharge-v8i-master-series-25-2-90-kw-mv8i-wv2rn1ema-mv8i-252wv2rn1ema-mv8i-280wv2rn1ema-mv8i-335wv2rn1ema-mv8i-400wv2rn1ema-mv8i-450wv2rn1ema-mv8i\/","url":"https:\/\/airrent.ge\/fr\/produit\/vrf-system-outdoor-unit-vertical-discharge-v8i-master-series-25-2-90-kw-mv8i-wv2rn1ema-mv8i-252wv2rn1ema-mv8i-280wv2rn1ema-mv8i-335wv2rn1ema-mv8i-400wv2rn1ema-mv8i-450wv2rn1ema-mv8i\/","name":"Unit\u00e9 ext\u00e9rieure DRV \u00e0 soufflage vertical, s\u00e9rie Master V8i 25,2 - 90 kW MV8i-***WV2RN1E(MA) MV8i-252WV2RN1E(MA) MV8i-280WV2RN1E(MA) MV8i-335WV2RN1E(MA) MV8i-400WV2RN1E(MA) MV8i-450WV2RN1E(MA) MV8i-500WV2RN1E(MA) MV8i-560WV2RN1E(MA) MV8i-615WV2RN1E(MA) MV8i-670WV2RN1E(MA) MV8i-730WV2RN1E(MA) MV8i-785WV2RN1E(MA) MV8i-850WV2RN1E(MA) MV8i-900WV2RN1E(MA) - AirRent.ge","isPartOf":{"@id":"https:\/\/airrent.ge\/#website"},"primaryImageOfPage":{"@id":"https:\/\/airrent.ge\/fr\/produit\/vrf-system-outdoor-unit-vertical-discharge-v8i-master-series-25-2-90-kw-mv8i-wv2rn1ema-mv8i-252wv2rn1ema-mv8i-280wv2rn1ema-mv8i-335wv2rn1ema-mv8i-400wv2rn1ema-mv8i-450wv2rn1ema-mv8i\/#primaryimage"},"image":{"@id":"https:\/\/airrent.ge\/fr\/produit\/vrf-system-outdoor-unit-vertical-discharge-v8i-master-series-25-2-90-kw-mv8i-wv2rn1ema-mv8i-252wv2rn1ema-mv8i-280wv2rn1ema-mv8i-335wv2rn1ema-mv8i-400wv2rn1ema-mv8i-450wv2rn1ema-mv8i\/#primaryimage"},"thumbnailUrl":"https:\/\/airrent.ge\/wp-content\/uploads\/2025\/10\/Image-4-2.webp","datePublished":"2025-10-14T14:39:24+00:00","dateModified":"2025-10-14T14:42:22+00:00","breadcrumb":{"@id":"https:\/\/airrent.ge\/fr\/produit\/vrf-system-outdoor-unit-vertical-discharge-v8i-master-series-25-2-90-kw-mv8i-wv2rn1ema-mv8i-252wv2rn1ema-mv8i-280wv2rn1ema-mv8i-335wv2rn1ema-mv8i-400wv2rn1ema-mv8i-450wv2rn1ema-mv8i\/#breadcrumb"},"inLanguage":"fr-FR","potentialAction":[{"@type":"ReadAction","target":["https:\/\/airrent.ge\/fr\/produit\/vrf-system-outdoor-unit-vertical-discharge-v8i-master-series-25-2-90-kw-mv8i-wv2rn1ema-mv8i-252wv2rn1ema-mv8i-280wv2rn1ema-mv8i-335wv2rn1ema-mv8i-400wv2rn1ema-mv8i-450wv2rn1ema-mv8i\/"]}]},{"@type":"ImageObject","inLanguage":"fr-FR","@id":"https:\/\/airrent.ge\/fr\/produit\/vrf-system-outdoor-unit-vertical-discharge-v8i-master-series-25-2-90-kw-mv8i-wv2rn1ema-mv8i-252wv2rn1ema-mv8i-280wv2rn1ema-mv8i-335wv2rn1ema-mv8i-400wv2rn1ema-mv8i-450wv2rn1ema-mv8i\/#primaryimage","url":"https:\/\/airrent.ge\/wp-content\/uploads\/2025\/10\/Image-4-2.webp","contentUrl":"https:\/\/airrent.ge\/wp-content\/uploads\/2025\/10\/Image-4-2.webp","width":742,"height":672},{"@type":"BreadcrumbList","@id":"https:\/\/airrent.ge\/fr\/produit\/vrf-system-outdoor-unit-vertical-discharge-v8i-master-series-25-2-90-kw-mv8i-wv2rn1ema-mv8i-252wv2rn1ema-mv8i-280wv2rn1ema-mv8i-335wv2rn1ema-mv8i-400wv2rn1ema-mv8i-450wv2rn1ema-mv8i\/#breadcrumb","itemListElement":[{"@type":"ListItem","position":1,"name":"Home","item":"https:\/\/airrent.ge\/fr\/home\/"},{"@type":"ListItem","position":2,"name":"Products","item":"https:\/\/airrent.ge\/fr\/products\/"},{"@type":"ListItem","position":3,"name":"Unit\u00e9 ext\u00e9rieure DRV \u00e0 soufflage vertical, s\u00e9rie Master V8i 25,2 &#8211; 90 kW MV8i-***WV2RN1E(MA) MV8i-252WV2RN1E(MA) MV8i-280WV2RN1E(MA) MV8i-335WV2RN1E(MA) MV8i-400WV2RN1E(MA) MV8i-450WV2RN1E(MA) MV8i-500WV2RN1E(MA) MV8i-560WV2RN1E(MA) MV8i-615WV2RN1E(MA) MV8i-670WV2RN1E(MA) MV8i-730WV2RN1E(MA) MV8i-785WV2RN1E(MA) MV8i-850WV2RN1E(MA) MV8i-900WV2RN1E(MA)"}]},{"@type":"WebSite","@id":"https:\/\/airrent.ge\/#website","url":"https:\/\/airrent.ge\/","name":"airrent.ge","description":"Rental Services","publisher":{"@id":"https:\/\/airrent.ge\/#organization"},"potentialAction":[{"@type":"SearchAction","target":{"@type":"EntryPoint","urlTemplate":"https:\/\/airrent.ge\/?s={search_term_string}"},"query-input":{"@type":"PropertyValueSpecification","valueRequired":true,"valueName":"search_term_string"}}],"inLanguage":"fr-FR"},{"@type":"Organization","@id":"https:\/\/airrent.ge\/#organization","name":"airrent.ge","url":"https:\/\/airrent.ge\/","logo":{"@type":"ImageObject","inLanguage":"fr-FR","@id":"https:\/\/airrent.ge\/#\/schema\/logo\/image\/","url":"https:\/\/airrent.ge\/wp-content\/uploads\/2026\/03\/airrent.png","contentUrl":"https:\/\/airrent.ge\/wp-content\/uploads\/2026\/03\/airrent.png","width":1536,"height":1024,"caption":"airrent.ge"},"image":{"@id":"https:\/\/airrent.ge\/#\/schema\/logo\/image\/"}}]}},"_links":{"self":[{"href":"https:\/\/airrent.ge\/fr\/wp-json\/wp\/v2\/product\/42764","targetHints":{"allow":["GET"]}}],"collection":[{"href":"https:\/\/airrent.ge\/fr\/wp-json\/wp\/v2\/product"}],"about":[{"href":"https:\/\/airrent.ge\/fr\/wp-json\/wp\/v2\/types\/product"}],"wp:featuredmedia":[{"embeddable":true,"href":"https:\/\/airrent.ge\/fr\/wp-json\/wp\/v2\/media\/42747"}],"wp:attachment":[{"href":"https:\/\/airrent.ge\/fr\/wp-json\/wp\/v2\/media?parent=42764"}],"wp:term":[{"taxonomy":"product_brand","embeddable":true,"href":"https:\/\/airrent.ge\/fr\/wp-json\/wp\/v2\/product_brand?post=42764"},{"taxonomy":"product_cat","embeddable":true,"href":"https:\/\/airrent.ge\/fr\/wp-json\/wp\/v2\/product_cat?post=42764"},{"taxonomy":"product_tag","embeddable":true,"href":"https:\/\/airrent.ge\/fr\/wp-json\/wp\/v2\/product_tag?post=42764"}],"curies":[{"name":"wp","href":"https:\/\/api.w.org\/{rel}","templated":true}]}}