{"id":43031,"date":"2025-10-18T15:03:28","date_gmt":"2025-10-18T11:03:28","guid":{"rendered":"https:\/\/airsystems.ge\/shop\/product\/vrf-system-indoor-unit-ducted-middle-static-pressure-duct-2nd-generation-ac-2-2-14-kw-mdv-dt2-n1-da5b-mdv-d22t2-n1-da5b-mdv-d28t2-n1-da5b-mdv-d36t2-n1-da5b-mdv-d45t2-n1-da5b-mdv-d56t2\/"},"modified":"2025-10-18T15:10:43","modified_gmt":"2025-10-18T11:10:43","slug":"vrf-system-indoor-unit-ducted-middle-static-pressure-duct-2nd-generation-ac-2-2-14-kw-mdv-dt2-n1-da5b-mdv-d22t2-n1-da5b-mdv-d28t2-n1-da5b-mdv-d36t2-n1-da5b-mdv-d45t2-n1-da5b-mdv-d56t2","status":"publish","type":"product","link":"https:\/\/airrent.ge\/fr\/produit\/vrf-system-indoor-unit-ducted-middle-static-pressure-duct-2nd-generation-ac-2-2-14-kw-mdv-dt2-n1-da5b-mdv-d22t2-n1-da5b-mdv-d28t2-n1-da5b-mdv-d36t2-n1-da5b-mdv-d45t2-n1-da5b-mdv-d56t2\/","title":{"rendered":"Unit\u00e9 int\u00e9rieure DRV gainable Pression statique moyenne gainable, 2e g\u00e9n\u00e9ration, climatisation 2,2 &#8211; 14 kW MDV-D**T2\/N1-DA5(B)  MDV-D22T2\/N1-DA5(B) MDV-D28T2\/N1-DA5(B) MDV-D36T2\/N1-DA5(B) MDV-D45T2\/N1-DA5(B) MDV-D56T2\/N1-DA5(B) MDV-D71T2\/N1-DA5(B) MDV-D80T2\/N1-BA5(B) MDV-D90T2\/N1-BA5(B) MDV-D112T2\/N1-BA5(B) MDV-D140T2\/N1-BA5(B)  MIDEA"},"content":{"rendered":"","protected":false},"excerpt":{"rendered":"<h1>Pression statique moyenne Climatiseur gainable \u00e0 pression statique moyenne, 2e g\u00e9n\u00e9ration AC<\/h1>\n<p>Caract\u00e9ristiques du produit<\/p>\n<p>Unit\u00e9 int\u00e9rieure gainable \u00e0 pression statique moyenne, 2e g\u00e9n\u00e9ration<\/p>\n<p>3 vitesses de ventilation<br \/>\nHauteur de relevage de la pompe de vidange\u00a0: 75\u00a0cm<\/p>\n","protected":false},"featured_media":43026,"template":"","meta":[],"product_brand":[],"product_cat":[1992],"product_tag":[],"class_list":{"0":"post-43031","1":"product","2":"type-product","3":"status-publish","4":"has-post-thumbnail","6":"product_cat-systeme-vrf","8":"first","9":"instock","10":"shipping-taxable","11":"product-type-simple"},"yoast_head":"<!-- This site is optimized with the Yoast SEO plugin v27.1.1 - https:\/\/yoast.com\/product\/yoast-seo-wordpress\/ -->\n<title>Unit\u00e9 int\u00e9rieure DRV gainable Pression statique moyenne gainable, 2e g\u00e9n\u00e9ration, climatisation 2,2 - 14 kW MDV-D**T2\/N1-DA5(B) MDV-D22T2\/N1-DA5(B) MDV-D28T2\/N1-DA5(B) MDV-D36T2\/N1-DA5(B) MDV-D45T2\/N1-DA5(B) MDV-D56T2\/N1-DA5(B) MDV-D71T2\/N1-DA5(B) MDV-D80T2\/N1-BA5(B) MDV-D90T2\/N1-BA5(B) MDV-D112T2\/N1-BA5(B) MDV-D140T2\/N1-BA5(B) MIDEA - AirRent.ge<\/title>\n<meta name=\"robots\" content=\"index, follow, max-snippet:-1, max-image-preview:large, max-video-preview:-1\" \/>\n<link rel=\"canonical\" href=\"https:\/\/airrent.ge\/fr\/produit\/vrf-system-indoor-unit-ducted-middle-static-pressure-duct-2nd-generation-ac-2-2-14-kw-mdv-dt2-n1-da5b-mdv-d22t2-n1-da5b-mdv-d28t2-n1-da5b-mdv-d36t2-n1-da5b-mdv-d45t2-n1-da5b-mdv-d56t2\/\" \/>\n<meta property=\"og:locale\" content=\"fr_FR\" \/>\n<meta property=\"og:type\" content=\"article\" \/>\n<meta property=\"og:title\" content=\"Unit\u00e9 int\u00e9rieure DRV gainable Pression statique moyenne gainable, 2e g\u00e9n\u00e9ration, climatisation 2,2 - 14 kW MDV-D**T2\/N1-DA5(B) MDV-D22T2\/N1-DA5(B) MDV-D28T2\/N1-DA5(B) MDV-D36T2\/N1-DA5(B) MDV-D45T2\/N1-DA5(B) MDV-D56T2\/N1-DA5(B) MDV-D71T2\/N1-DA5(B) MDV-D80T2\/N1-BA5(B) MDV-D90T2\/N1-BA5(B) MDV-D112T2\/N1-BA5(B) MDV-D140T2\/N1-BA5(B) MIDEA - AirRent.ge\" \/>\n<meta property=\"og:description\" content=\"Pression statique moyenne Climatiseur gainable \u00e0 pression statique moyenne, 2e g\u00e9n\u00e9ration AC Caract\u00e9ristiques du produit  Unit\u00e9 int\u00e9rieure gainable \u00e0 pression statique moyenne, 2e g\u00e9n\u00e9ration  3 vitesses de ventilation Hauteur de relevage de la pompe de vidange\u00a0: 75\u00a0cm\" \/>\n<meta property=\"og:url\" content=\"https:\/\/airrent.ge\/fr\/produit\/vrf-system-indoor-unit-ducted-middle-static-pressure-duct-2nd-generation-ac-2-2-14-kw-mdv-dt2-n1-da5b-mdv-d22t2-n1-da5b-mdv-d28t2-n1-da5b-mdv-d36t2-n1-da5b-mdv-d45t2-n1-da5b-mdv-d56t2\/\" \/>\n<meta property=\"og:site_name\" content=\"AirRent.ge\" \/>\n<meta property=\"article:modified_time\" content=\"2025-10-18T11:10:43+00:00\" \/>\n<meta property=\"og:image\" content=\"https:\/\/airrent.ge\/wp-content\/uploads\/2025\/10\/cq5dam.web_.5000.5000-1_c.webp\" \/>\n\t<meta property=\"og:image:width\" content=\"768\" \/>\n\t<meta property=\"og:image:height\" content=\"768\" \/>\n\t<meta property=\"og:image:type\" content=\"image\/webp\" \/>\n<meta name=\"twitter:card\" content=\"summary_large_image\" \/>\n<script type=\"application\/ld+json\" class=\"yoast-schema-graph\">{\"@context\":\"https:\/\/schema.org\",\"@graph\":[{\"@type\":\"WebPage\",\"@id\":\"https:\/\/airrent.ge\/fr\/produit\/vrf-system-indoor-unit-ducted-middle-static-pressure-duct-2nd-generation-ac-2-2-14-kw-mdv-dt2-n1-da5b-mdv-d22t2-n1-da5b-mdv-d28t2-n1-da5b-mdv-d36t2-n1-da5b-mdv-d45t2-n1-da5b-mdv-d56t2\/\",\"url\":\"https:\/\/airrent.ge\/fr\/produit\/vrf-system-indoor-unit-ducted-middle-static-pressure-duct-2nd-generation-ac-2-2-14-kw-mdv-dt2-n1-da5b-mdv-d22t2-n1-da5b-mdv-d28t2-n1-da5b-mdv-d36t2-n1-da5b-mdv-d45t2-n1-da5b-mdv-d56t2\/\",\"name\":\"Unit\u00e9 int\u00e9rieure DRV gainable Pression statique moyenne gainable, 2e g\u00e9n\u00e9ration, climatisation 2,2 - 14 kW MDV-D**T2\/N1-DA5(B) MDV-D22T2\/N1-DA5(B) MDV-D28T2\/N1-DA5(B) MDV-D36T2\/N1-DA5(B) MDV-D45T2\/N1-DA5(B) MDV-D56T2\/N1-DA5(B) MDV-D71T2\/N1-DA5(B) MDV-D80T2\/N1-BA5(B) MDV-D90T2\/N1-BA5(B) MDV-D112T2\/N1-BA5(B) MDV-D140T2\/N1-BA5(B) MIDEA - AirRent.ge\",\"isPartOf\":{\"@id\":\"https:\/\/airrent.ge\/#website\"},\"primaryImageOfPage\":{\"@id\":\"https:\/\/airrent.ge\/fr\/produit\/vrf-system-indoor-unit-ducted-middle-static-pressure-duct-2nd-generation-ac-2-2-14-kw-mdv-dt2-n1-da5b-mdv-d22t2-n1-da5b-mdv-d28t2-n1-da5b-mdv-d36t2-n1-da5b-mdv-d45t2-n1-da5b-mdv-d56t2\/#primaryimage\"},\"image\":{\"@id\":\"https:\/\/airrent.ge\/fr\/produit\/vrf-system-indoor-unit-ducted-middle-static-pressure-duct-2nd-generation-ac-2-2-14-kw-mdv-dt2-n1-da5b-mdv-d22t2-n1-da5b-mdv-d28t2-n1-da5b-mdv-d36t2-n1-da5b-mdv-d45t2-n1-da5b-mdv-d56t2\/#primaryimage\"},\"thumbnailUrl\":\"https:\/\/airrent.ge\/wp-content\/uploads\/2025\/10\/cq5dam.web_.5000.5000-1_c.webp\",\"datePublished\":\"2025-10-18T11:03:28+00:00\",\"dateModified\":\"2025-10-18T11:10:43+00:00\",\"breadcrumb\":{\"@id\":\"https:\/\/airrent.ge\/fr\/produit\/vrf-system-indoor-unit-ducted-middle-static-pressure-duct-2nd-generation-ac-2-2-14-kw-mdv-dt2-n1-da5b-mdv-d22t2-n1-da5b-mdv-d28t2-n1-da5b-mdv-d36t2-n1-da5b-mdv-d45t2-n1-da5b-mdv-d56t2\/#breadcrumb\"},\"inLanguage\":\"fr-FR\",\"potentialAction\":[{\"@type\":\"ReadAction\",\"target\":[\"https:\/\/airrent.ge\/fr\/produit\/vrf-system-indoor-unit-ducted-middle-static-pressure-duct-2nd-generation-ac-2-2-14-kw-mdv-dt2-n1-da5b-mdv-d22t2-n1-da5b-mdv-d28t2-n1-da5b-mdv-d36t2-n1-da5b-mdv-d45t2-n1-da5b-mdv-d56t2\/\"]}]},{\"@type\":\"ImageObject\",\"inLanguage\":\"fr-FR\",\"@id\":\"https:\/\/airrent.ge\/fr\/produit\/vrf-system-indoor-unit-ducted-middle-static-pressure-duct-2nd-generation-ac-2-2-14-kw-mdv-dt2-n1-da5b-mdv-d22t2-n1-da5b-mdv-d28t2-n1-da5b-mdv-d36t2-n1-da5b-mdv-d45t2-n1-da5b-mdv-d56t2\/#primaryimage\",\"url\":\"https:\/\/airrent.ge\/wp-content\/uploads\/2025\/10\/cq5dam.web_.5000.5000-1_c.webp\",\"contentUrl\":\"https:\/\/airrent.ge\/wp-content\/uploads\/2025\/10\/cq5dam.web_.5000.5000-1_c.webp\",\"width\":768,\"height\":768},{\"@type\":\"BreadcrumbList\",\"@id\":\"https:\/\/airrent.ge\/fr\/produit\/vrf-system-indoor-unit-ducted-middle-static-pressure-duct-2nd-generation-ac-2-2-14-kw-mdv-dt2-n1-da5b-mdv-d22t2-n1-da5b-mdv-d28t2-n1-da5b-mdv-d36t2-n1-da5b-mdv-d45t2-n1-da5b-mdv-d56t2\/#breadcrumb\",\"itemListElement\":[{\"@type\":\"ListItem\",\"position\":1,\"name\":\"Home\",\"item\":\"https:\/\/airrent.ge\/fr\/home\/\"},{\"@type\":\"ListItem\",\"position\":2,\"name\":\"Products\",\"item\":\"https:\/\/airrent.ge\/fr\/products\/\"},{\"@type\":\"ListItem\",\"position\":3,\"name\":\"Unit\u00e9 int\u00e9rieure DRV gainable Pression statique moyenne gainable, 2e g\u00e9n\u00e9ration, climatisation 2,2 &#8211; 14 kW MDV-D**T2\/N1-DA5(B) MDV-D22T2\/N1-DA5(B) MDV-D28T2\/N1-DA5(B) MDV-D36T2\/N1-DA5(B) MDV-D45T2\/N1-DA5(B) MDV-D56T2\/N1-DA5(B) MDV-D71T2\/N1-DA5(B) MDV-D80T2\/N1-BA5(B) MDV-D90T2\/N1-BA5(B) MDV-D112T2\/N1-BA5(B) MDV-D140T2\/N1-BA5(B) MIDEA\"}]},{\"@type\":\"WebSite\",\"@id\":\"https:\/\/airrent.ge\/#website\",\"url\":\"https:\/\/airrent.ge\/\",\"name\":\"airrent.ge\",\"description\":\"Rental Services\",\"publisher\":{\"@id\":\"https:\/\/airrent.ge\/#organization\"},\"potentialAction\":[{\"@type\":\"SearchAction\",\"target\":{\"@type\":\"EntryPoint\",\"urlTemplate\":\"https:\/\/airrent.ge\/?s={search_term_string}\"},\"query-input\":{\"@type\":\"PropertyValueSpecification\",\"valueRequired\":true,\"valueName\":\"search_term_string\"}}],\"inLanguage\":\"fr-FR\"},{\"@type\":\"Organization\",\"@id\":\"https:\/\/airrent.ge\/#organization\",\"name\":\"airrent.ge\",\"url\":\"https:\/\/airrent.ge\/\",\"logo\":{\"@type\":\"ImageObject\",\"inLanguage\":\"fr-FR\",\"@id\":\"https:\/\/airrent.ge\/#\/schema\/logo\/image\/\",\"url\":\"https:\/\/airrent.ge\/wp-content\/uploads\/2026\/03\/airrent.png\",\"contentUrl\":\"https:\/\/airrent.ge\/wp-content\/uploads\/2026\/03\/airrent.png\",\"width\":1536,\"height\":1024,\"caption\":\"airrent.ge\"},\"image\":{\"@id\":\"https:\/\/airrent.ge\/#\/schema\/logo\/image\/\"}}]}<\/script>\n<!-- \/ Yoast SEO plugin. -->","yoast_head_json":{"title":"Unit\u00e9 int\u00e9rieure DRV gainable Pression statique moyenne gainable, 2e g\u00e9n\u00e9ration, climatisation 2,2 - 14 kW MDV-D**T2\/N1-DA5(B) MDV-D22T2\/N1-DA5(B) MDV-D28T2\/N1-DA5(B) MDV-D36T2\/N1-DA5(B) MDV-D45T2\/N1-DA5(B) MDV-D56T2\/N1-DA5(B) MDV-D71T2\/N1-DA5(B) MDV-D80T2\/N1-BA5(B) MDV-D90T2\/N1-BA5(B) MDV-D112T2\/N1-BA5(B) MDV-D140T2\/N1-BA5(B) MIDEA - AirRent.ge","robots":{"index":"index","follow":"follow","max-snippet":"max-snippet:-1","max-image-preview":"max-image-preview:large","max-video-preview":"max-video-preview:-1"},"canonical":"https:\/\/airrent.ge\/fr\/produit\/vrf-system-indoor-unit-ducted-middle-static-pressure-duct-2nd-generation-ac-2-2-14-kw-mdv-dt2-n1-da5b-mdv-d22t2-n1-da5b-mdv-d28t2-n1-da5b-mdv-d36t2-n1-da5b-mdv-d45t2-n1-da5b-mdv-d56t2\/","og_locale":"fr_FR","og_type":"article","og_title":"Unit\u00e9 int\u00e9rieure DRV gainable Pression statique moyenne gainable, 2e g\u00e9n\u00e9ration, climatisation 2,2 - 14 kW MDV-D**T2\/N1-DA5(B) MDV-D22T2\/N1-DA5(B) MDV-D28T2\/N1-DA5(B) MDV-D36T2\/N1-DA5(B) MDV-D45T2\/N1-DA5(B) MDV-D56T2\/N1-DA5(B) MDV-D71T2\/N1-DA5(B) MDV-D80T2\/N1-BA5(B) MDV-D90T2\/N1-BA5(B) MDV-D112T2\/N1-BA5(B) MDV-D140T2\/N1-BA5(B) MIDEA - AirRent.ge","og_description":"Pression statique moyenne Climatiseur gainable \u00e0 pression statique moyenne, 2e g\u00e9n\u00e9ration AC Caract\u00e9ristiques du produit  Unit\u00e9 int\u00e9rieure gainable \u00e0 pression statique moyenne, 2e g\u00e9n\u00e9ration  3 vitesses de ventilation Hauteur de relevage de la pompe de vidange\u00a0: 75\u00a0cm","og_url":"https:\/\/airrent.ge\/fr\/produit\/vrf-system-indoor-unit-ducted-middle-static-pressure-duct-2nd-generation-ac-2-2-14-kw-mdv-dt2-n1-da5b-mdv-d22t2-n1-da5b-mdv-d28t2-n1-da5b-mdv-d36t2-n1-da5b-mdv-d45t2-n1-da5b-mdv-d56t2\/","og_site_name":"AirRent.ge","article_modified_time":"2025-10-18T11:10:43+00:00","og_image":[{"width":768,"height":768,"url":"https:\/\/airrent.ge\/wp-content\/uploads\/2025\/10\/cq5dam.web_.5000.5000-1_c.webp","type":"image\/webp"}],"twitter_card":"summary_large_image","schema":{"@context":"https:\/\/schema.org","@graph":[{"@type":"WebPage","@id":"https:\/\/airrent.ge\/fr\/produit\/vrf-system-indoor-unit-ducted-middle-static-pressure-duct-2nd-generation-ac-2-2-14-kw-mdv-dt2-n1-da5b-mdv-d22t2-n1-da5b-mdv-d28t2-n1-da5b-mdv-d36t2-n1-da5b-mdv-d45t2-n1-da5b-mdv-d56t2\/","url":"https:\/\/airrent.ge\/fr\/produit\/vrf-system-indoor-unit-ducted-middle-static-pressure-duct-2nd-generation-ac-2-2-14-kw-mdv-dt2-n1-da5b-mdv-d22t2-n1-da5b-mdv-d28t2-n1-da5b-mdv-d36t2-n1-da5b-mdv-d45t2-n1-da5b-mdv-d56t2\/","name":"Unit\u00e9 int\u00e9rieure DRV gainable Pression statique moyenne gainable, 2e g\u00e9n\u00e9ration, climatisation 2,2 - 14 kW MDV-D**T2\/N1-DA5(B) MDV-D22T2\/N1-DA5(B) MDV-D28T2\/N1-DA5(B) MDV-D36T2\/N1-DA5(B) MDV-D45T2\/N1-DA5(B) MDV-D56T2\/N1-DA5(B) MDV-D71T2\/N1-DA5(B) MDV-D80T2\/N1-BA5(B) MDV-D90T2\/N1-BA5(B) MDV-D112T2\/N1-BA5(B) MDV-D140T2\/N1-BA5(B) MIDEA - AirRent.ge","isPartOf":{"@id":"https:\/\/airrent.ge\/#website"},"primaryImageOfPage":{"@id":"https:\/\/airrent.ge\/fr\/produit\/vrf-system-indoor-unit-ducted-middle-static-pressure-duct-2nd-generation-ac-2-2-14-kw-mdv-dt2-n1-da5b-mdv-d22t2-n1-da5b-mdv-d28t2-n1-da5b-mdv-d36t2-n1-da5b-mdv-d45t2-n1-da5b-mdv-d56t2\/#primaryimage"},"image":{"@id":"https:\/\/airrent.ge\/fr\/produit\/vrf-system-indoor-unit-ducted-middle-static-pressure-duct-2nd-generation-ac-2-2-14-kw-mdv-dt2-n1-da5b-mdv-d22t2-n1-da5b-mdv-d28t2-n1-da5b-mdv-d36t2-n1-da5b-mdv-d45t2-n1-da5b-mdv-d56t2\/#primaryimage"},"thumbnailUrl":"https:\/\/airrent.ge\/wp-content\/uploads\/2025\/10\/cq5dam.web_.5000.5000-1_c.webp","datePublished":"2025-10-18T11:03:28+00:00","dateModified":"2025-10-18T11:10:43+00:00","breadcrumb":{"@id":"https:\/\/airrent.ge\/fr\/produit\/vrf-system-indoor-unit-ducted-middle-static-pressure-duct-2nd-generation-ac-2-2-14-kw-mdv-dt2-n1-da5b-mdv-d22t2-n1-da5b-mdv-d28t2-n1-da5b-mdv-d36t2-n1-da5b-mdv-d45t2-n1-da5b-mdv-d56t2\/#breadcrumb"},"inLanguage":"fr-FR","potentialAction":[{"@type":"ReadAction","target":["https:\/\/airrent.ge\/fr\/produit\/vrf-system-indoor-unit-ducted-middle-static-pressure-duct-2nd-generation-ac-2-2-14-kw-mdv-dt2-n1-da5b-mdv-d22t2-n1-da5b-mdv-d28t2-n1-da5b-mdv-d36t2-n1-da5b-mdv-d45t2-n1-da5b-mdv-d56t2\/"]}]},{"@type":"ImageObject","inLanguage":"fr-FR","@id":"https:\/\/airrent.ge\/fr\/produit\/vrf-system-indoor-unit-ducted-middle-static-pressure-duct-2nd-generation-ac-2-2-14-kw-mdv-dt2-n1-da5b-mdv-d22t2-n1-da5b-mdv-d28t2-n1-da5b-mdv-d36t2-n1-da5b-mdv-d45t2-n1-da5b-mdv-d56t2\/#primaryimage","url":"https:\/\/airrent.ge\/wp-content\/uploads\/2025\/10\/cq5dam.web_.5000.5000-1_c.webp","contentUrl":"https:\/\/airrent.ge\/wp-content\/uploads\/2025\/10\/cq5dam.web_.5000.5000-1_c.webp","width":768,"height":768},{"@type":"BreadcrumbList","@id":"https:\/\/airrent.ge\/fr\/produit\/vrf-system-indoor-unit-ducted-middle-static-pressure-duct-2nd-generation-ac-2-2-14-kw-mdv-dt2-n1-da5b-mdv-d22t2-n1-da5b-mdv-d28t2-n1-da5b-mdv-d36t2-n1-da5b-mdv-d45t2-n1-da5b-mdv-d56t2\/#breadcrumb","itemListElement":[{"@type":"ListItem","position":1,"name":"Home","item":"https:\/\/airrent.ge\/fr\/home\/"},{"@type":"ListItem","position":2,"name":"Products","item":"https:\/\/airrent.ge\/fr\/products\/"},{"@type":"ListItem","position":3,"name":"Unit\u00e9 int\u00e9rieure DRV gainable Pression statique moyenne gainable, 2e g\u00e9n\u00e9ration, climatisation 2,2 &#8211; 14 kW MDV-D**T2\/N1-DA5(B) MDV-D22T2\/N1-DA5(B) MDV-D28T2\/N1-DA5(B) MDV-D36T2\/N1-DA5(B) MDV-D45T2\/N1-DA5(B) MDV-D56T2\/N1-DA5(B) MDV-D71T2\/N1-DA5(B) MDV-D80T2\/N1-BA5(B) MDV-D90T2\/N1-BA5(B) MDV-D112T2\/N1-BA5(B) MDV-D140T2\/N1-BA5(B) MIDEA"}]},{"@type":"WebSite","@id":"https:\/\/airrent.ge\/#website","url":"https:\/\/airrent.ge\/","name":"airrent.ge","description":"Rental Services","publisher":{"@id":"https:\/\/airrent.ge\/#organization"},"potentialAction":[{"@type":"SearchAction","target":{"@type":"EntryPoint","urlTemplate":"https:\/\/airrent.ge\/?s={search_term_string}"},"query-input":{"@type":"PropertyValueSpecification","valueRequired":true,"valueName":"search_term_string"}}],"inLanguage":"fr-FR"},{"@type":"Organization","@id":"https:\/\/airrent.ge\/#organization","name":"airrent.ge","url":"https:\/\/airrent.ge\/","logo":{"@type":"ImageObject","inLanguage":"fr-FR","@id":"https:\/\/airrent.ge\/#\/schema\/logo\/image\/","url":"https:\/\/airrent.ge\/wp-content\/uploads\/2026\/03\/airrent.png","contentUrl":"https:\/\/airrent.ge\/wp-content\/uploads\/2026\/03\/airrent.png","width":1536,"height":1024,"caption":"airrent.ge"},"image":{"@id":"https:\/\/airrent.ge\/#\/schema\/logo\/image\/"}}]}},"_links":{"self":[{"href":"https:\/\/airrent.ge\/fr\/wp-json\/wp\/v2\/product\/43031","targetHints":{"allow":["GET"]}}],"collection":[{"href":"https:\/\/airrent.ge\/fr\/wp-json\/wp\/v2\/product"}],"about":[{"href":"https:\/\/airrent.ge\/fr\/wp-json\/wp\/v2\/types\/product"}],"wp:featuredmedia":[{"embeddable":true,"href":"https:\/\/airrent.ge\/fr\/wp-json\/wp\/v2\/media\/43026"}],"wp:attachment":[{"href":"https:\/\/airrent.ge\/fr\/wp-json\/wp\/v2\/media?parent=43031"}],"wp:term":[{"taxonomy":"product_brand","embeddable":true,"href":"https:\/\/airrent.ge\/fr\/wp-json\/wp\/v2\/product_brand?post=43031"},{"taxonomy":"product_cat","embeddable":true,"href":"https:\/\/airrent.ge\/fr\/wp-json\/wp\/v2\/product_cat?post=43031"},{"taxonomy":"product_tag","embeddable":true,"href":"https:\/\/airrent.ge\/fr\/wp-json\/wp\/v2\/product_tag?post=43031"}],"curies":[{"name":"wp","href":"https:\/\/api.w.org\/{rel}","templated":true}]}}