{"id":43079,"date":"2025-10-18T16:26:01","date_gmt":"2025-10-18T12:26:01","guid":{"rendered":"https:\/\/airsystems.ge\/shop\/product\/vrf-system-indoor-unit-ducted-arc-duct-v8-1-5-11-2-kw-miht3hn18-mih15t3hn18-mih22t3hn18-mih28t3hn18-mih36t3hn18-mih45t3hn18-mih56t3hn18-mih71t3hn18-mih80t3hn18-mih90t3hn18-mih112t3hn18-midea\/"},"modified":"2025-10-18T16:31:58","modified_gmt":"2025-10-18T12:31:58","slug":"vrf-system-indoor-unit-ducted-arc-duct-v8-1-5-11-2-kw-miht3hn18-mih15t3hn18-mih22t3hn18-mih28t3hn18-mih36t3hn18-mih45t3hn18-mih56t3hn18-mih71t3hn18-mih80t3hn18-mih90t3hn18-mih112t3hn18-midea","status":"publish","type":"product","link":"https:\/\/airrent.ge\/fr\/produit\/vrf-system-indoor-unit-ducted-arc-duct-v8-1-5-11-2-kw-miht3hn18-mih15t3hn18-mih22t3hn18-mih28t3hn18-mih36t3hn18-mih45t3hn18-mih56t3hn18-mih71t3hn18-mih80t3hn18-mih90t3hn18-mih112t3hn18-midea\/","title":{"rendered":"Syst\u00e8me VRF Unit\u00e9 int\u00e9rieure gainable Arc Duct, V8 1,5 &#8211; 11,2 kW MIH**T3HN18  MIH15T3HN18 MIH22T3HN18 MIH28T3HN18 MIH36T3HN18 MIH45T3HN18 MIH56T3HN18 MIH71T3HN18 MIH80T3HN18 MIH90T3HN18 MIH112T3HN18  MIDEA"},"content":{"rendered":"","protected":false},"excerpt":{"rendered":"<h1>Arc Duct, V8<\/h1>\n<p>Caract\u00e9ristiques du produit<\/p>\n<p>Unit\u00e9 int\u00e9rieure gainable de la g\u00e9n\u00e9ration V8<\/p>\n<p>Technologie Inverter 7 vitesses<br \/>\nConception ultra-mince\u00a0: hauteur de 20\u00a0cm<br \/>\nPompe de vidange Inverter haute pression\u00a0: hauteur de relevage de 1,2\u00a0m<br \/>\nOrifice d&rsquo;admission d&rsquo;air frais\u00a0: jusqu&rsquo;\u00e0 10\u00a0%<br \/>\nVisualisation du taux de colmatage du filtre encrass\u00e9<br \/>\nSyst\u00e8me \u00e9lectrostatique adaptatif\u00a0: statique Modification automatique de la pression pour un flux d&rsquo;air constant<br \/>\nContr\u00f4le de l&rsquo;humidit\u00e9<br \/>\nMETA 2\u00a0: Efficacit\u00e9 am\u00e9lior\u00e9e, refroidissement\/chauffage rapide<br \/>\nHyperlien\u00a0: R\u00e9duction du temps et des co\u00fbts d&rsquo;installation<br \/>\nZen air 2.0\u00a0: Gestion multifonctionnelle du flux d&rsquo;air<br \/>\nFonction de nettoyage automatique de l&rsquo;\u00e9changeur de chaleur<br \/>\nFonctionnement silencieux<\/p>\n","protected":false},"featured_media":43074,"template":"","meta":[],"product_brand":[],"product_cat":[1992],"product_tag":[],"class_list":{"0":"post-43079","1":"product","2":"type-product","3":"status-publish","4":"has-post-thumbnail","6":"product_cat-systeme-vrf","8":"first","9":"instock","10":"shipping-taxable","11":"product-type-simple"},"yoast_head":"<!-- This site is optimized with the Yoast SEO plugin v27.1.1 - https:\/\/yoast.com\/product\/yoast-seo-wordpress\/ -->\n<title>Syst\u00e8me VRF Unit\u00e9 int\u00e9rieure gainable Arc Duct, V8 1,5 - 11,2 kW MIH**T3HN18 MIH15T3HN18 MIH22T3HN18 MIH28T3HN18 MIH36T3HN18 MIH45T3HN18 MIH56T3HN18 MIH71T3HN18 MIH80T3HN18 MIH90T3HN18 MIH112T3HN18 MIDEA - AirRent.ge<\/title>\n<meta name=\"robots\" content=\"index, follow, max-snippet:-1, max-image-preview:large, max-video-preview:-1\" \/>\n<link rel=\"canonical\" href=\"https:\/\/airrent.ge\/fr\/produit\/vrf-system-indoor-unit-ducted-arc-duct-v8-1-5-11-2-kw-miht3hn18-mih15t3hn18-mih22t3hn18-mih28t3hn18-mih36t3hn18-mih45t3hn18-mih56t3hn18-mih71t3hn18-mih80t3hn18-mih90t3hn18-mih112t3hn18-midea\/\" \/>\n<meta property=\"og:locale\" content=\"fr_FR\" \/>\n<meta property=\"og:type\" content=\"article\" \/>\n<meta property=\"og:title\" content=\"Syst\u00e8me VRF Unit\u00e9 int\u00e9rieure gainable Arc Duct, V8 1,5 - 11,2 kW MIH**T3HN18 MIH15T3HN18 MIH22T3HN18 MIH28T3HN18 MIH36T3HN18 MIH45T3HN18 MIH56T3HN18 MIH71T3HN18 MIH80T3HN18 MIH90T3HN18 MIH112T3HN18 MIDEA - AirRent.ge\" \/>\n<meta property=\"og:description\" content=\"Arc Duct, V8 Caract\u00e9ristiques du produit  Unit\u00e9 int\u00e9rieure gainable de la g\u00e9n\u00e9ration V8  Technologie Inverter 7 vitesses Conception ultra-mince\u00a0: hauteur de 20\u00a0cm Pompe de vidange Inverter haute pression\u00a0: hauteur de relevage de 1,2\u00a0m Orifice d&#039;admission d&#039;air frais\u00a0: jusqu&#039;\u00e0 10\u00a0% Visualisation du taux de colmatage du filtre encrass\u00e9 Syst\u00e8me \u00e9lectrostatique adaptatif\u00a0: statique Modification automatique de la pression pour un flux d&#039;air constant Contr\u00f4le de l&#039;humidit\u00e9 META 2\u00a0: Efficacit\u00e9 am\u00e9lior\u00e9e, refroidissement\/chauffage rapide Hyperlien\u00a0: R\u00e9duction du temps et des co\u00fbts d&#039;installation Zen air 2.0\u00a0: Gestion multifonctionnelle du flux d&#039;air Fonction de nettoyage automatique de l&#039;\u00e9changeur de chaleur Fonctionnement silencieux\" \/>\n<meta property=\"og:url\" content=\"https:\/\/airrent.ge\/fr\/produit\/vrf-system-indoor-unit-ducted-arc-duct-v8-1-5-11-2-kw-miht3hn18-mih15t3hn18-mih22t3hn18-mih28t3hn18-mih36t3hn18-mih45t3hn18-mih56t3hn18-mih71t3hn18-mih80t3hn18-mih90t3hn18-mih112t3hn18-midea\/\" \/>\n<meta property=\"og:site_name\" content=\"AirRent.ge\" \/>\n<meta property=\"article:modified_time\" content=\"2025-10-18T12:31:58+00:00\" \/>\n<meta property=\"og:image\" content=\"https:\/\/airrent.ge\/wp-content\/uploads\/2025\/10\/arc-duct_c.webp\" \/>\n\t<meta property=\"og:image:width\" content=\"768\" \/>\n\t<meta property=\"og:image:height\" content=\"512\" \/>\n\t<meta property=\"og:image:type\" content=\"image\/webp\" \/>\n<meta name=\"twitter:card\" content=\"summary_large_image\" \/>\n<script type=\"application\/ld+json\" class=\"yoast-schema-graph\">{\"@context\":\"https:\/\/schema.org\",\"@graph\":[{\"@type\":\"WebPage\",\"@id\":\"https:\/\/airrent.ge\/fr\/produit\/vrf-system-indoor-unit-ducted-arc-duct-v8-1-5-11-2-kw-miht3hn18-mih15t3hn18-mih22t3hn18-mih28t3hn18-mih36t3hn18-mih45t3hn18-mih56t3hn18-mih71t3hn18-mih80t3hn18-mih90t3hn18-mih112t3hn18-midea\/\",\"url\":\"https:\/\/airrent.ge\/fr\/produit\/vrf-system-indoor-unit-ducted-arc-duct-v8-1-5-11-2-kw-miht3hn18-mih15t3hn18-mih22t3hn18-mih28t3hn18-mih36t3hn18-mih45t3hn18-mih56t3hn18-mih71t3hn18-mih80t3hn18-mih90t3hn18-mih112t3hn18-midea\/\",\"name\":\"Syst\u00e8me VRF Unit\u00e9 int\u00e9rieure gainable Arc Duct, V8 1,5 - 11,2 kW MIH**T3HN18 MIH15T3HN18 MIH22T3HN18 MIH28T3HN18 MIH36T3HN18 MIH45T3HN18 MIH56T3HN18 MIH71T3HN18 MIH80T3HN18 MIH90T3HN18 MIH112T3HN18 MIDEA - AirRent.ge\",\"isPartOf\":{\"@id\":\"https:\/\/airrent.ge\/#website\"},\"primaryImageOfPage\":{\"@id\":\"https:\/\/airrent.ge\/fr\/produit\/vrf-system-indoor-unit-ducted-arc-duct-v8-1-5-11-2-kw-miht3hn18-mih15t3hn18-mih22t3hn18-mih28t3hn18-mih36t3hn18-mih45t3hn18-mih56t3hn18-mih71t3hn18-mih80t3hn18-mih90t3hn18-mih112t3hn18-midea\/#primaryimage\"},\"image\":{\"@id\":\"https:\/\/airrent.ge\/fr\/produit\/vrf-system-indoor-unit-ducted-arc-duct-v8-1-5-11-2-kw-miht3hn18-mih15t3hn18-mih22t3hn18-mih28t3hn18-mih36t3hn18-mih45t3hn18-mih56t3hn18-mih71t3hn18-mih80t3hn18-mih90t3hn18-mih112t3hn18-midea\/#primaryimage\"},\"thumbnailUrl\":\"https:\/\/airrent.ge\/wp-content\/uploads\/2025\/10\/arc-duct_c.webp\",\"datePublished\":\"2025-10-18T12:26:01+00:00\",\"dateModified\":\"2025-10-18T12:31:58+00:00\",\"breadcrumb\":{\"@id\":\"https:\/\/airrent.ge\/fr\/produit\/vrf-system-indoor-unit-ducted-arc-duct-v8-1-5-11-2-kw-miht3hn18-mih15t3hn18-mih22t3hn18-mih28t3hn18-mih36t3hn18-mih45t3hn18-mih56t3hn18-mih71t3hn18-mih80t3hn18-mih90t3hn18-mih112t3hn18-midea\/#breadcrumb\"},\"inLanguage\":\"fr-FR\",\"potentialAction\":[{\"@type\":\"ReadAction\",\"target\":[\"https:\/\/airrent.ge\/fr\/produit\/vrf-system-indoor-unit-ducted-arc-duct-v8-1-5-11-2-kw-miht3hn18-mih15t3hn18-mih22t3hn18-mih28t3hn18-mih36t3hn18-mih45t3hn18-mih56t3hn18-mih71t3hn18-mih80t3hn18-mih90t3hn18-mih112t3hn18-midea\/\"]}]},{\"@type\":\"ImageObject\",\"inLanguage\":\"fr-FR\",\"@id\":\"https:\/\/airrent.ge\/fr\/produit\/vrf-system-indoor-unit-ducted-arc-duct-v8-1-5-11-2-kw-miht3hn18-mih15t3hn18-mih22t3hn18-mih28t3hn18-mih36t3hn18-mih45t3hn18-mih56t3hn18-mih71t3hn18-mih80t3hn18-mih90t3hn18-mih112t3hn18-midea\/#primaryimage\",\"url\":\"https:\/\/airrent.ge\/wp-content\/uploads\/2025\/10\/arc-duct_c.webp\",\"contentUrl\":\"https:\/\/airrent.ge\/wp-content\/uploads\/2025\/10\/arc-duct_c.webp\",\"width\":768,\"height\":512},{\"@type\":\"BreadcrumbList\",\"@id\":\"https:\/\/airrent.ge\/fr\/produit\/vrf-system-indoor-unit-ducted-arc-duct-v8-1-5-11-2-kw-miht3hn18-mih15t3hn18-mih22t3hn18-mih28t3hn18-mih36t3hn18-mih45t3hn18-mih56t3hn18-mih71t3hn18-mih80t3hn18-mih90t3hn18-mih112t3hn18-midea\/#breadcrumb\",\"itemListElement\":[{\"@type\":\"ListItem\",\"position\":1,\"name\":\"Home\",\"item\":\"https:\/\/airrent.ge\/fr\/home\/\"},{\"@type\":\"ListItem\",\"position\":2,\"name\":\"Products\",\"item\":\"https:\/\/airrent.ge\/fr\/products\/\"},{\"@type\":\"ListItem\",\"position\":3,\"name\":\"Syst\u00e8me VRF Unit\u00e9 int\u00e9rieure gainable Arc Duct, V8 1,5 &#8211; 11,2 kW MIH**T3HN18 MIH15T3HN18 MIH22T3HN18 MIH28T3HN18 MIH36T3HN18 MIH45T3HN18 MIH56T3HN18 MIH71T3HN18 MIH80T3HN18 MIH90T3HN18 MIH112T3HN18 MIDEA\"}]},{\"@type\":\"WebSite\",\"@id\":\"https:\/\/airrent.ge\/#website\",\"url\":\"https:\/\/airrent.ge\/\",\"name\":\"airrent.ge\",\"description\":\"Rental Services\",\"publisher\":{\"@id\":\"https:\/\/airrent.ge\/#organization\"},\"potentialAction\":[{\"@type\":\"SearchAction\",\"target\":{\"@type\":\"EntryPoint\",\"urlTemplate\":\"https:\/\/airrent.ge\/?s={search_term_string}\"},\"query-input\":{\"@type\":\"PropertyValueSpecification\",\"valueRequired\":true,\"valueName\":\"search_term_string\"}}],\"inLanguage\":\"fr-FR\"},{\"@type\":\"Organization\",\"@id\":\"https:\/\/airrent.ge\/#organization\",\"name\":\"airrent.ge\",\"url\":\"https:\/\/airrent.ge\/\",\"logo\":{\"@type\":\"ImageObject\",\"inLanguage\":\"fr-FR\",\"@id\":\"https:\/\/airrent.ge\/#\/schema\/logo\/image\/\",\"url\":\"https:\/\/airrent.ge\/wp-content\/uploads\/2026\/03\/airrent.png\",\"contentUrl\":\"https:\/\/airrent.ge\/wp-content\/uploads\/2026\/03\/airrent.png\",\"width\":1536,\"height\":1024,\"caption\":\"airrent.ge\"},\"image\":{\"@id\":\"https:\/\/airrent.ge\/#\/schema\/logo\/image\/\"}}]}<\/script>\n<!-- \/ Yoast SEO plugin. -->","yoast_head_json":{"title":"Syst\u00e8me VRF Unit\u00e9 int\u00e9rieure gainable Arc Duct, V8 1,5 - 11,2 kW MIH**T3HN18 MIH15T3HN18 MIH22T3HN18 MIH28T3HN18 MIH36T3HN18 MIH45T3HN18 MIH56T3HN18 MIH71T3HN18 MIH80T3HN18 MIH90T3HN18 MIH112T3HN18 MIDEA - AirRent.ge","robots":{"index":"index","follow":"follow","max-snippet":"max-snippet:-1","max-image-preview":"max-image-preview:large","max-video-preview":"max-video-preview:-1"},"canonical":"https:\/\/airrent.ge\/fr\/produit\/vrf-system-indoor-unit-ducted-arc-duct-v8-1-5-11-2-kw-miht3hn18-mih15t3hn18-mih22t3hn18-mih28t3hn18-mih36t3hn18-mih45t3hn18-mih56t3hn18-mih71t3hn18-mih80t3hn18-mih90t3hn18-mih112t3hn18-midea\/","og_locale":"fr_FR","og_type":"article","og_title":"Syst\u00e8me VRF Unit\u00e9 int\u00e9rieure gainable Arc Duct, V8 1,5 - 11,2 kW MIH**T3HN18 MIH15T3HN18 MIH22T3HN18 MIH28T3HN18 MIH36T3HN18 MIH45T3HN18 MIH56T3HN18 MIH71T3HN18 MIH80T3HN18 MIH90T3HN18 MIH112T3HN18 MIDEA - AirRent.ge","og_description":"Arc Duct, V8 Caract\u00e9ristiques du produit  Unit\u00e9 int\u00e9rieure gainable de la g\u00e9n\u00e9ration V8  Technologie Inverter 7 vitesses Conception ultra-mince\u00a0: hauteur de 20\u00a0cm Pompe de vidange Inverter haute pression\u00a0: hauteur de relevage de 1,2\u00a0m Orifice d'admission d'air frais\u00a0: jusqu'\u00e0 10\u00a0% Visualisation du taux de colmatage du filtre encrass\u00e9 Syst\u00e8me \u00e9lectrostatique adaptatif\u00a0: statique Modification automatique de la pression pour un flux d'air constant Contr\u00f4le de l'humidit\u00e9 META 2\u00a0: Efficacit\u00e9 am\u00e9lior\u00e9e, refroidissement\/chauffage rapide Hyperlien\u00a0: R\u00e9duction du temps et des co\u00fbts d'installation Zen air 2.0\u00a0: Gestion multifonctionnelle du flux d'air Fonction de nettoyage automatique de l'\u00e9changeur de chaleur Fonctionnement silencieux","og_url":"https:\/\/airrent.ge\/fr\/produit\/vrf-system-indoor-unit-ducted-arc-duct-v8-1-5-11-2-kw-miht3hn18-mih15t3hn18-mih22t3hn18-mih28t3hn18-mih36t3hn18-mih45t3hn18-mih56t3hn18-mih71t3hn18-mih80t3hn18-mih90t3hn18-mih112t3hn18-midea\/","og_site_name":"AirRent.ge","article_modified_time":"2025-10-18T12:31:58+00:00","og_image":[{"width":768,"height":512,"url":"https:\/\/airrent.ge\/wp-content\/uploads\/2025\/10\/arc-duct_c.webp","type":"image\/webp"}],"twitter_card":"summary_large_image","schema":{"@context":"https:\/\/schema.org","@graph":[{"@type":"WebPage","@id":"https:\/\/airrent.ge\/fr\/produit\/vrf-system-indoor-unit-ducted-arc-duct-v8-1-5-11-2-kw-miht3hn18-mih15t3hn18-mih22t3hn18-mih28t3hn18-mih36t3hn18-mih45t3hn18-mih56t3hn18-mih71t3hn18-mih80t3hn18-mih90t3hn18-mih112t3hn18-midea\/","url":"https:\/\/airrent.ge\/fr\/produit\/vrf-system-indoor-unit-ducted-arc-duct-v8-1-5-11-2-kw-miht3hn18-mih15t3hn18-mih22t3hn18-mih28t3hn18-mih36t3hn18-mih45t3hn18-mih56t3hn18-mih71t3hn18-mih80t3hn18-mih90t3hn18-mih112t3hn18-midea\/","name":"Syst\u00e8me VRF Unit\u00e9 int\u00e9rieure gainable Arc Duct, V8 1,5 - 11,2 kW MIH**T3HN18 MIH15T3HN18 MIH22T3HN18 MIH28T3HN18 MIH36T3HN18 MIH45T3HN18 MIH56T3HN18 MIH71T3HN18 MIH80T3HN18 MIH90T3HN18 MIH112T3HN18 MIDEA - AirRent.ge","isPartOf":{"@id":"https:\/\/airrent.ge\/#website"},"primaryImageOfPage":{"@id":"https:\/\/airrent.ge\/fr\/produit\/vrf-system-indoor-unit-ducted-arc-duct-v8-1-5-11-2-kw-miht3hn18-mih15t3hn18-mih22t3hn18-mih28t3hn18-mih36t3hn18-mih45t3hn18-mih56t3hn18-mih71t3hn18-mih80t3hn18-mih90t3hn18-mih112t3hn18-midea\/#primaryimage"},"image":{"@id":"https:\/\/airrent.ge\/fr\/produit\/vrf-system-indoor-unit-ducted-arc-duct-v8-1-5-11-2-kw-miht3hn18-mih15t3hn18-mih22t3hn18-mih28t3hn18-mih36t3hn18-mih45t3hn18-mih56t3hn18-mih71t3hn18-mih80t3hn18-mih90t3hn18-mih112t3hn18-midea\/#primaryimage"},"thumbnailUrl":"https:\/\/airrent.ge\/wp-content\/uploads\/2025\/10\/arc-duct_c.webp","datePublished":"2025-10-18T12:26:01+00:00","dateModified":"2025-10-18T12:31:58+00:00","breadcrumb":{"@id":"https:\/\/airrent.ge\/fr\/produit\/vrf-system-indoor-unit-ducted-arc-duct-v8-1-5-11-2-kw-miht3hn18-mih15t3hn18-mih22t3hn18-mih28t3hn18-mih36t3hn18-mih45t3hn18-mih56t3hn18-mih71t3hn18-mih80t3hn18-mih90t3hn18-mih112t3hn18-midea\/#breadcrumb"},"inLanguage":"fr-FR","potentialAction":[{"@type":"ReadAction","target":["https:\/\/airrent.ge\/fr\/produit\/vrf-system-indoor-unit-ducted-arc-duct-v8-1-5-11-2-kw-miht3hn18-mih15t3hn18-mih22t3hn18-mih28t3hn18-mih36t3hn18-mih45t3hn18-mih56t3hn18-mih71t3hn18-mih80t3hn18-mih90t3hn18-mih112t3hn18-midea\/"]}]},{"@type":"ImageObject","inLanguage":"fr-FR","@id":"https:\/\/airrent.ge\/fr\/produit\/vrf-system-indoor-unit-ducted-arc-duct-v8-1-5-11-2-kw-miht3hn18-mih15t3hn18-mih22t3hn18-mih28t3hn18-mih36t3hn18-mih45t3hn18-mih56t3hn18-mih71t3hn18-mih80t3hn18-mih90t3hn18-mih112t3hn18-midea\/#primaryimage","url":"https:\/\/airrent.ge\/wp-content\/uploads\/2025\/10\/arc-duct_c.webp","contentUrl":"https:\/\/airrent.ge\/wp-content\/uploads\/2025\/10\/arc-duct_c.webp","width":768,"height":512},{"@type":"BreadcrumbList","@id":"https:\/\/airrent.ge\/fr\/produit\/vrf-system-indoor-unit-ducted-arc-duct-v8-1-5-11-2-kw-miht3hn18-mih15t3hn18-mih22t3hn18-mih28t3hn18-mih36t3hn18-mih45t3hn18-mih56t3hn18-mih71t3hn18-mih80t3hn18-mih90t3hn18-mih112t3hn18-midea\/#breadcrumb","itemListElement":[{"@type":"ListItem","position":1,"name":"Home","item":"https:\/\/airrent.ge\/fr\/home\/"},{"@type":"ListItem","position":2,"name":"Products","item":"https:\/\/airrent.ge\/fr\/products\/"},{"@type":"ListItem","position":3,"name":"Syst\u00e8me VRF Unit\u00e9 int\u00e9rieure gainable Arc Duct, V8 1,5 &#8211; 11,2 kW MIH**T3HN18 MIH15T3HN18 MIH22T3HN18 MIH28T3HN18 MIH36T3HN18 MIH45T3HN18 MIH56T3HN18 MIH71T3HN18 MIH80T3HN18 MIH90T3HN18 MIH112T3HN18 MIDEA"}]},{"@type":"WebSite","@id":"https:\/\/airrent.ge\/#website","url":"https:\/\/airrent.ge\/","name":"airrent.ge","description":"Rental Services","publisher":{"@id":"https:\/\/airrent.ge\/#organization"},"potentialAction":[{"@type":"SearchAction","target":{"@type":"EntryPoint","urlTemplate":"https:\/\/airrent.ge\/?s={search_term_string}"},"query-input":{"@type":"PropertyValueSpecification","valueRequired":true,"valueName":"search_term_string"}}],"inLanguage":"fr-FR"},{"@type":"Organization","@id":"https:\/\/airrent.ge\/#organization","name":"airrent.ge","url":"https:\/\/airrent.ge\/","logo":{"@type":"ImageObject","inLanguage":"fr-FR","@id":"https:\/\/airrent.ge\/#\/schema\/logo\/image\/","url":"https:\/\/airrent.ge\/wp-content\/uploads\/2026\/03\/airrent.png","contentUrl":"https:\/\/airrent.ge\/wp-content\/uploads\/2026\/03\/airrent.png","width":1536,"height":1024,"caption":"airrent.ge"},"image":{"@id":"https:\/\/airrent.ge\/#\/schema\/logo\/image\/"}}]}},"_links":{"self":[{"href":"https:\/\/airrent.ge\/fr\/wp-json\/wp\/v2\/product\/43079","targetHints":{"allow":["GET"]}}],"collection":[{"href":"https:\/\/airrent.ge\/fr\/wp-json\/wp\/v2\/product"}],"about":[{"href":"https:\/\/airrent.ge\/fr\/wp-json\/wp\/v2\/types\/product"}],"wp:featuredmedia":[{"embeddable":true,"href":"https:\/\/airrent.ge\/fr\/wp-json\/wp\/v2\/media\/43074"}],"wp:attachment":[{"href":"https:\/\/airrent.ge\/fr\/wp-json\/wp\/v2\/media?parent=43079"}],"wp:term":[{"taxonomy":"product_brand","embeddable":true,"href":"https:\/\/airrent.ge\/fr\/wp-json\/wp\/v2\/product_brand?post=43079"},{"taxonomy":"product_cat","embeddable":true,"href":"https:\/\/airrent.ge\/fr\/wp-json\/wp\/v2\/product_cat?post=43079"},{"taxonomy":"product_tag","embeddable":true,"href":"https:\/\/airrent.ge\/fr\/wp-json\/wp\/v2\/product_tag?post=43079"}],"curies":[{"name":"wp","href":"https:\/\/api.w.org\/{rel}","templated":true}]}}