{"id":43122,"date":"2025-10-18T16:52:13","date_gmt":"2025-10-18T12:52:13","guid":{"rendered":"https:\/\/airsystems.ge\/shop\/product\/vrf-system-indoor-unit-ducted-high-static-pressure-duct-v8-5-6-56-kw-miht1hn18-mih56t1hn18-mih71t1n18-mih80t1n18-mih90t1n18-mih112t1n18-mih125t1n18-mih140t1n18-mih160t1n18-mih200t1n18-mih224t1n1\/"},"modified":"2025-10-18T16:57:46","modified_gmt":"2025-10-18T12:57:46","slug":"vrf-system-indoor-unit-ducted-high-static-pressure-duct-v8-5-6-56-kw-miht1hn18-mih56t1hn18-mih71t1n18-mih80t1n18-mih90t1n18-mih112t1n18-mih125t1n18-mih140t1n18-mih160t1n18-mih200t1n18-mih224t1n1","status":"publish","type":"product","link":"https:\/\/airrent.ge\/fr\/produit\/vrf-system-indoor-unit-ducted-high-static-pressure-duct-v8-5-6-56-kw-miht1hn18-mih56t1hn18-mih71t1n18-mih80t1n18-mih90t1n18-mih112t1n18-mih125t1n18-mih140t1n18-mih160t1n18-mih200t1n18-mih224t1n1\/","title":{"rendered":"Syst\u00e8me VRF Unit\u00e9 int\u00e9rieure gainable Haute pression statique gainable, V8 5,6 &#8211; 56 kW MIH**T1HN18  MIH56T1HN18 MIH71T1N18 MIH80T1N18 MIH90T1N18 MIH112T1N18 MIH125T1N18 MIH140T1N18 MIH160T1N18 MIH200T1N18 MIH224T1N18 MIH252T1N18 MIH280T1N18 MIH335T1N18 MIH400T1N18 MIH450T1N18 MIH560T1N18  MIDEA"},"content":{"rendered":"","protected":false},"excerpt":{"rendered":"<h1>Haute pression statique gainable, V8<\/h1>\n<p>Caract\u00e9ristiques du produit<\/p>\n<p>V8 G\u00e9n\u00e9ration gainable, int\u00e9rieur Unit\u00e9<\/p>\n<p>Technologie Inverter 7 vitesses<br \/>\nVisualisation du taux de colmatage des filtres<br \/>\nESP adaptatif\u00a0: La pression statique s&rsquo;ajuste automatiquement pour assurer un d\u00e9bit d&rsquo;air constant<br \/>\nMETA 2\u00a0: Efficacit\u00e9 am\u00e9lior\u00e9e, refroidissement\/chauffage rapide<br \/>\nHyperlien\u00a0: R\u00e9duction du temps et des co\u00fbts d&rsquo;installation<br \/>\nZen air 2.0\u00a0: Gestion multifonctionnelle du flux d&rsquo;air<br \/>\nFonction de nettoyage automatique de l&rsquo;\u00e9changeur de chaleur<br \/>\nFonctionnement silencieux<\/p>\n","protected":false},"featured_media":43105,"template":"","meta":[],"product_brand":[],"product_cat":[1992],"product_tag":[],"class_list":{"0":"post-43122","1":"product","2":"type-product","3":"status-publish","4":"has-post-thumbnail","6":"product_cat-systeme-vrf","8":"first","9":"instock","10":"shipping-taxable","11":"product-type-simple"},"yoast_head":"<!-- This site is optimized with the Yoast SEO plugin v27.1.1 - https:\/\/yoast.com\/product\/yoast-seo-wordpress\/ -->\n<title>Syst\u00e8me VRF Unit\u00e9 int\u00e9rieure gainable Haute pression statique gainable, V8 5,6 - 56 kW MIH**T1HN18 MIH56T1HN18 MIH71T1N18 MIH80T1N18 MIH90T1N18 MIH112T1N18 MIH125T1N18 MIH140T1N18 MIH160T1N18 MIH200T1N18 MIH224T1N18 MIH252T1N18 MIH280T1N18 MIH335T1N18 MIH400T1N18 MIH450T1N18 MIH560T1N18 MIDEA - AirRent.ge<\/title>\n<meta name=\"robots\" content=\"index, follow, max-snippet:-1, max-image-preview:large, max-video-preview:-1\" \/>\n<link rel=\"canonical\" href=\"https:\/\/airrent.ge\/fr\/produit\/vrf-system-indoor-unit-ducted-high-static-pressure-duct-v8-5-6-56-kw-miht1hn18-mih56t1hn18-mih71t1n18-mih80t1n18-mih90t1n18-mih112t1n18-mih125t1n18-mih140t1n18-mih160t1n18-mih200t1n18-mih224t1n1\/\" \/>\n<meta property=\"og:locale\" content=\"fr_FR\" \/>\n<meta property=\"og:type\" content=\"article\" \/>\n<meta property=\"og:title\" content=\"Syst\u00e8me VRF Unit\u00e9 int\u00e9rieure gainable Haute pression statique gainable, V8 5,6 - 56 kW MIH**T1HN18 MIH56T1HN18 MIH71T1N18 MIH80T1N18 MIH90T1N18 MIH112T1N18 MIH125T1N18 MIH140T1N18 MIH160T1N18 MIH200T1N18 MIH224T1N18 MIH252T1N18 MIH280T1N18 MIH335T1N18 MIH400T1N18 MIH450T1N18 MIH560T1N18 MIDEA - AirRent.ge\" \/>\n<meta property=\"og:description\" content=\"Haute pression statique gainable, V8 Caract\u00e9ristiques du produit  V8 G\u00e9n\u00e9ration gainable, int\u00e9rieur Unit\u00e9  Technologie Inverter 7 vitesses Visualisation du taux de colmatage des filtres ESP adaptatif\u00a0: La pression statique s&#039;ajuste automatiquement pour assurer un d\u00e9bit d&#039;air constant META 2\u00a0: Efficacit\u00e9 am\u00e9lior\u00e9e, refroidissement\/chauffage rapide Hyperlien\u00a0: R\u00e9duction du temps et des co\u00fbts d&#039;installation Zen air 2.0\u00a0: Gestion multifonctionnelle du flux d&#039;air Fonction de nettoyage automatique de l&#039;\u00e9changeur de chaleur Fonctionnement silencieux\" \/>\n<meta property=\"og:url\" content=\"https:\/\/airrent.ge\/fr\/produit\/vrf-system-indoor-unit-ducted-high-static-pressure-duct-v8-5-6-56-kw-miht1hn18-mih56t1hn18-mih71t1n18-mih80t1n18-mih90t1n18-mih112t1n18-mih125t1n18-mih140t1n18-mih160t1n18-mih200t1n18-mih224t1n1\/\" \/>\n<meta property=\"og:site_name\" content=\"AirRent.ge\" \/>\n<meta property=\"article:modified_time\" content=\"2025-10-18T12:57:46+00:00\" \/>\n<meta property=\"og:image\" content=\"https:\/\/airrent.ge\/wp-content\/uploads\/2025\/10\/V8-HIGH-STATIC-PRESSURE-DUCT-20-33.5KW-BEHIND_RESULT.webp\" \/>\n\t<meta property=\"og:image:width\" content=\"784\" \/>\n\t<meta property=\"og:image:height\" content=\"441\" \/>\n\t<meta property=\"og:image:type\" content=\"image\/webp\" \/>\n<meta name=\"twitter:card\" content=\"summary_large_image\" \/>\n<script type=\"application\/ld+json\" class=\"yoast-schema-graph\">{\"@context\":\"https:\/\/schema.org\",\"@graph\":[{\"@type\":\"WebPage\",\"@id\":\"https:\/\/airrent.ge\/fr\/produit\/vrf-system-indoor-unit-ducted-high-static-pressure-duct-v8-5-6-56-kw-miht1hn18-mih56t1hn18-mih71t1n18-mih80t1n18-mih90t1n18-mih112t1n18-mih125t1n18-mih140t1n18-mih160t1n18-mih200t1n18-mih224t1n1\/\",\"url\":\"https:\/\/airrent.ge\/fr\/produit\/vrf-system-indoor-unit-ducted-high-static-pressure-duct-v8-5-6-56-kw-miht1hn18-mih56t1hn18-mih71t1n18-mih80t1n18-mih90t1n18-mih112t1n18-mih125t1n18-mih140t1n18-mih160t1n18-mih200t1n18-mih224t1n1\/\",\"name\":\"Syst\u00e8me VRF Unit\u00e9 int\u00e9rieure gainable Haute pression statique gainable, V8 5,6 - 56 kW MIH**T1HN18 MIH56T1HN18 MIH71T1N18 MIH80T1N18 MIH90T1N18 MIH112T1N18 MIH125T1N18 MIH140T1N18 MIH160T1N18 MIH200T1N18 MIH224T1N18 MIH252T1N18 MIH280T1N18 MIH335T1N18 MIH400T1N18 MIH450T1N18 MIH560T1N18 MIDEA - AirRent.ge\",\"isPartOf\":{\"@id\":\"https:\/\/airrent.ge\/#website\"},\"primaryImageOfPage\":{\"@id\":\"https:\/\/airrent.ge\/fr\/produit\/vrf-system-indoor-unit-ducted-high-static-pressure-duct-v8-5-6-56-kw-miht1hn18-mih56t1hn18-mih71t1n18-mih80t1n18-mih90t1n18-mih112t1n18-mih125t1n18-mih140t1n18-mih160t1n18-mih200t1n18-mih224t1n1\/#primaryimage\"},\"image\":{\"@id\":\"https:\/\/airrent.ge\/fr\/produit\/vrf-system-indoor-unit-ducted-high-static-pressure-duct-v8-5-6-56-kw-miht1hn18-mih56t1hn18-mih71t1n18-mih80t1n18-mih90t1n18-mih112t1n18-mih125t1n18-mih140t1n18-mih160t1n18-mih200t1n18-mih224t1n1\/#primaryimage\"},\"thumbnailUrl\":\"https:\/\/airrent.ge\/wp-content\/uploads\/2025\/10\/V8-HIGH-STATIC-PRESSURE-DUCT-20-33.5KW-BEHIND_RESULT.webp\",\"datePublished\":\"2025-10-18T12:52:13+00:00\",\"dateModified\":\"2025-10-18T12:57:46+00:00\",\"breadcrumb\":{\"@id\":\"https:\/\/airrent.ge\/fr\/produit\/vrf-system-indoor-unit-ducted-high-static-pressure-duct-v8-5-6-56-kw-miht1hn18-mih56t1hn18-mih71t1n18-mih80t1n18-mih90t1n18-mih112t1n18-mih125t1n18-mih140t1n18-mih160t1n18-mih200t1n18-mih224t1n1\/#breadcrumb\"},\"inLanguage\":\"fr-FR\",\"potentialAction\":[{\"@type\":\"ReadAction\",\"target\":[\"https:\/\/airrent.ge\/fr\/produit\/vrf-system-indoor-unit-ducted-high-static-pressure-duct-v8-5-6-56-kw-miht1hn18-mih56t1hn18-mih71t1n18-mih80t1n18-mih90t1n18-mih112t1n18-mih125t1n18-mih140t1n18-mih160t1n18-mih200t1n18-mih224t1n1\/\"]}]},{\"@type\":\"ImageObject\",\"inLanguage\":\"fr-FR\",\"@id\":\"https:\/\/airrent.ge\/fr\/produit\/vrf-system-indoor-unit-ducted-high-static-pressure-duct-v8-5-6-56-kw-miht1hn18-mih56t1hn18-mih71t1n18-mih80t1n18-mih90t1n18-mih112t1n18-mih125t1n18-mih140t1n18-mih160t1n18-mih200t1n18-mih224t1n1\/#primaryimage\",\"url\":\"https:\/\/airrent.ge\/wp-content\/uploads\/2025\/10\/V8-HIGH-STATIC-PRESSURE-DUCT-20-33.5KW-BEHIND_RESULT.webp\",\"contentUrl\":\"https:\/\/airrent.ge\/wp-content\/uploads\/2025\/10\/V8-HIGH-STATIC-PRESSURE-DUCT-20-33.5KW-BEHIND_RESULT.webp\",\"width\":784,\"height\":441},{\"@type\":\"BreadcrumbList\",\"@id\":\"https:\/\/airrent.ge\/fr\/produit\/vrf-system-indoor-unit-ducted-high-static-pressure-duct-v8-5-6-56-kw-miht1hn18-mih56t1hn18-mih71t1n18-mih80t1n18-mih90t1n18-mih112t1n18-mih125t1n18-mih140t1n18-mih160t1n18-mih200t1n18-mih224t1n1\/#breadcrumb\",\"itemListElement\":[{\"@type\":\"ListItem\",\"position\":1,\"name\":\"Home\",\"item\":\"https:\/\/airrent.ge\/fr\/home\/\"},{\"@type\":\"ListItem\",\"position\":2,\"name\":\"Products\",\"item\":\"https:\/\/airrent.ge\/fr\/products\/\"},{\"@type\":\"ListItem\",\"position\":3,\"name\":\"Syst\u00e8me VRF Unit\u00e9 int\u00e9rieure gainable Haute pression statique gainable, V8 5,6 &#8211; 56 kW MIH**T1HN18 MIH56T1HN18 MIH71T1N18 MIH80T1N18 MIH90T1N18 MIH112T1N18 MIH125T1N18 MIH140T1N18 MIH160T1N18 MIH200T1N18 MIH224T1N18 MIH252T1N18 MIH280T1N18 MIH335T1N18 MIH400T1N18 MIH450T1N18 MIH560T1N18 MIDEA\"}]},{\"@type\":\"WebSite\",\"@id\":\"https:\/\/airrent.ge\/#website\",\"url\":\"https:\/\/airrent.ge\/\",\"name\":\"airrent.ge\",\"description\":\"Rental Services\",\"publisher\":{\"@id\":\"https:\/\/airrent.ge\/#organization\"},\"potentialAction\":[{\"@type\":\"SearchAction\",\"target\":{\"@type\":\"EntryPoint\",\"urlTemplate\":\"https:\/\/airrent.ge\/?s={search_term_string}\"},\"query-input\":{\"@type\":\"PropertyValueSpecification\",\"valueRequired\":true,\"valueName\":\"search_term_string\"}}],\"inLanguage\":\"fr-FR\"},{\"@type\":\"Organization\",\"@id\":\"https:\/\/airrent.ge\/#organization\",\"name\":\"airrent.ge\",\"url\":\"https:\/\/airrent.ge\/\",\"logo\":{\"@type\":\"ImageObject\",\"inLanguage\":\"fr-FR\",\"@id\":\"https:\/\/airrent.ge\/#\/schema\/logo\/image\/\",\"url\":\"https:\/\/airrent.ge\/wp-content\/uploads\/2026\/03\/airrent.png\",\"contentUrl\":\"https:\/\/airrent.ge\/wp-content\/uploads\/2026\/03\/airrent.png\",\"width\":1536,\"height\":1024,\"caption\":\"airrent.ge\"},\"image\":{\"@id\":\"https:\/\/airrent.ge\/#\/schema\/logo\/image\/\"}}]}<\/script>\n<!-- \/ Yoast SEO plugin. -->","yoast_head_json":{"title":"Syst\u00e8me VRF Unit\u00e9 int\u00e9rieure gainable Haute pression statique gainable, V8 5,6 - 56 kW MIH**T1HN18 MIH56T1HN18 MIH71T1N18 MIH80T1N18 MIH90T1N18 MIH112T1N18 MIH125T1N18 MIH140T1N18 MIH160T1N18 MIH200T1N18 MIH224T1N18 MIH252T1N18 MIH280T1N18 MIH335T1N18 MIH400T1N18 MIH450T1N18 MIH560T1N18 MIDEA - AirRent.ge","robots":{"index":"index","follow":"follow","max-snippet":"max-snippet:-1","max-image-preview":"max-image-preview:large","max-video-preview":"max-video-preview:-1"},"canonical":"https:\/\/airrent.ge\/fr\/produit\/vrf-system-indoor-unit-ducted-high-static-pressure-duct-v8-5-6-56-kw-miht1hn18-mih56t1hn18-mih71t1n18-mih80t1n18-mih90t1n18-mih112t1n18-mih125t1n18-mih140t1n18-mih160t1n18-mih200t1n18-mih224t1n1\/","og_locale":"fr_FR","og_type":"article","og_title":"Syst\u00e8me VRF Unit\u00e9 int\u00e9rieure gainable Haute pression statique gainable, V8 5,6 - 56 kW MIH**T1HN18 MIH56T1HN18 MIH71T1N18 MIH80T1N18 MIH90T1N18 MIH112T1N18 MIH125T1N18 MIH140T1N18 MIH160T1N18 MIH200T1N18 MIH224T1N18 MIH252T1N18 MIH280T1N18 MIH335T1N18 MIH400T1N18 MIH450T1N18 MIH560T1N18 MIDEA - AirRent.ge","og_description":"Haute pression statique gainable, V8 Caract\u00e9ristiques du produit  V8 G\u00e9n\u00e9ration gainable, int\u00e9rieur Unit\u00e9  Technologie Inverter 7 vitesses Visualisation du taux de colmatage des filtres ESP adaptatif\u00a0: La pression statique s'ajuste automatiquement pour assurer un d\u00e9bit d'air constant META 2\u00a0: Efficacit\u00e9 am\u00e9lior\u00e9e, refroidissement\/chauffage rapide Hyperlien\u00a0: R\u00e9duction du temps et des co\u00fbts d'installation Zen air 2.0\u00a0: Gestion multifonctionnelle du flux d'air Fonction de nettoyage automatique de l'\u00e9changeur de chaleur Fonctionnement silencieux","og_url":"https:\/\/airrent.ge\/fr\/produit\/vrf-system-indoor-unit-ducted-high-static-pressure-duct-v8-5-6-56-kw-miht1hn18-mih56t1hn18-mih71t1n18-mih80t1n18-mih90t1n18-mih112t1n18-mih125t1n18-mih140t1n18-mih160t1n18-mih200t1n18-mih224t1n1\/","og_site_name":"AirRent.ge","article_modified_time":"2025-10-18T12:57:46+00:00","og_image":[{"width":784,"height":441,"url":"https:\/\/airrent.ge\/wp-content\/uploads\/2025\/10\/V8-HIGH-STATIC-PRESSURE-DUCT-20-33.5KW-BEHIND_RESULT.webp","type":"image\/webp"}],"twitter_card":"summary_large_image","schema":{"@context":"https:\/\/schema.org","@graph":[{"@type":"WebPage","@id":"https:\/\/airrent.ge\/fr\/produit\/vrf-system-indoor-unit-ducted-high-static-pressure-duct-v8-5-6-56-kw-miht1hn18-mih56t1hn18-mih71t1n18-mih80t1n18-mih90t1n18-mih112t1n18-mih125t1n18-mih140t1n18-mih160t1n18-mih200t1n18-mih224t1n1\/","url":"https:\/\/airrent.ge\/fr\/produit\/vrf-system-indoor-unit-ducted-high-static-pressure-duct-v8-5-6-56-kw-miht1hn18-mih56t1hn18-mih71t1n18-mih80t1n18-mih90t1n18-mih112t1n18-mih125t1n18-mih140t1n18-mih160t1n18-mih200t1n18-mih224t1n1\/","name":"Syst\u00e8me VRF Unit\u00e9 int\u00e9rieure gainable Haute pression statique gainable, V8 5,6 - 56 kW MIH**T1HN18 MIH56T1HN18 MIH71T1N18 MIH80T1N18 MIH90T1N18 MIH112T1N18 MIH125T1N18 MIH140T1N18 MIH160T1N18 MIH200T1N18 MIH224T1N18 MIH252T1N18 MIH280T1N18 MIH335T1N18 MIH400T1N18 MIH450T1N18 MIH560T1N18 MIDEA - AirRent.ge","isPartOf":{"@id":"https:\/\/airrent.ge\/#website"},"primaryImageOfPage":{"@id":"https:\/\/airrent.ge\/fr\/produit\/vrf-system-indoor-unit-ducted-high-static-pressure-duct-v8-5-6-56-kw-miht1hn18-mih56t1hn18-mih71t1n18-mih80t1n18-mih90t1n18-mih112t1n18-mih125t1n18-mih140t1n18-mih160t1n18-mih200t1n18-mih224t1n1\/#primaryimage"},"image":{"@id":"https:\/\/airrent.ge\/fr\/produit\/vrf-system-indoor-unit-ducted-high-static-pressure-duct-v8-5-6-56-kw-miht1hn18-mih56t1hn18-mih71t1n18-mih80t1n18-mih90t1n18-mih112t1n18-mih125t1n18-mih140t1n18-mih160t1n18-mih200t1n18-mih224t1n1\/#primaryimage"},"thumbnailUrl":"https:\/\/airrent.ge\/wp-content\/uploads\/2025\/10\/V8-HIGH-STATIC-PRESSURE-DUCT-20-33.5KW-BEHIND_RESULT.webp","datePublished":"2025-10-18T12:52:13+00:00","dateModified":"2025-10-18T12:57:46+00:00","breadcrumb":{"@id":"https:\/\/airrent.ge\/fr\/produit\/vrf-system-indoor-unit-ducted-high-static-pressure-duct-v8-5-6-56-kw-miht1hn18-mih56t1hn18-mih71t1n18-mih80t1n18-mih90t1n18-mih112t1n18-mih125t1n18-mih140t1n18-mih160t1n18-mih200t1n18-mih224t1n1\/#breadcrumb"},"inLanguage":"fr-FR","potentialAction":[{"@type":"ReadAction","target":["https:\/\/airrent.ge\/fr\/produit\/vrf-system-indoor-unit-ducted-high-static-pressure-duct-v8-5-6-56-kw-miht1hn18-mih56t1hn18-mih71t1n18-mih80t1n18-mih90t1n18-mih112t1n18-mih125t1n18-mih140t1n18-mih160t1n18-mih200t1n18-mih224t1n1\/"]}]},{"@type":"ImageObject","inLanguage":"fr-FR","@id":"https:\/\/airrent.ge\/fr\/produit\/vrf-system-indoor-unit-ducted-high-static-pressure-duct-v8-5-6-56-kw-miht1hn18-mih56t1hn18-mih71t1n18-mih80t1n18-mih90t1n18-mih112t1n18-mih125t1n18-mih140t1n18-mih160t1n18-mih200t1n18-mih224t1n1\/#primaryimage","url":"https:\/\/airrent.ge\/wp-content\/uploads\/2025\/10\/V8-HIGH-STATIC-PRESSURE-DUCT-20-33.5KW-BEHIND_RESULT.webp","contentUrl":"https:\/\/airrent.ge\/wp-content\/uploads\/2025\/10\/V8-HIGH-STATIC-PRESSURE-DUCT-20-33.5KW-BEHIND_RESULT.webp","width":784,"height":441},{"@type":"BreadcrumbList","@id":"https:\/\/airrent.ge\/fr\/produit\/vrf-system-indoor-unit-ducted-high-static-pressure-duct-v8-5-6-56-kw-miht1hn18-mih56t1hn18-mih71t1n18-mih80t1n18-mih90t1n18-mih112t1n18-mih125t1n18-mih140t1n18-mih160t1n18-mih200t1n18-mih224t1n1\/#breadcrumb","itemListElement":[{"@type":"ListItem","position":1,"name":"Home","item":"https:\/\/airrent.ge\/fr\/home\/"},{"@type":"ListItem","position":2,"name":"Products","item":"https:\/\/airrent.ge\/fr\/products\/"},{"@type":"ListItem","position":3,"name":"Syst\u00e8me VRF Unit\u00e9 int\u00e9rieure gainable Haute pression statique gainable, V8 5,6 &#8211; 56 kW MIH**T1HN18 MIH56T1HN18 MIH71T1N18 MIH80T1N18 MIH90T1N18 MIH112T1N18 MIH125T1N18 MIH140T1N18 MIH160T1N18 MIH200T1N18 MIH224T1N18 MIH252T1N18 MIH280T1N18 MIH335T1N18 MIH400T1N18 MIH450T1N18 MIH560T1N18 MIDEA"}]},{"@type":"WebSite","@id":"https:\/\/airrent.ge\/#website","url":"https:\/\/airrent.ge\/","name":"airrent.ge","description":"Rental Services","publisher":{"@id":"https:\/\/airrent.ge\/#organization"},"potentialAction":[{"@type":"SearchAction","target":{"@type":"EntryPoint","urlTemplate":"https:\/\/airrent.ge\/?s={search_term_string}"},"query-input":{"@type":"PropertyValueSpecification","valueRequired":true,"valueName":"search_term_string"}}],"inLanguage":"fr-FR"},{"@type":"Organization","@id":"https:\/\/airrent.ge\/#organization","name":"airrent.ge","url":"https:\/\/airrent.ge\/","logo":{"@type":"ImageObject","inLanguage":"fr-FR","@id":"https:\/\/airrent.ge\/#\/schema\/logo\/image\/","url":"https:\/\/airrent.ge\/wp-content\/uploads\/2026\/03\/airrent.png","contentUrl":"https:\/\/airrent.ge\/wp-content\/uploads\/2026\/03\/airrent.png","width":1536,"height":1024,"caption":"airrent.ge"},"image":{"@id":"https:\/\/airrent.ge\/#\/schema\/logo\/image\/"}}]}},"_links":{"self":[{"href":"https:\/\/airrent.ge\/fr\/wp-json\/wp\/v2\/product\/43122","targetHints":{"allow":["GET"]}}],"collection":[{"href":"https:\/\/airrent.ge\/fr\/wp-json\/wp\/v2\/product"}],"about":[{"href":"https:\/\/airrent.ge\/fr\/wp-json\/wp\/v2\/types\/product"}],"wp:featuredmedia":[{"embeddable":true,"href":"https:\/\/airrent.ge\/fr\/wp-json\/wp\/v2\/media\/43105"}],"wp:attachment":[{"href":"https:\/\/airrent.ge\/fr\/wp-json\/wp\/v2\/media?parent=43122"}],"wp:term":[{"taxonomy":"product_brand","embeddable":true,"href":"https:\/\/airrent.ge\/fr\/wp-json\/wp\/v2\/product_brand?post=43122"},{"taxonomy":"product_cat","embeddable":true,"href":"https:\/\/airrent.ge\/fr\/wp-json\/wp\/v2\/product_cat?post=43122"},{"taxonomy":"product_tag","embeddable":true,"href":"https:\/\/airrent.ge\/fr\/wp-json\/wp\/v2\/product_tag?post=43122"}],"curies":[{"name":"wp","href":"https:\/\/api.w.org\/{rel}","templated":true}]}}