{"id":23806,"date":"2025-02-12T21:59:18","date_gmt":"2025-02-12T17:59:18","guid":{"rendered":"https:\/\/airsystems.ge\/shop\/product\/sound-proofing-lead-membrane-isolfon-pb\/"},"modified":"2025-02-23T21:23:49","modified_gmt":"2025-02-23T17:23:49","slug":"sound-proofing-lead-membrane-isolfon-pb","status":"publish","type":"product","link":"https:\/\/airrent.ge\/hy\/product\/sound-proofing-lead-membrane-isolfon-pb\/","title":{"rendered":"S\u0259sd\u0259n qoruyan qur\u011fu\u015fun membran ISOLfon \u2013 PB"},"content":{"rendered":"<p><img loading=\"lazy\" decoding=\"async\" class=\"size-medium alignright\" src=\"https:\/\/alphacoustic.com\/wp-content\/uploads\/2020\/10\/isolfon-pb-layers.svg\" width=\"300\" height=\"139\" \/><\/p>\n<p>ISOLFON- PB\u00a0qur\u011fu\u015fun s\u0259s-k\u00fcy baryeridir. O, a\u015fa\u011f\u0131 v\u0259 y\u00fcks\u0259k tezlikl\u0259rd\u0259 s\u0259s-k\u00fcy\u00fcn azald\u0131lmas\u0131na nail olmaq \u00fc\u00e7\u00fcn 0,35 \u2013 0,50 mm qal\u0131nl\u0131\u011f\u0131nda qur\u011fu\u015fun t\u0259b\u0259q\u0259 il\u0259 ayr\u0131lm\u0131\u015f iki qat ke\u00e7irm\u0259y\u0259n retikulyar polietilen k\u00f6p\u00fcy\u00fc birl\u0259\u015fdir\u0259r\u0259k haz\u0131rlan\u0131r.<\/p>\n<p>T\u0259tbiq sah\u0259l\u0259ri<\/p>\n<p>Otaqlar\u0131n, m\u00fch\u0259rrik b\u00f6lm\u0259l\u0259rinin, boru k\u0259m\u0259rl\u0259rinin, d\u00f6\u015f\u0259m\u0259l\u0259rin, arak\u0259sm\u0259 divarlar\u0131n\u0131n, mexanizml\u0259rin, \u00fcmumiyy\u0259tl\u0259 borular\u0131n izolyasiyas\u0131.<\/p>\n<p>Qur\u011fu\u015fun t\u0259b\u0259q\u0259si olan ISOLFON PB il\u0259 s\u0259s izolyasiya ed\u0259n membran x\u00fcsusil\u0259 panelin yax\u0131nl\u0131\u011f\u0131nda su v\u0259 ya ya\u011f hiss\u0259cikl\u0259ri olduqda t\u00f6vsiy\u0259 olunur. M\u00fc\u0259yy\u0259n bir m\u00fchit\u0259 s\u0259sin daxil olmas\u0131n\u0131n v\u0259 ya \u00e7\u0131xmas\u0131n\u0131n qar\u015f\u0131s\u0131n\u0131 almaq \u00fc\u00e7\u00fcn m\u00fclki tikilil\u0259rd\u0259 d\u00f6\u015f\u0259m\u0259 alt\u0131nda istifad\u0259 \u00fc\u00e7\u00fcn uy\u011fundur.Antivibrasiya t\u0259b\u0259q\u0259l\u0259ri s\u0131x\u0131lmaya qar\u015f\u0131 y\u00fcks\u0259k m\u00fcqavim\u0259t\u0259 malik y\u00fcks\u0259k elastik k\u00f6p\u00fckd\u0259n ibar\u0259tdir.<\/p>\n<p>Bu material \u0259la s\u0259s izolyasiya x\u00fcsusiyy\u0259tl\u0259rin\u0259 malikdir. Bir \u00e7ox tikinti materiallar\u0131 v\u0259 texnikas\u0131 kifay\u0259t q\u0259d\u0259r s\u0259s s\u00f6n\u00fcml\u0259m\u0259sini t\u0259min etmir. Al\u00e7\u0131pan kimi s\u0259rt t\u0259b\u0259q\u0259 materiallar\u0131 az s\u0259s enerjisini udur, \u00e7\u00fcnki onlar dig\u0259r t\u0259r\u0259fd\u0259n s\u0259si olduqca effektiv \u015f\u0259kild\u0259 titr\u0259m\u0259y\u0259 v\u0259 yenid\u0259n yayma\u011fa meyllidirl\u0259r, lakin\u00a0ISOLFON\u2013\u00a0PB\u00a0istifad\u0259 asanl\u0131\u011f\u0131, s\u00fcr\u0259tli qura\u015fd\u0131rma v\u0259 m\u00fcmk\u00fcn olan \u0259n yax\u015f\u0131 akustik n\u0259tic\u0259l\u0259r t\u0259l\u0259b ed\u0259n layih\u0259l\u0259rd\u0259 optimal h\u0259lldir.<\/p>\n<p>Qura\u015fd\u0131rmalar<\/p>\n<p><a href=\"https:\/\/alphacoustic.com\/en\/?attachment_id=8866\"><img loading=\"lazy\" decoding=\"async\" class=\"size-full wp-image-8866 alignleft\" src=\"https:\/\/alphacoustic.com\/wp-content\/uploads\/2013\/09\/ALPHAproPB-application.jpg\" alt=\"\" width=\"122\" height=\"110\" \/><\/a><\/p>\n<ul>\n<li>Onlar h\u0259r hans\u0131 bir s\u0259th\u0259 t\u0259tbiq oluna bil\u0259r &#8211; d\u00fcz v\u0259 ya \u0259yri.<br \/>\n\u0130dar\u0259etm\u0259 v\u0259 qura\u015fd\u0131rma \u00fc\u00e7\u00fcn x\u00fcsusi al\u0259tl\u0259r\u0259 ehtiyac yoxdur.<br \/>\nOnlar \u015f\u0259rti b\u0131\u00e7aqla \u00f6l\u00e7\u00fc v\u0259 formada k\u0259sil\u0259 bil\u0259r.<br \/>\nOnlar yap\u0131\u015fqan v\u0259 ya mexaniki fiksasiya il\u0259 t\u0259tbiq oluna bil\u0259r.<\/li>\n<\/ul>\n<p>&nbsp;<\/p>\n","protected":false},"excerpt":{"rendered":"<div class=\"summary entry-summary\">\n<div class=\"woocommerce-product-details__short-description\">\n<p>ISOLFON- PB\u00a0qur\u011fu\u015fun s\u0259s-k\u00fcy baryeridir. O, a\u015fa\u011f\u0131 v\u0259 y\u00fcks\u0259k tezlikl\u0259rd\u0259 s\u0259s-k\u00fcy\u00fcn azald\u0131lmas\u0131na nail olmaq \u00fc\u00e7\u00fcn 0,35 \u2013 0,50 mm qal\u0131nl\u0131\u011f\u0131nda qur\u011fu\u015fun t\u0259b\u0259q\u0259 il\u0259 ayr\u0131lm\u0131\u015f iki qat ke\u00e7irm\u0259y\u0259n retikulyar polietilen k\u00f6p\u00fcy\u00fc birl\u0259\u015fdir\u0259r\u0259k haz\u0131rlan\u0131r.<\/p>\n<p>Kateqoriya:\u00a0S\u0259sd\u0259n qorunma<\/p>\n<\/div>\n<\/div>\n","protected":false},"featured_media":22878,"template":"","meta":[],"product_brand":[],"product_cat":[803],"product_tag":[],"class_list":{"0":"post-23806","1":"product","2":"type-product","3":"status-publish","4":"has-post-thumbnail","6":"product_cat-803","8":"first","9":"instock","10":"shipping-taxable","11":"product-type-simple"},"yoast_head":"<!-- This site is optimized with the Yoast SEO plugin v27.1.1 - https:\/\/yoast.com\/product\/yoast-seo-wordpress\/ -->\n<title>S\u0259sd\u0259n qoruyan qur\u011fu\u015fun membran ISOLfon \u2013 PB - AirRent.ge<\/title>\n<meta name=\"robots\" content=\"index, follow, max-snippet:-1, max-image-preview:large, max-video-preview:-1\" \/>\n<link rel=\"canonical\" href=\"https:\/\/airrent.ge\/hy\/product\/sound-proofing-lead-membrane-isolfon-pb\/\" \/>\n<meta property=\"og:locale\" content=\"hy_AM\" \/>\n<meta property=\"og:type\" content=\"article\" \/>\n<meta property=\"og:title\" content=\"S\u0259sd\u0259n qoruyan qur\u011fu\u015fun membran ISOLfon \u2013 PB - AirRent.ge\" \/>\n<meta property=\"og:description\" content=\"ISOLFON- PB\u00a0qur\u011fu\u015fun s\u0259s-k\u00fcy baryeridir. O, a\u015fa\u011f\u0131 v\u0259 y\u00fcks\u0259k tezlikl\u0259rd\u0259 s\u0259s-k\u00fcy\u00fcn azald\u0131lmas\u0131na nail olmaq \u00fc\u00e7\u00fcn 0,35 \u2013 0,50 mm qal\u0131nl\u0131\u011f\u0131nda qur\u011fu\u015fun t\u0259b\u0259q\u0259 il\u0259 ayr\u0131lm\u0131\u015f iki qat ke\u00e7irm\u0259y\u0259n retikulyar polietilen k\u00f6p\u00fcy\u00fc birl\u0259\u015fdir\u0259r\u0259k haz\u0131rlan\u0131r.  Kateqoriya:\u00a0S\u0259sd\u0259n qorunma\" \/>\n<meta property=\"og:url\" content=\"https:\/\/airrent.ge\/hy\/product\/sound-proofing-lead-membrane-isolfon-pb\/\" \/>\n<meta property=\"og:site_name\" content=\"AirRent.ge\" \/>\n<meta property=\"article:modified_time\" content=\"2025-02-23T17:23:49+00:00\" \/>\n<meta property=\"og:image\" content=\"https:\/\/airrent.ge\/wp-content\/uploads\/2025\/02\/isoflon-pb.jpg\" \/>\n\t<meta property=\"og:image:width\" content=\"527\" \/>\n\t<meta property=\"og:image:height\" content=\"377\" \/>\n\t<meta property=\"og:image:type\" content=\"image\/jpeg\" \/>\n<meta name=\"twitter:card\" content=\"summary_large_image\" \/>\n<meta name=\"twitter:label1\" content=\"Est. reading time\" \/>\n\t<meta name=\"twitter:data1\" content=\"2 minutes\" \/>\n<script type=\"application\/ld+json\" class=\"yoast-schema-graph\">{\"@context\":\"https:\/\/schema.org\",\"@graph\":[{\"@type\":\"WebPage\",\"@id\":\"https:\/\/airrent.ge\/hy\/product\/sound-proofing-lead-membrane-isolfon-pb\/\",\"url\":\"https:\/\/airrent.ge\/hy\/product\/sound-proofing-lead-membrane-isolfon-pb\/\",\"name\":\"S\u0259sd\u0259n qoruyan qur\u011fu\u015fun membran ISOLfon \u2013 PB - AirRent.ge\",\"isPartOf\":{\"@id\":\"https:\/\/airrent.ge\/#website\"},\"primaryImageOfPage\":{\"@id\":\"https:\/\/airrent.ge\/hy\/product\/sound-proofing-lead-membrane-isolfon-pb\/#primaryimage\"},\"image\":{\"@id\":\"https:\/\/airrent.ge\/hy\/product\/sound-proofing-lead-membrane-isolfon-pb\/#primaryimage\"},\"thumbnailUrl\":\"https:\/\/airrent.ge\/wp-content\/uploads\/2025\/02\/isoflon-pb.jpg\",\"datePublished\":\"2025-02-12T17:59:18+00:00\",\"dateModified\":\"2025-02-23T17:23:49+00:00\",\"breadcrumb\":{\"@id\":\"https:\/\/airrent.ge\/hy\/product\/sound-proofing-lead-membrane-isolfon-pb\/#breadcrumb\"},\"inLanguage\":\"hy-AM\",\"potentialAction\":[{\"@type\":\"ReadAction\",\"target\":[\"https:\/\/airrent.ge\/hy\/product\/sound-proofing-lead-membrane-isolfon-pb\/\"]}]},{\"@type\":\"ImageObject\",\"inLanguage\":\"hy-AM\",\"@id\":\"https:\/\/airrent.ge\/hy\/product\/sound-proofing-lead-membrane-isolfon-pb\/#primaryimage\",\"url\":\"https:\/\/airrent.ge\/wp-content\/uploads\/2025\/02\/isoflon-pb.jpg\",\"contentUrl\":\"https:\/\/airrent.ge\/wp-content\/uploads\/2025\/02\/isoflon-pb.jpg\",\"width\":527,\"height\":377},{\"@type\":\"BreadcrumbList\",\"@id\":\"https:\/\/airrent.ge\/hy\/product\/sound-proofing-lead-membrane-isolfon-pb\/#breadcrumb\",\"itemListElement\":[{\"@type\":\"ListItem\",\"position\":1,\"name\":\"Home\",\"item\":\"https:\/\/airrent.ge\/hy\/home\/\"},{\"@type\":\"ListItem\",\"position\":2,\"name\":\"\u0531\u057a\u0580\u0561\u0576\u0584\u0576\u0565\u0580\",\"item\":\"https:\/\/airrent.ge\/hy\/products\/\"},{\"@type\":\"ListItem\",\"position\":3,\"name\":\"S\u0259sd\u0259n qoruyan qur\u011fu\u015fun membran ISOLfon \u2013 PB\"}]},{\"@type\":\"WebSite\",\"@id\":\"https:\/\/airrent.ge\/#website\",\"url\":\"https:\/\/airrent.ge\/\",\"name\":\"airrent.ge\",\"description\":\"Rental Services\",\"publisher\":{\"@id\":\"https:\/\/airrent.ge\/#organization\"},\"potentialAction\":[{\"@type\":\"SearchAction\",\"target\":{\"@type\":\"EntryPoint\",\"urlTemplate\":\"https:\/\/airrent.ge\/?s={search_term_string}\"},\"query-input\":{\"@type\":\"PropertyValueSpecification\",\"valueRequired\":true,\"valueName\":\"search_term_string\"}}],\"inLanguage\":\"hy-AM\"},{\"@type\":\"Organization\",\"@id\":\"https:\/\/airrent.ge\/#organization\",\"name\":\"airrent.ge\",\"url\":\"https:\/\/airrent.ge\/\",\"logo\":{\"@type\":\"ImageObject\",\"inLanguage\":\"hy-AM\",\"@id\":\"https:\/\/airrent.ge\/#\/schema\/logo\/image\/\",\"url\":\"https:\/\/airrent.ge\/wp-content\/uploads\/2026\/03\/airrent.png\",\"contentUrl\":\"https:\/\/airrent.ge\/wp-content\/uploads\/2026\/03\/airrent.png\",\"width\":1536,\"height\":1024,\"caption\":\"airrent.ge\"},\"image\":{\"@id\":\"https:\/\/airrent.ge\/#\/schema\/logo\/image\/\"}}]}<\/script>\n<!-- \/ Yoast SEO plugin. -->","yoast_head_json":{"title":"S\u0259sd\u0259n qoruyan qur\u011fu\u015fun membran ISOLfon \u2013 PB - AirRent.ge","robots":{"index":"index","follow":"follow","max-snippet":"max-snippet:-1","max-image-preview":"max-image-preview:large","max-video-preview":"max-video-preview:-1"},"canonical":"https:\/\/airrent.ge\/hy\/product\/sound-proofing-lead-membrane-isolfon-pb\/","og_locale":"hy_AM","og_type":"article","og_title":"S\u0259sd\u0259n qoruyan qur\u011fu\u015fun membran ISOLfon \u2013 PB - AirRent.ge","og_description":"ISOLFON- PB\u00a0qur\u011fu\u015fun s\u0259s-k\u00fcy baryeridir. O, a\u015fa\u011f\u0131 v\u0259 y\u00fcks\u0259k tezlikl\u0259rd\u0259 s\u0259s-k\u00fcy\u00fcn azald\u0131lmas\u0131na nail olmaq \u00fc\u00e7\u00fcn 0,35 \u2013 0,50 mm qal\u0131nl\u0131\u011f\u0131nda qur\u011fu\u015fun t\u0259b\u0259q\u0259 il\u0259 ayr\u0131lm\u0131\u015f iki qat ke\u00e7irm\u0259y\u0259n retikulyar polietilen k\u00f6p\u00fcy\u00fc birl\u0259\u015fdir\u0259r\u0259k haz\u0131rlan\u0131r.  Kateqoriya:\u00a0S\u0259sd\u0259n qorunma","og_url":"https:\/\/airrent.ge\/hy\/product\/sound-proofing-lead-membrane-isolfon-pb\/","og_site_name":"AirRent.ge","article_modified_time":"2025-02-23T17:23:49+00:00","og_image":[{"width":527,"height":377,"url":"https:\/\/airrent.ge\/wp-content\/uploads\/2025\/02\/isoflon-pb.jpg","type":"image\/jpeg"}],"twitter_card":"summary_large_image","twitter_misc":{"Est. reading time":"2 minutes"},"schema":{"@context":"https:\/\/schema.org","@graph":[{"@type":"WebPage","@id":"https:\/\/airrent.ge\/hy\/product\/sound-proofing-lead-membrane-isolfon-pb\/","url":"https:\/\/airrent.ge\/hy\/product\/sound-proofing-lead-membrane-isolfon-pb\/","name":"S\u0259sd\u0259n qoruyan qur\u011fu\u015fun membran ISOLfon \u2013 PB - AirRent.ge","isPartOf":{"@id":"https:\/\/airrent.ge\/#website"},"primaryImageOfPage":{"@id":"https:\/\/airrent.ge\/hy\/product\/sound-proofing-lead-membrane-isolfon-pb\/#primaryimage"},"image":{"@id":"https:\/\/airrent.ge\/hy\/product\/sound-proofing-lead-membrane-isolfon-pb\/#primaryimage"},"thumbnailUrl":"https:\/\/airrent.ge\/wp-content\/uploads\/2025\/02\/isoflon-pb.jpg","datePublished":"2025-02-12T17:59:18+00:00","dateModified":"2025-02-23T17:23:49+00:00","breadcrumb":{"@id":"https:\/\/airrent.ge\/hy\/product\/sound-proofing-lead-membrane-isolfon-pb\/#breadcrumb"},"inLanguage":"hy-AM","potentialAction":[{"@type":"ReadAction","target":["https:\/\/airrent.ge\/hy\/product\/sound-proofing-lead-membrane-isolfon-pb\/"]}]},{"@type":"ImageObject","inLanguage":"hy-AM","@id":"https:\/\/airrent.ge\/hy\/product\/sound-proofing-lead-membrane-isolfon-pb\/#primaryimage","url":"https:\/\/airrent.ge\/wp-content\/uploads\/2025\/02\/isoflon-pb.jpg","contentUrl":"https:\/\/airrent.ge\/wp-content\/uploads\/2025\/02\/isoflon-pb.jpg","width":527,"height":377},{"@type":"BreadcrumbList","@id":"https:\/\/airrent.ge\/hy\/product\/sound-proofing-lead-membrane-isolfon-pb\/#breadcrumb","itemListElement":[{"@type":"ListItem","position":1,"name":"Home","item":"https:\/\/airrent.ge\/hy\/home\/"},{"@type":"ListItem","position":2,"name":"\u0531\u057a\u0580\u0561\u0576\u0584\u0576\u0565\u0580","item":"https:\/\/airrent.ge\/hy\/products\/"},{"@type":"ListItem","position":3,"name":"S\u0259sd\u0259n qoruyan qur\u011fu\u015fun membran ISOLfon \u2013 PB"}]},{"@type":"WebSite","@id":"https:\/\/airrent.ge\/#website","url":"https:\/\/airrent.ge\/","name":"airrent.ge","description":"Rental Services","publisher":{"@id":"https:\/\/airrent.ge\/#organization"},"potentialAction":[{"@type":"SearchAction","target":{"@type":"EntryPoint","urlTemplate":"https:\/\/airrent.ge\/?s={search_term_string}"},"query-input":{"@type":"PropertyValueSpecification","valueRequired":true,"valueName":"search_term_string"}}],"inLanguage":"hy-AM"},{"@type":"Organization","@id":"https:\/\/airrent.ge\/#organization","name":"airrent.ge","url":"https:\/\/airrent.ge\/","logo":{"@type":"ImageObject","inLanguage":"hy-AM","@id":"https:\/\/airrent.ge\/#\/schema\/logo\/image\/","url":"https:\/\/airrent.ge\/wp-content\/uploads\/2026\/03\/airrent.png","contentUrl":"https:\/\/airrent.ge\/wp-content\/uploads\/2026\/03\/airrent.png","width":1536,"height":1024,"caption":"airrent.ge"},"image":{"@id":"https:\/\/airrent.ge\/#\/schema\/logo\/image\/"}}]}},"_links":{"self":[{"href":"https:\/\/airrent.ge\/hy\/wp-json\/wp\/v2\/product\/23806","targetHints":{"allow":["GET"]}}],"collection":[{"href":"https:\/\/airrent.ge\/hy\/wp-json\/wp\/v2\/product"}],"about":[{"href":"https:\/\/airrent.ge\/hy\/wp-json\/wp\/v2\/types\/product"}],"wp:featuredmedia":[{"embeddable":true,"href":"https:\/\/airrent.ge\/hy\/wp-json\/wp\/v2\/media\/22878"}],"wp:attachment":[{"href":"https:\/\/airrent.ge\/hy\/wp-json\/wp\/v2\/media?parent=23806"}],"wp:term":[{"taxonomy":"product_brand","embeddable":true,"href":"https:\/\/airrent.ge\/hy\/wp-json\/wp\/v2\/product_brand?post=23806"},{"taxonomy":"product_cat","embeddable":true,"href":"https:\/\/airrent.ge\/hy\/wp-json\/wp\/v2\/product_cat?post=23806"},{"taxonomy":"product_tag","embeddable":true,"href":"https:\/\/airrent.ge\/hy\/wp-json\/wp\/v2\/product_tag?post=23806"}],"curies":[{"name":"wp","href":"https:\/\/api.w.org\/{rel}","templated":true}]}}